{"id":13364,"date":"2025-06-11T13:47:18","date_gmt":"2025-06-11T13:47:18","guid":{"rendered":"https:\/\/idi.no\/about\/overview\/"},"modified":"2025-11-11T21:28:48","modified_gmt":"2025-11-11T21:28:48","slug":"overview","status":"publish","type":"page","link":"https:\/\/idi.no\/es\/about\/overview\/","title":{"rendered":"Nuestra Historia, Misi\u00f3n y Visi\u00f3n"},"content":{"rendered":"\n<div  class=\"hero-block \" >\n\t<div class=\"hero-block__container container\">\n\t\t<div class=\"hero-block__content\">\n\t\t\t\t\t\t\t<div class=\"hero-block__breadcrumbs breadcrumbs\">\n\t\t\t\t\t<span><span><a href=\"https:\/\/idi.no\/es\/\">Home<\/a><\/span><\/span>\t\t\t\t<\/div>\n\t\t\t\t\t\t\t\t\t\t<h1 class=\"hero-block__title\">\n\t\t\t\t\tNuestra Historia, Misi\u00f3n y Visi\u00f3n\t\t\t\t<\/h1>\n\t\t\t\t\t\t\t\t\t\t\t\t\t<div class=\"hero-block__description\">\n\t\t\t\t\tEl mandato de IDI es apoyar a las Entidades Fiscalizadoras Superiores (EFS) en los pa\u00edses en desarrollo para mejorar de forma sostenible su desempe\u00f1o y capacidades.\t\t\t\t<\/div>\n\t\t\t\n\t\t<\/div>\n\t\t\t<\/div>\n<\/div>\n\r\n<div  class=\"text-only-block \"> <!-- Removed undefined $style (before: echoed $style) -->\r\n    <div class=\"text-only-block__container container\">\r\n        \r\n        \r\n        \r\n            <\/div>\r\n<\/div>\n<div  class=\"text-and-media-block  block-image-align--right with-circles\" >\n\t<div class=\"text-and-media-block__container container\">\n\t\t<div class=\"text-and-media-block__col\">\n\n\t\t\t\t\t\t\t\t\t\t\t\t\t<h2 class=\"text-and-media-block__title\">\n\t\t\t\t\tNuestra misi\u00f3n\t\t\t\t<\/h2>\n\t\t\t\t\t\t\t\t\t\t\t\t\t<div class=\"text-and-media-block__description\">\n\t\t\t\t\t<p>La Iniciativa para el Desarrollo de la INTOSAI (IDI) apoya a las Entidades Fiscalizadoras Superiores (EFS) de los pa\u00edses en desarrollo para mejorar de forma sostenible su rendimiento y sus capacidades. Formamos parte de la Organizaci\u00f3n Internacional de Entidades Fiscalizadoras Superiores (INTOSAI) y trabajamos junto con los Comit\u00e9s de Objetivos de la INTOSAI, las Organizaciones Regionales, las EFS y otros socios e interesados para lograr EFS independientes, bien gobernadas, profesionales y relevantes. <\/p>\n<p>Formamos parte de la Organizaci\u00f3n Internacional de Entidades Fiscalizadoras Superiores (INTOSAI) y trabajamos junto con los Comit\u00e9s de Objetivos de la INTOSAI, las Organizaciones Regionales, las EFS y otros socios e interesados para lograr EFS independientes, bien gobernadas, profesionales y relevantes.<\/p>\n\t\t\t\t<\/div>\n\t\t\t\n\t\t\t<div class=\"text-and-media-block__button-list\">\n\t\t\t\n\t\t\t\t\t\t<\/div>\n\t\t<\/div>\n\t\t\t\t    <div class=\"text-and-media-block__col\">\n\t\t\t\t<div class=\"text-and-media-block__image\">\n\t\t\t\t\t<img decoding=\"async\" src=\"https:\/\/idi.no\/wp-content\/uploads\/2025\/10\/mission.png\" alt=\"\">\n\t\t\t\t<\/div>\n\t\t\t<\/div>\n\t\t\t\t<\/div>\n<\/div>\n\n<div  class=\"text-and-media-block  block-image-align--left with-circles\" >\n\t<div class=\"text-and-media-block__container container\">\n\t\t<div class=\"text-and-media-block__col\">\n\n\t\t\t\t\t\t\t\t\t\t\t\t\t<h2 class=\"text-and-media-block__title\">\n\t\t\t\t\tNuestra visi\u00f3n\t\t\t\t<\/h2>\n\t\t\t\t\t\t\t\t\t\t<div class=\"text-and-media-block__subtitle\">\n\t\t\t\t\tEFS independientes, cre\u00edbles y sostenibles para mejores sociedades y vidas mejoradas.\t\t\t\t<\/div>\n\t\t\t\t\t\t\n\t\t\t<div class=\"text-and-media-block__button-list\">\n\t\t\t\n\t\t\t\t\t\t<\/div>\n\t\t<\/div>\n\t\t\t\t    <div class=\"text-and-media-block__col\">\n\t\t\t\t<div class=\"text-and-media-block__image\">\n\t\t\t\t\t<img decoding=\"async\" src=\"https:\/\/idi.no\/wp-content\/uploads\/2025\/10\/AdobeStock_1209656762-scaled.jpeg\" alt=\"\">\n\t\t\t\t<\/div>\n\t\t\t<\/div>\n\t\t\t\t<\/div>\n<\/div>\n\r\n<div  class=\"text-only-block text-only-block__columns-repeater\"> <!-- Removed undefined $style (before: echoed $style) -->\r\n    <div class=\"text-only-block__container container\">\r\n        \r\n        \r\n                    <div class=\"text-only-block__content\">\r\n                                    <h2 class=\"text-only-block__title\">Nuestros valores<\/h2>\r\n                                                                    <div class=\"text-only-block__columns\">\r\n                                                <div class=\"text-only-block__column\">\r\n                                                            <img decoding=\"async\" \r\n                                    class=\"\" \r\n                                    src=\"https:\/\/idi.no\/wp-content\/uploads\/2025\/11\/Values-box-1.png\" \r\n                                    alt=\"\">\r\n                                                                                        <h4 class=\"text-only-block__column-title\">Profesional<\/h4>\r\n                                                                                                                    <div class=\"text-only-block__column-description\"><p>Nos responsabilizamos, nos esforzamos por la calidad y la excelencia, y demostramos integridad.<\/p>\n<\/div>\r\n                                                                                <\/div>\r\n                                                <div class=\"text-only-block__column\">\r\n                                                            <img decoding=\"async\" \r\n                                    class=\"\" \r\n                                    src=\"https:\/\/idi.no\/wp-content\/uploads\/2025\/11\/Values-box-2.png\" \r\n                                    alt=\"\">\r\n                                                                                        <h4 class=\"text-only-block__column-title\">Innovador<\/h4>\r\n                                                                                                                    <div class=\"text-only-block__column-description\"><p>Exploramos de forma proactiva ideas creativas y adaptamos nuevas tecnolog\u00edas y estrategias en un mundo en evoluci\u00f3n.<\/p>\n<\/div>\r\n                                                                                <\/div>\r\n                                                <div class=\"text-only-block__column\">\r\n                                                            <img decoding=\"async\" \r\n                                    class=\"\" \r\n                                    src=\"https:\/\/idi.no\/wp-content\/uploads\/2025\/11\/Values-box-4.png\" \r\n                                    alt=\"\">\r\n                                                                                        <h4 class=\"text-only-block__column-title\">Colaborativo<\/h4>\r\n                                                                                                                    <div class=\"text-only-block__column-description\"><p>Trabajamos eficazmente con los socios y nos esforzamos por lograr la coordinaci\u00f3n dentro de IDI y entre las diferentes organizaciones que apoyan a las EFS.<\/p>\n<\/div>\r\n                                                                                <\/div>\r\n                                                <div class=\"text-only-block__column\">\r\n                                                            <img decoding=\"async\" \r\n                                    class=\"\" \r\n                                    src=\"https:\/\/idi.no\/wp-content\/uploads\/2025\/11\/Values-box-3.png\" \r\n                                    alt=\"\">\r\n                                                                                        <h4 class=\"text-only-block__column-title\">Con coraz\u00f3n<\/h4>\r\n                                                                                                                    <div class=\"text-only-block__column-description\"><p>Nos esforzamos por ser justos, sensibles al g\u00e9nero, inclusivos, emp\u00e1ticos, enriquecedores, respetuosos y por fomentar el bienestar personal y un sentido de pertenencia. Con coraz\u00f3n es una parte esencial de vivir cada uno de los otros valores de IDI. <\/p>\n<\/div>\r\n                                                                                <\/div>\r\n                                            <\/div>\r\n                                \r\n                <!-- New: Added entire button section here (including main button + additional_buttons in __button-list) to support repeater in this layout -->\r\n                <div class=\"text-only-block__button-list\">\r\n                    \r\n                                    <\/div>\r\n            <\/div>\r\n        \r\n            <\/div>\r\n<\/div>","protected":false},"excerpt":{"rendered":"","protected":false},"author":1,"featured_media":0,"parent":13354,"menu_order":0,"comment_status":"closed","ping_status":"closed","template":"","meta":{"footnotes":""},"class_list":["post-13364","page","type-page","status-publish","hentry"],"acf":[],"yoast_head":"<!-- This site is optimized with the Yoast SEO plugin v25.3 - https:\/\/yoast.com\/wordpress\/plugins\/seo\/ -->\n<title>Nuestra Historia, Misi\u00f3n y Visi\u00f3n - IDI<\/title>\n<meta name=\"robots\" content=\"index, follow, max-snippet:-1, max-image-preview:large, max-video-preview:-1\" \/>\n<link rel=\"canonical\" href=\"https:\/\/idi.no\/es\/about\/overview\/\" \/>\n<meta property=\"og:locale\" content=\"es_ES\" \/>\n<meta property=\"og:type\" content=\"article\" \/>\n<meta property=\"og:title\" content=\"Nuestra Historia, Misi\u00f3n y Visi\u00f3n - IDI\" \/>\n<meta property=\"og:url\" content=\"https:\/\/idi.no\/es\/about\/overview\/\" \/>\n<meta property=\"og:site_name\" content=\"IDI\" \/>\n<meta property=\"article:modified_time\" content=\"2025-11-11T21:28:48+00:00\" \/>\n<meta name=\"twitter:card\" content=\"summary_large_image\" \/>\n<script type=\"application\/ld+json\" class=\"yoast-schema-graph\">{\"@context\":\"https:\/\/schema.org\",\"@graph\":[{\"@type\":\"WebPage\",\"@id\":\"https:\/\/idi.no\/es\/about\/overview\/\",\"url\":\"https:\/\/idi.no\/es\/about\/overview\/\",\"name\":\"Nuestra Historia, Misi\u00f3n y Visi\u00f3n - IDI\",\"isPartOf\":{\"@id\":\"https:\/\/idi.no\/es\/#website\"},\"datePublished\":\"2025-06-11T13:47:18+00:00\",\"dateModified\":\"2025-11-11T21:28:48+00:00\",\"breadcrumb\":{\"@id\":\"https:\/\/idi.no\/es\/about\/overview\/#breadcrumb\"},\"inLanguage\":\"es\",\"potentialAction\":[{\"@type\":\"ReadAction\",\"target\":[\"https:\/\/idi.no\/es\/about\/overview\/\"]}]},{\"@type\":\"BreadcrumbList\",\"@id\":\"https:\/\/idi.no\/es\/about\/overview\/#breadcrumb\",\"itemListElement\":[{\"@type\":\"ListItem\",\"position\":1,\"name\":\"Home\",\"item\":\"https:\/\/idi.no\/es\/\"},{\"@type\":\"ListItem\",\"position\":2,\"name\":\"Acerca\",\"item\":\"https:\/\/idi.no\/es\/about\/\"},{\"@type\":\"ListItem\",\"position\":3,\"name\":\"Nuestra Historia, Misi\u00f3n y Visi\u00f3n\"}]},{\"@type\":\"WebSite\",\"@id\":\"https:\/\/idi.no\/es\/#website\",\"url\":\"https:\/\/idi.no\/es\/\",\"name\":\"IDI\",\"description\":\"\",\"potentialAction\":[{\"@type\":\"SearchAction\",\"target\":{\"@type\":\"EntryPoint\",\"urlTemplate\":\"https:\/\/idi.no\/es\/?s={search_term_string}\"},\"query-input\":{\"@type\":\"PropertyValueSpecification\",\"valueRequired\":true,\"valueName\":\"search_term_string\"}}],\"inLanguage\":\"es\"}]}<\/script>\n<!-- \/ Yoast SEO plugin. -->","yoast_head_json":{"title":"Nuestra Historia, Misi\u00f3n y Visi\u00f3n - IDI","robots":{"index":"index","follow":"follow","max-snippet":"max-snippet:-1","max-image-preview":"max-image-preview:large","max-video-preview":"max-video-preview:-1"},"canonical":"https:\/\/idi.no\/es\/about\/overview\/","og_locale":"es_ES","og_type":"article","og_title":"Nuestra Historia, Misi\u00f3n y Visi\u00f3n - IDI","og_url":"https:\/\/idi.no\/es\/about\/overview\/","og_site_name":"IDI","article_modified_time":"2025-11-11T21:28:48+00:00","twitter_card":"summary_large_image","schema":{"@context":"https:\/\/schema.org","@graph":[{"@type":"WebPage","@id":"https:\/\/idi.no\/es\/about\/overview\/","url":"https:\/\/idi.no\/es\/about\/overview\/","name":"Nuestra Historia, Misi\u00f3n y Visi\u00f3n - IDI","isPartOf":{"@id":"https:\/\/idi.no\/es\/#website"},"datePublished":"2025-06-11T13:47:18+00:00","dateModified":"2025-11-11T21:28:48+00:00","breadcrumb":{"@id":"https:\/\/idi.no\/es\/about\/overview\/#breadcrumb"},"inLanguage":"es","potentialAction":[{"@type":"ReadAction","target":["https:\/\/idi.no\/es\/about\/overview\/"]}]},{"@type":"BreadcrumbList","@id":"https:\/\/idi.no\/es\/about\/overview\/#breadcrumb","itemListElement":[{"@type":"ListItem","position":1,"name":"Home","item":"https:\/\/idi.no\/es\/"},{"@type":"ListItem","position":2,"name":"Acerca","item":"https:\/\/idi.no\/es\/about\/"},{"@type":"ListItem","position":3,"name":"Nuestra Historia, Misi\u00f3n y Visi\u00f3n"}]},{"@type":"WebSite","@id":"https:\/\/idi.no\/es\/#website","url":"https:\/\/idi.no\/es\/","name":"IDI","description":"","potentialAction":[{"@type":"SearchAction","target":{"@type":"EntryPoint","urlTemplate":"https:\/\/idi.no\/es\/?s={search_term_string}"},"query-input":{"@type":"PropertyValueSpecification","valueRequired":true,"valueName":"search_term_string"}}],"inLanguage":"es"}]}},"_links":{"self":[{"href":"https:\/\/idi.no\/es\/wp-json\/wp\/v2\/pages\/13364","targetHints":{"allow":["GET"]}}],"collection":[{"href":"https:\/\/idi.no\/es\/wp-json\/wp\/v2\/pages"}],"about":[{"href":"https:\/\/idi.no\/es\/wp-json\/wp\/v2\/types\/page"}],"author":[{"embeddable":true,"href":"https:\/\/idi.no\/es\/wp-json\/wp\/v2\/users\/1"}],"replies":[{"embeddable":true,"href":"https:\/\/idi.no\/es\/wp-json\/wp\/v2\/comments?post=13364"}],"version-history":[{"count":10,"href":"https:\/\/idi.no\/es\/wp-json\/wp\/v2\/pages\/13364\/revisions"}],"predecessor-version":[{"id":27148,"href":"https:\/\/idi.no\/es\/wp-json\/wp\/v2\/pages\/13364\/revisions\/27148"}],"up":[{"embeddable":true,"href":"https:\/\/idi.no\/es\/wp-json\/wp\/v2\/pages\/13354"}],"wp:attachment":[{"href":"https:\/\/idi.no\/es\/wp-json\/wp\/v2\/media?parent=13364"}],"curies":[{"name":"wp","href":"https:\/\/api.w.org\/{rel}","templated":true}]}}