{"id":13370,"date":"2025-06-12T12:14:56","date_gmt":"2025-06-12T12:14:56","guid":{"rendered":"https:\/\/idi.no\/about\/our-partners\/"},"modified":"2025-11-12T22:33:33","modified_gmt":"2025-11-12T22:33:33","slug":"our-partners","status":"publish","type":"page","link":"https:\/\/idi.no\/es\/about\/our-partners\/","title":{"rendered":"Nuestros socios"},"content":{"rendered":"\n<div  class=\"hero-block \" >\n\t<div class=\"hero-block__container container\">\n\t\t<div class=\"hero-block__content\">\n\t\t\t\t\t\t\t<div class=\"hero-block__breadcrumbs breadcrumbs\">\n\t\t\t\t\t<span><span><a href=\"https:\/\/idi.no\/es\/\">Home<\/a><\/span><\/span>\t\t\t\t<\/div>\n\t\t\t\t\t\t\t\t\t\t<h1 class=\"hero-block__title\">\n\t\t\t\t\tSocios\t\t\t\t<\/h1>\n\t\t\t\t\t\t\t\t\t\t\t\t\t<div class=\"hero-block__description\">\n\t\t\t\t\tEn IDI, estamos orgullosos de trabajar mano a mano con socios que comparten nuestra visi\u00f3n de unas EFS independientes, cre\u00edbles y sostenibles para unas sociedades mejores y unas vidas mejoradas\t\t\t\t<\/div>\n\t\t\t\n\t\t<\/div>\n\t\t\t<\/div>\n<\/div>\n\r\n<div  class=\"text-only-block text-only-block__white-background text-only-block__text-only\"> <!-- Removed undefined $style (before: echoed $style) -->\r\n    <div class=\"text-only-block__container container\">\r\n                    <div class=\"text-only-block__content\">\r\n                                                                    <div class=\"text-only-block__description\"><p class=\"lede\"><strong><span style=\"color: #3376a5\">El IDI depende de sus socios para lograr su misi\u00f3n y mejorar el desempe\u00f1o y las capacidades de las Entidades Fiscalizadoras Superiores (EFS). Nuestros socios proporcionan los recursos financieros y en especie que hacen posible todos nuestros esfuerzos. Agradecemos el apoyo continuo de todos nuestros socios:  <\/span><\/strong><\/p>\n<\/div>\r\n                                \r\n                <!-- New: Wrap all buttons in __button-list for consistency with working block -->\r\n                <div class=\"text-only-block__button-list\">\r\n                    \r\n                                    <\/div>\r\n            <\/div>\r\n        \r\n        \r\n        \r\n            <\/div>\r\n<\/div>\n<div  class=\"our-partners-block \" >\n\t<div class=\"our-partners-block__container container\">\n\t\t\t\t\t<h2 class=\"our-partners-block__title\">\n\t\t\t\tSocios financieros\t\t\t<\/h2>\n\t\t\t\t\t\t\t<div class=\"our-partners-block__items\">\n\t\t\t\t\t\t\t\t\t\t\t<div class=\"our-partners-block__item\">\n\t\t\t\t\t\t\t<div class=\"our-partners-block__item-image\">\n\t\t\t\t\t\t\t\t<img decoding=\"async\" src=\"https:\/\/idi.no\/wp-content\/uploads\/2025\/08\/RR-logo-RGB-horisontal-primaerrod-1.svg\" alt=\"Riksrevisjonen\">\n\t\t\t\t\t\t\t<\/div>\n\t\t\t\t\t\t<\/div>\n\t\t\t\t\t\t\t\t\t\t\t<div class=\"our-partners-block__item\">\n\t\t\t\t\t\t\t<div class=\"our-partners-block__item-image\">\n\t\t\t\t\t\t\t\t<img decoding=\"async\" src=\"https:\/\/idi.no\/wp-content\/uploads\/2025\/08\/sida3.png\" alt=\"Sida\">\n\t\t\t\t\t\t\t<\/div>\n\t\t\t\t\t\t<\/div>\n\t\t\t\t\t\t\t\t\t\t\t<div class=\"our-partners-block__item\">\n\t\t\t\t\t\t\t<div class=\"our-partners-block__item-image\">\n\t\t\t\t\t\t\t\t<img decoding=\"async\" src=\"https:\/\/idi.no\/wp-content\/uploads\/2025\/08\/austrian-development-cooperation-logo-new2.jpg\" alt=\"ADC\">\n\t\t\t\t\t\t\t<\/div>\n\t\t\t\t\t\t<\/div>\n\t\t\t\t\t\t\t\t\t\t\t<div class=\"our-partners-block__item\">\n\t\t\t\t\t\t\t<div class=\"our-partners-block__item-image\">\n\t\t\t\t\t\t\t\t<img decoding=\"async\" src=\"https:\/\/idi.no\/wp-content\/uploads\/2025\/08\/intosai2.png\" alt=\"Intosai\">\n\t\t\t\t\t\t\t<\/div>\n\t\t\t\t\t\t<\/div>\n\t\t\t\t\t\t\t\t\t\t\t<div class=\"our-partners-block__item\">\n\t\t\t\t\t\t\t<div class=\"our-partners-block__item-image\">\n\t\t\t\t\t\t\t\t<img decoding=\"async\" src=\"https:\/\/idi.no\/wp-content\/uploads\/2025\/08\/irish-aid2.png\" alt=\"Irish Aid\">\n\t\t\t\t\t\t\t<\/div>\n\t\t\t\t\t\t<\/div>\n\t\t\t\t\t\t\t\t\t\t\t<div class=\"our-partners-block__item\">\n\t\t\t\t\t\t\t<div class=\"our-partners-block__item-image\">\n\t\t\t\t\t\t\t\t<img decoding=\"async\" src=\"https:\/\/idi.no\/wp-content\/uploads\/2025\/08\/latvia-logo.png\" alt=\"Latvijas Republikas Valsts kontrole\">\n\t\t\t\t\t\t\t<\/div>\n\t\t\t\t\t\t<\/div>\n\t\t\t\t\t\t\t\t\n\t\t<\/div>\n\t\t\t\t\t<\/div>\n<\/div>\n\n<div  class=\"our-partners-block \" >\n\t<div class=\"our-partners-block__container container\">\n\t\t\t\t\t<h2 class=\"our-partners-block__title\">\n\t\t\t\tSocios activos de financiaci\u00f3n con fines espec\u00edficos \t\t\t<\/h2>\n\t\t\t\t\t\t\t<div class=\"our-partners-block__items\">\n\t\t\t\t\t\t\t\t\t\t\t<div class=\"our-partners-block__item\">\n\t\t\t\t\t\t\t<div class=\"our-partners-block__item-image\">\n\t\t\t\t\t\t\t\t<img decoding=\"async\" src=\"https:\/\/idi.no\/wp-content\/uploads\/2025\/08\/adb-logo-smaller.jpg\" alt=\"ADB\">\n\t\t\t\t\t\t\t<\/div>\n\t\t\t\t\t\t<\/div>\n\t\t\t\t\t\t\t\t\t\t\t<div class=\"our-partners-block__item\">\n\t\t\t\t\t\t\t<div class=\"our-partners-block__item-image\">\n\t\t\t\t\t\t\t\t<img decoding=\"async\" src=\"https:\/\/idi.no\/wp-content\/uploads\/2025\/08\/canada2.png\" alt=\"Canada\">\n\t\t\t\t\t\t\t<\/div>\n\t\t\t\t\t\t<\/div>\n\t\t\t\t\t\t\t\t\t\t\t<div class=\"our-partners-block__item\">\n\t\t\t\t\t\t\t<div class=\"our-partners-block__item-image\">\n\t\t\t\t\t\t\t\t<img decoding=\"async\" src=\"https:\/\/idi.no\/wp-content\/uploads\/2025\/10\/CFLI_Identifier-EN-FR.jpg\" alt=\"Canada Fund for Local Initiatives\">\n\t\t\t\t\t\t\t<\/div>\n\t\t\t\t\t\t<\/div>\n\t\t\t\t\t\t\t\t\t\t\t<div class=\"our-partners-block__item\">\n\t\t\t\t\t\t\t<div class=\"our-partners-block__item-image\">\n\t\t\t\t\t\t\t\t<img decoding=\"async\" src=\"https:\/\/idi.no\/wp-content\/uploads\/2025\/08\/European_Commission.svg-1.png\" alt=\"European Commission\">\n\t\t\t\t\t\t\t<\/div>\n\t\t\t\t\t\t<\/div>\n\t\t\t\t\t\t\t\t\t\t\t<div class=\"our-partners-block__item\">\n\t\t\t\t\t\t\t<div class=\"our-partners-block__item-image\">\n\t\t\t\t\t\t\t\t<img decoding=\"async\" src=\"https:\/\/idi.no\/wp-content\/uploads\/2025\/08\/france-mfa-logo.png\" alt=\"Republique Francaise\">\n\t\t\t\t\t\t\t<\/div>\n\t\t\t\t\t\t<\/div>\n\t\t\t\t\t\t\t\t\t\t\t<div class=\"our-partners-block__item\">\n\t\t\t\t\t\t\t<div class=\"our-partners-block__item-image\">\n\t\t\t\t\t\t\t\t<img decoding=\"async\" src=\"https:\/\/idi.no\/wp-content\/uploads\/2025\/08\/gca_brandmark-artwork_vertical_rgb_palm-green-scaled.png\" alt=\"General court of audit\">\n\t\t\t\t\t\t\t<\/div>\n\t\t\t\t\t\t<\/div>\n\t\t\t\t\t\t\t\t\t\t\t<div class=\"our-partners-block__item\">\n\t\t\t\t\t\t\t<div class=\"our-partners-block__item-image\">\n\t\t\t\t\t\t\t\t<img decoding=\"async\" src=\"https:\/\/idi.no\/wp-content\/uploads\/2025\/08\/norad_hovedlogo-liggende_green_rgb-scaled.png\" alt=\"Norad\">\n\t\t\t\t\t\t\t<\/div>\n\t\t\t\t\t\t<\/div>\n\t\t\t\t\t\t\t\t\t\t\t<div class=\"our-partners-block__item\">\n\t\t\t\t\t\t\t<div class=\"our-partners-block__item-image\">\n\t\t\t\t\t\t\t\t<img decoding=\"async\" src=\"https:\/\/idi.no\/wp-content\/uploads\/2025\/08\/norwegian-ministry-of-foreign-affairs.png\" alt=\"Norwegian Ministry of Foreign Affairs\">\n\t\t\t\t\t\t\t<\/div>\n\t\t\t\t\t\t<\/div>\n\t\t\t\t\t\t\t\t\t\t\t<div class=\"our-partners-block__item\">\n\t\t\t\t\t\t\t<div class=\"our-partners-block__item-image\">\n\t\t\t\t\t\t\t\t<img decoding=\"async\" src=\"https:\/\/idi.no\/wp-content\/uploads\/2025\/08\/seco2.png\" alt=\"State Secretariat for Economic Affairs SECO\">\n\t\t\t\t\t\t\t<\/div>\n\t\t\t\t\t\t<\/div>\n\t\t\t\t\t\t\t\t\n\t\t<\/div>\n\t\t\t\t\t<\/div>\n<\/div>\n\r\n<div  class=\"text-only-block text-only-block__white-background text-only-block__text-only\"> <!-- Removed undefined $style (before: echoed $style) -->\r\n    <div class=\"text-only-block__container container\">\r\n                    <div class=\"text-only-block__content\">\r\n                                                                    <div class=\"text-only-block__description\"><p><em>Sus contribuciones apoyan flujos de trabajo espec\u00edficos e iniciativas de desarrollo de capacidades.<\/em><\/p>\n<\/div>\r\n                                \r\n                <!-- New: Wrap all buttons in __button-list for consistency with working block -->\r\n                <div class=\"text-only-block__button-list\">\r\n                    \r\n                                    <\/div>\r\n            <\/div>\r\n        \r\n        \r\n        \r\n            <\/div>\r\n<\/div>\r\n<div  class=\"text-only-block text-only-block__blue-background text-only-block__two-columns\"> <!-- Removed undefined $style (before: echoed $style) -->\r\n    <div class=\"text-only-block__container container\">\r\n        \r\n                    <div class=\"text-only-block__content\">\r\n                <div class=\"text-only-block__column\">\r\n                                            <h2 class=\"text-only-block__title\">Comunidad internacional de entidades fiscalizadoras superiores<\/h2>\r\n                                    <\/div>\r\n                <div class=\"text-only-block__column\">\r\n                                                                <div class=\"text-only-block__subtitle lede\">El IDI es el principal \u00f3rgano de ejecuci\u00f3n de la Organizaci\u00f3n Internacional de Entidades Fiscalizadoras Superiores (INTOSAI) y trabaja en estrecha colaboraci\u00f3n con otros \u00f3rganos de la INTOSAI, como la Secretar\u00eda General, el Consejo de Gobierno, el Comit\u00e9 de Finanzas y Administraci\u00f3n, el Comit\u00e9 de Desarrollo de Capacidades, el Comit\u00e9 de Intercambio de Conocimientos y el Comit\u00e9 de Normas Profesionales.<\/div>\r\n                                                                <div class=\"text-only-block__description\"><p>En IDI, cooperamos con varios grupos de trabajo y equipos de tareas en <a href=\"https:\/\/www.intosai.org\/index.html\">INTOSAI,<\/a> donde el apoyo se manifiesta en forma de contribuciones en especie para ayudarnos a llevar a cabo iniciativas de desarrollo de capacidades.<\/p>\n<p>Los expertos en la materia de las EFS son un recurso valioso en nuestros esfuerzos por fortalecer la capacidad y el desempe\u00f1o de las EFS. Estos expertos de varias EFS de todas las regiones se proporcionan al IDI como contribuciones en especie y son un factor de \u00e9xito fundamental para el \u00e9xito del trabajo del IDI. Las EFS tambi\u00e9n contribuyen a las iniciativas del IDI organizando eventos del IDI, imprimiendo productos del IDI y adscribiendo personal al IDI.  <\/p>\n<p>El IDI trabaja en estrecha colaboraci\u00f3n con <a href=\"https:\/\/www.intosai.org\/about-us\/regional-organizations.html\">organizaciones regionales de EFS<\/a>: AFROSAI, AFROSAI-E, ARABOSAI, ASOSAI, CAROSAI, CREFIAF, EUROSAI, OLACEFS y PASAI. Las regiones son importantes para el IDI, ya que est\u00e1n mejor situadas para supervisar el desarrollo y las necesidades de las EFS en sus regiones. <\/p>\n<p>Tambi\u00e9n colaboramos con varias organizaciones de la ONU, la sociedad civil, organismos profesionales de contabilidad y el mundo acad\u00e9mico.<\/p>\n<p>Para obtener m\u00e1s informaci\u00f3n sobre los socios del IDI para proyectos espec\u00edficos a lo largo de los a\u00f1os, lea el <a href=\"https:\/\/idi.no\/es\/about\/strategies-impact\/operational-plan\/\">Plan Operacional<\/a> anual y el <a href=\"https:\/\/idi.no\/es\/about\/strategies-impact\/annual-reports\/\">Informe<\/a> del IDI.<\/p>\n<\/div>\r\n                                        \r\n                    <!-- New: Wrap all buttons in __button-list for consistency with working block -->\r\n                    <div class=\"text-only-block__button-list\">\r\n                        \r\n                                            <\/div>\r\n                <\/div>\r\n            <\/div>\r\n        \r\n        \r\n            <\/div>\r\n<\/div>","protected":false},"excerpt":{"rendered":"","protected":false},"author":1,"featured_media":0,"parent":13354,"menu_order":0,"comment_status":"closed","ping_status":"closed","template":"","meta":{"footnotes":""},"class_list":["post-13370","page","type-page","status-publish","hentry"],"acf":[],"yoast_head":"<!-- This site is optimized with the Yoast SEO plugin v25.3 - https:\/\/yoast.com\/wordpress\/plugins\/seo\/ -->\n<title>Nuestros socios - IDI<\/title>\n<meta name=\"robots\" content=\"index, follow, max-snippet:-1, max-image-preview:large, max-video-preview:-1\" \/>\n<link rel=\"canonical\" href=\"https:\/\/idi.no\/es\/about\/our-partners\/\" \/>\n<meta property=\"og:locale\" content=\"es_ES\" \/>\n<meta property=\"og:type\" content=\"article\" \/>\n<meta property=\"og:title\" content=\"Nuestros socios - IDI\" \/>\n<meta property=\"og:url\" content=\"https:\/\/idi.no\/es\/about\/our-partners\/\" \/>\n<meta property=\"og:site_name\" content=\"IDI\" \/>\n<meta property=\"article:modified_time\" content=\"2025-11-12T22:33:33+00:00\" \/>\n<meta name=\"twitter:card\" content=\"summary_large_image\" \/>\n<script type=\"application\/ld+json\" class=\"yoast-schema-graph\">{\"@context\":\"https:\/\/schema.org\",\"@graph\":[{\"@type\":\"WebPage\",\"@id\":\"https:\/\/idi.no\/es\/about\/our-partners\/\",\"url\":\"https:\/\/idi.no\/es\/about\/our-partners\/\",\"name\":\"Nuestros socios - IDI\",\"isPartOf\":{\"@id\":\"https:\/\/idi.no\/es\/#website\"},\"datePublished\":\"2025-06-12T12:14:56+00:00\",\"dateModified\":\"2025-11-12T22:33:33+00:00\",\"breadcrumb\":{\"@id\":\"https:\/\/idi.no\/es\/about\/our-partners\/#breadcrumb\"},\"inLanguage\":\"es\",\"potentialAction\":[{\"@type\":\"ReadAction\",\"target\":[\"https:\/\/idi.no\/es\/about\/our-partners\/\"]}]},{\"@type\":\"BreadcrumbList\",\"@id\":\"https:\/\/idi.no\/es\/about\/our-partners\/#breadcrumb\",\"itemListElement\":[{\"@type\":\"ListItem\",\"position\":1,\"name\":\"Home\",\"item\":\"https:\/\/idi.no\/es\/\"},{\"@type\":\"ListItem\",\"position\":2,\"name\":\"Acerca\",\"item\":\"https:\/\/idi.no\/es\/about\/\"},{\"@type\":\"ListItem\",\"position\":3,\"name\":\"Nuestros socios\"}]},{\"@type\":\"WebSite\",\"@id\":\"https:\/\/idi.no\/es\/#website\",\"url\":\"https:\/\/idi.no\/es\/\",\"name\":\"IDI\",\"description\":\"\",\"potentialAction\":[{\"@type\":\"SearchAction\",\"target\":{\"@type\":\"EntryPoint\",\"urlTemplate\":\"https:\/\/idi.no\/es\/?s={search_term_string}\"},\"query-input\":{\"@type\":\"PropertyValueSpecification\",\"valueRequired\":true,\"valueName\":\"search_term_string\"}}],\"inLanguage\":\"es\"}]}<\/script>\n<!-- \/ Yoast SEO plugin. -->","yoast_head_json":{"title":"Nuestros socios - IDI","robots":{"index":"index","follow":"follow","max-snippet":"max-snippet:-1","max-image-preview":"max-image-preview:large","max-video-preview":"max-video-preview:-1"},"canonical":"https:\/\/idi.no\/es\/about\/our-partners\/","og_locale":"es_ES","og_type":"article","og_title":"Nuestros socios - IDI","og_url":"https:\/\/idi.no\/es\/about\/our-partners\/","og_site_name":"IDI","article_modified_time":"2025-11-12T22:33:33+00:00","twitter_card":"summary_large_image","schema":{"@context":"https:\/\/schema.org","@graph":[{"@type":"WebPage","@id":"https:\/\/idi.no\/es\/about\/our-partners\/","url":"https:\/\/idi.no\/es\/about\/our-partners\/","name":"Nuestros socios - IDI","isPartOf":{"@id":"https:\/\/idi.no\/es\/#website"},"datePublished":"2025-06-12T12:14:56+00:00","dateModified":"2025-11-12T22:33:33+00:00","breadcrumb":{"@id":"https:\/\/idi.no\/es\/about\/our-partners\/#breadcrumb"},"inLanguage":"es","potentialAction":[{"@type":"ReadAction","target":["https:\/\/idi.no\/es\/about\/our-partners\/"]}]},{"@type":"BreadcrumbList","@id":"https:\/\/idi.no\/es\/about\/our-partners\/#breadcrumb","itemListElement":[{"@type":"ListItem","position":1,"name":"Home","item":"https:\/\/idi.no\/es\/"},{"@type":"ListItem","position":2,"name":"Acerca","item":"https:\/\/idi.no\/es\/about\/"},{"@type":"ListItem","position":3,"name":"Nuestros socios"}]},{"@type":"WebSite","@id":"https:\/\/idi.no\/es\/#website","url":"https:\/\/idi.no\/es\/","name":"IDI","description":"","potentialAction":[{"@type":"SearchAction","target":{"@type":"EntryPoint","urlTemplate":"https:\/\/idi.no\/es\/?s={search_term_string}"},"query-input":{"@type":"PropertyValueSpecification","valueRequired":true,"valueName":"search_term_string"}}],"inLanguage":"es"}]}},"_links":{"self":[{"href":"https:\/\/idi.no\/es\/wp-json\/wp\/v2\/pages\/13370","targetHints":{"allow":["GET"]}}],"collection":[{"href":"https:\/\/idi.no\/es\/wp-json\/wp\/v2\/pages"}],"about":[{"href":"https:\/\/idi.no\/es\/wp-json\/wp\/v2\/types\/page"}],"author":[{"embeddable":true,"href":"https:\/\/idi.no\/es\/wp-json\/wp\/v2\/users\/1"}],"replies":[{"embeddable":true,"href":"https:\/\/idi.no\/es\/wp-json\/wp\/v2\/comments?post=13370"}],"version-history":[{"count":6,"href":"https:\/\/idi.no\/es\/wp-json\/wp\/v2\/pages\/13370\/revisions"}],"predecessor-version":[{"id":27362,"href":"https:\/\/idi.no\/es\/wp-json\/wp\/v2\/pages\/13370\/revisions\/27362"}],"up":[{"embeddable":true,"href":"https:\/\/idi.no\/es\/wp-json\/wp\/v2\/pages\/13354"}],"wp:attachment":[{"href":"https:\/\/idi.no\/es\/wp-json\/wp\/v2\/media?parent=13370"}],"curies":[{"name":"wp","href":"https:\/\/api.w.org\/{rel}","templated":true}]}}