{"id":13393,"date":"2025-06-11T14:20:16","date_gmt":"2025-06-11T14:20:16","guid":{"rendered":"https:\/\/idi.no\/about\/strategies-impact\/"},"modified":"2025-11-12T22:36:32","modified_gmt":"2025-11-12T22:36:32","slug":"strategies-impact","status":"publish","type":"page","link":"https:\/\/idi.no\/es\/about\/strategies-impact\/","title":{"rendered":"Estrategia y Resultados"},"content":{"rendered":"\n<div  class=\"image hero-block \" >\n\t<div class=\"image hero-block__container container\">\n\t\t<div class=\"image hero-block__content\">\n\t\t\t\t\t\t\t<div class=\"image hero-block__breadcrumbs breadcrumbs\">\n\t\t\t\t\t<span><span><a href=\"https:\/\/idi.no\/es\/\">Home<\/a><\/span><\/span>\t\t\t\t<\/div>\n\t\t\t\t\t\t\t\t\t\t<h1 class=\"image hero-block__title\">\n\t\t\t\t\tEstrategia y Resultados\t\t\t\t<\/h1>\n\t\t\t\t\t\t\t\t\t\t\t\t\t<div class=\"image hero-block__description\">\n\t\t\t\t\tEl IDI muestra su compromiso con la transparencia y el impacto a trav\u00e9s de su direcci\u00f3n estrat\u00e9gica, planificaci\u00f3n operativa e informes anuales.\t\t\t\t<\/div>\n\t\t\t\n\t\t<\/div>\n\t\t\t\t\t<div class=\"image hero-block__image\">\n\t\t\t\t<img decoding=\"async\" src=\"https:\/\/idi.no\/wp-content\/uploads\/2025\/10\/AdobeStock_1609250982-1-scaled-e1761598453179.jpeg\" alt=\"STRATEGY\">\n\t\t\t<\/div>\n\t\t\t<\/div>\n<\/div>\n\n<div  class=\"text-and-media-block  block-image-align--right block-background-color--white with-circles\" >\n\t<div class=\"text-and-media-block__container container\">\n\t\t<div class=\"text-and-media-block__col\">\n\n\t\t\t\t\t\t\t\t\t\t\t\t\t<h2 class=\"text-and-media-block__title\">\n\t\t\t\t\tPlan Estrat\u00e9gico\t\t\t\t<\/h2>\n\t\t\t\t\t\t\t\t\t\t<div class=\"text-and-media-block__subtitle\">\n\t\t\t\t\tNuestro enfoque en la sostenibilidad, la digitalizaci\u00f3n y la confianza p\u00fablica en las Entidades Fiscalizadoras Superiores (EFS)\t\t\t\t<\/div>\n\t\t\t\t\t\t\t\t\t\t<div class=\"text-and-media-block__description\">\n\t\t\t\t\t<p>Desarrollado en consulta con las EFS, las partes interesadas externas y los principales expertos en auditor\u00eda p\u00fablica, el Plan Estrat\u00e9gico del IDI 2024-2029 establece nuestra visi\u00f3n para apoyar a las EFS en los pa\u00edses en desarrollo para mejorar de forma sostenible su rendimiento y capacidades.<\/p>\n<p>Lea m\u00e1s sobre por qu\u00e9 y c\u00f3mo nos centramos en la sostenibilidad, la digitalizaci\u00f3n y la confianza p\u00fablica en las EFS.<\/p>\n\t\t\t\t<\/div>\n\t\t\t\n\t\t\t<div class=\"text-and-media-block__button-list\">\n\t\t\t\t\t\t\t\t\t\t\t<a \thref=\"\/about\/strategies-impact\/strategic-plan\"\n\t\t\t\t\tclass=\"text-and-media-block__button\"\n\t\t\t\t\t\t\t\t\t>\n\t\t\t\t\tLEARN MORE\t\t\t\t<\/a>\n\t\t\t\n\t\t\t\t\t\t<\/div>\n\t\t<\/div>\n\t\t\t\t    <div class=\"text-and-media-block__col\">\n\t\t\t\t<div class=\"text-and-media-block__image\">\n\t\t\t\t\t<img decoding=\"async\" src=\"https:\/\/idi.no\/wp-content\/uploads\/2025\/09\/Untitled-1400-x-934-px.png\" alt=\"IDI Strategic Plan 2024-2029 Cover Page\">\n\t\t\t\t<\/div>\n\t\t\t<\/div>\n\t\t\t\t<\/div>\n<\/div>\n\n<div  class=\"text-and-media-block  block-image-align--left block-background-color--dark with-circles\" >\n\t<div class=\"text-and-media-block__container container\">\n\t\t<div class=\"text-and-media-block__col\">\n\n\t\t\t\t\t\t\t\t\t\t\t\t\t<h2 class=\"text-and-media-block__title\">\n\t\t\t\t\tPlan Operativo\t\t\t\t<\/h2>\n\t\t\t\t\t\t\t\t\t\t<div class=\"text-and-media-block__subtitle\">\n\t\t\t\t\tNuestro trabajo y presupuestos para cumplir los objetivos estrat\u00e9gicos\t\t\t\t<\/div>\n\t\t\t\t\t\t\t\t\t\t<div class=\"text-and-media-block__description\">\n\t\t\t\t\t<p>Nuestro Plan Operativo es la fuerza impulsora a medida que implementamos el Plan Estrat\u00e9gico del IDI 2024-2029. A trav\u00e9s de una cuidadosa consulta y an\u00e1lisis, cada una de nuestras l\u00edneas de trabajo (EFS independientes, bien gobernadas, profesionales y relevantes, y apoyo bilateral) trabaja para cumplir con las prioridades estrat\u00e9gicas de sostenibilidad, digitalizaci\u00f3n y confianza p\u00fablica en las EFS. <\/p>\n<p>El Plan Operativo proporciona una visi\u00f3n general anual de c\u00f3mo el IDI cumplir\u00e1 sus prioridades estrat\u00e9gicas.<\/p>\n\t\t\t\t<\/div>\n\t\t\t\n\t\t\t<div class=\"text-and-media-block__button-list\">\n\t\t\t\t\t\t\t\t\t\t\t<a \thref=\"\/about\/strategies-impact\/operational-plan\"\n\t\t\t\t\tclass=\"text-and-media-block__button\"\n\t\t\t\t\t\t\t\t\t>\n\t\t\t\t\tLEARN MORE\t\t\t\t<\/a>\n\t\t\t\n\t\t\t\t\t\t<\/div>\n\t\t<\/div>\n\t\t\t\t    <div class=\"text-and-media-block__col\">\n\t\t\t\t<div class=\"text-and-media-block__image\">\n\t\t\t\t\t<img decoding=\"async\" src=\"https:\/\/idi.no\/wp-content\/uploads\/2025\/09\/Cover-pages-SP-and-OP.png\" alt=\"Cover page of IDI Operational Plan 2025\">\n\t\t\t\t<\/div>\n\t\t\t<\/div>\n\t\t\t\t<\/div>\n<\/div>\n\n<div  class=\"text-and-media-block  block-image-align--right block-background-color--white with-circles\" >\n\t<div class=\"text-and-media-block__container container\">\n\t\t<div class=\"text-and-media-block__col\">\n\n\t\t\t\t\t\t\t\t\t\t\t\t\t<h2 class=\"text-and-media-block__title\">\n\t\t\t\t\tInforme global de inventario de las EFS\t\t\t\t<\/h2>\n\t\t\t\t\t\t\t\t\t\t<div class=\"text-and-media-block__subtitle\">\n\t\t\t\t\tEl quinto Inventario Global de las EFS ofrece una instant\u00e1nea del rendimiento de las Entidades Fiscalizadoras Superiores (EFS) y tiene como objetivo presentar sus operaciones a la luz de la evoluci\u00f3n global.\t\t\t\t<\/div>\n\t\t\t\t\t\t\t\t\t\t<div class=\"text-and-media-block__description\">\n\t\t\t\t\t<p>La principal fuente de datos para el informe son las respuestas de 166 EFS recogidas a trav\u00e9s de la Encuesta Global de las EFS de la INTOSAI. El an\u00e1lisis se ha enriquecido con datos del SAI PMF y del PEFA, junto con indicadores de democracia seleccionados del v-dem. <\/p>\n<p>La Encuesta Global y el Inventario Global de las EFS fueron desarrollados por el IDI. El IDI agradece el apoyo y la contribuci\u00f3n de las regiones de la INTOSAI y del Comit\u00e9 de la Encuesta Global de la INTOSAI. <\/p>\n\t\t\t\t<\/div>\n\t\t\t\n\t\t\t<div class=\"text-and-media-block__button-list\">\n\t\t\t\t\t\t\t\t\t\t\t<a \thref=\"https:\/\/gsr.idi.no\/\"\n\t\t\t\t\tclass=\"text-and-media-block__button\"\n\t\t\t\t\t target=\"_blank\" rel=\"noopener noreferrer\"\t\t\t\t>\n\t\t\t\t\tLEARN MORE\t\t\t\t<\/a>\n\t\t\t\n\t\t\t\t\t\t<\/div>\n\t\t<\/div>\n\t\t\t\t    <div class=\"text-and-media-block__col\">\n\t\t\t\t<div class=\"text-and-media-block__image\">\n\t\t\t\t\t<img decoding=\"async\" src=\"https:\/\/idi.no\/wp-content\/uploads\/2025\/09\/gsr23-cover-page.png\" alt=\"\">\n\t\t\t\t<\/div>\n\t\t\t<\/div>\n\t\t\t\t<\/div>\n<\/div>\n\n<div  class=\"text-and-media-block  block-image-align--right block-background-color--blue with-circles\" >\n\t<div class=\"text-and-media-block__container container\">\n\t\t<div class=\"text-and-media-block__col\">\n\n\t\t\t\t\t\t\t\t\t\t\t\t\t<h2 class=\"text-and-media-block__title\">\n\t\t\t\t\tHistorias de EFS\t\t\t\t<\/h2>\n\t\t\t\t\t\t\t\t\t\t<div class=\"text-and-media-block__subtitle\">\n\t\t\t\t\tApoyamos a las Entidades Fiscalizadoras Superiores (EFS) de todo el mundo en su labor de auditor\u00eda del gasto del sector p\u00fablico en comunidades, contextos y retos.\t\t\t\t<\/div>\n\t\t\t\t\t\t\t\t\t\t<div class=\"text-and-media-block__description\">\n\t\t\t\t\t<p>Vea c\u00f3mo estas EFS est\u00e1n contribuyendo a una gesti\u00f3n financiera s\u00f3lida, la transparencia y la rendici\u00f3n de cuentas, en su propio pa\u00eds y a su manera.<\/p>\n\t\t\t\t<\/div>\n\t\t\t\n\t\t\t<div class=\"text-and-media-block__button-list\">\n\t\t\t\t\t\t\t\t\t\t\t<a \thref=\"https:\/\/idi.no\/about\/strategies-impact\/annual-reports\/sai-stories\/\"\n\t\t\t\t\tclass=\"text-and-media-block__button\"\n\t\t\t\t\t\t\t\t\t>\n\t\t\t\t\tLEARN MORE\t\t\t\t<\/a>\n\t\t\t\n\t\t\t\t\t\t<\/div>\n\t\t<\/div>\n\t\t\t\t    <div class=\"text-and-media-block__col\">\n\t\t\t\t<div class=\"text-and-media-block__image\">\n\t\t\t\t\t<img decoding=\"async\" src=\"https:\/\/idi.no\/wp-content\/uploads\/2025\/08\/uganda.jpeg\" alt=\"\">\n\t\t\t\t<\/div>\n\t\t\t<\/div>\n\t\t\t\t<\/div>\n<\/div>\n","protected":false},"excerpt":{"rendered":"","protected":false},"author":1,"featured_media":0,"parent":13354,"menu_order":0,"comment_status":"closed","ping_status":"closed","template":"","meta":{"footnotes":""},"class_list":["post-13393","page","type-page","status-publish","hentry"],"acf":[],"yoast_head":"<!-- This site is optimized with the Yoast SEO plugin v25.3 - https:\/\/yoast.com\/wordpress\/plugins\/seo\/ -->\n<title>Estrategia y Resultados - IDI<\/title>\n<meta name=\"robots\" content=\"index, follow, max-snippet:-1, max-image-preview:large, max-video-preview:-1\" \/>\n<link rel=\"canonical\" href=\"https:\/\/idi.no\/es\/about\/strategies-impact\/\" \/>\n<meta property=\"og:locale\" content=\"es_ES\" \/>\n<meta property=\"og:type\" content=\"article\" \/>\n<meta property=\"og:title\" content=\"Estrategia y Resultados - IDI\" \/>\n<meta property=\"og:url\" content=\"https:\/\/idi.no\/es\/about\/strategies-impact\/\" \/>\n<meta property=\"og:site_name\" content=\"IDI\" \/>\n<meta property=\"article:modified_time\" content=\"2025-11-12T22:36:32+00:00\" \/>\n<meta name=\"twitter:card\" content=\"summary_large_image\" \/>\n<script type=\"application\/ld+json\" class=\"yoast-schema-graph\">{\"@context\":\"https:\/\/schema.org\",\"@graph\":[{\"@type\":\"WebPage\",\"@id\":\"https:\/\/idi.no\/es\/about\/strategies-impact\/\",\"url\":\"https:\/\/idi.no\/es\/about\/strategies-impact\/\",\"name\":\"Estrategia y Resultados - IDI\",\"isPartOf\":{\"@id\":\"https:\/\/idi.no\/es\/#website\"},\"datePublished\":\"2025-06-11T14:20:16+00:00\",\"dateModified\":\"2025-11-12T22:36:32+00:00\",\"breadcrumb\":{\"@id\":\"https:\/\/idi.no\/es\/about\/strategies-impact\/#breadcrumb\"},\"inLanguage\":\"es\",\"potentialAction\":[{\"@type\":\"ReadAction\",\"target\":[\"https:\/\/idi.no\/es\/about\/strategies-impact\/\"]}]},{\"@type\":\"BreadcrumbList\",\"@id\":\"https:\/\/idi.no\/es\/about\/strategies-impact\/#breadcrumb\",\"itemListElement\":[{\"@type\":\"ListItem\",\"position\":1,\"name\":\"Home\",\"item\":\"https:\/\/idi.no\/es\/\"},{\"@type\":\"ListItem\",\"position\":2,\"name\":\"Acerca\",\"item\":\"https:\/\/idi.no\/es\/about\/\"},{\"@type\":\"ListItem\",\"position\":3,\"name\":\"Estrategia y Resultados\"}]},{\"@type\":\"WebSite\",\"@id\":\"https:\/\/idi.no\/es\/#website\",\"url\":\"https:\/\/idi.no\/es\/\",\"name\":\"IDI\",\"description\":\"\",\"potentialAction\":[{\"@type\":\"SearchAction\",\"target\":{\"@type\":\"EntryPoint\",\"urlTemplate\":\"https:\/\/idi.no\/es\/?s={search_term_string}\"},\"query-input\":{\"@type\":\"PropertyValueSpecification\",\"valueRequired\":true,\"valueName\":\"search_term_string\"}}],\"inLanguage\":\"es\"}]}<\/script>\n<!-- \/ Yoast SEO plugin. -->","yoast_head_json":{"title":"Estrategia y Resultados - IDI","robots":{"index":"index","follow":"follow","max-snippet":"max-snippet:-1","max-image-preview":"max-image-preview:large","max-video-preview":"max-video-preview:-1"},"canonical":"https:\/\/idi.no\/es\/about\/strategies-impact\/","og_locale":"es_ES","og_type":"article","og_title":"Estrategia y Resultados - IDI","og_url":"https:\/\/idi.no\/es\/about\/strategies-impact\/","og_site_name":"IDI","article_modified_time":"2025-11-12T22:36:32+00:00","twitter_card":"summary_large_image","schema":{"@context":"https:\/\/schema.org","@graph":[{"@type":"WebPage","@id":"https:\/\/idi.no\/es\/about\/strategies-impact\/","url":"https:\/\/idi.no\/es\/about\/strategies-impact\/","name":"Estrategia y Resultados - IDI","isPartOf":{"@id":"https:\/\/idi.no\/es\/#website"},"datePublished":"2025-06-11T14:20:16+00:00","dateModified":"2025-11-12T22:36:32+00:00","breadcrumb":{"@id":"https:\/\/idi.no\/es\/about\/strategies-impact\/#breadcrumb"},"inLanguage":"es","potentialAction":[{"@type":"ReadAction","target":["https:\/\/idi.no\/es\/about\/strategies-impact\/"]}]},{"@type":"BreadcrumbList","@id":"https:\/\/idi.no\/es\/about\/strategies-impact\/#breadcrumb","itemListElement":[{"@type":"ListItem","position":1,"name":"Home","item":"https:\/\/idi.no\/es\/"},{"@type":"ListItem","position":2,"name":"Acerca","item":"https:\/\/idi.no\/es\/about\/"},{"@type":"ListItem","position":3,"name":"Estrategia y Resultados"}]},{"@type":"WebSite","@id":"https:\/\/idi.no\/es\/#website","url":"https:\/\/idi.no\/es\/","name":"IDI","description":"","potentialAction":[{"@type":"SearchAction","target":{"@type":"EntryPoint","urlTemplate":"https:\/\/idi.no\/es\/?s={search_term_string}"},"query-input":{"@type":"PropertyValueSpecification","valueRequired":true,"valueName":"search_term_string"}}],"inLanguage":"es"}]}},"_links":{"self":[{"href":"https:\/\/idi.no\/es\/wp-json\/wp\/v2\/pages\/13393","targetHints":{"allow":["GET"]}}],"collection":[{"href":"https:\/\/idi.no\/es\/wp-json\/wp\/v2\/pages"}],"about":[{"href":"https:\/\/idi.no\/es\/wp-json\/wp\/v2\/types\/page"}],"author":[{"embeddable":true,"href":"https:\/\/idi.no\/es\/wp-json\/wp\/v2\/users\/1"}],"replies":[{"embeddable":true,"href":"https:\/\/idi.no\/es\/wp-json\/wp\/v2\/comments?post=13393"}],"version-history":[{"count":19,"href":"https:\/\/idi.no\/es\/wp-json\/wp\/v2\/pages\/13393\/revisions"}],"predecessor-version":[{"id":27642,"href":"https:\/\/idi.no\/es\/wp-json\/wp\/v2\/pages\/13393\/revisions\/27642"}],"up":[{"embeddable":true,"href":"https:\/\/idi.no\/es\/wp-json\/wp\/v2\/pages\/13354"}],"wp:attachment":[{"href":"https:\/\/idi.no\/es\/wp-json\/wp\/v2\/media?parent=13393"}],"curies":[{"name":"wp","href":"https:\/\/api.w.org\/{rel}","templated":true}]}}