{"id":13395,"date":"2025-06-23T14:21:26","date_gmt":"2025-06-23T14:21:26","guid":{"rendered":"https:\/\/idi.no\/about\/people\/board-governance\/"},"modified":"2025-11-12T22:33:11","modified_gmt":"2025-11-12T22:33:11","slug":"board-governance","status":"publish","type":"page","link":"https:\/\/idi.no\/es\/about\/board-governance\/","title":{"rendered":"Consejo y gobernanza del IDI"},"content":{"rendered":"\n<div  class=\"hero-block \" >\n\t<div class=\"hero-block__container container\">\n\t\t<div class=\"hero-block__content\">\n\t\t\t\t\t\t\t<div class=\"hero-block__breadcrumbs breadcrumbs\">\n\t\t\t\t\t<span><span><a href=\"https:\/\/idi.no\/es\/\">Home<\/a><\/span><\/span>\t\t\t\t<\/div>\n\t\t\t\t\t\t\t\t\t\t<h1 class=\"hero-block__title\">\n\t\t\t\t\tConsejo y gobernanza del IDI \t\t\t\t<\/h1>\n\t\t\t\t\t\t\t\t\t\t\t\t\t<div class=\"hero-block__description\">\n\t\t\t\t\tLa direcci\u00f3n estrat\u00e9gica y la gesti\u00f3n general del IDI est\u00e1n a cargo de un Consejo no ejecutivo de 10 miembros.\t\t\t\t<\/div>\n\t\t\t\n\t\t<\/div>\n\t\t\t<\/div>\n<\/div>\n\r\n<div  class=\"text-only-block text-only-block__white-background text-only-block__text-only\"> <!-- Removed undefined $style (before: echoed $style) -->\r\n    <div class=\"text-only-block__container container\">\r\n                    <div class=\"text-only-block__content\">\r\n                                                                    <div class=\"text-only-block__description\"><p class=\"lede\"><span style=\"color: #3376a5\">En el IDI, nuestro equipo incluye un grupo diverso de profesionales que aportan experiencia de las Entidades Fiscalizadoras Superiores (EFS), los sectores p\u00fablico y privado, la comunidad de desarrollo y la sociedad civil. Tenemos un <\/span><span style=\"color: #3376a5\"> Consejo no ejecutivo como nuestro principal \u00f3rgano estrat\u00e9gico, y es responsable de gestionar la direcci\u00f3n estrat\u00e9gica del IDI. Los miembros del Consejo del IDI son nombrados por su m\u00e9rito profesional e incluyen principalmente a los Jefes de las EFS. <\/span><\/p>\n<p class=\"lede\"><span style=\"color: #3376a5\">El Auditor General de Noruega preside el Consejo del IDI y, junto con otros nueve miembros del Consejo de las EFS, se re\u00fanen al menos dos veces al a\u00f1o.<\/span><\/p>\n<p class=\"lede\"><span style=\"color: #3376a5\">Las reuniones del Consejo pueden incluir observadores. <\/span><\/p>\n<p class=\"lede\"><span style=\"color: #3376a5\">Los miembros del Consejo son nombrados por per\u00edodos de tres a\u00f1os hasta un m\u00e1ximo de seis a\u00f1os. <\/span><\/p>\n<\/div>\r\n                                \r\n                <!-- New: Wrap all buttons in __button-list for consistency with working block -->\r\n                <div class=\"text-only-block__button-list\">\r\n                    \r\n                                    <\/div>\r\n            <\/div>\r\n        \r\n        \r\n        \r\n            <\/div>\r\n<\/div>\n<div  class=\"our-team-block  block-background-color--blue block-title-align--left\" >\n\t<div class=\"our-team-block__container container\">\n\t\t\t\t\t<h2 class=\"our-team-block__title\">\n\t\t\t\tNuestro consejo\t\t\t<\/h2>\n\t\t\t\t\t\t\t<div class=\"our-team-block__items\">\n\t\t\t\t\t\t\t\t\t\t\t<div class=\"our-team-block__item\">\n\t\t\t\t\t\t\t<div class=\"our-team-block__item-image\">\n\t\t\t\t\t\t\t\t<img decoding=\"async\" src=\"https:\/\/idi.no\/wp-content\/uploads\/2025\/10\/Dr-Kraker.jpg\" alt=\"Margit Kraker\">\n\t\t\t\t\t\t\t<\/div>\n\t\t\t\t\t\t\t<div class=\"our-team-block__item-content\">\n\t\t\t\t\t\t\t\t\t\t\t\t\t\t\t\t\t<a \thref=\"https:\/\/idi.no\/es\/our-team\/margit-kraker\/\" \n\t\t\t\t\t\t\t\t\t\tclass=\"our-team-block__item-full-card-link\"\n\t\t\t\t\t\t\t\t\t\tdata-uw-ignore-s3\n\t\t\t\t\t\t\t\t\t>\n\t\t\t\t\t\t\t\t\t<\/a>\n\t\t\t\t\t\t\t\t\t<h6 class=\"our-team-block__item-title\">Margit Kraker<\/h6>\n\t\t\t\t\t\t\t\t\t\t\t\t\t\t\t\t<div class=\"our-team-block__item-job-title\">\n\t\t\t\t\t\t\t\t\tMiembro de la Junta de IDI\n\t\t\t\t\t\t\t\t<\/div>\n\t\t\t\t\t\t\t<\/div>\n\t\t\t\t\t\t<\/div>\n\t\t\t\t\t\t\t\t\t\t\t<div class=\"our-team-block__item\">\n\t\t\t\t\t\t\t<div class=\"our-team-block__item-image\">\n\t\t\t\t\t\t\t\t<img decoding=\"async\" src=\"https:\/\/idi.no\/wp-content\/uploads\/2025\/10\/Tashi.jpg\" alt=\"Tashi\">\n\t\t\t\t\t\t\t<\/div>\n\t\t\t\t\t\t\t<div class=\"our-team-block__item-content\">\n\t\t\t\t\t\t\t\t\t\t\t\t\t\t\t\t\t<a \thref=\"https:\/\/idi.no\/es\/our-team\/tashi\/\" \n\t\t\t\t\t\t\t\t\t\tclass=\"our-team-block__item-full-card-link\"\n\t\t\t\t\t\t\t\t\t\tdata-uw-ignore-s3\n\t\t\t\t\t\t\t\t\t>\n\t\t\t\t\t\t\t\t\t<\/a>\n\t\t\t\t\t\t\t\t\t<h6 class=\"our-team-block__item-title\">Tashi<\/h6>\n\t\t\t\t\t\t\t\t\t\t\t\t\t\t\t\t<div class=\"our-team-block__item-job-title\">\n\t\t\t\t\t\t\t\t\tMiembro de la Junta de IDI\n\t\t\t\t\t\t\t\t<\/div>\n\t\t\t\t\t\t\t<\/div>\n\t\t\t\t\t\t<\/div>\n\t\t\t\t\t\t\t\t\t\t\t<div class=\"our-team-block__item\">\n\t\t\t\t\t\t\t<div class=\"our-team-block__item-image\">\n\t\t\t\t\t\t\t\t<img decoding=\"async\" src=\"https:\/\/idi.no\/wp-content\/uploads\/2025\/10\/AG.jpg\" alt=\"Nancy Gathungu\">\n\t\t\t\t\t\t\t<\/div>\n\t\t\t\t\t\t\t<div class=\"our-team-block__item-content\">\n\t\t\t\t\t\t\t\t\t\t\t\t\t\t\t\t\t<a \thref=\"https:\/\/idi.no\/es\/our-team\/nancy-gathungu\/\" \n\t\t\t\t\t\t\t\t\t\tclass=\"our-team-block__item-full-card-link\"\n\t\t\t\t\t\t\t\t\t\tdata-uw-ignore-s3\n\t\t\t\t\t\t\t\t\t>\n\t\t\t\t\t\t\t\t\t<\/a>\n\t\t\t\t\t\t\t\t\t<h6 class=\"our-team-block__item-title\">Nancy Gathungu<\/h6>\n\t\t\t\t\t\t\t\t\t\t\t\t\t\t\t\t<div class=\"our-team-block__item-job-title\">\n\t\t\t\t\t\t\t\t\tMiembro de la Junta de IDI\n\t\t\t\t\t\t\t\t<\/div>\n\t\t\t\t\t\t\t<\/div>\n\t\t\t\t\t\t<\/div>\n\t\t\t\t\t\t\t\t\t\t\t<div class=\"our-team-block__item\">\n\t\t\t\t\t\t\t<div class=\"our-team-block__item-image\">\n\t\t\t\t\t\t\t\t<img decoding=\"async\" src=\"https:\/\/idi.no\/wp-content\/uploads\/2025\/10\/Gareth-Davies.jpg\" alt=\"Gareth Davies\">\n\t\t\t\t\t\t\t<\/div>\n\t\t\t\t\t\t\t<div class=\"our-team-block__item-content\">\n\t\t\t\t\t\t\t\t\t\t\t\t\t\t\t\t\t<a \thref=\"https:\/\/idi.no\/es\/our-team\/gareth-davies\/\" \n\t\t\t\t\t\t\t\t\t\tclass=\"our-team-block__item-full-card-link\"\n\t\t\t\t\t\t\t\t\t\tdata-uw-ignore-s3\n\t\t\t\t\t\t\t\t\t>\n\t\t\t\t\t\t\t\t\t<\/a>\n\t\t\t\t\t\t\t\t\t<h6 class=\"our-team-block__item-title\">Gareth Davies<\/h6>\n\t\t\t\t\t\t\t\t\t\t\t\t\t\t\t\t<div class=\"our-team-block__item-job-title\">\n\t\t\t\t\t\t\t\t\tMiembro de la Junta de IDI\n\t\t\t\t\t\t\t\t<\/div>\n\t\t\t\t\t\t\t<\/div>\n\t\t\t\t\t\t<\/div>\n\t\t\t\t\t\t\t\t\t\t\t<div class=\"our-team-block__item\">\n\t\t\t\t\t\t\t<div class=\"our-team-block__item-image\">\n\t\t\t\t\t\t\t\t<img decoding=\"async\" src=\"https:\/\/idi.no\/wp-content\/uploads\/2025\/10\/Dr-Alanggari-1.jpg\" alt=\"Hussam Alangari\">\n\t\t\t\t\t\t\t<\/div>\n\t\t\t\t\t\t\t<div class=\"our-team-block__item-content\">\n\t\t\t\t\t\t\t\t\t\t\t\t\t\t\t\t\t<a \thref=\"https:\/\/idi.no\/es\/our-team\/hussam-alangari\/\" \n\t\t\t\t\t\t\t\t\t\tclass=\"our-team-block__item-full-card-link\"\n\t\t\t\t\t\t\t\t\t\tdata-uw-ignore-s3\n\t\t\t\t\t\t\t\t\t>\n\t\t\t\t\t\t\t\t\t<\/a>\n\t\t\t\t\t\t\t\t\t<h6 class=\"our-team-block__item-title\">Hussam Alangari<\/h6>\n\t\t\t\t\t\t\t\t\t\t\t\t\t\t\t\t<div class=\"our-team-block__item-job-title\">\n\t\t\t\t\t\t\t\t\tMiembro de la Junta de IDI\n\t\t\t\t\t\t\t\t<\/div>\n\t\t\t\t\t\t\t<\/div>\n\t\t\t\t\t\t<\/div>\n\t\t\t\t\t\t\t\t\t\t\t<div class=\"our-team-block__item\">\n\t\t\t\t\t\t\t<div class=\"our-team-block__item-image\">\n\t\t\t\t\t\t\t\t<img decoding=\"async\" src=\"https:\/\/idi.no\/wp-content\/uploads\/2025\/10\/Tom-Christer.jpg\" alt=\"Tom-Christer Nilsen\">\n\t\t\t\t\t\t\t<\/div>\n\t\t\t\t\t\t\t<div class=\"our-team-block__item-content\">\n\t\t\t\t\t\t\t\t\t\t\t\t\t\t\t\t\t<a \thref=\"https:\/\/idi.no\/es\/our-team\/tom-christer-nilsen\/\" \n\t\t\t\t\t\t\t\t\t\tclass=\"our-team-block__item-full-card-link\"\n\t\t\t\t\t\t\t\t\t\tdata-uw-ignore-s3\n\t\t\t\t\t\t\t\t\t>\n\t\t\t\t\t\t\t\t\t<\/a>\n\t\t\t\t\t\t\t\t\t<h6 class=\"our-team-block__item-title\">Tom-Christer Nilsen<\/h6>\n\t\t\t\t\t\t\t\t\t\t\t\t\t\t\t\t<div class=\"our-team-block__item-job-title\">\n\t\t\t\t\t\t\t\t\tMiembro de la Junta de IDI\n\t\t\t\t\t\t\t\t<\/div>\n\t\t\t\t\t\t\t<\/div>\n\t\t\t\t\t\t<\/div>\n\t\t\t\t\t\t\t\t\t\t\t<div class=\"our-team-block__item\">\n\t\t\t\t\t\t\t<div class=\"our-team-block__item-image\">\n\t\t\t\t\t\t\t\t<img decoding=\"async\" src=\"https:\/\/idi.no\/wp-content\/uploads\/2025\/10\/Merethe.jpg\" alt=\"Merethe Nordling\">\n\t\t\t\t\t\t\t<\/div>\n\t\t\t\t\t\t\t<div class=\"our-team-block__item-content\">\n\t\t\t\t\t\t\t\t\t\t\t\t\t\t\t\t\t<a \thref=\"https:\/\/idi.no\/es\/our-team\/merethe-nordling\/\" \n\t\t\t\t\t\t\t\t\t\tclass=\"our-team-block__item-full-card-link\"\n\t\t\t\t\t\t\t\t\t\tdata-uw-ignore-s3\n\t\t\t\t\t\t\t\t\t>\n\t\t\t\t\t\t\t\t\t<\/a>\n\t\t\t\t\t\t\t\t\t<h6 class=\"our-team-block__item-title\">Merethe Nordling<\/h6>\n\t\t\t\t\t\t\t\t\t\t\t\t\t\t\t\t<div class=\"our-team-block__item-job-title\">\n\t\t\t\t\t\t\t\t\tMiembro de la Junta de IDI\n\t\t\t\t\t\t\t\t<\/div>\n\t\t\t\t\t\t\t<\/div>\n\t\t\t\t\t\t<\/div>\n\t\t\t\t\t\t\t\t\t\t\t<div class=\"our-team-block__item\">\n\t\t\t\t\t\t\t<div class=\"our-team-block__item-image\">\n\t\t\t\t\t\t\t\t<img decoding=\"async\" src=\"https:\/\/idi.no\/wp-content\/uploads\/2025\/10\/Chair.jpg\" alt=\"Karl Eirik Schj\u00f8tt-Pedersen\">\n\t\t\t\t\t\t\t<\/div>\n\t\t\t\t\t\t\t<div class=\"our-team-block__item-content\">\n\t\t\t\t\t\t\t\t\t\t\t\t\t\t\t\t\t<a \thref=\"https:\/\/idi.no\/es\/our-team\/karl-eirik-schjott-pedersen\/\" \n\t\t\t\t\t\t\t\t\t\tclass=\"our-team-block__item-full-card-link\"\n\t\t\t\t\t\t\t\t\t\tdata-uw-ignore-s3\n\t\t\t\t\t\t\t\t\t>\n\t\t\t\t\t\t\t\t\t<\/a>\n\t\t\t\t\t\t\t\t\t<h6 class=\"our-team-block__item-title\">Karl Eirik Schj\u00f8tt-Pedersen<\/h6>\n\t\t\t\t\t\t\t\t\t\t\t\t\t\t\t\t<div class=\"our-team-block__item-job-title\">\n\t\t\t\t\t\t\t\t\tPresidente de la Junta de IDI\n\t\t\t\t\t\t\t\t<\/div>\n\t\t\t\t\t\t\t<\/div>\n\t\t\t\t\t\t<\/div>\n\t\t\t\t\t\t\t\t\t\t\t<div class=\"our-team-block__item\">\n\t\t\t\t\t\t\t<div class=\"our-team-block__item-image\">\n\t\t\t\t\t\t\t\t<img decoding=\"async\" src=\"https:\/\/idi.no\/wp-content\/uploads\/2025\/10\/Tsakani-1-2.jpg\" alt=\"Tsakani Maluleke\">\n\t\t\t\t\t\t\t<\/div>\n\t\t\t\t\t\t\t<div class=\"our-team-block__item-content\">\n\t\t\t\t\t\t\t\t\t\t\t\t\t\t\t\t\t<a \thref=\"https:\/\/idi.no\/es\/our-team\/tsakani-maluleke\/\" \n\t\t\t\t\t\t\t\t\t\tclass=\"our-team-block__item-full-card-link\"\n\t\t\t\t\t\t\t\t\t\tdata-uw-ignore-s3\n\t\t\t\t\t\t\t\t\t>\n\t\t\t\t\t\t\t\t\t<\/a>\n\t\t\t\t\t\t\t\t\t<h6 class=\"our-team-block__item-title\">Tsakani Maluleke<\/h6>\n\t\t\t\t\t\t\t\t\t\t\t\t\t\t\t\t<div class=\"our-team-block__item-job-title\">\n\t\t\t\t\t\t\t\t\tVicepresidente de la Junta de IDI\n\t\t\t\t\t\t\t\t<\/div>\n\t\t\t\t\t\t\t<\/div>\n\t\t\t\t\t\t<\/div>\n\t\t\t\t\t\t\t\t\t\t\t<div class=\"our-team-block__item\">\n\t\t\t\t\t\t\t<div class=\"our-team-block__item-image\">\n\t\t\t\t\t\t\t\t<img decoding=\"async\" src=\"https:\/\/idi.no\/wp-content\/uploads\/2025\/10\/Bruno.jpg\" alt=\"Bruno Dantas\">\n\t\t\t\t\t\t\t<\/div>\n\t\t\t\t\t\t\t<div class=\"our-team-block__item-content\">\n\t\t\t\t\t\t\t\t\t\t\t\t\t\t\t\t\t<a \thref=\"https:\/\/idi.no\/our-team\/bruno-dantas\/\" \n\t\t\t\t\t\t\t\t\t\tclass=\"our-team-block__item-full-card-link\"\n\t\t\t\t\t\t\t\t\t\tdata-uw-ignore-s3\n\t\t\t\t\t\t\t\t\t>\n\t\t\t\t\t\t\t\t\t<\/a>\n\t\t\t\t\t\t\t\t\t<h6 class=\"our-team-block__item-title\">Bruno Dantas<\/h6>\n\t\t\t\t\t\t\t\t\t\t\t\t\t\t\t\t<div class=\"our-team-block__item-job-title\">\n\t\t\t\t\t\t\t\t\tMember of the IDI Board\n\t\t\t\t\t\t\t\t<\/div>\n\t\t\t\t\t\t\t<\/div>\n\t\t\t\t\t\t<\/div>\n\t\t\t\t\t\t\t\t\n\t\t<\/div>\n\t\t\t\t\t<\/div>\n<\/div>\n    <div         class=\"event-news-grid-block block-background-color--white\">\n        <div class=\"event-news-grid-block__container container\">\n            <h2 class=\"event-news-grid-block__label\">Noticias<\/h2>\n            <div class=\"event-news-grid-block__grid\">\n                    <div class=\"news-card\">\r\n        <a  href=\"https:\/\/idi.no\/news-and-events\/news\/invitation-to-heads-of-sais-and-members-of-board-of-auditors-general-to-serve-on-the-idi-board\/\"\r\n            class=\"news-card__full-card-link\"\r\n            data-uw-ignore-s3\r\n        ><\/a>\r\n                    <img decoding=\"async\" src=\"https:\/\/idi.no\/wp-content\/uploads\/2025\/10\/Call-for-interest-IDI-Board.jpg\" alt=\"Invitation to Heads of SAIs and Members of Board of Auditors General to serve on the IDI Board\" class=\"news-card__image\">\r\n                            <div class=\"news-card__categories\"><a href=\"https:\/\/idi.no\/es\/news\/\">News<\/a><\/div>\r\n                            <div class=\"news-card__date\">16\/05\/2025<\/div>\r\n                            <h6 class=\"news-card__title\">Invitation to Heads of SAIs and Members of Board of Auditors General to serve on the IDI Board<\/h6>\r\n                        <a href=\"https:\/\/idi.no\/news-and-events\/news\/invitation-to-heads-of-sais-and-members-of-board-of-auditors-general-to-serve-on-the-idi-board\/\" class=\"news-card__link\">Read more<\/a>\r\n    <\/div>\r\n        <div class=\"news-card\">\r\n        <a  href=\"https:\/\/idi.no\/news-and-events\/news\/idi-board-meeting-november-23\/\"\r\n            class=\"news-card__full-card-link\"\r\n            data-uw-ignore-s3\r\n        ><\/a>\r\n                    <img decoding=\"async\" src=\"https:\/\/idi.no\/wp-content\/uploads\/Ops_plan_news_header.jpg\" alt=\"Board approves IDI&#8217;s Operational Plan for 2024\" class=\"news-card__image\">\r\n                            <div class=\"news-card__categories\"><a href=\"https:\/\/idi.no\/es\/news\/\">News<\/a><\/div>\r\n                            <div class=\"news-card__date\">29\/11\/2023<\/div>\r\n                            <h6 class=\"news-card__title\">Board approves IDI&#8217;s Operational Plan for 2024<\/h6>\r\n                        <a href=\"https:\/\/idi.no\/news-and-events\/news\/idi-board-meeting-november-23\/\" class=\"news-card__link\">Read more<\/a>\r\n    <\/div>\r\n        <div class=\"news-card\">\r\n        <a  href=\"https:\/\/idi.no\/news-and-events\/news\/idi-board-meeting-june-2023\/\"\r\n            class=\"news-card__full-card-link\"\r\n            data-uw-ignore-s3\r\n        ><\/a>\r\n                    <img decoding=\"async\" src=\"https:\/\/idi.no\/wp-content\/uploads\/Jun_20_IDI_SP_Cover_Option_7.jpg\" alt=\"Board approves new IDI Strategic Plan 2024 &#8211; 2029 and revised operational plan for 2023\u00a0\" class=\"news-card__image\">\r\n                            <div class=\"news-card__categories\"><a href=\"https:\/\/idi.no\/es\/news\/\">News<\/a><\/div>\r\n                            <div class=\"news-card__date\">26\/06\/2023<\/div>\r\n                            <h6 class=\"news-card__title\">Board approves new IDI Strategic Plan 2024 &#8211; 2029 and revised operational plan for 2023\u00a0<\/h6>\r\n                        <a href=\"https:\/\/idi.no\/news-and-events\/news\/idi-board-meeting-june-2023\/\" class=\"news-card__link\">Read more<\/a>\r\n    <\/div>\r\n        <div class=\"news-card\">\r\n        <a  href=\"https:\/\/idi.no\/news-and-events\/news\/sai-independence-at-risk\/\"\r\n            class=\"news-card__full-card-link\"\r\n            data-uw-ignore-s3\r\n        ><\/a>\r\n                    <img decoding=\"async\" src=\"https:\/\/idi.no\/wp-content\/uploads\/Public_Finance_Focus_Joomla_Thumbnail_and_Intro_Photo_1200_x_720_px_1.png\" alt=\"SAI Independence at risk!\" class=\"news-card__image\">\r\n                            <div class=\"news-card__categories\"><a href=\"https:\/\/idi.no\/es\/news\/\">News<\/a><\/div>\r\n                            <div class=\"news-card__date\">20\/05\/2024<\/div>\r\n                            <h6 class=\"news-card__title\">SAI Independence at risk!<\/h6>\r\n                        <a href=\"https:\/\/idi.no\/news-and-events\/news\/sai-independence-at-risk\/\" class=\"news-card__link\">Read more<\/a>\r\n    <\/div>\r\n                <\/div>\n                            <div class=\"event-news-grid-block__footer block-footer\">\n                                        <a  href=\"https:\/\/idi.no\/news-and-events\/news\/\" \n                        class=\"button button--primary\"\n                                            >\n                        NEWS                    <\/a>\n                <\/div>\n                    <\/div>\n    <\/div>\n","protected":false},"excerpt":{"rendered":"","protected":false},"author":1,"featured_media":0,"parent":13354,"menu_order":0,"comment_status":"closed","ping_status":"closed","template":"","meta":{"footnotes":""},"class_list":["post-13395","page","type-page","status-publish","hentry"],"acf":[],"yoast_head":"<!-- This site is optimized with the Yoast SEO plugin v25.3 - https:\/\/yoast.com\/wordpress\/plugins\/seo\/ -->\n<title>Consejo y gobernanza del IDI - IDI<\/title>\n<meta name=\"robots\" content=\"index, follow, max-snippet:-1, max-image-preview:large, max-video-preview:-1\" \/>\n<link rel=\"canonical\" href=\"https:\/\/idi.no\/es\/about\/board-governance\/\" \/>\n<meta property=\"og:locale\" content=\"es_ES\" \/>\n<meta property=\"og:type\" content=\"article\" \/>\n<meta property=\"og:title\" content=\"Consejo y gobernanza del IDI - IDI\" \/>\n<meta property=\"og:url\" content=\"https:\/\/idi.no\/es\/about\/board-governance\/\" \/>\n<meta property=\"og:site_name\" content=\"IDI\" \/>\n<meta property=\"article:modified_time\" content=\"2025-11-12T22:33:11+00:00\" \/>\n<meta name=\"twitter:card\" content=\"summary_large_image\" \/>\n<script type=\"application\/ld+json\" class=\"yoast-schema-graph\">{\"@context\":\"https:\/\/schema.org\",\"@graph\":[{\"@type\":\"WebPage\",\"@id\":\"https:\/\/idi.no\/es\/about\/board-governance\/\",\"url\":\"https:\/\/idi.no\/es\/about\/board-governance\/\",\"name\":\"Consejo y gobernanza del IDI - IDI\",\"isPartOf\":{\"@id\":\"https:\/\/idi.no\/es\/#website\"},\"datePublished\":\"2025-06-23T14:21:26+00:00\",\"dateModified\":\"2025-11-12T22:33:11+00:00\",\"breadcrumb\":{\"@id\":\"https:\/\/idi.no\/es\/about\/board-governance\/#breadcrumb\"},\"inLanguage\":\"es\",\"potentialAction\":[{\"@type\":\"ReadAction\",\"target\":[\"https:\/\/idi.no\/es\/about\/board-governance\/\"]}]},{\"@type\":\"BreadcrumbList\",\"@id\":\"https:\/\/idi.no\/es\/about\/board-governance\/#breadcrumb\",\"itemListElement\":[{\"@type\":\"ListItem\",\"position\":1,\"name\":\"Home\",\"item\":\"https:\/\/idi.no\/es\/\"},{\"@type\":\"ListItem\",\"position\":2,\"name\":\"Acerca\",\"item\":\"https:\/\/idi.no\/es\/about\/\"},{\"@type\":\"ListItem\",\"position\":3,\"name\":\"Consejo y gobernanza del IDI\"}]},{\"@type\":\"WebSite\",\"@id\":\"https:\/\/idi.no\/es\/#website\",\"url\":\"https:\/\/idi.no\/es\/\",\"name\":\"IDI\",\"description\":\"\",\"potentialAction\":[{\"@type\":\"SearchAction\",\"target\":{\"@type\":\"EntryPoint\",\"urlTemplate\":\"https:\/\/idi.no\/es\/?s={search_term_string}\"},\"query-input\":{\"@type\":\"PropertyValueSpecification\",\"valueRequired\":true,\"valueName\":\"search_term_string\"}}],\"inLanguage\":\"es\"}]}<\/script>\n<!-- \/ Yoast SEO plugin. -->","yoast_head_json":{"title":"Consejo y gobernanza del IDI - IDI","robots":{"index":"index","follow":"follow","max-snippet":"max-snippet:-1","max-image-preview":"max-image-preview:large","max-video-preview":"max-video-preview:-1"},"canonical":"https:\/\/idi.no\/es\/about\/board-governance\/","og_locale":"es_ES","og_type":"article","og_title":"Consejo y gobernanza del IDI - IDI","og_url":"https:\/\/idi.no\/es\/about\/board-governance\/","og_site_name":"IDI","article_modified_time":"2025-11-12T22:33:11+00:00","twitter_card":"summary_large_image","schema":{"@context":"https:\/\/schema.org","@graph":[{"@type":"WebPage","@id":"https:\/\/idi.no\/es\/about\/board-governance\/","url":"https:\/\/idi.no\/es\/about\/board-governance\/","name":"Consejo y gobernanza del IDI - IDI","isPartOf":{"@id":"https:\/\/idi.no\/es\/#website"},"datePublished":"2025-06-23T14:21:26+00:00","dateModified":"2025-11-12T22:33:11+00:00","breadcrumb":{"@id":"https:\/\/idi.no\/es\/about\/board-governance\/#breadcrumb"},"inLanguage":"es","potentialAction":[{"@type":"ReadAction","target":["https:\/\/idi.no\/es\/about\/board-governance\/"]}]},{"@type":"BreadcrumbList","@id":"https:\/\/idi.no\/es\/about\/board-governance\/#breadcrumb","itemListElement":[{"@type":"ListItem","position":1,"name":"Home","item":"https:\/\/idi.no\/es\/"},{"@type":"ListItem","position":2,"name":"Acerca","item":"https:\/\/idi.no\/es\/about\/"},{"@type":"ListItem","position":3,"name":"Consejo y gobernanza del IDI"}]},{"@type":"WebSite","@id":"https:\/\/idi.no\/es\/#website","url":"https:\/\/idi.no\/es\/","name":"IDI","description":"","potentialAction":[{"@type":"SearchAction","target":{"@type":"EntryPoint","urlTemplate":"https:\/\/idi.no\/es\/?s={search_term_string}"},"query-input":{"@type":"PropertyValueSpecification","valueRequired":true,"valueName":"search_term_string"}}],"inLanguage":"es"}]}},"_links":{"self":[{"href":"https:\/\/idi.no\/es\/wp-json\/wp\/v2\/pages\/13395","targetHints":{"allow":["GET"]}}],"collection":[{"href":"https:\/\/idi.no\/es\/wp-json\/wp\/v2\/pages"}],"about":[{"href":"https:\/\/idi.no\/es\/wp-json\/wp\/v2\/types\/page"}],"author":[{"embeddable":true,"href":"https:\/\/idi.no\/es\/wp-json\/wp\/v2\/users\/1"}],"replies":[{"embeddable":true,"href":"https:\/\/idi.no\/es\/wp-json\/wp\/v2\/comments?post=13395"}],"version-history":[{"count":22,"href":"https:\/\/idi.no\/es\/wp-json\/wp\/v2\/pages\/13395\/revisions"}],"predecessor-version":[{"id":27341,"href":"https:\/\/idi.no\/es\/wp-json\/wp\/v2\/pages\/13395\/revisions\/27341"}],"up":[{"embeddable":true,"href":"https:\/\/idi.no\/es\/wp-json\/wp\/v2\/pages\/13354"}],"wp:attachment":[{"href":"https:\/\/idi.no\/es\/wp-json\/wp\/v2\/media?parent=13395"}],"curies":[{"name":"wp","href":"https:\/\/api.w.org\/{rel}","templated":true}]}}