{"id":13404,"date":"2025-06-12T10:39:28","date_gmt":"2025-06-12T10:39:28","guid":{"rendered":"https:\/\/idi.no\/about\/strategies-impact\/annual-reports\/"},"modified":"2025-11-12T22:35:11","modified_gmt":"2025-11-12T22:35:11","slug":"annual-reports","status":"publish","type":"page","link":"https:\/\/idi.no\/es\/about\/strategies-impact\/annual-reports\/","title":{"rendered":"Informes anuales y estados financieros"},"content":{"rendered":"\n<div  class=\"hero-block \" >\n\t<div class=\"hero-block__container container\">\n\t\t<div class=\"hero-block__content\">\n\t\t\t\t\t\t\t\t\t\t<h1 class=\"hero-block__title\">\n\t\t\t\t\tInformes anuales y estados financieros\t\t\t\t<\/h1>\n\t\t\t\t\t\t\t\t\t\t\t\t\t<div class=\"hero-block__description\">\n\t\t\t\t\tLa IDI publica un informe anual que muestra su rendimiento, informaci\u00f3n financiera y c\u00f3mo la IDI apoya a las EFS participantes en su gobernanza y trabajo, lo que en \u00faltima instancia tiene un impacto positivo en la vida de las personas\t\t\t\t<\/div>\n\t\t\t\n\t\t<\/div>\n\t\t\t<\/div>\n<\/div>\n\r\n<div  class=\"text-only-block text-only-block__white-background text-only-block__text-only\"> <!-- Removed undefined $style (before: echoed $style) -->\r\n    <div class=\"text-only-block__container container\">\r\n                    <div class=\"text-only-block__content\">\r\n                                                    <div class=\"text-only-block__subtitle lede\">El Informe Anual 2024 presenta una instant\u00e1nea del trabajo de la IDI para 2024. <\/div>\r\n                                                    <div class=\"text-only-block__description\"><p>En medio de los desaf\u00edos pol\u00edticos y financieros mundiales, los continuos esfuerzos de la IDI en 2024 para apoyar a las Entidades Fiscalizadoras Superiores (EFS) de todo el mundo han dado sus frutos. 2024 fue otro a\u00f1o con s\u00f3lidos resultados y participaci\u00f3n de las EFS en las iniciativas de la IDI. <\/p>\n<p>Para obtener una visi\u00f3n general del Informe Anual de 2024, consulte los documentos que se muestran a continuaci\u00f3n.<\/p>\n<\/div>\r\n                                \r\n                <!-- New: Wrap all buttons in __button-list for consistency with working block -->\r\n                <div class=\"text-only-block__button-list\">\r\n                    \r\n                                    <\/div>\r\n            <\/div>\r\n        \r\n        \r\n        \r\n            <\/div>\r\n<\/div>\t<div \n\t\t\tclass=\"recent-resources-block  block-style_white\">\n\t\t<div class=\"recent-resources-block__container container resource_type__All\">\n\t\t\t<h2 class=\"recent-resources-block__label \">Estados financieros<\/h2>\n\t\t\t<div class=\"recent-resources-block__grid  facetwp-template \">\n\t\t\t\t\r\n<div class=\"resource-item content-type__financial-statements post-type__resource \">\r\n\r\n            <p class=\"resource-item__image \">\r\n            <img decoding=\"async\" src=\"https:\/\/idi.no\/wp-content\/uploads\/2025\/08\/Cover-page-Notes-to-the-Financial-Statements-2024.jpg\"\r\n                 alt=\"Notas a los Estados Financieros de IDI 2024\" \r\n                 class=\"resource-item__image\">\r\n        <\/p>\r\n    \r\n    <div class=\"resource-item__content \">\r\n                    <div class=\"resource-item__content-type \">\r\n                <a href=\"\/es\/\/resources-archive\/resources-archive?_content_type=financial-statements\">Financial Statements<\/a>            <\/div>\r\n        \r\n                    <p class=\"resource-item__title \">\r\n                <a href=\"https:\/\/idi.no\/wp-content\/uploads\/resource_files\/notes-to-the-idi-financial-statements-2024.pdf\"  target=\"_blank\" rel=\"noopener noreferrer\">\r\n                    Notas a los Estados Financieros de IDI 2024                <\/a>\r\n            <\/p>\r\n        \r\n        \r\n        <div class=\"resource-item__link \">\r\n                            <a href=\"https:\/\/idi.no\/wp-content\/uploads\/resource_files\/notes-to-the-idi-financial-statements-2024.pdf\" class=\"resource-item__download-link \" download>\r\n                    Download                    <span class=\"resource-item__download-link-arrow \">\u2193<\/span>\r\n                <\/a>\r\n                    <\/div>\r\n    <\/div>\r\n<\/div>\r\n\r\n<div class=\"resource-item content-type__financial-statements post-type__resource \">\r\n\r\n            <p class=\"resource-item__image \">\r\n            <img decoding=\"async\" src=\"https:\/\/idi.no\/wp-content\/uploads\/2025\/08\/Cover-page-IDI-Financial-Statements-2024.jpg\"\r\n                 alt=\"Estados Financieros IDI 2024\" \r\n                 class=\"resource-item__image\">\r\n        <\/p>\r\n    \r\n    <div class=\"resource-item__content \">\r\n                    <div class=\"resource-item__content-type \">\r\n                <a href=\"\/es\/\/resources-archive\/resources-archive?_content_type=financial-statements\">Financial Statements<\/a>            <\/div>\r\n        \r\n                    <p class=\"resource-item__title \">\r\n                <a href=\"https:\/\/idi.no\/wp-content\/uploads\/resource_files\/idi-financial-statements-2024.pdf\"  target=\"_blank\" rel=\"noopener noreferrer\">\r\n                    Estados Financieros IDI 2024                <\/a>\r\n            <\/p>\r\n        \r\n        \r\n        <div class=\"resource-item__link \">\r\n                            <a href=\"https:\/\/idi.no\/wp-content\/uploads\/resource_files\/idi-financial-statements-2024.pdf\" class=\"resource-item__download-link \" download>\r\n                    Download                    <span class=\"resource-item__download-link-arrow \">\u2193<\/span>\r\n                <\/a>\r\n                    <\/div>\r\n    <\/div>\r\n<\/div>\r\n\r\n<div class=\"resource-item content-type__financial-statements post-type__resource \">\r\n\r\n            <p class=\"resource-item__image \">\r\n            <img decoding=\"async\" src=\"https:\/\/idi.no\/wp-content\/uploads\/pdf_preview\/d30960ce77e83d896503d43ba249caf7.jpg\"\r\n                 alt=\"Informe de auditor\u00eda 2024\" \r\n                 class=\"resource-item__image\">\r\n        <\/p>\r\n    \r\n    <div class=\"resource-item__content \">\r\n                    <div class=\"resource-item__content-type \">\r\n                <a href=\"\/es\/\/resources-archive\/resources-archive?_content_type=financial-statements\">Financial Statements<\/a>            <\/div>\r\n        \r\n                    <p class=\"resource-item__title \">\r\n                <a href=\"https:\/\/idi.no\/wp-content\/uploads\/resource_files\/auditors-report-2024.pdf\"  target=\"_blank\" rel=\"noopener noreferrer\">\r\n                    Informe de auditor\u00eda 2024                <\/a>\r\n            <\/p>\r\n        \r\n        \r\n        <div class=\"resource-item__link \">\r\n                            <a href=\"https:\/\/idi.no\/wp-content\/uploads\/resource_files\/auditors-report-2024.pdf\" class=\"resource-item__download-link \" download>\r\n                    Download                    <span class=\"resource-item__download-link-arrow \">\u2193<\/span>\r\n                <\/a>\r\n                    <\/div>\r\n    <\/div>\r\n<\/div>\r\n\t\t\t<\/div>\n\t\t\t\t\t\t\t<div class=\"recent-resources-block__footer \">\n\t\t\t\t\t\t\t\t\t\t<a \thref=\"\/resource-library\/resources-archive\/?_content_type=financial-statements\"\n\t\t\t\t\t\tclass=\"recent-resources-block__footer_link \"\n\t\t\t\t\t\t\t\t\t\t\t>\n\t\t\t\t\t\tSee more\t\t\t\t\t<\/a>\n\t\t\t\t<\/div>\n\t\t\t\t\t<\/div>\n\t<\/div>\n\r\n<div  class=\"text-only-block text-only-block__white-background text-only-block__text-only\"> <!-- Removed undefined $style (before: echoed $style) -->\r\n    <div class=\"text-only-block__container container\">\r\n                    <div class=\"text-only-block__content\">\r\n                                                                    <div class=\"text-only-block__description\"><p><em>El Informe Anual de la IDI realiza un seguimiento del progreso con respecto a sus Planes Operativos anuales y mide los resultados con respecto a su Marco de Resultados del Plan Estrat\u00e9gico. Cada informe incluye una descripci\u00f3n concisa de los aspectos m\u00e1s destacados del Informe Anual en todas las prioridades estrat\u00e9gicas, junto con ap\u00e9ndices detallados para cada una de las l\u00edneas de trabajo y el Sistema de Resultados de 2024. <\/em><\/p>\n<\/div>\r\n                                \r\n                <!-- New: Wrap all buttons in __button-list for consistency with working block -->\r\n                <div class=\"text-only-block__button-list\">\r\n                    \r\n                                    <\/div>\r\n            <\/div>\r\n        \r\n        \r\n        \r\n            <\/div>\r\n<\/div>","protected":false},"excerpt":{"rendered":"","protected":false},"author":1,"featured_media":0,"parent":13393,"menu_order":0,"comment_status":"closed","ping_status":"closed","template":"","meta":{"footnotes":""},"class_list":["post-13404","page","type-page","status-publish","hentry"],"acf":[],"yoast_head":"<!-- This site is optimized with the Yoast SEO plugin v25.3 - https:\/\/yoast.com\/wordpress\/plugins\/seo\/ -->\n<title>Informes anuales y estados financieros - IDI<\/title>\n<meta name=\"robots\" content=\"index, follow, max-snippet:-1, max-image-preview:large, max-video-preview:-1\" \/>\n<link rel=\"canonical\" href=\"https:\/\/idi.no\/es\/about\/strategies-impact\/annual-reports\/\" \/>\n<meta property=\"og:locale\" content=\"es_ES\" \/>\n<meta property=\"og:type\" content=\"article\" \/>\n<meta property=\"og:title\" content=\"Informes anuales y estados financieros - IDI\" \/>\n<meta property=\"og:url\" content=\"https:\/\/idi.no\/es\/about\/strategies-impact\/annual-reports\/\" \/>\n<meta property=\"og:site_name\" content=\"IDI\" \/>\n<meta property=\"article:modified_time\" content=\"2025-11-12T22:35:11+00:00\" \/>\n<meta name=\"twitter:card\" content=\"summary_large_image\" \/>\n<script type=\"application\/ld+json\" class=\"yoast-schema-graph\">{\"@context\":\"https:\/\/schema.org\",\"@graph\":[{\"@type\":\"WebPage\",\"@id\":\"https:\/\/idi.no\/es\/about\/strategies-impact\/annual-reports\/\",\"url\":\"https:\/\/idi.no\/es\/about\/strategies-impact\/annual-reports\/\",\"name\":\"Informes anuales y estados financieros - IDI\",\"isPartOf\":{\"@id\":\"https:\/\/idi.no\/es\/#website\"},\"datePublished\":\"2025-06-12T10:39:28+00:00\",\"dateModified\":\"2025-11-12T22:35:11+00:00\",\"breadcrumb\":{\"@id\":\"https:\/\/idi.no\/es\/about\/strategies-impact\/annual-reports\/#breadcrumb\"},\"inLanguage\":\"es\",\"potentialAction\":[{\"@type\":\"ReadAction\",\"target\":[\"https:\/\/idi.no\/es\/about\/strategies-impact\/annual-reports\/\"]}]},{\"@type\":\"BreadcrumbList\",\"@id\":\"https:\/\/idi.no\/es\/about\/strategies-impact\/annual-reports\/#breadcrumb\",\"itemListElement\":[{\"@type\":\"ListItem\",\"position\":1,\"name\":\"Home\",\"item\":\"https:\/\/idi.no\/es\/\"},{\"@type\":\"ListItem\",\"position\":2,\"name\":\"Acerca\",\"item\":\"https:\/\/idi.no\/es\/about\/\"},{\"@type\":\"ListItem\",\"position\":3,\"name\":\"Estrategia y Resultados\",\"item\":\"https:\/\/idi.no\/es\/about\/strategies-impact\/\"},{\"@type\":\"ListItem\",\"position\":4,\"name\":\"Informes anuales y estados financieros\"}]},{\"@type\":\"WebSite\",\"@id\":\"https:\/\/idi.no\/es\/#website\",\"url\":\"https:\/\/idi.no\/es\/\",\"name\":\"IDI\",\"description\":\"\",\"potentialAction\":[{\"@type\":\"SearchAction\",\"target\":{\"@type\":\"EntryPoint\",\"urlTemplate\":\"https:\/\/idi.no\/es\/?s={search_term_string}\"},\"query-input\":{\"@type\":\"PropertyValueSpecification\",\"valueRequired\":true,\"valueName\":\"search_term_string\"}}],\"inLanguage\":\"es\"}]}<\/script>\n<!-- \/ Yoast SEO plugin. -->","yoast_head_json":{"title":"Informes anuales y estados financieros - IDI","robots":{"index":"index","follow":"follow","max-snippet":"max-snippet:-1","max-image-preview":"max-image-preview:large","max-video-preview":"max-video-preview:-1"},"canonical":"https:\/\/idi.no\/es\/about\/strategies-impact\/annual-reports\/","og_locale":"es_ES","og_type":"article","og_title":"Informes anuales y estados financieros - IDI","og_url":"https:\/\/idi.no\/es\/about\/strategies-impact\/annual-reports\/","og_site_name":"IDI","article_modified_time":"2025-11-12T22:35:11+00:00","twitter_card":"summary_large_image","schema":{"@context":"https:\/\/schema.org","@graph":[{"@type":"WebPage","@id":"https:\/\/idi.no\/es\/about\/strategies-impact\/annual-reports\/","url":"https:\/\/idi.no\/es\/about\/strategies-impact\/annual-reports\/","name":"Informes anuales y estados financieros - IDI","isPartOf":{"@id":"https:\/\/idi.no\/es\/#website"},"datePublished":"2025-06-12T10:39:28+00:00","dateModified":"2025-11-12T22:35:11+00:00","breadcrumb":{"@id":"https:\/\/idi.no\/es\/about\/strategies-impact\/annual-reports\/#breadcrumb"},"inLanguage":"es","potentialAction":[{"@type":"ReadAction","target":["https:\/\/idi.no\/es\/about\/strategies-impact\/annual-reports\/"]}]},{"@type":"BreadcrumbList","@id":"https:\/\/idi.no\/es\/about\/strategies-impact\/annual-reports\/#breadcrumb","itemListElement":[{"@type":"ListItem","position":1,"name":"Home","item":"https:\/\/idi.no\/es\/"},{"@type":"ListItem","position":2,"name":"Acerca","item":"https:\/\/idi.no\/es\/about\/"},{"@type":"ListItem","position":3,"name":"Estrategia y Resultados","item":"https:\/\/idi.no\/es\/about\/strategies-impact\/"},{"@type":"ListItem","position":4,"name":"Informes anuales y estados financieros"}]},{"@type":"WebSite","@id":"https:\/\/idi.no\/es\/#website","url":"https:\/\/idi.no\/es\/","name":"IDI","description":"","potentialAction":[{"@type":"SearchAction","target":{"@type":"EntryPoint","urlTemplate":"https:\/\/idi.no\/es\/?s={search_term_string}"},"query-input":{"@type":"PropertyValueSpecification","valueRequired":true,"valueName":"search_term_string"}}],"inLanguage":"es"}]}},"_links":{"self":[{"href":"https:\/\/idi.no\/es\/wp-json\/wp\/v2\/pages\/13404","targetHints":{"allow":["GET"]}}],"collection":[{"href":"https:\/\/idi.no\/es\/wp-json\/wp\/v2\/pages"}],"about":[{"href":"https:\/\/idi.no\/es\/wp-json\/wp\/v2\/types\/page"}],"author":[{"embeddable":true,"href":"https:\/\/idi.no\/es\/wp-json\/wp\/v2\/users\/1"}],"replies":[{"embeddable":true,"href":"https:\/\/idi.no\/es\/wp-json\/wp\/v2\/comments?post=13404"}],"version-history":[{"count":6,"href":"https:\/\/idi.no\/es\/wp-json\/wp\/v2\/pages\/13404\/revisions"}],"predecessor-version":[{"id":27488,"href":"https:\/\/idi.no\/es\/wp-json\/wp\/v2\/pages\/13404\/revisions\/27488"}],"up":[{"embeddable":true,"href":"https:\/\/idi.no\/es\/wp-json\/wp\/v2\/pages\/13393"}],"wp:attachment":[{"href":"https:\/\/idi.no\/es\/wp-json\/wp\/v2\/media?parent=13404"}],"curies":[{"name":"wp","href":"https:\/\/api.w.org\/{rel}","templated":true}]}}