{"id":13415,"date":"2025-06-16T12:37:15","date_gmt":"2025-06-16T12:37:15","guid":{"rendered":"https:\/\/idi.no\/about\/strategies-impact\/annual-reports\/sai-stories\/"},"modified":"2025-11-12T22:33:24","modified_gmt":"2025-11-12T22:33:24","slug":"sai-stories","status":"publish","type":"page","link":"https:\/\/idi.no\/es\/about\/strategies-impact\/annual-reports\/sai-stories\/","title":{"rendered":"Historias de EFS"},"content":{"rendered":"\n<div  class=\"image hero-block \" >\n\t<div class=\"image hero-block__container container\">\n\t\t<div class=\"image hero-block__content\">\n\t\t\t\t\t\t\t<div class=\"image hero-block__breadcrumbs breadcrumbs\">\n\t\t\t\t\t<span><span><a href=\"https:\/\/idi.no\/es\/\">Home<\/a><\/span><\/span>\t\t\t\t<\/div>\n\t\t\t\t\t\t\t\t\t\t<h1 class=\"image hero-block__title\">\n\t\t\t\t\tHistorias de EFS\t\t\t\t<\/h1>\n\t\t\t\t\t\t\t\t\t\t\t\t\t<div class=\"image hero-block__description\">\n\t\t\t\t\tEl IDI se enorgullece de apoyar a las EFS de todo el mundo mientras auditan el gasto p\u00fablico de sus pa\u00edses en diversas comunidades, contextos y desaf\u00edos. Vea c\u00f3mo estas EFS est\u00e1n contribuyendo a una gesti\u00f3n financiera s\u00f3lida, la transparencia y la rendici\u00f3n de cuentas, en su propio pa\u00eds y a su manera. \t\t\t\t<\/div>\n\t\t\t\n\t\t<\/div>\n\t\t\t\t\t<div class=\"image hero-block__image\">\n\t\t\t\t<img decoding=\"async\" src=\"https:\/\/idi.no\/wp-content\/uploads\/2025\/10\/AdobeStock_1264629768-e1762153247292.jpeg\" alt=\"\">\n\t\t\t<\/div>\n\t\t\t<\/div>\n<\/div>\n","protected":false},"excerpt":{"rendered":"","protected":false},"author":1,"featured_media":0,"parent":13404,"menu_order":0,"comment_status":"closed","ping_status":"closed","template":"","meta":{"_acf_changed":false,"footnotes":""},"class_list":["post-13415","page","type-page","status-publish","hentry"],"acf":[],"yoast_head":"<!-- This site is optimized with the Yoast SEO plugin v27.4 - https:\/\/yoast.com\/product\/yoast-seo-wordpress\/ -->\n<title>Historias de EFS - IDI<\/title>\n<meta name=\"robots\" content=\"index, follow, max-snippet:-1, max-image-preview:large, max-video-preview:-1\" \/>\n<link rel=\"canonical\" href=\"https:\/\/idi.no\/es\/about\/strategies-impact\/annual-reports\/sai-stories\/\" \/>\n<meta property=\"og:locale\" content=\"es_ES\" \/>\n<meta property=\"og:type\" content=\"article\" \/>\n<meta property=\"og:title\" content=\"Historias de EFS - IDI\" \/>\n<meta property=\"og:url\" content=\"https:\/\/idi.no\/es\/about\/strategies-impact\/annual-reports\/sai-stories\/\" \/>\n<meta property=\"og:site_name\" content=\"IDI\" \/>\n<meta property=\"article:modified_time\" content=\"2025-11-12T22:33:24+00:00\" \/>\n<meta name=\"twitter:card\" content=\"summary_large_image\" \/>\n<script type=\"application\/ld+json\" class=\"yoast-schema-graph\">{\"@context\":\"https:\\\/\\\/schema.org\",\"@graph\":[{\"@type\":\"WebPage\",\"@id\":\"https:\\\/\\\/idi.no\\\/es\\\/about\\\/strategies-impact\\\/annual-reports\\\/sai-stories\\\/\",\"url\":\"https:\\\/\\\/idi.no\\\/es\\\/about\\\/strategies-impact\\\/annual-reports\\\/sai-stories\\\/\",\"name\":\"Historias de EFS - IDI\",\"isPartOf\":{\"@id\":\"https:\\\/\\\/idi.no\\\/es\\\/#website\"},\"datePublished\":\"2025-06-16T12:37:15+00:00\",\"dateModified\":\"2025-11-12T22:33:24+00:00\",\"breadcrumb\":{\"@id\":\"https:\\\/\\\/idi.no\\\/es\\\/about\\\/strategies-impact\\\/annual-reports\\\/sai-stories\\\/#breadcrumb\"},\"inLanguage\":\"es\",\"potentialAction\":[{\"@type\":\"ReadAction\",\"target\":[\"https:\\\/\\\/idi.no\\\/es\\\/about\\\/strategies-impact\\\/annual-reports\\\/sai-stories\\\/\"]}]},{\"@type\":\"BreadcrumbList\",\"@id\":\"https:\\\/\\\/idi.no\\\/es\\\/about\\\/strategies-impact\\\/annual-reports\\\/sai-stories\\\/#breadcrumb\",\"itemListElement\":[{\"@type\":\"ListItem\",\"position\":1,\"name\":\"Home\",\"item\":\"https:\\\/\\\/idi.no\\\/es\\\/\"},{\"@type\":\"ListItem\",\"position\":2,\"name\":\"Acerca\",\"item\":\"https:\\\/\\\/idi.no\\\/es\\\/about\\\/\"},{\"@type\":\"ListItem\",\"position\":3,\"name\":\"Estrategia y Resultados\",\"item\":\"https:\\\/\\\/idi.no\\\/es\\\/about\\\/strategies-impact\\\/\"},{\"@type\":\"ListItem\",\"position\":4,\"name\":\"Informes anuales y estados financieros\",\"item\":\"https:\\\/\\\/idi.no\\\/es\\\/about\\\/strategies-impact\\\/annual-reports\\\/\"},{\"@type\":\"ListItem\",\"position\":5,\"name\":\"Historias de EFS\"}]},{\"@type\":\"WebSite\",\"@id\":\"https:\\\/\\\/idi.no\\\/es\\\/#website\",\"url\":\"https:\\\/\\\/idi.no\\\/es\\\/\",\"name\":\"IDI\",\"description\":\"\",\"potentialAction\":[{\"@type\":\"SearchAction\",\"target\":{\"@type\":\"EntryPoint\",\"urlTemplate\":\"https:\\\/\\\/idi.no\\\/es\\\/?s={search_term_string}\"},\"query-input\":{\"@type\":\"PropertyValueSpecification\",\"valueRequired\":true,\"valueName\":\"search_term_string\"}}],\"inLanguage\":\"es\"}]}<\/script>\n<!-- \/ Yoast SEO plugin. -->","yoast_head_json":{"title":"Historias de EFS - IDI","robots":{"index":"index","follow":"follow","max-snippet":"max-snippet:-1","max-image-preview":"max-image-preview:large","max-video-preview":"max-video-preview:-1"},"canonical":"https:\/\/idi.no\/es\/about\/strategies-impact\/annual-reports\/sai-stories\/","og_locale":"es_ES","og_type":"article","og_title":"Historias de EFS - IDI","og_url":"https:\/\/idi.no\/es\/about\/strategies-impact\/annual-reports\/sai-stories\/","og_site_name":"IDI","article_modified_time":"2025-11-12T22:33:24+00:00","twitter_card":"summary_large_image","schema":{"@context":"https:\/\/schema.org","@graph":[{"@type":"WebPage","@id":"https:\/\/idi.no\/es\/about\/strategies-impact\/annual-reports\/sai-stories\/","url":"https:\/\/idi.no\/es\/about\/strategies-impact\/annual-reports\/sai-stories\/","name":"Historias de EFS - IDI","isPartOf":{"@id":"https:\/\/idi.no\/es\/#website"},"datePublished":"2025-06-16T12:37:15+00:00","dateModified":"2025-11-12T22:33:24+00:00","breadcrumb":{"@id":"https:\/\/idi.no\/es\/about\/strategies-impact\/annual-reports\/sai-stories\/#breadcrumb"},"inLanguage":"es","potentialAction":[{"@type":"ReadAction","target":["https:\/\/idi.no\/es\/about\/strategies-impact\/annual-reports\/sai-stories\/"]}]},{"@type":"BreadcrumbList","@id":"https:\/\/idi.no\/es\/about\/strategies-impact\/annual-reports\/sai-stories\/#breadcrumb","itemListElement":[{"@type":"ListItem","position":1,"name":"Home","item":"https:\/\/idi.no\/es\/"},{"@type":"ListItem","position":2,"name":"Acerca","item":"https:\/\/idi.no\/es\/about\/"},{"@type":"ListItem","position":3,"name":"Estrategia y Resultados","item":"https:\/\/idi.no\/es\/about\/strategies-impact\/"},{"@type":"ListItem","position":4,"name":"Informes anuales y estados financieros","item":"https:\/\/idi.no\/es\/about\/strategies-impact\/annual-reports\/"},{"@type":"ListItem","position":5,"name":"Historias de EFS"}]},{"@type":"WebSite","@id":"https:\/\/idi.no\/es\/#website","url":"https:\/\/idi.no\/es\/","name":"IDI","description":"","potentialAction":[{"@type":"SearchAction","target":{"@type":"EntryPoint","urlTemplate":"https:\/\/idi.no\/es\/?s={search_term_string}"},"query-input":{"@type":"PropertyValueSpecification","valueRequired":true,"valueName":"search_term_string"}}],"inLanguage":"es"}]}},"_links":{"self":[{"href":"https:\/\/idi.no\/es\/wp-json\/wp\/v2\/pages\/13415","targetHints":{"allow":["GET"]}}],"collection":[{"href":"https:\/\/idi.no\/es\/wp-json\/wp\/v2\/pages"}],"about":[{"href":"https:\/\/idi.no\/es\/wp-json\/wp\/v2\/types\/page"}],"author":[{"embeddable":true,"href":"https:\/\/idi.no\/es\/wp-json\/wp\/v2\/users\/1"}],"replies":[{"embeddable":true,"href":"https:\/\/idi.no\/es\/wp-json\/wp\/v2\/comments?post=13415"}],"version-history":[{"count":4,"href":"https:\/\/idi.no\/es\/wp-json\/wp\/v2\/pages\/13415\/revisions"}],"predecessor-version":[{"id":27356,"href":"https:\/\/idi.no\/es\/wp-json\/wp\/v2\/pages\/13415\/revisions\/27356"}],"up":[{"embeddable":true,"href":"https:\/\/idi.no\/es\/wp-json\/wp\/v2\/pages\/13404"}],"wp:attachment":[{"href":"https:\/\/idi.no\/es\/wp-json\/wp\/v2\/media?parent=13415"}],"curies":[{"name":"wp","href":"https:\/\/api.w.org\/{rel}","templated":true}]}}