{"id":13434,"date":"2025-06-12T09:26:29","date_gmt":"2025-06-12T09:26:29","guid":{"rendered":"https:\/\/idi.no\/about\/strategies-impact\/operational-plan\/"},"modified":"2025-11-12T22:35:11","modified_gmt":"2025-11-12T22:35:11","slug":"operational-plan","status":"publish","type":"page","link":"https:\/\/idi.no\/es\/about\/strategies-impact\/operational-plan\/","title":{"rendered":"Plan Operativo"},"content":{"rendered":"\n<div  class=\"image hero-block \" >\n\t<div class=\"image hero-block__container container\">\n\t\t<div class=\"image hero-block__content\">\n\t\t\t\t\t\t\t<div class=\"image hero-block__breadcrumbs breadcrumbs\">\n\t\t\t\t\t<span><span><a href=\"https:\/\/idi.no\/es\/\">Home<\/a><\/span><\/span>\t\t\t\t<\/div>\n\t\t\t\t\t\t\t\t\t\t<h1 class=\"image hero-block__title\">\n\t\t\t\t\tPlan Operativo\t\t\t\t<\/h1>\n\t\t\t\t\t\t\t\t\t\t\t\t\t<div class=\"image hero-block__description\">\n\t\t\t\t\tA trav\u00e9s del Plan Operativo, definimos las prioridades anuales, asignamos recursos y establecemos hitos para medir el progreso.\t\t\t\t<\/div>\n\t\t\t\n\t\t<\/div>\n\t\t\t\t\t<div class=\"image hero-block__image\">\n\t\t\t\t<img decoding=\"async\" src=\"https:\/\/idi.no\/wp-content\/uploads\/2025\/10\/man-pointing-his-finger-graph-scaled-e1761624259498.jpg\" alt=\"\">\n\t\t\t<\/div>\n\t\t\t<\/div>\n<\/div>\n\n<div  class=\"text-and-media-block  block-image-align--right block-background-color--white with-circles\" >\n\t<div class=\"text-and-media-block__container container\">\n\t\t<div class=\"text-and-media-block__col\">\n\n\t\t\t\t\t\t\t\t\t\t\t\t\t<h2 class=\"text-and-media-block__title\">\n\t\t\t\t\tPlan Operativo 2025 de la IDI\t\t\t\t<\/h2>\n\t\t\t\t\t\t\t\t\t\t\t\t\t<div class=\"text-and-media-block__description\">\n\t\t\t\t\t<div id=\"sppb-addon-wrapper-1578391900124\" class=\"sppb-addon-wrapper addon-root-text-block\">\n<div id=\"sppb-addon-1578391900124\" class=\"clearfix \">\n<div class=\"sppb-addon sppb-addon-text-block \">\n<div class=\"sppb-addon-content \">\n<p>El Plan Operativo de la IDI para 2025 establece los planes y presupuestos detallados para el <a href=\"https:\/\/idi.no\/es\/about\/strategies-impact\/strategic-plan\/\" data-uw-rm-brl=\"PR\" data-uw-original-href=\"https:\/\/idi.no\/who-we-are-about\/idi-strategic-plan-and-implementation\">Plan Estrat\u00e9gico 2024-29<\/a> de la IDI. El plan busca proporcionar a las EFS un apoyo m\u00e1s estable y predecible, contribuyendo a tres prioridades estrat\u00e9gicas: sostenibilidad, digitalizaci\u00f3n y confianza p\u00fablica en las EFS. Incluye una perspectiva de g\u00e9nero e inclusi\u00f3n y un marco de resultados integral, que establece objetivos basados en medidas de cambios en el desempe\u00f1o de las EFS tras el apoyo de la IDI.  <\/p>\n<p>El Plan Operativo inicia la implementaci\u00f3n del nuevo <a href=\"https:\/\/idi.no\/resource\/1808-idi-strategic-plan-2024-2029-vf-en\/\">Plan Estrat\u00e9gico de la IDI<\/a>, desarrollado durante los \u00faltimos dos a\u00f1os con una amplia participaci\u00f3n de la comunidad de las EFS y sus socios. Establece c\u00f3mo las l\u00edneas de trabajo de la IDI (EFS independientes, bien gobernadas, profesionales y relevantes, apoyo bilateral y fundaciones globales) trabajan juntas por la sostenibilidad, la digitalizaci\u00f3n y la confianza p\u00fablica en las EFS, y c\u00f3mo esto contribuye a la visi\u00f3n de la IDI de EFS independientes, cre\u00edbles y sostenibles. <\/p>\n<p>Lea y descargue los aspectos destacados del Plan Operativo para 2025, o para obtener informaci\u00f3n detallada sobre los planes de 2025 para cada l\u00ednea de trabajo, haga clic en las portadas a continuaci\u00f3n.<\/p>\n<\/div>\n<\/div>\n<\/div>\n<\/div>\n<div id=\"sppb-addon-wrapper-1578394766278\" class=\"sppb-addon-wrapper addon-root-text-block\">\n<div id=\"sppb-addon-1578394766278\" class=\"clearfix \">\n<div class=\"sppb-addon sppb-addon-text-block \">\n<div class=\"sppb-addon-content \">\n<p><i>Los Planes Estrat\u00e9gicos, Planes Operativos y Presupuestos anteriores se pueden encontrar en nuestro <a href=\"\/resource-library\/resources-archive\/?_content_type=plans\" data-uw-rm-brl=\"PR\" data-uw-original-href=\"\/our-resources\/filters#sort=position&amp;sortdir=desc&amp;attr.cat.value=95&amp;page=1\">archivo<\/a>.<\/i><\/p>\n<\/div>\n<\/div>\n<\/div>\n<\/div>\n\t\t\t\t<\/div>\n\t\t\t\n\t\t\t<div class=\"text-and-media-block__button-list\">\n\t\t\t\t\t\t\t\t\t\t\t<a \thref=\"\/elibrary\/2052-op-2025-v7\/file\"\n\t\t\t\t\tclass=\"text-and-media-block__button\"\n\t\t\t\t\t target=\"_blank\" rel=\"noopener noreferrer\"\t\t\t\t>\n\t\t\t\t\tRead and download IDI&#039;s Operational Plan Highlights 2025\t\t\t\t<\/a>\n\t\t\t\n\t\t\t\t\t\t<\/div>\n\t\t<\/div>\n\t\t\t\t    <div class=\"text-and-media-block__col\">\n\t\t\t\t<div class=\"text-and-media-block__image\">\n\t\t\t\t\t<img decoding=\"async\" src=\"https:\/\/idi.no\/wp-content\/uploads\/2025\/08\/op-2025-cover.jpg\" alt=\"\">\n\t\t\t\t<\/div>\n\t\t\t<\/div>\n\t\t\t\t<\/div>\n<\/div>\n\r\n<div  class=\"text-only-block text-only-block__white-background text-only-block__two-columns\"> <!-- Removed undefined $style (before: echoed $style) -->\r\n    <div class=\"text-only-block__container container\">\r\n        \r\n                    <div class=\"text-only-block__content\">\r\n                <div class=\"text-only-block__column\">\r\n                                            <h2 class=\"text-only-block__title\">Presupuestos<\/h2>\r\n                                    <\/div>\r\n                <div class=\"text-only-block__column\">\r\n                                                                                    <div class=\"text-only-block__description\"><p>Cada noviembre, el Consejo de la IDI aprueba los presupuestos anuales para la implementaci\u00f3n del Plan Operativo para el a\u00f1o siguiente. Estos muestran las fuentes de financiaci\u00f3n proyectadas y los gastos planificados para las diferentes Prioridades Estrat\u00e9gicas de la IDI. Los presupuestos se revisan y, cuando es necesario, se actualizan durante el a\u00f1o, especialmente cuando hay cambios importantes en las fuentes de financiaci\u00f3n y los gastos planificados.  <\/p>\n<\/div>\r\n                                        \r\n                    <!-- New: Wrap all buttons in __button-list for consistency with working block -->\r\n                    <div class=\"text-only-block__button-list\">\r\n                                                                                <a href=\"\/elibrary\/2046-idi-budget-2025\/file\" class=\"text-only-block__button\"  target=\"_blank\" rel=\"noopener noreferrer\">\r\n                                Check out the 2025 Budget                            <\/a>\r\n                        \r\n                                            <\/div>\r\n                <\/div>\r\n            <\/div>\r\n        \r\n        \r\n            <\/div>\r\n<\/div>","protected":false},"excerpt":{"rendered":"","protected":false},"author":1,"featured_media":0,"parent":13393,"menu_order":0,"comment_status":"closed","ping_status":"closed","template":"","meta":{"footnotes":""},"class_list":["post-13434","page","type-page","status-publish","hentry"],"acf":[],"yoast_head":"<!-- This site is optimized with the Yoast SEO plugin v25.3 - https:\/\/yoast.com\/wordpress\/plugins\/seo\/ -->\n<title>Plan Operativo - IDI<\/title>\n<meta name=\"robots\" content=\"index, follow, max-snippet:-1, max-image-preview:large, max-video-preview:-1\" \/>\n<link rel=\"canonical\" href=\"https:\/\/idi.no\/es\/about\/strategies-impact\/operational-plan\/\" \/>\n<meta property=\"og:locale\" content=\"es_ES\" \/>\n<meta property=\"og:type\" content=\"article\" \/>\n<meta property=\"og:title\" content=\"Plan Operativo - IDI\" \/>\n<meta property=\"og:url\" content=\"https:\/\/idi.no\/es\/about\/strategies-impact\/operational-plan\/\" \/>\n<meta property=\"og:site_name\" content=\"IDI\" \/>\n<meta property=\"article:modified_time\" content=\"2025-11-12T22:35:11+00:00\" \/>\n<meta name=\"twitter:card\" content=\"summary_large_image\" \/>\n<script type=\"application\/ld+json\" class=\"yoast-schema-graph\">{\"@context\":\"https:\/\/schema.org\",\"@graph\":[{\"@type\":\"WebPage\",\"@id\":\"https:\/\/idi.no\/es\/about\/strategies-impact\/operational-plan\/\",\"url\":\"https:\/\/idi.no\/es\/about\/strategies-impact\/operational-plan\/\",\"name\":\"Plan Operativo - IDI\",\"isPartOf\":{\"@id\":\"https:\/\/idi.no\/es\/#website\"},\"datePublished\":\"2025-06-12T09:26:29+00:00\",\"dateModified\":\"2025-11-12T22:35:11+00:00\",\"breadcrumb\":{\"@id\":\"https:\/\/idi.no\/es\/about\/strategies-impact\/operational-plan\/#breadcrumb\"},\"inLanguage\":\"es\",\"potentialAction\":[{\"@type\":\"ReadAction\",\"target\":[\"https:\/\/idi.no\/es\/about\/strategies-impact\/operational-plan\/\"]}]},{\"@type\":\"BreadcrumbList\",\"@id\":\"https:\/\/idi.no\/es\/about\/strategies-impact\/operational-plan\/#breadcrumb\",\"itemListElement\":[{\"@type\":\"ListItem\",\"position\":1,\"name\":\"Home\",\"item\":\"https:\/\/idi.no\/es\/\"},{\"@type\":\"ListItem\",\"position\":2,\"name\":\"Acerca\",\"item\":\"https:\/\/idi.no\/es\/about\/\"},{\"@type\":\"ListItem\",\"position\":3,\"name\":\"Estrategia y Resultados\",\"item\":\"https:\/\/idi.no\/es\/about\/strategies-impact\/\"},{\"@type\":\"ListItem\",\"position\":4,\"name\":\"Plan Operativo\"}]},{\"@type\":\"WebSite\",\"@id\":\"https:\/\/idi.no\/es\/#website\",\"url\":\"https:\/\/idi.no\/es\/\",\"name\":\"IDI\",\"description\":\"\",\"potentialAction\":[{\"@type\":\"SearchAction\",\"target\":{\"@type\":\"EntryPoint\",\"urlTemplate\":\"https:\/\/idi.no\/es\/?s={search_term_string}\"},\"query-input\":{\"@type\":\"PropertyValueSpecification\",\"valueRequired\":true,\"valueName\":\"search_term_string\"}}],\"inLanguage\":\"es\"}]}<\/script>\n<!-- \/ Yoast SEO plugin. -->","yoast_head_json":{"title":"Plan Operativo - IDI","robots":{"index":"index","follow":"follow","max-snippet":"max-snippet:-1","max-image-preview":"max-image-preview:large","max-video-preview":"max-video-preview:-1"},"canonical":"https:\/\/idi.no\/es\/about\/strategies-impact\/operational-plan\/","og_locale":"es_ES","og_type":"article","og_title":"Plan Operativo - IDI","og_url":"https:\/\/idi.no\/es\/about\/strategies-impact\/operational-plan\/","og_site_name":"IDI","article_modified_time":"2025-11-12T22:35:11+00:00","twitter_card":"summary_large_image","schema":{"@context":"https:\/\/schema.org","@graph":[{"@type":"WebPage","@id":"https:\/\/idi.no\/es\/about\/strategies-impact\/operational-plan\/","url":"https:\/\/idi.no\/es\/about\/strategies-impact\/operational-plan\/","name":"Plan Operativo - IDI","isPartOf":{"@id":"https:\/\/idi.no\/es\/#website"},"datePublished":"2025-06-12T09:26:29+00:00","dateModified":"2025-11-12T22:35:11+00:00","breadcrumb":{"@id":"https:\/\/idi.no\/es\/about\/strategies-impact\/operational-plan\/#breadcrumb"},"inLanguage":"es","potentialAction":[{"@type":"ReadAction","target":["https:\/\/idi.no\/es\/about\/strategies-impact\/operational-plan\/"]}]},{"@type":"BreadcrumbList","@id":"https:\/\/idi.no\/es\/about\/strategies-impact\/operational-plan\/#breadcrumb","itemListElement":[{"@type":"ListItem","position":1,"name":"Home","item":"https:\/\/idi.no\/es\/"},{"@type":"ListItem","position":2,"name":"Acerca","item":"https:\/\/idi.no\/es\/about\/"},{"@type":"ListItem","position":3,"name":"Estrategia y Resultados","item":"https:\/\/idi.no\/es\/about\/strategies-impact\/"},{"@type":"ListItem","position":4,"name":"Plan Operativo"}]},{"@type":"WebSite","@id":"https:\/\/idi.no\/es\/#website","url":"https:\/\/idi.no\/es\/","name":"IDI","description":"","potentialAction":[{"@type":"SearchAction","target":{"@type":"EntryPoint","urlTemplate":"https:\/\/idi.no\/es\/?s={search_term_string}"},"query-input":{"@type":"PropertyValueSpecification","valueRequired":true,"valueName":"search_term_string"}}],"inLanguage":"es"}]}},"_links":{"self":[{"href":"https:\/\/idi.no\/es\/wp-json\/wp\/v2\/pages\/13434","targetHints":{"allow":["GET"]}}],"collection":[{"href":"https:\/\/idi.no\/es\/wp-json\/wp\/v2\/pages"}],"about":[{"href":"https:\/\/idi.no\/es\/wp-json\/wp\/v2\/types\/page"}],"author":[{"embeddable":true,"href":"https:\/\/idi.no\/es\/wp-json\/wp\/v2\/users\/1"}],"replies":[{"embeddable":true,"href":"https:\/\/idi.no\/es\/wp-json\/wp\/v2\/comments?post=13434"}],"version-history":[{"count":4,"href":"https:\/\/idi.no\/es\/wp-json\/wp\/v2\/pages\/13434\/revisions"}],"predecessor-version":[{"id":27483,"href":"https:\/\/idi.no\/es\/wp-json\/wp\/v2\/pages\/13434\/revisions\/27483"}],"up":[{"embeddable":true,"href":"https:\/\/idi.no\/es\/wp-json\/wp\/v2\/pages\/13393"}],"wp:attachment":[{"href":"https:\/\/idi.no\/es\/wp-json\/wp\/v2\/media?parent=13434"}],"curies":[{"name":"wp","href":"https:\/\/api.w.org\/{rel}","templated":true}]}}