{"id":13476,"date":"2025-06-12T09:09:53","date_gmt":"2025-06-12T09:09:53","guid":{"rendered":"https:\/\/idi.no\/about\/strategies-impact\/strategic-plan\/"},"modified":"2025-11-12T22:36:47","modified_gmt":"2025-11-12T22:36:47","slug":"strategic-plan","status":"publish","type":"page","link":"https:\/\/idi.no\/es\/about\/strategies-impact\/strategic-plan\/","title":{"rendered":"Plan Estrat\u00e9gico"},"content":{"rendered":"\n<div  class=\"image hero-block \" >\n\t<div class=\"image hero-block__container container\">\n\t\t<div class=\"image hero-block__content\">\n\t\t\t\t\t\t\t<div class=\"image hero-block__breadcrumbs breadcrumbs\">\n\t\t\t\t\t<span><span><a href=\"https:\/\/idi.no\/es\/\">Home<\/a><\/span><\/span>\t\t\t\t<\/div>\n\t\t\t\t\t\t\t\t\t\t<h1 class=\"image hero-block__title\">\n\t\t\t\t\tPlan Estrat\u00e9gico\t\t\t\t<\/h1>\n\t\t\t\t\t\t\t\t\t\t\t\t\t<div class=\"image hero-block__description\">\n\t\t\t\t\tEl mandato de IDI es apoyar a las Entidades Fiscalizadoras Superiores (EFS) en los pa\u00edses en desarrollo para mejorar de forma sostenible su desempe\u00f1o y capacidades.\t\t\t\t<\/div>\n\t\t\t\n\t\t<\/div>\n\t\t\t\t\t<div class=\"image hero-block__image\">\n\t\t\t\t<img decoding=\"async\" src=\"https:\/\/idi.no\/wp-content\/uploads\/2025\/10\/AdobeStock_1632689170-scaled-e1761598919272.jpeg\" alt=\"\">\n\t\t\t<\/div>\n\t\t\t<\/div>\n<\/div>\n\r\n<div  class=\"text-only-block text-only-block__white-background text-only-block__text-only\"> <!-- Removed undefined $style (before: echoed $style) -->\r\n    <div class=\"text-only-block__container container\">\r\n                    <div class=\"text-only-block__content\">\r\n                                    <h2 class=\"text-only-block__title\">Nuestro plan estrat\u00e9gico y visi\u00f3n 2024-2029<\/h2>\r\n                                                                    <div class=\"text-only-block__description\"><p><img loading=\"lazy\" decoding=\"async\" class=\"aligncenter size-full wp-image-8093\" src=\"https:\/\/idi.no\/wp-content\/uploads\/2025\/08\/idi-vision-and-mission.jpeg\" alt=\"\" width=\"1839\" height=\"611\" srcset=\"https:\/\/idi.no\/wp-content\/uploads\/2025\/08\/idi-vision-and-mission.jpeg 1839w, https:\/\/idi.no\/wp-content\/uploads\/2025\/08\/idi-vision-and-mission-300x100.jpeg 300w, https:\/\/idi.no\/wp-content\/uploads\/2025\/08\/idi-vision-and-mission-1024x340.jpeg 1024w, https:\/\/idi.no\/wp-content\/uploads\/2025\/08\/idi-vision-and-mission-768x255.jpeg 768w, https:\/\/idi.no\/wp-content\/uploads\/2025\/08\/idi-vision-and-mission-1536x510.jpeg 1536w\" sizes=\"auto, (max-width: 1839px) 100vw, 1839px\" \/><\/p>\n<\/div>\r\n                                \r\n                <!-- New: Wrap all buttons in __button-list for consistency with working block -->\r\n                <div class=\"text-only-block__button-list\">\r\n                    \r\n                                    <\/div>\r\n            <\/div>\r\n        \r\n        \r\n        \r\n            <\/div>\r\n<\/div>\n<div  class=\"video-block \" >\n\t<div class=\"video-block__container container container_video-block__poster-play--bottom_left video-block--add-padding\">\n\t\t\t\t\t\t\t\t\t\t\t\t<div class=\"video-block__poster--add-padding\">\n\t\t\t\t\t<div class=\"video-block__video-background--add-padding\"><\/div>\n\t\t\t\t\t\t<img decoding=\"async\" src=\"https:\/\/idi.no\/wp-content\/uploads\/2025\/08\/Screenshot-from-2025-08-28-11-52-02.png\" alt=\"\">\n\t\t\t\t\t\t<div class=\"video-block__poster-play-wrapper--add-padding\">\n\t\t\t\t\t\t\t<button class=\"video-block__poster-play\" aria-label=\"Play video\">\n\t\t\t\t\t\t\t\t<img decoding=\"async\" src=\"https:\/\/idi.no\/wp-content\/themes\/idi\/assets\/images\/icons\/play-icon.svg\" alt=\"Play video\">\n\t\t\t\t\t\t\t<\/button>\n\t\t\t\t\t\t\t\t\t\t\t\t\t\t\t<h4 class=\"video-block__title video-block__title-desktop\">\n\t\t\t\t\t\t\t\t\tVea nuestra introducci\u00f3n al Plan Estrat\u00e9gico del IDI 2024 &#8211; 2029, con contribuciones del personal del IDI y las EFS de todo el mundo.\t\t\t\t\t\t\t\t<\/h4>\n\t\t\t\t\t\t\t\t\t\t\t\t\t<\/div>\n\t\t\t\t\t<\/div>\n\t\t\t\t\t\t\t\t\t\t\t\t\t\t<div class=\"video-block__iframe-wrapper--add-padding\" style=\"display: none;\">\n\t\t\t\t\t\t\t<iframe loading=\"lazy\" src=\"https:\/\/player.vimeo.com\/video\/885704979?dnt=1&amp;app_id=122963&amp;controls=1&amp;hd=1&amp;autohide=1\" width=\"640\" height=\"360\" frameborder=\"0\"><\/iframe>\t\t\t\t\t\t<\/div>\n\t\t\t\t\n\t\t\t\t\t\t\t\t\t\t\t\t\n\t\t\t\t\t\t\t<h4 class=\"video-block__title video-block__title-mobile\">\n\t\t\t\t\tVea nuestra introducci\u00f3n al Plan Estrat\u00e9gico del IDI 2024 &#8211; 2029, con contribuciones del personal del IDI y las EFS de todo el mundo.\t\t\t\t<\/h4>\n\t\t\t\t<\/div>\n<\/div>\n\n<div  class=\"text-and-media-block  block-image-align--right block-background-color--white with-circles\" >\n\t<div class=\"text-and-media-block__container container\">\n\t\t<div class=\"text-and-media-block__col\">\n\n\t\t\t\t\t\t\t\t\t\t\t\t\t<h2 class=\"text-and-media-block__title\">\n\t\t\t\t\tEl Plan Estrat\u00e9gico del IDI 2024-2029 define nuestra visi\u00f3n, misi\u00f3n, valores, prioridades y ambiciones. \t\t\t\t<\/h2>\n\t\t\t\t\t\t\t\t\t\t\t\t\t<div class=\"text-and-media-block__description\">\n\t\t\t\t\t<p>La visi\u00f3n, la misi\u00f3n y los valores son los cimientos sobre los que construimos nuestras prioridades y ambiciones. El Plan Estrat\u00e9gico del IDI 2024-2029 se basa en nuestra larga experiencia en el apoyo a las EFS, las necesidades y los desaf\u00edos expresados por las EFS en nuestros Informes Trienales Mundiales de Evaluaci\u00f3n de las EFS, la evaluaci\u00f3n de mitad de per\u00edodo de nuestro anterior Plan Estrat\u00e9gico y los comentarios de los socios y las partes interesadas pertinentes. <\/p>\n<p><strong>Nuestra visi\u00f3n:<br \/>\n<\/strong> EFS independientes, cre\u00edbles y sostenibles para mejores sociedades y vidas mejoradas<\/p>\n<p><strong>Nuestra misi\u00f3n:<\/strong><br \/>\nNosotros, la Iniciativa para el Desarrollo de la INTOSAI (IDI), apoyamos a las Entidades Fiscalizadoras Superiores (EFS) de los pa\u00edses en desarrollo para mejorar de forma sostenible su rendimiento y sus capacidades. Formamos parte de la Organizaci\u00f3n Internacional de Entidades Fiscalizadoras Superiores (INTOSAI) y trabajamos junto con los Comit\u00e9s de Objetivos de la INTOSAI, las Organizaciones Regionales, las EFS y otros socios e interesados para lograr EFS independientes, bien gobernadas, profesionales y relevantes.<\/p>\n<p><b>Nuestros valores:<\/b> <br role=\"presentation\">Profesionalidad, innovaci\u00f3n, colaboraci\u00f3n, coraz\u00f3n<\/p>\n\t\t\t\t<\/div>\n\t\t\t\n\t\t\t<div class=\"text-and-media-block__button-list\">\n\t\t\t\n\t\t\t\t\t\t<\/div>\n\t\t<\/div>\n\t\t\t\t    <div class=\"text-and-media-block__col\">\n\t\t\t\t<div class=\"text-and-media-block__image\">\n\t\t\t\t\t<img decoding=\"async\" src=\"https:\/\/idi.no\/wp-content\/uploads\/2025\/10\/Values-box.png\" alt=\"\">\n\t\t\t\t<\/div>\n\t\t\t<\/div>\n\t\t\t\t<\/div>\n<\/div>\n\r\n<div  class=\"text-only-block text-only-block__white-background text-only-block__columns-repeater\"> <!-- Removed undefined $style (before: echoed $style) -->\r\n    <div class=\"text-only-block__container container\">\r\n        \r\n        \r\n                    <div class=\"text-only-block__content\">\r\n                                                                    <div class=\"text-only-block__columns\">\r\n                                                <div class=\"text-only-block__column\">\r\n                                                                                        <h4 class=\"text-only-block__column-title\">Novedades del Plan Estrat\u00e9gico<\/h4>\r\n                                                                                                                    <div class=\"text-only-block__column-description\"><ul>\n<li style=\"color: #3376a5\">Tenemos tres prioridades estrat\u00e9gicas: Sostenibilidad, Digitalizaci\u00f3n y Confianza P\u00fablica en las EFS. Estas prioridades gu\u00edan nuestro trabajo y responden a las tendencias globales identificadas para las Entidades Fiscalizadoras Superiores. <\/li>\n<li style=\"color: #3376a5\">Ponemos a\u00fan m\u00e1s \u00e9nfasis en la previsibilidad y el apoyo a largo plazo a las EFS<\/li>\n<\/ul>\n<\/div>\r\n                                                                                <\/div>\r\n                                                <div class=\"text-only-block__column\">\r\n                                                                                        <h4 class=\"text-only-block__column-title\">Qu\u00e9 contin\u00faa con ambiciones reforzadas<\/h4>\r\n                                                                                                                    <div class=\"text-only-block__column-description\"><ul>\n<li style=\"color: #3376a5\">Participamos a trav\u00e9s de las l\u00edneas de trabajo del IDI para apoyar las funciones centrales a trav\u00e9s de las cuales las EFS aportan valor<\/li>\n<li style=\"color: #3376a5\">Aplicamos una perspectiva de g\u00e9nero e interseccionalidad en todo el IDI y en nuestro trabajo con las EFS<\/li>\n<li style=\"color: #3376a5\">Nos coordinamos y colaboramos con nuestros socios<\/li>\n<\/ul>\n<\/div>\r\n                                                                                <\/div>\r\n                                            <\/div>\r\n                                \r\n                <!-- New: Added entire button section here (including main button + additional_buttons in __button-list) to support repeater in this layout -->\r\n                <div class=\"text-only-block__button-list\">\r\n                    \r\n                                    <\/div>\r\n            <\/div>\r\n        \r\n            <\/div>\r\n<\/div>\n<div  class=\"accordion-block \" >\n\t<div class=\"accordion-block__container container\">\n\t\t\t\t\t<h2 class=\"accordion-block__title\">\n\t\t\t\tPlan Estrat\u00e9gico del IDI 2019 &#8211; 2023\t\t\t<\/h2>\n\t\t\t\t\t\t\t\t\t<div class=\"accordion-block__accordion\">\n\t\t\t\t\t\t\t\t\t<div class=\"accordion-block__accordion-item\">\n\t\t\t\t\t\t\t\t\t\t\t\t\t<h3 class=\"accordion-block__accordion-item-title\">\n\t\t\t\t\t\t\t\tAntecedentes del Plan Estrat\u00e9gico del IDI 2019 &#8211; 2023\t\t\t\t\t\t\t<\/h3>\n\t\t\t\t\t\t\t\t\t\t\t\t<div class=\"accordion-block__accordion-item-wrapper\">\n\t\t\t\t\t\t\t\t\t\t\t\t\t\t\t\t\t\t\t\t\t\t<div class=\"accordion-block__accordion-item-content\">\n\t\t\t\t\t\t\t\t\t<div id=\"sppb-addon-wrapper-wm8RmsryV798GhVvdZ5XB\" class=\"sppb-addon-wrapper addon-root-text-block\">\n<div id=\"sppb-addon-wm8RmsryV798GhVvdZ5XB\" class=\"clearfix \">\n<div class=\"sppb-addon sppb-addon-text-block \">\n<div class=\"sppb-addon-content \">\n<h5 role=\"presentation\" aria-hidden=\"true\" data-uw-rm-heading=\"hide\"><span style=\"color: #00548e\"><strong>Plan Estrat\u00e9gico del IDI 2019-2023<\/strong><\/span><\/h5>\n<p>El <a href=\"\/elibrary\/878-idi-strategic-plan-2019-2023\/file\" target=\"_blank\" rel=\"noopener\" data-uw-rm-brl=\"PR\" data-uw-original-href=\"\/elibrary\/idi-plans\/strategic-plans\/878-idi-strategic-plan-2019-2023\/file\" aria-label=\"Strategic Plan for 2019-2023 - open in a new tab\" data-uw-rm-ext-link=\"\">Plan Estrat\u00e9gico del IDI para 2019-2023<\/a> detalla nuestra ambici\u00f3n para los pr\u00f3ximos cinco a\u00f1os de seguir siendo el principal organismo de aplicaci\u00f3n de la INTOSAI para apoyar a las Entidades Fiscalizadoras Superiores de los pa\u00edses en desarrollo. Aclara c\u00f3mo planeamos apoyarlas para mejorar de forma sostenible su rendimiento y sus capacidades <\/p>\n<p>Tomamos como punto de partida las necesidades y los desaf\u00edos de las Entidades Fiscalizadoras Superiores de los pa\u00edses en desarrollo (bas\u00e1ndonos en el Inventario Mundial de las EFS de 2017) y aspiramos a una mayor sostenibilidad e impacto. El Plan Estrat\u00e9gico del IDI 2019-2023 se basa en: <\/p>\n<ul>\n<li>Necesidades y desaf\u00edos a los que se enfrentan las EFS<\/li>\n<li>La propia experiencia del IDI<\/li>\n<li>Comentarios y participaci\u00f3n de las principales partes interesadas<\/li>\n<li>Una revisi\u00f3n de la aplicaci\u00f3n del anterior Plan Estrat\u00e9gico.<\/li>\n<\/ul>\n<p>El Plan Estrat\u00e9gico introduce dos importantes cambios estrat\u00e9gicos:<\/p>\n<ul>\n<li>Un paso de los programas a corto plazo a cuatro l\u00edneas de trabajo a largo plazo: Esto proporcionar\u00e1 un apoyo ampliado, hol\u00edstico y adaptado a las EFS en las \u00e1reas de independencia, gobernanza, profesionalidad y relevancia.<\/li>\n<li>Integraci\u00f3n total de una perspectiva de g\u00e9nero en todo el Plan Estrat\u00e9gico.<\/li>\n<\/ul>\n<p><i>El Plan Estrat\u00e9gico del IDI 2019-2023 tambi\u00e9n est\u00e1 disponible en <a href=\"\/elibrary\/939-idi-strategic-plan-2019-23-arabic\/file\" data-uw-rm-brl=\"PR\" data-uw-original-href=\"\/elibrary\/idi-plans\/strategic-plans\/939-idi-strategic-plan-2019-23-arabic\/file\">\u00e1rabe<\/a>, <a href=\"\/elibrary\/907-idi-plan-strategique-2019-2023\/file\" data-uw-rm-brl=\"PR\" data-uw-original-href=\"\/elibrary\/idi-plans\/strategic-plans\/907-idi-plan-strategique-2019-2023\/file\">franc\u00e9s<\/a> y <a href=\"\/elibrary\/893-plan-estrategico-2019-2023\/file\" data-uw-rm-brl=\"PR\" data-uw-original-href=\"\/elibrary\/idi-plans\/strategic-plans\/893-plan-estrategico-2019-2023\/file\">espa\u00f1ol<\/a><\/i><\/p>\n<\/div>\n<\/div>\n<\/div>\n<\/div>\n<div id=\"sppb-addon-wrapper-1578390865561\" class=\"sppb-addon-wrapper addon-root-image\">\n<div id=\"sppb-addon-1578390865561\" class=\"clearfix \">\n<div class=\"sppb-addon sppb-addon-single-image sppb-addon-image-shape\">\n<div class=\"sppb-addon-content\">\n<div class=\"sppb-addon-single-image-container\"><img loading=\"lazy\" decoding=\"async\" class=\"alignright\" style=\"max-width: 220px\" src=\"https:\/\/idi.no\/images\/about-idi\/mmspcover-sized3.png\" alt=\"Imagen\" width=\"221\" height=\"300\" data-uw-rm-alt-original=\"Image\" data-uw-rm-alt=\"ALT\"><\/div>\n<\/div>\n<\/div>\n<\/div>\n<\/div>\n\t\t\t\t\t\t\t\t<\/div>\n\t\t\t\t\t\t\t\t\t\t\t\t\t\t\t\t\t\t\t\t<\/div>\n\t\t\t\t\t<\/div>\n\t\t\t\t\t\t\t\t\t<div class=\"accordion-block__accordion-item\">\n\t\t\t\t\t\t\t\t\t\t\t\t\t<h3 class=\"accordion-block__accordion-item-title\">\n\t\t\t\t\t\t\t\tInforme completo del Plan Estrat\u00e9gico del IDI 2019 &#8211; 2023\t\t\t\t\t\t\t<\/h3>\n\t\t\t\t\t\t\t\t\t\t\t\t<div class=\"accordion-block__accordion-item-wrapper\">\n\t\t\t\t\t\t\t\t\t\t\t\t\t\t\t\t\t\t\t\t\t\t<div class=\"accordion-block__accordion-item-content\">\n\t\t\t\t\t\t\t\t\t<p><a id=\"btn-1578391899597\" class=\"sppb-btn sppb-btn-primary sppb-btn-block sppb-btn-rounded\" href=\"\/elibrary\/878-idi-strategic-plan-2019-2023\/file\" data-uw-rm-brl=\"PR\" data-uw-original-href=\"\/elibrary\/idi-plans\/strategic-plans\/878-idi-strategic-plan-2019-2023\/file\">Lea el plan estrat\u00e9gico 2019-2023<\/a><\/p>\n\t\t\t\t\t\t\t\t<\/div>\n\t\t\t\t\t\t\t\t\t\t\t\t\t\t\t\t\t\t\t\t<\/div>\n\t\t\t\t\t<\/div>\n\t\t\t\t\t\t\t\t\t<div class=\"accordion-block__accordion-item\">\n\t\t\t\t\t\t\t\t\t\t\t\t\t<h3 class=\"accordion-block__accordion-item-title\">\n\t\t\t\t\t\t\t\tResumen del Plan Estrat\u00e9gico del IDI 2019 &#8211; 2023\t\t\t\t\t\t\t<\/h3>\n\t\t\t\t\t\t\t\t\t\t\t\t<div class=\"accordion-block__accordion-item-wrapper\">\n\t\t\t\t\t\t\t\t\t\t\t\t\t\t\t\t\t\t\t\t\t\t<div class=\"accordion-block__accordion-item-content\">\n\t\t\t\t\t\t\t\t\t<p><a id=\"btn-1603815880114\" class=\"sppb-btn sppb-btn-primary sppb-btn-block sppb-btn-rounded\" href=\"\/elibrary\/941-strategic-plan-infographic\/file\" data-uw-rm-brl=\"PR\" data-uw-original-href=\"\/elibrary\/idi-plans\/strategic-plans\/941-strategic-plan-infographic\/file\">Lea el resumen del Plan Estrat\u00e9gico<br \/>\n 2019-2023<\/a><\/p>\n\t\t\t\t\t\t\t\t<\/div>\n\t\t\t\t\t\t\t\t\t\t\t\t\t\t\t\t\t\t\t\t<\/div>\n\t\t\t\t\t<\/div>\n\t\t\t\t\t\t\t\t\t<div class=\"accordion-block__accordion-item\">\n\t\t\t\t\t\t\t\t\t\t\t\t\t<h3 class=\"accordion-block__accordion-item-title\">\n\t\t\t\t\t\t\t\tTraducciones del Plan Estrat\u00e9gico del IDI 2019 &#8211; 2023\t\t\t\t\t\t\t<\/h3>\n\t\t\t\t\t\t\t\t\t\t\t\t<div class=\"accordion-block__accordion-item-wrapper\">\n\t\t\t\t\t\t\t\t\t\t\t\t\t\t\t\t\t\t\t\t\t\t<div class=\"accordion-block__accordion-item-content\">\n\t\t\t\t\t\t\t\t\t<div id=\"sppb-ac-content-NYipHEWwziHBErNN4abnw-key-3\" class=\"sppb-panel-collapse\" aria-labelledby=\"sppb-ac-heading-NYipHEWwziHBErNN4abnw-key-3\">\n<div class=\"sppb-panel-body\">\n<div id=\"section-id-rSW1aTzgroENUVV4u9H95\" class=\"sppb-section\">\n<div class=\"sppb-container-inner\">\n<div class=\"sppb-row sppb-nested-row\">\n<div id=\"column-wrap-id-1700153517086\" class=\"sppb-row-column \">\n<div id=\"column-id-1700153517086\" class=\"sppb-column \">\n<div class=\"sppb-column-addons\">\n<div id=\"sppb-addon-wrapper-1700154023721\" class=\"sppb-addon-wrapper addon-root-text-block\">\n<div id=\"sppb-addon-1700154023721\" class=\"clearfix \">\n<div class=\"sppb-addon sppb-addon-text-block \">\n<div class=\"sppb-addon-content \">\n<p><i>El Plan Estrat\u00e9gico del IDI 2019-2023 tambi\u00e9n est\u00e1 disponible en <a href=\"\/elibrary\/939-idi-strategic-plan-2019-23-arabic\/file\" data-uw-rm-brl=\"PR\" data-uw-original-href=\"\/elibrary\/idi-plans\/strategic-plans\/939-idi-strategic-plan-2019-23-arabic\/file\">\u00e1rabe<\/a>, <a href=\"\/elibrary\/907-idi-plan-strategique-2019-2023\/file\" data-uw-rm-brl=\"PR\" data-uw-original-href=\"\/elibrary\/idi-plans\/strategic-plans\/907-idi-plan-strategique-2019-2023\/file\">franc\u00e9s<\/a> y <a href=\"\/elibrary\/893-plan-estrategico-2019-2023\/file\" data-uw-rm-brl=\"PR\" data-uw-original-href=\"\/elibrary\/idi-plans\/strategic-plans\/893-plan-estrategico-2019-2023\/file\">espa\u00f1ol<\/a><\/i><\/p>\n<\/div>\n<\/div>\n<\/div>\n<\/div>\n<\/div>\n<\/div>\n<\/div>\n<\/div>\n<\/div>\n<\/div>\n<\/div>\n<\/div>\n\t\t\t\t\t\t\t\t<\/div>\n\t\t\t\t\t\t\t\t\t\t\t\t\t\t\t\t\t\t\t\t<\/div>\n\t\t\t\t\t<\/div>\n\t\t\t\t\t\t\t\t\t<div class=\"accordion-block__accordion-item\">\n\t\t\t\t\t\t\t\t\t\t\t\t\t<h3 class=\"accordion-block__accordion-item-title\">\n\t\t\t\t\t\t\t\tAspectos destacados y resultados clave del Plan Estrat\u00e9gico del IDI 2019 &#8211; 2023\t\t\t\t\t\t\t<\/h3>\n\t\t\t\t\t\t\t\t\t\t\t\t<div class=\"accordion-block__accordion-item-wrapper\">\n\t\t\t\t\t\t\t\t\t\t\t\t\t\t\t\t\t\t\t\t\t\t<div class=\"accordion-block__accordion-item-content\">\n\t\t\t\t\t\t\t\t\t<p><a id=\"btn-cB1svwmDF4yYA9JMK2u2O\" class=\"sppb-btn sppb-btn-primary sppb-btn-block sppb-btn-rounded\" href=\"\/wp-content\/uploads\/2025\/08\/IDI-Key-Highlights-and-Results-2019-2023.pdf\" target=\"_blank\" rel=\"noopener\" aria-label=\"Read the 2019-2023 Key Highlights and Results - open in a new tab\" data-uw-rm-ext-link=\"\" data-uw-pdf-br=\"1\" data-uw-pdf-doc=\"\">Lea los aspectos destacados y los resultados clave<br \/>\n 2019-2023<\/a><\/p>\n\t\t\t\t\t\t\t\t<\/div>\n\t\t\t\t\t\t\t\t\t\t\t\t\t\t\t\t\t\t\t\t<\/div>\n\t\t\t\t\t<\/div>\n\t\t\t\t\t\t\t<\/div>\n\t\t\t\t<\/div>\n\t<\/div>\n<\/div>\n","protected":false},"excerpt":{"rendered":"","protected":false},"author":1,"featured_media":0,"parent":13393,"menu_order":0,"comment_status":"closed","ping_status":"closed","template":"","meta":{"footnotes":""},"class_list":["post-13476","page","type-page","status-publish","hentry"],"acf":[],"yoast_head":"<!-- This site is optimized with the Yoast SEO plugin v25.3 - https:\/\/yoast.com\/wordpress\/plugins\/seo\/ -->\n<title>Plan Estrat\u00e9gico - IDI<\/title>\n<meta name=\"robots\" content=\"index, follow, max-snippet:-1, max-image-preview:large, max-video-preview:-1\" \/>\n<link rel=\"canonical\" href=\"https:\/\/idi.no\/es\/about\/strategies-impact\/strategic-plan\/\" \/>\n<meta property=\"og:locale\" content=\"es_ES\" \/>\n<meta property=\"og:type\" content=\"article\" \/>\n<meta property=\"og:title\" content=\"Plan Estrat\u00e9gico - IDI\" \/>\n<meta property=\"og:url\" content=\"https:\/\/idi.no\/es\/about\/strategies-impact\/strategic-plan\/\" \/>\n<meta property=\"og:site_name\" content=\"IDI\" \/>\n<meta property=\"article:modified_time\" content=\"2025-11-12T22:36:47+00:00\" \/>\n<meta name=\"twitter:card\" content=\"summary_large_image\" \/>\n<script type=\"application\/ld+json\" class=\"yoast-schema-graph\">{\"@context\":\"https:\/\/schema.org\",\"@graph\":[{\"@type\":\"WebPage\",\"@id\":\"https:\/\/idi.no\/es\/about\/strategies-impact\/strategic-plan\/\",\"url\":\"https:\/\/idi.no\/es\/about\/strategies-impact\/strategic-plan\/\",\"name\":\"Plan Estrat\u00e9gico - IDI\",\"isPartOf\":{\"@id\":\"https:\/\/idi.no\/es\/#website\"},\"datePublished\":\"2025-06-12T09:09:53+00:00\",\"dateModified\":\"2025-11-12T22:36:47+00:00\",\"breadcrumb\":{\"@id\":\"https:\/\/idi.no\/es\/about\/strategies-impact\/strategic-plan\/#breadcrumb\"},\"inLanguage\":\"es\",\"potentialAction\":[{\"@type\":\"ReadAction\",\"target\":[\"https:\/\/idi.no\/es\/about\/strategies-impact\/strategic-plan\/\"]}]},{\"@type\":\"BreadcrumbList\",\"@id\":\"https:\/\/idi.no\/es\/about\/strategies-impact\/strategic-plan\/#breadcrumb\",\"itemListElement\":[{\"@type\":\"ListItem\",\"position\":1,\"name\":\"Home\",\"item\":\"https:\/\/idi.no\/es\/\"},{\"@type\":\"ListItem\",\"position\":2,\"name\":\"Acerca\",\"item\":\"https:\/\/idi.no\/es\/about\/\"},{\"@type\":\"ListItem\",\"position\":3,\"name\":\"Estrategia y Resultados\",\"item\":\"https:\/\/idi.no\/es\/about\/strategies-impact\/\"},{\"@type\":\"ListItem\",\"position\":4,\"name\":\"Plan Estrat\u00e9gico\"}]},{\"@type\":\"WebSite\",\"@id\":\"https:\/\/idi.no\/es\/#website\",\"url\":\"https:\/\/idi.no\/es\/\",\"name\":\"IDI\",\"description\":\"\",\"potentialAction\":[{\"@type\":\"SearchAction\",\"target\":{\"@type\":\"EntryPoint\",\"urlTemplate\":\"https:\/\/idi.no\/es\/?s={search_term_string}\"},\"query-input\":{\"@type\":\"PropertyValueSpecification\",\"valueRequired\":true,\"valueName\":\"search_term_string\"}}],\"inLanguage\":\"es\"}]}<\/script>\n<!-- \/ Yoast SEO plugin. -->","yoast_head_json":{"title":"Plan Estrat\u00e9gico - IDI","robots":{"index":"index","follow":"follow","max-snippet":"max-snippet:-1","max-image-preview":"max-image-preview:large","max-video-preview":"max-video-preview:-1"},"canonical":"https:\/\/idi.no\/es\/about\/strategies-impact\/strategic-plan\/","og_locale":"es_ES","og_type":"article","og_title":"Plan Estrat\u00e9gico - IDI","og_url":"https:\/\/idi.no\/es\/about\/strategies-impact\/strategic-plan\/","og_site_name":"IDI","article_modified_time":"2025-11-12T22:36:47+00:00","twitter_card":"summary_large_image","schema":{"@context":"https:\/\/schema.org","@graph":[{"@type":"WebPage","@id":"https:\/\/idi.no\/es\/about\/strategies-impact\/strategic-plan\/","url":"https:\/\/idi.no\/es\/about\/strategies-impact\/strategic-plan\/","name":"Plan Estrat\u00e9gico - IDI","isPartOf":{"@id":"https:\/\/idi.no\/es\/#website"},"datePublished":"2025-06-12T09:09:53+00:00","dateModified":"2025-11-12T22:36:47+00:00","breadcrumb":{"@id":"https:\/\/idi.no\/es\/about\/strategies-impact\/strategic-plan\/#breadcrumb"},"inLanguage":"es","potentialAction":[{"@type":"ReadAction","target":["https:\/\/idi.no\/es\/about\/strategies-impact\/strategic-plan\/"]}]},{"@type":"BreadcrumbList","@id":"https:\/\/idi.no\/es\/about\/strategies-impact\/strategic-plan\/#breadcrumb","itemListElement":[{"@type":"ListItem","position":1,"name":"Home","item":"https:\/\/idi.no\/es\/"},{"@type":"ListItem","position":2,"name":"Acerca","item":"https:\/\/idi.no\/es\/about\/"},{"@type":"ListItem","position":3,"name":"Estrategia y Resultados","item":"https:\/\/idi.no\/es\/about\/strategies-impact\/"},{"@type":"ListItem","position":4,"name":"Plan Estrat\u00e9gico"}]},{"@type":"WebSite","@id":"https:\/\/idi.no\/es\/#website","url":"https:\/\/idi.no\/es\/","name":"IDI","description":"","potentialAction":[{"@type":"SearchAction","target":{"@type":"EntryPoint","urlTemplate":"https:\/\/idi.no\/es\/?s={search_term_string}"},"query-input":{"@type":"PropertyValueSpecification","valueRequired":true,"valueName":"search_term_string"}}],"inLanguage":"es"}]}},"_links":{"self":[{"href":"https:\/\/idi.no\/es\/wp-json\/wp\/v2\/pages\/13476","targetHints":{"allow":["GET"]}}],"collection":[{"href":"https:\/\/idi.no\/es\/wp-json\/wp\/v2\/pages"}],"about":[{"href":"https:\/\/idi.no\/es\/wp-json\/wp\/v2\/types\/page"}],"author":[{"embeddable":true,"href":"https:\/\/idi.no\/es\/wp-json\/wp\/v2\/users\/1"}],"replies":[{"embeddable":true,"href":"https:\/\/idi.no\/es\/wp-json\/wp\/v2\/comments?post=13476"}],"version-history":[{"count":8,"href":"https:\/\/idi.no\/es\/wp-json\/wp\/v2\/pages\/13476\/revisions"}],"predecessor-version":[{"id":27656,"href":"https:\/\/idi.no\/es\/wp-json\/wp\/v2\/pages\/13476\/revisions\/27656"}],"up":[{"embeddable":true,"href":"https:\/\/idi.no\/es\/wp-json\/wp\/v2\/pages\/13393"}],"wp:attachment":[{"href":"https:\/\/idi.no\/es\/wp-json\/wp\/v2\/media?parent=13476"}],"curies":[{"name":"wp","href":"https:\/\/api.w.org\/{rel}","templated":true}]}}