{"id":13499,"date":"2025-06-10T18:42:27","date_gmt":"2025-06-10T18:42:27","guid":{"rendered":"https:\/\/idi.no\/disclaimers\/"},"modified":"2026-03-04T12:49:06","modified_gmt":"2026-03-04T12:49:06","slug":"disclaimers","status":"publish","type":"page","link":"https:\/\/idi.no\/es\/disclaimers\/","title":{"rendered":"Descargo de responsabilidad"},"content":{"rendered":"\n<div  class=\"hero-block \" >\n\t<div class=\"hero-block__container container\">\n\t\t<div class=\"hero-block__content\">\n\t\t\t\t\t\t\t<div class=\"hero-block__breadcrumbs breadcrumbs\">\n\t\t\t\t\t<span><span><a href=\"https:\/\/idi.no\/es\/\">Home<\/a><\/span><\/span>\t\t\t\t<\/div>\n\t\t\t\t\t\t\t\t\t\t<h1 class=\"hero-block__title\">\n\t\t\t\t\tDescargo de responsabilidad\t\t\t\t<\/h1>\n\t\t\t\t\t\t\t\t\t\n\t\t<\/div>\n\t\t\t<\/div>\n<\/div>\n\r\n<div  class=\"text-only-block text-only-block__white-background text-only-block__text-only\"> <!-- Removed undefined $style (before: echoed $style) -->\r\n    <div class=\"text-only-block__container container\">\r\n                    <div class=\"text-only-block__content\">\r\n                                                                    <div class=\"text-only-block__description\"><h3><span style=\"color: #00548e\">Lenguaje inclusivo y traducciones  <\/span><\/h3>\n<p>IDI pretende utilizar un lenguaje inclusivo en todas nuestras comunicaciones.<\/p>\n<p>Algunos contenidos de nuestro sitio web est\u00e1n disponibles en varios idiomas mediante el plugin multiling\u00fce de WordPress (WPML). Aunque trabajamos para garantizar traducciones de alta calidad, algunos textos traducidos -especialmente cuando se generan autom\u00e1ticamente- pueden no ser siempre totalmente precisos. <\/p>\n<p>IDI proporciona traducciones para hacer su contenido m\u00e1s accesible, pero no podemos garantizar que todas las traducciones sean completas, precisas o totalmente inclusivas. Cualquier uso del contenido traducido queda a discreci\u00f3n del usuario. <\/p>\n<h3><span style=\"color: #00548e\">Uso de im\u00e1genes<\/span><\/h3>\n<p>Las im\u00e1genes y el material ilustrativo de este sitio web se utilizan bajo licencia o con permiso y pueden estar sujetos a derechos de autor. Su reutilizaci\u00f3n requiere el permiso del titular de los derechos. <\/p>\n<h3><strong><span style=\"color: #00548e\">Uso de mapas<\/span><\/strong><\/h3>\n<p>Las denominaciones y la presentaci\u00f3n de los mapas en este sitio web s\u00f3lo tienen fines informativos y no implican ninguna opini\u00f3n sobre la situaci\u00f3n jur\u00eddica de ning\u00fan pa\u00eds\/territorio, ni sobre la delimitaci\u00f3n de fronteras o l\u00edmites.<\/p>\n<\/div>\r\n                                \r\n                <!-- New: Wrap all buttons in __button-list for consistency with working block -->\r\n                <div class=\"text-only-block__button-list\">\r\n                    \r\n                                    <\/div>\r\n            <\/div>\r\n        \r\n        \r\n        \r\n            <\/div>\r\n<\/div>\n<div  class=\"cta-block light-blue\" >\n\t<div class=\"cta-block__container container\">\n\t\t<div class=\"cta-block__content\">\n\t\t\t<div class=\"cta-block__content-col\">\n\t\t\t\t\t\t\t\t\t\t\t\t\t\t\t\t\t<div class=\"cta-block__description\">\n\t\t\t\t\t\t<p>Si observas alg\u00fan lenguaje que pueda mejorarse, en cualquier idioma, nos gustar\u00eda que nos lo comunicaras.<\/p>\n\t\t\t\t\t<\/div>\n\t\t\t\t\t\t\t<\/div>\n\t\t\t<div class=\"cta-block__content-col\">\n\t\t\t\t\t\t\t\t\t\t\t\t\t\t<a \thref=\"mailto:communications@idi.no\" \n\t\t\t\t\t\tclass=\"cta-block__button\"\n\t\t\t\t\t\t target=\"_blank\" rel=\"noopener noreferrer\"\t\t\t\t\t>\n\t\t\t\t\t\tEMAIL US\t\t\t\t\t<\/a>\n\t\t\t\t\t\t\t<\/div>\n\t\t<\/div>\n\t<\/div>\n<\/div>\n","protected":false},"excerpt":{"rendered":"","protected":false},"author":1,"featured_media":0,"parent":0,"menu_order":0,"comment_status":"closed","ping_status":"closed","template":"","meta":{"footnotes":""},"class_list":["post-13499","page","type-page","status-publish","hentry"],"acf":[],"yoast_head":"<!-- This site is optimized with the Yoast SEO plugin v25.3 - https:\/\/yoast.com\/wordpress\/plugins\/seo\/ -->\n<title>Descargo de responsabilidad - IDI<\/title>\n<meta name=\"robots\" content=\"index, follow, max-snippet:-1, max-image-preview:large, max-video-preview:-1\" \/>\n<link rel=\"canonical\" href=\"https:\/\/idi.no\/es\/disclaimers\/\" \/>\n<meta property=\"og:locale\" content=\"es_ES\" \/>\n<meta property=\"og:type\" content=\"article\" \/>\n<meta property=\"og:title\" content=\"Descargo de responsabilidad - IDI\" \/>\n<meta property=\"og:url\" content=\"https:\/\/idi.no\/es\/disclaimers\/\" \/>\n<meta property=\"og:site_name\" content=\"IDI\" \/>\n<meta property=\"article:modified_time\" content=\"2026-03-04T12:49:06+00:00\" \/>\n<meta name=\"twitter:card\" content=\"summary_large_image\" \/>\n<script type=\"application\/ld+json\" class=\"yoast-schema-graph\">{\"@context\":\"https:\/\/schema.org\",\"@graph\":[{\"@type\":\"WebPage\",\"@id\":\"https:\/\/idi.no\/es\/disclaimers\/\",\"url\":\"https:\/\/idi.no\/es\/disclaimers\/\",\"name\":\"Descargo de responsabilidad - IDI\",\"isPartOf\":{\"@id\":\"https:\/\/idi.no\/es\/#website\"},\"datePublished\":\"2025-06-10T18:42:27+00:00\",\"dateModified\":\"2026-03-04T12:49:06+00:00\",\"breadcrumb\":{\"@id\":\"https:\/\/idi.no\/es\/disclaimers\/#breadcrumb\"},\"inLanguage\":\"es\",\"potentialAction\":[{\"@type\":\"ReadAction\",\"target\":[\"https:\/\/idi.no\/es\/disclaimers\/\"]}]},{\"@type\":\"BreadcrumbList\",\"@id\":\"https:\/\/idi.no\/es\/disclaimers\/#breadcrumb\",\"itemListElement\":[{\"@type\":\"ListItem\",\"position\":1,\"name\":\"Home\",\"item\":\"https:\/\/idi.no\/es\/\"},{\"@type\":\"ListItem\",\"position\":2,\"name\":\"Descargo de responsabilidad\"}]},{\"@type\":\"WebSite\",\"@id\":\"https:\/\/idi.no\/es\/#website\",\"url\":\"https:\/\/idi.no\/es\/\",\"name\":\"IDI\",\"description\":\"\",\"potentialAction\":[{\"@type\":\"SearchAction\",\"target\":{\"@type\":\"EntryPoint\",\"urlTemplate\":\"https:\/\/idi.no\/es\/?s={search_term_string}\"},\"query-input\":{\"@type\":\"PropertyValueSpecification\",\"valueRequired\":true,\"valueName\":\"search_term_string\"}}],\"inLanguage\":\"es\"}]}<\/script>\n<!-- \/ Yoast SEO plugin. -->","yoast_head_json":{"title":"Descargo de responsabilidad - IDI","robots":{"index":"index","follow":"follow","max-snippet":"max-snippet:-1","max-image-preview":"max-image-preview:large","max-video-preview":"max-video-preview:-1"},"canonical":"https:\/\/idi.no\/es\/disclaimers\/","og_locale":"es_ES","og_type":"article","og_title":"Descargo de responsabilidad - IDI","og_url":"https:\/\/idi.no\/es\/disclaimers\/","og_site_name":"IDI","article_modified_time":"2026-03-04T12:49:06+00:00","twitter_card":"summary_large_image","schema":{"@context":"https:\/\/schema.org","@graph":[{"@type":"WebPage","@id":"https:\/\/idi.no\/es\/disclaimers\/","url":"https:\/\/idi.no\/es\/disclaimers\/","name":"Descargo de responsabilidad - IDI","isPartOf":{"@id":"https:\/\/idi.no\/es\/#website"},"datePublished":"2025-06-10T18:42:27+00:00","dateModified":"2026-03-04T12:49:06+00:00","breadcrumb":{"@id":"https:\/\/idi.no\/es\/disclaimers\/#breadcrumb"},"inLanguage":"es","potentialAction":[{"@type":"ReadAction","target":["https:\/\/idi.no\/es\/disclaimers\/"]}]},{"@type":"BreadcrumbList","@id":"https:\/\/idi.no\/es\/disclaimers\/#breadcrumb","itemListElement":[{"@type":"ListItem","position":1,"name":"Home","item":"https:\/\/idi.no\/es\/"},{"@type":"ListItem","position":2,"name":"Descargo de responsabilidad"}]},{"@type":"WebSite","@id":"https:\/\/idi.no\/es\/#website","url":"https:\/\/idi.no\/es\/","name":"IDI","description":"","potentialAction":[{"@type":"SearchAction","target":{"@type":"EntryPoint","urlTemplate":"https:\/\/idi.no\/es\/?s={search_term_string}"},"query-input":{"@type":"PropertyValueSpecification","valueRequired":true,"valueName":"search_term_string"}}],"inLanguage":"es"}]}},"_links":{"self":[{"href":"https:\/\/idi.no\/es\/wp-json\/wp\/v2\/pages\/13499","targetHints":{"allow":["GET"]}}],"collection":[{"href":"https:\/\/idi.no\/es\/wp-json\/wp\/v2\/pages"}],"about":[{"href":"https:\/\/idi.no\/es\/wp-json\/wp\/v2\/types\/page"}],"author":[{"embeddable":true,"href":"https:\/\/idi.no\/es\/wp-json\/wp\/v2\/users\/1"}],"replies":[{"embeddable":true,"href":"https:\/\/idi.no\/es\/wp-json\/wp\/v2\/comments?post=13499"}],"version-history":[{"count":3,"href":"https:\/\/idi.no\/es\/wp-json\/wp\/v2\/pages\/13499\/revisions"}],"predecessor-version":[{"id":37325,"href":"https:\/\/idi.no\/es\/wp-json\/wp\/v2\/pages\/13499\/revisions\/37325"}],"wp:attachment":[{"href":"https:\/\/idi.no\/es\/wp-json\/wp\/v2\/media?parent=13499"}],"curies":[{"name":"wp","href":"https:\/\/api.w.org\/{rel}","templated":true}]}}