{"id":13517,"date":"2025-06-10T20:03:32","date_gmt":"2025-06-10T20:03:32","guid":{"rendered":"https:\/\/idi.no\/careers\/"},"modified":"2025-11-12T22:36:47","modified_gmt":"2025-11-12T22:36:47","slug":"careers","status":"publish","type":"page","link":"https:\/\/idi.no\/es\/get-involved-2\/careers\/","title":{"rendered":"Ofertas de Empleo"},"content":{"rendered":"\n<div  class=\"image hero-block \" >\n\t<div class=\"image hero-block__container container\">\n\t\t<div class=\"image hero-block__content\">\n\t\t\t\t\t\t\t<div class=\"image hero-block__breadcrumbs breadcrumbs\">\n\t\t\t\t\t<span><span><a href=\"https:\/\/idi.no\/es\/\">Home<\/a><\/span><\/span>\t\t\t\t<\/div>\n\t\t\t\t\t\t\t\t\t\t<h1 class=\"image hero-block__title\">\n\t\t\t\t\tOfertas de Empleo\t\t\t\t<\/h1>\n\t\t\t\t\t\t\t\t\t\t\t\t\t<div class=\"image hero-block__description\">\n\t\t\t\t\t\u00bfTe interesa unirte a nuestro equipo? Obt\u00e9n m\u00e1s informaci\u00f3n sobre trabajar en IDI \t\t\t\t<\/div>\n\t\t\t\n\t\t<\/div>\n\t\t\t\t\t<div class=\"image hero-block__image\">\n\t\t\t\t<img decoding=\"async\" src=\"https:\/\/idi.no\/wp-content\/uploads\/2025\/10\/AdobeStock_1242827965-scaled-e1761623754726.jpeg\" alt=\"\">\n\t\t\t<\/div>\n\t\t\t<\/div>\n<\/div>\n\r\n<div  class=\"text-only-block text-only-block__white-background text-only-block__two-columns\"> <!-- Removed undefined $style (before: echoed $style) -->\r\n    <div class=\"text-only-block__container container\">\r\n        \r\n                    <div class=\"text-only-block__content\">\r\n                <div class=\"text-only-block__column\">\r\n                                            <h2 class=\"text-only-block__title\">Trabajar en IDI<\/h2>\r\n                                    <\/div>\r\n                <div class=\"text-only-block__column\">\r\n                                                                <div class=\"text-only-block__subtitle lede\">Nuestro diverso equipo de expertos impulsa el cambio. \u00bfQuiz\u00e1s seas el pr\u00f3ximo miembro de nuestro equipo? <\/div>\r\n                                                                <div class=\"text-only-block__description\"><p><span data-teams=\"true\">Forma parte de un equipo diverso e internacional en Oslo que impulsa la innovaci\u00f3n en la auditor\u00eda p\u00fablica. En IDI, apoyamos a las Entidades Fiscalizadoras Superiores de todo el mundo para promover la transparencia, la rendici\u00f3n de cuentas y la buena gobernanza. Guiados por nuestros valores <em>profesionalidad, innovaci\u00f3n, colaboraci\u00f3n y coraz\u00f3n<\/em>, trabajamos juntos para fortalecer las EFS independientes, cre\u00edbles y sostenibles para mejorar las sociedades y las vidas.  <\/span><\/p>\n<p>&nbsp;<\/p>\n<\/div>\r\n                                        \r\n                    <!-- New: Wrap all buttons in __button-list for consistency with working block -->\r\n                    <div class=\"text-only-block__button-list\">\r\n                        \r\n                                            <\/div>\r\n                <\/div>\r\n            <\/div>\r\n        \r\n        \r\n            <\/div>\r\n<\/div>\n<div  class=\"video-block \" >\n\t<div class=\"video-block__container container container_video-block__poster-play--bottom_left video-block--add-padding\">\n\t\t\t\t\t\t\t\t\t\t\t\t\t\t\t\t\t<div class=\"video-block__iframe-wrapper--add-padding\" style=\"\">\n\t\t\t\t\t\t\t<iframe loading=\"lazy\" src=\"https:\/\/player.vimeo.com\/video\/1120820835?dnt=1&amp;app_id=122963&amp;controls=1&amp;hd=1&amp;autohide=1\" width=\"640\" height=\"360\" frameborder=\"0\"><\/iframe>\t\t\t\t\t\t<\/div>\n\t\t\t\t\n\t\t\t\t\t\t\t\t\t\t\t\t\n\t\t\t\t\t\t\t<h4 class=\"video-block__title video-block__title-mobile\">\n\t\t\t\t\tTrabajar en IDI\t\t\t\t<\/h4>\n\t\t\t\t<\/div>\n<\/div>\n\n<div  class=\"cta-block dark-blue\" >\n\t<div class=\"cta-block__container container\">\n\t\t<div class=\"cta-block__content\">\n\t\t\t<div class=\"cta-block__content-col\">\n\t\t\t\t\t\t\t\t\t<h2 class=\"cta-block__title\">\n\t\t\t\t\t\tPersonas y Cultura\t\t\t\t\t<\/h2>\n\t\t\t\t\t\t\t\t\t\t\t\t\t\t\t\t\t<div class=\"cta-block__description\">\n\t\t\t\t\t\t<p>Valoramos las diferentes perspectivas y experiencias de nuestros compa\u00f1eros, ya que contribuyen a la creatividad, la innovaci\u00f3n y el impacto. Guiados por nuestros valores fundamentales: profesionalidad, innovaci\u00f3n, colaboraci\u00f3n y coraz\u00f3n, estamos comprometidos con nuestra misi\u00f3n de apoyar a las EFS independientes, cre\u00edbles y sostenibles. <\/p>\n\t\t\t\t\t<\/div>\n\t\t\t\t\t\t\t<\/div>\n\t\t\t<div class=\"cta-block__content-col\">\n\t\t\t\t\t\t\t\t\t\t\t\t\t\t<a \thref=\"https:\/\/idi.no\/about\/people\/\" \n\t\t\t\t\t\tclass=\"cta-block__button\"\n\t\t\t\t\t\t\t\t\t\t\t>\n\t\t\t\t\t\tLEARN MORE\t\t\t\t\t<\/a>\n\t\t\t\t\t\t\t<\/div>\n\t\t<\/div>\n\t<\/div>\n<\/div>\n\n<div  class=\"accordion-block \" >\n\t<div class=\"accordion-block__container container\">\n\t\t\t\t\t<h2 class=\"accordion-block__title\">\n\t\t\t\tPuestos disponibles\t\t\t<\/h2>\n\t\t\t\t\t\t\t<div class=\"accordion-block__subtitle lede\">\n\t\t\t\tNo hay puestos disponibles en este momento.\t\t\t<\/div>\n\t\t\t\t\t\t<\/div>\n\t<\/div>\n<\/div>\n","protected":false},"excerpt":{"rendered":"","protected":false},"author":1,"featured_media":0,"parent":13519,"menu_order":0,"comment_status":"closed","ping_status":"closed","template":"","meta":{"footnotes":""},"class_list":["post-13517","page","type-page","status-publish","hentry"],"acf":[],"yoast_head":"<!-- This site is optimized with the Yoast SEO plugin v25.3 - https:\/\/yoast.com\/wordpress\/plugins\/seo\/ -->\n<title>Ofertas de Empleo - IDI<\/title>\n<meta name=\"robots\" content=\"index, follow, max-snippet:-1, max-image-preview:large, max-video-preview:-1\" \/>\n<link rel=\"canonical\" href=\"https:\/\/idi.no\/es\/get-involved-2\/careers\/\" \/>\n<meta property=\"og:locale\" content=\"es_ES\" \/>\n<meta property=\"og:type\" content=\"article\" \/>\n<meta property=\"og:title\" content=\"Ofertas de Empleo - IDI\" \/>\n<meta property=\"og:url\" content=\"https:\/\/idi.no\/es\/get-involved-2\/careers\/\" \/>\n<meta property=\"og:site_name\" content=\"IDI\" \/>\n<meta property=\"article:modified_time\" content=\"2025-11-12T22:36:47+00:00\" \/>\n<meta name=\"twitter:card\" content=\"summary_large_image\" \/>\n<script type=\"application\/ld+json\" class=\"yoast-schema-graph\">{\"@context\":\"https:\/\/schema.org\",\"@graph\":[{\"@type\":\"WebPage\",\"@id\":\"https:\/\/idi.no\/es\/get-involved-2\/careers\/\",\"url\":\"https:\/\/idi.no\/es\/get-involved-2\/careers\/\",\"name\":\"Ofertas de Empleo - IDI\",\"isPartOf\":{\"@id\":\"https:\/\/idi.no\/es\/#website\"},\"datePublished\":\"2025-06-10T20:03:32+00:00\",\"dateModified\":\"2025-11-12T22:36:47+00:00\",\"breadcrumb\":{\"@id\":\"https:\/\/idi.no\/es\/get-involved-2\/careers\/#breadcrumb\"},\"inLanguage\":\"es\",\"potentialAction\":[{\"@type\":\"ReadAction\",\"target\":[\"https:\/\/idi.no\/es\/get-involved-2\/careers\/\"]}]},{\"@type\":\"BreadcrumbList\",\"@id\":\"https:\/\/idi.no\/es\/get-involved-2\/careers\/#breadcrumb\",\"itemListElement\":[{\"@type\":\"ListItem\",\"position\":1,\"name\":\"Home\",\"item\":\"https:\/\/idi.no\/es\/\"},{\"@type\":\"ListItem\",\"position\":2,\"name\":\"Participe\",\"item\":\"https:\/\/idi.no\/es\/get-involved-2\/\"},{\"@type\":\"ListItem\",\"position\":3,\"name\":\"Ofertas de Empleo\"}]},{\"@type\":\"WebSite\",\"@id\":\"https:\/\/idi.no\/es\/#website\",\"url\":\"https:\/\/idi.no\/es\/\",\"name\":\"IDI\",\"description\":\"\",\"potentialAction\":[{\"@type\":\"SearchAction\",\"target\":{\"@type\":\"EntryPoint\",\"urlTemplate\":\"https:\/\/idi.no\/es\/?s={search_term_string}\"},\"query-input\":{\"@type\":\"PropertyValueSpecification\",\"valueRequired\":true,\"valueName\":\"search_term_string\"}}],\"inLanguage\":\"es\"}]}<\/script>\n<!-- \/ Yoast SEO plugin. -->","yoast_head_json":{"title":"Ofertas de Empleo - IDI","robots":{"index":"index","follow":"follow","max-snippet":"max-snippet:-1","max-image-preview":"max-image-preview:large","max-video-preview":"max-video-preview:-1"},"canonical":"https:\/\/idi.no\/es\/get-involved-2\/careers\/","og_locale":"es_ES","og_type":"article","og_title":"Ofertas de Empleo - IDI","og_url":"https:\/\/idi.no\/es\/get-involved-2\/careers\/","og_site_name":"IDI","article_modified_time":"2025-11-12T22:36:47+00:00","twitter_card":"summary_large_image","schema":{"@context":"https:\/\/schema.org","@graph":[{"@type":"WebPage","@id":"https:\/\/idi.no\/es\/get-involved-2\/careers\/","url":"https:\/\/idi.no\/es\/get-involved-2\/careers\/","name":"Ofertas de Empleo - IDI","isPartOf":{"@id":"https:\/\/idi.no\/es\/#website"},"datePublished":"2025-06-10T20:03:32+00:00","dateModified":"2025-11-12T22:36:47+00:00","breadcrumb":{"@id":"https:\/\/idi.no\/es\/get-involved-2\/careers\/#breadcrumb"},"inLanguage":"es","potentialAction":[{"@type":"ReadAction","target":["https:\/\/idi.no\/es\/get-involved-2\/careers\/"]}]},{"@type":"BreadcrumbList","@id":"https:\/\/idi.no\/es\/get-involved-2\/careers\/#breadcrumb","itemListElement":[{"@type":"ListItem","position":1,"name":"Home","item":"https:\/\/idi.no\/es\/"},{"@type":"ListItem","position":2,"name":"Participe","item":"https:\/\/idi.no\/es\/get-involved-2\/"},{"@type":"ListItem","position":3,"name":"Ofertas de Empleo"}]},{"@type":"WebSite","@id":"https:\/\/idi.no\/es\/#website","url":"https:\/\/idi.no\/es\/","name":"IDI","description":"","potentialAction":[{"@type":"SearchAction","target":{"@type":"EntryPoint","urlTemplate":"https:\/\/idi.no\/es\/?s={search_term_string}"},"query-input":{"@type":"PropertyValueSpecification","valueRequired":true,"valueName":"search_term_string"}}],"inLanguage":"es"}]}},"_links":{"self":[{"href":"https:\/\/idi.no\/es\/wp-json\/wp\/v2\/pages\/13517","targetHints":{"allow":["GET"]}}],"collection":[{"href":"https:\/\/idi.no\/es\/wp-json\/wp\/v2\/pages"}],"about":[{"href":"https:\/\/idi.no\/es\/wp-json\/wp\/v2\/types\/page"}],"author":[{"embeddable":true,"href":"https:\/\/idi.no\/es\/wp-json\/wp\/v2\/users\/1"}],"replies":[{"embeddable":true,"href":"https:\/\/idi.no\/es\/wp-json\/wp\/v2\/comments?post=13517"}],"version-history":[{"count":15,"href":"https:\/\/idi.no\/es\/wp-json\/wp\/v2\/pages\/13517\/revisions"}],"predecessor-version":[{"id":27650,"href":"https:\/\/idi.no\/es\/wp-json\/wp\/v2\/pages\/13517\/revisions\/27650"}],"up":[{"embeddable":true,"href":"https:\/\/idi.no\/es\/wp-json\/wp\/v2\/pages\/13519"}],"wp:attachment":[{"href":"https:\/\/idi.no\/es\/wp-json\/wp\/v2\/media?parent=13517"}],"curies":[{"name":"wp","href":"https:\/\/api.w.org\/{rel}","templated":true}]}}