{"id":13525,"date":"2025-06-10T20:03:20","date_gmt":"2025-06-10T20:03:20","guid":{"rendered":"https:\/\/idi.no\/get-involved\/contribute\/"},"modified":"2025-11-12T22:37:19","modified_gmt":"2025-11-12T22:37:19","slug":"contribute","status":"publish","type":"page","link":"https:\/\/idi.no\/es\/get-involved-2\/contribute\/","title":{"rendered":"Contribuir &#8211; entidad fiscalizadora superior"},"content":{"rendered":"\n<div  class=\"image hero-block \" >\n\t<div class=\"image hero-block__container container\">\n\t\t<div class=\"image hero-block__content\">\n\t\t\t\t\t\t\t<div class=\"image hero-block__breadcrumbs breadcrumbs\">\n\t\t\t\t\t<span><span><a href=\"https:\/\/idi.no\/es\/\">Home<\/a><\/span><\/span>\t\t\t\t<\/div>\n\t\t\t\t\t\t\t\t\t\t<h1 class=\"image hero-block__title\">\n\t\t\t\t\tContribuir &#8211; entidad fiscalizadora superior\t\t\t\t<\/h1>\n\t\t\t\t\t\t\t\t\t\t\t\t\t<div class=\"image hero-block__description\">\n\t\t\t\t\t\u00bfListo para marcar la diferencia con nosotros? IDI ofrece oportunidades \u00fanicas para que los socios se involucren. \t\t\t\t<\/div>\n\t\t\t\n\t\t<\/div>\n\t\t\t\t\t<div class=\"image hero-block__image\">\n\t\t\t\t<img decoding=\"async\" src=\"https:\/\/idi.no\/wp-content\/uploads\/2025\/10\/AdobeStock_1150946822-scaled-e1761622982232.jpeg\" alt=\"\">\n\t\t\t<\/div>\n\t\t\t<\/div>\n<\/div>\n\n<div  class=\"text-and-media-block  block-image-align--left block-background-color--white with-circles\" >\n\t<div class=\"text-and-media-block__container container\">\n\t\t<div class=\"text-and-media-block__col\">\n\n\t\t\t\t\t\t\t\t\t\t\t\t\t<h2 class=\"text-and-media-block__title\">\n\t\t\t\t\tEntidades fiscalizadoras superiores\t\t\t\t<\/h2>\n\t\t\t\t\t\t\t\t\t\t<div class=\"text-and-media-block__subtitle\">\n\t\t\t\t\t\u00bfEs usted una EFS que busca unirse a la IDI para apoyar a otras? \u00a1Siga leyendo para descubrir c\u00f3mo puede ayudar! \t\t\t\t<\/div>\n\t\t\t\t\t\t\t\t\t\t<div class=\"text-and-media-block__description\">\n\t\t\t\t\t<p>El apoyo en especie constituye un recurso clave para la IDI. Las contribuciones cubren alrededor del 10-12% del presupuesto de gastos anual de la IDI. Invitamos a las EFS y a otras organizaciones a proporcionar contribuciones en especie en forma de:  <\/p>\n<ul>\n<li>Expertos para apoyo administrativo en eventos de la IDI<\/li>\n<li>Adscripci\u00f3n de personal con remuneraci\u00f3n total o parcial, que cumpla con los requisitos<br \/>\nde competencia de las organizaciones prestatarias<\/li>\n<li>Expertos para apoyo entre pares<\/li>\n<li>Instalaciones para reuniones y talleres<\/li>\n<li>Asunci\u00f3n de los gastos de alojamiento y viaje<\/li>\n<li>Prestaci\u00f3n de apoyo de interpretaci\u00f3n para reuniones<\/li>\n<\/ul>\n<p>Existen beneficios mutuos al trabajar con nosotros y proporcionar apoyo en especie. El personal de las EFS ampl\u00eda sus redes, aumenta su experiencia laboral internacional y contribuye a la obtenci\u00f3n de resultados a largo plazo para las EFS de todo el mundo. <\/p>\n\t\t\t\t<\/div>\n\t\t\t\n\t\t\t<div class=\"text-and-media-block__button-list\">\n\t\t\t\t\t\t\t\t\t\t\t<a \thref=\"mailto:idi@idi.no\"\n\t\t\t\t\tclass=\"text-and-media-block__button\"\n\t\t\t\t\t\t\t\t\t>\n\t\t\t\t\tCONTACT US\t\t\t\t<\/a>\n\t\t\t\n\t\t\t\t\t\t<\/div>\n\t\t<\/div>\n\t\t\t\t    <div class=\"text-and-media-block__col\">\n\t\t\t\t<div class=\"text-and-media-block__image\">\n\t\t\t\t\t<img decoding=\"async\" src=\"https:\/\/idi.no\/wp-content\/uploads\/2025\/10\/AdobeStock_1423355032-scaled-e1761622870563.jpeg\" alt=\"\">\n\t\t\t\t<\/div>\n\t\t\t<\/div>\n\t\t\t\t<\/div>\n<\/div>\n\n\n<div  class=\"testimonial-block testimonial-block__white-background \">\n\t<div class=\"testimonial-block__container container\">\n\t\t<div class=\"testimonial-block__content\">\n\t\t\t\t\t\t\t\t\t<h2 class=\"testimonial-block__title\">Testimonials<\/h2>\n\t\t\t\t\t\t\t\t\t\t\t\t\t<div class=\"testimonial-block__cards\">\n\t\t\t\t\t\t\t\t\t\t\t\t<div class=\"testimonial-block__card\">\n                                                            <div class=\"testimonial-block__quote\">\n                                    <svg width=\"42\" height=\"35\" viewBox=\"0 0 42 35\" fill=\"none\" xmlns=\"http:\/\/www.w3.org\/2000\/svg\">\n                                    <path d=\"M0 34.08C0 31.68 0 29.36 0 27.12C0.08 24.8 0.16 22.68 0.24 20.76C0.4 13.88 1.48 8.72 3.48 5.28C5.48 1.76 9.24 0 14.76 0L16.2 6.12C13.08 6.2 11.08 7.24 10.2 9.24C9.32 11.24 8.88 13.8 8.88 16.92H17.16V34.08H0ZM24.48 34.08C24.48 31.68 24.48 29.36 24.48 27.12C24.56 24.8 24.64 22.68 24.72 20.76C24.88 13.88 25.96 8.72 27.96 5.28C29.96 1.76 33.72 0 39.24 0L40.68 6.12C37.56 6.2 35.56 7.24 34.68 9.24C33.8 11.24 33.36 13.8 33.36 16.92H41.64V34.08H24.48Z\" fill=\"#00548E\"\/>\n                                    <\/svg>\n                                <\/div>\n                                <div class=\"testimonial-block__text\"><blockquote><p>Mi adscripci\u00f3n en la IDI ha tenido un impacto real en mi vida profesional. Puedo decir que apoyar a las EFS en diferentes regiones, idiomas y contextos es simplemente incre\u00edble. Me ha permitido lidiar con diferentes contextos, especialmente con los m\u00e1s desafiantes.  <\/p>\n<p>El entorno de trabajo internacional y multicultural de la IDI ha sido una gran oportunidad para mejorar mis capacidades en diferentes \u00e1reas.<\/p>\n<p>Mi trabajo en la IDI me ha proporcionado una experiencia sustancial en la realizaci\u00f3n de auditor\u00edas de acuerdo con las ISSAI. Actualmente soy gerente de auditor\u00eda de la EFS &#8211; jefe de equipo, capaz de realizar y supervisar auditor\u00edas eficaces y garantizar que se realicen de acuerdo con las ISSAI <\/p><\/blockquote>\n<\/div>\n                                                        <div class=\"testimonial-block__author\">\n                                                                            <div class=\"testimonial-block__author-image\">\n                                            <img decoding=\"async\" src=\"https:\/\/idi.no\/wp-content\/uploads\/2025\/10\/Hajer-photo.jpg\" alt=\"Sra. Hajer ghirir\">\n                                        <\/div>\n                                                                        <div class=\"testimonial-block__author-info\">\n                                                                            <div class=\"testimonial-block__author-name\">\n                                            Sra. Hajer ghirir                                        <\/div>\n                                                                                                                                                        <div class=\"testimonial-block__author-separator\">|<\/div>\n                                                                                <div class=\"testimonial-block__author-job\">\n                                            EFS T\u00fanez                                        <\/div>\n                                                                        <\/div>\n                                <\/div>\n\t\t\t\t\t\t    <\/div>\n\t\t\t\t\t\t\t\t\t\t\t\t<div class=\"testimonial-block__card\">\n                                                            <div class=\"testimonial-block__quote\">\n                                    <svg width=\"42\" height=\"35\" viewBox=\"0 0 42 35\" fill=\"none\" xmlns=\"http:\/\/www.w3.org\/2000\/svg\">\n                                    <path d=\"M0 34.08C0 31.68 0 29.36 0 27.12C0.08 24.8 0.16 22.68 0.24 20.76C0.4 13.88 1.48 8.72 3.48 5.28C5.48 1.76 9.24 0 14.76 0L16.2 6.12C13.08 6.2 11.08 7.24 10.2 9.24C9.32 11.24 8.88 13.8 8.88 16.92H17.16V34.08H0ZM24.48 34.08C24.48 31.68 24.48 29.36 24.48 27.12C24.56 24.8 24.64 22.68 24.72 20.76C24.88 13.88 25.96 8.72 27.96 5.28C29.96 1.76 33.72 0 39.24 0L40.68 6.12C37.56 6.2 35.56 7.24 34.68 9.24C33.8 11.24 33.36 13.8 33.36 16.92H41.64V34.08H24.48Z\" fill=\"#00548E\"\/>\n                                    <\/svg>\n                                <\/div>\n                                <div class=\"testimonial-block__text\"><p>Las colaboraciones internacionales del personal de la EFS de Kenia para apoyar a otras EFS mejoran su desarrollo profesional y sus capacidades individuales, incluidas las habilidades de comunicaci\u00f3n y colaboraci\u00f3n. La exposici\u00f3n intercultural fomenta la apreciaci\u00f3n de la diversidad y la resiliencia en la gesti\u00f3n de los desaf\u00edos \u00fanicos de cada pa\u00eds, lo que conduce a la adaptabilidad, el ingenio y la mejora de las habilidades de resoluci\u00f3n de problemas del personal. Estas habilidades conducen al desarrollo personal y sirven de motivaci\u00f3n para el personal.  <\/p>\n<p>La transferencia de conocimientos a trav\u00e9s del intercambio de estas experiencias ayuda a crear un entorno de aprendizaje continuo en la EFS. Esto incluye la exposici\u00f3n a m\u00e9todos, herramientas y t\u00e9cnicas de auditor\u00eda innovadores; \u00e1reas emergentes; diferentes contextos, culturas y diferentes formas de alcanzar los objetivos. Este apoyo tambi\u00e9n proporciona informaci\u00f3n valiosa sobre las \u00e1reas de mejora dentro de nuestra propia EFS. Adem\u00e1s, la EFS se posiciona como una instituci\u00f3n progresista con una reputaci\u00f3n internacional mejorada, ya que contribuye a fortalecer la rendici\u00f3n de cuentas, la gobernanza y la transparencia en otros pa\u00edses\u201d.   <\/p>\n<\/div>\n                                                        <div class=\"testimonial-block__author\">\n                                                                            <div class=\"testimonial-block__author-image\">\n                                            <img decoding=\"async\" src=\"https:\/\/idi.no\/wp-content\/uploads\/2025\/10\/AG.jpg\" alt=\"Sra. Nancy gathungu\">\n                                        <\/div>\n                                                                        <div class=\"testimonial-block__author-info\">\n                                                                            <div class=\"testimonial-block__author-name\">\n                                            Sra. Nancy gathungu                                        <\/div>\n                                                                                                                                                        <div class=\"testimonial-block__author-separator\">|<\/div>\n                                                                                <div class=\"testimonial-block__author-job\">\n                                            Auditora General de Kenia                                        <\/div>\n                                                                        <\/div>\n                                <\/div>\n\t\t\t\t\t\t    <\/div>\n\t\t\t\t\t\t\t\t\t\t\t<\/div>\n\t\t\t\t\n\t\t<\/div>\n\t<\/div>\n<\/div>\n<p><\/p>\n","protected":false},"excerpt":{"rendered":"","protected":false},"author":1,"featured_media":0,"parent":13519,"menu_order":0,"comment_status":"closed","ping_status":"closed","template":"","meta":{"footnotes":""},"class_list":["post-13525","page","type-page","status-publish","hentry"],"acf":[],"yoast_head":"<!-- This site is optimized with the Yoast SEO plugin v25.3 - https:\/\/yoast.com\/wordpress\/plugins\/seo\/ -->\n<title>Contribuir - entidad fiscalizadora superior - IDI<\/title>\n<meta name=\"robots\" content=\"index, follow, max-snippet:-1, max-image-preview:large, max-video-preview:-1\" \/>\n<link rel=\"canonical\" href=\"https:\/\/idi.no\/es\/get-involved-2\/contribute\/\" \/>\n<meta property=\"og:locale\" content=\"es_ES\" \/>\n<meta property=\"og:type\" content=\"article\" \/>\n<meta property=\"og:title\" content=\"Contribuir - entidad fiscalizadora superior - IDI\" \/>\n<meta property=\"og:url\" content=\"https:\/\/idi.no\/es\/get-involved-2\/contribute\/\" \/>\n<meta property=\"og:site_name\" content=\"IDI\" \/>\n<meta property=\"article:modified_time\" content=\"2025-11-12T22:37:19+00:00\" \/>\n<meta name=\"twitter:card\" content=\"summary_large_image\" \/>\n<script type=\"application\/ld+json\" class=\"yoast-schema-graph\">{\"@context\":\"https:\/\/schema.org\",\"@graph\":[{\"@type\":\"WebPage\",\"@id\":\"https:\/\/idi.no\/es\/get-involved-2\/contribute\/\",\"url\":\"https:\/\/idi.no\/es\/get-involved-2\/contribute\/\",\"name\":\"Contribuir - entidad fiscalizadora superior - IDI\",\"isPartOf\":{\"@id\":\"https:\/\/idi.no\/es\/#website\"},\"datePublished\":\"2025-06-10T20:03:20+00:00\",\"dateModified\":\"2025-11-12T22:37:19+00:00\",\"breadcrumb\":{\"@id\":\"https:\/\/idi.no\/es\/get-involved-2\/contribute\/#breadcrumb\"},\"inLanguage\":\"es\",\"potentialAction\":[{\"@type\":\"ReadAction\",\"target\":[\"https:\/\/idi.no\/es\/get-involved-2\/contribute\/\"]}]},{\"@type\":\"BreadcrumbList\",\"@id\":\"https:\/\/idi.no\/es\/get-involved-2\/contribute\/#breadcrumb\",\"itemListElement\":[{\"@type\":\"ListItem\",\"position\":1,\"name\":\"Home\",\"item\":\"https:\/\/idi.no\/es\/\"},{\"@type\":\"ListItem\",\"position\":2,\"name\":\"Participe\",\"item\":\"https:\/\/idi.no\/es\/get-involved-2\/\"},{\"@type\":\"ListItem\",\"position\":3,\"name\":\"Contribuir &#8211; entidad fiscalizadora superior\"}]},{\"@type\":\"WebSite\",\"@id\":\"https:\/\/idi.no\/es\/#website\",\"url\":\"https:\/\/idi.no\/es\/\",\"name\":\"IDI\",\"description\":\"\",\"potentialAction\":[{\"@type\":\"SearchAction\",\"target\":{\"@type\":\"EntryPoint\",\"urlTemplate\":\"https:\/\/idi.no\/es\/?s={search_term_string}\"},\"query-input\":{\"@type\":\"PropertyValueSpecification\",\"valueRequired\":true,\"valueName\":\"search_term_string\"}}],\"inLanguage\":\"es\"}]}<\/script>\n<!-- \/ Yoast SEO plugin. -->","yoast_head_json":{"title":"Contribuir - entidad fiscalizadora superior - IDI","robots":{"index":"index","follow":"follow","max-snippet":"max-snippet:-1","max-image-preview":"max-image-preview:large","max-video-preview":"max-video-preview:-1"},"canonical":"https:\/\/idi.no\/es\/get-involved-2\/contribute\/","og_locale":"es_ES","og_type":"article","og_title":"Contribuir - entidad fiscalizadora superior - IDI","og_url":"https:\/\/idi.no\/es\/get-involved-2\/contribute\/","og_site_name":"IDI","article_modified_time":"2025-11-12T22:37:19+00:00","twitter_card":"summary_large_image","schema":{"@context":"https:\/\/schema.org","@graph":[{"@type":"WebPage","@id":"https:\/\/idi.no\/es\/get-involved-2\/contribute\/","url":"https:\/\/idi.no\/es\/get-involved-2\/contribute\/","name":"Contribuir - entidad fiscalizadora superior - IDI","isPartOf":{"@id":"https:\/\/idi.no\/es\/#website"},"datePublished":"2025-06-10T20:03:20+00:00","dateModified":"2025-11-12T22:37:19+00:00","breadcrumb":{"@id":"https:\/\/idi.no\/es\/get-involved-2\/contribute\/#breadcrumb"},"inLanguage":"es","potentialAction":[{"@type":"ReadAction","target":["https:\/\/idi.no\/es\/get-involved-2\/contribute\/"]}]},{"@type":"BreadcrumbList","@id":"https:\/\/idi.no\/es\/get-involved-2\/contribute\/#breadcrumb","itemListElement":[{"@type":"ListItem","position":1,"name":"Home","item":"https:\/\/idi.no\/es\/"},{"@type":"ListItem","position":2,"name":"Participe","item":"https:\/\/idi.no\/es\/get-involved-2\/"},{"@type":"ListItem","position":3,"name":"Contribuir &#8211; entidad fiscalizadora superior"}]},{"@type":"WebSite","@id":"https:\/\/idi.no\/es\/#website","url":"https:\/\/idi.no\/es\/","name":"IDI","description":"","potentialAction":[{"@type":"SearchAction","target":{"@type":"EntryPoint","urlTemplate":"https:\/\/idi.no\/es\/?s={search_term_string}"},"query-input":{"@type":"PropertyValueSpecification","valueRequired":true,"valueName":"search_term_string"}}],"inLanguage":"es"}]}},"_links":{"self":[{"href":"https:\/\/idi.no\/es\/wp-json\/wp\/v2\/pages\/13525","targetHints":{"allow":["GET"]}}],"collection":[{"href":"https:\/\/idi.no\/es\/wp-json\/wp\/v2\/pages"}],"about":[{"href":"https:\/\/idi.no\/es\/wp-json\/wp\/v2\/types\/page"}],"author":[{"embeddable":true,"href":"https:\/\/idi.no\/es\/wp-json\/wp\/v2\/users\/1"}],"replies":[{"embeddable":true,"href":"https:\/\/idi.no\/es\/wp-json\/wp\/v2\/comments?post=13525"}],"version-history":[{"count":15,"href":"https:\/\/idi.no\/es\/wp-json\/wp\/v2\/pages\/13525\/revisions"}],"predecessor-version":[{"id":27680,"href":"https:\/\/idi.no\/es\/wp-json\/wp\/v2\/pages\/13525\/revisions\/27680"}],"up":[{"embeddable":true,"href":"https:\/\/idi.no\/es\/wp-json\/wp\/v2\/pages\/13519"}],"wp:attachment":[{"href":"https:\/\/idi.no\/es\/wp-json\/wp\/v2\/media?parent=13525"}],"curies":[{"name":"wp","href":"https:\/\/api.w.org\/{rel}","templated":true}]}}