{"id":13555,"date":"2025-06-10T18:41:32","date_gmt":"2025-06-10T18:41:32","guid":{"rendered":"https:\/\/idi.no\/news-events\/"},"modified":"2025-11-12T22:43:12","modified_gmt":"2025-11-12T22:43:12","slug":"news-and-events","status":"publish","type":"page","link":"https:\/\/idi.no\/es\/news-and-events\/","title":{"rendered":"Noticias y Eventos"},"content":{"rendered":"<div  class=\"breadcrumbs-block\">\n  <div class=\"breadcrumbs-block__container container\">\n    <div class=\"breadcrumbs-block__breadcrumbs breadcrumbs\">\n      <span><span><a href=\"https:\/\/idi.no\/es\/\">Home<\/a><\/span><\/span>    <\/div>\n  <\/div>\n<\/div><div  class=\"featured-events-news-block\">\n  <div class=\"featured-events-news-block__container container\">\n\n    <div class=\"featured-events-news-block__row\">\n      <div class=\"featured-events-news-block__column featured-events-news-block__column--left\">\n            <div class=\"event-card\">\r\n        <a  href=\"https:\/\/idi.no\/es\/news-and-events\/events\/charlas-lota-sobre-inteligencia-artificial-evento-de-seminario-web-abierto\/\"\r\n            class=\"event-card__full-card-link\"\r\n            data-uw-ignore-s3\r\n        ><\/a>\r\n                    <img decoding=\"async\" src=\"https:\/\/idi.no\/wp-content\/uploads\/2025\/11\/LOTA-Talks-Card-2.jpg\" alt=\"Charlas LOTA sobre inteligencia artificial: evento de seminario web abierto\" class=\"event-card__image\">\r\n                <div class=\"event-card__info\">\r\n          <div class=\"event-card__day\">\r\n            01\/01\/1970            <span>Jan<\/span>\r\n          <\/div>\r\n          <div class=\"event-card__content\">\r\n            <div class=\"event-card__date\">\r\n                                    <span> @ 3:00 pm &#8211; 5:00 pm<\/span>\r\n                            <\/div>\r\n            <div class=\"event-card__general-info\">\r\n                                <h6 class=\"event-card__title\">Charlas LOTA sobre inteligencia artificial: evento de seminario web abierto<\/h6>\r\n                            <p class=\"event-card__link\">Read more<\/p>\r\n            <\/div>\r\n          <\/div>\r\n        <\/div>\r\n    <\/div>\r\n          <\/div>\n      <div class=\"featured-events-news-block__column featured-events-news-block__column--center\">\n            <div class=\"news-card\">\r\n        <a  href=\"https:\/\/idi.no\/es\/news-and-events\/news\/declaracion-del-embajador-de-buena-voluntad-de-la-cooperacion-de-donantes-de-la-intosai-sobre-la-independencia-de-las-efs-en-relacion-con-los-recientes-acontecimientos-en-gambia\/\"\r\n            class=\"news-card__full-card-link\"\r\n            data-uw-ignore-s3\r\n        ><\/a>\r\n                    <img decoding=\"async\" src=\"https:\/\/idi.no\/wp-content\/uploads\/2025\/09\/SoMe-Templates-1200-x-720px-2.png\" alt=\"Declaraci\u00f3n del Embajador de Buena Voluntad de la Cooperaci\u00f3n de Donantes de la INTOSAI sobre la Independencia de las EFS en relaci\u00f3n con los recientes acontecimientos en Gambia\" class=\"news-card__image\">\r\n                            <div class=\"news-card__categories\"><a href=\"https:\/\/idi.no\/es\/news\/\">News<\/a><\/div>\r\n                            <div class=\"news-card__date\">17\/09\/2025<\/div>\r\n                            <h6 class=\"news-card__title\">Declaraci\u00f3n del Embajador de Buena Voluntad de la Cooperaci\u00f3n de Donantes de la INTOSAI sobre la Independencia de las EFS en relaci\u00f3n con los recientes acontecimientos en Gambia<\/h6>\r\n                        <a href=\"https:\/\/idi.no\/es\/news-and-events\/news\/declaracion-del-embajador-de-buena-voluntad-de-la-cooperacion-de-donantes-de-la-intosai-sobre-la-independencia-de-las-efs-en-relacion-con-los-recientes-acontecimientos-en-gambia\/\" class=\"news-card__link\">Read more<\/a>\r\n    <\/div>\r\n          <\/div>\n      <div class=\"featured-events-news-block__column featured-events-news-block__column--right\">\n            <div class=\"news-card\">\r\n        <a  href=\"https:\/\/idi.no\/es\/news-and-events\/news\/dialogo-de-alto-nivel-entre-la-direccion-de-las-efs-y-las-principales-partes-interesadas-creacion-de-competencias-de-los-auditores-para-utilizar-la-ia-y-la-tecnologia\/\"\r\n            class=\"news-card__full-card-link\"\r\n            data-uw-ignore-s3\r\n        ><\/a>\r\n                    <img decoding=\"async\" src=\"https:\/\/idi.no\/wp-content\/uploads\/2025\/10\/High-Level-Dialogue-1.jpg\" alt=\"Di\u00e1logo de alto nivel entre la direcci\u00f3n de las EFS y las principales partes interesadas: Creaci\u00f3n de competencias de los auditores para utilizar la IA y la tecnolog\u00eda\" class=\"news-card__image\">\r\n                            <div class=\"news-card__categories\"><a href=\"https:\/\/idi.no\/es\/news\/\">News<\/a><\/div>\r\n                            <div class=\"news-card__date\">03\/10\/2025<\/div>\r\n                            <h6 class=\"news-card__title\">Di\u00e1logo de alto nivel entre la direcci\u00f3n de las EFS y las principales partes interesadas: Creaci\u00f3n de competencias de los auditores para utilizar la IA y la tecnolog\u00eda<\/h6>\r\n                        <a href=\"https:\/\/idi.no\/es\/news-and-events\/news\/dialogo-de-alto-nivel-entre-la-direccion-de-las-efs-y-las-principales-partes-interesadas-creacion-de-competencias-de-los-auditores-para-utilizar-la-ia-y-la-tecnologia\/\" class=\"news-card__link\">Read more<\/a>\r\n    <\/div>\r\n          <\/div>\n    <\/div>\n  <\/div>\n<\/div>\n    <div         class=\"event-news-grid-block block-background-color--light\">\n        <div class=\"event-news-grid-block__container container\">\n            <h2 class=\"event-news-grid-block__label\">Noticias recientes<\/h2>\n            <div class=\"event-news-grid-block__grid\">\n                    <div class=\"news-card\">\r\n        <a  href=\"https:\/\/idi.no\/es\/news-and-events\/news\/la-idi-y-el-interventor-y-auditor-general-de-la-india-firman-una-vision-compartida-para-el-futuro\/\"\r\n            class=\"news-card__full-card-link\"\r\n            data-uw-ignore-s3\r\n        ><\/a>\r\n                    <img decoding=\"async\" src=\"https:\/\/idi.no\/wp-content\/uploads\/2026\/03\/Press-release-1200-x-720px.png\" alt=\"La IDI y el Interventor y Auditor General de la India firman una visi\u00f3n compartida para el futuro\" class=\"news-card__image\">\r\n                            <div class=\"news-card__categories\"><a href=\"https:\/\/idi.no\/es\/news\/\">News<\/a><\/div>\r\n                            <div class=\"news-card__date\">24\/03\/2026<\/div>\r\n                            <h6 class=\"news-card__title\">La IDI y el Interventor y Auditor General de la India firman una visi\u00f3n compartida para el futuro<\/h6>\r\n                        <a href=\"https:\/\/idi.no\/es\/news-and-events\/news\/la-idi-y-el-interventor-y-auditor-general-de-la-india-firman-una-vision-compartida-para-el-futuro\/\" class=\"news-card__link\">Read more<\/a>\r\n    <\/div>\r\n        <div class=\"news-card\">\r\n        <a  href=\"https:\/\/idi.no\/es\/news-and-events\/news\/la-direccion-de-las-entidades-fiscalizadoras-superiores-reflexiona-sobre-los-avances-en-las-practicas-sostenibles-de-auditoria-de-gestion-centrandose-en-la-calidad-y-el-impacto-de-la-auditoria-2\/\"\r\n            class=\"news-card__full-card-link\"\r\n            data-uw-ignore-s3\r\n        ><\/a>\r\n                    <img decoding=\"async\" src=\"https:\/\/idi.no\/wp-content\/uploads\/2026\/03\/Official.jpg\" alt=\"La direcci\u00f3n de las Entidades Fiscalizadoras Superiores reflexiona sobre los avances en las pr\u00e1cticas sostenibles de auditor\u00eda de gesti\u00f3n, centr\u00e1ndose en la calidad y el impacto de la auditor\u00eda\" class=\"news-card__image\">\r\n                            <div class=\"news-card__categories\"><a href=\"https:\/\/idi.no\/es\/news\/\">News<\/a><\/div>\r\n                            <div class=\"news-card__date\">17\/03\/2026<\/div>\r\n                            <h6 class=\"news-card__title\">La direcci\u00f3n de las Entidades Fiscalizadoras Superiores reflexiona sobre los avances en las pr\u00e1cticas sostenibles de auditor\u00eda de gesti\u00f3n, centr\u00e1ndose en la calidad y el impacto de la auditor\u00eda<\/h6>\r\n                        <a href=\"https:\/\/idi.no\/es\/news-and-events\/news\/la-direccion-de-las-entidades-fiscalizadoras-superiores-reflexiona-sobre-los-avances-en-las-practicas-sostenibles-de-auditoria-de-gestion-centrandose-en-la-calidad-y-el-impacto-de-la-auditoria-2\/\" class=\"news-card__link\">Read more<\/a>\r\n    <\/div>\r\n        <div class=\"news-card\">\r\n        <a  href=\"https:\/\/idi.no\/es\/news-and-events\/news\/sentar-unas-bases-solidas-para-el-crecimiento-profesional-sai-png-desarrolla-su-sistema-de-tutoria-y-sus-habilidades-de-liderazgo-de-proyectos-2\/\"\r\n            class=\"news-card__full-card-link\"\r\n            data-uw-ignore-s3\r\n        ><\/a>\r\n                    <img decoding=\"async\" src=\"https:\/\/idi.no\/wp-content\/uploads\/2026\/02\/SoMe-PESA-March-2026.png\" alt=\"Ya est\u00e1n abiertas las candidaturas para las ediciones inglesa y \u00e1rabe de PESA 2026-2027\" class=\"news-card__image\">\r\n                            <div class=\"news-card__categories\"><a href=\"https:\/\/idi.no\/es\/news\/\">News<\/a><\/div>\r\n                            <div class=\"news-card__date\">18\/02\/2026<\/div>\r\n                            <h6 class=\"news-card__title\">Ya est\u00e1n abiertas las candidaturas para las ediciones inglesa y \u00e1rabe de PESA 2026-2027<\/h6>\r\n                        <a href=\"https:\/\/idi.no\/es\/news-and-events\/news\/sentar-unas-bases-solidas-para-el-crecimiento-profesional-sai-png-desarrolla-su-sistema-de-tutoria-y-sus-habilidades-de-liderazgo-de-proyectos-2\/\" class=\"news-card__link\">Read more<\/a>\r\n    <\/div>\r\n        <div class=\"news-card\">\r\n        <a  href=\"https:\/\/idi.no\/es\/news-and-events\/news\/la-idi-amplia-las-asociaciones-y-mejora-el-apoyo-a-la-responsabilidad-publica-en-africa-y-asia-central-2\/\"\r\n            class=\"news-card__full-card-link\"\r\n            data-uw-ignore-s3\r\n        ><\/a>\r\n                    <img decoding=\"async\" src=\"https:\/\/idi.no\/wp-content\/uploads\/2026\/02\/SoMe-Cards-1200-x-720px-2.png\" alt=\"La IDI y el Interventor y Auditor General de la India firman una visi\u00f3n compartida para el futuro\" class=\"news-card__image\">\r\n                            <div class=\"news-card__categories\"><a href=\"https:\/\/idi.no\/es\/news\/\">News<\/a><\/div>\r\n                            <div class=\"news-card__date\">13\/02\/2026<\/div>\r\n                            <h6 class=\"news-card__title\">La IDI y el Interventor y Auditor General de la India firman una visi\u00f3n compartida para el futuro<\/h6>\r\n                        <a href=\"https:\/\/idi.no\/es\/news-and-events\/news\/la-idi-amplia-las-asociaciones-y-mejora-el-apoyo-a-la-responsabilidad-publica-en-africa-y-asia-central-2\/\" class=\"news-card__link\">Read more<\/a>\r\n    <\/div>\r\n                <\/div>\n                            <div class=\"event-news-grid-block__footer block-footer\">\n                                        <a  href=\"\/news-and-events\/news\" \n                        class=\"button button--primary\"\n                                            >\n                        See More                    <\/a>\n                <\/div>\n                    <\/div>\n    <\/div>\n<div  class=\"upcoming-events-block \"\n     id=\"upcoming-events-block__anchor\">\n    <div class=\"upcoming-events-block__container container\">\n        <div class=\"upcoming-events-block__content\">\n            <h2 class=\"upcoming-events-block__label\">Upcoming Events<\/h2>\n            <div class=\"events-filter\">\n                <div class=\"events-filter__pagination\">\n                    <div class=\"facetwp-facet facetwp-facet-pagination facetwp-type-pager\" data-name=\"pagination\" data-type=\"pager\"><\/div>                <\/div>\n                <div class=\"events-filter__today-button-wrapper\"><button id=\"todayBtn\"\n                        type=\"button\" data-value=\"DESC\">Today<\/button><\/div>\n                <div class=\"events-filter__datepicker-wrapper\">\n                    <span>Now&nbsp;&#8211;&nbsp;<\/span>\n                    <input type=\"text\" id=\"datepicker\" class=\"datepicker\" size=\"10\" readonly\n                        style=\"cursor: pointer; caret-color: transparent; width: fit-content;\">\n                    <img decoding=\"async\" src=\"https:\/\/idi.no\/wp-content\/themes\/idi\/assets\/images\/icons\/shevron-right.svg\"\n                        alt=\"arrow-down\" class=\"datepicker-icon\">\n                <\/div>\n                <input type=\"hidden\" id=\"datepicker-hidden\" name=\"date_to\">\n                            <\/div>\n\n                <div class=\"events-list facetwp-template\">\n                                <div class=\"event-month\">\n                <span>mayo 2026<\/span>\n                <div class=\"event-month__hr\">\n                    <div class=\"event-month__hr__line\"><hr><\/div>\n                <\/div>\n            <\/div>\n            <div class=\"no-events-message\">\n                <p>No upcoming events found.<\/p>\n            <\/div>\n            <\/div>\n    \n        <\/div>\n    <\/div>\n<\/div>\n\n\n<div  class=\"cta-block light-blue\" >\n\t<div class=\"cta-block__container container\">\n\t\t<div class=\"cta-block__content\">\n\t\t\t<div class=\"cta-block__content-col\">\n\t\t\t\t\t\t\t\t\t<h2 class=\"cta-block__title\">\n\t\t\t\t\t\tPodcast\t\t\t\t\t<\/h2>\n\t\t\t\t\t\t\t\t\t\t\t\t\t<div class=\"cta-block__subtitle lede\">\n\t\t\t\t\t\tObt\u00e9n m\u00e1s informaci\u00f3n y escucha el p\u00f3dcast de IDI, &quot;How to Governance&quot;.\t\t\t\t\t<\/div>\n\t\t\t\t\t\t\t\t\t\t\t\t\t<div class=\"cta-block__description\">\n\t\t\t\t\t\t<p>\u00bfTe has preguntado qu\u00e9 le espera a la gobernanza del sector p\u00fablico y el impacto futuro en las Entidades Fiscalizadoras Superiores (EFS)? La serie de p\u00f3dcasts \u00abHow to Governance\u00bb profundiza en temas nuevos y emergentes, desaf\u00edos y oportunidades para las EFS. <\/p>\n<p>Escucha a nuestros interesantes invitados mientras discuten su opini\u00f3n sobre c\u00f3mo preparar la gobernanza de las EFS para el futuro y crear un mejor impacto.<\/p>\n\t\t\t\t\t<\/div>\n\t\t\t\t\t\t\t<\/div>\n\t\t\t<div class=\"cta-block__content-col\">\n\t\t\t\t\t\t\t\t\t\t\t\t\t\t<a \thref=\"https:\/\/idi.no\/podcast\/\" \n\t\t\t\t\t\tclass=\"cta-block__button\"\n\t\t\t\t\t\t target=\"_blank\" rel=\"noopener noreferrer\"\t\t\t\t\t>\n\t\t\t\t\t\tLEARN MORE\t\t\t\t\t<\/a>\n\t\t\t\t\t\t\t<\/div>\n\t\t<\/div>\n\t<\/div>\n<\/div>\n","protected":false},"excerpt":{"rendered":"<p>Mantente informado sobre las \u00faltimas noticias, eventos e hitos de IDI.<\/p>\n","protected":false},"author":1,"featured_media":13355,"parent":0,"menu_order":0,"comment_status":"closed","ping_status":"closed","template":"","meta":{"footnotes":""},"class_list":["post-13555","page","type-page","status-publish","has-post-thumbnail","hentry"],"acf":[],"yoast_head":"<!-- This site is optimized with the Yoast SEO plugin v25.3 - https:\/\/yoast.com\/wordpress\/plugins\/seo\/ -->\n<title>Noticias y Eventos - IDI<\/title>\n<meta name=\"robots\" content=\"index, follow, max-snippet:-1, max-image-preview:large, max-video-preview:-1\" \/>\n<link rel=\"canonical\" href=\"https:\/\/idi.no\/es\/news-and-events\/\" \/>\n<meta property=\"og:locale\" content=\"es_ES\" \/>\n<meta property=\"og:type\" content=\"article\" \/>\n<meta property=\"og:title\" content=\"Noticias y Eventos - IDI\" \/>\n<meta property=\"og:description\" content=\"Mantente informado sobre las \u00faltimas noticias, eventos e hitos de IDI.\" \/>\n<meta property=\"og:url\" content=\"https:\/\/idi.no\/es\/news-and-events\/\" \/>\n<meta property=\"og:site_name\" content=\"IDI\" \/>\n<meta property=\"article:modified_time\" content=\"2025-11-12T22:43:12+00:00\" \/>\n<meta property=\"og:image\" content=\"https:\/\/idi.no\/wp-content\/uploads\/2025\/06\/DSCF1696_redigerad-1-660x440-1-1.png\" \/>\n\t<meta property=\"og:image:width\" content=\"453\" \/>\n\t<meta property=\"og:image:height\" content=\"446\" \/>\n\t<meta property=\"og:image:type\" content=\"image\/png\" \/>\n<meta name=\"twitter:card\" content=\"summary_large_image\" \/>\n<meta name=\"twitter:label1\" content=\"Tiempo de lectura\" \/>\n\t<meta name=\"twitter:data1\" content=\"1 minuto\" \/>\n<script type=\"application\/ld+json\" class=\"yoast-schema-graph\">{\"@context\":\"https:\/\/schema.org\",\"@graph\":[{\"@type\":\"WebPage\",\"@id\":\"https:\/\/idi.no\/es\/news-and-events\/\",\"url\":\"https:\/\/idi.no\/es\/news-and-events\/\",\"name\":\"Noticias y Eventos - IDI\",\"isPartOf\":{\"@id\":\"https:\/\/idi.no\/es\/#website\"},\"primaryImageOfPage\":{\"@id\":\"https:\/\/idi.no\/es\/news-and-events\/#primaryimage\"},\"image\":{\"@id\":\"https:\/\/idi.no\/es\/news-and-events\/#primaryimage\"},\"thumbnailUrl\":\"https:\/\/idi.no\/wp-content\/uploads\/2025\/06\/DSCF1696_redigerad-1-660x440-1-1.png\",\"datePublished\":\"2025-06-10T18:41:32+00:00\",\"dateModified\":\"2025-11-12T22:43:12+00:00\",\"breadcrumb\":{\"@id\":\"https:\/\/idi.no\/es\/news-and-events\/#breadcrumb\"},\"inLanguage\":\"es\",\"potentialAction\":[{\"@type\":\"ReadAction\",\"target\":[\"https:\/\/idi.no\/es\/news-and-events\/\"]}]},{\"@type\":\"ImageObject\",\"inLanguage\":\"es\",\"@id\":\"https:\/\/idi.no\/es\/news-and-events\/#primaryimage\",\"url\":\"https:\/\/idi.no\/wp-content\/uploads\/2025\/06\/DSCF1696_redigerad-1-660x440-1-1.png\",\"contentUrl\":\"https:\/\/idi.no\/wp-content\/uploads\/2025\/06\/DSCF1696_redigerad-1-660x440-1-1.png\",\"width\":453,\"height\":446},{\"@type\":\"BreadcrumbList\",\"@id\":\"https:\/\/idi.no\/es\/news-and-events\/#breadcrumb\",\"itemListElement\":[{\"@type\":\"ListItem\",\"position\":1,\"name\":\"Home\",\"item\":\"https:\/\/idi.no\/es\/\"},{\"@type\":\"ListItem\",\"position\":2,\"name\":\"Noticias y Eventos\"}]},{\"@type\":\"WebSite\",\"@id\":\"https:\/\/idi.no\/es\/#website\",\"url\":\"https:\/\/idi.no\/es\/\",\"name\":\"IDI\",\"description\":\"\",\"potentialAction\":[{\"@type\":\"SearchAction\",\"target\":{\"@type\":\"EntryPoint\",\"urlTemplate\":\"https:\/\/idi.no\/es\/?s={search_term_string}\"},\"query-input\":{\"@type\":\"PropertyValueSpecification\",\"valueRequired\":true,\"valueName\":\"search_term_string\"}}],\"inLanguage\":\"es\"}]}<\/script>\n<!-- \/ Yoast SEO plugin. -->","yoast_head_json":{"title":"Noticias y Eventos - IDI","robots":{"index":"index","follow":"follow","max-snippet":"max-snippet:-1","max-image-preview":"max-image-preview:large","max-video-preview":"max-video-preview:-1"},"canonical":"https:\/\/idi.no\/es\/news-and-events\/","og_locale":"es_ES","og_type":"article","og_title":"Noticias y Eventos - IDI","og_description":"Mantente informado sobre las \u00faltimas noticias, eventos e hitos de IDI.","og_url":"https:\/\/idi.no\/es\/news-and-events\/","og_site_name":"IDI","article_modified_time":"2025-11-12T22:43:12+00:00","og_image":[{"width":453,"height":446,"url":"https:\/\/idi.no\/wp-content\/uploads\/2025\/06\/DSCF1696_redigerad-1-660x440-1-1.png","type":"image\/png"}],"twitter_card":"summary_large_image","twitter_misc":{"Tiempo de lectura":"1 minuto"},"schema":{"@context":"https:\/\/schema.org","@graph":[{"@type":"WebPage","@id":"https:\/\/idi.no\/es\/news-and-events\/","url":"https:\/\/idi.no\/es\/news-and-events\/","name":"Noticias y Eventos - IDI","isPartOf":{"@id":"https:\/\/idi.no\/es\/#website"},"primaryImageOfPage":{"@id":"https:\/\/idi.no\/es\/news-and-events\/#primaryimage"},"image":{"@id":"https:\/\/idi.no\/es\/news-and-events\/#primaryimage"},"thumbnailUrl":"https:\/\/idi.no\/wp-content\/uploads\/2025\/06\/DSCF1696_redigerad-1-660x440-1-1.png","datePublished":"2025-06-10T18:41:32+00:00","dateModified":"2025-11-12T22:43:12+00:00","breadcrumb":{"@id":"https:\/\/idi.no\/es\/news-and-events\/#breadcrumb"},"inLanguage":"es","potentialAction":[{"@type":"ReadAction","target":["https:\/\/idi.no\/es\/news-and-events\/"]}]},{"@type":"ImageObject","inLanguage":"es","@id":"https:\/\/idi.no\/es\/news-and-events\/#primaryimage","url":"https:\/\/idi.no\/wp-content\/uploads\/2025\/06\/DSCF1696_redigerad-1-660x440-1-1.png","contentUrl":"https:\/\/idi.no\/wp-content\/uploads\/2025\/06\/DSCF1696_redigerad-1-660x440-1-1.png","width":453,"height":446},{"@type":"BreadcrumbList","@id":"https:\/\/idi.no\/es\/news-and-events\/#breadcrumb","itemListElement":[{"@type":"ListItem","position":1,"name":"Home","item":"https:\/\/idi.no\/es\/"},{"@type":"ListItem","position":2,"name":"Noticias y Eventos"}]},{"@type":"WebSite","@id":"https:\/\/idi.no\/es\/#website","url":"https:\/\/idi.no\/es\/","name":"IDI","description":"","potentialAction":[{"@type":"SearchAction","target":{"@type":"EntryPoint","urlTemplate":"https:\/\/idi.no\/es\/?s={search_term_string}"},"query-input":{"@type":"PropertyValueSpecification","valueRequired":true,"valueName":"search_term_string"}}],"inLanguage":"es"}]}},"_links":{"self":[{"href":"https:\/\/idi.no\/es\/wp-json\/wp\/v2\/pages\/13555","targetHints":{"allow":["GET"]}}],"collection":[{"href":"https:\/\/idi.no\/es\/wp-json\/wp\/v2\/pages"}],"about":[{"href":"https:\/\/idi.no\/es\/wp-json\/wp\/v2\/types\/page"}],"author":[{"embeddable":true,"href":"https:\/\/idi.no\/es\/wp-json\/wp\/v2\/users\/1"}],"replies":[{"embeddable":true,"href":"https:\/\/idi.no\/es\/wp-json\/wp\/v2\/comments?post=13555"}],"version-history":[{"count":14,"href":"https:\/\/idi.no\/es\/wp-json\/wp\/v2\/pages\/13555\/revisions"}],"predecessor-version":[{"id":27965,"href":"https:\/\/idi.no\/es\/wp-json\/wp\/v2\/pages\/13555\/revisions\/27965"}],"wp:featuredmedia":[{"embeddable":true,"href":"https:\/\/idi.no\/es\/wp-json\/wp\/v2\/media\/13355"}],"wp:attachment":[{"href":"https:\/\/idi.no\/es\/wp-json\/wp\/v2\/media?parent=13555"}],"curies":[{"name":"wp","href":"https:\/\/api.w.org\/{rel}","templated":true}]}}