{"id":13575,"date":"2025-06-10T19:30:22","date_gmt":"2025-06-10T19:30:22","guid":{"rendered":"https:\/\/idi.no\/our-work\/audit-practices\/"},"modified":"2025-11-12T22:41:15","modified_gmt":"2025-11-12T22:41:15","slug":"audit-practices","status":"publish","type":"page","link":"https:\/\/idi.no\/es\/our-work\/areas-de-interes\/audit-practices\/","title":{"rendered":"Pr\u00e1cticas de Auditor\u00eda"},"content":{"rendered":"\n<div  class=\"hero-block \" >\n\t<div class=\"hero-block__container container\">\n\t\t<div class=\"hero-block__content\">\n\t\t\t\t\t\t\t<div class=\"hero-block__breadcrumbs breadcrumbs\">\n\t\t\t\t\t<span><span><a href=\"https:\/\/idi.no\/es\/\">Home<\/a><\/span><\/span>\t\t\t\t<\/div>\n\t\t\t\t\t\t\t\t\t\t<h1 class=\"hero-block__title\">\n\t\t\t\t\tPr\u00e1cticas de Auditor\u00eda\t\t\t\t<\/h1>\n\t\t\t\t\t\t\t\t\t\n\t\t<\/div>\n\t\t\t<\/div>\n<\/div>\n\r\n<div  class=\"text-only-block text-only-block__white-background text-only-block__text-only\"> <!-- Removed undefined $style (before: echoed $style) -->\r\n    <div class=\"text-only-block__container container\">\r\n                    <div class=\"text-only-block__content\">\r\n                                                    <div class=\"text-only-block__subtitle lede\">Apoyamos a los auditores del sector p\u00fablico para que generen un impacto significativo para las personas y el planeta.<\/div>\r\n                                                    <div class=\"text-only-block__description\"><p><span class=\"TextRun SCXW255795784 BCX8\" lang=\"EN-GB\" data-contrast=\"auto\" xml:lang=\"EN-GB\"><span class=\"NormalTextRun SCXW255795784 BCX8\">Las Entidades Fiscalizadoras Superiores (EFS) tienen la funci\u00f3n fundamental de responsabilizar a los gobiernos por la forma en que gestionan los fondos p\u00fablicos<\/span><span class=\"NormalTextRun SCXW255795784 BCX8\">. En IDI, apoyamos a las EFS para garantizar que est\u00e9n equipadas con las herramientas y capacidades <\/span><\/span><span class=\"TextRun SCXW255795784 BCX8\" lang=\"EN-GB\" data-contrast=\"auto\" xml:lang=\"EN-GB\"><span class=\"NormalTextRun SCXW255795784 BCX8\">para promover <\/span><\/span><span class=\"TrackChangeTextInsertion TrackedChange SCXW255795784 BCX8\"><span class=\"TextRun SCXW255795784 BCX8\" lang=\"EN-GB\" xml:lang=\"EN-GB\" data-contrast=\"auto\"><span class=\"NormalTextRun SCXW255795784 BCX8\">la eficiencia, la rendici\u00f3n de cuentas<\/span> <span class=\"NormalTextRun SCXW255795784 BCX8\">y la transparencia.<\/span> <\/span><\/span><span class=\"TextRun SCXW255795784 BCX8\" lang=\"EN-GB\" data-contrast=\"auto\" xml:lang=\"EN-GB\"><span class=\"NormalTextRun SCXW255795784 BCX8\">Nuestro <\/span><\/span><span class=\"TrackChangeTextInsertion TrackedChange SCXW255795784 BCX8\"><span class=\"TextRun SCXW255795784 BCX8\" lang=\"EN-GB\" xml:lang=\"EN-GB\" data-contrast=\"auto\"><span class=\"NormalTextRun SCXW255795784 BCX8\">apoyo <\/span><\/span><\/span><span class=\"TextRun SCXW255795784 BCX8\" lang=\"EN-GB\" data-contrast=\"auto\" xml:lang=\"EN-GB\"><span class=\"NormalTextRun SCXW255795784 BCX8\">a los auditores de las EFS es personalizado y sostenible, para que puedan desarrollar las <\/span><\/span><span class=\"TrackChangeTextInsertion TrackedChange SCXW255795784 BCX8\"><span class=\"TextRun SCXW255795784 BCX8\" lang=\"EN-GB\" xml:lang=\"EN-GB\" data-contrast=\"auto\"><span class=\"NormalTextRun SCXW255795784 BCX8\">habilidades <\/span><\/span><\/span><span class=\"TextRun SCXW255795784 BCX8\" lang=\"EN-GB\" data-contrast=\"auto\" xml:lang=\"EN-GB\"><span class=\"NormalTextRun SCXW255795784 BCX8\">para ofrecer<\/span> <span class=\"NormalTextRun SCXW255795784 BCX8\">una alta calidad<\/span> <\/span><span class=\"TrackChangeTextInsertion TrackedChange SCXW255795784 BCX8\"><span class=\"TextRun SCXW255795784 BCX8\" lang=\"EN-GB\" xml:lang=\"EN-GB\" data-contrast=\"auto\"><span class=\"NormalTextRun SCXW255795784 BCX8\">e impactantes <\/span><\/span><\/span><span class=\"TextRun SCXW255795784 BCX8\" lang=\"EN-GB\" data-contrast=\"auto\" xml:lang=\"EN-GB\"><span class=\"NormalTextRun SCXW255795784 BCX8\">resultados a largo plazo. Creemos que, con un enfoque relevante, profesional y sostenible para llevar a cabo auditor\u00edas financieras, de cumplimiento y de desempe\u00f1o, las EFS servir\u00e1n mejor a las personas y al planeta. <\/span><\/span><span class=\"EOP SCXW255795784 BCX8\" data-ccp-props=\"{}\"> <\/span><\/p>\n<\/div>\r\n                                \r\n                <!-- New: Wrap all buttons in __button-list for consistency with working block -->\r\n                <div class=\"text-only-block__button-list\">\r\n                    \r\n                                    <\/div>\r\n            <\/div>\r\n        \r\n        \r\n        \r\n            <\/div>\r\n<\/div>\n<div  class=\"related-our-work-block  block-style_light block_background_azul \" >\t\n<!-- <div class=\"circle__decoration\">\n    <img decoding=\"async\" src=\"https:\/\/idi.no\/wp-content\/themes\/idi\/assets\/images\/circle_decoration.png\" alt=\"circle decoration\">\n<\/div>       -->\n<div class=\"related-our-work-block__container container\">\n\t\t\t\t\t<h2 class=\"related-our-work-block__title\">\n\t\t\t\tIniciativas\t\t<\/h2>\n\t\t\n\t\t\t\t\t<div class=\"related-our-work-block__our-works\">\n\t\t\t\t\t\t\t\t\t<div class=\"related-our-work-block__our-work-item\">\n\n\t\t\t\t\t\t\t\t\t\t\t<a \thref=\"https:\/\/idi.no\/es\/our-work\/initiative\/fai-facilitar-el-impacto-de-la-auditoria\/\" \n\t\t\t\t\t\t\tclass=\"related-our-work-block__our-work-full-card-link\"\n\t\t\t\t\t\t\tdata-uw-ignore-s3\n\t\t\t\t\t\t><\/a>\n\t\t\t\t\t\t\t\t\t\t\t\t\t<a href=\"https:\/\/idi.no\/es\/our-work\/initiative\/fai-facilitar-el-impacto-de-la-auditoria\/\" class=\"related-our-work-block__our-work-image\">\n\t\t\t\t\t\t\t\t<div class=\"related-our-work-block__our-work-image-background\"><\/div>\n\t\t\t\t\t\t\t\t<img loading=\"lazy\" decoding=\"async\" width=\"2560\" height=\"870\" src=\"https:\/\/idi.no\/wp-content\/uploads\/2025\/08\/AdobeStock_Ripple-effect-scaled-e1760623087226.jpeg\" class=\"attachment-full size-full wp-post-image\" alt=\"\" srcset=\"https:\/\/idi.no\/wp-content\/uploads\/2025\/08\/AdobeStock_Ripple-effect-scaled-e1760623087226.jpeg 2560w, https:\/\/idi.no\/wp-content\/uploads\/2025\/08\/AdobeStock_Ripple-effect-scaled-e1760623087226-300x102.jpeg 300w, https:\/\/idi.no\/wp-content\/uploads\/2025\/08\/AdobeStock_Ripple-effect-scaled-e1760623087226-1024x348.jpeg 1024w, https:\/\/idi.no\/wp-content\/uploads\/2025\/08\/AdobeStock_Ripple-effect-scaled-e1760623087226-768x261.jpeg 768w, https:\/\/idi.no\/wp-content\/uploads\/2025\/08\/AdobeStock_Ripple-effect-scaled-e1760623087226-1536x522.jpeg 1536w, https:\/\/idi.no\/wp-content\/uploads\/2025\/08\/AdobeStock_Ripple-effect-scaled-e1760623087226-2048x696.jpeg 2048w\" sizes=\"auto, (max-width: 2560px) 100vw, 2560px\" \/>\t\t\t\t\t\t\t<\/a>\n\t\t\t\t\t\t\t\t\t\t\t\t<div class=\"related-our-work-block__our-work-content\">\n\t\t\t\t\t\t\t\t\t\t\t\t\t\t\t<a href=\"https:\/\/idi.no\/es\/our-work\/initiative\/fai-facilitar-el-impacto-de-la-auditoria\/\">\n\t\t\t\t\t\t\t\t\t<h4 class=\"related-our-work-block__our-work-title\">\n\t\t\t\t\t\t\t\t\t\t\tFAI &#8211; facilitar el impacto de la auditor\u00eda\t\t\t\t\t\t\t\t\t<\/h4>\n\t\t\t\t\t\t\t\t<\/a>\n\t\t\t\t\t\t\t\n\t\t\t\t\t\t\t\t\t\t\t\t\t\t<a href=\"https:\/\/idi.no\/es\/our-work\/initiative\/fai-facilitar-el-impacto-de-la-auditoria\/\" class=\"related-our-work-block__our-work-link\">\n\t\t\t\t\t\t\t\t<span class=\"related-our-work-block__our-work-link-text\">Learn more<\/span>\n\t\t\t\t\t\t\t\t<span class=\"related-our-work-block__our-work-link-arrow\"><\/span>\n\t\t\t\t\t\t\t<\/a>\n\t\t\t\t\t\t<\/div>\n\n\t\t\t\t\t<\/div>\n\t\t\t\t\t\t\t\t\t<div class=\"related-our-work-block__our-work-item\">\n\n\t\t\t\t\t\t\t\t\t\t\t<a \thref=\"https:\/\/idi.no\/es\/our-work\/initiative\/lota-aprovechamiento-del-avance-tecnologico\/\" \n\t\t\t\t\t\t\tclass=\"related-our-work-block__our-work-full-card-link\"\n\t\t\t\t\t\t\tdata-uw-ignore-s3\n\t\t\t\t\t\t><\/a>\n\t\t\t\t\t\t\t\t\t\t\t\t\t<a href=\"https:\/\/idi.no\/es\/our-work\/initiative\/lota-aprovechamiento-del-avance-tecnologico\/\" class=\"related-our-work-block__our-work-image\">\n\t\t\t\t\t\t\t\t<div class=\"related-our-work-block__our-work-image-background\"><\/div>\n\t\t\t\t\t\t\t\t<img loading=\"lazy\" decoding=\"async\" width=\"2560\" height=\"1156\" src=\"https:\/\/idi.no\/wp-content\/uploads\/2025\/08\/LOTA-Hero.jpg\" class=\"attachment-full size-full wp-post-image\" alt=\"\" srcset=\"https:\/\/idi.no\/wp-content\/uploads\/2025\/08\/LOTA-Hero.jpg 2560w, https:\/\/idi.no\/wp-content\/uploads\/2025\/08\/LOTA-Hero-300x135.jpg 300w, https:\/\/idi.no\/wp-content\/uploads\/2025\/08\/LOTA-Hero-1024x462.jpg 1024w, https:\/\/idi.no\/wp-content\/uploads\/2025\/08\/LOTA-Hero-768x347.jpg 768w, https:\/\/idi.no\/wp-content\/uploads\/2025\/08\/LOTA-Hero-1536x694.jpg 1536w, https:\/\/idi.no\/wp-content\/uploads\/2025\/08\/LOTA-Hero-2048x925.jpg 2048w\" sizes=\"auto, (max-width: 2560px) 100vw, 2560px\" \/>\t\t\t\t\t\t\t<\/a>\n\t\t\t\t\t\t\t\t\t\t\t\t<div class=\"related-our-work-block__our-work-content\">\n\t\t\t\t\t\t\t\t\t\t\t\t\t\t\t<a href=\"https:\/\/idi.no\/es\/our-work\/initiative\/lota-aprovechamiento-del-avance-tecnologico\/\">\n\t\t\t\t\t\t\t\t\t<h4 class=\"related-our-work-block__our-work-title\">\n\t\t\t\t\t\t\t\t\t\t\tLOTA: aprovechamiento del avance tecnol\u00f3gico\t\t\t\t\t\t\t\t\t<\/h4>\n\t\t\t\t\t\t\t\t<\/a>\n\t\t\t\t\t\t\t\n\t\t\t\t\t\t\t\t\t\t\t\t\t\t<a href=\"https:\/\/idi.no\/es\/our-work\/initiative\/lota-aprovechamiento-del-avance-tecnologico\/\" class=\"related-our-work-block__our-work-link\">\n\t\t\t\t\t\t\t\t<span class=\"related-our-work-block__our-work-link-text\">Learn more<\/span>\n\t\t\t\t\t\t\t\t<span class=\"related-our-work-block__our-work-link-arrow\"><\/span>\n\t\t\t\t\t\t\t<\/a>\n\t\t\t\t\t\t<\/div>\n\n\t\t\t\t\t<\/div>\n\t\t\t\t\t\t\t\t\t<div class=\"related-our-work-block__our-work-item\">\n\n\t\t\t\t\t\t\t\t\t\t\t<a \thref=\"https:\/\/idi.no\/es\/our-work\/initiative\/efa-auditoria-de-igualdad-de-futuro\/\" \n\t\t\t\t\t\t\tclass=\"related-our-work-block__our-work-full-card-link\"\n\t\t\t\t\t\t\tdata-uw-ignore-s3\n\t\t\t\t\t\t><\/a>\n\t\t\t\t\t\t\t\t\t\t\t\t\t<a href=\"https:\/\/idi.no\/es\/our-work\/initiative\/efa-auditoria-de-igualdad-de-futuro\/\" class=\"related-our-work-block__our-work-image\">\n\t\t\t\t\t\t\t\t<div class=\"related-our-work-block__our-work-image-background\"><\/div>\n\t\t\t\t\t\t\t\t<img loading=\"lazy\" decoding=\"async\" width=\"2560\" height=\"1156\" src=\"https:\/\/idi.no\/wp-content\/uploads\/2025\/08\/Initiative-Hero-2-@2x.jpg\" class=\"attachment-full size-full wp-post-image\" alt=\"H\u00e9roe de la EFA\" srcset=\"https:\/\/idi.no\/wp-content\/uploads\/2025\/08\/Initiative-Hero-2-@2x.jpg 2560w, https:\/\/idi.no\/wp-content\/uploads\/2025\/08\/Initiative-Hero-2-@2x-300x135.jpg 300w, https:\/\/idi.no\/wp-content\/uploads\/2025\/08\/Initiative-Hero-2-@2x-1024x462.jpg 1024w, https:\/\/idi.no\/wp-content\/uploads\/2025\/08\/Initiative-Hero-2-@2x-768x347.jpg 768w, https:\/\/idi.no\/wp-content\/uploads\/2025\/08\/Initiative-Hero-2-@2x-1536x694.jpg 1536w, https:\/\/idi.no\/wp-content\/uploads\/2025\/08\/Initiative-Hero-2-@2x-2048x925.jpg 2048w\" sizes=\"auto, (max-width: 2560px) 100vw, 2560px\" \/>\t\t\t\t\t\t\t<\/a>\n\t\t\t\t\t\t\t\t\t\t\t\t<div class=\"related-our-work-block__our-work-content\">\n\t\t\t\t\t\t\t\t\t\t\t\t\t\t\t<a href=\"https:\/\/idi.no\/es\/our-work\/initiative\/efa-auditoria-de-igualdad-de-futuro\/\">\n\t\t\t\t\t\t\t\t\t<h4 class=\"related-our-work-block__our-work-title\">\n\t\t\t\t\t\t\t\t\t\t\tEFA &#8211; auditor\u00eda de igualdad de futuro\t\t\t\t\t\t\t\t\t<\/h4>\n\t\t\t\t\t\t\t\t<\/a>\n\t\t\t\t\t\t\t\n\t\t\t\t\t\t\t\t\t\t\t\t\t\t<a href=\"https:\/\/idi.no\/es\/our-work\/initiative\/efa-auditoria-de-igualdad-de-futuro\/\" class=\"related-our-work-block__our-work-link\">\n\t\t\t\t\t\t\t\t<span class=\"related-our-work-block__our-work-link-text\">Learn more<\/span>\n\t\t\t\t\t\t\t\t<span class=\"related-our-work-block__our-work-link-arrow\"><\/span>\n\t\t\t\t\t\t\t<\/a>\n\t\t\t\t\t\t<\/div>\n\n\t\t\t\t\t<\/div>\n\t\t\t\t\t\t\t\t\t<div class=\"related-our-work-block__our-work-item\">\n\n\t\t\t\t\t\t\t\t\t\t\t<a \thref=\"https:\/\/idi.no\/es\/our-work\/initiative\/ccaa-auditoria-cooperativa-global-de-las-acciones-de-adaptacion-al-cambio-climatico\/\" \n\t\t\t\t\t\t\tclass=\"related-our-work-block__our-work-full-card-link\"\n\t\t\t\t\t\t\tdata-uw-ignore-s3\n\t\t\t\t\t\t><\/a>\n\t\t\t\t\t\t\t\t\t\t\t\t\t<a href=\"https:\/\/idi.no\/es\/our-work\/initiative\/ccaa-auditoria-cooperativa-global-de-las-acciones-de-adaptacion-al-cambio-climatico\/\" class=\"related-our-work-block__our-work-image\">\n\t\t\t\t\t\t\t\t<div class=\"related-our-work-block__our-work-image-background\"><\/div>\n\t\t\t\t\t\t\t\t<img loading=\"lazy\" decoding=\"async\" width=\"2560\" height=\"1156\" src=\"https:\/\/idi.no\/wp-content\/uploads\/2023\/01\/Initiative-Hero-new-ccaa.jpg\" class=\"attachment-full size-full wp-post-image\" alt=\"\" srcset=\"https:\/\/idi.no\/wp-content\/uploads\/2023\/01\/Initiative-Hero-new-ccaa.jpg 2560w, https:\/\/idi.no\/wp-content\/uploads\/2023\/01\/Initiative-Hero-new-ccaa-300x135.jpg 300w, https:\/\/idi.no\/wp-content\/uploads\/2023\/01\/Initiative-Hero-new-ccaa-1024x462.jpg 1024w, https:\/\/idi.no\/wp-content\/uploads\/2023\/01\/Initiative-Hero-new-ccaa-768x347.jpg 768w, https:\/\/idi.no\/wp-content\/uploads\/2023\/01\/Initiative-Hero-new-ccaa-1536x694.jpg 1536w, https:\/\/idi.no\/wp-content\/uploads\/2023\/01\/Initiative-Hero-new-ccaa-2048x925.jpg 2048w\" sizes=\"auto, (max-width: 2560px) 100vw, 2560px\" \/>\t\t\t\t\t\t\t<\/a>\n\t\t\t\t\t\t\t\t\t\t\t\t<div class=\"related-our-work-block__our-work-content\">\n\t\t\t\t\t\t\t\t\t\t\t\t\t\t\t<a href=\"https:\/\/idi.no\/es\/our-work\/initiative\/ccaa-auditoria-cooperativa-global-de-las-acciones-de-adaptacion-al-cambio-climatico\/\">\n\t\t\t\t\t\t\t\t\t<h4 class=\"related-our-work-block__our-work-title\">\n\t\t\t\t\t\t\t\t\t\t\tCCAA: auditor\u00eda cooperativa global de las acciones de adaptaci\u00f3n al cambio clim\u00e1tico\t\t\t\t\t\t\t\t\t<\/h4>\n\t\t\t\t\t\t\t\t<\/a>\n\t\t\t\t\t\t\t\n\t\t\t\t\t\t\t\t\t\t\t\t\t\t<a href=\"https:\/\/idi.no\/es\/our-work\/initiative\/ccaa-auditoria-cooperativa-global-de-las-acciones-de-adaptacion-al-cambio-climatico\/\" class=\"related-our-work-block__our-work-link\">\n\t\t\t\t\t\t\t\t<span class=\"related-our-work-block__our-work-link-text\">Learn more<\/span>\n\t\t\t\t\t\t\t\t<span class=\"related-our-work-block__our-work-link-arrow\"><\/span>\n\t\t\t\t\t\t\t<\/a>\n\t\t\t\t\t\t<\/div>\n\n\t\t\t\t\t<\/div>\n\t\t\t\t\t\t\t\t\t<div class=\"related-our-work-block__our-work-item\">\n\n\t\t\t\t\t\t\t\t\t\t\t<a \thref=\"https:\/\/idi.no\/es\/our-work\/initiative\/ods-auditoria-de-los-ods\/\" \n\t\t\t\t\t\t\tclass=\"related-our-work-block__our-work-full-card-link\"\n\t\t\t\t\t\t\tdata-uw-ignore-s3\n\t\t\t\t\t\t><\/a>\n\t\t\t\t\t\t\t\t\t\t\t\t\t<a href=\"https:\/\/idi.no\/es\/our-work\/initiative\/ods-auditoria-de-los-ods\/\" class=\"related-our-work-block__our-work-image\">\n\t\t\t\t\t\t\t\t<div class=\"related-our-work-block__our-work-image-background\"><\/div>\n\t\t\t\t\t\t\t\t<img loading=\"lazy\" decoding=\"async\" width=\"2560\" height=\"1156\" src=\"https:\/\/idi.no\/wp-content\/uploads\/2025\/09\/Initiative-Hero-SDGS-1.jpg\" class=\"attachment-full size-full wp-post-image\" alt=\"\" srcset=\"https:\/\/idi.no\/wp-content\/uploads\/2025\/09\/Initiative-Hero-SDGS-1.jpg 2560w, https:\/\/idi.no\/wp-content\/uploads\/2025\/09\/Initiative-Hero-SDGS-1-300x135.jpg 300w, https:\/\/idi.no\/wp-content\/uploads\/2025\/09\/Initiative-Hero-SDGS-1-1024x462.jpg 1024w, https:\/\/idi.no\/wp-content\/uploads\/2025\/09\/Initiative-Hero-SDGS-1-768x347.jpg 768w, https:\/\/idi.no\/wp-content\/uploads\/2025\/09\/Initiative-Hero-SDGS-1-1536x694.jpg 1536w, https:\/\/idi.no\/wp-content\/uploads\/2025\/09\/Initiative-Hero-SDGS-1-2048x925.jpg 2048w\" sizes=\"auto, (max-width: 2560px) 100vw, 2560px\" \/>\t\t\t\t\t\t\t<\/a>\n\t\t\t\t\t\t\t\t\t\t\t\t<div class=\"related-our-work-block__our-work-content\">\n\t\t\t\t\t\t\t\t\t\t\t\t\t\t\t<a href=\"https:\/\/idi.no\/es\/our-work\/initiative\/ods-auditoria-de-los-ods\/\">\n\t\t\t\t\t\t\t\t\t<h4 class=\"related-our-work-block__our-work-title\">\n\t\t\t\t\t\t\t\t\t\t\tODS: auditor\u00eda de los ODS\t\t\t\t\t\t\t\t\t<\/h4>\n\t\t\t\t\t\t\t\t<\/a>\n\t\t\t\t\t\t\t\n\t\t\t\t\t\t\t\t\t\t\t\t\t\t<a href=\"https:\/\/idi.no\/es\/our-work\/initiative\/ods-auditoria-de-los-ods\/\" class=\"related-our-work-block__our-work-link\">\n\t\t\t\t\t\t\t\t<span class=\"related-our-work-block__our-work-link-text\">Learn more<\/span>\n\t\t\t\t\t\t\t\t<span class=\"related-our-work-block__our-work-link-arrow\"><\/span>\n\t\t\t\t\t\t\t<\/a>\n\t\t\t\t\t\t<\/div>\n\n\t\t\t\t\t<\/div>\n\t\t\t\t\t\t\t\t\t<div class=\"related-our-work-block__our-work-item\">\n\n\t\t\t\t\t\t\t\t\t\t\t<a \thref=\"https:\/\/idi.no\/es\/our-work\/initiative\/practicas-de-auditoria-sostenibles\/\" \n\t\t\t\t\t\t\tclass=\"related-our-work-block__our-work-full-card-link\"\n\t\t\t\t\t\t\tdata-uw-ignore-s3\n\t\t\t\t\t\t><\/a>\n\t\t\t\t\t\t\t\t\t\t\t\t\t<a href=\"https:\/\/idi.no\/es\/our-work\/initiative\/practicas-de-auditoria-sostenibles\/\" class=\"related-our-work-block__our-work-image\">\n\t\t\t\t\t\t\t\t<div class=\"related-our-work-block__our-work-image-background\"><\/div>\n\t\t\t\t\t\t\t\t<img loading=\"lazy\" decoding=\"async\" width=\"2560\" height=\"1156\" src=\"https:\/\/idi.no\/wp-content\/uploads\/2025\/09\/Initiative-Hero-2-@2x-SUSTAINABLE-AUDIT.jpg\" class=\"attachment-full size-full wp-post-image\" alt=\"\" srcset=\"https:\/\/idi.no\/wp-content\/uploads\/2025\/09\/Initiative-Hero-2-@2x-SUSTAINABLE-AUDIT.jpg 2560w, https:\/\/idi.no\/wp-content\/uploads\/2025\/09\/Initiative-Hero-2-@2x-SUSTAINABLE-AUDIT-300x135.jpg 300w, https:\/\/idi.no\/wp-content\/uploads\/2025\/09\/Initiative-Hero-2-@2x-SUSTAINABLE-AUDIT-1024x462.jpg 1024w, https:\/\/idi.no\/wp-content\/uploads\/2025\/09\/Initiative-Hero-2-@2x-SUSTAINABLE-AUDIT-768x347.jpg 768w, https:\/\/idi.no\/wp-content\/uploads\/2025\/09\/Initiative-Hero-2-@2x-SUSTAINABLE-AUDIT-1536x694.jpg 1536w, https:\/\/idi.no\/wp-content\/uploads\/2025\/09\/Initiative-Hero-2-@2x-SUSTAINABLE-AUDIT-2048x925.jpg 2048w\" sizes=\"auto, (max-width: 2560px) 100vw, 2560px\" \/>\t\t\t\t\t\t\t<\/a>\n\t\t\t\t\t\t\t\t\t\t\t\t<div class=\"related-our-work-block__our-work-content\">\n\t\t\t\t\t\t\t\t\t\t\t\t\t\t\t<a href=\"https:\/\/idi.no\/es\/our-work\/initiative\/practicas-de-auditoria-sostenibles\/\">\n\t\t\t\t\t\t\t\t\t<h4 class=\"related-our-work-block__our-work-title\">\n\t\t\t\t\t\t\t\t\t\t\tPr\u00e1cticas de auditor\u00eda sostenibles\t\t\t\t\t\t\t\t\t<\/h4>\n\t\t\t\t\t\t\t\t<\/a>\n\t\t\t\t\t\t\t\n\t\t\t\t\t\t\t\t\t\t\t\t\t\t<a href=\"https:\/\/idi.no\/es\/our-work\/initiative\/practicas-de-auditoria-sostenibles\/\" class=\"related-our-work-block__our-work-link\">\n\t\t\t\t\t\t\t\t<span class=\"related-our-work-block__our-work-link-text\">Learn more<\/span>\n\t\t\t\t\t\t\t\t<span class=\"related-our-work-block__our-work-link-arrow\"><\/span>\n\t\t\t\t\t\t\t<\/a>\n\t\t\t\t\t\t<\/div>\n\n\t\t\t\t\t<\/div>\n\t\t\t\t\t\t\t\t\t<div class=\"related-our-work-block__our-work-item\">\n\n\t\t\t\t\t\t\t\t\t\t\t<a \thref=\"https:\/\/idi.no\/es\/our-work\/initiative\/soaqm-sistema-de-gestion-de-la-calidad-de-la-auditoria\/\" \n\t\t\t\t\t\t\tclass=\"related-our-work-block__our-work-full-card-link\"\n\t\t\t\t\t\t\tdata-uw-ignore-s3\n\t\t\t\t\t\t><\/a>\n\t\t\t\t\t\t\t\t\t\t\t\t\t<a href=\"https:\/\/idi.no\/es\/our-work\/initiative\/soaqm-sistema-de-gestion-de-la-calidad-de-la-auditoria\/\" class=\"related-our-work-block__our-work-image\">\n\t\t\t\t\t\t\t\t<div class=\"related-our-work-block__our-work-image-background\"><\/div>\n\t\t\t\t\t\t\t\t<img loading=\"lazy\" decoding=\"async\" width=\"2560\" height=\"1156\" src=\"https:\/\/idi.no\/wp-content\/uploads\/2025\/09\/SoAQM-hero.jpg\" class=\"attachment-full size-full wp-post-image\" alt=\"\" srcset=\"https:\/\/idi.no\/wp-content\/uploads\/2025\/09\/SoAQM-hero.jpg 2560w, https:\/\/idi.no\/wp-content\/uploads\/2025\/09\/SoAQM-hero-300x135.jpg 300w, https:\/\/idi.no\/wp-content\/uploads\/2025\/09\/SoAQM-hero-1024x462.jpg 1024w, https:\/\/idi.no\/wp-content\/uploads\/2025\/09\/SoAQM-hero-768x347.jpg 768w, https:\/\/idi.no\/wp-content\/uploads\/2025\/09\/SoAQM-hero-1536x694.jpg 1536w, https:\/\/idi.no\/wp-content\/uploads\/2025\/09\/SoAQM-hero-2048x925.jpg 2048w\" sizes=\"auto, (max-width: 2560px) 100vw, 2560px\" \/>\t\t\t\t\t\t\t<\/a>\n\t\t\t\t\t\t\t\t\t\t\t\t<div class=\"related-our-work-block__our-work-content\">\n\t\t\t\t\t\t\t\t\t\t\t\t\t\t\t<a href=\"https:\/\/idi.no\/es\/our-work\/initiative\/soaqm-sistema-de-gestion-de-la-calidad-de-la-auditoria\/\">\n\t\t\t\t\t\t\t\t\t<h4 class=\"related-our-work-block__our-work-title\">\n\t\t\t\t\t\t\t\t\t\t\tSoAQM: sistema de gesti\u00f3n de la calidad de la auditor\u00eda\t\t\t\t\t\t\t\t\t<\/h4>\n\t\t\t\t\t\t\t\t<\/a>\n\t\t\t\t\t\t\t\n\t\t\t\t\t\t\t\t\t\t\t\t\t\t<a href=\"https:\/\/idi.no\/es\/our-work\/initiative\/soaqm-sistema-de-gestion-de-la-calidad-de-la-auditoria\/\" class=\"related-our-work-block__our-work-link\">\n\t\t\t\t\t\t\t\t<span class=\"related-our-work-block__our-work-link-text\">Learn more<\/span>\n\t\t\t\t\t\t\t\t<span class=\"related-our-work-block__our-work-link-arrow\"><\/span>\n\t\t\t\t\t\t\t<\/a>\n\t\t\t\t\t\t<\/div>\n\n\t\t\t\t\t<\/div>\n\t\t\t\t\t\t\t<\/div>\n\t\t\t<\/div>\n<\/div>\n","protected":false},"excerpt":{"rendered":"","protected":false},"author":1,"featured_media":0,"parent":18267,"menu_order":0,"comment_status":"closed","ping_status":"closed","template":"","meta":{"footnotes":""},"class_list":["post-13575","page","type-page","status-publish","hentry"],"acf":[],"yoast_head":"<!-- This site is optimized with the Yoast SEO plugin v25.3 - https:\/\/yoast.com\/wordpress\/plugins\/seo\/ -->\n<title>Pr\u00e1cticas de Auditor\u00eda - IDI<\/title>\n<meta name=\"robots\" content=\"index, follow, max-snippet:-1, max-image-preview:large, max-video-preview:-1\" \/>\n<link rel=\"canonical\" href=\"https:\/\/idi.no\/es\/our-work\/areas-de-interes\/audit-practices\/\" \/>\n<meta property=\"og:locale\" content=\"es_ES\" \/>\n<meta property=\"og:type\" content=\"article\" \/>\n<meta property=\"og:title\" content=\"Pr\u00e1cticas de Auditor\u00eda - IDI\" \/>\n<meta property=\"og:url\" content=\"https:\/\/idi.no\/es\/our-work\/areas-de-interes\/audit-practices\/\" \/>\n<meta property=\"og:site_name\" content=\"IDI\" \/>\n<meta property=\"article:modified_time\" content=\"2025-11-12T22:41:15+00:00\" \/>\n<meta name=\"twitter:card\" content=\"summary_large_image\" \/>\n<script type=\"application\/ld+json\" class=\"yoast-schema-graph\">{\"@context\":\"https:\/\/schema.org\",\"@graph\":[{\"@type\":\"WebPage\",\"@id\":\"https:\/\/idi.no\/es\/our-work\/areas-de-interes\/audit-practices\/\",\"url\":\"https:\/\/idi.no\/es\/our-work\/areas-de-interes\/audit-practices\/\",\"name\":\"Pr\u00e1cticas de Auditor\u00eda - IDI\",\"isPartOf\":{\"@id\":\"https:\/\/idi.no\/es\/#website\"},\"datePublished\":\"2025-06-10T19:30:22+00:00\",\"dateModified\":\"2025-11-12T22:41:15+00:00\",\"breadcrumb\":{\"@id\":\"https:\/\/idi.no\/es\/our-work\/areas-de-interes\/audit-practices\/#breadcrumb\"},\"inLanguage\":\"es\",\"potentialAction\":[{\"@type\":\"ReadAction\",\"target\":[\"https:\/\/idi.no\/es\/our-work\/areas-de-interes\/audit-practices\/\"]}]},{\"@type\":\"BreadcrumbList\",\"@id\":\"https:\/\/idi.no\/es\/our-work\/areas-de-interes\/audit-practices\/#breadcrumb\",\"itemListElement\":[{\"@type\":\"ListItem\",\"position\":1,\"name\":\"Home\",\"item\":\"https:\/\/idi.no\/es\/\"},{\"@type\":\"ListItem\",\"position\":2,\"name\":\"Nuestro Trabajo\",\"item\":\"https:\/\/idi.no\/es\/our-work\/\"},{\"@type\":\"ListItem\",\"position\":3,\"name\":\"\u00c1reas de Inter\u00e9s\",\"item\":\"https:\/\/idi.no\/es\/our-work\/areas-de-interes\/\"},{\"@type\":\"ListItem\",\"position\":4,\"name\":\"Pr\u00e1cticas de Auditor\u00eda\"}]},{\"@type\":\"WebSite\",\"@id\":\"https:\/\/idi.no\/es\/#website\",\"url\":\"https:\/\/idi.no\/es\/\",\"name\":\"IDI\",\"description\":\"\",\"potentialAction\":[{\"@type\":\"SearchAction\",\"target\":{\"@type\":\"EntryPoint\",\"urlTemplate\":\"https:\/\/idi.no\/es\/?s={search_term_string}\"},\"query-input\":{\"@type\":\"PropertyValueSpecification\",\"valueRequired\":true,\"valueName\":\"search_term_string\"}}],\"inLanguage\":\"es\"}]}<\/script>\n<!-- \/ Yoast SEO plugin. -->","yoast_head_json":{"title":"Pr\u00e1cticas de Auditor\u00eda - IDI","robots":{"index":"index","follow":"follow","max-snippet":"max-snippet:-1","max-image-preview":"max-image-preview:large","max-video-preview":"max-video-preview:-1"},"canonical":"https:\/\/idi.no\/es\/our-work\/areas-de-interes\/audit-practices\/","og_locale":"es_ES","og_type":"article","og_title":"Pr\u00e1cticas de Auditor\u00eda - IDI","og_url":"https:\/\/idi.no\/es\/our-work\/areas-de-interes\/audit-practices\/","og_site_name":"IDI","article_modified_time":"2025-11-12T22:41:15+00:00","twitter_card":"summary_large_image","schema":{"@context":"https:\/\/schema.org","@graph":[{"@type":"WebPage","@id":"https:\/\/idi.no\/es\/our-work\/areas-de-interes\/audit-practices\/","url":"https:\/\/idi.no\/es\/our-work\/areas-de-interes\/audit-practices\/","name":"Pr\u00e1cticas de Auditor\u00eda - IDI","isPartOf":{"@id":"https:\/\/idi.no\/es\/#website"},"datePublished":"2025-06-10T19:30:22+00:00","dateModified":"2025-11-12T22:41:15+00:00","breadcrumb":{"@id":"https:\/\/idi.no\/es\/our-work\/areas-de-interes\/audit-practices\/#breadcrumb"},"inLanguage":"es","potentialAction":[{"@type":"ReadAction","target":["https:\/\/idi.no\/es\/our-work\/areas-de-interes\/audit-practices\/"]}]},{"@type":"BreadcrumbList","@id":"https:\/\/idi.no\/es\/our-work\/areas-de-interes\/audit-practices\/#breadcrumb","itemListElement":[{"@type":"ListItem","position":1,"name":"Home","item":"https:\/\/idi.no\/es\/"},{"@type":"ListItem","position":2,"name":"Nuestro Trabajo","item":"https:\/\/idi.no\/es\/our-work\/"},{"@type":"ListItem","position":3,"name":"\u00c1reas de Inter\u00e9s","item":"https:\/\/idi.no\/es\/our-work\/areas-de-interes\/"},{"@type":"ListItem","position":4,"name":"Pr\u00e1cticas de Auditor\u00eda"}]},{"@type":"WebSite","@id":"https:\/\/idi.no\/es\/#website","url":"https:\/\/idi.no\/es\/","name":"IDI","description":"","potentialAction":[{"@type":"SearchAction","target":{"@type":"EntryPoint","urlTemplate":"https:\/\/idi.no\/es\/?s={search_term_string}"},"query-input":{"@type":"PropertyValueSpecification","valueRequired":true,"valueName":"search_term_string"}}],"inLanguage":"es"}]}},"_links":{"self":[{"href":"https:\/\/idi.no\/es\/wp-json\/wp\/v2\/pages\/13575","targetHints":{"allow":["GET"]}}],"collection":[{"href":"https:\/\/idi.no\/es\/wp-json\/wp\/v2\/pages"}],"about":[{"href":"https:\/\/idi.no\/es\/wp-json\/wp\/v2\/types\/page"}],"author":[{"embeddable":true,"href":"https:\/\/idi.no\/es\/wp-json\/wp\/v2\/users\/1"}],"replies":[{"embeddable":true,"href":"https:\/\/idi.no\/es\/wp-json\/wp\/v2\/comments?post=13575"}],"version-history":[{"count":5,"href":"https:\/\/idi.no\/es\/wp-json\/wp\/v2\/pages\/13575\/revisions"}],"predecessor-version":[{"id":27836,"href":"https:\/\/idi.no\/es\/wp-json\/wp\/v2\/pages\/13575\/revisions\/27836"}],"up":[{"embeddable":true,"href":"https:\/\/idi.no\/es\/wp-json\/wp\/v2\/pages\/18267"}],"wp:attachment":[{"href":"https:\/\/idi.no\/es\/wp-json\/wp\/v2\/media?parent=13575"}],"curies":[{"name":"wp","href":"https:\/\/api.w.org\/{rel}","templated":true}]}}