{"id":13590,"date":"2025-06-10T19:30:48","date_gmt":"2025-06-10T19:30:48","guid":{"rendered":"https:\/\/idi.no\/our-work\/digitalisation\/"},"modified":"2025-11-12T22:41:19","modified_gmt":"2025-11-12T22:41:19","slug":"digitalisation","status":"publish","type":"page","link":"https:\/\/idi.no\/es\/our-work\/areas-de-interes\/digitalisation\/","title":{"rendered":"Digitalizaci\u00f3n"},"content":{"rendered":"\n<div  class=\"hero-block \" >\n\t<div class=\"hero-block__container container\">\n\t\t<div class=\"hero-block__content\">\n\t\t\t\t\t\t\t<div class=\"hero-block__breadcrumbs breadcrumbs\">\n\t\t\t\t\t<span><span><a href=\"https:\/\/idi.no\/es\/\">Home<\/a><\/span><\/span>\t\t\t\t<\/div>\n\t\t\t\t\t\t\t\t\t\t<h1 class=\"hero-block__title\">\n\t\t\t\t\tDigitalizaci\u00f3n\t\t\t\t<\/h1>\n\t\t\t\t\t\t\t\t\t\n\t\t<\/div>\n\t\t\t<\/div>\n<\/div>\n\r\n<div  class=\"text-only-block text-only-block__white-background text-only-block__text-only\"> <!-- Removed undefined $style (before: echoed $style) -->\r\n    <div class=\"text-only-block__container container\">\r\n                    <div class=\"text-only-block__content\">\r\n                                                    <div class=\"text-only-block__subtitle lede\">Apoyo a las Entidades Fiscalizadoras Superiores a trav\u00e9s de la transformaci\u00f3n digital.<\/div>\r\n                                                    <div class=\"text-only-block__description\"><p><span class=\"TrackedChange SCXW155121846 BCX8\"><span class=\"TextRun SCXW155121846 BCX8\" lang=\"EN-GB\" xml:lang=\"EN-GB\" data-contrast=\"auto\"><span class=\"NormalTextRun SCXW155121846 BCX8\">Digitalizaci\u00f3n <\/span><\/span><\/span><span class=\"TextRun SCXW155121846 BCX8\" lang=\"EN-GB\" data-contrast=\"auto\" xml:lang=\"EN-GB\"><span class=\"NormalTextRun SCXW155121846 BCX8\">es un fen\u00f3meno global que crea nuevos desaf\u00edos y oportunidades para gobiernos, empresas y particulares. La Inteligencia Artificial (IA), las aplicaciones m\u00f3viles y  <\/span>la <span class=\"NormalTextRun AdvancedProofingIssueV2Themed SCXW155121846 BCX8\">tecnolog\u00eda<\/span> <span class=\"NormalTextRun SCXW155121846 BCX8\">de vanguardia a menudo simplifican la vida diaria, pero tambi\u00e9n pueden plantear problemas de seguridad<\/span><\/span><span class=\"TrackedChange SCXW155121846 BCX8\"><span class=\"TextRun SCXW155121846 BCX8\" lang=\"EN-GB\" xml:lang=\"EN-GB\" data-contrast=\"auto\"><span class=\"NormalTextRun SCXW155121846 BCX8\">,<\/span><\/span><\/span><span class=\"TextRun SCXW155121846 BCX8\" lang=\"EN-GB\" data-contrast=\"auto\" xml:lang=\"EN-GB\"> <span class=\"NormalTextRun AdvancedProofingIssueV2Themed SCXW155121846 BCX8\">privacidad<\/span><\/span><span class=\"TrackedChange SCXW155121846 BCX8\"><span class=\"TextRun SCXW155121846 BCX8\" lang=\"EN-GB\" xml:lang=\"EN-GB\" data-contrast=\"auto\"><span class=\"NormalTextRun SCXW155121846 BCX8\"> y \u00e9ticos<\/span><\/span><\/span><span class=\"TextRun SCXW155121846 BCX8\" lang=\"EN-GB\" data-contrast=\"auto\" xml:lang=\"EN-GB\"><span class=\"NormalTextRun SCXW155121846 BCX8\"> preocupaciones<\/span><\/span><span class=\"TrackedChange SCXW155121846 BCX8\"><span class=\"TextRun SCXW155121846 BCX8\" lang=\"EN-GB\" xml:lang=\"EN-GB\" data-contrast=\"auto\"><span class=\"NormalTextRun SCXW155121846 BCX8\">,  <\/span><\/span><\/span><span class=\"TrackedChange SCXW155121846 BCX8\"><span class=\"TextRun SCXW155121846 BCX8\" lang=\"EN-GB\" xml:lang=\"EN-GB\" data-contrast=\"auto\"><span class=\"NormalTextRun SCXW155121846 BCX8\">adem\u00e1s de la brecha digital entre pa\u00edses, <\/span><span class=\"NormalTextRun AdvancedProofingIssueV2Themed SCXW155121846 BCX8\">organi<\/span><\/span><\/span><span class=\"TrackedChange SCXW155121846 BCX8\"><span class=\"TextRun SCXW155121846 BCX8\" lang=\"EN-GB\" xml:lang=\"EN-GB\" data-contrast=\"auto\"><span class=\"NormalTextRun AdvancedProofingIssueV2Themed SCXW155121846 BCX8\">zaciones<\/span><span class=\"NormalTextRun SCXW155121846 BCX8\"> y personas<\/span><\/span><\/span><span class=\"TextRun SCXW155121846 BCX8\" lang=\"EN-GB\" data-contrast=\"auto\" xml:lang=\"EN-GB\"><span class=\"NormalTextRun SCXW155121846 BCX8\">.  <\/span><\/span><\/p>\n<p><span class=\"TrackedChange SCXW155121846 BCX8\"><span class=\"TextRun SCXW155121846 BCX8\" lang=\"EN-GB\" data-contrast=\"auto\"><span class=\"NormalTextRun SCXW155121846 BCX8\">En IDI, <\/span><\/span><\/span><span class=\"TrackedChange SCXW155121846 BCX8\"><span class=\"TextRun SCXW155121846 BCX8\" lang=\"EN-GB\" data-contrast=\"auto\"><span class=\"NormalTextRun SCXW155121846 BCX8\">t<\/span><\/span><\/span><span class=\"TextRun SCXW155121846 BCX8\" lang=\"EN-GB\" data-contrast=\"auto\"><span class=\"NormalTextRun SCXW155121846 BCX8\">rabajamos con las Entidades Fiscalizadoras Superiores (EFS) para asegurarnos de que dispongan de las herramientas digitales que necesitan para <\/span><\/span><span class=\"TrackedChange SCXW155121846 BCX8\"><span class=\"TextRun SCXW155121846 BCX8\" lang=\"EN-GB\" data-contrast=\"auto\"><span class=\"NormalTextRun SCXW155121846 BCX8\">llevar a cabo <\/span><\/span><\/span><span class=\"TextRun SCXW155121846 BCX8\" lang=\"EN-GB\" data-contrast=\"auto\"><span class=\"NormalTextRun SCXW155121846 BCX8\">auditor\u00edas significativas, para auditar <\/span><span class=\"NormalTextRun AdvancedProofingIssueV2Themed SCXW155121846 BCX8\">las nuevas tecnolog\u00edas<\/span><\/span> <span class=\"TrackedChange SCXW155121846 BCX8\"><span class=\"TextRun SCXW155121846 BCX8\" lang=\"EN-GB\" data-contrast=\"auto\"><span class=\"NormalTextRun SCXW155121846 BCX8\">en el sector p\u00fablico<\/span><\/span><\/span><span class=\"TextRun SCXW155121846 BCX8\" lang=\"EN-GB\" data-contrast=\"auto\"><span class=\"NormalTextRun SCXW155121846 BCX8\">, y para apoyar sus pr\u00e1cticas internas de Informaci\u00f3n, Comunicaci\u00f3n y Tecnolog\u00eda (ICT)<\/span> <span class=\"NormalTextRun SCXW155121846 BCX8\">.<\/span><\/span><span class=\"TextRun SCXW155121846 BCX8\" lang=\"EN-GB\" data-contrast=\"auto\"><span class=\"NormalTextRun SCXW155121846 BCX8\">.<\/span><\/span> <span class=\"TrackedChange SCXW155121846 BCX8\"><span class=\"TextRun SCXW155121846 BCX8\" lang=\"EN-GB\" data-contrast=\"auto\"><span class=\"NormalTextRun SCXW155121846 BCX8\">Con este apoyo, las EFS pueden <\/span><\/span><\/span><span class=\"TrackedChange SCXW155121846 BCX8\"><span class=\"TextRun SCXW155121846 BCX8\" lang=\"EN-GB\" data-contrast=\"auto\"><span class=\"NormalTextRun SCXW155121846 BCX8\">mejorar su relevancia e impacto en <\/span><\/span><\/span><span class=\"TrackedChange SCXW155121846 BCX8\"><span class=\"TextRun SCXW155121846 BCX8\" lang=\"EN-GB\" data-contrast=\"auto\"><span class=\"NormalTextRun SCXW155121846 BCX8\">la sociedad.<\/span><\/span><\/span><span class=\"EOP SCXW155121846 BCX8\" data-ccp-props=\"{}\"> <\/span><\/p>\n<\/div>\r\n                                \r\n                <!-- New: Wrap all buttons in __button-list for consistency with working block -->\r\n                <div class=\"text-only-block__button-list\">\r\n                    \r\n                                    <\/div>\r\n            <\/div>\r\n        \r\n        \r\n        \r\n            <\/div>\r\n<\/div>\n<div  class=\"related-our-work-block  block-style_light block_background_azul \" >\t\n<!-- <div class=\"circle__decoration\">\n    <img decoding=\"async\" src=\"https:\/\/idi.no\/wp-content\/themes\/idi\/assets\/images\/circle_decoration.png\" alt=\"circle decoration\">\n<\/div>       -->\n<div class=\"related-our-work-block__container container\">\n\t\t\t\t\t<h2 class=\"related-our-work-block__title\">\n\t\t\t\tIniciativas\t\t<\/h2>\n\t\t\n\t\t\t\t\t<div class=\"related-our-work-block__our-works\">\n\t\t\t\t\t\t\t\t\t<div class=\"related-our-work-block__our-work-item\">\n\n\t\t\t\t\t\t\t\t\t\t\t<a \thref=\"https:\/\/idi.no\/es\/our-work\/initiative\/picture-apoyo-a-las-efs-para-fortalecer-la-gobernanza-de-las-tic\/\" \n\t\t\t\t\t\t\tclass=\"related-our-work-block__our-work-full-card-link\"\n\t\t\t\t\t\t\tdata-uw-ignore-s3\n\t\t\t\t\t\t><\/a>\n\t\t\t\t\t\t\t\t\t\t\t\t\t<a href=\"https:\/\/idi.no\/es\/our-work\/initiative\/picture-apoyo-a-las-efs-para-fortalecer-la-gobernanza-de-las-tic\/\" class=\"related-our-work-block__our-work-image\">\n\t\t\t\t\t\t\t\t<div class=\"related-our-work-block__our-work-image-background\"><\/div>\n\t\t\t\t\t\t\t\t<img loading=\"lazy\" decoding=\"async\" width=\"2560\" height=\"1156\" src=\"https:\/\/idi.no\/wp-content\/uploads\/2025\/08\/Initiative-Hero-2-@2x-1.jpg\" class=\"attachment-full size-full wp-post-image\" alt=\"pICTURE HERO\" srcset=\"https:\/\/idi.no\/wp-content\/uploads\/2025\/08\/Initiative-Hero-2-@2x-1.jpg 2560w, https:\/\/idi.no\/wp-content\/uploads\/2025\/08\/Initiative-Hero-2-@2x-1-300x135.jpg 300w, https:\/\/idi.no\/wp-content\/uploads\/2025\/08\/Initiative-Hero-2-@2x-1-1024x462.jpg 1024w, https:\/\/idi.no\/wp-content\/uploads\/2025\/08\/Initiative-Hero-2-@2x-1-768x347.jpg 768w, https:\/\/idi.no\/wp-content\/uploads\/2025\/08\/Initiative-Hero-2-@2x-1-1536x694.jpg 1536w, https:\/\/idi.no\/wp-content\/uploads\/2025\/08\/Initiative-Hero-2-@2x-1-2048x925.jpg 2048w\" sizes=\"auto, (max-width: 2560px) 100vw, 2560px\" \/>\t\t\t\t\t\t\t<\/a>\n\t\t\t\t\t\t\t\t\t\t\t\t<div class=\"related-our-work-block__our-work-content\">\n\t\t\t\t\t\t\t\t\t\t\t\t\t\t\t<a href=\"https:\/\/idi.no\/es\/our-work\/initiative\/picture-apoyo-a-las-efs-para-fortalecer-la-gobernanza-de-las-tic\/\">\n\t\t\t\t\t\t\t\t\t<h4 class=\"related-our-work-block__our-work-title\">\n\t\t\t\t\t\t\t\t\t\t\tpICTure: Apoyo a las EFS para fortalecer la gobernanza de las TIC\t\t\t\t\t\t\t\t\t<\/h4>\n\t\t\t\t\t\t\t\t<\/a>\n\t\t\t\t\t\t\t\n\t\t\t\t\t\t\t\t\t\t\t\t\t\t<a href=\"https:\/\/idi.no\/es\/our-work\/initiative\/picture-apoyo-a-las-efs-para-fortalecer-la-gobernanza-de-las-tic\/\" class=\"related-our-work-block__our-work-link\">\n\t\t\t\t\t\t\t\t<span class=\"related-our-work-block__our-work-link-text\">Learn more<\/span>\n\t\t\t\t\t\t\t\t<span class=\"related-our-work-block__our-work-link-arrow\"><\/span>\n\t\t\t\t\t\t\t<\/a>\n\t\t\t\t\t\t<\/div>\n\n\t\t\t\t\t<\/div>\n\t\t\t\t\t\t\t\t\t<div class=\"related-our-work-block__our-work-item\">\n\n\t\t\t\t\t\t\t\t\t\t\t<a \thref=\"https:\/\/idi.no\/es\/our-work\/initiative\/lota-aprovechamiento-del-avance-tecnologico\/\" \n\t\t\t\t\t\t\tclass=\"related-our-work-block__our-work-full-card-link\"\n\t\t\t\t\t\t\tdata-uw-ignore-s3\n\t\t\t\t\t\t><\/a>\n\t\t\t\t\t\t\t\t\t\t\t\t\t<a href=\"https:\/\/idi.no\/es\/our-work\/initiative\/lota-aprovechamiento-del-avance-tecnologico\/\" class=\"related-our-work-block__our-work-image\">\n\t\t\t\t\t\t\t\t<div class=\"related-our-work-block__our-work-image-background\"><\/div>\n\t\t\t\t\t\t\t\t<img loading=\"lazy\" decoding=\"async\" width=\"2560\" height=\"1156\" src=\"https:\/\/idi.no\/wp-content\/uploads\/2025\/08\/LOTA-Hero.jpg\" class=\"attachment-full size-full wp-post-image\" alt=\"\" srcset=\"https:\/\/idi.no\/wp-content\/uploads\/2025\/08\/LOTA-Hero.jpg 2560w, https:\/\/idi.no\/wp-content\/uploads\/2025\/08\/LOTA-Hero-300x135.jpg 300w, https:\/\/idi.no\/wp-content\/uploads\/2025\/08\/LOTA-Hero-1024x462.jpg 1024w, https:\/\/idi.no\/wp-content\/uploads\/2025\/08\/LOTA-Hero-768x347.jpg 768w, https:\/\/idi.no\/wp-content\/uploads\/2025\/08\/LOTA-Hero-1536x694.jpg 1536w, https:\/\/idi.no\/wp-content\/uploads\/2025\/08\/LOTA-Hero-2048x925.jpg 2048w\" sizes=\"auto, (max-width: 2560px) 100vw, 2560px\" \/>\t\t\t\t\t\t\t<\/a>\n\t\t\t\t\t\t\t\t\t\t\t\t<div class=\"related-our-work-block__our-work-content\">\n\t\t\t\t\t\t\t\t\t\t\t\t\t\t\t<a href=\"https:\/\/idi.no\/es\/our-work\/initiative\/lota-aprovechamiento-del-avance-tecnologico\/\">\n\t\t\t\t\t\t\t\t\t<h4 class=\"related-our-work-block__our-work-title\">\n\t\t\t\t\t\t\t\t\t\t\tLOTA: aprovechamiento del avance tecnol\u00f3gico\t\t\t\t\t\t\t\t\t<\/h4>\n\t\t\t\t\t\t\t\t<\/a>\n\t\t\t\t\t\t\t\n\t\t\t\t\t\t\t\t\t\t\t\t\t\t<a href=\"https:\/\/idi.no\/es\/our-work\/initiative\/lota-aprovechamiento-del-avance-tecnologico\/\" class=\"related-our-work-block__our-work-link\">\n\t\t\t\t\t\t\t\t<span class=\"related-our-work-block__our-work-link-text\">Learn more<\/span>\n\t\t\t\t\t\t\t\t<span class=\"related-our-work-block__our-work-link-arrow\"><\/span>\n\t\t\t\t\t\t\t<\/a>\n\t\t\t\t\t\t<\/div>\n\n\t\t\t\t\t<\/div>\n\t\t\t\t\t\t\t<\/div>\n\t\t\t<\/div>\n<\/div>\n","protected":false},"excerpt":{"rendered":"","protected":false},"author":1,"featured_media":0,"parent":18267,"menu_order":0,"comment_status":"closed","ping_status":"closed","template":"","meta":{"footnotes":""},"class_list":["post-13590","page","type-page","status-publish","hentry"],"acf":[],"yoast_head":"<!-- This site is optimized with the Yoast SEO plugin v25.3 - https:\/\/yoast.com\/wordpress\/plugins\/seo\/ -->\n<title>Digitalizaci\u00f3n - IDI<\/title>\n<meta name=\"robots\" content=\"index, follow, max-snippet:-1, max-image-preview:large, max-video-preview:-1\" \/>\n<link rel=\"canonical\" href=\"https:\/\/idi.no\/es\/our-work\/areas-de-interes\/digitalisation\/\" \/>\n<meta property=\"og:locale\" content=\"es_ES\" \/>\n<meta property=\"og:type\" content=\"article\" \/>\n<meta property=\"og:title\" content=\"Digitalizaci\u00f3n - IDI\" \/>\n<meta property=\"og:url\" content=\"https:\/\/idi.no\/es\/our-work\/areas-de-interes\/digitalisation\/\" \/>\n<meta property=\"og:site_name\" content=\"IDI\" \/>\n<meta property=\"article:modified_time\" content=\"2025-11-12T22:41:19+00:00\" \/>\n<meta name=\"twitter:card\" content=\"summary_large_image\" \/>\n<script type=\"application\/ld+json\" class=\"yoast-schema-graph\">{\"@context\":\"https:\/\/schema.org\",\"@graph\":[{\"@type\":\"WebPage\",\"@id\":\"https:\/\/idi.no\/es\/our-work\/areas-de-interes\/digitalisation\/\",\"url\":\"https:\/\/idi.no\/es\/our-work\/areas-de-interes\/digitalisation\/\",\"name\":\"Digitalizaci\u00f3n - IDI\",\"isPartOf\":{\"@id\":\"https:\/\/idi.no\/es\/#website\"},\"datePublished\":\"2025-06-10T19:30:48+00:00\",\"dateModified\":\"2025-11-12T22:41:19+00:00\",\"breadcrumb\":{\"@id\":\"https:\/\/idi.no\/es\/our-work\/areas-de-interes\/digitalisation\/#breadcrumb\"},\"inLanguage\":\"es\",\"potentialAction\":[{\"@type\":\"ReadAction\",\"target\":[\"https:\/\/idi.no\/es\/our-work\/areas-de-interes\/digitalisation\/\"]}]},{\"@type\":\"BreadcrumbList\",\"@id\":\"https:\/\/idi.no\/es\/our-work\/areas-de-interes\/digitalisation\/#breadcrumb\",\"itemListElement\":[{\"@type\":\"ListItem\",\"position\":1,\"name\":\"Home\",\"item\":\"https:\/\/idi.no\/es\/\"},{\"@type\":\"ListItem\",\"position\":2,\"name\":\"Nuestro Trabajo\",\"item\":\"https:\/\/idi.no\/es\/our-work\/\"},{\"@type\":\"ListItem\",\"position\":3,\"name\":\"\u00c1reas de Inter\u00e9s\",\"item\":\"https:\/\/idi.no\/es\/our-work\/areas-de-interes\/\"},{\"@type\":\"ListItem\",\"position\":4,\"name\":\"Digitalizaci\u00f3n\"}]},{\"@type\":\"WebSite\",\"@id\":\"https:\/\/idi.no\/es\/#website\",\"url\":\"https:\/\/idi.no\/es\/\",\"name\":\"IDI\",\"description\":\"\",\"potentialAction\":[{\"@type\":\"SearchAction\",\"target\":{\"@type\":\"EntryPoint\",\"urlTemplate\":\"https:\/\/idi.no\/es\/?s={search_term_string}\"},\"query-input\":{\"@type\":\"PropertyValueSpecification\",\"valueRequired\":true,\"valueName\":\"search_term_string\"}}],\"inLanguage\":\"es\"}]}<\/script>\n<!-- \/ Yoast SEO plugin. -->","yoast_head_json":{"title":"Digitalizaci\u00f3n - IDI","robots":{"index":"index","follow":"follow","max-snippet":"max-snippet:-1","max-image-preview":"max-image-preview:large","max-video-preview":"max-video-preview:-1"},"canonical":"https:\/\/idi.no\/es\/our-work\/areas-de-interes\/digitalisation\/","og_locale":"es_ES","og_type":"article","og_title":"Digitalizaci\u00f3n - IDI","og_url":"https:\/\/idi.no\/es\/our-work\/areas-de-interes\/digitalisation\/","og_site_name":"IDI","article_modified_time":"2025-11-12T22:41:19+00:00","twitter_card":"summary_large_image","schema":{"@context":"https:\/\/schema.org","@graph":[{"@type":"WebPage","@id":"https:\/\/idi.no\/es\/our-work\/areas-de-interes\/digitalisation\/","url":"https:\/\/idi.no\/es\/our-work\/areas-de-interes\/digitalisation\/","name":"Digitalizaci\u00f3n - IDI","isPartOf":{"@id":"https:\/\/idi.no\/es\/#website"},"datePublished":"2025-06-10T19:30:48+00:00","dateModified":"2025-11-12T22:41:19+00:00","breadcrumb":{"@id":"https:\/\/idi.no\/es\/our-work\/areas-de-interes\/digitalisation\/#breadcrumb"},"inLanguage":"es","potentialAction":[{"@type":"ReadAction","target":["https:\/\/idi.no\/es\/our-work\/areas-de-interes\/digitalisation\/"]}]},{"@type":"BreadcrumbList","@id":"https:\/\/idi.no\/es\/our-work\/areas-de-interes\/digitalisation\/#breadcrumb","itemListElement":[{"@type":"ListItem","position":1,"name":"Home","item":"https:\/\/idi.no\/es\/"},{"@type":"ListItem","position":2,"name":"Nuestro Trabajo","item":"https:\/\/idi.no\/es\/our-work\/"},{"@type":"ListItem","position":3,"name":"\u00c1reas de Inter\u00e9s","item":"https:\/\/idi.no\/es\/our-work\/areas-de-interes\/"},{"@type":"ListItem","position":4,"name":"Digitalizaci\u00f3n"}]},{"@type":"WebSite","@id":"https:\/\/idi.no\/es\/#website","url":"https:\/\/idi.no\/es\/","name":"IDI","description":"","potentialAction":[{"@type":"SearchAction","target":{"@type":"EntryPoint","urlTemplate":"https:\/\/idi.no\/es\/?s={search_term_string}"},"query-input":{"@type":"PropertyValueSpecification","valueRequired":true,"valueName":"search_term_string"}}],"inLanguage":"es"}]}},"_links":{"self":[{"href":"https:\/\/idi.no\/es\/wp-json\/wp\/v2\/pages\/13590","targetHints":{"allow":["GET"]}}],"collection":[{"href":"https:\/\/idi.no\/es\/wp-json\/wp\/v2\/pages"}],"about":[{"href":"https:\/\/idi.no\/es\/wp-json\/wp\/v2\/types\/page"}],"author":[{"embeddable":true,"href":"https:\/\/idi.no\/es\/wp-json\/wp\/v2\/users\/1"}],"replies":[{"embeddable":true,"href":"https:\/\/idi.no\/es\/wp-json\/wp\/v2\/comments?post=13590"}],"version-history":[{"count":9,"href":"https:\/\/idi.no\/es\/wp-json\/wp\/v2\/pages\/13590\/revisions"}],"predecessor-version":[{"id":27839,"href":"https:\/\/idi.no\/es\/wp-json\/wp\/v2\/pages\/13590\/revisions\/27839"}],"up":[{"embeddable":true,"href":"https:\/\/idi.no\/es\/wp-json\/wp\/v2\/pages\/18267"}],"wp:attachment":[{"href":"https:\/\/idi.no\/es\/wp-json\/wp\/v2\/media?parent=13590"}],"curies":[{"name":"wp","href":"https:\/\/api.w.org\/{rel}","templated":true}]}}