{"id":13595,"date":"2025-06-10T19:30:57","date_gmt":"2025-06-10T19:30:57","guid":{"rendered":"https:\/\/idi.no\/our-work\/governance\/"},"modified":"2025-11-12T22:41:19","modified_gmt":"2025-11-12T22:41:19","slug":"governance","status":"publish","type":"page","link":"https:\/\/idi.no\/es\/our-work\/areas-de-interes\/governance\/","title":{"rendered":"Gobernanza"},"content":{"rendered":"\n<div  class=\"hero-block \" >\n\t<div class=\"hero-block__container container\">\n\t\t<div class=\"hero-block__content\">\n\t\t\t\t\t\t\t<div class=\"hero-block__breadcrumbs breadcrumbs\">\n\t\t\t\t\t<span><span><a href=\"https:\/\/idi.no\/es\/\">Home<\/a><\/span><\/span>\t\t\t\t<\/div>\n\t\t\t\t\t\t\t\t\t\t<h1 class=\"hero-block__title\">\n\t\t\t\t\tGobernanza\t\t\t\t<\/h1>\n\t\t\t\t\t\t\t\t\t\n\t\t<\/div>\n\t\t\t<\/div>\n<\/div>\n\r\n<div  class=\"text-only-block text-only-block__white-background text-only-block__text-only\"> <!-- Removed undefined $style (before: echoed $style) -->\r\n    <div class=\"text-only-block__container container\">\r\n                    <div class=\"text-only-block__content\">\r\n                                                    <div class=\"text-only-block__subtitle lede\">Apoyamos instituciones s\u00f3lidas para obtener resultados de auditor\u00eda impactantes<\/div>\r\n                                                    <div class=\"text-only-block__description\"><p class=\"x_MsoNormal\">Una buena gobernanza es esencial para que las Entidades Fiscalizadoras Superiores (EFS) sean cre\u00edbles, eficaces y tengan un impacto real. En IDI, apoyamos a las EFS en el desarrollo de formas estrat\u00e9gicas de planificar y gestionar su desempe\u00f1o. Destacamos la importancia de contar con s\u00f3lidas alianzas con las partes interesadas, una gesti\u00f3n de riesgos s\u00f3lida y el uso inteligente de herramientas y tecnolog\u00eda digitales. Una buena gobernanza de las EFS tambi\u00e9n depende de una gesti\u00f3n responsable e inclusiva de las personas y las finanzas, respaldada por un liderazgo comprometido.   <\/p>\n<p class=\"x_MsoNormal\">Al ayudar a las EFS a fortalecer su gobernanza, nuestro objetivo es prepararlas para el futuro, de modo que puedan actuar con previsi\u00f3n y ofrecer resultados en los que las personas y las sociedades puedan confiar.<\/p>\n<\/div>\r\n                                \r\n                <!-- New: Wrap all buttons in __button-list for consistency with working block -->\r\n                <div class=\"text-only-block__button-list\">\r\n                    \r\n                                    <\/div>\r\n            <\/div>\r\n        \r\n        \r\n        \r\n            <\/div>\r\n<\/div>\n<div  class=\"related-our-work-block  block-style_light block_background_azul \" >\t\n<!-- <div class=\"circle__decoration\">\n    <img decoding=\"async\" src=\"https:\/\/idi.no\/wp-content\/themes\/idi\/assets\/images\/circle_decoration.png\" alt=\"circle decoration\">\n<\/div>       -->\n<div class=\"related-our-work-block__container container\">\n\t\t\t\t\t<h2 class=\"related-our-work-block__title\">\n\t\t\t\tIniciativas\t\t<\/h2>\n\t\t\n\t\t\t\t\t<div class=\"related-our-work-block__our-works\">\n\t\t\t\t\t\t\t\t\t<div class=\"related-our-work-block__our-work-item\">\n\n\t\t\t\t\t\t\t\t\t\t\t<a \thref=\"https:\/\/idi.no\/es\/our-work\/initiative\/academia-de-gobernanza-de-las-efs\/\" \n\t\t\t\t\t\t\tclass=\"related-our-work-block__our-work-full-card-link\"\n\t\t\t\t\t\t\tdata-uw-ignore-s3\n\t\t\t\t\t\t><\/a>\n\t\t\t\t\t\t\t\t\t\t\t\t\t<a href=\"https:\/\/idi.no\/es\/our-work\/initiative\/academia-de-gobernanza-de-las-efs\/\" class=\"related-our-work-block__our-work-image\">\n\t\t\t\t\t\t\t\t<div class=\"related-our-work-block__our-work-image-background\"><\/div>\n\t\t\t\t\t\t\t\t<img loading=\"lazy\" decoding=\"async\" width=\"2560\" height=\"950\" src=\"https:\/\/idi.no\/wp-content\/uploads\/2025\/10\/AdobeStock_1026375038-scaled-e1762250729985.jpeg\" class=\"attachment-full size-full wp-post-image\" alt=\"\" srcset=\"https:\/\/idi.no\/wp-content\/uploads\/2025\/10\/AdobeStock_1026375038-scaled-e1762250729985.jpeg 2560w, https:\/\/idi.no\/wp-content\/uploads\/2025\/10\/AdobeStock_1026375038-scaled-e1762250729985-300x111.jpeg 300w, https:\/\/idi.no\/wp-content\/uploads\/2025\/10\/AdobeStock_1026375038-scaled-e1762250729985-1024x380.jpeg 1024w, https:\/\/idi.no\/wp-content\/uploads\/2025\/10\/AdobeStock_1026375038-scaled-e1762250729985-768x285.jpeg 768w, https:\/\/idi.no\/wp-content\/uploads\/2025\/10\/AdobeStock_1026375038-scaled-e1762250729985-1536x570.jpeg 1536w, https:\/\/idi.no\/wp-content\/uploads\/2025\/10\/AdobeStock_1026375038-scaled-e1762250729985-2048x760.jpeg 2048w\" sizes=\"auto, (max-width: 2560px) 100vw, 2560px\" \/>\t\t\t\t\t\t\t<\/a>\n\t\t\t\t\t\t\t\t\t\t\t\t<div class=\"related-our-work-block__our-work-content\">\n\t\t\t\t\t\t\t\t\t\t\t\t\t\t\t<a href=\"https:\/\/idi.no\/es\/our-work\/initiative\/academia-de-gobernanza-de-las-efs\/\">\n\t\t\t\t\t\t\t\t\t<h4 class=\"related-our-work-block__our-work-title\">\n\t\t\t\t\t\t\t\t\t\t\tAcademia de gobernanza de las EFS\t\t\t\t\t\t\t\t\t<\/h4>\n\t\t\t\t\t\t\t\t<\/a>\n\t\t\t\t\t\t\t\n\t\t\t\t\t\t\t\t\t\t\t\t\t\t<a href=\"https:\/\/idi.no\/es\/our-work\/initiative\/academia-de-gobernanza-de-las-efs\/\" class=\"related-our-work-block__our-work-link\">\n\t\t\t\t\t\t\t\t<span class=\"related-our-work-block__our-work-link-text\">Learn more<\/span>\n\t\t\t\t\t\t\t\t<span class=\"related-our-work-block__our-work-link-arrow\"><\/span>\n\t\t\t\t\t\t\t<\/a>\n\t\t\t\t\t\t<\/div>\n\n\t\t\t\t\t<\/div>\n\t\t\t\t\t\t\t\t\t<div class=\"related-our-work-block__our-work-item\">\n\n\t\t\t\t\t\t\t\t\t\t\t<a \thref=\"https:\/\/idi.no\/es\/our-work\/initiative\/picture-apoyo-a-las-efs-para-fortalecer-la-gobernanza-de-las-tic\/\" \n\t\t\t\t\t\t\tclass=\"related-our-work-block__our-work-full-card-link\"\n\t\t\t\t\t\t\tdata-uw-ignore-s3\n\t\t\t\t\t\t><\/a>\n\t\t\t\t\t\t\t\t\t\t\t\t\t<a href=\"https:\/\/idi.no\/es\/our-work\/initiative\/picture-apoyo-a-las-efs-para-fortalecer-la-gobernanza-de-las-tic\/\" class=\"related-our-work-block__our-work-image\">\n\t\t\t\t\t\t\t\t<div class=\"related-our-work-block__our-work-image-background\"><\/div>\n\t\t\t\t\t\t\t\t<img loading=\"lazy\" decoding=\"async\" width=\"2560\" height=\"1156\" src=\"https:\/\/idi.no\/wp-content\/uploads\/2025\/08\/Initiative-Hero-2-@2x-1.jpg\" class=\"attachment-full size-full wp-post-image\" alt=\"pICTURE HERO\" srcset=\"https:\/\/idi.no\/wp-content\/uploads\/2025\/08\/Initiative-Hero-2-@2x-1.jpg 2560w, https:\/\/idi.no\/wp-content\/uploads\/2025\/08\/Initiative-Hero-2-@2x-1-300x135.jpg 300w, https:\/\/idi.no\/wp-content\/uploads\/2025\/08\/Initiative-Hero-2-@2x-1-1024x462.jpg 1024w, https:\/\/idi.no\/wp-content\/uploads\/2025\/08\/Initiative-Hero-2-@2x-1-768x347.jpg 768w, https:\/\/idi.no\/wp-content\/uploads\/2025\/08\/Initiative-Hero-2-@2x-1-1536x694.jpg 1536w, https:\/\/idi.no\/wp-content\/uploads\/2025\/08\/Initiative-Hero-2-@2x-1-2048x925.jpg 2048w\" sizes=\"auto, (max-width: 2560px) 100vw, 2560px\" \/>\t\t\t\t\t\t\t<\/a>\n\t\t\t\t\t\t\t\t\t\t\t\t<div class=\"related-our-work-block__our-work-content\">\n\t\t\t\t\t\t\t\t\t\t\t\t\t\t\t<a href=\"https:\/\/idi.no\/es\/our-work\/initiative\/picture-apoyo-a-las-efs-para-fortalecer-la-gobernanza-de-las-tic\/\">\n\t\t\t\t\t\t\t\t\t<h4 class=\"related-our-work-block__our-work-title\">\n\t\t\t\t\t\t\t\t\t\t\tpICTure: Apoyo a las EFS para fortalecer la gobernanza de las TIC\t\t\t\t\t\t\t\t\t<\/h4>\n\t\t\t\t\t\t\t\t<\/a>\n\t\t\t\t\t\t\t\n\t\t\t\t\t\t\t\t\t\t\t\t\t\t<a href=\"https:\/\/idi.no\/es\/our-work\/initiative\/picture-apoyo-a-las-efs-para-fortalecer-la-gobernanza-de-las-tic\/\" class=\"related-our-work-block__our-work-link\">\n\t\t\t\t\t\t\t\t<span class=\"related-our-work-block__our-work-link-text\">Learn more<\/span>\n\t\t\t\t\t\t\t\t<span class=\"related-our-work-block__our-work-link-arrow\"><\/span>\n\t\t\t\t\t\t\t<\/a>\n\t\t\t\t\t\t<\/div>\n\n\t\t\t\t\t<\/div>\n\t\t\t\t\t\t\t\t\t<div class=\"related-our-work-block__our-work-item\">\n\n\t\t\t\t\t\t\t\t\t\t\t<a \thref=\"https:\/\/idi.no\/es\/our-work\/initiative\/juntos-empoderando-a-las-efs-a-traves-de-una-gobernanza-de-rr-hh-eficaz-inclusiva-y-etica\/\" \n\t\t\t\t\t\t\tclass=\"related-our-work-block__our-work-full-card-link\"\n\t\t\t\t\t\t\tdata-uw-ignore-s3\n\t\t\t\t\t\t><\/a>\n\t\t\t\t\t\t\t\t\t\t\t\t\t<a href=\"https:\/\/idi.no\/es\/our-work\/initiative\/juntos-empoderando-a-las-efs-a-traves-de-una-gobernanza-de-rr-hh-eficaz-inclusiva-y-etica\/\" class=\"related-our-work-block__our-work-image\">\n\t\t\t\t\t\t\t\t<div class=\"related-our-work-block__our-work-image-background\"><\/div>\n\t\t\t\t\t\t\t\t<img loading=\"lazy\" decoding=\"async\" width=\"2560\" height=\"1156\" src=\"https:\/\/idi.no\/wp-content\/uploads\/2025\/08\/Initiative-Hero-Together-1.jpg\" class=\"attachment-full size-full wp-post-image\" alt=\"\" srcset=\"https:\/\/idi.no\/wp-content\/uploads\/2025\/08\/Initiative-Hero-Together-1.jpg 2560w, https:\/\/idi.no\/wp-content\/uploads\/2025\/08\/Initiative-Hero-Together-1-300x135.jpg 300w, https:\/\/idi.no\/wp-content\/uploads\/2025\/08\/Initiative-Hero-Together-1-1024x462.jpg 1024w, https:\/\/idi.no\/wp-content\/uploads\/2025\/08\/Initiative-Hero-Together-1-768x347.jpg 768w, https:\/\/idi.no\/wp-content\/uploads\/2025\/08\/Initiative-Hero-Together-1-1536x694.jpg 1536w, https:\/\/idi.no\/wp-content\/uploads\/2025\/08\/Initiative-Hero-Together-1-2048x925.jpg 2048w\" sizes=\"auto, (max-width: 2560px) 100vw, 2560px\" \/>\t\t\t\t\t\t\t<\/a>\n\t\t\t\t\t\t\t\t\t\t\t\t<div class=\"related-our-work-block__our-work-content\">\n\t\t\t\t\t\t\t\t\t\t\t\t\t\t\t<a href=\"https:\/\/idi.no\/es\/our-work\/initiative\/juntos-empoderando-a-las-efs-a-traves-de-una-gobernanza-de-rr-hh-eficaz-inclusiva-y-etica\/\">\n\t\t\t\t\t\t\t\t\t<h4 class=\"related-our-work-block__our-work-title\">\n\t\t\t\t\t\t\t\t\t\t\tJuntos: empoderando a las EFS a trav\u00e9s de una gobernanza de RR. HH. eficaz, inclusiva y \u00e9tica\t\t\t\t\t\t\t\t\t<\/h4>\n\t\t\t\t\t\t\t\t<\/a>\n\t\t\t\t\t\t\t\n\t\t\t\t\t\t\t\t\t\t\t\t\t\t<a href=\"https:\/\/idi.no\/es\/our-work\/initiative\/juntos-empoderando-a-las-efs-a-traves-de-una-gobernanza-de-rr-hh-eficaz-inclusiva-y-etica\/\" class=\"related-our-work-block__our-work-link\">\n\t\t\t\t\t\t\t\t<span class=\"related-our-work-block__our-work-link-text\">Learn more<\/span>\n\t\t\t\t\t\t\t\t<span class=\"related-our-work-block__our-work-link-arrow\"><\/span>\n\t\t\t\t\t\t\t<\/a>\n\t\t\t\t\t\t<\/div>\n\n\t\t\t\t\t<\/div>\n\t\t\t\t\t\t\t\t\t<div class=\"related-our-work-block__our-work-item\">\n\n\t\t\t\t\t\t\t\t\t\t\t<a \thref=\"https:\/\/idi.no\/es\/our-work\/initiative\/marco-de-medicion-del-desempeno-de-las-entidades-fiscalizadoras-superiores-sai-pmf\/\" \n\t\t\t\t\t\t\tclass=\"related-our-work-block__our-work-full-card-link\"\n\t\t\t\t\t\t\tdata-uw-ignore-s3\n\t\t\t\t\t\t><\/a>\n\t\t\t\t\t\t\t\t\t\t\t\t\t<a href=\"https:\/\/idi.no\/es\/our-work\/initiative\/marco-de-medicion-del-desempeno-de-las-entidades-fiscalizadoras-superiores-sai-pmf\/\" class=\"related-our-work-block__our-work-image\">\n\t\t\t\t\t\t\t\t<div class=\"related-our-work-block__our-work-image-background\"><\/div>\n\t\t\t\t\t\t\t\t<img loading=\"lazy\" decoding=\"async\" width=\"2560\" height=\"1156\" src=\"https:\/\/idi.no\/wp-content\/uploads\/2025\/09\/Initiative-Hero-SAI-PMF.jpg\" class=\"attachment-full size-full wp-post-image\" alt=\"\" srcset=\"https:\/\/idi.no\/wp-content\/uploads\/2025\/09\/Initiative-Hero-SAI-PMF.jpg 2560w, https:\/\/idi.no\/wp-content\/uploads\/2025\/09\/Initiative-Hero-SAI-PMF-300x135.jpg 300w, https:\/\/idi.no\/wp-content\/uploads\/2025\/09\/Initiative-Hero-SAI-PMF-1024x462.jpg 1024w, https:\/\/idi.no\/wp-content\/uploads\/2025\/09\/Initiative-Hero-SAI-PMF-768x347.jpg 768w, https:\/\/idi.no\/wp-content\/uploads\/2025\/09\/Initiative-Hero-SAI-PMF-1536x694.jpg 1536w, https:\/\/idi.no\/wp-content\/uploads\/2025\/09\/Initiative-Hero-SAI-PMF-2048x925.jpg 2048w\" sizes=\"auto, (max-width: 2560px) 100vw, 2560px\" \/>\t\t\t\t\t\t\t<\/a>\n\t\t\t\t\t\t\t\t\t\t\t\t<div class=\"related-our-work-block__our-work-content\">\n\t\t\t\t\t\t\t\t\t\t\t\t\t\t\t<a href=\"https:\/\/idi.no\/es\/our-work\/initiative\/marco-de-medicion-del-desempeno-de-las-entidades-fiscalizadoras-superiores-sai-pmf\/\">\n\t\t\t\t\t\t\t\t\t<h4 class=\"related-our-work-block__our-work-title\">\n\t\t\t\t\t\t\t\t\t\t\tMarco de medici\u00f3n del desempe\u00f1o de las entidades fiscalizadoras superiores (SAI PMF)\t\t\t\t\t\t\t\t\t<\/h4>\n\t\t\t\t\t\t\t\t<\/a>\n\t\t\t\t\t\t\t\n\t\t\t\t\t\t\t\t\t\t\t\t\t\t<a href=\"https:\/\/idi.no\/es\/our-work\/initiative\/marco-de-medicion-del-desempeno-de-las-entidades-fiscalizadoras-superiores-sai-pmf\/\" class=\"related-our-work-block__our-work-link\">\n\t\t\t\t\t\t\t\t<span class=\"related-our-work-block__our-work-link-text\">Learn more<\/span>\n\t\t\t\t\t\t\t\t<span class=\"related-our-work-block__our-work-link-arrow\"><\/span>\n\t\t\t\t\t\t\t<\/a>\n\t\t\t\t\t\t<\/div>\n\n\t\t\t\t\t<\/div>\n\t\t\t\t\t\t\t\t\t<div class=\"related-our-work-block__our-work-item\">\n\n\t\t\t\t\t\t\t\t\t\t\t<a \thref=\"https:\/\/idi.no\/es\/our-work\/initiative\/crisp-gestion-de-crisis-y-riesgos-para-el-desempeno-de-las-efs\/\" \n\t\t\t\t\t\t\tclass=\"related-our-work-block__our-work-full-card-link\"\n\t\t\t\t\t\t\tdata-uw-ignore-s3\n\t\t\t\t\t\t><\/a>\n\t\t\t\t\t\t\t\t\t\t\t\t\t<a href=\"https:\/\/idi.no\/es\/our-work\/initiative\/crisp-gestion-de-crisis-y-riesgos-para-el-desempeno-de-las-efs\/\" class=\"related-our-work-block__our-work-image\">\n\t\t\t\t\t\t\t\t<div class=\"related-our-work-block__our-work-image-background\"><\/div>\n\t\t\t\t\t\t\t\t<img loading=\"lazy\" decoding=\"async\" width=\"2560\" height=\"1707\" src=\"https:\/\/idi.no\/wp-content\/uploads\/2025\/09\/quang-nguyen-vinh-WDXl342Miu8-unsplash-scaled.jpg\" class=\"attachment-full size-full wp-post-image\" alt=\"\" srcset=\"https:\/\/idi.no\/wp-content\/uploads\/2025\/09\/quang-nguyen-vinh-WDXl342Miu8-unsplash-scaled.jpg 2560w, https:\/\/idi.no\/wp-content\/uploads\/2025\/09\/quang-nguyen-vinh-WDXl342Miu8-unsplash-300x200.jpg 300w, https:\/\/idi.no\/wp-content\/uploads\/2025\/09\/quang-nguyen-vinh-WDXl342Miu8-unsplash-1024x683.jpg 1024w, https:\/\/idi.no\/wp-content\/uploads\/2025\/09\/quang-nguyen-vinh-WDXl342Miu8-unsplash-768x512.jpg 768w, https:\/\/idi.no\/wp-content\/uploads\/2025\/09\/quang-nguyen-vinh-WDXl342Miu8-unsplash-1536x1024.jpg 1536w, https:\/\/idi.no\/wp-content\/uploads\/2025\/09\/quang-nguyen-vinh-WDXl342Miu8-unsplash-2048x1365.jpg 2048w, https:\/\/idi.no\/wp-content\/uploads\/2025\/09\/quang-nguyen-vinh-WDXl342Miu8-unsplash-900x600.jpg 900w\" sizes=\"auto, (max-width: 2560px) 100vw, 2560px\" \/>\t\t\t\t\t\t\t<\/a>\n\t\t\t\t\t\t\t\t\t\t\t\t<div class=\"related-our-work-block__our-work-content\">\n\t\t\t\t\t\t\t\t\t\t\t\t\t\t\t<a href=\"https:\/\/idi.no\/es\/our-work\/initiative\/crisp-gestion-de-crisis-y-riesgos-para-el-desempeno-de-las-efs\/\">\n\t\t\t\t\t\t\t\t\t<h4 class=\"related-our-work-block__our-work-title\">\n\t\t\t\t\t\t\t\t\t\t\tCRISP: gesti\u00f3n de crisis y riesgos para el desempe\u00f1o de las EFS\t\t\t\t\t\t\t\t\t<\/h4>\n\t\t\t\t\t\t\t\t<\/a>\n\t\t\t\t\t\t\t\n\t\t\t\t\t\t\t\t\t\t\t\t\t\t<a href=\"https:\/\/idi.no\/es\/our-work\/initiative\/crisp-gestion-de-crisis-y-riesgos-para-el-desempeno-de-las-efs\/\" class=\"related-our-work-block__our-work-link\">\n\t\t\t\t\t\t\t\t<span class=\"related-our-work-block__our-work-link-text\">Learn more<\/span>\n\t\t\t\t\t\t\t\t<span class=\"related-our-work-block__our-work-link-arrow\"><\/span>\n\t\t\t\t\t\t\t<\/a>\n\t\t\t\t\t\t<\/div>\n\n\t\t\t\t\t<\/div>\n\t\t\t\t\t\t\t\t\t<div class=\"related-our-work-block__our-work-item\">\n\n\t\t\t\t\t\t\t\t\t\t\t<a \thref=\"https:\/\/idi.no\/es\/our-work\/initiative\/spmr-estrategia-medicion-del-rendimiento-e-informes\/\" \n\t\t\t\t\t\t\tclass=\"related-our-work-block__our-work-full-card-link\"\n\t\t\t\t\t\t\tdata-uw-ignore-s3\n\t\t\t\t\t\t><\/a>\n\t\t\t\t\t\t\t\t\t\t\t\t\t<a href=\"https:\/\/idi.no\/es\/our-work\/initiative\/spmr-estrategia-medicion-del-rendimiento-e-informes\/\" class=\"related-our-work-block__our-work-image\">\n\t\t\t\t\t\t\t\t<div class=\"related-our-work-block__our-work-image-background\"><\/div>\n\t\t\t\t\t\t\t\t<img loading=\"lazy\" decoding=\"async\" width=\"2560\" height=\"1156\" src=\"https:\/\/idi.no\/wp-content\/uploads\/2025\/08\/BRIDGE-Photo-SPMR-Hero-x2-1.jpg\" class=\"attachment-full size-full wp-post-image\" alt=\"\" srcset=\"https:\/\/idi.no\/wp-content\/uploads\/2025\/08\/BRIDGE-Photo-SPMR-Hero-x2-1.jpg 2560w, https:\/\/idi.no\/wp-content\/uploads\/2025\/08\/BRIDGE-Photo-SPMR-Hero-x2-1-300x135.jpg 300w, https:\/\/idi.no\/wp-content\/uploads\/2025\/08\/BRIDGE-Photo-SPMR-Hero-x2-1-1024x462.jpg 1024w, https:\/\/idi.no\/wp-content\/uploads\/2025\/08\/BRIDGE-Photo-SPMR-Hero-x2-1-768x347.jpg 768w, https:\/\/idi.no\/wp-content\/uploads\/2025\/08\/BRIDGE-Photo-SPMR-Hero-x2-1-1536x694.jpg 1536w, https:\/\/idi.no\/wp-content\/uploads\/2025\/08\/BRIDGE-Photo-SPMR-Hero-x2-1-2048x925.jpg 2048w\" sizes=\"auto, (max-width: 2560px) 100vw, 2560px\" \/>\t\t\t\t\t\t\t<\/a>\n\t\t\t\t\t\t\t\t\t\t\t\t<div class=\"related-our-work-block__our-work-content\">\n\t\t\t\t\t\t\t\t\t\t\t\t\t\t\t<a href=\"https:\/\/idi.no\/es\/our-work\/initiative\/spmr-estrategia-medicion-del-rendimiento-e-informes\/\">\n\t\t\t\t\t\t\t\t\t<h4 class=\"related-our-work-block__our-work-title\">\n\t\t\t\t\t\t\t\t\t\t\tSPMR: estrategia, medici\u00f3n del rendimiento e informes\t\t\t\t\t\t\t\t\t<\/h4>\n\t\t\t\t\t\t\t\t<\/a>\n\t\t\t\t\t\t\t\n\t\t\t\t\t\t\t\t\t\t\t\t\t\t<a href=\"https:\/\/idi.no\/es\/our-work\/initiative\/spmr-estrategia-medicion-del-rendimiento-e-informes\/\" class=\"related-our-work-block__our-work-link\">\n\t\t\t\t\t\t\t\t<span class=\"related-our-work-block__our-work-link-text\">Learn more<\/span>\n\t\t\t\t\t\t\t\t<span class=\"related-our-work-block__our-work-link-arrow\"><\/span>\n\t\t\t\t\t\t\t<\/a>\n\t\t\t\t\t\t<\/div>\n\n\t\t\t\t\t<\/div>\n\t\t\t\t\t\t\t<\/div>\n\t\t\t<\/div>\n<\/div>\n","protected":false},"excerpt":{"rendered":"","protected":false},"author":1,"featured_media":0,"parent":18267,"menu_order":0,"comment_status":"closed","ping_status":"closed","template":"","meta":{"footnotes":""},"class_list":["post-13595","page","type-page","status-publish","hentry"],"acf":[],"yoast_head":"<!-- This site is optimized with the Yoast SEO plugin v25.3 - https:\/\/yoast.com\/wordpress\/plugins\/seo\/ -->\n<title>Gobernanza - IDI<\/title>\n<meta name=\"robots\" content=\"index, follow, max-snippet:-1, max-image-preview:large, max-video-preview:-1\" \/>\n<link rel=\"canonical\" href=\"https:\/\/idi.no\/es\/our-work\/areas-de-interes\/governance\/\" \/>\n<meta property=\"og:locale\" content=\"es_ES\" \/>\n<meta property=\"og:type\" content=\"article\" \/>\n<meta property=\"og:title\" content=\"Gobernanza - IDI\" \/>\n<meta property=\"og:url\" content=\"https:\/\/idi.no\/es\/our-work\/areas-de-interes\/governance\/\" \/>\n<meta property=\"og:site_name\" content=\"IDI\" \/>\n<meta property=\"article:modified_time\" content=\"2025-11-12T22:41:19+00:00\" \/>\n<meta name=\"twitter:card\" content=\"summary_large_image\" \/>\n<script type=\"application\/ld+json\" class=\"yoast-schema-graph\">{\"@context\":\"https:\/\/schema.org\",\"@graph\":[{\"@type\":\"WebPage\",\"@id\":\"https:\/\/idi.no\/es\/our-work\/areas-de-interes\/governance\/\",\"url\":\"https:\/\/idi.no\/es\/our-work\/areas-de-interes\/governance\/\",\"name\":\"Gobernanza - IDI\",\"isPartOf\":{\"@id\":\"https:\/\/idi.no\/es\/#website\"},\"datePublished\":\"2025-06-10T19:30:57+00:00\",\"dateModified\":\"2025-11-12T22:41:19+00:00\",\"breadcrumb\":{\"@id\":\"https:\/\/idi.no\/es\/our-work\/areas-de-interes\/governance\/#breadcrumb\"},\"inLanguage\":\"es\",\"potentialAction\":[{\"@type\":\"ReadAction\",\"target\":[\"https:\/\/idi.no\/es\/our-work\/areas-de-interes\/governance\/\"]}]},{\"@type\":\"BreadcrumbList\",\"@id\":\"https:\/\/idi.no\/es\/our-work\/areas-de-interes\/governance\/#breadcrumb\",\"itemListElement\":[{\"@type\":\"ListItem\",\"position\":1,\"name\":\"Home\",\"item\":\"https:\/\/idi.no\/es\/\"},{\"@type\":\"ListItem\",\"position\":2,\"name\":\"Nuestro Trabajo\",\"item\":\"https:\/\/idi.no\/es\/our-work\/\"},{\"@type\":\"ListItem\",\"position\":3,\"name\":\"\u00c1reas de Inter\u00e9s\",\"item\":\"https:\/\/idi.no\/es\/our-work\/areas-de-interes\/\"},{\"@type\":\"ListItem\",\"position\":4,\"name\":\"Gobernanza\"}]},{\"@type\":\"WebSite\",\"@id\":\"https:\/\/idi.no\/es\/#website\",\"url\":\"https:\/\/idi.no\/es\/\",\"name\":\"IDI\",\"description\":\"\",\"potentialAction\":[{\"@type\":\"SearchAction\",\"target\":{\"@type\":\"EntryPoint\",\"urlTemplate\":\"https:\/\/idi.no\/es\/?s={search_term_string}\"},\"query-input\":{\"@type\":\"PropertyValueSpecification\",\"valueRequired\":true,\"valueName\":\"search_term_string\"}}],\"inLanguage\":\"es\"}]}<\/script>\n<!-- \/ Yoast SEO plugin. -->","yoast_head_json":{"title":"Gobernanza - IDI","robots":{"index":"index","follow":"follow","max-snippet":"max-snippet:-1","max-image-preview":"max-image-preview:large","max-video-preview":"max-video-preview:-1"},"canonical":"https:\/\/idi.no\/es\/our-work\/areas-de-interes\/governance\/","og_locale":"es_ES","og_type":"article","og_title":"Gobernanza - IDI","og_url":"https:\/\/idi.no\/es\/our-work\/areas-de-interes\/governance\/","og_site_name":"IDI","article_modified_time":"2025-11-12T22:41:19+00:00","twitter_card":"summary_large_image","schema":{"@context":"https:\/\/schema.org","@graph":[{"@type":"WebPage","@id":"https:\/\/idi.no\/es\/our-work\/areas-de-interes\/governance\/","url":"https:\/\/idi.no\/es\/our-work\/areas-de-interes\/governance\/","name":"Gobernanza - IDI","isPartOf":{"@id":"https:\/\/idi.no\/es\/#website"},"datePublished":"2025-06-10T19:30:57+00:00","dateModified":"2025-11-12T22:41:19+00:00","breadcrumb":{"@id":"https:\/\/idi.no\/es\/our-work\/areas-de-interes\/governance\/#breadcrumb"},"inLanguage":"es","potentialAction":[{"@type":"ReadAction","target":["https:\/\/idi.no\/es\/our-work\/areas-de-interes\/governance\/"]}]},{"@type":"BreadcrumbList","@id":"https:\/\/idi.no\/es\/our-work\/areas-de-interes\/governance\/#breadcrumb","itemListElement":[{"@type":"ListItem","position":1,"name":"Home","item":"https:\/\/idi.no\/es\/"},{"@type":"ListItem","position":2,"name":"Nuestro Trabajo","item":"https:\/\/idi.no\/es\/our-work\/"},{"@type":"ListItem","position":3,"name":"\u00c1reas de Inter\u00e9s","item":"https:\/\/idi.no\/es\/our-work\/areas-de-interes\/"},{"@type":"ListItem","position":4,"name":"Gobernanza"}]},{"@type":"WebSite","@id":"https:\/\/idi.no\/es\/#website","url":"https:\/\/idi.no\/es\/","name":"IDI","description":"","potentialAction":[{"@type":"SearchAction","target":{"@type":"EntryPoint","urlTemplate":"https:\/\/idi.no\/es\/?s={search_term_string}"},"query-input":{"@type":"PropertyValueSpecification","valueRequired":true,"valueName":"search_term_string"}}],"inLanguage":"es"}]}},"_links":{"self":[{"href":"https:\/\/idi.no\/es\/wp-json\/wp\/v2\/pages\/13595","targetHints":{"allow":["GET"]}}],"collection":[{"href":"https:\/\/idi.no\/es\/wp-json\/wp\/v2\/pages"}],"about":[{"href":"https:\/\/idi.no\/es\/wp-json\/wp\/v2\/types\/page"}],"author":[{"embeddable":true,"href":"https:\/\/idi.no\/es\/wp-json\/wp\/v2\/users\/1"}],"replies":[{"embeddable":true,"href":"https:\/\/idi.no\/es\/wp-json\/wp\/v2\/comments?post=13595"}],"version-history":[{"count":7,"href":"https:\/\/idi.no\/es\/wp-json\/wp\/v2\/pages\/13595\/revisions"}],"predecessor-version":[{"id":27845,"href":"https:\/\/idi.no\/es\/wp-json\/wp\/v2\/pages\/13595\/revisions\/27845"}],"up":[{"embeddable":true,"href":"https:\/\/idi.no\/es\/wp-json\/wp\/v2\/pages\/18267"}],"wp:attachment":[{"href":"https:\/\/idi.no\/es\/wp-json\/wp\/v2\/media?parent=13595"}],"curies":[{"name":"wp","href":"https:\/\/api.w.org\/{rel}","templated":true}]}}