{"id":13604,"date":"2025-06-10T19:31:04","date_gmt":"2025-06-10T19:31:04","guid":{"rendered":"https:\/\/idi.no\/our-work\/independence\/"},"modified":"2025-11-12T22:41:21","modified_gmt":"2025-11-12T22:41:21","slug":"independence","status":"publish","type":"page","link":"https:\/\/idi.no\/es\/our-work\/areas-de-interes\/independence\/","title":{"rendered":"Independencia"},"content":{"rendered":"\n<div  class=\"hero-block \" >\n\t<div class=\"hero-block__container container\">\n\t\t<div class=\"hero-block__content\">\n\t\t\t\t\t\t\t<div class=\"hero-block__breadcrumbs breadcrumbs\">\n\t\t\t\t\t<span><span><a href=\"https:\/\/idi.no\/es\/\">Home<\/a><\/span><\/span>\t\t\t\t<\/div>\n\t\t\t\t\t\t\t\t\t\t<h1 class=\"hero-block__title\">\n\t\t\t\t\tIndependencia\t\t\t\t<\/h1>\n\t\t\t\t\t\t\t\t\t\n\t\t<\/div>\n\t\t\t<\/div>\n<\/div>\n\r\n<div  class=\"text-only-block text-only-block__white-background text-only-block__text-only\"> <!-- Removed undefined $style (before: echoed $style) -->\r\n    <div class=\"text-only-block__container container\">\r\n                    <div class=\"text-only-block__content\">\r\n                                                    <div class=\"text-only-block__subtitle lede\">La independencia es una condici\u00f3n indispensable para que una Entidad Fiscalizadora Superior (EFS) pueda llevar a cabo su mandato de manera eficaz. <\/div>\r\n                                                    <div class=\"text-only-block__description\"><p><span data-contrast=\"auto\">La independencia es un elemento fundamental de cualquier instituci\u00f3n que busque promover la rendici\u00f3n de cuentas, incluidas las Entidades Fiscalizadoras Superiores (EFS). Cuando est\u00e1n libres de influencias pol\u00edticas, las EFS pueden promover la buena gobernanza, la transparencia y la rendici\u00f3n de cuentas en la gesti\u00f3n de las finanzas p\u00fablicas. Estas instituciones deben poder operar de forma independiente para llevar a cabo un trabajo de alta calidad y con impacto para la sociedad.   <\/span><span data-ccp-props=\"{}\"> <\/span><\/p>\n<p><span data-contrast=\"auto\">Tenemos datos que cuentan una historia convincente para las EFS: se enfrentan a desaf\u00edos en la independencia financiera, restricciones en la realizaci\u00f3n de sus auditor\u00edas y amenazas pol\u00edticas al liderazgo de las EFS. Utilizando este conocimiento en IDI, apoyamos la independencia de las EFS a trav\u00e9s de iniciativas espec\u00edficas que fortalecer\u00e1n los marcos legales de las EFS, colaborar\u00e1n con las Organizaciones de la Sociedad Civil (OSC), abogar\u00e1n por su independencia y fomentar\u00e1n las asociaciones estrat\u00e9gicas.  <\/span><span data-ccp-props=\"{}\"> <\/span><\/p>\n<\/div>\r\n                                \r\n                <!-- New: Wrap all buttons in __button-list for consistency with working block -->\r\n                <div class=\"text-only-block__button-list\">\r\n                    \r\n                                    <\/div>\r\n            <\/div>\r\n        \r\n        \r\n        \r\n            <\/div>\r\n<\/div>\n<div  class=\"related-our-work-block  block-style_light block_background_azul \" >\t\n<!-- <div class=\"circle__decoration\">\n    <img decoding=\"async\" src=\"https:\/\/idi.no\/wp-content\/themes\/idi\/assets\/images\/circle_decoration.png\" alt=\"circle decoration\">\n<\/div>       -->\n<div class=\"related-our-work-block__container container\">\n\t\t\t\t\t<h2 class=\"related-our-work-block__title\">\n\t\t\t\tIniciativas\t\t<\/h2>\n\t\t\n\t\t\t\t\t<div class=\"related-our-work-block__our-works\">\n\t\t\t\t\t\t\t\t\t<div class=\"related-our-work-block__our-work-item\">\n\n\t\t\t\t\t\t\t\t\t\t\t<a \thref=\"https:\/\/idi.no\/es\/our-work\/initiative\/leg-sai-salvaguardar-los-marcos-legales-de-las-efs\/\" \n\t\t\t\t\t\t\tclass=\"related-our-work-block__our-work-full-card-link\"\n\t\t\t\t\t\t\tdata-uw-ignore-s3\n\t\t\t\t\t\t><\/a>\n\t\t\t\t\t\t\t\t\t\t\t\t\t<a href=\"https:\/\/idi.no\/es\/our-work\/initiative\/leg-sai-salvaguardar-los-marcos-legales-de-las-efs\/\" class=\"related-our-work-block__our-work-image\">\n\t\t\t\t\t\t\t\t<div class=\"related-our-work-block__our-work-image-background\"><\/div>\n\t\t\t\t\t\t\t\t<img loading=\"lazy\" decoding=\"async\" width=\"2560\" height=\"1156\" src=\"https:\/\/idi.no\/wp-content\/uploads\/2025\/10\/Initiative-Hero-LEG-SAI.jpg\" class=\"attachment-full size-full wp-post-image\" alt=\"\" srcset=\"https:\/\/idi.no\/wp-content\/uploads\/2025\/10\/Initiative-Hero-LEG-SAI.jpg 2560w, https:\/\/idi.no\/wp-content\/uploads\/2025\/10\/Initiative-Hero-LEG-SAI-300x135.jpg 300w, https:\/\/idi.no\/wp-content\/uploads\/2025\/10\/Initiative-Hero-LEG-SAI-1024x462.jpg 1024w, https:\/\/idi.no\/wp-content\/uploads\/2025\/10\/Initiative-Hero-LEG-SAI-768x347.jpg 768w, https:\/\/idi.no\/wp-content\/uploads\/2025\/10\/Initiative-Hero-LEG-SAI-1536x694.jpg 1536w, https:\/\/idi.no\/wp-content\/uploads\/2025\/10\/Initiative-Hero-LEG-SAI-2048x925.jpg 2048w\" sizes=\"auto, (max-width: 2560px) 100vw, 2560px\" \/>\t\t\t\t\t\t\t<\/a>\n\t\t\t\t\t\t\t\t\t\t\t\t<div class=\"related-our-work-block__our-work-content\">\n\t\t\t\t\t\t\t\t\t\t\t\t\t\t\t<a href=\"https:\/\/idi.no\/es\/our-work\/initiative\/leg-sai-salvaguardar-los-marcos-legales-de-las-efs\/\">\n\t\t\t\t\t\t\t\t\t<h4 class=\"related-our-work-block__our-work-title\">\n\t\t\t\t\t\t\t\t\t\t\tLEG SAI: salvaguardar los marcos legales de las EFS\t\t\t\t\t\t\t\t\t<\/h4>\n\t\t\t\t\t\t\t\t<\/a>\n\t\t\t\t\t\t\t\n\t\t\t\t\t\t\t\t\t\t\t\t\t\t<a href=\"https:\/\/idi.no\/es\/our-work\/initiative\/leg-sai-salvaguardar-los-marcos-legales-de-las-efs\/\" class=\"related-our-work-block__our-work-link\">\n\t\t\t\t\t\t\t\t<span class=\"related-our-work-block__our-work-link-text\">Learn more<\/span>\n\t\t\t\t\t\t\t\t<span class=\"related-our-work-block__our-work-link-arrow\"><\/span>\n\t\t\t\t\t\t\t<\/a>\n\t\t\t\t\t\t<\/div>\n\n\t\t\t\t\t<\/div>\n\t\t\t\t\t\t\t\t\t<div class=\"related-our-work-block__our-work-item\">\n\n\t\t\t\t\t\t\t\t\t\t\t<a \thref=\"https:\/\/idi.no\/es\/our-work\/initiative\/proyecto-global-sobre-la-independencia-de-las-efs\/\" \n\t\t\t\t\t\t\tclass=\"related-our-work-block__our-work-full-card-link\"\n\t\t\t\t\t\t\tdata-uw-ignore-s3\n\t\t\t\t\t\t><\/a>\n\t\t\t\t\t\t\t\t\t\t\t\t\t<a href=\"https:\/\/idi.no\/es\/our-work\/initiative\/proyecto-global-sobre-la-independencia-de-las-efs\/\" class=\"related-our-work-block__our-work-image\">\n\t\t\t\t\t\t\t\t<div class=\"related-our-work-block__our-work-image-background\"><\/div>\n\t\t\t\t\t\t\t\t<img loading=\"lazy\" decoding=\"async\" width=\"2560\" height=\"1019\" src=\"https:\/\/idi.no\/wp-content\/uploads\/2025\/10\/AdobeStock_1129149814-scaled.jpeg\" class=\"attachment-full size-full wp-post-image\" alt=\"\" srcset=\"https:\/\/idi.no\/wp-content\/uploads\/2025\/10\/AdobeStock_1129149814-scaled.jpeg 2560w, https:\/\/idi.no\/wp-content\/uploads\/2025\/10\/AdobeStock_1129149814-300x119.jpeg 300w, https:\/\/idi.no\/wp-content\/uploads\/2025\/10\/AdobeStock_1129149814-1024x408.jpeg 1024w, https:\/\/idi.no\/wp-content\/uploads\/2025\/10\/AdobeStock_1129149814-768x306.jpeg 768w, https:\/\/idi.no\/wp-content\/uploads\/2025\/10\/AdobeStock_1129149814-1536x612.jpeg 1536w, https:\/\/idi.no\/wp-content\/uploads\/2025\/10\/AdobeStock_1129149814-2048x815.jpeg 2048w\" sizes=\"auto, (max-width: 2560px) 100vw, 2560px\" \/>\t\t\t\t\t\t\t<\/a>\n\t\t\t\t\t\t\t\t\t\t\t\t<div class=\"related-our-work-block__our-work-content\">\n\t\t\t\t\t\t\t\t\t\t\t\t\t\t\t<a href=\"https:\/\/idi.no\/es\/our-work\/initiative\/proyecto-global-sobre-la-independencia-de-las-efs\/\">\n\t\t\t\t\t\t\t\t\t<h4 class=\"related-our-work-block__our-work-title\">\n\t\t\t\t\t\t\t\t\t\t\tProyecto global sobre la independencia de las EFS\t\t\t\t\t\t\t\t\t<\/h4>\n\t\t\t\t\t\t\t\t<\/a>\n\t\t\t\t\t\t\t\n\t\t\t\t\t\t\t\t\t\t\t\t\t\t<a href=\"https:\/\/idi.no\/es\/our-work\/initiative\/proyecto-global-sobre-la-independencia-de-las-efs\/\" class=\"related-our-work-block__our-work-link\">\n\t\t\t\t\t\t\t\t<span class=\"related-our-work-block__our-work-link-text\">Learn more<\/span>\n\t\t\t\t\t\t\t\t<span class=\"related-our-work-block__our-work-link-arrow\"><\/span>\n\t\t\t\t\t\t\t<\/a>\n\t\t\t\t\t\t<\/div>\n\n\t\t\t\t\t<\/div>\n\t\t\t\t\t\t\t\t\t<div class=\"related-our-work-block__our-work-item\">\n\n\t\t\t\t\t\t\t\t\t\t\t<a \thref=\"https:\/\/idi.no\/es\/our-work\/initiative\/cadre-gfp-fortalecimiento-de-la-colaboracion-la-accion-y-el-dialogo-con-las-entidades-fiscalizadoras-superiores-y-las-organizaciones-de-la-sociedad-civil\/\" \n\t\t\t\t\t\t\tclass=\"related-our-work-block__our-work-full-card-link\"\n\t\t\t\t\t\t\tdata-uw-ignore-s3\n\t\t\t\t\t\t><\/a>\n\t\t\t\t\t\t\t\t\t\t\t\t\t<a href=\"https:\/\/idi.no\/es\/our-work\/initiative\/cadre-gfp-fortalecimiento-de-la-colaboracion-la-accion-y-el-dialogo-con-las-entidades-fiscalizadoras-superiores-y-las-organizaciones-de-la-sociedad-civil\/\" class=\"related-our-work-block__our-work-image\">\n\t\t\t\t\t\t\t\t<div class=\"related-our-work-block__our-work-image-background\"><\/div>\n\t\t\t\t\t\t\t\t<img loading=\"lazy\" decoding=\"async\" width=\"2560\" height=\"1156\" src=\"https:\/\/idi.no\/wp-content\/uploads\/2025\/09\/Initiative-Hero-CADRE.jpg\" class=\"attachment-full size-full wp-post-image\" alt=\"\" srcset=\"https:\/\/idi.no\/wp-content\/uploads\/2025\/09\/Initiative-Hero-CADRE.jpg 2560w, https:\/\/idi.no\/wp-content\/uploads\/2025\/09\/Initiative-Hero-CADRE-300x135.jpg 300w, https:\/\/idi.no\/wp-content\/uploads\/2025\/09\/Initiative-Hero-CADRE-1024x462.jpg 1024w, https:\/\/idi.no\/wp-content\/uploads\/2025\/09\/Initiative-Hero-CADRE-768x347.jpg 768w, https:\/\/idi.no\/wp-content\/uploads\/2025\/09\/Initiative-Hero-CADRE-1536x694.jpg 1536w, https:\/\/idi.no\/wp-content\/uploads\/2025\/09\/Initiative-Hero-CADRE-2048x925.jpg 2048w\" sizes=\"auto, (max-width: 2560px) 100vw, 2560px\" \/>\t\t\t\t\t\t\t<\/a>\n\t\t\t\t\t\t\t\t\t\t\t\t<div class=\"related-our-work-block__our-work-content\">\n\t\t\t\t\t\t\t\t\t\t\t\t\t\t\t<a href=\"https:\/\/idi.no\/es\/our-work\/initiative\/cadre-gfp-fortalecimiento-de-la-colaboracion-la-accion-y-el-dialogo-con-las-entidades-fiscalizadoras-superiores-y-las-organizaciones-de-la-sociedad-civil\/\">\n\t\t\t\t\t\t\t\t\t<h4 class=\"related-our-work-block__our-work-title\">\n\t\t\t\t\t\t\t\t\t\t\tCADRE GFP: fortalecimiento de la colaboraci\u00f3n, la acci\u00f3n y el di\u00e1logo con las entidades fiscalizadoras superiores y las organizaciones de la sociedad civil\t\t\t\t\t\t\t\t\t<\/h4>\n\t\t\t\t\t\t\t\t<\/a>\n\t\t\t\t\t\t\t\n\t\t\t\t\t\t\t\t\t\t\t\t\t\t<a href=\"https:\/\/idi.no\/es\/our-work\/initiative\/cadre-gfp-fortalecimiento-de-la-colaboracion-la-accion-y-el-dialogo-con-las-entidades-fiscalizadoras-superiores-y-las-organizaciones-de-la-sociedad-civil\/\" class=\"related-our-work-block__our-work-link\">\n\t\t\t\t\t\t\t\t<span class=\"related-our-work-block__our-work-link-text\">Learn more<\/span>\n\t\t\t\t\t\t\t\t<span class=\"related-our-work-block__our-work-link-arrow\"><\/span>\n\t\t\t\t\t\t\t<\/a>\n\t\t\t\t\t\t<\/div>\n\n\t\t\t\t\t<\/div>\n\t\t\t\t\t\t\t\t\t<div class=\"related-our-work-block__our-work-item\">\n\n\t\t\t\t\t\t\t\t\t\t\t<a \thref=\"https:\/\/idi.no\/es\/our-work\/initiative\/siram-mecanismo-de-promocion-rapida-de-la-independencia-de-las-efs\/\" \n\t\t\t\t\t\t\tclass=\"related-our-work-block__our-work-full-card-link\"\n\t\t\t\t\t\t\tdata-uw-ignore-s3\n\t\t\t\t\t\t><\/a>\n\t\t\t\t\t\t\t\t\t\t\t\t\t<a href=\"https:\/\/idi.no\/es\/our-work\/initiative\/siram-mecanismo-de-promocion-rapida-de-la-independencia-de-las-efs\/\" class=\"related-our-work-block__our-work-image\">\n\t\t\t\t\t\t\t\t<div class=\"related-our-work-block__our-work-image-background\"><\/div>\n\t\t\t\t\t\t\t\t<img loading=\"lazy\" decoding=\"async\" width=\"2560\" height=\"1156\" src=\"https:\/\/idi.no\/wp-content\/uploads\/2025\/08\/SIRAM-HERO.jpg\" class=\"attachment-full size-full wp-post-image\" alt=\"\" srcset=\"https:\/\/idi.no\/wp-content\/uploads\/2025\/08\/SIRAM-HERO.jpg 2560w, https:\/\/idi.no\/wp-content\/uploads\/2025\/08\/SIRAM-HERO-300x135.jpg 300w, https:\/\/idi.no\/wp-content\/uploads\/2025\/08\/SIRAM-HERO-1024x462.jpg 1024w, https:\/\/idi.no\/wp-content\/uploads\/2025\/08\/SIRAM-HERO-768x347.jpg 768w, https:\/\/idi.no\/wp-content\/uploads\/2025\/08\/SIRAM-HERO-1536x694.jpg 1536w, https:\/\/idi.no\/wp-content\/uploads\/2025\/08\/SIRAM-HERO-2048x925.jpg 2048w\" sizes=\"auto, (max-width: 2560px) 100vw, 2560px\" \/>\t\t\t\t\t\t\t<\/a>\n\t\t\t\t\t\t\t\t\t\t\t\t<div class=\"related-our-work-block__our-work-content\">\n\t\t\t\t\t\t\t\t\t\t\t\t\t\t\t<a href=\"https:\/\/idi.no\/es\/our-work\/initiative\/siram-mecanismo-de-promocion-rapida-de-la-independencia-de-las-efs\/\">\n\t\t\t\t\t\t\t\t\t<h4 class=\"related-our-work-block__our-work-title\">\n\t\t\t\t\t\t\t\t\t\t\tSIRAM &#8211; Mecanismo de promoci\u00f3n r\u00e1pida de la independencia de las EFS\t\t\t\t\t\t\t\t\t<\/h4>\n\t\t\t\t\t\t\t\t<\/a>\n\t\t\t\t\t\t\t\n\t\t\t\t\t\t\t\t\t\t\t\t\t\t<a href=\"https:\/\/idi.no\/es\/our-work\/initiative\/siram-mecanismo-de-promocion-rapida-de-la-independencia-de-las-efs\/\" class=\"related-our-work-block__our-work-link\">\n\t\t\t\t\t\t\t\t<span class=\"related-our-work-block__our-work-link-text\">Learn more<\/span>\n\t\t\t\t\t\t\t\t<span class=\"related-our-work-block__our-work-link-arrow\"><\/span>\n\t\t\t\t\t\t\t<\/a>\n\t\t\t\t\t\t<\/div>\n\n\t\t\t\t\t<\/div>\n\t\t\t\t\t\t\t<\/div>\n\t\t\t<\/div>\n<\/div>\n\n<div  class=\"videos-block \" >\n\t<div class=\"videos-block__container container\">\n\t\t\t\t\t<h2 class=\"videos-block__title\">\n\t\t\t\tPara obtener m\u00e1s informaci\u00f3n sobre la independencia de las EFS, vea nuestro video:\t\t\t<\/h2>\n\t\t\t\t<div class=\"videos-block__videos\">\n\n\t\t\t\t\t\t\t\t\t\t\t\t<div class=\"videos-block__video-container\">\n\t\t\t\t\t\t<div class=\"videos-block__media\">\n\t\t\t\t\t\t\t\t\t\t\t\t\t\t\t\t\t\t\t\t\t<div class=\"videos-block__poster\">\n\t\t\t\t\t\t\t\t\t<img decoding=\"async\" src=\"https:\/\/idi.no\/wp-content\/uploads\/2025\/08\/maxresdefault.jpg\" alt=\"video preview image\">\n\t\t\t\t\t\t\t\t\t<div class=\"videos-block__video-background\"><\/div>\n\t\t\t\t\t\t\t\t\t<div class=\"videos-block__poster-play-wrapper\">\n\t\t\t\t\t\t\t\t\t\t<button class=\"videos-block__poster-play\" aria-label=\"Play video\">\n\t\t\t\t\t\t\t\t\t\t\t<img decoding=\"async\" src=\"https:\/\/idi.no\/wp-content\/themes\/idi\/assets\/images\/icons\/play-icon.svg\" alt=\"Play video\">\n\t\t\t\t\t\t\t\t\t\t<\/button>\n\t\t\t\t\t\t\t\t\t<\/div>\n\t\t\t\t\t\t\t\t<\/div>\n\t\t\t\t\t\t\t\t\t\t\t\t\t\t\t\t\t\t\t\t\t\t<div class=\"videos-block__iframe-wrapper\" style=\"display: none;\">\n\t\t\t\t\t\t\t\t\t<iframe loading=\"lazy\" width=\"640\" height=\"360\" src=\"https:\/\/www.youtube.com\/embed\/2BsY1sXb3X4?feature=oembed&amp;controls=1&amp;hd=1&amp;autohide=1\" frameborder=\"0\" allowfullscreen><\/iframe>\t\t\t\t\t\t\t\t<\/div>\n\t\t\t\t\t\t\t\t\t\t\t\t\t\t\t\t\t\t\t<\/div>\n\t\t\t\t\t\t\t\t\t\t\t\t\t<h6 class=\"videos-block__title\">\n\t\t\t\t\t\t\t\tIngl\u00e9s\t\t\t\t\t\t\t<\/h6>\n\t\t\t\t\t\t\t\t\t\t\t<\/div>\n\t\t\t\t\t\t\t\t\t<div class=\"videos-block__video-container\">\n\t\t\t\t\t\t<div class=\"videos-block__media\">\n\t\t\t\t\t\t\t\t\t\t\t\t\t\t\t\t\t\t\t\t\t<div class=\"videos-block__poster\">\n\t\t\t\t\t\t\t\t\t<img decoding=\"async\" src=\"https:\/\/idi.no\/wp-content\/uploads\/2025\/08\/maxresdefault.jpg\" alt=\"video preview image\">\n\t\t\t\t\t\t\t\t\t<div class=\"videos-block__video-background\"><\/div>\n\t\t\t\t\t\t\t\t\t<div class=\"videos-block__poster-play-wrapper\">\n\t\t\t\t\t\t\t\t\t\t<button class=\"videos-block__poster-play\" aria-label=\"Play video\">\n\t\t\t\t\t\t\t\t\t\t\t<img decoding=\"async\" src=\"https:\/\/idi.no\/wp-content\/themes\/idi\/assets\/images\/icons\/play-icon.svg\" alt=\"Play video\">\n\t\t\t\t\t\t\t\t\t\t<\/button>\n\t\t\t\t\t\t\t\t\t<\/div>\n\t\t\t\t\t\t\t\t<\/div>\n\t\t\t\t\t\t\t\t\t\t\t\t\t\t\t\t\t\t\t\t\t\t<div class=\"videos-block__iframe-wrapper\" style=\"display: none;\">\n\t\t\t\t\t\t\t\t\t<iframe loading=\"lazy\" width=\"640\" height=\"360\" src=\"https:\/\/www.youtube.com\/embed\/TV7iPFJaNEo?feature=oembed&amp;controls=1&amp;hd=1&amp;autohide=1\" frameborder=\"0\" allowfullscreen><\/iframe>\t\t\t\t\t\t\t\t<\/div>\n\t\t\t\t\t\t\t\t\t\t\t\t\t\t\t\t\t\t\t<\/div>\n\t\t\t\t\t\t\t\t\t\t\t\t\t<h6 class=\"videos-block__title\">\n\t\t\t\t\t\t\t\tFranc\u00e9s\t\t\t\t\t\t\t<\/h6>\n\t\t\t\t\t\t\t\t\t\t\t<\/div>\n\t\t\t\t\t\t\t\t\t<div class=\"videos-block__video-container\">\n\t\t\t\t\t\t<div class=\"videos-block__media\">\n\t\t\t\t\t\t\t\t\t\t\t\t\t\t\t\t\t\t\t\t\t<div class=\"videos-block__poster\">\n\t\t\t\t\t\t\t\t\t<img decoding=\"async\" src=\"https:\/\/idi.no\/wp-content\/uploads\/2025\/08\/maxresdefault.jpg\" alt=\"video preview image\">\n\t\t\t\t\t\t\t\t\t<div class=\"videos-block__video-background\"><\/div>\n\t\t\t\t\t\t\t\t\t<div class=\"videos-block__poster-play-wrapper\">\n\t\t\t\t\t\t\t\t\t\t<button class=\"videos-block__poster-play\" aria-label=\"Play video\">\n\t\t\t\t\t\t\t\t\t\t\t<img decoding=\"async\" src=\"https:\/\/idi.no\/wp-content\/themes\/idi\/assets\/images\/icons\/play-icon.svg\" alt=\"Play video\">\n\t\t\t\t\t\t\t\t\t\t<\/button>\n\t\t\t\t\t\t\t\t\t<\/div>\n\t\t\t\t\t\t\t\t<\/div>\n\t\t\t\t\t\t\t\t\t\t\t\t\t\t\t\t\t\t\t\t\t\t<div class=\"videos-block__iframe-wrapper\" style=\"display: none;\">\n\t\t\t\t\t\t\t\t\t<iframe loading=\"lazy\" width=\"640\" height=\"360\" src=\"https:\/\/www.youtube.com\/embed\/7bliToRfgPQ?feature=oembed&amp;controls=1&amp;hd=1&amp;autohide=1\" frameborder=\"0\" allowfullscreen><\/iframe>\t\t\t\t\t\t\t\t<\/div>\n\t\t\t\t\t\t\t\t\t\t\t\t\t\t\t\t\t\t\t<\/div>\n\t\t\t\t\t\t\t\t\t\t\t\t\t<h6 class=\"videos-block__title\">\n\t\t\t\t\t\t\t\tEspa\u00f1ol\t\t\t\t\t\t\t<\/h6>\n\t\t\t\t\t\t\t\t\t\t\t<\/div>\n\t\t\t\t\t\t\t\t\t<div class=\"videos-block__video-container\">\n\t\t\t\t\t\t<div class=\"videos-block__media\">\n\t\t\t\t\t\t\t\t\t\t\t\t\t\t\t\t\t\t\t\t\t<div class=\"videos-block__poster\">\n\t\t\t\t\t\t\t\t\t<img decoding=\"async\" src=\"https:\/\/idi.no\/wp-content\/uploads\/2025\/08\/maxresdefault.jpg\" alt=\"video preview image\">\n\t\t\t\t\t\t\t\t\t<div class=\"videos-block__video-background\"><\/div>\n\t\t\t\t\t\t\t\t\t<div class=\"videos-block__poster-play-wrapper\">\n\t\t\t\t\t\t\t\t\t\t<button class=\"videos-block__poster-play\" aria-label=\"Play video\">\n\t\t\t\t\t\t\t\t\t\t\t<img decoding=\"async\" src=\"https:\/\/idi.no\/wp-content\/themes\/idi\/assets\/images\/icons\/play-icon.svg\" alt=\"Play video\">\n\t\t\t\t\t\t\t\t\t\t<\/button>\n\t\t\t\t\t\t\t\t\t<\/div>\n\t\t\t\t\t\t\t\t<\/div>\n\t\t\t\t\t\t\t\t\t\t\t\t\t\t\t\t\t\t\t\t\t\t<div class=\"videos-block__iframe-wrapper\" style=\"display: none;\">\n\t\t\t\t\t\t\t\t\t<iframe loading=\"lazy\" width=\"640\" height=\"360\" src=\"https:\/\/www.youtube.com\/embed\/cE1FbnYk3G4?feature=oembed&amp;controls=1&amp;hd=1&amp;autohide=1\" frameborder=\"0\" allowfullscreen><\/iframe>\t\t\t\t\t\t\t\t<\/div>\n\t\t\t\t\t\t\t\t\t\t\t\t\t\t\t\t\t\t\t<\/div>\n\t\t\t\t\t\t\t\t\t\t\t\t\t<h6 class=\"videos-block__title\">\n\t\t\t\t\t\t\t\t\u00c1rabe\t\t\t\t\t\t\t<\/h6>\n\t\t\t\t\t\t\t\t\t\t\t<\/div>\n\t\t\t\t\t\t\t\t\t<\/div>\n\t<\/div>\n<\/div>\n","protected":false},"excerpt":{"rendered":"","protected":false},"author":1,"featured_media":0,"parent":18267,"menu_order":0,"comment_status":"closed","ping_status":"closed","template":"","meta":{"footnotes":""},"class_list":["post-13604","page","type-page","status-publish","hentry"],"acf":[],"yoast_head":"<!-- This site is optimized with the Yoast SEO plugin v25.3 - https:\/\/yoast.com\/wordpress\/plugins\/seo\/ -->\n<title>Independencia - IDI<\/title>\n<meta name=\"robots\" content=\"index, follow, max-snippet:-1, max-image-preview:large, max-video-preview:-1\" \/>\n<link rel=\"canonical\" href=\"https:\/\/idi.no\/es\/our-work\/areas-de-interes\/independence\/\" \/>\n<meta property=\"og:locale\" content=\"es_ES\" \/>\n<meta property=\"og:type\" content=\"article\" \/>\n<meta property=\"og:title\" content=\"Independencia - IDI\" \/>\n<meta property=\"og:url\" content=\"https:\/\/idi.no\/es\/our-work\/areas-de-interes\/independence\/\" \/>\n<meta property=\"og:site_name\" content=\"IDI\" \/>\n<meta property=\"article:modified_time\" content=\"2025-11-12T22:41:21+00:00\" \/>\n<meta name=\"twitter:card\" content=\"summary_large_image\" \/>\n<script type=\"application\/ld+json\" class=\"yoast-schema-graph\">{\"@context\":\"https:\/\/schema.org\",\"@graph\":[{\"@type\":\"WebPage\",\"@id\":\"https:\/\/idi.no\/es\/our-work\/areas-de-interes\/independence\/\",\"url\":\"https:\/\/idi.no\/es\/our-work\/areas-de-interes\/independence\/\",\"name\":\"Independencia - IDI\",\"isPartOf\":{\"@id\":\"https:\/\/idi.no\/es\/#website\"},\"datePublished\":\"2025-06-10T19:31:04+00:00\",\"dateModified\":\"2025-11-12T22:41:21+00:00\",\"breadcrumb\":{\"@id\":\"https:\/\/idi.no\/es\/our-work\/areas-de-interes\/independence\/#breadcrumb\"},\"inLanguage\":\"es\",\"potentialAction\":[{\"@type\":\"ReadAction\",\"target\":[\"https:\/\/idi.no\/es\/our-work\/areas-de-interes\/independence\/\"]}]},{\"@type\":\"BreadcrumbList\",\"@id\":\"https:\/\/idi.no\/es\/our-work\/areas-de-interes\/independence\/#breadcrumb\",\"itemListElement\":[{\"@type\":\"ListItem\",\"position\":1,\"name\":\"Home\",\"item\":\"https:\/\/idi.no\/es\/\"},{\"@type\":\"ListItem\",\"position\":2,\"name\":\"Nuestro Trabajo\",\"item\":\"https:\/\/idi.no\/es\/our-work\/\"},{\"@type\":\"ListItem\",\"position\":3,\"name\":\"\u00c1reas de Inter\u00e9s\",\"item\":\"https:\/\/idi.no\/es\/our-work\/areas-de-interes\/\"},{\"@type\":\"ListItem\",\"position\":4,\"name\":\"Independencia\"}]},{\"@type\":\"WebSite\",\"@id\":\"https:\/\/idi.no\/es\/#website\",\"url\":\"https:\/\/idi.no\/es\/\",\"name\":\"IDI\",\"description\":\"\",\"potentialAction\":[{\"@type\":\"SearchAction\",\"target\":{\"@type\":\"EntryPoint\",\"urlTemplate\":\"https:\/\/idi.no\/es\/?s={search_term_string}\"},\"query-input\":{\"@type\":\"PropertyValueSpecification\",\"valueRequired\":true,\"valueName\":\"search_term_string\"}}],\"inLanguage\":\"es\"}]}<\/script>\n<!-- \/ Yoast SEO plugin. -->","yoast_head_json":{"title":"Independencia - IDI","robots":{"index":"index","follow":"follow","max-snippet":"max-snippet:-1","max-image-preview":"max-image-preview:large","max-video-preview":"max-video-preview:-1"},"canonical":"https:\/\/idi.no\/es\/our-work\/areas-de-interes\/independence\/","og_locale":"es_ES","og_type":"article","og_title":"Independencia - IDI","og_url":"https:\/\/idi.no\/es\/our-work\/areas-de-interes\/independence\/","og_site_name":"IDI","article_modified_time":"2025-11-12T22:41:21+00:00","twitter_card":"summary_large_image","schema":{"@context":"https:\/\/schema.org","@graph":[{"@type":"WebPage","@id":"https:\/\/idi.no\/es\/our-work\/areas-de-interes\/independence\/","url":"https:\/\/idi.no\/es\/our-work\/areas-de-interes\/independence\/","name":"Independencia - IDI","isPartOf":{"@id":"https:\/\/idi.no\/es\/#website"},"datePublished":"2025-06-10T19:31:04+00:00","dateModified":"2025-11-12T22:41:21+00:00","breadcrumb":{"@id":"https:\/\/idi.no\/es\/our-work\/areas-de-interes\/independence\/#breadcrumb"},"inLanguage":"es","potentialAction":[{"@type":"ReadAction","target":["https:\/\/idi.no\/es\/our-work\/areas-de-interes\/independence\/"]}]},{"@type":"BreadcrumbList","@id":"https:\/\/idi.no\/es\/our-work\/areas-de-interes\/independence\/#breadcrumb","itemListElement":[{"@type":"ListItem","position":1,"name":"Home","item":"https:\/\/idi.no\/es\/"},{"@type":"ListItem","position":2,"name":"Nuestro Trabajo","item":"https:\/\/idi.no\/es\/our-work\/"},{"@type":"ListItem","position":3,"name":"\u00c1reas de Inter\u00e9s","item":"https:\/\/idi.no\/es\/our-work\/areas-de-interes\/"},{"@type":"ListItem","position":4,"name":"Independencia"}]},{"@type":"WebSite","@id":"https:\/\/idi.no\/es\/#website","url":"https:\/\/idi.no\/es\/","name":"IDI","description":"","potentialAction":[{"@type":"SearchAction","target":{"@type":"EntryPoint","urlTemplate":"https:\/\/idi.no\/es\/?s={search_term_string}"},"query-input":{"@type":"PropertyValueSpecification","valueRequired":true,"valueName":"search_term_string"}}],"inLanguage":"es"}]}},"_links":{"self":[{"href":"https:\/\/idi.no\/es\/wp-json\/wp\/v2\/pages\/13604","targetHints":{"allow":["GET"]}}],"collection":[{"href":"https:\/\/idi.no\/es\/wp-json\/wp\/v2\/pages"}],"about":[{"href":"https:\/\/idi.no\/es\/wp-json\/wp\/v2\/types\/page"}],"author":[{"embeddable":true,"href":"https:\/\/idi.no\/es\/wp-json\/wp\/v2\/users\/1"}],"replies":[{"embeddable":true,"href":"https:\/\/idi.no\/es\/wp-json\/wp\/v2\/comments?post=13604"}],"version-history":[{"count":9,"href":"https:\/\/idi.no\/es\/wp-json\/wp\/v2\/pages\/13604\/revisions"}],"predecessor-version":[{"id":27844,"href":"https:\/\/idi.no\/es\/wp-json\/wp\/v2\/pages\/13604\/revisions\/27844"}],"up":[{"embeddable":true,"href":"https:\/\/idi.no\/es\/wp-json\/wp\/v2\/pages\/18267"}],"wp:attachment":[{"href":"https:\/\/idi.no\/es\/wp-json\/wp\/v2\/media?parent=13604"}],"curies":[{"name":"wp","href":"https:\/\/api.w.org\/{rel}","templated":true}]}}