{"id":13620,"date":"2025-06-10T19:31:17","date_gmt":"2025-06-10T19:31:17","guid":{"rendered":"https:\/\/idi.no\/our-work\/professional-development\/"},"modified":"2025-11-12T22:37:32","modified_gmt":"2025-11-12T22:37:32","slug":"professional-development","status":"publish","type":"page","link":"https:\/\/idi.no\/es\/our-work\/areas-de-interes\/professional-development\/","title":{"rendered":"Desarrollo Profesional"},"content":{"rendered":"\n<div  class=\"hero-block \" >\n\t<div class=\"hero-block__container container\">\n\t\t<div class=\"hero-block__content\">\n\t\t\t\t\t\t\t<div class=\"hero-block__breadcrumbs breadcrumbs\">\n\t\t\t\t\t<span><span><a href=\"https:\/\/idi.no\/es\/\">Home<\/a><\/span><\/span>\t\t\t\t<\/div>\n\t\t\t\t\t\t\t\t\t\t<h1 class=\"hero-block__title\">\n\t\t\t\t\tDesarrollo Profesional\t\t\t\t<\/h1>\n\t\t\t\t\t\t\t\t\t\n\t\t<\/div>\n\t\t\t<\/div>\n<\/div>\n\r\n<div  class=\"text-only-block text-only-block__white-background text-only-block__text-only\"> <!-- Removed undefined $style (before: echoed $style) -->\r\n    <div class=\"text-only-block__container container\">\r\n                    <div class=\"text-only-block__content\">\r\n                                                    <div class=\"text-only-block__subtitle lede\">Los auditores profesionales del sector p\u00fablico generan credibilidad, confianza e impacto a largo plazo.<\/div>\r\n                                                    <div class=\"text-only-block__description\"><p><span data-contrast=\"auto\">La actividad principal de las Entidades Fiscalizadoras Superiores (EFS) es auditar el sector p\u00fablico. En IDI, trabajamos en estrecha colaboraci\u00f3n con las EFS de todo el mundo para ayudarles a llevar a cabo auditor\u00edas financieras, de cumplimiento y de desempe\u00f1o significativas y de alta calidad para apoyar una gesti\u00f3n financiera p\u00fablica s\u00f3lida para los gobiernos. Con este apoyo, los auditores de las EFS fortalecen sus competencias de auditor\u00eda, avanzan en sus carreras profesionales y contribuyen a generar impacto y agregar valor p\u00fablico para las sociedades de sus pa\u00edses.  <\/span><span data-ccp-props=\"{}\"> <\/span><\/p>\n<p><span data-contrast=\"auto\">La base del apoyo de IDI a las EFS para proporcionar desarrollo profesional para las pr\u00e1cticas de auditor\u00eda se basa en las Normas Internacionales para las Entidades Fiscalizadoras Superiores (ISSAI). Nuestro trabajo se gu\u00eda por estas normas y estamos comprometidos a ayudar a las EFS de todo el mundo a cumplirlas. <\/span><span data-ccp-props=\"{}\"> <\/span><\/p>\n<\/div>\r\n                                \r\n                <!-- New: Wrap all buttons in __button-list for consistency with working block -->\r\n                <div class=\"text-only-block__button-list\">\r\n                    \r\n                                    <\/div>\r\n            <\/div>\r\n        \r\n        \r\n        \r\n            <\/div>\r\n<\/div>\n<div  class=\"related-our-work-block  block-style_light block_background_azul \" >\t\n<!-- <div class=\"circle__decoration\">\n    <img decoding=\"async\" src=\"https:\/\/idi.no\/wp-content\/themes\/idi\/assets\/images\/circle_decoration.png\" alt=\"circle decoration\">\n<\/div>       -->\n<div class=\"related-our-work-block__container container\">\n\t\t\n\t\t\t\t\t<div class=\"related-our-work-block__our-works\">\n\t\t\t\t\t\t\t\t\t<div class=\"related-our-work-block__our-work-item\">\n\n\t\t\t\t\t\t\t\t\t\t\t<a \thref=\"https:\/\/idi.no\/es\/our-work\/initiative\/innovaciones-de-efs\/\" \n\t\t\t\t\t\t\tclass=\"related-our-work-block__our-work-full-card-link\"\n\t\t\t\t\t\t\tdata-uw-ignore-s3\n\t\t\t\t\t\t><\/a>\n\t\t\t\t\t\t\t\t\t\t\t\t\t<a href=\"https:\/\/idi.no\/es\/our-work\/initiative\/innovaciones-de-efs\/\" class=\"related-our-work-block__our-work-image\">\n\t\t\t\t\t\t\t\t<div class=\"related-our-work-block__our-work-image-background\"><\/div>\n\t\t\t\t\t\t\t\t<img loading=\"lazy\" decoding=\"async\" width=\"2560\" height=\"1156\" src=\"https:\/\/idi.no\/wp-content\/uploads\/2025\/08\/SAI-Innovations.jpg\" class=\"attachment-full size-full wp-post-image\" alt=\"\" srcset=\"https:\/\/idi.no\/wp-content\/uploads\/2025\/08\/SAI-Innovations.jpg 2560w, https:\/\/idi.no\/wp-content\/uploads\/2025\/08\/SAI-Innovations-300x135.jpg 300w, https:\/\/idi.no\/wp-content\/uploads\/2025\/08\/SAI-Innovations-1024x462.jpg 1024w, https:\/\/idi.no\/wp-content\/uploads\/2025\/08\/SAI-Innovations-768x347.jpg 768w, https:\/\/idi.no\/wp-content\/uploads\/2025\/08\/SAI-Innovations-1536x694.jpg 1536w, https:\/\/idi.no\/wp-content\/uploads\/2025\/08\/SAI-Innovations-2048x925.jpg 2048w\" sizes=\"auto, (max-width: 2560px) 100vw, 2560px\" \/>\t\t\t\t\t\t\t<\/a>\n\t\t\t\t\t\t\t\t\t\t\t\t<div class=\"related-our-work-block__our-work-content\">\n\t\t\t\t\t\t\t\t\t\t\t\t\t\t\t<a href=\"https:\/\/idi.no\/es\/our-work\/initiative\/innovaciones-de-efs\/\">\n\t\t\t\t\t\t\t\t\t<h4 class=\"related-our-work-block__our-work-title\">\n\t\t\t\t\t\t\t\t\t\t\tInnovaciones de EFS\t\t\t\t\t\t\t\t\t<\/h4>\n\t\t\t\t\t\t\t\t<\/a>\n\t\t\t\t\t\t\t\n\t\t\t\t\t\t\t\t\t\t\t\t\t\t<a href=\"https:\/\/idi.no\/es\/our-work\/initiative\/innovaciones-de-efs\/\" class=\"related-our-work-block__our-work-link\">\n\t\t\t\t\t\t\t\t<span class=\"related-our-work-block__our-work-link-text\">Learn more<\/span>\n\t\t\t\t\t\t\t\t<span class=\"related-our-work-block__our-work-link-arrow\"><\/span>\n\t\t\t\t\t\t\t<\/a>\n\t\t\t\t\t\t<\/div>\n\n\t\t\t\t\t<\/div>\n\t\t\t\t\t\t\t\t\t<div class=\"related-our-work-block__our-work-item\">\n\n\t\t\t\t\t\t\t\t\t\t\t<a \thref=\"https:\/\/idi.no\/es\/our-work\/initiative\/pesa-formacion-profesional-para-auditores-de-efs\/\" \n\t\t\t\t\t\t\tclass=\"related-our-work-block__our-work-full-card-link\"\n\t\t\t\t\t\t\tdata-uw-ignore-s3\n\t\t\t\t\t\t><\/a>\n\t\t\t\t\t\t\t\t\t\t\t\t\t<a href=\"https:\/\/idi.no\/es\/our-work\/initiative\/pesa-formacion-profesional-para-auditores-de-efs\/\" class=\"related-our-work-block__our-work-image\">\n\t\t\t\t\t\t\t\t<div class=\"related-our-work-block__our-work-image-background\"><\/div>\n\t\t\t\t\t\t\t\t<img loading=\"lazy\" decoding=\"async\" width=\"2560\" height=\"1156\" src=\"https:\/\/idi.no\/wp-content\/uploads\/2025\/09\/PESA-NEW-HERO.jpg\" class=\"attachment-full size-full wp-post-image\" alt=\"\" srcset=\"https:\/\/idi.no\/wp-content\/uploads\/2025\/09\/PESA-NEW-HERO.jpg 2560w, https:\/\/idi.no\/wp-content\/uploads\/2025\/09\/PESA-NEW-HERO-300x135.jpg 300w, https:\/\/idi.no\/wp-content\/uploads\/2025\/09\/PESA-NEW-HERO-1024x462.jpg 1024w, https:\/\/idi.no\/wp-content\/uploads\/2025\/09\/PESA-NEW-HERO-768x347.jpg 768w, https:\/\/idi.no\/wp-content\/uploads\/2025\/09\/PESA-NEW-HERO-1536x694.jpg 1536w, https:\/\/idi.no\/wp-content\/uploads\/2025\/09\/PESA-NEW-HERO-2048x925.jpg 2048w\" sizes=\"auto, (max-width: 2560px) 100vw, 2560px\" \/>\t\t\t\t\t\t\t<\/a>\n\t\t\t\t\t\t\t\t\t\t\t\t<div class=\"related-our-work-block__our-work-content\">\n\t\t\t\t\t\t\t\t\t\t\t\t\t\t\t<a href=\"https:\/\/idi.no\/es\/our-work\/initiative\/pesa-formacion-profesional-para-auditores-de-efs\/\">\n\t\t\t\t\t\t\t\t\t<h4 class=\"related-our-work-block__our-work-title\">\n\t\t\t\t\t\t\t\t\t\t\tPESA &#8211; Cualificaci\u00f3n profesional de los auditores de las EFS\t\t\t\t\t\t\t\t\t<\/h4>\n\t\t\t\t\t\t\t\t<\/a>\n\t\t\t\t\t\t\t\n\t\t\t\t\t\t\t\t\t\t\t\t\t\t<a href=\"https:\/\/idi.no\/es\/our-work\/initiative\/pesa-formacion-profesional-para-auditores-de-efs\/\" class=\"related-our-work-block__our-work-link\">\n\t\t\t\t\t\t\t\t<span class=\"related-our-work-block__our-work-link-text\">Learn more<\/span>\n\t\t\t\t\t\t\t\t<span class=\"related-our-work-block__our-work-link-arrow\"><\/span>\n\t\t\t\t\t\t\t<\/a>\n\t\t\t\t\t\t<\/div>\n\n\t\t\t\t\t<\/div>\n\t\t\t\t\t\t\t\t\t<div class=\"related-our-work-block__our-work-item\">\n\n\t\t\t\t\t\t\t\t\t\t\t<a \thref=\"https:\/\/idi.no\/es\/our-work\/initiative\/aqm-certificado-de-especialista-en-gestion-de-la-calidad-de-la-auditoria\/\" \n\t\t\t\t\t\t\tclass=\"related-our-work-block__our-work-full-card-link\"\n\t\t\t\t\t\t\tdata-uw-ignore-s3\n\t\t\t\t\t\t><\/a>\n\t\t\t\t\t\t\t\t\t\t\t\t\t<a href=\"https:\/\/idi.no\/es\/our-work\/initiative\/aqm-certificado-de-especialista-en-gestion-de-la-calidad-de-la-auditoria\/\" class=\"related-our-work-block__our-work-image\">\n\t\t\t\t\t\t\t\t<div class=\"related-our-work-block__our-work-image-background\"><\/div>\n\t\t\t\t\t\t\t\t<img loading=\"lazy\" decoding=\"async\" width=\"2560\" height=\"1156\" src=\"https:\/\/idi.no\/wp-content\/uploads\/2025\/09\/Initiative-Hero-2-@2x-2.jpg\" class=\"attachment-full size-full wp-post-image\" alt=\"\" srcset=\"https:\/\/idi.no\/wp-content\/uploads\/2025\/09\/Initiative-Hero-2-@2x-2.jpg 2560w, https:\/\/idi.no\/wp-content\/uploads\/2025\/09\/Initiative-Hero-2-@2x-2-300x135.jpg 300w, https:\/\/idi.no\/wp-content\/uploads\/2025\/09\/Initiative-Hero-2-@2x-2-1024x462.jpg 1024w, https:\/\/idi.no\/wp-content\/uploads\/2025\/09\/Initiative-Hero-2-@2x-2-768x347.jpg 768w, https:\/\/idi.no\/wp-content\/uploads\/2025\/09\/Initiative-Hero-2-@2x-2-1536x694.jpg 1536w, https:\/\/idi.no\/wp-content\/uploads\/2025\/09\/Initiative-Hero-2-@2x-2-2048x925.jpg 2048w\" sizes=\"auto, (max-width: 2560px) 100vw, 2560px\" \/>\t\t\t\t\t\t\t<\/a>\n\t\t\t\t\t\t\t\t\t\t\t\t<div class=\"related-our-work-block__our-work-content\">\n\t\t\t\t\t\t\t\t\t\t\t\t\t\t\t<a href=\"https:\/\/idi.no\/es\/our-work\/initiative\/aqm-certificado-de-especialista-en-gestion-de-la-calidad-de-la-auditoria\/\">\n\t\t\t\t\t\t\t\t\t<h4 class=\"related-our-work-block__our-work-title\">\n\t\t\t\t\t\t\t\t\t\t\tAQM &#8211; Certificado de especialista en gesti\u00f3n de la calidad de la auditor\u00eda\t\t\t\t\t\t\t\t\t<\/h4>\n\t\t\t\t\t\t\t\t<\/a>\n\t\t\t\t\t\t\t\n\t\t\t\t\t\t\t\t\t\t\t\t\t\t<a href=\"https:\/\/idi.no\/es\/our-work\/initiative\/aqm-certificado-de-especialista-en-gestion-de-la-calidad-de-la-auditoria\/\" class=\"related-our-work-block__our-work-link\">\n\t\t\t\t\t\t\t\t<span class=\"related-our-work-block__our-work-link-text\">Learn more<\/span>\n\t\t\t\t\t\t\t\t<span class=\"related-our-work-block__our-work-link-arrow\"><\/span>\n\t\t\t\t\t\t\t<\/a>\n\t\t\t\t\t\t<\/div>\n\n\t\t\t\t\t<\/div>\n\t\t\t\t\t\t\t\t\t<div class=\"related-our-work-block__our-work-item\">\n\n\t\t\t\t\t\t\t\t\t\t\t<a \thref=\"https:\/\/idi.no\/es\/our-work\/initiative\/centro-para-profesionales-de-auditoria-de-las-efs\/\" \n\t\t\t\t\t\t\tclass=\"related-our-work-block__our-work-full-card-link\"\n\t\t\t\t\t\t\tdata-uw-ignore-s3\n\t\t\t\t\t\t><\/a>\n\t\t\t\t\t\t\t\t\t\t\t\t\t<a href=\"https:\/\/idi.no\/es\/our-work\/initiative\/centro-para-profesionales-de-auditoria-de-las-efs\/\" class=\"related-our-work-block__our-work-image\">\n\t\t\t\t\t\t\t\t<div class=\"related-our-work-block__our-work-image-background\"><\/div>\n\t\t\t\t\t\t\t\t<img loading=\"lazy\" decoding=\"async\" width=\"2560\" height=\"1279\" src=\"https:\/\/idi.no\/wp-content\/uploads\/2025\/08\/intricate-rings-tree-trunk-tell-story-age-with-warm-russet-center-scaled.jpg\" class=\"attachment-full size-full wp-post-image\" alt=\"\" srcset=\"https:\/\/idi.no\/wp-content\/uploads\/2025\/08\/intricate-rings-tree-trunk-tell-story-age-with-warm-russet-center-scaled.jpg 2560w, https:\/\/idi.no\/wp-content\/uploads\/2025\/08\/intricate-rings-tree-trunk-tell-story-age-with-warm-russet-center-300x150.jpg 300w, https:\/\/idi.no\/wp-content\/uploads\/2025\/08\/intricate-rings-tree-trunk-tell-story-age-with-warm-russet-center-1024x512.jpg 1024w, https:\/\/idi.no\/wp-content\/uploads\/2025\/08\/intricate-rings-tree-trunk-tell-story-age-with-warm-russet-center-768x384.jpg 768w, https:\/\/idi.no\/wp-content\/uploads\/2025\/08\/intricate-rings-tree-trunk-tell-story-age-with-warm-russet-center-1536x768.jpg 1536w, https:\/\/idi.no\/wp-content\/uploads\/2025\/08\/intricate-rings-tree-trunk-tell-story-age-with-warm-russet-center-2048x1024.jpg 2048w\" sizes=\"auto, (max-width: 2560px) 100vw, 2560px\" \/>\t\t\t\t\t\t\t<\/a>\n\t\t\t\t\t\t\t\t\t\t\t\t<div class=\"related-our-work-block__our-work-content\">\n\t\t\t\t\t\t\t\t\t\t\t\t\t\t\t<a href=\"https:\/\/idi.no\/es\/our-work\/initiative\/centro-para-profesionales-de-auditoria-de-las-efs\/\">\n\t\t\t\t\t\t\t\t\t<h4 class=\"related-our-work-block__our-work-title\">\n\t\t\t\t\t\t\t\t\t\t\tCentro para profesionales de auditor\u00eda de las EFS\t\t\t\t\t\t\t\t\t<\/h4>\n\t\t\t\t\t\t\t\t<\/a>\n\t\t\t\t\t\t\t\n\t\t\t\t\t\t\t\t\t\t\t\t\t\t<a href=\"https:\/\/idi.no\/es\/our-work\/initiative\/centro-para-profesionales-de-auditoria-de-las-efs\/\" class=\"related-our-work-block__our-work-link\">\n\t\t\t\t\t\t\t\t<span class=\"related-our-work-block__our-work-link-text\">Learn more<\/span>\n\t\t\t\t\t\t\t\t<span class=\"related-our-work-block__our-work-link-arrow\"><\/span>\n\t\t\t\t\t\t\t<\/a>\n\t\t\t\t\t\t<\/div>\n\n\t\t\t\t\t<\/div>\n\t\t\t\t\t\t\t<\/div>\n\t\t\t<\/div>\n<\/div>\n","protected":false},"excerpt":{"rendered":"","protected":false},"author":1,"featured_media":0,"parent":18267,"menu_order":0,"comment_status":"closed","ping_status":"closed","template":"","meta":{"footnotes":""},"class_list":["post-13620","page","type-page","status-publish","hentry"],"acf":[],"yoast_head":"<!-- This site is optimized with the Yoast SEO plugin v25.3 - https:\/\/yoast.com\/wordpress\/plugins\/seo\/ -->\n<title>Desarrollo Profesional - IDI<\/title>\n<meta name=\"robots\" content=\"index, follow, max-snippet:-1, max-image-preview:large, max-video-preview:-1\" \/>\n<link rel=\"canonical\" href=\"https:\/\/idi.no\/es\/our-work\/areas-de-interes\/professional-development\/\" \/>\n<meta property=\"og:locale\" content=\"es_ES\" \/>\n<meta property=\"og:type\" content=\"article\" \/>\n<meta property=\"og:title\" content=\"Desarrollo Profesional - IDI\" \/>\n<meta property=\"og:url\" content=\"https:\/\/idi.no\/es\/our-work\/areas-de-interes\/professional-development\/\" \/>\n<meta property=\"og:site_name\" content=\"IDI\" \/>\n<meta property=\"article:modified_time\" content=\"2025-11-12T22:37:32+00:00\" \/>\n<meta name=\"twitter:card\" content=\"summary_large_image\" \/>\n<script type=\"application\/ld+json\" class=\"yoast-schema-graph\">{\"@context\":\"https:\/\/schema.org\",\"@graph\":[{\"@type\":\"WebPage\",\"@id\":\"https:\/\/idi.no\/es\/our-work\/areas-de-interes\/professional-development\/\",\"url\":\"https:\/\/idi.no\/es\/our-work\/areas-de-interes\/professional-development\/\",\"name\":\"Desarrollo Profesional - IDI\",\"isPartOf\":{\"@id\":\"https:\/\/idi.no\/es\/#website\"},\"datePublished\":\"2025-06-10T19:31:17+00:00\",\"dateModified\":\"2025-11-12T22:37:32+00:00\",\"breadcrumb\":{\"@id\":\"https:\/\/idi.no\/es\/our-work\/areas-de-interes\/professional-development\/#breadcrumb\"},\"inLanguage\":\"es\",\"potentialAction\":[{\"@type\":\"ReadAction\",\"target\":[\"https:\/\/idi.no\/es\/our-work\/areas-de-interes\/professional-development\/\"]}]},{\"@type\":\"BreadcrumbList\",\"@id\":\"https:\/\/idi.no\/es\/our-work\/areas-de-interes\/professional-development\/#breadcrumb\",\"itemListElement\":[{\"@type\":\"ListItem\",\"position\":1,\"name\":\"Home\",\"item\":\"https:\/\/idi.no\/es\/\"},{\"@type\":\"ListItem\",\"position\":2,\"name\":\"Nuestro Trabajo\",\"item\":\"https:\/\/idi.no\/es\/our-work\/\"},{\"@type\":\"ListItem\",\"position\":3,\"name\":\"\u00c1reas de Inter\u00e9s\",\"item\":\"https:\/\/idi.no\/es\/our-work\/areas-de-interes\/\"},{\"@type\":\"ListItem\",\"position\":4,\"name\":\"Desarrollo Profesional\"}]},{\"@type\":\"WebSite\",\"@id\":\"https:\/\/idi.no\/es\/#website\",\"url\":\"https:\/\/idi.no\/es\/\",\"name\":\"IDI\",\"description\":\"\",\"potentialAction\":[{\"@type\":\"SearchAction\",\"target\":{\"@type\":\"EntryPoint\",\"urlTemplate\":\"https:\/\/idi.no\/es\/?s={search_term_string}\"},\"query-input\":{\"@type\":\"PropertyValueSpecification\",\"valueRequired\":true,\"valueName\":\"search_term_string\"}}],\"inLanguage\":\"es\"}]}<\/script>\n<!-- \/ Yoast SEO plugin. -->","yoast_head_json":{"title":"Desarrollo Profesional - IDI","robots":{"index":"index","follow":"follow","max-snippet":"max-snippet:-1","max-image-preview":"max-image-preview:large","max-video-preview":"max-video-preview:-1"},"canonical":"https:\/\/idi.no\/es\/our-work\/areas-de-interes\/professional-development\/","og_locale":"es_ES","og_type":"article","og_title":"Desarrollo Profesional - IDI","og_url":"https:\/\/idi.no\/es\/our-work\/areas-de-interes\/professional-development\/","og_site_name":"IDI","article_modified_time":"2025-11-12T22:37:32+00:00","twitter_card":"summary_large_image","schema":{"@context":"https:\/\/schema.org","@graph":[{"@type":"WebPage","@id":"https:\/\/idi.no\/es\/our-work\/areas-de-interes\/professional-development\/","url":"https:\/\/idi.no\/es\/our-work\/areas-de-interes\/professional-development\/","name":"Desarrollo Profesional - IDI","isPartOf":{"@id":"https:\/\/idi.no\/es\/#website"},"datePublished":"2025-06-10T19:31:17+00:00","dateModified":"2025-11-12T22:37:32+00:00","breadcrumb":{"@id":"https:\/\/idi.no\/es\/our-work\/areas-de-interes\/professional-development\/#breadcrumb"},"inLanguage":"es","potentialAction":[{"@type":"ReadAction","target":["https:\/\/idi.no\/es\/our-work\/areas-de-interes\/professional-development\/"]}]},{"@type":"BreadcrumbList","@id":"https:\/\/idi.no\/es\/our-work\/areas-de-interes\/professional-development\/#breadcrumb","itemListElement":[{"@type":"ListItem","position":1,"name":"Home","item":"https:\/\/idi.no\/es\/"},{"@type":"ListItem","position":2,"name":"Nuestro Trabajo","item":"https:\/\/idi.no\/es\/our-work\/"},{"@type":"ListItem","position":3,"name":"\u00c1reas de Inter\u00e9s","item":"https:\/\/idi.no\/es\/our-work\/areas-de-interes\/"},{"@type":"ListItem","position":4,"name":"Desarrollo Profesional"}]},{"@type":"WebSite","@id":"https:\/\/idi.no\/es\/#website","url":"https:\/\/idi.no\/es\/","name":"IDI","description":"","potentialAction":[{"@type":"SearchAction","target":{"@type":"EntryPoint","urlTemplate":"https:\/\/idi.no\/es\/?s={search_term_string}"},"query-input":{"@type":"PropertyValueSpecification","valueRequired":true,"valueName":"search_term_string"}}],"inLanguage":"es"}]}},"_links":{"self":[{"href":"https:\/\/idi.no\/es\/wp-json\/wp\/v2\/pages\/13620","targetHints":{"allow":["GET"]}}],"collection":[{"href":"https:\/\/idi.no\/es\/wp-json\/wp\/v2\/pages"}],"about":[{"href":"https:\/\/idi.no\/es\/wp-json\/wp\/v2\/types\/page"}],"author":[{"embeddable":true,"href":"https:\/\/idi.no\/es\/wp-json\/wp\/v2\/users\/1"}],"replies":[{"embeddable":true,"href":"https:\/\/idi.no\/es\/wp-json\/wp\/v2\/comments?post=13620"}],"version-history":[{"count":5,"href":"https:\/\/idi.no\/es\/wp-json\/wp\/v2\/pages\/13620\/revisions"}],"predecessor-version":[{"id":27681,"href":"https:\/\/idi.no\/es\/wp-json\/wp\/v2\/pages\/13620\/revisions\/27681"}],"up":[{"embeddable":true,"href":"https:\/\/idi.no\/es\/wp-json\/wp\/v2\/pages\/18267"}],"wp:attachment":[{"href":"https:\/\/idi.no\/es\/wp-json\/wp\/v2\/media?parent=13620"}],"curies":[{"name":"wp","href":"https:\/\/api.w.org\/{rel}","templated":true}]}}