{"id":13631,"date":"2025-06-10T20:03:25","date_gmt":"2025-06-10T20:03:25","guid":{"rendered":"https:\/\/idi.no\/podcast\/"},"modified":"2025-11-12T22:36:47","modified_gmt":"2025-11-12T22:36:47","slug":"podcast","status":"publish","type":"page","link":"https:\/\/idi.no\/es\/podcast\/","title":{"rendered":"Podcast"},"content":{"rendered":"\n<div  class=\"image hero-block \" >\n\t<div class=\"image hero-block__container container\">\n\t\t<div class=\"image hero-block__content\">\n\t\t\t\t\t\t\t<div class=\"image hero-block__breadcrumbs breadcrumbs\">\n\t\t\t\t\t<span><span><a href=\"https:\/\/idi.no\/es\/\">Home<\/a><\/span><\/span>\t\t\t\t<\/div>\n\t\t\t\t\t\t\t\t\t\t<h1 class=\"image hero-block__title\">\n\t\t\t\t\tPodcast\t\t\t\t<\/h1>\n\t\t\t\t\t\t\t\t\t\t\t\t\t<div class=\"image hero-block__description\">\n\t\t\t\t\tSintonice conversaciones interesantes sobre el futuro de la gobernanza de las EFS, con voces expertas y perspectivas innovadoras de todo el mundo\t\t\t\t<\/div>\n\t\t\t\n\t\t<\/div>\n\t\t\t\t\t<div class=\"image hero-block__image\">\n\t\t\t\t<img decoding=\"async\" src=\"https:\/\/idi.no\/wp-content\/uploads\/2025\/10\/pexels-tima-miroshnichenko-6671687-scaled.jpg\" alt=\"Call for Proposals\">\n\t\t\t<\/div>\n\t\t\t<\/div>\n<\/div>\n\r\n<div  class=\"text-only-block text-only-block__white-background text-only-block__text-only\"> <!-- Removed undefined $style (before: echoed $style) -->\r\n    <div class=\"text-only-block__container container\">\r\n                    <div class=\"text-only-block__content\">\r\n                                    <h2 class=\"text-only-block__title\">Descubriendo el camino a seguir para la gobernanza de las EFS<\/h2>\r\n                                                    <div class=\"text-only-block__subtitle lede\">Esta serie de podcasts de la Iniciativa de Desarrollo de la INTOSAI (IDI) analiza el camino a seguir para la gobernanza del sector p\u00fablico y sus implicaciones para las Entidades Fiscalizadoras Superiores (EFS).<\/div>\r\n                                                    <div class=\"text-only-block__description\"><p>El podcast presentar\u00e1 y analizar\u00e1 conceptos, desaf\u00edos y oportunidades nuevos y emergentes para mejorar la gesti\u00f3n y el desempe\u00f1o de las EFS. Escuchar\u00e1 a invitados interesantes de dentro y fuera de la comunidad de las EFS que ofrecer\u00e1n su opini\u00f3n sobre c\u00f3mo preparar la gobernanza de las EFS para el futuro y lograr un mayor impacto en las sociedades. <\/p>\n<\/div>\r\n                                \r\n                <!-- New: Wrap all buttons in __button-list for consistency with working block -->\r\n                <div class=\"text-only-block__button-list\">\r\n                    \r\n                                    <\/div>\r\n            <\/div>\r\n        \r\n        \r\n        \r\n            <\/div>\r\n<\/div>\n<iframe allow=\"autoplay *; encrypted-media *; fullscreen *; clipboard-write\" frameborder=\"0\" height=\"500\" style=\"width:90%; max-width:700px; display:block; margin:20px auto; border:none; border-radius:10px;\" sandbox=\"allow-forms allow-popups allow-same-origin allow-scripts allow-storage-access-by-user-activation allow-top-navigation-by-user-activation\" src=\"https:\/\/embed.podcasts.apple.com\/us\/podcast\/idi-how-to-governance\/id1711371612\">\n<\/iframe>\n\n<div  class=\"video-block \" >\n\t<div class=\"video-block__container container container_video-block__poster-play--bottom_left \">\n\t\t\t\t\t\t\t\t\t\t\t\t<div class=\"video-block__poster\">\n\t\t\t\t\t<div class=\"video-block__video-background\"><\/div>\n\t\t\t\t\t\t<img decoding=\"async\" src=\"https:\/\/idi.no\/wp-content\/uploads\/2025\/11\/Last-podcast-thumbnail.jpg\" alt=\"\">\n\t\t\t\t\t\t<div class=\"video-block__poster-play-wrapper\">\n\t\t\t\t\t\t\t<button class=\"video-block__poster-play\" aria-label=\"Play video\">\n\t\t\t\t\t\t\t\t<img decoding=\"async\" src=\"https:\/\/idi.no\/wp-content\/themes\/idi\/assets\/images\/icons\/play-icon.svg\" alt=\"Play video\">\n\t\t\t\t\t\t\t<\/button>\n\t\t\t\t\t\t\t\t\t\t\t\t\t\t\t<h4 class=\"video-block__title video-block__title-desktop\">\n\t\t\t\t\t\t\t\t\tVea el \u00faltimo episodio del podcast de la IDI con nuestro invitado, el Sr. Arvinn Gadgil, Director del Centro Global de Gobernanza del PNUD\t\t\t\t\t\t\t\t<\/h4>\n\t\t\t\t\t\t\t\t\t\t\t\t\t<\/div>\n\t\t\t\t\t<\/div>\n\t\t\t\t\t\t\t\t\t\t\t\t\t\t<div class=\"video-block__iframe-wrapper\" style=\"display: none;\">\n\t\t\t\t\t\t\t<iframe loading=\"lazy\" src=\"https:\/\/player.vimeo.com\/video\/1045637080?dnt=1&amp;app_id=122963&amp;controls=1&amp;hd=1&amp;autohide=1\" width=\"640\" height=\"360\" frameborder=\"0\"><\/iframe>\t\t\t\t\t\t<\/div>\n\t\t\t\t\n\t\t\t\t\t\t\t\t\t\t\t\t\n\t\t\t\t\t\t\t<h4 class=\"video-block__title video-block__title-mobile\">\n\t\t\t\t\tVea el \u00faltimo episodio del podcast de la IDI con nuestro invitado, el Sr. Arvinn Gadgil, Director del Centro Global de Gobernanza del PNUD\t\t\t\t<\/h4>\n\t\t\t\t<\/div>\n<\/div>\n\n<div  class=\"gateway-block  without-circles block-style_light  without-circles block-structure_cards\">\n\t\t\t<div class=\"gateway-block__container  without-circles\">\n\t\t\t\t\t<h2 class=\"gateway-block__label  without-circles\">Escuche y vea el podcast <\/h2>\n\t\t\n\t\t\t\t<div class=\"gateway-block__list columns-3  without-circles  align-center-3 \">\n\t\t\t\t\t\t\t\t\t\t\t\t\t\t\t\t\t\t\t<div class=\"gateway-block__item  without-circles\">\n\t\t\t\t\t\t\t\t\t\t\t\t\t<h3 class=\"gateway-block__item_label  without-circles\">\n\t\t\t\t\t\t\t\tSpotify\t\t\t\t\t\t\t<\/h3>\n\t\t\t\t\t\t\t\t\t\t\t\t\t\t\t\t\t\t\t<a href=\"https:\/\/open.spotify.com\/show\/1fTC3dIQGXS0h8p35U1SeB\"\n\t\t\t\t\t\t\ttarget=\"_blank\"\n\t\t\t\t\t\t\tclass=\"gateway-block__item_link\">\n\t\t\t\t\t\t\t\tLISTEN\t\t\t\t\t\t\t<\/a>\n\n\t\t\t\t\t\t\t\t\t\t\t\t\t\t<a \thref=\"https:\/\/open.spotify.com\/show\/1fTC3dIQGXS0h8p35U1SeB\" \n\t\t\t\t\t\t\t\tclass=\"gateway-block__item_full-card-link\"\n\t\t\t\t\t\t\t\t\t\t\t\t\t\t\t\tdata-uw-ignore-s3\n\t\t\t\t\t\t\t><\/a>\n\t\t\t\t\t\t\t\t\t\t\t<\/div>\n\t\t\t\t\t\t\t\t\t\t\t\t\t\t\t\t\t\t\t\t\t\t\t<div class=\"gateway-block__item  without-circles\">\n\t\t\t\t\t\t\t\t\t\t\t\t\t<h3 class=\"gateway-block__item_label  without-circles\">\n\t\t\t\t\t\t\t\tApple\t\t\t\t\t\t\t<\/h3>\n\t\t\t\t\t\t\t\t\t\t\t\t\t\t\t\t\t\t\t<a href=\"https:\/\/podcasts.apple.com\/us\/podcast\/idi-how-to-governance\/id1711371612\"\n\t\t\t\t\t\t\ttarget=\"_blank\"\n\t\t\t\t\t\t\tclass=\"gateway-block__item_link\">\n\t\t\t\t\t\t\t\tLISTEN\t\t\t\t\t\t\t<\/a>\n\n\t\t\t\t\t\t\t\t\t\t\t\t\t\t<a \thref=\"https:\/\/podcasts.apple.com\/us\/podcast\/idi-how-to-governance\/id1711371612\" \n\t\t\t\t\t\t\t\tclass=\"gateway-block__item_full-card-link\"\n\t\t\t\t\t\t\t\t\t\t\t\t\t\t\t\tdata-uw-ignore-s3\n\t\t\t\t\t\t\t><\/a>\n\t\t\t\t\t\t\t\t\t\t\t<\/div>\n\t\t\t\t\t\t\t\t\t\t\t\t\t\t\t\t\t\t\t\t\t\t\t<div class=\"gateway-block__item  without-circles\">\n\t\t\t\t\t\t\t\t\t\t\t\t\t<h3 class=\"gateway-block__item_label  without-circles\">\n\t\t\t\t\t\t\t\tYoutube\t\t\t\t\t\t\t<\/h3>\n\t\t\t\t\t\t\t\t\t\t\t\t\t\t\t\t\t\t\t<a href=\"https:\/\/www.youtube.com\/playlist?list=PLWhS_axf9Qaq9o7TZGg-IJyJ9NggQpo1G\"\n\t\t\t\t\t\t\ttarget=\"_blank\"\n\t\t\t\t\t\t\tclass=\"gateway-block__item_link\">\n\t\t\t\t\t\t\t\tWATCH\t\t\t\t\t\t\t<\/a>\n\n\t\t\t\t\t\t\t\t\t\t\t\t\t\t<a \thref=\"https:\/\/www.youtube.com\/playlist?list=PLWhS_axf9Qaq9o7TZGg-IJyJ9NggQpo1G\" \n\t\t\t\t\t\t\t\tclass=\"gateway-block__item_full-card-link\"\n\t\t\t\t\t\t\t\t\t\t\t\t\t\t\t\tdata-uw-ignore-s3\n\t\t\t\t\t\t\t><\/a>\n\t\t\t\t\t\t\t\t\t\t\t<\/div>\n\t\t\t\t\t\t\t\t\t\t\t\t\t\t\t\t\t\t\t\t\t\t\t<div class=\"gateway-block__item  without-circles\">\n\t\t\t\t\t\t\t\t\t\t\t\t\t<h3 class=\"gateway-block__item_label  without-circles\">\n\t\t\t\t\t\t\t\tVimeo\t\t\t\t\t\t\t<\/h3>\n\t\t\t\t\t\t\t\t\t\t\t\t\t\t\t\t\t\t\t<a href=\"https:\/\/vimeo.com\/showcase\/11250039\"\n\t\t\t\t\t\t\ttarget=\"_blank\"\n\t\t\t\t\t\t\tclass=\"gateway-block__item_link\">\n\t\t\t\t\t\t\t\tWATCH\t\t\t\t\t\t\t<\/a>\n\n\t\t\t\t\t\t\t\t\t\t\t\t\t\t<a \thref=\"https:\/\/vimeo.com\/showcase\/11250039\" \n\t\t\t\t\t\t\t\tclass=\"gateway-block__item_full-card-link\"\n\t\t\t\t\t\t\t\t\t\t\t\t\t\t\t\tdata-uw-ignore-s3\n\t\t\t\t\t\t\t><\/a>\n\t\t\t\t\t\t\t\t\t\t\t<\/div>\n\t\t\t\t\t\t\t\t\t\t\t\t\t\t\t\t\t\t\t\t\t\t\t<div class=\"gateway-block__item  without-circles\">\n\t\t\t\t\t\t\t\t\t\t\t\t\t<h3 class=\"gateway-block__item_label  without-circles\">\n\t\t\t\t\t\t\t\tOtros\t\t\t\t\t\t\t<\/h3>\n\t\t\t\t\t\t\t\t\t\t\t\t\t\t\t\t\t\t\t<a href=\"https:\/\/rephonic.com\/podcasts\/idi-how-to-governance\"\n\t\t\t\t\t\t\ttarget=\"_blank\"\n\t\t\t\t\t\t\tclass=\"gateway-block__item_link\">\n\t\t\t\t\t\t\t\tLISTEN &amp; WATCH\t\t\t\t\t\t\t<\/a>\n\n\t\t\t\t\t\t\t\t\t\t\t\t\t\t<a \thref=\"https:\/\/rephonic.com\/podcasts\/idi-how-to-governance\" \n\t\t\t\t\t\t\t\tclass=\"gateway-block__item_full-card-link\"\n\t\t\t\t\t\t\t\t\t\t\t\t\t\t\t\tdata-uw-ignore-s3\n\t\t\t\t\t\t\t><\/a>\n\t\t\t\t\t\t\t\t\t\t\t<\/div>\n\t\t\t\t\t\t\t\t\t\t\t<\/div>\n\t\t\t\t\t<\/div>\n\t<\/div>\n","protected":false},"excerpt":{"rendered":"","protected":false},"author":1,"featured_media":0,"parent":0,"menu_order":0,"comment_status":"closed","ping_status":"closed","template":"","meta":{"footnotes":""},"class_list":["post-13631","page","type-page","status-publish","hentry"],"acf":[],"yoast_head":"<!-- This site is optimized with the Yoast SEO plugin v25.3 - https:\/\/yoast.com\/wordpress\/plugins\/seo\/ -->\n<title>Podcast - IDI<\/title>\n<meta name=\"robots\" content=\"index, follow, max-snippet:-1, max-image-preview:large, max-video-preview:-1\" \/>\n<link rel=\"canonical\" href=\"https:\/\/idi.no\/es\/podcast\/\" \/>\n<meta property=\"og:locale\" content=\"es_ES\" \/>\n<meta property=\"og:type\" content=\"article\" \/>\n<meta property=\"og:title\" content=\"Podcast - IDI\" \/>\n<meta property=\"og:url\" content=\"https:\/\/idi.no\/es\/podcast\/\" \/>\n<meta property=\"og:site_name\" content=\"IDI\" \/>\n<meta property=\"article:modified_time\" content=\"2025-11-12T22:36:47+00:00\" \/>\n<meta name=\"twitter:card\" content=\"summary_large_image\" \/>\n<script type=\"application\/ld+json\" class=\"yoast-schema-graph\">{\"@context\":\"https:\/\/schema.org\",\"@graph\":[{\"@type\":\"WebPage\",\"@id\":\"https:\/\/idi.no\/es\/podcast\/\",\"url\":\"https:\/\/idi.no\/es\/podcast\/\",\"name\":\"Podcast - IDI\",\"isPartOf\":{\"@id\":\"https:\/\/idi.no\/es\/#website\"},\"datePublished\":\"2025-06-10T20:03:25+00:00\",\"dateModified\":\"2025-11-12T22:36:47+00:00\",\"breadcrumb\":{\"@id\":\"https:\/\/idi.no\/es\/podcast\/#breadcrumb\"},\"inLanguage\":\"es\",\"potentialAction\":[{\"@type\":\"ReadAction\",\"target\":[\"https:\/\/idi.no\/es\/podcast\/\"]}]},{\"@type\":\"BreadcrumbList\",\"@id\":\"https:\/\/idi.no\/es\/podcast\/#breadcrumb\",\"itemListElement\":[{\"@type\":\"ListItem\",\"position\":1,\"name\":\"Home\",\"item\":\"https:\/\/idi.no\/es\/\"},{\"@type\":\"ListItem\",\"position\":2,\"name\":\"Podcast\"}]},{\"@type\":\"WebSite\",\"@id\":\"https:\/\/idi.no\/es\/#website\",\"url\":\"https:\/\/idi.no\/es\/\",\"name\":\"IDI\",\"description\":\"\",\"potentialAction\":[{\"@type\":\"SearchAction\",\"target\":{\"@type\":\"EntryPoint\",\"urlTemplate\":\"https:\/\/idi.no\/es\/?s={search_term_string}\"},\"query-input\":{\"@type\":\"PropertyValueSpecification\",\"valueRequired\":true,\"valueName\":\"search_term_string\"}}],\"inLanguage\":\"es\"}]}<\/script>\n<!-- \/ Yoast SEO plugin. -->","yoast_head_json":{"title":"Podcast - IDI","robots":{"index":"index","follow":"follow","max-snippet":"max-snippet:-1","max-image-preview":"max-image-preview:large","max-video-preview":"max-video-preview:-1"},"canonical":"https:\/\/idi.no\/es\/podcast\/","og_locale":"es_ES","og_type":"article","og_title":"Podcast - IDI","og_url":"https:\/\/idi.no\/es\/podcast\/","og_site_name":"IDI","article_modified_time":"2025-11-12T22:36:47+00:00","twitter_card":"summary_large_image","schema":{"@context":"https:\/\/schema.org","@graph":[{"@type":"WebPage","@id":"https:\/\/idi.no\/es\/podcast\/","url":"https:\/\/idi.no\/es\/podcast\/","name":"Podcast - IDI","isPartOf":{"@id":"https:\/\/idi.no\/es\/#website"},"datePublished":"2025-06-10T20:03:25+00:00","dateModified":"2025-11-12T22:36:47+00:00","breadcrumb":{"@id":"https:\/\/idi.no\/es\/podcast\/#breadcrumb"},"inLanguage":"es","potentialAction":[{"@type":"ReadAction","target":["https:\/\/idi.no\/es\/podcast\/"]}]},{"@type":"BreadcrumbList","@id":"https:\/\/idi.no\/es\/podcast\/#breadcrumb","itemListElement":[{"@type":"ListItem","position":1,"name":"Home","item":"https:\/\/idi.no\/es\/"},{"@type":"ListItem","position":2,"name":"Podcast"}]},{"@type":"WebSite","@id":"https:\/\/idi.no\/es\/#website","url":"https:\/\/idi.no\/es\/","name":"IDI","description":"","potentialAction":[{"@type":"SearchAction","target":{"@type":"EntryPoint","urlTemplate":"https:\/\/idi.no\/es\/?s={search_term_string}"},"query-input":{"@type":"PropertyValueSpecification","valueRequired":true,"valueName":"search_term_string"}}],"inLanguage":"es"}]}},"_links":{"self":[{"href":"https:\/\/idi.no\/es\/wp-json\/wp\/v2\/pages\/13631","targetHints":{"allow":["GET"]}}],"collection":[{"href":"https:\/\/idi.no\/es\/wp-json\/wp\/v2\/pages"}],"about":[{"href":"https:\/\/idi.no\/es\/wp-json\/wp\/v2\/types\/page"}],"author":[{"embeddable":true,"href":"https:\/\/idi.no\/es\/wp-json\/wp\/v2\/users\/1"}],"replies":[{"embeddable":true,"href":"https:\/\/idi.no\/es\/wp-json\/wp\/v2\/comments?post=13631"}],"version-history":[{"count":10,"href":"https:\/\/idi.no\/es\/wp-json\/wp\/v2\/pages\/13631\/revisions"}],"predecessor-version":[{"id":27648,"href":"https:\/\/idi.no\/es\/wp-json\/wp\/v2\/pages\/13631\/revisions\/27648"}],"wp:attachment":[{"href":"https:\/\/idi.no\/es\/wp-json\/wp\/v2\/media?parent=13631"}],"curies":[{"name":"wp","href":"https:\/\/api.w.org\/{rel}","templated":true}]}}