{"id":18251,"date":"2025-10-03T09:58:27","date_gmt":"2025-10-03T09:58:27","guid":{"rendered":"https:\/\/idi.no\/como-comunicar-una-inquietud\/"},"modified":"2025-11-12T22:33:12","modified_gmt":"2025-11-12T22:33:12","slug":"como-comunicar-una-inquietud","status":"publish","type":"page","link":"https:\/\/idi.no\/es\/como-comunicar-una-inquietud\/","title":{"rendered":"C\u00f3mo Comunicar una Inquietud"},"content":{"rendered":"\n<div  class=\"hero-block \" >\n\t<div class=\"hero-block__container container\">\n\t\t<div class=\"hero-block__content\">\n\t\t\t\t\t\t\t<div class=\"hero-block__breadcrumbs breadcrumbs\">\n\t\t\t\t\t<span><span><a href=\"https:\/\/idi.no\/es\/\">Home<\/a><\/span><\/span>\t\t\t\t<\/div>\n\t\t\t\t\t\t\t\t\t\t<h1 class=\"hero-block__title\">\n\t\t\t\t\tExpresar una preocupaci\u00f3n\t\t\t\t<\/h1>\n\t\t\t\t\t\t\t\t\t\n\t\t<\/div>\n\t\t\t<\/div>\n<\/div>\n\r\n<div  class=\"text-only-block text-only-block__white-background text-only-block__text-only\"> <!-- Removed undefined $style (before: echoed $style) -->\r\n    <div class=\"text-only-block__container container\">\r\n                    <div class=\"text-only-block__content\">\r\n                                                                    <div class=\"text-only-block__description\"><p><span class=\"TextRun SCXW23391275 BCX8\" lang=\"EN-GB\" data-contrast=\"auto\"><span class=\"NormalTextRun SCXW23391275 BCX8\">La Iniciativa de Desarrollo de la INTOSAI (IDI) est\u00e1 <\/span><span class=\"NormalTextRun SCXW23391275 BCX8\">establecida<\/span><span class=\"NormalTextRun SCXW23391275 BCX8\"> como una fundaci\u00f3n (<\/span><\/span><span class=\"TextRun SCXW23391275 BCX8\" lang=\"EN-GB\" data-contrast=\"auto\"><span class=\"NormalTextRun SpellingErrorV2Themed SCXW23391275 BCX8\">Stiftelse<\/span><\/span><span class=\"TextRun SCXW23391275 BCX8\" lang=\"EN-GB\" data-contrast=\"auto\" xml:lang=\"EN-GB\"><span class=\"NormalTextRun SCXW23391275 BCX8\">) seg\u00fan la legislaci\u00f3n noruega. IDI  <\/span><span class=\"NormalTextRun SCXW23391275 BCX8\">opera<\/span><span class=\"NormalTextRun SCXW23391275 BCX8\"> a nivel mundial, colaborando con una amplia gama de partes interesadas y beneficiarios. Estos incluyen, entre otros, las Entidades Fiscalizadoras Superiores (EFS) de cada pa\u00eds, los \u00f3rganos de la Organizaci\u00f3n Internacional de Entidades Fiscalizadoras Superiores (INTOSAI), las entidades de las Naciones Unidas, as\u00ed como las Organizaciones No Gubernamentales Internacionales (ONGI) y las Organizaciones de la Sociedad Civil (OSC). IDI se compromete a ejemplificar una gobernanza responsable, \u00e9tica y transparente en todos los aspectos de su trabajo.  <\/span><\/span><span class=\"EOP SCXW23391275 BCX8\" data-ccp-props=\"{}\"> <\/span><\/p>\n<p>&nbsp;<\/p>\n<h3><span data-contrast=\"none\">C\u00f3digo de \u00e9tica de IDI <\/span><span data-ccp-props=\"{}\"> <\/span><\/h3>\n<p><span data-contrast=\"auto\">El personal de IDI, los miembros del Consejo de IDI y todos los socios que trabajan en nombre de IDI se rigen por el C\u00f3digo de \u00c9tica de IDI<\/span><span data-contrast=\"auto\">.<\/span> <span data-contrast=\"none\">El C\u00f3digo ofrece un conjunto de valores para guiar los comportamientos y la toma de decisiones. Se centra en siete valores \u00e9ticos:  <\/span><span> <\/span><\/p>\n<ol>\n<li><span data-contrast=\"none\">Integridad<\/span><span> <\/span><\/li>\n<li><span data-contrast=\"none\">Credibilidad y responsabilidad<\/span><span> <\/span><\/li>\n<li><span data-contrast=\"none\">Imparcialidad y objetividad<\/span><span> <\/span><\/li>\n<li><span data-contrast=\"none\">Confidencialidad<\/span><span> <\/span><\/li>\n<li><span data-contrast=\"none\">Transparencia<\/span><span> <\/span><\/li>\n<li><span data-contrast=\"none\">Respeto, comportamiento hacia los dem\u00e1s, diversidad e igualdad de oportunidades<\/span><span> <\/span><\/li>\n<li><span data-contrast=\"none\">Competencia<\/span><span> <\/span><\/li>\n<\/ol>\n<h3><span data-contrast=\"none\">Marco de denuncias de IDI<\/span><span> <\/span><\/h3>\n<p><span data-contrast=\"none\">El C\u00f3digo est\u00e1 respaldado por un s\u00f3lido Marco de Denuncias de IDI.<\/span><span data-contrast=\"none\"> El Marco proporciona las normas, los reglamentos y los procedimientos para las denuncias internas y externas.<\/span><span> <\/span><\/p>\n<h3><span data-contrast=\"none\">Pol\u00edtica anticorrupci\u00f3n de IDI<\/span><span> <\/span><\/h3>\n<p><span data-contrast=\"none\">IDI tiene tolerancia cero con la corrupci\u00f3n. La  <\/span><span data-contrast=\"none\">Pol\u00edtica anticorrupci\u00f3n de IDI<\/span><span data-contrast=\"none\"> proporciona las directrices<\/span> <span data-contrast=\"auto\">garantizar que IDI, su personal y todos los que trabajan en nombre de la organizaci\u00f3n se adhieran a los m\u00e1s altos est\u00e1ndares de integridad y responsabilidad. Esta pol\u00edtica est\u00e1 vinculada al C\u00f3digo y al Marco, y las denuncias deben realizarse de acuerdo con las disposiciones del Marco. <\/span><\/p>\n<h3><span>Pol\u00edtica de salvaguardia de IDI <\/span><\/h3>\n<p><span data-contrast=\"none\">IDI no participa en servicios de primera l\u00ednea que incluyan el trabajo con ni\u00f1os, j\u00f3venes y adultos vulnerables. Sin embargo, el personal de IDI y otras personas que trabajan con IDI pasan mucho tiempo en pa\u00edses en desarrollo, viviendo y trabajando en comunidades locales donde hay ni\u00f1os, j\u00f3venes y adultos vulnerables. Adem\u00e1s, la explotaci\u00f3n sexual, el abuso, el acoso y la intimidaci\u00f3n son problemas que podr\u00edan ocurrir dentro de cualquier organizaci\u00f3n. La Pol\u00edtica de Salvaguardia de IDI    <\/span><span data-contrast=\"none\"> tiene como objetivo ayudar a IDI a adoptar una pr\u00e1ctica y una cultura de salvaguardia m\u00e1s integrales. IDI tiene una pol\u00edtica de tolerancia cero con la explotaci\u00f3n sexual, el abuso, el acoso y la intimidaci\u00f3n. <\/span><span> <\/span><\/p>\n<\/div>\r\n                                \r\n                <!-- New: Wrap all buttons in __button-list for consistency with working block -->\r\n                <div class=\"text-only-block__button-list\">\r\n                    \r\n                                    <\/div>\r\n            <\/div>\r\n        \r\n        \r\n        \r\n            <\/div>\r\n<\/div>\t<div \n\t\t\tclass=\"recent-resources-block  block-style_white\">\n\t\t<div class=\"recent-resources-block__container container resource_type__All\">\n\t\t\t<h2 class=\"recent-resources-block__label \"><\/h2>\n\t\t\t<div class=\"recent-resources-block__grid  facetwp-template \">\n\t\t\t\t\r\n<div class=\"resource-item content-type__corporate-documents post-type__resource \">\r\n\r\n            <p class=\"resource-item__image \">\r\n            <img decoding=\"async\" src=\"https:\/\/idi.no\/wp-content\/uploads\/2019\/02\/Cover-page-IDI-Anti-Corruption-Policy.jpg\"\r\n                 alt=\"Pol\u00edtica anticorrupci\u00f3n de IDI\" \r\n                 class=\"resource-item__image\">\r\n        <\/p>\r\n    \r\n    <div class=\"resource-item__content \">\r\n                    <div class=\"resource-item__content-type \">\r\n                <a href=\"\/es\/\/resources-archive\/resources-archive?_content_type=corporate-documents\">Corporate Documents<\/a>            <\/div>\r\n        \r\n                    <p class=\"resource-item__title \">\r\n                <a href=\"https:\/\/idi.no\/wp-content\/uploads\/2024\/10\/2025-IDI-Anti-Corruption-Policy.pdf\"  target=\"_blank\" rel=\"noopener noreferrer\">\r\n                    Pol\u00edtica anticorrupci\u00f3n de IDI                <\/a>\r\n            <\/p>\r\n        \r\n        \r\n        <div class=\"resource-item__link \">\r\n                            <a href=\"https:\/\/idi.no\/wp-content\/uploads\/2024\/10\/2025-IDI-Anti-Corruption-Policy.pdf\" class=\"resource-item__download-link \" download>\r\n                    Download                    <span class=\"resource-item__download-link-arrow \">\u2193<\/span>\r\n                <\/a>\r\n                    <\/div>\r\n    <\/div>\r\n<\/div>\r\n\r\n<div class=\"resource-item content-type__corporate-documents post-type__resource \">\r\n\r\n            <p class=\"resource-item__image \">\r\n            <img decoding=\"async\" src=\"https:\/\/idi.no\/wp-content\/uploads\/2018\/08\/Cover-page-IDI-Complaints-Framework.jpg\"\r\n                 alt=\"Marco de denuncias de IDI\" \r\n                 class=\"resource-item__image\">\r\n        <\/p>\r\n    \r\n    <div class=\"resource-item__content \">\r\n                    <div class=\"resource-item__content-type \">\r\n                <a href=\"\/es\/\/resources-archive\/resources-archive?_content_type=corporate-documents\">Corporate Documents<\/a>            <\/div>\r\n        \r\n                    <p class=\"resource-item__title \">\r\n                <a href=\"https:\/\/idi.no\/wp-content\/uploads\/2024\/10\/2025-IDI-Complaints-Framework-1.pdf\"  target=\"_blank\" rel=\"noopener noreferrer\">\r\n                    Marco de denuncias de IDI                <\/a>\r\n            <\/p>\r\n        \r\n        \r\n        <div class=\"resource-item__link \">\r\n                            <a href=\"https:\/\/idi.no\/wp-content\/uploads\/2024\/10\/2025-IDI-Complaints-Framework-1.pdf\" class=\"resource-item__download-link \" download>\r\n                    Download                    <span class=\"resource-item__download-link-arrow \">\u2193<\/span>\r\n                <\/a>\r\n                    <\/div>\r\n    <\/div>\r\n<\/div>\r\n\r\n<div class=\"resource-item content-type__corporate-documents post-type__resource \">\r\n\r\n            <p class=\"resource-item__image \">\r\n            <img decoding=\"async\" src=\"https:\/\/idi.no\/wp-content\/uploads\/2025\/08\/Cover-page-IDI-Safeguarding-Policy.jpg\"\r\n                 alt=\"Pol\u00edtica de salvaguardia de IDI\" \r\n                 class=\"resource-item__image\">\r\n        <\/p>\r\n    \r\n    <div class=\"resource-item__content \">\r\n                    <div class=\"resource-item__content-type \">\r\n                <a href=\"\/es\/\/resources-archive\/resources-archive?_content_type=corporate-documents\">Corporate Documents<\/a>            <\/div>\r\n        \r\n                    <p class=\"resource-item__title \">\r\n                <a href=\"https:\/\/idi.no\/wp-content\/uploads\/2024\/10\/2025-IDI-Safeguarding-Policy-1.pdf\"  target=\"_blank\" rel=\"noopener noreferrer\">\r\n                    Pol\u00edtica de salvaguardia de IDI                <\/a>\r\n            <\/p>\r\n        \r\n        \r\n        <div class=\"resource-item__link \">\r\n                            <a href=\"https:\/\/idi.no\/wp-content\/uploads\/2024\/10\/2025-IDI-Safeguarding-Policy-1.pdf\" class=\"resource-item__download-link \" download>\r\n                    Download                    <span class=\"resource-item__download-link-arrow \">\u2193<\/span>\r\n                <\/a>\r\n                    <\/div>\r\n    <\/div>\r\n<\/div>\r\n\t\t\t<\/div>\n\t\t\t\t\t<\/div>\n\t<\/div>\n\n<div  class=\"cta-block dark-blue\" >\n\t<div class=\"cta-block__container container\">\n\t\t<div class=\"cta-block__content\">\n\t\t\t<div class=\"cta-block__content-col\">\n\t\t\t\t\t\t\t\t\t<h2 class=\"cta-block__title\">\n\t\t\t\t\t\tInformar de sus preocupaciones\t\t\t\t\t<\/h2>\n\t\t\t\t\t\t\t\t\t\t\t\t\t\t\t\t\t<div class=\"cta-block__description\">\n\t\t\t\t\t\t<p>Cualquier incumplimiento del C\u00f3digo debe notificarse seg\u00fan las disposiciones de la Secci\u00f3n 4.3 del C\u00f3digo. Cualquier incumplimiento de cualquiera de las otras pol\u00edticas anteriores puede notificarse seg\u00fan las disposiciones del Marco. <\/p>\n<p>Adem\u00e1s de los canales internos de denuncia dentro de IDI, como se especifica en el c\u00f3digo, las sospechas de incumplimiento por parte de todo el personal de IDI pueden notificarse directamente al Director General de IDI. Los casos de sospechas de incumplimiento que involucren al Director General o a los miembros del Consejo de IDI pueden notificarse al Presidente del Consejo de IDI. <\/p>\n\t\t\t\t\t<\/div>\n\t\t\t\t\t\t\t<\/div>\n\t\t\t<div class=\"cta-block__content-col\">\n\t\t\t\t\t\t\t<\/div>\n\t\t<\/div>\n\t<\/div>\n<\/div>\n\n<div  class=\"gateway-block  block-style_white  block-structure_cards\">\n\t\t\t<div class=\"gateway-block__container \">\n\t\t\t\t\t<h2 class=\"gateway-block__label \">Formularios en l\u00ednea <\/h2>\n\t\t\n\t\t\t\t<div class=\"gateway-block__list columns-3  -3 \">\n\t\t\t\t\t\t\t\t\t\t\t\t\t\t\t\t\t\t\t<div class=\"gateway-block__item \">\n\t\t\t\t\t\t\t\t\t\t\t\t\t<h3 class=\"gateway-block__item_label \">\n\t\t\t\t\t\t\t\tUtilice este formulario para informar de problemas al Director General de IDI: para problemas generales y quejas no relacionados con el Director General de IDI o los miembros del Consejo de IDI.\t\t\t\t\t\t\t<\/h3>\n\t\t\t\t\t\t\t\t\t\t\t\t\t\t\t\t\t\t\t<a href=\"https:\/\/idi.no\/online-form-for-reporting-issues-to-director-general-idi\/\"\n\t\t\t\t\t\t\ttarget=\"_blank\"\n\t\t\t\t\t\t\tclass=\"gateway-block__item_link\">\n\t\t\t\t\t\t\t\tOnline Form for Reporting Issues to IDI\u2019s Director General\t\t\t\t\t\t\t<\/a>\n\n\t\t\t\t\t\t\t\t\t\t\t\t\t\t<a \thref=\"https:\/\/idi.no\/online-form-for-reporting-issues-to-director-general-idi\/\" \n\t\t\t\t\t\t\t\tclass=\"gateway-block__item_full-card-link\"\n\t\t\t\t\t\t\t\t\t\t\t\t\t\t\t\tdata-uw-ignore-s3\n\t\t\t\t\t\t\t><\/a>\n\t\t\t\t\t\t\t\t\t\t\t<\/div>\n\t\t\t\t\t\t\t\t\t\t\t\t\t\t\t\t\t\t\t\t\t\t\t<div class=\"gateway-block__item \">\n\t\t\t\t\t\t\t\t\t\t\t\t\t<h3 class=\"gateway-block__item_label \">\n\t\t\t\t\t\t\t\tUtilice este formulario para informar de problemas al Presidente del Consejo de IDI: para quejas espec\u00edficas sobre el Director General de IDI o los miembros del Consejo de IDI.\t\t\t\t\t\t\t<\/h3>\n\t\t\t\t\t\t\t\t\t\t\t\t\t\t\t\t\t\t\t<a href=\"https:\/\/idi.no\/online-form-for-reporting-issues-to-the-chair-of-the-idis-board\/\"\n\t\t\t\t\t\t\ttarget=\"_blank\"\n\t\t\t\t\t\t\tclass=\"gateway-block__item_link\">\n\t\t\t\t\t\t\t\tOnline Form for Reporting Issues to the Chair of the IDI\u2019s Board\t\t\t\t\t\t\t<\/a>\n\n\t\t\t\t\t\t\t\t\t\t\t\t\t\t<a \thref=\"https:\/\/idi.no\/online-form-for-reporting-issues-to-the-chair-of-the-idis-board\/\" \n\t\t\t\t\t\t\t\tclass=\"gateway-block__item_full-card-link\"\n\t\t\t\t\t\t\t\t\t\t\t\t\t\t\t\tdata-uw-ignore-s3\n\t\t\t\t\t\t\t><\/a>\n\t\t\t\t\t\t\t\t\t\t\t<\/div>\n\t\t\t\t\t\t\t\t\t\t\t<\/div>\n\t\t\t\t\t<\/div>\n\t<\/div>\n","protected":false},"excerpt":{"rendered":"","protected":false},"author":3,"featured_media":0,"parent":0,"menu_order":0,"comment_status":"closed","ping_status":"closed","template":"","meta":{"footnotes":""},"class_list":["post-18251","page","type-page","status-publish","hentry"],"acf":[],"yoast_head":"<!-- This site is optimized with the Yoast SEO plugin v25.3 - https:\/\/yoast.com\/wordpress\/plugins\/seo\/ -->\n<title>C\u00f3mo Comunicar una Inquietud - IDI<\/title>\n<meta name=\"robots\" content=\"index, follow, max-snippet:-1, max-image-preview:large, max-video-preview:-1\" \/>\n<link rel=\"canonical\" href=\"https:\/\/idi.no\/es\/como-comunicar-una-inquietud\/\" \/>\n<meta property=\"og:locale\" content=\"es_ES\" \/>\n<meta property=\"og:type\" content=\"article\" \/>\n<meta property=\"og:title\" content=\"C\u00f3mo Comunicar una Inquietud - IDI\" \/>\n<meta property=\"og:url\" content=\"https:\/\/idi.no\/es\/como-comunicar-una-inquietud\/\" \/>\n<meta property=\"og:site_name\" content=\"IDI\" \/>\n<meta property=\"article:modified_time\" content=\"2025-11-12T22:33:12+00:00\" \/>\n<meta name=\"twitter:card\" content=\"summary_large_image\" \/>\n<script type=\"application\/ld+json\" class=\"yoast-schema-graph\">{\"@context\":\"https:\/\/schema.org\",\"@graph\":[{\"@type\":\"WebPage\",\"@id\":\"https:\/\/idi.no\/es\/como-comunicar-una-inquietud\/\",\"url\":\"https:\/\/idi.no\/es\/como-comunicar-una-inquietud\/\",\"name\":\"C\u00f3mo Comunicar una Inquietud - IDI\",\"isPartOf\":{\"@id\":\"https:\/\/idi.no\/es\/#website\"},\"datePublished\":\"2025-10-03T09:58:27+00:00\",\"dateModified\":\"2025-11-12T22:33:12+00:00\",\"breadcrumb\":{\"@id\":\"https:\/\/idi.no\/es\/como-comunicar-una-inquietud\/#breadcrumb\"},\"inLanguage\":\"es\",\"potentialAction\":[{\"@type\":\"ReadAction\",\"target\":[\"https:\/\/idi.no\/es\/como-comunicar-una-inquietud\/\"]}]},{\"@type\":\"BreadcrumbList\",\"@id\":\"https:\/\/idi.no\/es\/como-comunicar-una-inquietud\/#breadcrumb\",\"itemListElement\":[{\"@type\":\"ListItem\",\"position\":1,\"name\":\"Home\",\"item\":\"https:\/\/idi.no\/es\/\"},{\"@type\":\"ListItem\",\"position\":2,\"name\":\"C\u00f3mo Comunicar una Inquietud\"}]},{\"@type\":\"WebSite\",\"@id\":\"https:\/\/idi.no\/es\/#website\",\"url\":\"https:\/\/idi.no\/es\/\",\"name\":\"IDI\",\"description\":\"\",\"potentialAction\":[{\"@type\":\"SearchAction\",\"target\":{\"@type\":\"EntryPoint\",\"urlTemplate\":\"https:\/\/idi.no\/es\/?s={search_term_string}\"},\"query-input\":{\"@type\":\"PropertyValueSpecification\",\"valueRequired\":true,\"valueName\":\"search_term_string\"}}],\"inLanguage\":\"es\"}]}<\/script>\n<!-- \/ Yoast SEO plugin. -->","yoast_head_json":{"title":"C\u00f3mo Comunicar una Inquietud - IDI","robots":{"index":"index","follow":"follow","max-snippet":"max-snippet:-1","max-image-preview":"max-image-preview:large","max-video-preview":"max-video-preview:-1"},"canonical":"https:\/\/idi.no\/es\/como-comunicar-una-inquietud\/","og_locale":"es_ES","og_type":"article","og_title":"C\u00f3mo Comunicar una Inquietud - IDI","og_url":"https:\/\/idi.no\/es\/como-comunicar-una-inquietud\/","og_site_name":"IDI","article_modified_time":"2025-11-12T22:33:12+00:00","twitter_card":"summary_large_image","schema":{"@context":"https:\/\/schema.org","@graph":[{"@type":"WebPage","@id":"https:\/\/idi.no\/es\/como-comunicar-una-inquietud\/","url":"https:\/\/idi.no\/es\/como-comunicar-una-inquietud\/","name":"C\u00f3mo Comunicar una Inquietud - IDI","isPartOf":{"@id":"https:\/\/idi.no\/es\/#website"},"datePublished":"2025-10-03T09:58:27+00:00","dateModified":"2025-11-12T22:33:12+00:00","breadcrumb":{"@id":"https:\/\/idi.no\/es\/como-comunicar-una-inquietud\/#breadcrumb"},"inLanguage":"es","potentialAction":[{"@type":"ReadAction","target":["https:\/\/idi.no\/es\/como-comunicar-una-inquietud\/"]}]},{"@type":"BreadcrumbList","@id":"https:\/\/idi.no\/es\/como-comunicar-una-inquietud\/#breadcrumb","itemListElement":[{"@type":"ListItem","position":1,"name":"Home","item":"https:\/\/idi.no\/es\/"},{"@type":"ListItem","position":2,"name":"C\u00f3mo Comunicar una Inquietud"}]},{"@type":"WebSite","@id":"https:\/\/idi.no\/es\/#website","url":"https:\/\/idi.no\/es\/","name":"IDI","description":"","potentialAction":[{"@type":"SearchAction","target":{"@type":"EntryPoint","urlTemplate":"https:\/\/idi.no\/es\/?s={search_term_string}"},"query-input":{"@type":"PropertyValueSpecification","valueRequired":true,"valueName":"search_term_string"}}],"inLanguage":"es"}]}},"_links":{"self":[{"href":"https:\/\/idi.no\/es\/wp-json\/wp\/v2\/pages\/18251","targetHints":{"allow":["GET"]}}],"collection":[{"href":"https:\/\/idi.no\/es\/wp-json\/wp\/v2\/pages"}],"about":[{"href":"https:\/\/idi.no\/es\/wp-json\/wp\/v2\/types\/page"}],"author":[{"embeddable":true,"href":"https:\/\/idi.no\/es\/wp-json\/wp\/v2\/users\/3"}],"replies":[{"embeddable":true,"href":"https:\/\/idi.no\/es\/wp-json\/wp\/v2\/comments?post=18251"}],"version-history":[{"count":4,"href":"https:\/\/idi.no\/es\/wp-json\/wp\/v2\/pages\/18251\/revisions"}],"predecessor-version":[{"id":27348,"href":"https:\/\/idi.no\/es\/wp-json\/wp\/v2\/pages\/18251\/revisions\/27348"}],"wp:attachment":[{"href":"https:\/\/idi.no\/es\/wp-json\/wp\/v2\/media?parent=18251"}],"curies":[{"name":"wp","href":"https:\/\/api.w.org\/{rel}","templated":true}]}}