{"id":21634,"date":"2025-10-20T12:38:01","date_gmt":"2025-10-20T12:38:01","guid":{"rendered":"https:\/\/idi.no\/?page_id=21634"},"modified":"2025-11-12T22:32:37","modified_gmt":"2025-11-12T22:32:37","slug":"aportes","status":"publish","type":"page","link":"https:\/\/idi.no\/es\/get-involved-2\/aportes\/","title":{"rendered":"Contribuir: socio de desarrollo"},"content":{"rendered":"\n<div  class=\"image hero-block \" >\n\t<div class=\"image hero-block__container container\">\n\t\t<div class=\"image hero-block__content\">\n\t\t\t\t\t\t\t<div class=\"image hero-block__breadcrumbs breadcrumbs\">\n\t\t\t\t\t<span><span><a href=\"https:\/\/idi.no\/es\/\">Home<\/a><\/span><\/span>\t\t\t\t<\/div>\n\t\t\t\t\t\t\t\t\t\t<h1 class=\"image hero-block__title\">\n\t\t\t\t\tContribuir: socio de desarrollo\t\t\t\t<\/h1>\n\t\t\t\t\t\t\t\t\t\t\t\t\t<div class=\"image hero-block__description\">\n\t\t\t\t\t\u00bfListo para marcar la diferencia con nosotros? IDI ofrece oportunidades \u00fanicas para que los socios se involucren. \t\t\t\t<\/div>\n\t\t\t\n\t\t<\/div>\n\t\t\t\t\t<div class=\"image hero-block__image\">\n\t\t\t\t<img decoding=\"async\" src=\"https:\/\/idi.no\/wp-content\/uploads\/2025\/10\/staff-sitting-office-desk-using-laptop-listening-colleague-scaled-e1761623233905.jpg\" alt=\"\">\n\t\t\t<\/div>\n\t\t\t<\/div>\n<\/div>\n\n<div  class=\"text-and-media-block  block-image-align--right block-background-color--white with-circles\" >\n\t<div class=\"text-and-media-block__container container\">\n\t\t<div class=\"text-and-media-block__col\">\n\n\t\t\t\t\t\t\t\t\t\t\t\t\t<h2 class=\"text-and-media-block__title\">\n\t\t\t\t\tSocio de desarrollo\t\t\t\t<\/h2>\n\t\t\t\t\t\t\t\t\t\t<div class=\"text-and-media-block__subtitle\">\n\t\t\t\t\tIDI conf\u00eda en los socios de desarrollo para ofrecer resultados significativos. Obtenga m\u00e1s informaci\u00f3n sobre c\u00f3mo puede ayudar. \t\t\t\t<\/div>\n\t\t\t\t\t\t\t\t\t\t<div class=\"text-and-media-block__description\">\n\t\t\t\t\t<p>El apoyo a las Entidades Fiscalizadoras Superiores (EFS) es crucial para promover la buena gobernanza, la transparencia y la supervisi\u00f3n de la gesti\u00f3n financiera p\u00fablica. Cuando las auditor\u00edas del sector p\u00fablico producen resultados impactantes que est\u00e1n libres de injerencias pol\u00edticas, tambi\u00e9n podr\u00edamos encontrar un aumento de la confianza p\u00fablica en las instituciones. Con las EFS independientes, los beneficios son a\u00fan mayores: pueden surgir nuevas oportunidades, se pueden forjar nuevas asociaciones y es probable que el apoyo al desarrollo se mantenga a largo plazo.  <\/p>\n<p>IDI cree en la fortaleza de las EFS para generar confianza p\u00fablica en el gobierno y las instituciones. Nuestro enfoque se adapta a las necesidades de una EFS e incluye apoyo entre pares, asesoramiento de expertos y 40 a\u00f1os de experiencia y creaci\u00f3n de redes. Nuestros resultados han demostrado ser eficaces e invitamos a los socios de desarrollo a explorar m\u00e1s a fondo nuestro trabajo a trav\u00e9s de nuestro <a href=\"https:\/\/idi.no\/resource\/2152-idi-annual-report-2024\/\">Informe Anual<\/a>.  <\/p>\n\t\t\t\t<\/div>\n\t\t\t\n\t\t\t<div class=\"text-and-media-block__button-list\">\n\t\t\t\t\t\t\t\t\t\t\t<a \thref=\"mailto:idi@idi.no\"\n\t\t\t\t\tclass=\"text-and-media-block__button\"\n\t\t\t\t\t target=\"_blank\" rel=\"noopener noreferrer\"\t\t\t\t>\n\t\t\t\t\tCONTACT US\t\t\t\t<\/a>\n\t\t\t\n\t\t\t\t\t\t<\/div>\n\t\t<\/div>\n\t\t\t\t    <div class=\"text-and-media-block__col\">\n\t\t\t\t<div class=\"text-and-media-block__image\">\n\t\t\t\t\t<img decoding=\"async\" src=\"https:\/\/idi.no\/wp-content\/uploads\/2025\/10\/SCR-20251028-axl.png\" alt=\"\">\n\t\t\t\t<\/div>\n\t\t\t<\/div>\n\t\t\t\t<\/div>\n<\/div>\n","protected":false},"excerpt":{"rendered":"","protected":false},"author":3,"featured_media":0,"parent":13519,"menu_order":0,"comment_status":"closed","ping_status":"closed","template":"","meta":{"footnotes":""},"class_list":["post-21634","page","type-page","status-publish","hentry"],"acf":[],"yoast_head":"<!-- This site is optimized with the Yoast SEO plugin v25.3 - https:\/\/yoast.com\/wordpress\/plugins\/seo\/ -->\n<title>Contribuir: socio de desarrollo - IDI<\/title>\n<meta name=\"robots\" content=\"index, follow, max-snippet:-1, max-image-preview:large, max-video-preview:-1\" \/>\n<link rel=\"canonical\" href=\"https:\/\/idi.no\/es\/get-involved-2\/aportes\/\" \/>\n<meta property=\"og:locale\" content=\"es_ES\" \/>\n<meta property=\"og:type\" content=\"article\" \/>\n<meta property=\"og:title\" content=\"Contribuir: socio de desarrollo - IDI\" \/>\n<meta property=\"og:url\" content=\"https:\/\/idi.no\/es\/get-involved-2\/aportes\/\" \/>\n<meta property=\"og:site_name\" content=\"IDI\" \/>\n<meta property=\"article:modified_time\" content=\"2025-11-12T22:32:37+00:00\" \/>\n<meta name=\"twitter:card\" content=\"summary_large_image\" \/>\n<script type=\"application\/ld+json\" class=\"yoast-schema-graph\">{\"@context\":\"https:\/\/schema.org\",\"@graph\":[{\"@type\":\"WebPage\",\"@id\":\"https:\/\/idi.no\/es\/get-involved-2\/aportes\/\",\"url\":\"https:\/\/idi.no\/es\/get-involved-2\/aportes\/\",\"name\":\"Contribuir: socio de desarrollo - IDI\",\"isPartOf\":{\"@id\":\"https:\/\/idi.no\/es\/#website\"},\"datePublished\":\"2025-10-20T12:38:01+00:00\",\"dateModified\":\"2025-11-12T22:32:37+00:00\",\"breadcrumb\":{\"@id\":\"https:\/\/idi.no\/es\/get-involved-2\/aportes\/#breadcrumb\"},\"inLanguage\":\"es\",\"potentialAction\":[{\"@type\":\"ReadAction\",\"target\":[\"https:\/\/idi.no\/es\/get-involved-2\/aportes\/\"]}]},{\"@type\":\"BreadcrumbList\",\"@id\":\"https:\/\/idi.no\/es\/get-involved-2\/aportes\/#breadcrumb\",\"itemListElement\":[{\"@type\":\"ListItem\",\"position\":1,\"name\":\"Home\",\"item\":\"https:\/\/idi.no\/es\/\"},{\"@type\":\"ListItem\",\"position\":2,\"name\":\"Participe\",\"item\":\"https:\/\/idi.no\/es\/get-involved-2\/\"},{\"@type\":\"ListItem\",\"position\":3,\"name\":\"Contribuir: socio de desarrollo\"}]},{\"@type\":\"WebSite\",\"@id\":\"https:\/\/idi.no\/es\/#website\",\"url\":\"https:\/\/idi.no\/es\/\",\"name\":\"IDI\",\"description\":\"\",\"potentialAction\":[{\"@type\":\"SearchAction\",\"target\":{\"@type\":\"EntryPoint\",\"urlTemplate\":\"https:\/\/idi.no\/es\/?s={search_term_string}\"},\"query-input\":{\"@type\":\"PropertyValueSpecification\",\"valueRequired\":true,\"valueName\":\"search_term_string\"}}],\"inLanguage\":\"es\"}]}<\/script>\n<!-- \/ Yoast SEO plugin. -->","yoast_head_json":{"title":"Contribuir: socio de desarrollo - IDI","robots":{"index":"index","follow":"follow","max-snippet":"max-snippet:-1","max-image-preview":"max-image-preview:large","max-video-preview":"max-video-preview:-1"},"canonical":"https:\/\/idi.no\/es\/get-involved-2\/aportes\/","og_locale":"es_ES","og_type":"article","og_title":"Contribuir: socio de desarrollo - IDI","og_url":"https:\/\/idi.no\/es\/get-involved-2\/aportes\/","og_site_name":"IDI","article_modified_time":"2025-11-12T22:32:37+00:00","twitter_card":"summary_large_image","schema":{"@context":"https:\/\/schema.org","@graph":[{"@type":"WebPage","@id":"https:\/\/idi.no\/es\/get-involved-2\/aportes\/","url":"https:\/\/idi.no\/es\/get-involved-2\/aportes\/","name":"Contribuir: socio de desarrollo - IDI","isPartOf":{"@id":"https:\/\/idi.no\/es\/#website"},"datePublished":"2025-10-20T12:38:01+00:00","dateModified":"2025-11-12T22:32:37+00:00","breadcrumb":{"@id":"https:\/\/idi.no\/es\/get-involved-2\/aportes\/#breadcrumb"},"inLanguage":"es","potentialAction":[{"@type":"ReadAction","target":["https:\/\/idi.no\/es\/get-involved-2\/aportes\/"]}]},{"@type":"BreadcrumbList","@id":"https:\/\/idi.no\/es\/get-involved-2\/aportes\/#breadcrumb","itemListElement":[{"@type":"ListItem","position":1,"name":"Home","item":"https:\/\/idi.no\/es\/"},{"@type":"ListItem","position":2,"name":"Participe","item":"https:\/\/idi.no\/es\/get-involved-2\/"},{"@type":"ListItem","position":3,"name":"Contribuir: socio de desarrollo"}]},{"@type":"WebSite","@id":"https:\/\/idi.no\/es\/#website","url":"https:\/\/idi.no\/es\/","name":"IDI","description":"","potentialAction":[{"@type":"SearchAction","target":{"@type":"EntryPoint","urlTemplate":"https:\/\/idi.no\/es\/?s={search_term_string}"},"query-input":{"@type":"PropertyValueSpecification","valueRequired":true,"valueName":"search_term_string"}}],"inLanguage":"es"}]}},"_links":{"self":[{"href":"https:\/\/idi.no\/es\/wp-json\/wp\/v2\/pages\/21634","targetHints":{"allow":["GET"]}}],"collection":[{"href":"https:\/\/idi.no\/es\/wp-json\/wp\/v2\/pages"}],"about":[{"href":"https:\/\/idi.no\/es\/wp-json\/wp\/v2\/types\/page"}],"author":[{"embeddable":true,"href":"https:\/\/idi.no\/es\/wp-json\/wp\/v2\/users\/3"}],"replies":[{"embeddable":true,"href":"https:\/\/idi.no\/es\/wp-json\/wp\/v2\/comments?post=21634"}],"version-history":[{"count":3,"href":"https:\/\/idi.no\/es\/wp-json\/wp\/v2\/pages\/21634\/revisions"}],"predecessor-version":[{"id":27325,"href":"https:\/\/idi.no\/es\/wp-json\/wp\/v2\/pages\/21634\/revisions\/27325"}],"up":[{"embeddable":true,"href":"https:\/\/idi.no\/es\/wp-json\/wp\/v2\/pages\/13519"}],"wp:attachment":[{"href":"https:\/\/idi.no\/es\/wp-json\/wp\/v2\/media?parent=21634"}],"curies":[{"name":"wp","href":"https:\/\/api.w.org\/{rel}","templated":true}]}}