{"id":27310,"date":"2025-10-23T10:00:29","date_gmt":"2025-10-23T10:00:29","guid":{"rendered":"https:\/\/idi.no\/recursos-profesionales-para-la-practica-de-la-auditoria\/"},"modified":"2025-11-12T22:32:26","modified_gmt":"2025-11-12T22:32:26","slug":"recursos-profesionales-para-la-practica-de-la-auditoria","status":"publish","type":"page","link":"https:\/\/idi.no\/es\/recursos-profesionales-para-la-practica-de-la-auditoria\/","title":{"rendered":"Recursos profesionales para la pr\u00e1ctica de la auditor\u00eda"},"content":{"rendered":"\n<div  class=\"hero-block \" >\n\t<div class=\"hero-block__container container\">\n\t\t<div class=\"hero-block__content\">\n\t\t\t\t\t\t\t\t\t\t<h1 class=\"hero-block__title\">\n\t\t\t\t\tRecursos profesionales para la pr\u00e1ctica de la auditor\u00eda\t\t\t\t<\/h1>\n\t\t\t\t\t\t\t\t\t\n\t\t<\/div>\n\t\t\t<\/div>\n<\/div>\n\t<div \n\t\t\tclass=\"recent-resources-block  block-style_white\">\n\t\t<div class=\"recent-resources-block__container container resource_type__All\">\n\t\t\t<h2 class=\"recent-resources-block__label \"><\/h2>\n\t\t\t<div class=\"recent-resources-block__grid  facetwp-template \">\n\t\t\t\t\r\n<div class=\"resource-item content-type__audit-guidance-and-handbooks post-type__resource \">\r\n\r\n            <p class=\"resource-item__image \">\r\n            <img decoding=\"async\" src=\"https:\/\/idi.no\/wp-content\/uploads\/2025\/08\/Cover-page-FA-ISSAi.jpg\"\r\n                 alt=\"Manual de aplicaci\u00f3n de las ISSAI de auditor\u00eda financiera (ingl\u00e9s)\" \r\n                 class=\"resource-item__image\">\r\n        <\/p>\r\n    \r\n    <div class=\"resource-item__content \">\r\n                    <div class=\"resource-item__content-type \">\r\n                <a href=\"\/es\/\/resources-archive\/resources-archive?_content_type=audit-guidance-and-handbooks\">Audit Guidance and Handbooks<\/a>            <\/div>\r\n        \r\n                    <p class=\"resource-item__title \">\r\n                <a href=\"https:\/\/idi.no\/wp-content\/uploads\/2025\/08\/VF-FA-ISSAI-handbook.pdf\"  target=\"_blank\" rel=\"noopener noreferrer\">\r\n                    Manual de aplicaci\u00f3n de las ISSAI de auditor\u00eda financiera (ingl\u00e9s)                <\/a>\r\n            <\/p>\r\n        \r\n        \r\n        <div class=\"resource-item__link \">\r\n                            <a href=\"https:\/\/idi.no\/wp-content\/uploads\/2025\/08\/VF-FA-ISSAI-handbook.pdf\" class=\"resource-item__download-link \" download>\r\n                    Download                    <span class=\"resource-item__download-link-arrow \">\u2193<\/span>\r\n                <\/a>\r\n                    <\/div>\r\n    <\/div>\r\n<\/div>\r\n\t\t\t<\/div>\n\t\t\t\t\t<\/div>\n\t<\/div>\n\t<div \n\t\t\tclass=\"recent-resources-block  block-style_white\">\n\t\t<div class=\"recent-resources-block__container container resource_type__All\">\n\t\t\t<h2 class=\"recent-resources-block__label \">Otros documentos de orientaci\u00f3n<\/h2>\n\t\t\t<div class=\"recent-resources-block__grid  facetwp-template \">\n\t\t\t\t\r\n<div class=\"resource-item content-type__publications post-type__resource \">\r\n\r\n            <p class=\"resource-item__image \">\r\n            <img decoding=\"async\" src=\"https:\/\/idi.no\/wp-content\/uploads\/2025\/08\/front-page-graphic_.jpg\"\r\n                 alt=\"ISAM 2024 ENG\" \r\n                 class=\"resource-item__image\">\r\n        <\/p>\r\n    \r\n    <div class=\"resource-item__content \">\r\n                    <div class=\"resource-item__content-type \">\r\n                <a href=\"\/es\/\/resources-archive\/resources-archive?_content_type=publications\">Publications<\/a>            <\/div>\r\n        \r\n                    <p class=\"resource-item__title \">\r\n                <a href=\"https:\/\/idi.no\/wp-content\/uploads\/resource_files\/isam-2024-final-ecopy.pdf\"  target=\"_blank\" rel=\"noopener noreferrer\">\r\n                    ISAM 2024 ENG                <\/a>\r\n            <\/p>\r\n        \r\n        \r\n        <div class=\"resource-item__link \">\r\n                            <a href=\"https:\/\/idi.no\/wp-content\/uploads\/resource_files\/isam-2024-final-ecopy.pdf\" class=\"resource-item__download-link \" download>\r\n                    Download                    <span class=\"resource-item__download-link-arrow \">\u2193<\/span>\r\n                <\/a>\r\n                    <\/div>\r\n    <\/div>\r\n<\/div>\r\n\r\n<div class=\"resource-item content-type__publications post-type__resource \">\r\n\r\n            <p class=\"resource-item__image \">\r\n            <img decoding=\"async\" src=\"https:\/\/idi.no\/wp-content\/uploads\/2025\/08\/fai-planning-playbook_cover.jpg\"\r\n                 alt=\"Manual de planificaci\u00f3n de la IDI para la auditor\u00eda de impacto\" \r\n                 class=\"resource-item__image\">\r\n        <\/p>\r\n    \r\n    <div class=\"resource-item__content \">\r\n                    <div class=\"resource-item__content-type \">\r\n                <a href=\"\/es\/\/resources-archive\/resources-archive?_content_type=publications\">Publications<\/a>            <\/div>\r\n        \r\n                    <p class=\"resource-item__title \">\r\n                <a href=\"https:\/\/idi.no\/wp-content\/uploads\/resource_files\/idi-planning-for-audit-impact-playbook.pdf\"  target=\"_blank\" rel=\"noopener noreferrer\">\r\n                    Manual de planificaci\u00f3n de la IDI para la auditor\u00eda de impacto                <\/a>\r\n            <\/p>\r\n        \r\n        \r\n        <div class=\"resource-item__link \">\r\n                            <a href=\"https:\/\/idi.no\/wp-content\/uploads\/resource_files\/idi-planning-for-audit-impact-playbook.pdf\" class=\"resource-item__download-link \" download>\r\n                    Download                    <span class=\"resource-item__download-link-arrow \">\u2193<\/span>\r\n                <\/a>\r\n                    <\/div>\r\n    <\/div>\r\n<\/div>\r\n\r\n<div class=\"resource-item content-type__publications post-type__resource \">\r\n\r\n            <p class=\"resource-item__image \">\r\n            <img decoding=\"async\" src=\"https:\/\/idi.no\/wp-content\/uploads\/2025\/10\/SoAQM-Playbook-2.jpg\"\r\n                 alt=\"El Manual del Sistema de Gesti\u00f3n de la Calidad de la Auditor\u00eda (SoAQM)\" \r\n                 class=\"resource-item__image\">\r\n        <\/p>\r\n    \r\n    <div class=\"resource-item__content \">\r\n                    <div class=\"resource-item__content-type \">\r\n                <a href=\"\/es\/\/resources-archive\/resources-archive?_content_type=publications\">Publications<\/a>            <\/div>\r\n        \r\n                    <p class=\"resource-item__title \">\r\n                <a href=\"https:\/\/idi.no\/wp-content\/uploads\/2025\/10\/SoAQM-Playbook-.pdf\"  target=\"_blank\" rel=\"noopener noreferrer\">\r\n                    El Manual del Sistema de Gesti\u00f3n de la Calidad de la Auditor\u00eda (SoAQM)                <\/a>\r\n            <\/p>\r\n        \r\n        \r\n        <div class=\"resource-item__link \">\r\n                            <a href=\"https:\/\/idi.no\/wp-content\/uploads\/2025\/10\/SoAQM-Playbook-.pdf\" class=\"resource-item__download-link \" download>\r\n                    Download                    <span class=\"resource-item__download-link-arrow \">\u2193<\/span>\r\n                <\/a>\r\n                    <\/div>\r\n    <\/div>\r\n<\/div>\r\n\t\t\t<\/div>\n\t\t\t\t\t<\/div>\n\t<\/div>\n","protected":false},"excerpt":{"rendered":"","protected":false},"author":3,"featured_media":0,"parent":0,"menu_order":0,"comment_status":"closed","ping_status":"closed","template":"","meta":{"footnotes":""},"class_list":["post-27310","page","type-page","status-publish","hentry"],"acf":[],"yoast_head":"<!-- This site is optimized with the Yoast SEO plugin v25.3 - https:\/\/yoast.com\/wordpress\/plugins\/seo\/ -->\n<title>Recursos profesionales para la pr\u00e1ctica de la auditor\u00eda - IDI<\/title>\n<meta name=\"robots\" content=\"index, follow, max-snippet:-1, max-image-preview:large, max-video-preview:-1\" \/>\n<link rel=\"canonical\" href=\"https:\/\/idi.no\/es\/recursos-profesionales-para-la-practica-de-la-auditoria\/\" \/>\n<meta property=\"og:locale\" content=\"es_ES\" \/>\n<meta property=\"og:type\" content=\"article\" \/>\n<meta property=\"og:title\" content=\"Recursos profesionales para la pr\u00e1ctica de la auditor\u00eda - IDI\" \/>\n<meta property=\"og:url\" content=\"https:\/\/idi.no\/es\/recursos-profesionales-para-la-practica-de-la-auditoria\/\" \/>\n<meta property=\"og:site_name\" content=\"IDI\" \/>\n<meta property=\"article:modified_time\" content=\"2025-11-12T22:32:26+00:00\" \/>\n<meta name=\"twitter:card\" content=\"summary_large_image\" \/>\n<script type=\"application\/ld+json\" class=\"yoast-schema-graph\">{\"@context\":\"https:\/\/schema.org\",\"@graph\":[{\"@type\":\"WebPage\",\"@id\":\"https:\/\/idi.no\/es\/recursos-profesionales-para-la-practica-de-la-auditoria\/\",\"url\":\"https:\/\/idi.no\/es\/recursos-profesionales-para-la-practica-de-la-auditoria\/\",\"name\":\"Recursos profesionales para la pr\u00e1ctica de la auditor\u00eda - IDI\",\"isPartOf\":{\"@id\":\"https:\/\/idi.no\/es\/#website\"},\"datePublished\":\"2025-10-23T10:00:29+00:00\",\"dateModified\":\"2025-11-12T22:32:26+00:00\",\"breadcrumb\":{\"@id\":\"https:\/\/idi.no\/es\/recursos-profesionales-para-la-practica-de-la-auditoria\/#breadcrumb\"},\"inLanguage\":\"es\",\"potentialAction\":[{\"@type\":\"ReadAction\",\"target\":[\"https:\/\/idi.no\/es\/recursos-profesionales-para-la-practica-de-la-auditoria\/\"]}]},{\"@type\":\"BreadcrumbList\",\"@id\":\"https:\/\/idi.no\/es\/recursos-profesionales-para-la-practica-de-la-auditoria\/#breadcrumb\",\"itemListElement\":[{\"@type\":\"ListItem\",\"position\":1,\"name\":\"Home\",\"item\":\"https:\/\/idi.no\/es\/\"},{\"@type\":\"ListItem\",\"position\":2,\"name\":\"Recursos profesionales para la pr\u00e1ctica de la auditor\u00eda\"}]},{\"@type\":\"WebSite\",\"@id\":\"https:\/\/idi.no\/es\/#website\",\"url\":\"https:\/\/idi.no\/es\/\",\"name\":\"IDI\",\"description\":\"\",\"potentialAction\":[{\"@type\":\"SearchAction\",\"target\":{\"@type\":\"EntryPoint\",\"urlTemplate\":\"https:\/\/idi.no\/es\/?s={search_term_string}\"},\"query-input\":{\"@type\":\"PropertyValueSpecification\",\"valueRequired\":true,\"valueName\":\"search_term_string\"}}],\"inLanguage\":\"es\"}]}<\/script>\n<!-- \/ Yoast SEO plugin. -->","yoast_head_json":{"title":"Recursos profesionales para la pr\u00e1ctica de la auditor\u00eda - IDI","robots":{"index":"index","follow":"follow","max-snippet":"max-snippet:-1","max-image-preview":"max-image-preview:large","max-video-preview":"max-video-preview:-1"},"canonical":"https:\/\/idi.no\/es\/recursos-profesionales-para-la-practica-de-la-auditoria\/","og_locale":"es_ES","og_type":"article","og_title":"Recursos profesionales para la pr\u00e1ctica de la auditor\u00eda - IDI","og_url":"https:\/\/idi.no\/es\/recursos-profesionales-para-la-practica-de-la-auditoria\/","og_site_name":"IDI","article_modified_time":"2025-11-12T22:32:26+00:00","twitter_card":"summary_large_image","schema":{"@context":"https:\/\/schema.org","@graph":[{"@type":"WebPage","@id":"https:\/\/idi.no\/es\/recursos-profesionales-para-la-practica-de-la-auditoria\/","url":"https:\/\/idi.no\/es\/recursos-profesionales-para-la-practica-de-la-auditoria\/","name":"Recursos profesionales para la pr\u00e1ctica de la auditor\u00eda - IDI","isPartOf":{"@id":"https:\/\/idi.no\/es\/#website"},"datePublished":"2025-10-23T10:00:29+00:00","dateModified":"2025-11-12T22:32:26+00:00","breadcrumb":{"@id":"https:\/\/idi.no\/es\/recursos-profesionales-para-la-practica-de-la-auditoria\/#breadcrumb"},"inLanguage":"es","potentialAction":[{"@type":"ReadAction","target":["https:\/\/idi.no\/es\/recursos-profesionales-para-la-practica-de-la-auditoria\/"]}]},{"@type":"BreadcrumbList","@id":"https:\/\/idi.no\/es\/recursos-profesionales-para-la-practica-de-la-auditoria\/#breadcrumb","itemListElement":[{"@type":"ListItem","position":1,"name":"Home","item":"https:\/\/idi.no\/es\/"},{"@type":"ListItem","position":2,"name":"Recursos profesionales para la pr\u00e1ctica de la auditor\u00eda"}]},{"@type":"WebSite","@id":"https:\/\/idi.no\/es\/#website","url":"https:\/\/idi.no\/es\/","name":"IDI","description":"","potentialAction":[{"@type":"SearchAction","target":{"@type":"EntryPoint","urlTemplate":"https:\/\/idi.no\/es\/?s={search_term_string}"},"query-input":{"@type":"PropertyValueSpecification","valueRequired":true,"valueName":"search_term_string"}}],"inLanguage":"es"}]}},"_links":{"self":[{"href":"https:\/\/idi.no\/es\/wp-json\/wp\/v2\/pages\/27310","targetHints":{"allow":["GET"]}}],"collection":[{"href":"https:\/\/idi.no\/es\/wp-json\/wp\/v2\/pages"}],"about":[{"href":"https:\/\/idi.no\/es\/wp-json\/wp\/v2\/types\/page"}],"author":[{"embeddable":true,"href":"https:\/\/idi.no\/es\/wp-json\/wp\/v2\/users\/3"}],"replies":[{"embeddable":true,"href":"https:\/\/idi.no\/es\/wp-json\/wp\/v2\/comments?post=27310"}],"version-history":[{"count":1,"href":"https:\/\/idi.no\/es\/wp-json\/wp\/v2\/pages\/27310\/revisions"}],"predecessor-version":[{"id":27311,"href":"https:\/\/idi.no\/es\/wp-json\/wp\/v2\/pages\/27310\/revisions\/27311"}],"wp:attachment":[{"href":"https:\/\/idi.no\/es\/wp-json\/wp\/v2\/media?parent=27310"}],"curies":[{"name":"wp","href":"https:\/\/api.w.org\/{rel}","templated":true}]}}