{"id":13358,"date":"2025-06-11T13:47:18","date_gmt":"2025-06-11T13:47:18","guid":{"rendered":"https:\/\/idi.no\/about\/overview\/"},"modified":"2025-11-24T13:26:35","modified_gmt":"2025-11-24T13:26:35","slug":"overview","status":"publish","type":"page","link":"https:\/\/idi.no\/fr\/about\/overview\/","title":{"rendered":"Notre histoire, mission et vision"},"content":{"rendered":"\n<div  class=\"hero-block \" >\n\t<div class=\"hero-block__container container\">\n\t\t<div class=\"hero-block__content\">\n\t\t\t\t\t\t\t<div class=\"hero-block__breadcrumbs breadcrumbs\">\n\t\t\t\t\t<span><span><a href=\"https:\/\/idi.no\/fr\/\">Home<\/a><\/span><\/span>\t\t\t\t<\/div>\n\t\t\t\t\t\t\t\t\t\t<h1 class=\"hero-block__title\">\n\t\t\t\t\tNotre histoire, mission et vision\t\t\t\t<\/h1>\n\t\t\t\t\t\t\t\t\t\t\t\t\t<div class=\"hero-block__description\">\n\t\t\t\t\tL\u2019IDI a pour mandat de soutenir les Institutions sup\u00e9rieures de contr\u00f4le des finances publiques (ISC) des pays en d\u00e9veloppement, afin qu&rsquo;elles am\u00e9liorent durablement leurs performances et leurs capacit\u00e9s.\t\t\t\t<\/div>\n\t\t\t\n\t\t<\/div>\n\t\t\t<\/div>\n<\/div>\n\r\n<div  class=\"text-only-block text-only-block__white-background text-only-block__text-only\"> <!-- Removed undefined $style (before: echoed $style) -->\r\n    <div class=\"text-only-block__container container\">\r\n                    <div class=\"text-only-block__content\">\r\n                                    <h2 class=\"text-only-block__title\">Notre histoire<\/h2>\r\n                                                    <div class=\"text-only-block__subtitle lede\">En 2026, l\u2019IDI c\u00e9l\u00e8brera son 40e anniversaire ainsi que sa 25e ann\u00e9e d&#039;implantation en Norv\u00e8ge.<\/div>\r\n                                                    <div class=\"text-only-block__description\"><p><span data-contrast=\"none\">Le Bureau du v\u00e9rificateur g\u00e9n\u00e9ral du Canada a d\u2019abord accueilli l\u2019IDI de 1986 \u00e0 2000. En 2001, l\u2019IDI s\u2019est install\u00e9e en Norv\u00e8ge, sous l\u2019\u00e9gide du Bureau national d\u2019audit de Norv\u00e8ge (NAO).  <\/span><span> <\/span><\/p>\n<p><span data-contrast=\"none\">L\u2019IDI est pass\u00e9e d\u2019un centre de formation \u00e0 une organisation ax\u00e9e sur le soutien aux Institutions sup\u00e9rieures de contr\u00f4le des finances publiques (ISC) pour renforcer leurs capacit\u00e9s institutionnelles, organisationnelles et professionnelles, ainsi que leur propre performance.<\/span><span> <\/span><\/p>\n<p>Le travail avec des pairs et des partenaires issus des organisations de l\u2019INTOSAI, des organismes r\u00e9gionaux de l\u2019INTOSAI et d\u2019autres parties prenantes a \u00e9t\u00e9 au c\u0153ur du travail de l\u2019IDI. Ce mod\u00e8le a contribu\u00e9 au succ\u00e8s de l\u2019IDI et a \u00e9t\u00e9 perfectionn\u00e9 au fil des ans. <\/p>\n<p><span data-contrast=\"none\">Aujourd\u2019hui, notre travail b\u00e9n\u00e9ficie aux Institutions sup\u00e9rieures de contr\u00f4le des finances publiques de plus de 140 pays en d\u00e9veloppement et contribue \u00e0 faire une diff\u00e9rence dans la vie des citoyens de ces pays.<\/span><span> <\/span><\/p>\n<\/div>\r\n                                \r\n                <!-- New: Wrap all buttons in __button-list for consistency with working block -->\r\n                <div class=\"text-only-block__button-list\">\r\n                    \r\n                                    <\/div>\r\n            <\/div>\r\n        \r\n        \r\n        \r\n            <\/div>\r\n<\/div>\n<div  class=\"text-and-media-block  block-image-align--right block-background-color--blue with-circles\" >\n\t<div class=\"text-and-media-block__container container\">\n\t\t<div class=\"text-and-media-block__col\">\n\n\t\t\t\t\t\t\t\t\t\t\t\t\t<h2 class=\"text-and-media-block__title\">\n\t\t\t\t\tNotre mission\t\t\t\t<\/h2>\n\t\t\t\t\t\t\t\t\t\t\t\t\t<div class=\"text-and-media-block__description\">\n\t\t\t\t\t<p>L&rsquo;Initiative de d\u00e9veloppement de l&rsquo;INTOSAI (IDI) soutient les Institutions sup\u00e9rieures de contr\u00f4le des finances publiques (ISC) dans les pays en d\u00e9veloppement afin qu&rsquo;elles am\u00e9liorent durablement leurs performances et leurs capacit\u00e9s. Nous faisons partie de l&rsquo;Organisation internationale des Institutions sup\u00e9rieures de contr\u00f4le des finances publiques (INTOSAI) et travaillons en collaboration avec les comit\u00e9s de l&rsquo;INTOSAI, les organisations r\u00e9gionales, les ISC, ainsi que d&rsquo;autres partenaires et parties prenantes, en faveur d&rsquo;ISC ind\u00e9pendantes, bien g\u00e9r\u00e9es, professionnelles et pertinentes. <\/p>\n<p>Nous faisons partie de l&rsquo;Organisation internationale des Institutions sup\u00e9rieures de contr\u00f4le des finances publiques (INTOSAI) et travaillons en collaboration avec les comit\u00e9s de l&rsquo;INTOSAI, les organisations r\u00e9gionales, les ISC, ainsi que d&rsquo;autres partenaires et parties prenantes, en faveur d&rsquo;ISC ind\u00e9pendantes, bien g\u00e9r\u00e9es, professionnelles et pertinentes.<\/p>\n\t\t\t\t<\/div>\n\t\t\t\n\t\t\t<div class=\"text-and-media-block__button-list\">\n\t\t\t\n\t\t\t\t\t\t<\/div>\n\t\t<\/div>\n\t\t\t\t    <div class=\"text-and-media-block__col\">\n\t\t\t\t<div class=\"text-and-media-block__image\">\n\t\t\t\t\t<img decoding=\"async\" src=\"https:\/\/idi.no\/wp-content\/uploads\/2025\/10\/mission.png\" alt=\"\">\n\t\t\t\t<\/div>\n\t\t\t<\/div>\n\t\t\t\t<\/div>\n<\/div>\n\n<div  class=\"text-and-media-block  block-image-align--left block-background-color--white with-circles\" >\n\t<div class=\"text-and-media-block__container container\">\n\t\t<div class=\"text-and-media-block__col\">\n\n\t\t\t\t\t\t\t\t\t\t\t\t\t<h2 class=\"text-and-media-block__title\">\n\t\t\t\t\tNotre vision\t\t\t\t<\/h2>\n\t\t\t\t\t\t\t\t\t\t<div class=\"text-and-media-block__subtitle\">\n\t\t\t\t\tDes ISC ind\u00e9pendantes, cr\u00e9dibles et durables : au service de soci\u00e9t\u00e9s meilleures et de vies am\u00e9lior\u00e9es.\t\t\t\t<\/div>\n\t\t\t\t\t\t\n\t\t\t<div class=\"text-and-media-block__button-list\">\n\t\t\t\n\t\t\t\t\t\t<\/div>\n\t\t<\/div>\n\t\t\t\t    <div class=\"text-and-media-block__col\">\n\t\t\t\t<div class=\"text-and-media-block__image\">\n\t\t\t\t\t<img decoding=\"async\" src=\"https:\/\/idi.no\/wp-content\/uploads\/2025\/10\/AdobeStock_1209656762-scaled.jpeg\" alt=\"\">\n\t\t\t\t<\/div>\n\t\t\t<\/div>\n\t\t\t\t<\/div>\n<\/div>\n\r\n<div  class=\"text-only-block text-only-block__blue-background text-only-block__columns-repeater\"> <!-- Removed undefined $style (before: echoed $style) -->\r\n    <div class=\"text-only-block__container container\">\r\n        \r\n        \r\n                    <div class=\"text-only-block__content\">\r\n                                    <h2 class=\"text-only-block__title\">Nos valeurs<\/h2>\r\n                                                                    <div class=\"text-only-block__columns\">\r\n                                                <div class=\"text-only-block__column\">\r\n                                                            <img decoding=\"async\" \r\n                                    class=\"\" \r\n                                    src=\"https:\/\/idi.no\/wp-content\/uploads\/2025\/11\/Values-box-1.png\" \r\n                                    alt=\"\">\r\n                                                                                        <h4 class=\"text-only-block__column-title\">Professionnalisme<\/h4>\r\n                                                                                                                    <div class=\"text-only-block__column-description\"><p>Nous nous tenons responsables, nous visons la qualit\u00e9 et l&rsquo;excellence, et nous faisons preuve d&rsquo;int\u00e9grit\u00e9.<\/p>\n<\/div>\r\n                                                                                <\/div>\r\n                                                <div class=\"text-only-block__column\">\r\n                                                            <img decoding=\"async\" \r\n                                    class=\"\" \r\n                                    src=\"https:\/\/idi.no\/wp-content\/uploads\/2025\/11\/Values-box-2.png\" \r\n                                    alt=\"\">\r\n                                                                                        <h4 class=\"text-only-block__column-title\">Innovation<\/h4>\r\n                                                                                                                    <div class=\"text-only-block__column-description\"><p>Nous explorons de mani\u00e8re proactive des id\u00e9es cr\u00e9atives et adaptons de nouvelles technologies et strat\u00e9gies dans un monde en constante \u00e9volution.<\/p>\n<\/div>\r\n                                                                                <\/div>\r\n                                                <div class=\"text-only-block__column\">\r\n                                                            <img decoding=\"async\" \r\n                                    class=\"\" \r\n                                    src=\"https:\/\/idi.no\/wp-content\/uploads\/2025\/11\/Values-box-4.png\" \r\n                                    alt=\"\">\r\n                                                                                        <h4 class=\"text-only-block__column-title\">Collaboration<\/h4>\r\n                                                                                                                    <div class=\"text-only-block__column-description\"><p>Nous travaillons efficacement avec nos partenaires et nous effor\u00e7ons d&rsquo;assurer la coordination au sein de l&rsquo;IDI et entre les diff\u00e9rentes organisations qui soutiennent les ISC.<\/p>\n<\/div>\r\n                                                                                <\/div>\r\n                                                <div class=\"text-only-block__column\">\r\n                                                            <img decoding=\"async\" \r\n                                    class=\"\" \r\n                                    src=\"https:\/\/idi.no\/wp-content\/uploads\/2025\/11\/Values-box-3.png\" \r\n                                    alt=\"\">\r\n                                                                                        <h4 class=\"text-only-block__column-title\">Avec c\u0153ur<\/h4>\r\n                                                                                                                    <div class=\"text-only-block__column-description\"><p>Nous nous effor\u00e7ons d&rsquo;\u00eatre justes, sensibles au genre, inclusifs, empathiques, bienveillants et respectueux. Nous cherchons \u00e9galement \u00e0 favoriser le bien-\u00eatre personnel et un sentiment d\u2019appartenance. Agir avec c\u0153ur est essentiel pour la mise en pratique de chacune des autres valeurs de l\u2019IDI. <\/p>\n<\/div>\r\n                                                                                <\/div>\r\n                                            <\/div>\r\n                                \r\n                <!-- New: Added entire button section here (including main button + additional_buttons in __button-list) to support repeater in this layout -->\r\n                <div class=\"text-only-block__button-list\">\r\n                    \r\n                                    <\/div>\r\n            <\/div>\r\n        \r\n            <\/div>\r\n<\/div>","protected":false},"excerpt":{"rendered":"","protected":false},"author":1,"featured_media":0,"parent":13348,"menu_order":0,"comment_status":"closed","ping_status":"closed","template":"","meta":{"footnotes":""},"class_list":["post-13358","page","type-page","status-publish","hentry"],"acf":[],"yoast_head":"<!-- This site is optimized with the Yoast SEO plugin v25.3 - https:\/\/yoast.com\/wordpress\/plugins\/seo\/ -->\n<title>Notre histoire, mission et vision - IDI<\/title>\n<meta name=\"robots\" content=\"index, follow, max-snippet:-1, max-image-preview:large, max-video-preview:-1\" \/>\n<link rel=\"canonical\" href=\"https:\/\/idi.no\/fr\/about\/overview\/\" \/>\n<meta property=\"og:locale\" content=\"fr_FR\" \/>\n<meta property=\"og:type\" content=\"article\" \/>\n<meta property=\"og:title\" content=\"Notre histoire, mission et vision - IDI\" \/>\n<meta property=\"og:url\" content=\"https:\/\/idi.no\/fr\/about\/overview\/\" \/>\n<meta property=\"og:site_name\" content=\"IDI\" \/>\n<meta property=\"article:modified_time\" content=\"2025-11-24T13:26:35+00:00\" \/>\n<meta name=\"twitter:card\" content=\"summary_large_image\" \/>\n<script type=\"application\/ld+json\" class=\"yoast-schema-graph\">{\"@context\":\"https:\/\/schema.org\",\"@graph\":[{\"@type\":\"WebPage\",\"@id\":\"https:\/\/idi.no\/fr\/about\/overview\/\",\"url\":\"https:\/\/idi.no\/fr\/about\/overview\/\",\"name\":\"Notre histoire, mission et vision - IDI\",\"isPartOf\":{\"@id\":\"https:\/\/idi.no\/fr\/#website\"},\"datePublished\":\"2025-06-11T13:47:18+00:00\",\"dateModified\":\"2025-11-24T13:26:35+00:00\",\"breadcrumb\":{\"@id\":\"https:\/\/idi.no\/fr\/about\/overview\/#breadcrumb\"},\"inLanguage\":\"fr-FR\",\"potentialAction\":[{\"@type\":\"ReadAction\",\"target\":[\"https:\/\/idi.no\/fr\/about\/overview\/\"]}]},{\"@type\":\"BreadcrumbList\",\"@id\":\"https:\/\/idi.no\/fr\/about\/overview\/#breadcrumb\",\"itemListElement\":[{\"@type\":\"ListItem\",\"position\":1,\"name\":\"Home\",\"item\":\"https:\/\/idi.no\/fr\/\"},{\"@type\":\"ListItem\",\"position\":2,\"name\":\"Qui sommes-nous ?\",\"item\":\"https:\/\/idi.no\/fr\/about\/\"},{\"@type\":\"ListItem\",\"position\":3,\"name\":\"Notre histoire, mission et vision\"}]},{\"@type\":\"WebSite\",\"@id\":\"https:\/\/idi.no\/fr\/#website\",\"url\":\"https:\/\/idi.no\/fr\/\",\"name\":\"IDI\",\"description\":\"\",\"potentialAction\":[{\"@type\":\"SearchAction\",\"target\":{\"@type\":\"EntryPoint\",\"urlTemplate\":\"https:\/\/idi.no\/fr\/?s={search_term_string}\"},\"query-input\":{\"@type\":\"PropertyValueSpecification\",\"valueRequired\":true,\"valueName\":\"search_term_string\"}}],\"inLanguage\":\"fr-FR\"}]}<\/script>\n<!-- \/ Yoast SEO plugin. -->","yoast_head_json":{"title":"Notre histoire, mission et vision - IDI","robots":{"index":"index","follow":"follow","max-snippet":"max-snippet:-1","max-image-preview":"max-image-preview:large","max-video-preview":"max-video-preview:-1"},"canonical":"https:\/\/idi.no\/fr\/about\/overview\/","og_locale":"fr_FR","og_type":"article","og_title":"Notre histoire, mission et vision - IDI","og_url":"https:\/\/idi.no\/fr\/about\/overview\/","og_site_name":"IDI","article_modified_time":"2025-11-24T13:26:35+00:00","twitter_card":"summary_large_image","schema":{"@context":"https:\/\/schema.org","@graph":[{"@type":"WebPage","@id":"https:\/\/idi.no\/fr\/about\/overview\/","url":"https:\/\/idi.no\/fr\/about\/overview\/","name":"Notre histoire, mission et vision - IDI","isPartOf":{"@id":"https:\/\/idi.no\/fr\/#website"},"datePublished":"2025-06-11T13:47:18+00:00","dateModified":"2025-11-24T13:26:35+00:00","breadcrumb":{"@id":"https:\/\/idi.no\/fr\/about\/overview\/#breadcrumb"},"inLanguage":"fr-FR","potentialAction":[{"@type":"ReadAction","target":["https:\/\/idi.no\/fr\/about\/overview\/"]}]},{"@type":"BreadcrumbList","@id":"https:\/\/idi.no\/fr\/about\/overview\/#breadcrumb","itemListElement":[{"@type":"ListItem","position":1,"name":"Home","item":"https:\/\/idi.no\/fr\/"},{"@type":"ListItem","position":2,"name":"Qui sommes-nous ?","item":"https:\/\/idi.no\/fr\/about\/"},{"@type":"ListItem","position":3,"name":"Notre histoire, mission et vision"}]},{"@type":"WebSite","@id":"https:\/\/idi.no\/fr\/#website","url":"https:\/\/idi.no\/fr\/","name":"IDI","description":"","potentialAction":[{"@type":"SearchAction","target":{"@type":"EntryPoint","urlTemplate":"https:\/\/idi.no\/fr\/?s={search_term_string}"},"query-input":{"@type":"PropertyValueSpecification","valueRequired":true,"valueName":"search_term_string"}}],"inLanguage":"fr-FR"}]}},"_links":{"self":[{"href":"https:\/\/idi.no\/fr\/wp-json\/wp\/v2\/pages\/13358","targetHints":{"allow":["GET"]}}],"collection":[{"href":"https:\/\/idi.no\/fr\/wp-json\/wp\/v2\/pages"}],"about":[{"href":"https:\/\/idi.no\/fr\/wp-json\/wp\/v2\/types\/page"}],"author":[{"embeddable":true,"href":"https:\/\/idi.no\/fr\/wp-json\/wp\/v2\/users\/1"}],"replies":[{"embeddable":true,"href":"https:\/\/idi.no\/fr\/wp-json\/wp\/v2\/comments?post=13358"}],"version-history":[{"count":20,"href":"https:\/\/idi.no\/fr\/wp-json\/wp\/v2\/pages\/13358\/revisions"}],"predecessor-version":[{"id":32257,"href":"https:\/\/idi.no\/fr\/wp-json\/wp\/v2\/pages\/13358\/revisions\/32257"}],"up":[{"embeddable":true,"href":"https:\/\/idi.no\/fr\/wp-json\/wp\/v2\/pages\/13348"}],"wp:attachment":[{"href":"https:\/\/idi.no\/fr\/wp-json\/wp\/v2\/media?parent=13358"}],"curies":[{"name":"wp","href":"https:\/\/api.w.org\/{rel}","templated":true}]}}