{"id":13367,"date":"2025-06-12T12:14:56","date_gmt":"2025-06-12T12:14:56","guid":{"rendered":"https:\/\/idi.no\/about\/our-partners\/"},"modified":"2025-11-24T14:55:23","modified_gmt":"2025-11-24T14:55:23","slug":"our-partners","status":"publish","type":"page","link":"https:\/\/idi.no\/fr\/about\/our-partners\/","title":{"rendered":"Nos partenaires"},"content":{"rendered":"\n<div  class=\"hero-block \" >\n\t<div class=\"hero-block__container container\">\n\t\t<div class=\"hero-block__content\">\n\t\t\t\t\t\t\t<div class=\"hero-block__breadcrumbs breadcrumbs\">\n\t\t\t\t\t<span><span><a href=\"https:\/\/idi.no\/fr\/\">Home<\/a><\/span><\/span>\t\t\t\t<\/div>\n\t\t\t\t\t\t\t\t\t\t<h1 class=\"hero-block__title\">\n\t\t\t\t\tPartenaires\t\t\t\t<\/h1>\n\t\t\t\t\t\t\t\t\t\t\t\t\t<div class=\"hero-block__description\">\n\t\t\t\t\t\u00c0 l\u2019IDI, nous sommes fiers de travailler main dans la main avec des partenaires qui partagent notre vision d\u2019ISC ind\u00e9pendantes, cr\u00e9dibles et durables, au service de soci\u00e9t\u00e9s meilleures et d\u2019une vie am\u00e9lior\u00e9e.\t\t\t\t<\/div>\n\t\t\t\n\t\t<\/div>\n\t\t\t<\/div>\n<\/div>\n\r\n<div  class=\"text-only-block text-only-block__white-background text-only-block__text-only\"> <!-- Removed undefined $style (before: echoed $style) -->\r\n    <div class=\"text-only-block__container container\">\r\n                    <div class=\"text-only-block__content\">\r\n                                                                    <div class=\"text-only-block__description\"><p class=\"lede\"><strong><span style=\"color: #3376a5\">L\u2019IDI s\u2019appuie sur ses partenaires pour r\u00e9aliser sa mission et am\u00e9liorer la performance et les capacit\u00e9s des institutions sup\u00e9rieures de contr\u00f4le des finances publiques (ISC). Nos partenaires fournissent les ressources financi\u00e8res et en nature qui rendent possibles tous nos efforts. Nous appr\u00e9cions le soutien continu de tous nos partenaires :  <\/span><\/strong><\/p>\n<\/div>\r\n                                \r\n                <!-- New: Wrap all buttons in __button-list for consistency with working block -->\r\n                <div class=\"text-only-block__button-list\">\r\n                    \r\n                                    <\/div>\r\n            <\/div>\r\n        \r\n        \r\n        \r\n            <\/div>\r\n<\/div>\n<div  class=\"our-partners-block \" >\n\t<div class=\"our-partners-block__container container\">\n\t\t\t\t\t<h2 class=\"our-partners-block__title\">\n\t\t\t\tPartenaires financiers\t\t\t<\/h2>\n\t\t\t\t\t\t\t<div class=\"our-partners-block__items\">\n\t\t\t\t\t\t\t\t\t\t\t<div class=\"our-partners-block__item\">\n\t\t\t\t\t\t\t<div class=\"our-partners-block__item-image\">\n\t\t\t\t\t\t\t\t<img decoding=\"async\" src=\"https:\/\/idi.no\/wp-content\/uploads\/2025\/08\/RR-logo-RGB-horisontal-primaerrod-1.svg\" alt=\"Riksrevisjonen\">\n\t\t\t\t\t\t\t<\/div>\n\t\t\t\t\t\t<\/div>\n\t\t\t\t\t\t\t\t\t\t\t<div class=\"our-partners-block__item\">\n\t\t\t\t\t\t\t<div class=\"our-partners-block__item-image\">\n\t\t\t\t\t\t\t\t<img decoding=\"async\" src=\"https:\/\/idi.no\/wp-content\/uploads\/2025\/08\/sida3.png\" alt=\"Sida\">\n\t\t\t\t\t\t\t<\/div>\n\t\t\t\t\t\t<\/div>\n\t\t\t\t\t\t\t\t\t\t\t<div class=\"our-partners-block__item\">\n\t\t\t\t\t\t\t<div class=\"our-partners-block__item-image\">\n\t\t\t\t\t\t\t\t<img decoding=\"async\" src=\"https:\/\/idi.no\/wp-content\/uploads\/2025\/08\/austrian-development-cooperation-logo-new2.jpg\" alt=\"ADC\">\n\t\t\t\t\t\t\t<\/div>\n\t\t\t\t\t\t<\/div>\n\t\t\t\t\t\t\t\t\t\t\t<div class=\"our-partners-block__item\">\n\t\t\t\t\t\t\t<div class=\"our-partners-block__item-image\">\n\t\t\t\t\t\t\t\t<img decoding=\"async\" src=\"https:\/\/idi.no\/wp-content\/uploads\/2025\/08\/intosai2.png\" alt=\"Intosai\">\n\t\t\t\t\t\t\t<\/div>\n\t\t\t\t\t\t<\/div>\n\t\t\t\t\t\t\t\t\t\t\t<div class=\"our-partners-block__item\">\n\t\t\t\t\t\t\t<div class=\"our-partners-block__item-image\">\n\t\t\t\t\t\t\t\t<img decoding=\"async\" src=\"https:\/\/idi.no\/wp-content\/uploads\/2025\/08\/irish-aid2.png\" alt=\"Irish Aid\">\n\t\t\t\t\t\t\t<\/div>\n\t\t\t\t\t\t<\/div>\n\t\t\t\t\t\t\t\t\t\t\t<div class=\"our-partners-block__item\">\n\t\t\t\t\t\t\t<div class=\"our-partners-block__item-image\">\n\t\t\t\t\t\t\t\t<img decoding=\"async\" src=\"https:\/\/idi.no\/wp-content\/uploads\/2025\/08\/latvia-logo.png\" alt=\"Latvijas Republikas Valsts kontrole\">\n\t\t\t\t\t\t\t<\/div>\n\t\t\t\t\t\t<\/div>\n\t\t\t\t\t\t\t\t\n\t\t<\/div>\n\t\t\t\t\t<\/div>\n<\/div>\n\n<div  class=\"our-partners-block \" >\n\t<div class=\"our-partners-block__container container\">\n\t\t\t\t\t<h2 class=\"our-partners-block__title\">\n\t\t\t\tPartenaires financiers actifs avec financement d\u00e9di\u00e9 \t\t\t<\/h2>\n\t\t\t\t\t\t\t<div class=\"our-partners-block__items\">\n\t\t\t\t\t\t\t\t\t\t\t<div class=\"our-partners-block__item\">\n\t\t\t\t\t\t\t<div class=\"our-partners-block__item-image\">\n\t\t\t\t\t\t\t\t<img decoding=\"async\" src=\"https:\/\/idi.no\/wp-content\/uploads\/2025\/08\/adb-logo-smaller.jpg\" alt=\"ADB\">\n\t\t\t\t\t\t\t<\/div>\n\t\t\t\t\t\t<\/div>\n\t\t\t\t\t\t\t\t\t\t\t<div class=\"our-partners-block__item\">\n\t\t\t\t\t\t\t<div class=\"our-partners-block__item-image\">\n\t\t\t\t\t\t\t\t<img decoding=\"async\" src=\"https:\/\/idi.no\/wp-content\/uploads\/2025\/08\/canada2.png\" alt=\"Canada\">\n\t\t\t\t\t\t\t<\/div>\n\t\t\t\t\t\t<\/div>\n\t\t\t\t\t\t\t\t\t\t\t<div class=\"our-partners-block__item\">\n\t\t\t\t\t\t\t<div class=\"our-partners-block__item-image\">\n\t\t\t\t\t\t\t\t<img decoding=\"async\" src=\"https:\/\/idi.no\/wp-content\/uploads\/2025\/10\/CFLI_Identifier-EN-FR.jpg\" alt=\"Canada Fund for Local Initiatives\">\n\t\t\t\t\t\t\t<\/div>\n\t\t\t\t\t\t<\/div>\n\t\t\t\t\t\t\t\t\t\t\t<div class=\"our-partners-block__item\">\n\t\t\t\t\t\t\t<div class=\"our-partners-block__item-image\">\n\t\t\t\t\t\t\t\t<img decoding=\"async\" src=\"https:\/\/idi.no\/wp-content\/uploads\/2025\/08\/European_Commission.svg-1.png\" alt=\"European Commission\">\n\t\t\t\t\t\t\t<\/div>\n\t\t\t\t\t\t<\/div>\n\t\t\t\t\t\t\t\t\t\t\t<div class=\"our-partners-block__item\">\n\t\t\t\t\t\t\t<div class=\"our-partners-block__item-image\">\n\t\t\t\t\t\t\t\t<img decoding=\"async\" src=\"https:\/\/idi.no\/wp-content\/uploads\/2025\/08\/france-mfa-logo.png\" alt=\"Republique Francaise\">\n\t\t\t\t\t\t\t<\/div>\n\t\t\t\t\t\t<\/div>\n\t\t\t\t\t\t\t\t\t\t\t<div class=\"our-partners-block__item\">\n\t\t\t\t\t\t\t<div class=\"our-partners-block__item-image\">\n\t\t\t\t\t\t\t\t<img decoding=\"async\" src=\"https:\/\/idi.no\/wp-content\/uploads\/2025\/08\/gca_brandmark-artwork_vertical_rgb_palm-green-scaled.png\" alt=\"General court of audit\">\n\t\t\t\t\t\t\t<\/div>\n\t\t\t\t\t\t<\/div>\n\t\t\t\t\t\t\t\t\t\t\t<div class=\"our-partners-block__item\">\n\t\t\t\t\t\t\t<div class=\"our-partners-block__item-image\">\n\t\t\t\t\t\t\t\t<img decoding=\"async\" src=\"https:\/\/idi.no\/wp-content\/uploads\/2025\/08\/norad_hovedlogo-liggende_green_rgb-scaled.png\" alt=\"Norad\">\n\t\t\t\t\t\t\t<\/div>\n\t\t\t\t\t\t<\/div>\n\t\t\t\t\t\t\t\t\t\t\t<div class=\"our-partners-block__item\">\n\t\t\t\t\t\t\t<div class=\"our-partners-block__item-image\">\n\t\t\t\t\t\t\t\t<img decoding=\"async\" src=\"https:\/\/idi.no\/wp-content\/uploads\/2025\/08\/norwegian-ministry-of-foreign-affairs.png\" alt=\"Norwegian Ministry of Foreign Affairs\">\n\t\t\t\t\t\t\t<\/div>\n\t\t\t\t\t\t<\/div>\n\t\t\t\t\t\t\t\t\t\t\t<div class=\"our-partners-block__item\">\n\t\t\t\t\t\t\t<div class=\"our-partners-block__item-image\">\n\t\t\t\t\t\t\t\t<img decoding=\"async\" src=\"https:\/\/idi.no\/wp-content\/uploads\/2025\/08\/seco2.png\" alt=\"State Secretariat for Economic Affairs SECO\">\n\t\t\t\t\t\t\t<\/div>\n\t\t\t\t\t\t<\/div>\n\t\t\t\t\t\t\t\t\n\t\t<\/div>\n\t\t\t\t\t<\/div>\n<\/div>\n\r\n<div  class=\"text-only-block text-only-block__white-background text-only-block__text-only\"> <!-- Removed undefined $style (before: echoed $style) -->\r\n    <div class=\"text-only-block__container container\">\r\n                    <div class=\"text-only-block__content\">\r\n                                                                    <div class=\"text-only-block__description\"><p><em>Leurs contributions soutiennent des axes de travail sp\u00e9cifiques et des initiatives de d\u00e9veloppement des capacit\u00e9s.<\/em><\/p>\n<\/div>\r\n                                \r\n                <!-- New: Wrap all buttons in __button-list for consistency with working block -->\r\n                <div class=\"text-only-block__button-list\">\r\n                    \r\n                                    <\/div>\r\n            <\/div>\r\n        \r\n        \r\n        \r\n            <\/div>\r\n<\/div>\r\n<div  class=\"text-only-block text-only-block__blue-background text-only-block__two-columns\"> <!-- Removed undefined $style (before: echoed $style) -->\r\n    <div class=\"text-only-block__container container\">\r\n        \r\n                    <div class=\"text-only-block__content\">\r\n                <div class=\"text-only-block__column\">\r\n                                            <h2 class=\"text-only-block__title\">Communaut\u00e9 internationale des Institutions sup\u00e9rieures de contr\u00f4le des finances publiques<\/h2>\r\n                                    <\/div>\r\n                <div class=\"text-only-block__column\">\r\n                                                                <div class=\"text-only-block__subtitle lede\">L\u2019IDI est le principal organisme d\u2019ex\u00e9cution de l\u2019Organisation internationale des Institutions sup\u00e9rieures de contr\u00f4le des finances publiques (INTOSAI) et travaille en \u00e9troite coop\u00e9ration avec d\u2019autres organes de l\u2019INTOSAI tels que le Secr\u00e9tariat g\u00e9n\u00e9ral, le Conseil de gouvernance, le Comit\u00e9 des finances et de l&#039;administration, le Comit\u00e9 de renforcement des capacit\u00e9s, le Comit\u00e9 de partage des connaissances et le Comit\u00e9 des normes professionnelles.<\/div>\r\n                                                                <div class=\"text-only-block__description\"><p>At IDI, we cooperate with several working groups and task forces in <a href=\"https:\/\/www.intosai.org\/index.html\">INTOSAI,<\/a> where support comes through as in-kind contributions to help us deliver capacity development initiatives.<\/p>\n<p>Subejct matter experts from SAIs are a valuable resource in our efforts to strengthen the capacity and performance of SAIs. These experts from several SAIs in all regions are provided to IDI as in-kind contributions and is a critical success factor for the success of the IDI&rsquo;s work. SAIs are also contributing to the IDI initiatives by hosting IDI events, printing of IDI products and seconding staff to IDI.<\/p>\n<p>IDI works in close cooperation with <a href=\"https:\/\/www.intosai.org\/about-us\/regional-organizations.html\">regional SAI organisations<\/a>: AFROSAI, AFROSAI-E, ARABOSAI, ASOSAI, CAROSAI, CREFIAF, EUROSAI, OLACEFS and PASAI. The regions are important for IDI as they are better situated to monitor the development of and the needs of the SAIs in their regions.<\/p>\n<p>We also collaborate with a number of different UN organisations, civil society, professional accountancy bodies, and academia.<\/p>\n<p>To learn more about IDI\u2019s partners for specific projects over the years, read IDI\u2019s annual <a href=\"https:\/\/idi.no\/about\/strategies-impact\/operational-plan\/\">Operational Plan<\/a> and <a href=\"https:\/\/idi.no\/about\/strategies-impact\/annual-reports\/\">Report<\/a>.<\/p>\n<\/div>\r\n                                        \r\n                    <!-- New: Wrap all buttons in __button-list for consistency with working block -->\r\n                    <div class=\"text-only-block__button-list\">\r\n                        \r\n                                            <\/div>\r\n                <\/div>\r\n            <\/div>\r\n        \r\n        \r\n            <\/div>\r\n<\/div>","protected":false},"excerpt":{"rendered":"","protected":false},"author":1,"featured_media":0,"parent":13348,"menu_order":0,"comment_status":"closed","ping_status":"closed","template":"","meta":{"footnotes":""},"class_list":["post-13367","page","type-page","status-publish","hentry"],"acf":[],"yoast_head":"<!-- This site is optimized with the Yoast SEO plugin v25.3 - https:\/\/yoast.com\/wordpress\/plugins\/seo\/ -->\n<title>Nos partenaires - IDI<\/title>\n<meta name=\"robots\" content=\"index, follow, max-snippet:-1, max-image-preview:large, max-video-preview:-1\" \/>\n<link rel=\"canonical\" href=\"https:\/\/idi.no\/fr\/about\/our-partners\/\" \/>\n<meta property=\"og:locale\" content=\"fr_FR\" \/>\n<meta property=\"og:type\" content=\"article\" \/>\n<meta property=\"og:title\" content=\"Nos partenaires - IDI\" \/>\n<meta property=\"og:url\" content=\"https:\/\/idi.no\/fr\/about\/our-partners\/\" \/>\n<meta property=\"og:site_name\" content=\"IDI\" \/>\n<meta property=\"article:modified_time\" content=\"2025-11-24T14:55:23+00:00\" \/>\n<meta name=\"twitter:card\" content=\"summary_large_image\" \/>\n<script type=\"application\/ld+json\" class=\"yoast-schema-graph\">{\"@context\":\"https:\/\/schema.org\",\"@graph\":[{\"@type\":\"WebPage\",\"@id\":\"https:\/\/idi.no\/fr\/about\/our-partners\/\",\"url\":\"https:\/\/idi.no\/fr\/about\/our-partners\/\",\"name\":\"Nos partenaires - IDI\",\"isPartOf\":{\"@id\":\"https:\/\/idi.no\/fr\/#website\"},\"datePublished\":\"2025-06-12T12:14:56+00:00\",\"dateModified\":\"2025-11-24T14:55:23+00:00\",\"breadcrumb\":{\"@id\":\"https:\/\/idi.no\/fr\/about\/our-partners\/#breadcrumb\"},\"inLanguage\":\"fr-FR\",\"potentialAction\":[{\"@type\":\"ReadAction\",\"target\":[\"https:\/\/idi.no\/fr\/about\/our-partners\/\"]}]},{\"@type\":\"BreadcrumbList\",\"@id\":\"https:\/\/idi.no\/fr\/about\/our-partners\/#breadcrumb\",\"itemListElement\":[{\"@type\":\"ListItem\",\"position\":1,\"name\":\"Home\",\"item\":\"https:\/\/idi.no\/fr\/\"},{\"@type\":\"ListItem\",\"position\":2,\"name\":\"Qui sommes-nous ?\",\"item\":\"https:\/\/idi.no\/fr\/about\/\"},{\"@type\":\"ListItem\",\"position\":3,\"name\":\"Nos partenaires\"}]},{\"@type\":\"WebSite\",\"@id\":\"https:\/\/idi.no\/fr\/#website\",\"url\":\"https:\/\/idi.no\/fr\/\",\"name\":\"IDI\",\"description\":\"\",\"potentialAction\":[{\"@type\":\"SearchAction\",\"target\":{\"@type\":\"EntryPoint\",\"urlTemplate\":\"https:\/\/idi.no\/fr\/?s={search_term_string}\"},\"query-input\":{\"@type\":\"PropertyValueSpecification\",\"valueRequired\":true,\"valueName\":\"search_term_string\"}}],\"inLanguage\":\"fr-FR\"}]}<\/script>\n<!-- \/ Yoast SEO plugin. -->","yoast_head_json":{"title":"Nos partenaires - IDI","robots":{"index":"index","follow":"follow","max-snippet":"max-snippet:-1","max-image-preview":"max-image-preview:large","max-video-preview":"max-video-preview:-1"},"canonical":"https:\/\/idi.no\/fr\/about\/our-partners\/","og_locale":"fr_FR","og_type":"article","og_title":"Nos partenaires - IDI","og_url":"https:\/\/idi.no\/fr\/about\/our-partners\/","og_site_name":"IDI","article_modified_time":"2025-11-24T14:55:23+00:00","twitter_card":"summary_large_image","schema":{"@context":"https:\/\/schema.org","@graph":[{"@type":"WebPage","@id":"https:\/\/idi.no\/fr\/about\/our-partners\/","url":"https:\/\/idi.no\/fr\/about\/our-partners\/","name":"Nos partenaires - IDI","isPartOf":{"@id":"https:\/\/idi.no\/fr\/#website"},"datePublished":"2025-06-12T12:14:56+00:00","dateModified":"2025-11-24T14:55:23+00:00","breadcrumb":{"@id":"https:\/\/idi.no\/fr\/about\/our-partners\/#breadcrumb"},"inLanguage":"fr-FR","potentialAction":[{"@type":"ReadAction","target":["https:\/\/idi.no\/fr\/about\/our-partners\/"]}]},{"@type":"BreadcrumbList","@id":"https:\/\/idi.no\/fr\/about\/our-partners\/#breadcrumb","itemListElement":[{"@type":"ListItem","position":1,"name":"Home","item":"https:\/\/idi.no\/fr\/"},{"@type":"ListItem","position":2,"name":"Qui sommes-nous ?","item":"https:\/\/idi.no\/fr\/about\/"},{"@type":"ListItem","position":3,"name":"Nos partenaires"}]},{"@type":"WebSite","@id":"https:\/\/idi.no\/fr\/#website","url":"https:\/\/idi.no\/fr\/","name":"IDI","description":"","potentialAction":[{"@type":"SearchAction","target":{"@type":"EntryPoint","urlTemplate":"https:\/\/idi.no\/fr\/?s={search_term_string}"},"query-input":{"@type":"PropertyValueSpecification","valueRequired":true,"valueName":"search_term_string"}}],"inLanguage":"fr-FR"}]}},"_links":{"self":[{"href":"https:\/\/idi.no\/fr\/wp-json\/wp\/v2\/pages\/13367","targetHints":{"allow":["GET"]}}],"collection":[{"href":"https:\/\/idi.no\/fr\/wp-json\/wp\/v2\/pages"}],"about":[{"href":"https:\/\/idi.no\/fr\/wp-json\/wp\/v2\/types\/page"}],"author":[{"embeddable":true,"href":"https:\/\/idi.no\/fr\/wp-json\/wp\/v2\/users\/1"}],"replies":[{"embeddable":true,"href":"https:\/\/idi.no\/fr\/wp-json\/wp\/v2\/comments?post=13367"}],"version-history":[{"count":10,"href":"https:\/\/idi.no\/fr\/wp-json\/wp\/v2\/pages\/13367\/revisions"}],"predecessor-version":[{"id":32267,"href":"https:\/\/idi.no\/fr\/wp-json\/wp\/v2\/pages\/13367\/revisions\/32267"}],"up":[{"embeddable":true,"href":"https:\/\/idi.no\/fr\/wp-json\/wp\/v2\/pages\/13348"}],"wp:attachment":[{"href":"https:\/\/idi.no\/fr\/wp-json\/wp\/v2\/media?parent=13367"}],"curies":[{"name":"wp","href":"https:\/\/api.w.org\/{rel}","templated":true}]}}