{"id":13382,"date":"2025-06-23T14:21:26","date_gmt":"2025-06-23T14:21:26","guid":{"rendered":"https:\/\/idi.no\/about\/people\/board-governance\/"},"modified":"2025-11-24T13:00:54","modified_gmt":"2025-11-24T13:00:54","slug":"board-governance","status":"publish","type":"page","link":"https:\/\/idi.no\/fr\/about\/board-governance\/","title":{"rendered":"Conseil d&rsquo;administration et gouvernance de l&rsquo;IDI"},"content":{"rendered":"\n<div  class=\"hero-block \" >\n\t<div class=\"hero-block__container container\">\n\t\t<div class=\"hero-block__content\">\n\t\t\t\t\t\t\t<div class=\"hero-block__breadcrumbs breadcrumbs\">\n\t\t\t\t\t<span><span><a href=\"https:\/\/idi.no\/fr\/\">Home<\/a><\/span><\/span>\t\t\t\t<\/div>\n\t\t\t\t\t\t\t\t\t\t<h1 class=\"hero-block__title\">\n\t\t\t\t\tConseil d&#039;administration et gouvernance de l&#039;IDI \t\t\t\t<\/h1>\n\t\t\t\t\t\t\t\t\t\t\t\t\t<div class=\"hero-block__description\">\n\t\t\t\t\tL\u2019orientation strat\u00e9gique et la gestion globale de l\u2019IDI sont assur\u00e9es par un Conseil d\u2019administration non ex\u00e9cutif de 10 membres.\t\t\t\t<\/div>\n\t\t\t\n\t\t<\/div>\n\t\t\t<\/div>\n<\/div>\n\r\n<div  class=\"text-only-block text-only-block__text-only\"> <!-- Removed undefined $style (before: echoed $style) -->\r\n    <div class=\"text-only-block__container container\">\r\n                    <div class=\"text-only-block__content\">\r\n                                                                    <div class=\"text-only-block__description\"><p class=\"lede\"><span style=\"color: #3376a5\">L\u2019\u00e9quipe de l\u2019IDI comprend un groupe diversifi\u00e9 de professionnels apportant une expertise issue des Institutions sup\u00e9rieures de contr\u00f4le des finances publiques (ISC), des secteurs public et priv\u00e9, de la communaut\u00e9 du d\u00e9veloppement et de la soci\u00e9t\u00e9 civile. <\/span><span style=\"color: #3376a5\"> Le Conseil d\u2019administration non ex\u00e9cutif est l&rsquo;organe strat\u00e9gique principal. Il est responsable de la d\u00e9finition et de la gestion de l\u2019orientation strat\u00e9gique de l\u2019IDI. Les membres du Conseil d\u2019administration sont nomm\u00e9s en fonction de leur m\u00e9rite professionnel et sont principalement compos\u00e9s de chefs d\u2019ISC. <\/span><\/p>\n<p class=\"lede\"><span style=\"color: #3376a5\">Le v\u00e9rificateur g\u00e9n\u00e9ral de Norv\u00e8ge pr\u00e9side le Conseil d\u2019administration de l\u2019IDI et, avec neuf autres membres du conseil d\u2019administration des ISC, ils se r\u00e9unissent au moins deux fois par an.<\/span><\/p>\n<p class=\"lede\"><span style=\"color: #3376a5\">Les r\u00e9unions du Conseil d\u2019administration peuvent inclure des observateurs. <\/span><\/p>\n<p class=\"lede\"><span style=\"color: #3376a5\">Les membres du conseil d\u2019administration sont nomm\u00e9s pour des mandats de trois ans, pour une dur\u00e9e maximale de six ans. <\/span><\/p>\n<\/div>\r\n                                \r\n                <!-- New: Wrap all buttons in __button-list for consistency with working block -->\r\n                <div class=\"text-only-block__button-list\">\r\n                    \r\n                                    <\/div>\r\n            <\/div>\r\n        \r\n        \r\n        \r\n            <\/div>\r\n<\/div>\n<div  class=\"our-team-block  block-title-align--left\" >\n\t<div class=\"our-team-block__container container\">\n\t\t\t\t\t<h2 class=\"our-team-block__title\">\n\t\t\t\tNotre Conseil d&#039;administration\t\t\t<\/h2>\n\t\t\t\t\t\t\t<div class=\"our-team-block__items\">\n\t\t\t\t\t\t\t\t\t\t\t<div class=\"our-team-block__item\">\n\t\t\t\t\t\t\t<div class=\"our-team-block__item-image\">\n\t\t\t\t\t\t\t\t<img decoding=\"async\" src=\"https:\/\/idi.no\/wp-content\/uploads\/2025\/10\/Tashi.jpg\" alt=\"Tashi\">\n\t\t\t\t\t\t\t<\/div>\n\t\t\t\t\t\t\t<div class=\"our-team-block__item-content\">\n\t\t\t\t\t\t\t\t\t\t\t\t\t\t\t\t\t<a \thref=\"https:\/\/idi.no\/fr\/our-team\/tashi\/\" \n\t\t\t\t\t\t\t\t\t\tclass=\"our-team-block__item-full-card-link\"\n\t\t\t\t\t\t\t\t\t\tdata-uw-ignore-s3\n\t\t\t\t\t\t\t\t\t>\n\t\t\t\t\t\t\t\t\t<\/a>\n\t\t\t\t\t\t\t\t\t<h6 class=\"our-team-block__item-title\">Tashi<\/h6>\n\t\t\t\t\t\t\t\t\t\t\t\t\t\t\t\t<div class=\"our-team-block__item-job-title\">\n\t\t\t\t\t\t\t\t\tMembre du conseil d&rsquo;administration de l&rsquo;IDI\n\t\t\t\t\t\t\t\t<\/div>\n\t\t\t\t\t\t\t<\/div>\n\t\t\t\t\t\t<\/div>\n\t\t\t\t\t\t\t\t\t\t\t<div class=\"our-team-block__item\">\n\t\t\t\t\t\t\t<div class=\"our-team-block__item-image\">\n\t\t\t\t\t\t\t\t<img decoding=\"async\" src=\"https:\/\/idi.no\/wp-content\/uploads\/2025\/10\/AG.jpg\" alt=\"Nancy Gathungu\">\n\t\t\t\t\t\t\t<\/div>\n\t\t\t\t\t\t\t<div class=\"our-team-block__item-content\">\n\t\t\t\t\t\t\t\t\t\t\t\t\t\t\t\t\t<a \thref=\"https:\/\/idi.no\/fr\/our-team\/nancy-gathungu\/\" \n\t\t\t\t\t\t\t\t\t\tclass=\"our-team-block__item-full-card-link\"\n\t\t\t\t\t\t\t\t\t\tdata-uw-ignore-s3\n\t\t\t\t\t\t\t\t\t>\n\t\t\t\t\t\t\t\t\t<\/a>\n\t\t\t\t\t\t\t\t\t<h6 class=\"our-team-block__item-title\">Nancy Gathungu<\/h6>\n\t\t\t\t\t\t\t\t\t\t\t\t\t\t\t\t<div class=\"our-team-block__item-job-title\">\n\t\t\t\t\t\t\t\t\tMembre du conseil d&rsquo;administration de l&rsquo;IDI\n\t\t\t\t\t\t\t\t<\/div>\n\t\t\t\t\t\t\t<\/div>\n\t\t\t\t\t\t<\/div>\n\t\t\t\t\t\t\t\t\t\t\t<div class=\"our-team-block__item\">\n\t\t\t\t\t\t\t<div class=\"our-team-block__item-image\">\n\t\t\t\t\t\t\t\t<img decoding=\"async\" src=\"https:\/\/idi.no\/wp-content\/uploads\/2025\/10\/Gareth-Davies.jpg\" alt=\"Gareth Davies\">\n\t\t\t\t\t\t\t<\/div>\n\t\t\t\t\t\t\t<div class=\"our-team-block__item-content\">\n\t\t\t\t\t\t\t\t\t\t\t\t\t\t\t\t\t<a \thref=\"https:\/\/idi.no\/fr\/our-team\/gareth-davies\/\" \n\t\t\t\t\t\t\t\t\t\tclass=\"our-team-block__item-full-card-link\"\n\t\t\t\t\t\t\t\t\t\tdata-uw-ignore-s3\n\t\t\t\t\t\t\t\t\t>\n\t\t\t\t\t\t\t\t\t<\/a>\n\t\t\t\t\t\t\t\t\t<h6 class=\"our-team-block__item-title\">Gareth Davies<\/h6>\n\t\t\t\t\t\t\t\t\t\t\t\t\t\t\t\t<div class=\"our-team-block__item-job-title\">\n\t\t\t\t\t\t\t\t\tMembre du conseil d&rsquo;administration de l&rsquo;IDI\n\t\t\t\t\t\t\t\t<\/div>\n\t\t\t\t\t\t\t<\/div>\n\t\t\t\t\t\t<\/div>\n\t\t\t\t\t\t\t\t\t\t\t<div class=\"our-team-block__item\">\n\t\t\t\t\t\t\t<div class=\"our-team-block__item-image\">\n\t\t\t\t\t\t\t\t<img decoding=\"async\" src=\"https:\/\/idi.no\/wp-content\/uploads\/2025\/10\/Dr-Alanggari-1.jpg\" alt=\"Hussam Alangari\">\n\t\t\t\t\t\t\t<\/div>\n\t\t\t\t\t\t\t<div class=\"our-team-block__item-content\">\n\t\t\t\t\t\t\t\t\t\t\t\t\t\t\t\t\t<a \thref=\"https:\/\/idi.no\/fr\/our-team\/hussam-alangari\/\" \n\t\t\t\t\t\t\t\t\t\tclass=\"our-team-block__item-full-card-link\"\n\t\t\t\t\t\t\t\t\t\tdata-uw-ignore-s3\n\t\t\t\t\t\t\t\t\t>\n\t\t\t\t\t\t\t\t\t<\/a>\n\t\t\t\t\t\t\t\t\t<h6 class=\"our-team-block__item-title\">Hussam Alangari<\/h6>\n\t\t\t\t\t\t\t\t\t\t\t\t\t\t\t\t<div class=\"our-team-block__item-job-title\">\n\t\t\t\t\t\t\t\t\tMembre du conseil d&rsquo;administration de l&rsquo;IDI\n\t\t\t\t\t\t\t\t<\/div>\n\t\t\t\t\t\t\t<\/div>\n\t\t\t\t\t\t<\/div>\n\t\t\t\t\t\t\t\t\t\t\t<div class=\"our-team-block__item\">\n\t\t\t\t\t\t\t<div class=\"our-team-block__item-image\">\n\t\t\t\t\t\t\t\t<img decoding=\"async\" src=\"https:\/\/idi.no\/wp-content\/uploads\/2025\/10\/Tom-Christer.jpg\" alt=\"Tom-Christer Nilsen\">\n\t\t\t\t\t\t\t<\/div>\n\t\t\t\t\t\t\t<div class=\"our-team-block__item-content\">\n\t\t\t\t\t\t\t\t\t\t\t\t\t\t\t\t\t<a \thref=\"https:\/\/idi.no\/fr\/our-team\/tom-christer-nilsen\/\" \n\t\t\t\t\t\t\t\t\t\tclass=\"our-team-block__item-full-card-link\"\n\t\t\t\t\t\t\t\t\t\tdata-uw-ignore-s3\n\t\t\t\t\t\t\t\t\t>\n\t\t\t\t\t\t\t\t\t<\/a>\n\t\t\t\t\t\t\t\t\t<h6 class=\"our-team-block__item-title\">Tom-Christer Nilsen<\/h6>\n\t\t\t\t\t\t\t\t\t\t\t\t\t\t\t\t<div class=\"our-team-block__item-job-title\">\n\t\t\t\t\t\t\t\t\tMembre du conseil d&rsquo;administration de l&rsquo;IDI\n\t\t\t\t\t\t\t\t<\/div>\n\t\t\t\t\t\t\t<\/div>\n\t\t\t\t\t\t<\/div>\n\t\t\t\t\t\t\t\t\t\t\t<div class=\"our-team-block__item\">\n\t\t\t\t\t\t\t<div class=\"our-team-block__item-image\">\n\t\t\t\t\t\t\t\t<img decoding=\"async\" src=\"https:\/\/idi.no\/wp-content\/uploads\/2025\/10\/Merethe.jpg\" alt=\"Merethe Nordling\">\n\t\t\t\t\t\t\t<\/div>\n\t\t\t\t\t\t\t<div class=\"our-team-block__item-content\">\n\t\t\t\t\t\t\t\t\t\t\t\t\t\t\t\t\t<a \thref=\"https:\/\/idi.no\/fr\/our-team\/merethe-nordling\/\" \n\t\t\t\t\t\t\t\t\t\tclass=\"our-team-block__item-full-card-link\"\n\t\t\t\t\t\t\t\t\t\tdata-uw-ignore-s3\n\t\t\t\t\t\t\t\t\t>\n\t\t\t\t\t\t\t\t\t<\/a>\n\t\t\t\t\t\t\t\t\t<h6 class=\"our-team-block__item-title\">Merethe Nordling<\/h6>\n\t\t\t\t\t\t\t\t\t\t\t\t\t\t\t\t<div class=\"our-team-block__item-job-title\">\n\t\t\t\t\t\t\t\t\tMembre du conseil d&rsquo;administration de l&rsquo;IDI\n\t\t\t\t\t\t\t\t<\/div>\n\t\t\t\t\t\t\t<\/div>\n\t\t\t\t\t\t<\/div>\n\t\t\t\t\t\t\t\t\t\t\t<div class=\"our-team-block__item\">\n\t\t\t\t\t\t\t<div class=\"our-team-block__item-image\">\n\t\t\t\t\t\t\t\t<img decoding=\"async\" src=\"https:\/\/idi.no\/wp-content\/uploads\/2025\/10\/Chair.jpg\" alt=\"Karl Eirik Schj\u00f8tt-Pedersen\">\n\t\t\t\t\t\t\t<\/div>\n\t\t\t\t\t\t\t<div class=\"our-team-block__item-content\">\n\t\t\t\t\t\t\t\t\t\t\t\t\t\t\t\t\t<a \thref=\"https:\/\/idi.no\/fr\/our-team\/karl-eirik-schjott-pedersen\/\" \n\t\t\t\t\t\t\t\t\t\tclass=\"our-team-block__item-full-card-link\"\n\t\t\t\t\t\t\t\t\t\tdata-uw-ignore-s3\n\t\t\t\t\t\t\t\t\t>\n\t\t\t\t\t\t\t\t\t<\/a>\n\t\t\t\t\t\t\t\t\t<h6 class=\"our-team-block__item-title\">Karl Eirik Schj\u00f8tt-Pedersen<\/h6>\n\t\t\t\t\t\t\t\t\t\t\t\t\t\t\t\t<div class=\"our-team-block__item-job-title\">\n\t\t\t\t\t\t\t\t\tPr\u00e9sident du conseil d&rsquo;administration de l&rsquo;IDI\n\t\t\t\t\t\t\t\t<\/div>\n\t\t\t\t\t\t\t<\/div>\n\t\t\t\t\t\t<\/div>\n\t\t\t\t\t\t\t\t\t\t\t<div class=\"our-team-block__item\">\n\t\t\t\t\t\t\t<div class=\"our-team-block__item-image\">\n\t\t\t\t\t\t\t\t<img decoding=\"async\" src=\"https:\/\/idi.no\/wp-content\/uploads\/2025\/10\/Tsakani-1-2.jpg\" alt=\"Tsakani Maluleke\">\n\t\t\t\t\t\t\t<\/div>\n\t\t\t\t\t\t\t<div class=\"our-team-block__item-content\">\n\t\t\t\t\t\t\t\t\t\t\t\t\t\t\t\t\t<a \thref=\"https:\/\/idi.no\/fr\/our-team\/tsakani-maluleke\/\" \n\t\t\t\t\t\t\t\t\t\tclass=\"our-team-block__item-full-card-link\"\n\t\t\t\t\t\t\t\t\t\tdata-uw-ignore-s3\n\t\t\t\t\t\t\t\t\t>\n\t\t\t\t\t\t\t\t\t<\/a>\n\t\t\t\t\t\t\t\t\t<h6 class=\"our-team-block__item-title\">Tsakani Maluleke<\/h6>\n\t\t\t\t\t\t\t\t\t\t\t\t\t\t\t\t<div class=\"our-team-block__item-job-title\">\n\t\t\t\t\t\t\t\t\tVice-pr\u00e9sident du conseil d&rsquo;administration de l&rsquo;IDI\n\t\t\t\t\t\t\t\t<\/div>\n\t\t\t\t\t\t\t<\/div>\n\t\t\t\t\t\t<\/div>\n\t\t\t\t\t\t\t\t\t\t\t<div class=\"our-team-block__item\">\n\t\t\t\t\t\t\t<div class=\"our-team-block__item-image\">\n\t\t\t\t\t\t\t\t<img decoding=\"async\" src=\"https:\/\/idi.no\/wp-content\/uploads\/2025\/10\/Dr-Kraker.jpg\" alt=\"Margit Kraker\">\n\t\t\t\t\t\t\t<\/div>\n\t\t\t\t\t\t\t<div class=\"our-team-block__item-content\">\n\t\t\t\t\t\t\t\t\t\t\t\t\t\t\t\t\t<a \thref=\"https:\/\/idi.no\/fr\/our-team\/margit-kraker\/\" \n\t\t\t\t\t\t\t\t\t\tclass=\"our-team-block__item-full-card-link\"\n\t\t\t\t\t\t\t\t\t\tdata-uw-ignore-s3\n\t\t\t\t\t\t\t\t\t>\n\t\t\t\t\t\t\t\t\t<\/a>\n\t\t\t\t\t\t\t\t\t<h6 class=\"our-team-block__item-title\">Margit Kraker<\/h6>\n\t\t\t\t\t\t\t\t\t\t\t\t\t\t\t\t<div class=\"our-team-block__item-job-title\">\n\t\t\t\t\t\t\t\t\tMembre du conseil d&rsquo;administration de l&rsquo;IDI\n\t\t\t\t\t\t\t\t<\/div>\n\t\t\t\t\t\t\t<\/div>\n\t\t\t\t\t\t<\/div>\n\t\t\t\t\t\t\t\t\t\t\t<div class=\"our-team-block__item\">\n\t\t\t\t\t\t\t<div class=\"our-team-block__item-image\">\n\t\t\t\t\t\t\t\t<img decoding=\"async\" src=\"https:\/\/idi.no\/wp-content\/uploads\/2025\/10\/Bruno.jpg\" alt=\"Bruno Dantas\">\n\t\t\t\t\t\t\t<\/div>\n\t\t\t\t\t\t\t<div class=\"our-team-block__item-content\">\n\t\t\t\t\t\t\t\t\t\t\t\t\t\t\t\t\t<a \thref=\"https:\/\/idi.no\/our-team\/bruno-dantas\/\" \n\t\t\t\t\t\t\t\t\t\tclass=\"our-team-block__item-full-card-link\"\n\t\t\t\t\t\t\t\t\t\tdata-uw-ignore-s3\n\t\t\t\t\t\t\t\t\t>\n\t\t\t\t\t\t\t\t\t<\/a>\n\t\t\t\t\t\t\t\t\t<h6 class=\"our-team-block__item-title\">Bruno Dantas<\/h6>\n\t\t\t\t\t\t\t\t\t\t\t\t\t\t\t\t<div class=\"our-team-block__item-job-title\">\n\t\t\t\t\t\t\t\t\tMember of the IDI Board\n\t\t\t\t\t\t\t\t<\/div>\n\t\t\t\t\t\t\t<\/div>\n\t\t\t\t\t\t<\/div>\n\t\t\t\t\t\t\t\t\n\t\t<\/div>\n\t\t\t\t\t<\/div>\n<\/div>\n    <div         class=\"event-news-grid-block block-background-color--white\">\n        <div class=\"event-news-grid-block__container container\">\n            <h2 class=\"event-news-grid-block__label\">Derni\u00e8res actualit\u00e9s<\/h2>\n            <div class=\"event-news-grid-block__grid\">\n                    <div class=\"news-card\">\r\n        <a  href=\"https:\/\/idi.no\/news-and-events\/news\/invitation-to-heads-of-sais-and-members-of-board-of-auditors-general-to-serve-on-the-idi-board\/\"\r\n            class=\"news-card__full-card-link\"\r\n            data-uw-ignore-s3\r\n        ><\/a>\r\n                    <img decoding=\"async\" src=\"https:\/\/idi.no\/wp-content\/uploads\/2025\/10\/Call-for-interest-IDI-Board.jpg\" alt=\"Invitation to Heads of SAIs and Members of Board of Auditors General to serve on the IDI Board\" class=\"news-card__image\">\r\n                            <div class=\"news-card__categories\"><a href=\"https:\/\/idi.no\/fr\/news\/\">News<\/a><\/div>\r\n                            <div class=\"news-card__date\">16\/05\/2025<\/div>\r\n                            <h6 class=\"news-card__title\">Invitation to Heads of SAIs and Members of Board of Auditors General to serve on the IDI Board<\/h6>\r\n                        <a href=\"https:\/\/idi.no\/news-and-events\/news\/invitation-to-heads-of-sais-and-members-of-board-of-auditors-general-to-serve-on-the-idi-board\/\" class=\"news-card__link\">Read more<\/a>\r\n    <\/div>\r\n        <div class=\"news-card\">\r\n        <a  href=\"https:\/\/idi.no\/news-and-events\/news\/idi-board-meeting-november-23\/\"\r\n            class=\"news-card__full-card-link\"\r\n            data-uw-ignore-s3\r\n        ><\/a>\r\n                    <img decoding=\"async\" src=\"https:\/\/idi.no\/wp-content\/uploads\/Ops_plan_news_header.jpg\" alt=\"Board approves IDI&rsquo;s Operational Plan for 2024\" class=\"news-card__image\">\r\n                            <div class=\"news-card__categories\"><a href=\"https:\/\/idi.no\/fr\/news\/\">News<\/a><\/div>\r\n                            <div class=\"news-card__date\">29\/11\/2023<\/div>\r\n                            <h6 class=\"news-card__title\">Board approves IDI&rsquo;s Operational Plan for 2024<\/h6>\r\n                        <a href=\"https:\/\/idi.no\/news-and-events\/news\/idi-board-meeting-november-23\/\" class=\"news-card__link\">Read more<\/a>\r\n    <\/div>\r\n        <div class=\"news-card\">\r\n        <a  href=\"https:\/\/idi.no\/news-and-events\/news\/idi-board-meeting-june-2023\/\"\r\n            class=\"news-card__full-card-link\"\r\n            data-uw-ignore-s3\r\n        ><\/a>\r\n                    <img decoding=\"async\" src=\"https:\/\/idi.no\/wp-content\/uploads\/Jun_20_IDI_SP_Cover_Option_7.jpg\" alt=\"Board approves new IDI Strategic Plan 2024 &#8211; 2029 and revised operational plan for 2023\u00a0\" class=\"news-card__image\">\r\n                            <div class=\"news-card__categories\"><a href=\"https:\/\/idi.no\/fr\/news\/\">News<\/a><\/div>\r\n                            <div class=\"news-card__date\">26\/06\/2023<\/div>\r\n                            <h6 class=\"news-card__title\">Board approves new IDI Strategic Plan 2024 &#8211; 2029 and revised operational plan for 2023\u00a0<\/h6>\r\n                        <a href=\"https:\/\/idi.no\/news-and-events\/news\/idi-board-meeting-june-2023\/\" class=\"news-card__link\">Read more<\/a>\r\n    <\/div>\r\n        <div class=\"news-card\">\r\n        <a  href=\"https:\/\/idi.no\/news-and-events\/news\/sai-independence-at-risk\/\"\r\n            class=\"news-card__full-card-link\"\r\n            data-uw-ignore-s3\r\n        ><\/a>\r\n                    <img decoding=\"async\" src=\"https:\/\/idi.no\/wp-content\/uploads\/Public_Finance_Focus_Joomla_Thumbnail_and_Intro_Photo_1200_x_720_px_1.png\" alt=\"SAI Independence at risk!\" class=\"news-card__image\">\r\n                            <div class=\"news-card__categories\"><a href=\"https:\/\/idi.no\/fr\/news\/\">News<\/a><\/div>\r\n                            <div class=\"news-card__date\">20\/05\/2024<\/div>\r\n                            <h6 class=\"news-card__title\">SAI Independence at risk!<\/h6>\r\n                        <a href=\"https:\/\/idi.no\/news-and-events\/news\/sai-independence-at-risk\/\" class=\"news-card__link\">Read more<\/a>\r\n    <\/div>\r\n                <\/div>\n                    <\/div>\n    <\/div>\n","protected":false},"excerpt":{"rendered":"","protected":false},"author":1,"featured_media":0,"parent":13348,"menu_order":0,"comment_status":"closed","ping_status":"closed","template":"","meta":{"footnotes":""},"class_list":["post-13382","page","type-page","status-publish","hentry"],"acf":[],"yoast_head":"<!-- This site is optimized with the Yoast SEO plugin v25.3 - https:\/\/yoast.com\/wordpress\/plugins\/seo\/ -->\n<title>Conseil d&#039;administration et gouvernance de l&#039;IDI - IDI<\/title>\n<meta name=\"robots\" content=\"index, follow, max-snippet:-1, max-image-preview:large, max-video-preview:-1\" \/>\n<link rel=\"canonical\" href=\"https:\/\/idi.no\/fr\/about\/board-governance\/\" \/>\n<meta property=\"og:locale\" content=\"fr_FR\" \/>\n<meta property=\"og:type\" content=\"article\" \/>\n<meta property=\"og:title\" content=\"Conseil d&#039;administration et gouvernance de l&#039;IDI - IDI\" \/>\n<meta property=\"og:url\" content=\"https:\/\/idi.no\/fr\/about\/board-governance\/\" \/>\n<meta property=\"og:site_name\" content=\"IDI\" \/>\n<meta property=\"article:modified_time\" content=\"2025-11-24T13:00:54+00:00\" \/>\n<meta name=\"twitter:card\" content=\"summary_large_image\" \/>\n<script type=\"application\/ld+json\" class=\"yoast-schema-graph\">{\"@context\":\"https:\/\/schema.org\",\"@graph\":[{\"@type\":\"WebPage\",\"@id\":\"https:\/\/idi.no\/fr\/about\/board-governance\/\",\"url\":\"https:\/\/idi.no\/fr\/about\/board-governance\/\",\"name\":\"Conseil d'administration et gouvernance de l'IDI - IDI\",\"isPartOf\":{\"@id\":\"https:\/\/idi.no\/fr\/#website\"},\"datePublished\":\"2025-06-23T14:21:26+00:00\",\"dateModified\":\"2025-11-24T13:00:54+00:00\",\"breadcrumb\":{\"@id\":\"https:\/\/idi.no\/fr\/about\/board-governance\/#breadcrumb\"},\"inLanguage\":\"fr-FR\",\"potentialAction\":[{\"@type\":\"ReadAction\",\"target\":[\"https:\/\/idi.no\/fr\/about\/board-governance\/\"]}]},{\"@type\":\"BreadcrumbList\",\"@id\":\"https:\/\/idi.no\/fr\/about\/board-governance\/#breadcrumb\",\"itemListElement\":[{\"@type\":\"ListItem\",\"position\":1,\"name\":\"Home\",\"item\":\"https:\/\/idi.no\/fr\/\"},{\"@type\":\"ListItem\",\"position\":2,\"name\":\"Qui sommes-nous ?\",\"item\":\"https:\/\/idi.no\/fr\/about\/\"},{\"@type\":\"ListItem\",\"position\":3,\"name\":\"Conseil d&#8217;administration et gouvernance de l&#8217;IDI\"}]},{\"@type\":\"WebSite\",\"@id\":\"https:\/\/idi.no\/fr\/#website\",\"url\":\"https:\/\/idi.no\/fr\/\",\"name\":\"IDI\",\"description\":\"\",\"potentialAction\":[{\"@type\":\"SearchAction\",\"target\":{\"@type\":\"EntryPoint\",\"urlTemplate\":\"https:\/\/idi.no\/fr\/?s={search_term_string}\"},\"query-input\":{\"@type\":\"PropertyValueSpecification\",\"valueRequired\":true,\"valueName\":\"search_term_string\"}}],\"inLanguage\":\"fr-FR\"}]}<\/script>\n<!-- \/ Yoast SEO plugin. -->","yoast_head_json":{"title":"Conseil d'administration et gouvernance de l'IDI - IDI","robots":{"index":"index","follow":"follow","max-snippet":"max-snippet:-1","max-image-preview":"max-image-preview:large","max-video-preview":"max-video-preview:-1"},"canonical":"https:\/\/idi.no\/fr\/about\/board-governance\/","og_locale":"fr_FR","og_type":"article","og_title":"Conseil d'administration et gouvernance de l'IDI - IDI","og_url":"https:\/\/idi.no\/fr\/about\/board-governance\/","og_site_name":"IDI","article_modified_time":"2025-11-24T13:00:54+00:00","twitter_card":"summary_large_image","schema":{"@context":"https:\/\/schema.org","@graph":[{"@type":"WebPage","@id":"https:\/\/idi.no\/fr\/about\/board-governance\/","url":"https:\/\/idi.no\/fr\/about\/board-governance\/","name":"Conseil d'administration et gouvernance de l'IDI - IDI","isPartOf":{"@id":"https:\/\/idi.no\/fr\/#website"},"datePublished":"2025-06-23T14:21:26+00:00","dateModified":"2025-11-24T13:00:54+00:00","breadcrumb":{"@id":"https:\/\/idi.no\/fr\/about\/board-governance\/#breadcrumb"},"inLanguage":"fr-FR","potentialAction":[{"@type":"ReadAction","target":["https:\/\/idi.no\/fr\/about\/board-governance\/"]}]},{"@type":"BreadcrumbList","@id":"https:\/\/idi.no\/fr\/about\/board-governance\/#breadcrumb","itemListElement":[{"@type":"ListItem","position":1,"name":"Home","item":"https:\/\/idi.no\/fr\/"},{"@type":"ListItem","position":2,"name":"Qui sommes-nous ?","item":"https:\/\/idi.no\/fr\/about\/"},{"@type":"ListItem","position":3,"name":"Conseil d&#8217;administration et gouvernance de l&#8217;IDI"}]},{"@type":"WebSite","@id":"https:\/\/idi.no\/fr\/#website","url":"https:\/\/idi.no\/fr\/","name":"IDI","description":"","potentialAction":[{"@type":"SearchAction","target":{"@type":"EntryPoint","urlTemplate":"https:\/\/idi.no\/fr\/?s={search_term_string}"},"query-input":{"@type":"PropertyValueSpecification","valueRequired":true,"valueName":"search_term_string"}}],"inLanguage":"fr-FR"}]}},"_links":{"self":[{"href":"https:\/\/idi.no\/fr\/wp-json\/wp\/v2\/pages\/13382","targetHints":{"allow":["GET"]}}],"collection":[{"href":"https:\/\/idi.no\/fr\/wp-json\/wp\/v2\/pages"}],"about":[{"href":"https:\/\/idi.no\/fr\/wp-json\/wp\/v2\/types\/page"}],"author":[{"embeddable":true,"href":"https:\/\/idi.no\/fr\/wp-json\/wp\/v2\/users\/1"}],"replies":[{"embeddable":true,"href":"https:\/\/idi.no\/fr\/wp-json\/wp\/v2\/comments?post=13382"}],"version-history":[{"count":26,"href":"https:\/\/idi.no\/fr\/wp-json\/wp\/v2\/pages\/13382\/revisions"}],"predecessor-version":[{"id":32255,"href":"https:\/\/idi.no\/fr\/wp-json\/wp\/v2\/pages\/13382\/revisions\/32255"}],"up":[{"embeddable":true,"href":"https:\/\/idi.no\/fr\/wp-json\/wp\/v2\/pages\/13348"}],"wp:attachment":[{"href":"https:\/\/idi.no\/fr\/wp-json\/wp\/v2\/media?parent=13382"}],"curies":[{"name":"wp","href":"https:\/\/api.w.org\/{rel}","templated":true}]}}