{"id":13387,"date":"2025-06-11T14:20:16","date_gmt":"2025-06-11T14:20:16","guid":{"rendered":"https:\/\/idi.no\/about\/strategies-impact\/"},"modified":"2025-11-12T22:36:15","modified_gmt":"2025-11-12T22:36:15","slug":"strategies-impact","status":"publish","type":"page","link":"https:\/\/idi.no\/fr\/about\/strategies-impact\/","title":{"rendered":"Strat\u00e9gie et r\u00e9sultats"},"content":{"rendered":"\n<div  class=\"image hero-block \" >\n\t<div class=\"image hero-block__container container\">\n\t\t<div class=\"image hero-block__content\">\n\t\t\t\t\t\t\t<div class=\"image hero-block__breadcrumbs breadcrumbs\">\n\t\t\t\t\t<span><span><a href=\"https:\/\/idi.no\/fr\/\">Home<\/a><\/span><\/span>\t\t\t\t<\/div>\n\t\t\t\t\t\t\t\t\t\t<h1 class=\"image hero-block__title\">\n\t\t\t\t\tStrat\u00e9gie et r\u00e9sultats\t\t\t\t<\/h1>\n\t\t\t\t\t\t\t\t\t\t\t\t\t<div class=\"image hero-block__description\">\n\t\t\t\t\tL\u2019IDI t\u00e9moigne de son engagement envers la transparence et l\u2019impact par le biais de son orientation strat\u00e9gique, de sa planification op\u00e9rationnelle et de ses rapports annuels.\t\t\t\t<\/div>\n\t\t\t\n\t\t<\/div>\n\t\t\t\t\t<div class=\"image hero-block__image\">\n\t\t\t\t<img decoding=\"async\" src=\"https:\/\/idi.no\/wp-content\/uploads\/2025\/10\/AdobeStock_1609250982-1-scaled-e1761598453179.jpeg\" alt=\"STRATEGY\">\n\t\t\t<\/div>\n\t\t\t<\/div>\n<\/div>\n\n<div  class=\"text-and-media-block  block-image-align--right block-background-color--white with-circles\" >\n\t<div class=\"text-and-media-block__container container\">\n\t\t<div class=\"text-and-media-block__col\">\n\n\t\t\t\t\t\t\t\t\t\t\t\t\t<h2 class=\"text-and-media-block__title\">\n\t\t\t\t\tPlan strat\u00e9gique\t\t\t\t<\/h2>\n\t\t\t\t\t\t\t\t\t\t<div class=\"text-and-media-block__subtitle\">\n\t\t\t\t\tNotre priorit\u00e9&nbsp;: la durabilit\u00e9, la num\u00e9risation et la confiance du public dans les institutions sup\u00e9rieures de contr\u00f4le des finances publiques (ISC)\t\t\t\t<\/div>\n\t\t\t\t\t\t\t\t\t\t<div class=\"text-and-media-block__description\">\n\t\t\t\t\t<p>\u00c9labor\u00e9 en consultation avec les ISC, les parties prenantes externes et les principaux experts en audit public, le plan strat\u00e9gique de l\u2019IDI 2024-2029 d\u00e9finit notre vision visant \u00e0 aider les ISC des pays en d\u00e9veloppement \u00e0 am\u00e9liorer durablement leur performance et leurs capacit\u00e9s.<\/p>\n<p>Pour en savoir plus sur les raisons pour lesquelles nous mettons l\u2019accent sur la durabilit\u00e9, la num\u00e9risation et la confiance du public dans les ISC, et sur la mani\u00e8re dont nous le faisons.<\/p>\n\t\t\t\t<\/div>\n\t\t\t\n\t\t\t<div class=\"text-and-media-block__button-list\">\n\t\t\t\t\t\t\t\t\t\t\t<a \thref=\"\/about\/strategies-impact\/strategic-plan\"\n\t\t\t\t\tclass=\"text-and-media-block__button\"\n\t\t\t\t\t\t\t\t\t>\n\t\t\t\t\tLEARN MORE\t\t\t\t<\/a>\n\t\t\t\n\t\t\t\t\t\t<\/div>\n\t\t<\/div>\n\t\t\t\t    <div class=\"text-and-media-block__col\">\n\t\t\t\t<div class=\"text-and-media-block__image\">\n\t\t\t\t\t<img decoding=\"async\" src=\"https:\/\/idi.no\/wp-content\/uploads\/2025\/09\/Untitled-1400-x-934-px.png\" alt=\"IDI Strategic Plan 2024-2029 Cover Page\">\n\t\t\t\t<\/div>\n\t\t\t<\/div>\n\t\t\t\t<\/div>\n<\/div>\n\n<div  class=\"text-and-media-block  block-image-align--left block-background-color--dark with-circles\" >\n\t<div class=\"text-and-media-block__container container\">\n\t\t<div class=\"text-and-media-block__col\">\n\n\t\t\t\t\t\t\t\t\t\t\t\t\t<h2 class=\"text-and-media-block__title\">\n\t\t\t\t\tPlan op\u00e9rationnel\t\t\t\t<\/h2>\n\t\t\t\t\t\t\t\t\t\t<div class=\"text-and-media-block__subtitle\">\n\t\t\t\t\tNotre travail et nos budgets pour atteindre les objectifs strat\u00e9giques\t\t\t\t<\/div>\n\t\t\t\t\t\t\t\t\t\t<div class=\"text-and-media-block__description\">\n\t\t\t\t\t<p>Notre plan op\u00e9rationnel est le moteur de la mise en \u0153uvre du plan strat\u00e9gique de l\u2019IDI 2024-2029. Gr\u00e2ce \u00e0 une consultation et \u00e0 une analyse minutieuses, chacun de nos axes de travail (ISC ind\u00e9pendantes, bien gouvern\u00e9es, professionnelles et pertinentes, et soutien bilat\u00e9ral) s\u2019efforce d\u2019atteindre les priorit\u00e9s strat\u00e9giques de durabilit\u00e9, de num\u00e9risation et de confiance du public dans les ISC. <\/p>\n<p>Le plan op\u00e9rationnel donne un aper\u00e7u annuel de la mani\u00e8re dont l\u2019IDI atteindra ses priorit\u00e9s strat\u00e9giques.<\/p>\n\t\t\t\t<\/div>\n\t\t\t\n\t\t\t<div class=\"text-and-media-block__button-list\">\n\t\t\t\t\t\t\t\t\t\t\t<a \thref=\"\/about\/strategies-impact\/operational-plan\"\n\t\t\t\t\tclass=\"text-and-media-block__button\"\n\t\t\t\t\t\t\t\t\t>\n\t\t\t\t\tLEARN MORE\t\t\t\t<\/a>\n\t\t\t\n\t\t\t\t\t\t<\/div>\n\t\t<\/div>\n\t\t\t\t    <div class=\"text-and-media-block__col\">\n\t\t\t\t<div class=\"text-and-media-block__image\">\n\t\t\t\t\t<img decoding=\"async\" src=\"https:\/\/idi.no\/wp-content\/uploads\/2025\/09\/Cover-pages-SP-and-OP.png\" alt=\"Cover page of IDI Operational Plan 2025\">\n\t\t\t\t<\/div>\n\t\t\t<\/div>\n\t\t\t\t<\/div>\n<\/div>\n\n<div  class=\"text-and-media-block  block-image-align--right block-background-color--white with-circles\" >\n\t<div class=\"text-and-media-block__container container\">\n\t\t<div class=\"text-and-media-block__col\">\n\n\t\t\t\t\t\t\t\t\t\t\t\t\t<h2 class=\"text-and-media-block__title\">\n\t\t\t\t\tRapport mondial de synth\u00e8se des ISC\t\t\t\t<\/h2>\n\t\t\t\t\t\t\t\t\t\t<div class=\"text-and-media-block__subtitle\">\n\t\t\t\t\tLa cinqui\u00e8me \u00e9dition du rapport mondial de synth\u00e8se des ISC donne un aper\u00e7u de la performance des institutions sup\u00e9rieures de contr\u00f4le des finances publiques (ISC) et vise \u00e0 pr\u00e9senter leurs activit\u00e9s \u00e0 la lumi\u00e8re de l\u2019\u00e9volution de la situation mondiale.\t\t\t\t<\/div>\n\t\t\t\t\t\t\t\t\t\t<div class=\"text-and-media-block__description\">\n\t\t\t\t\t<p>La principale source de donn\u00e9es du rapport est constitu\u00e9e des r\u00e9ponses de 166&nbsp;ISC recueillies dans le cadre de l\u2019enqu\u00eate mondiale de l\u2019INTOSAI aupr\u00e8s des ISC. L\u2019analyse a \u00e9t\u00e9 enrichie par les donn\u00e9es du SAI PMF et du PEFA, ainsi que par une s\u00e9lection d\u2019indicateurs de d\u00e9mocratie du v-dem. <\/p>\n<p>L\u2019enqu\u00eate mondiale et le rapport mondial de synth\u00e8se des ISC ont \u00e9t\u00e9 \u00e9labor\u00e9s par l\u2019IDI. L\u2019IDI est reconnaissant du soutien et de la contribution des r\u00e9gions de l\u2019INTOSAI et du Comit\u00e9 de l\u2019enqu\u00eate mondiale de l\u2019INTOSAI. <\/p>\n\t\t\t\t<\/div>\n\t\t\t\n\t\t\t<div class=\"text-and-media-block__button-list\">\n\t\t\t\t\t\t\t\t\t\t\t<a \thref=\"https:\/\/gsr.idi.no\/\"\n\t\t\t\t\tclass=\"text-and-media-block__button\"\n\t\t\t\t\t target=\"_blank\" rel=\"noopener noreferrer\"\t\t\t\t>\n\t\t\t\t\tLEARN MORE\t\t\t\t<\/a>\n\t\t\t\n\t\t\t\t\t\t<\/div>\n\t\t<\/div>\n\t\t\t\t    <div class=\"text-and-media-block__col\">\n\t\t\t\t<div class=\"text-and-media-block__image\">\n\t\t\t\t\t<img decoding=\"async\" src=\"https:\/\/idi.no\/wp-content\/uploads\/2025\/09\/gsr23-cover-page.png\" alt=\"\">\n\t\t\t\t<\/div>\n\t\t\t<\/div>\n\t\t\t\t<\/div>\n<\/div>\n\n<div  class=\"text-and-media-block  block-image-align--right block-background-color--blue with-circles\" >\n\t<div class=\"text-and-media-block__container container\">\n\t\t<div class=\"text-and-media-block__col\">\n\n\t\t\t\t\t\t\t\t\t\t\t\t\t<h2 class=\"text-and-media-block__title\">\n\t\t\t\t\tHistoires d&#039;ISC\t\t\t\t<\/h2>\n\t\t\t\t\t\t\t\t\t\t<div class=\"text-and-media-block__subtitle\">\n\t\t\t\t\tNous aidons les institutions sup\u00e9rieures de contr\u00f4le des finances publiques (ISC) du monde entier \u00e0 contr\u00f4ler les d\u00e9penses du secteur public dans diff\u00e9rents contextes et face \u00e0 diff\u00e9rents d\u00e9fis.\t\t\t\t<\/div>\n\t\t\t\t\t\t\t\t\t\t<div class=\"text-and-media-block__description\">\n\t\t\t\t\t<p>D\u00e9couvrez comment ces ISC contribuent \u00e0 une gestion financi\u00e8re saine, \u00e0 la transparence et \u00e0 la responsabilit\u00e9, dans leur propre pays et \u00e0 leur mani\u00e8re.<\/p>\n\t\t\t\t<\/div>\n\t\t\t\n\t\t\t<div class=\"text-and-media-block__button-list\">\n\t\t\t\t\t\t\t\t\t\t\t<a \thref=\"https:\/\/idi.no\/about\/strategies-impact\/annual-reports\/sai-stories\/\"\n\t\t\t\t\tclass=\"text-and-media-block__button\"\n\t\t\t\t\t\t\t\t\t>\n\t\t\t\t\tLEARN MORE\t\t\t\t<\/a>\n\t\t\t\n\t\t\t\t\t\t<\/div>\n\t\t<\/div>\n\t\t\t\t    <div class=\"text-and-media-block__col\">\n\t\t\t\t<div class=\"text-and-media-block__image\">\n\t\t\t\t\t<img decoding=\"async\" src=\"https:\/\/idi.no\/wp-content\/uploads\/2025\/08\/uganda.jpeg\" alt=\"\">\n\t\t\t\t<\/div>\n\t\t\t<\/div>\n\t\t\t\t<\/div>\n<\/div>\n","protected":false},"excerpt":{"rendered":"","protected":false},"author":1,"featured_media":0,"parent":13348,"menu_order":0,"comment_status":"closed","ping_status":"closed","template":"","meta":{"footnotes":""},"class_list":["post-13387","page","type-page","status-publish","hentry"],"acf":[],"yoast_head":"<!-- This site is optimized with the Yoast SEO plugin v25.3 - https:\/\/yoast.com\/wordpress\/plugins\/seo\/ -->\n<title>Strat\u00e9gie et r\u00e9sultats - IDI<\/title>\n<meta name=\"robots\" content=\"index, follow, max-snippet:-1, max-image-preview:large, max-video-preview:-1\" \/>\n<link rel=\"canonical\" href=\"https:\/\/idi.no\/fr\/about\/strategies-impact\/\" \/>\n<meta property=\"og:locale\" content=\"fr_FR\" \/>\n<meta property=\"og:type\" content=\"article\" \/>\n<meta property=\"og:title\" content=\"Strat\u00e9gie et r\u00e9sultats - IDI\" \/>\n<meta property=\"og:url\" content=\"https:\/\/idi.no\/fr\/about\/strategies-impact\/\" \/>\n<meta property=\"og:site_name\" content=\"IDI\" \/>\n<meta property=\"article:modified_time\" content=\"2025-11-12T22:36:15+00:00\" \/>\n<meta name=\"twitter:card\" content=\"summary_large_image\" \/>\n<script type=\"application\/ld+json\" class=\"yoast-schema-graph\">{\"@context\":\"https:\/\/schema.org\",\"@graph\":[{\"@type\":\"WebPage\",\"@id\":\"https:\/\/idi.no\/fr\/about\/strategies-impact\/\",\"url\":\"https:\/\/idi.no\/fr\/about\/strategies-impact\/\",\"name\":\"Strat\u00e9gie et r\u00e9sultats - IDI\",\"isPartOf\":{\"@id\":\"https:\/\/idi.no\/fr\/#website\"},\"datePublished\":\"2025-06-11T14:20:16+00:00\",\"dateModified\":\"2025-11-12T22:36:15+00:00\",\"breadcrumb\":{\"@id\":\"https:\/\/idi.no\/fr\/about\/strategies-impact\/#breadcrumb\"},\"inLanguage\":\"fr-FR\",\"potentialAction\":[{\"@type\":\"ReadAction\",\"target\":[\"https:\/\/idi.no\/fr\/about\/strategies-impact\/\"]}]},{\"@type\":\"BreadcrumbList\",\"@id\":\"https:\/\/idi.no\/fr\/about\/strategies-impact\/#breadcrumb\",\"itemListElement\":[{\"@type\":\"ListItem\",\"position\":1,\"name\":\"Home\",\"item\":\"https:\/\/idi.no\/fr\/\"},{\"@type\":\"ListItem\",\"position\":2,\"name\":\"Qui sommes-nous ?\",\"item\":\"https:\/\/idi.no\/fr\/about\/\"},{\"@type\":\"ListItem\",\"position\":3,\"name\":\"Strat\u00e9gie et r\u00e9sultats\"}]},{\"@type\":\"WebSite\",\"@id\":\"https:\/\/idi.no\/fr\/#website\",\"url\":\"https:\/\/idi.no\/fr\/\",\"name\":\"IDI\",\"description\":\"\",\"potentialAction\":[{\"@type\":\"SearchAction\",\"target\":{\"@type\":\"EntryPoint\",\"urlTemplate\":\"https:\/\/idi.no\/fr\/?s={search_term_string}\"},\"query-input\":{\"@type\":\"PropertyValueSpecification\",\"valueRequired\":true,\"valueName\":\"search_term_string\"}}],\"inLanguage\":\"fr-FR\"}]}<\/script>\n<!-- \/ Yoast SEO plugin. -->","yoast_head_json":{"title":"Strat\u00e9gie et r\u00e9sultats - IDI","robots":{"index":"index","follow":"follow","max-snippet":"max-snippet:-1","max-image-preview":"max-image-preview:large","max-video-preview":"max-video-preview:-1"},"canonical":"https:\/\/idi.no\/fr\/about\/strategies-impact\/","og_locale":"fr_FR","og_type":"article","og_title":"Strat\u00e9gie et r\u00e9sultats - IDI","og_url":"https:\/\/idi.no\/fr\/about\/strategies-impact\/","og_site_name":"IDI","article_modified_time":"2025-11-12T22:36:15+00:00","twitter_card":"summary_large_image","schema":{"@context":"https:\/\/schema.org","@graph":[{"@type":"WebPage","@id":"https:\/\/idi.no\/fr\/about\/strategies-impact\/","url":"https:\/\/idi.no\/fr\/about\/strategies-impact\/","name":"Strat\u00e9gie et r\u00e9sultats - IDI","isPartOf":{"@id":"https:\/\/idi.no\/fr\/#website"},"datePublished":"2025-06-11T14:20:16+00:00","dateModified":"2025-11-12T22:36:15+00:00","breadcrumb":{"@id":"https:\/\/idi.no\/fr\/about\/strategies-impact\/#breadcrumb"},"inLanguage":"fr-FR","potentialAction":[{"@type":"ReadAction","target":["https:\/\/idi.no\/fr\/about\/strategies-impact\/"]}]},{"@type":"BreadcrumbList","@id":"https:\/\/idi.no\/fr\/about\/strategies-impact\/#breadcrumb","itemListElement":[{"@type":"ListItem","position":1,"name":"Home","item":"https:\/\/idi.no\/fr\/"},{"@type":"ListItem","position":2,"name":"Qui sommes-nous ?","item":"https:\/\/idi.no\/fr\/about\/"},{"@type":"ListItem","position":3,"name":"Strat\u00e9gie et r\u00e9sultats"}]},{"@type":"WebSite","@id":"https:\/\/idi.no\/fr\/#website","url":"https:\/\/idi.no\/fr\/","name":"IDI","description":"","potentialAction":[{"@type":"SearchAction","target":{"@type":"EntryPoint","urlTemplate":"https:\/\/idi.no\/fr\/?s={search_term_string}"},"query-input":{"@type":"PropertyValueSpecification","valueRequired":true,"valueName":"search_term_string"}}],"inLanguage":"fr-FR"}]}},"_links":{"self":[{"href":"https:\/\/idi.no\/fr\/wp-json\/wp\/v2\/pages\/13387","targetHints":{"allow":["GET"]}}],"collection":[{"href":"https:\/\/idi.no\/fr\/wp-json\/wp\/v2\/pages"}],"about":[{"href":"https:\/\/idi.no\/fr\/wp-json\/wp\/v2\/types\/page"}],"author":[{"embeddable":true,"href":"https:\/\/idi.no\/fr\/wp-json\/wp\/v2\/users\/1"}],"replies":[{"embeddable":true,"href":"https:\/\/idi.no\/fr\/wp-json\/wp\/v2\/comments?post=13387"}],"version-history":[{"count":19,"href":"https:\/\/idi.no\/fr\/wp-json\/wp\/v2\/pages\/13387\/revisions"}],"predecessor-version":[{"id":27621,"href":"https:\/\/idi.no\/fr\/wp-json\/wp\/v2\/pages\/13387\/revisions\/27621"}],"up":[{"embeddable":true,"href":"https:\/\/idi.no\/fr\/wp-json\/wp\/v2\/pages\/13348"}],"wp:attachment":[{"href":"https:\/\/idi.no\/fr\/wp-json\/wp\/v2\/media?parent=13387"}],"curies":[{"name":"wp","href":"https:\/\/api.w.org\/{rel}","templated":true}]}}