{"id":13398,"date":"2025-06-12T10:39:28","date_gmt":"2025-06-12T10:39:28","guid":{"rendered":"https:\/\/idi.no\/about\/strategies-impact\/annual-reports\/"},"modified":"2025-11-12T22:35:26","modified_gmt":"2025-11-12T22:35:26","slug":"annual-reports","status":"publish","type":"page","link":"https:\/\/idi.no\/fr\/about\/strategies-impact\/annual-reports\/","title":{"rendered":"Rapports annuels et \u00e9tats financiers"},"content":{"rendered":"\n<div  class=\"hero-block \" >\n\t<div class=\"hero-block__container container\">\n\t\t<div class=\"hero-block__content\">\n\t\t\t\t\t\t\t\t\t\t<h1 class=\"hero-block__title\">\n\t\t\t\t\tRapports annuels et \u00e9tats financiers\t\t\t\t<\/h1>\n\t\t\t\t\t\t\t\t\t\t\t\t\t<div class=\"hero-block__description\">\n\t\t\t\t\tL&rsquo;IDI publie un rapport annuel pr\u00e9sentant ses performances, ses informations financi\u00e8res et la mani\u00e8re dont l&rsquo;IDI soutient les ISC participantes dans leur gouvernance et leur travail, ce qui a un impact positif sur la vie des citoyens.\t\t\t\t<\/div>\n\t\t\t\n\t\t<\/div>\n\t\t\t<\/div>\n<\/div>\n\r\n<div  class=\"text-only-block text-only-block__white-background text-only-block__text-only\"> <!-- Removed undefined $style (before: echoed $style) -->\r\n    <div class=\"text-only-block__container container\">\r\n                    <div class=\"text-only-block__content\">\r\n                                                    <div class=\"text-only-block__subtitle lede\">Le rapport annuel 2024 pr\u00e9sente un aper\u00e7u des activit\u00e9s de l&#039;IDI pour 2024. <\/div>\r\n                                                    <div class=\"text-only-block__description\"><p>Dans un contexte de d\u00e9fis politiques et financiers mondiaux, les efforts continus de l&rsquo;IDI en 2024 pour soutenir les institutions sup\u00e9rieures de contr\u00f4le des finances publiques (ISC) du monde entier ont port\u00e9 leurs fruits. 2024 a \u00e9t\u00e9 une autre ann\u00e9e de r\u00e9sultats solides et de participation des ISC aux initiatives de l&rsquo;IDI. <\/p>\n<p>Pour un aper\u00e7u du rapport annuel 2024, veuillez consulter les documents ci-dessous.<\/p>\n<\/div>\r\n                                \r\n                <!-- New: Wrap all buttons in __button-list for consistency with working block -->\r\n                <div class=\"text-only-block__button-list\">\r\n                    \r\n                                    <\/div>\r\n            <\/div>\r\n        \r\n        \r\n        \r\n            <\/div>\r\n<\/div>\t<div \n\t\t\tclass=\"recent-resources-block  block-style_white\">\n\t\t<div class=\"recent-resources-block__container container resource_type__All\">\n\t\t\t<h2 class=\"recent-resources-block__label \">\u00c9tats financiers<\/h2>\n\t\t\t<div class=\"recent-resources-block__grid  facetwp-template \">\n\t\t\t\t\r\n<div class=\"resource-item content-type__financial-statements post-type__resource \">\r\n\r\n            <p class=\"resource-item__image \">\r\n            <img decoding=\"async\" src=\"https:\/\/idi.no\/wp-content\/uploads\/2025\/08\/Cover-page-Notes-to-the-Financial-Statements-2024.jpg\"\r\n                 alt=\"Notes sur les \u00e9tats financiers de l&rsquo;IDI 2024\" \r\n                 class=\"resource-item__image\">\r\n        <\/p>\r\n    \r\n    <div class=\"resource-item__content \">\r\n                    <div class=\"resource-item__content-type \">\r\n                <a href=\"\/fr\/\/resources-archive\/resources-archive?_content_type=financial-statements\">Financial Statements<\/a>            <\/div>\r\n        \r\n                    <p class=\"resource-item__title \">\r\n                <a href=\"https:\/\/idi.no\/wp-content\/uploads\/resource_files\/notes-to-the-idi-financial-statements-2024.pdf\"  target=\"_blank\" rel=\"noopener noreferrer\">\r\n                    Notes sur les \u00e9tats financiers de l&rsquo;IDI 2024                <\/a>\r\n            <\/p>\r\n        \r\n        \r\n        <div class=\"resource-item__link \">\r\n                            <a href=\"https:\/\/idi.no\/wp-content\/uploads\/resource_files\/notes-to-the-idi-financial-statements-2024.pdf\" class=\"resource-item__download-link \" download>\r\n                    Download                    <span class=\"resource-item__download-link-arrow \">\u2193<\/span>\r\n                <\/a>\r\n                    <\/div>\r\n    <\/div>\r\n<\/div>\r\n\r\n<div class=\"resource-item content-type__financial-statements post-type__resource \">\r\n\r\n            <p class=\"resource-item__image \">\r\n            <img decoding=\"async\" src=\"https:\/\/idi.no\/wp-content\/uploads\/2025\/08\/Cover-page-IDI-Financial-Statements-2024.jpg\"\r\n                 alt=\"\u00c9tats financiers de l&rsquo;IDI 2024\" \r\n                 class=\"resource-item__image\">\r\n        <\/p>\r\n    \r\n    <div class=\"resource-item__content \">\r\n                    <div class=\"resource-item__content-type \">\r\n                <a href=\"\/fr\/\/resources-archive\/resources-archive?_content_type=financial-statements\">Financial Statements<\/a>            <\/div>\r\n        \r\n                    <p class=\"resource-item__title \">\r\n                <a href=\"https:\/\/idi.no\/wp-content\/uploads\/resource_files\/idi-financial-statements-2024.pdf\"  target=\"_blank\" rel=\"noopener noreferrer\">\r\n                    \u00c9tats financiers de l&rsquo;IDI 2024                <\/a>\r\n            <\/p>\r\n        \r\n        \r\n        <div class=\"resource-item__link \">\r\n                            <a href=\"https:\/\/idi.no\/wp-content\/uploads\/resource_files\/idi-financial-statements-2024.pdf\" class=\"resource-item__download-link \" download>\r\n                    Download                    <span class=\"resource-item__download-link-arrow \">\u2193<\/span>\r\n                <\/a>\r\n                    <\/div>\r\n    <\/div>\r\n<\/div>\r\n\r\n<div class=\"resource-item content-type__financial-statements post-type__resource \">\r\n\r\n            <p class=\"resource-item__image \">\r\n            <img decoding=\"async\" src=\"https:\/\/idi.no\/wp-content\/uploads\/pdf_preview\/d30960ce77e83d896503d43ba249caf7.jpg\"\r\n                 alt=\"Rapport d&rsquo;audit 2024\" \r\n                 class=\"resource-item__image\">\r\n        <\/p>\r\n    \r\n    <div class=\"resource-item__content \">\r\n                    <div class=\"resource-item__content-type \">\r\n                <a href=\"\/fr\/\/resources-archive\/resources-archive?_content_type=financial-statements\">Financial Statements<\/a>            <\/div>\r\n        \r\n                    <p class=\"resource-item__title \">\r\n                <a href=\"https:\/\/idi.no\/wp-content\/uploads\/resource_files\/auditors-report-2024.pdf\"  target=\"_blank\" rel=\"noopener noreferrer\">\r\n                    Rapport d&rsquo;audit 2024                <\/a>\r\n            <\/p>\r\n        \r\n        \r\n        <div class=\"resource-item__link \">\r\n                            <a href=\"https:\/\/idi.no\/wp-content\/uploads\/resource_files\/auditors-report-2024.pdf\" class=\"resource-item__download-link \" download>\r\n                    Download                    <span class=\"resource-item__download-link-arrow \">\u2193<\/span>\r\n                <\/a>\r\n                    <\/div>\r\n    <\/div>\r\n<\/div>\r\n\t\t\t<\/div>\n\t\t\t\t\t\t\t<div class=\"recent-resources-block__footer \">\n\t\t\t\t\t\t\t\t\t\t<a \thref=\"\/resource-library\/resources-archive\/?_content_type=financial-statements\"\n\t\t\t\t\t\tclass=\"recent-resources-block__footer_link \"\n\t\t\t\t\t\t\t\t\t\t\t>\n\t\t\t\t\t\tSee more\t\t\t\t\t<\/a>\n\t\t\t\t<\/div>\n\t\t\t\t\t<\/div>\n\t<\/div>\n\r\n<div  class=\"text-only-block text-only-block__white-background text-only-block__text-only\"> <!-- Removed undefined $style (before: echoed $style) -->\r\n    <div class=\"text-only-block__container container\">\r\n                    <div class=\"text-only-block__content\">\r\n                                                                    <div class=\"text-only-block__description\"><p><em>Le rapport annuel de l&rsquo;IDI suit les progr\u00e8s r\u00e9alis\u00e9s par rapport \u00e0 ses plans op\u00e9rationnels annuels et mesure les r\u00e9sultats par rapport \u00e0 son cadre de r\u00e9sultats du plan strat\u00e9gique. Chaque rapport comprend un aper\u00e7u concis des points saillants du rapport annuel pour toutes les priorit\u00e9s strat\u00e9giques, ainsi que des annexes d\u00e9taill\u00e9es pour chacun des axes de travail et le syst\u00e8me de r\u00e9sultats 2024. <\/em><\/p>\n<\/div>\r\n                                \r\n                <!-- New: Wrap all buttons in __button-list for consistency with working block -->\r\n                <div class=\"text-only-block__button-list\">\r\n                    \r\n                                    <\/div>\r\n            <\/div>\r\n        \r\n        \r\n        \r\n            <\/div>\r\n<\/div>","protected":false},"excerpt":{"rendered":"","protected":false},"author":1,"featured_media":0,"parent":13387,"menu_order":0,"comment_status":"closed","ping_status":"closed","template":"","meta":{"footnotes":""},"class_list":["post-13398","page","type-page","status-publish","hentry"],"acf":[],"yoast_head":"<!-- This site is optimized with the Yoast SEO plugin v25.3 - https:\/\/yoast.com\/wordpress\/plugins\/seo\/ -->\n<title>Rapports annuels et \u00e9tats financiers - IDI<\/title>\n<meta name=\"robots\" content=\"index, follow, max-snippet:-1, max-image-preview:large, max-video-preview:-1\" \/>\n<link rel=\"canonical\" href=\"https:\/\/idi.no\/fr\/about\/strategies-impact\/annual-reports\/\" \/>\n<meta property=\"og:locale\" content=\"fr_FR\" \/>\n<meta property=\"og:type\" content=\"article\" \/>\n<meta property=\"og:title\" content=\"Rapports annuels et \u00e9tats financiers - IDI\" \/>\n<meta property=\"og:url\" content=\"https:\/\/idi.no\/fr\/about\/strategies-impact\/annual-reports\/\" \/>\n<meta property=\"og:site_name\" content=\"IDI\" \/>\n<meta property=\"article:modified_time\" content=\"2025-11-12T22:35:26+00:00\" \/>\n<meta name=\"twitter:card\" content=\"summary_large_image\" \/>\n<script type=\"application\/ld+json\" class=\"yoast-schema-graph\">{\"@context\":\"https:\/\/schema.org\",\"@graph\":[{\"@type\":\"WebPage\",\"@id\":\"https:\/\/idi.no\/fr\/about\/strategies-impact\/annual-reports\/\",\"url\":\"https:\/\/idi.no\/fr\/about\/strategies-impact\/annual-reports\/\",\"name\":\"Rapports annuels et \u00e9tats financiers - IDI\",\"isPartOf\":{\"@id\":\"https:\/\/idi.no\/fr\/#website\"},\"datePublished\":\"2025-06-12T10:39:28+00:00\",\"dateModified\":\"2025-11-12T22:35:26+00:00\",\"breadcrumb\":{\"@id\":\"https:\/\/idi.no\/fr\/about\/strategies-impact\/annual-reports\/#breadcrumb\"},\"inLanguage\":\"fr-FR\",\"potentialAction\":[{\"@type\":\"ReadAction\",\"target\":[\"https:\/\/idi.no\/fr\/about\/strategies-impact\/annual-reports\/\"]}]},{\"@type\":\"BreadcrumbList\",\"@id\":\"https:\/\/idi.no\/fr\/about\/strategies-impact\/annual-reports\/#breadcrumb\",\"itemListElement\":[{\"@type\":\"ListItem\",\"position\":1,\"name\":\"Home\",\"item\":\"https:\/\/idi.no\/fr\/\"},{\"@type\":\"ListItem\",\"position\":2,\"name\":\"Qui sommes-nous ?\",\"item\":\"https:\/\/idi.no\/fr\/about\/\"},{\"@type\":\"ListItem\",\"position\":3,\"name\":\"Strat\u00e9gie et r\u00e9sultats\",\"item\":\"https:\/\/idi.no\/fr\/about\/strategies-impact\/\"},{\"@type\":\"ListItem\",\"position\":4,\"name\":\"Rapports annuels et \u00e9tats financiers\"}]},{\"@type\":\"WebSite\",\"@id\":\"https:\/\/idi.no\/fr\/#website\",\"url\":\"https:\/\/idi.no\/fr\/\",\"name\":\"IDI\",\"description\":\"\",\"potentialAction\":[{\"@type\":\"SearchAction\",\"target\":{\"@type\":\"EntryPoint\",\"urlTemplate\":\"https:\/\/idi.no\/fr\/?s={search_term_string}\"},\"query-input\":{\"@type\":\"PropertyValueSpecification\",\"valueRequired\":true,\"valueName\":\"search_term_string\"}}],\"inLanguage\":\"fr-FR\"}]}<\/script>\n<!-- \/ Yoast SEO plugin. -->","yoast_head_json":{"title":"Rapports annuels et \u00e9tats financiers - IDI","robots":{"index":"index","follow":"follow","max-snippet":"max-snippet:-1","max-image-preview":"max-image-preview:large","max-video-preview":"max-video-preview:-1"},"canonical":"https:\/\/idi.no\/fr\/about\/strategies-impact\/annual-reports\/","og_locale":"fr_FR","og_type":"article","og_title":"Rapports annuels et \u00e9tats financiers - IDI","og_url":"https:\/\/idi.no\/fr\/about\/strategies-impact\/annual-reports\/","og_site_name":"IDI","article_modified_time":"2025-11-12T22:35:26+00:00","twitter_card":"summary_large_image","schema":{"@context":"https:\/\/schema.org","@graph":[{"@type":"WebPage","@id":"https:\/\/idi.no\/fr\/about\/strategies-impact\/annual-reports\/","url":"https:\/\/idi.no\/fr\/about\/strategies-impact\/annual-reports\/","name":"Rapports annuels et \u00e9tats financiers - IDI","isPartOf":{"@id":"https:\/\/idi.no\/fr\/#website"},"datePublished":"2025-06-12T10:39:28+00:00","dateModified":"2025-11-12T22:35:26+00:00","breadcrumb":{"@id":"https:\/\/idi.no\/fr\/about\/strategies-impact\/annual-reports\/#breadcrumb"},"inLanguage":"fr-FR","potentialAction":[{"@type":"ReadAction","target":["https:\/\/idi.no\/fr\/about\/strategies-impact\/annual-reports\/"]}]},{"@type":"BreadcrumbList","@id":"https:\/\/idi.no\/fr\/about\/strategies-impact\/annual-reports\/#breadcrumb","itemListElement":[{"@type":"ListItem","position":1,"name":"Home","item":"https:\/\/idi.no\/fr\/"},{"@type":"ListItem","position":2,"name":"Qui sommes-nous ?","item":"https:\/\/idi.no\/fr\/about\/"},{"@type":"ListItem","position":3,"name":"Strat\u00e9gie et r\u00e9sultats","item":"https:\/\/idi.no\/fr\/about\/strategies-impact\/"},{"@type":"ListItem","position":4,"name":"Rapports annuels et \u00e9tats financiers"}]},{"@type":"WebSite","@id":"https:\/\/idi.no\/fr\/#website","url":"https:\/\/idi.no\/fr\/","name":"IDI","description":"","potentialAction":[{"@type":"SearchAction","target":{"@type":"EntryPoint","urlTemplate":"https:\/\/idi.no\/fr\/?s={search_term_string}"},"query-input":{"@type":"PropertyValueSpecification","valueRequired":true,"valueName":"search_term_string"}}],"inLanguage":"fr-FR"}]}},"_links":{"self":[{"href":"https:\/\/idi.no\/fr\/wp-json\/wp\/v2\/pages\/13398","targetHints":{"allow":["GET"]}}],"collection":[{"href":"https:\/\/idi.no\/fr\/wp-json\/wp\/v2\/pages"}],"about":[{"href":"https:\/\/idi.no\/fr\/wp-json\/wp\/v2\/types\/page"}],"author":[{"embeddable":true,"href":"https:\/\/idi.no\/fr\/wp-json\/wp\/v2\/users\/1"}],"replies":[{"embeddable":true,"href":"https:\/\/idi.no\/fr\/wp-json\/wp\/v2\/comments?post=13398"}],"version-history":[{"count":6,"href":"https:\/\/idi.no\/fr\/wp-json\/wp\/v2\/pages\/13398\/revisions"}],"predecessor-version":[{"id":27494,"href":"https:\/\/idi.no\/fr\/wp-json\/wp\/v2\/pages\/13398\/revisions\/27494"}],"up":[{"embeddable":true,"href":"https:\/\/idi.no\/fr\/wp-json\/wp\/v2\/pages\/13387"}],"wp:attachment":[{"href":"https:\/\/idi.no\/fr\/wp-json\/wp\/v2\/media?parent=13398"}],"curies":[{"name":"wp","href":"https:\/\/api.w.org\/{rel}","templated":true}]}}