{"id":13412,"date":"2025-06-16T12:37:15","date_gmt":"2025-06-16T12:37:15","guid":{"rendered":"https:\/\/idi.no\/about\/strategies-impact\/annual-reports\/sai-stories\/"},"modified":"2025-11-12T22:33:24","modified_gmt":"2025-11-12T22:33:24","slug":"sai-stories","status":"publish","type":"page","link":"https:\/\/idi.no\/fr\/about\/strategies-impact\/annual-reports\/sai-stories\/","title":{"rendered":"Histoires d&rsquo;ISC"},"content":{"rendered":"\n<div  class=\"image hero-block \" >\n\t<div class=\"image hero-block__container container\">\n\t\t<div class=\"image hero-block__content\">\n\t\t\t\t\t\t\t<div class=\"image hero-block__breadcrumbs breadcrumbs\">\n\t\t\t\t\t<span><span><a href=\"https:\/\/idi.no\/fr\/\">Home<\/a><\/span><\/span>\t\t\t\t<\/div>\n\t\t\t\t\t\t\t\t\t\t<h1 class=\"image hero-block__title\">\n\t\t\t\t\tHistoires d&#039;ISC\t\t\t\t<\/h1>\n\t\t\t\t\t\t\t\t\t\t\t\t\t<div class=\"image hero-block__description\">\n\t\t\t\t\tL&rsquo;IDI est fi\u00e8re de soutenir les ISC du monde entier dans leur mission d&rsquo;audit des d\u00e9penses gouvernementales de leur pays, \u00e0 travers diverses communaut\u00e9s, contextes et d\u00e9fis. D\u00e9couvrez comment ces ISC contribuent \u00e0 une gestion financi\u00e8re saine, \u00e0 la transparence et \u00e0 la responsabilit\u00e9, dans leur propre pays et de mani\u00e8re distinctive. \t\t\t\t<\/div>\n\t\t\t\n\t\t<\/div>\n\t\t\t\t\t<div class=\"image hero-block__image\">\n\t\t\t\t<img decoding=\"async\" src=\"https:\/\/idi.no\/wp-content\/uploads\/2025\/10\/AdobeStock_1264629768-e1762153247292.jpeg\" alt=\"\">\n\t\t\t<\/div>\n\t\t\t<\/div>\n<\/div>\n","protected":false},"excerpt":{"rendered":"","protected":false},"author":1,"featured_media":0,"parent":13398,"menu_order":0,"comment_status":"closed","ping_status":"closed","template":"","meta":{"_acf_changed":false,"footnotes":""},"class_list":["post-13412","page","type-page","status-publish","hentry"],"acf":[],"yoast_head":"<!-- This site is optimized with the Yoast SEO plugin v27.4 - https:\/\/yoast.com\/product\/yoast-seo-wordpress\/ -->\n<title>Histoires d&#039;ISC - IDI<\/title>\n<meta name=\"robots\" content=\"index, follow, max-snippet:-1, max-image-preview:large, max-video-preview:-1\" \/>\n<link rel=\"canonical\" href=\"https:\/\/idi.no\/fr\/about\/strategies-impact\/annual-reports\/sai-stories\/\" \/>\n<meta property=\"og:locale\" content=\"fr_FR\" \/>\n<meta property=\"og:type\" content=\"article\" \/>\n<meta property=\"og:title\" content=\"Histoires d&#039;ISC - IDI\" \/>\n<meta property=\"og:url\" content=\"https:\/\/idi.no\/fr\/about\/strategies-impact\/annual-reports\/sai-stories\/\" \/>\n<meta property=\"og:site_name\" content=\"IDI\" \/>\n<meta property=\"article:modified_time\" content=\"2025-11-12T22:33:24+00:00\" \/>\n<meta name=\"twitter:card\" content=\"summary_large_image\" \/>\n<script type=\"application\/ld+json\" class=\"yoast-schema-graph\">{\"@context\":\"https:\\\/\\\/schema.org\",\"@graph\":[{\"@type\":\"WebPage\",\"@id\":\"https:\\\/\\\/idi.no\\\/fr\\\/about\\\/strategies-impact\\\/annual-reports\\\/sai-stories\\\/\",\"url\":\"https:\\\/\\\/idi.no\\\/fr\\\/about\\\/strategies-impact\\\/annual-reports\\\/sai-stories\\\/\",\"name\":\"Histoires d'ISC - IDI\",\"isPartOf\":{\"@id\":\"https:\\\/\\\/idi.no\\\/fr\\\/#website\"},\"datePublished\":\"2025-06-16T12:37:15+00:00\",\"dateModified\":\"2025-11-12T22:33:24+00:00\",\"breadcrumb\":{\"@id\":\"https:\\\/\\\/idi.no\\\/fr\\\/about\\\/strategies-impact\\\/annual-reports\\\/sai-stories\\\/#breadcrumb\"},\"inLanguage\":\"fr-FR\",\"potentialAction\":[{\"@type\":\"ReadAction\",\"target\":[\"https:\\\/\\\/idi.no\\\/fr\\\/about\\\/strategies-impact\\\/annual-reports\\\/sai-stories\\\/\"]}]},{\"@type\":\"BreadcrumbList\",\"@id\":\"https:\\\/\\\/idi.no\\\/fr\\\/about\\\/strategies-impact\\\/annual-reports\\\/sai-stories\\\/#breadcrumb\",\"itemListElement\":[{\"@type\":\"ListItem\",\"position\":1,\"name\":\"Home\",\"item\":\"https:\\\/\\\/idi.no\\\/fr\\\/\"},{\"@type\":\"ListItem\",\"position\":2,\"name\":\"Qui sommes-nous ?\",\"item\":\"https:\\\/\\\/idi.no\\\/fr\\\/about\\\/\"},{\"@type\":\"ListItem\",\"position\":3,\"name\":\"Strat\u00e9gie et r\u00e9sultats\",\"item\":\"https:\\\/\\\/idi.no\\\/fr\\\/about\\\/strategies-impact\\\/\"},{\"@type\":\"ListItem\",\"position\":4,\"name\":\"Rapports annuels et \u00e9tats financiers\",\"item\":\"https:\\\/\\\/idi.no\\\/fr\\\/about\\\/strategies-impact\\\/annual-reports\\\/\"},{\"@type\":\"ListItem\",\"position\":5,\"name\":\"Histoires d&rsquo;ISC\"}]},{\"@type\":\"WebSite\",\"@id\":\"https:\\\/\\\/idi.no\\\/fr\\\/#website\",\"url\":\"https:\\\/\\\/idi.no\\\/fr\\\/\",\"name\":\"IDI\",\"description\":\"\",\"potentialAction\":[{\"@type\":\"SearchAction\",\"target\":{\"@type\":\"EntryPoint\",\"urlTemplate\":\"https:\\\/\\\/idi.no\\\/fr\\\/?s={search_term_string}\"},\"query-input\":{\"@type\":\"PropertyValueSpecification\",\"valueRequired\":true,\"valueName\":\"search_term_string\"}}],\"inLanguage\":\"fr-FR\"}]}<\/script>\n<!-- \/ Yoast SEO plugin. -->","yoast_head_json":{"title":"Histoires d'ISC - IDI","robots":{"index":"index","follow":"follow","max-snippet":"max-snippet:-1","max-image-preview":"max-image-preview:large","max-video-preview":"max-video-preview:-1"},"canonical":"https:\/\/idi.no\/fr\/about\/strategies-impact\/annual-reports\/sai-stories\/","og_locale":"fr_FR","og_type":"article","og_title":"Histoires d'ISC - IDI","og_url":"https:\/\/idi.no\/fr\/about\/strategies-impact\/annual-reports\/sai-stories\/","og_site_name":"IDI","article_modified_time":"2025-11-12T22:33:24+00:00","twitter_card":"summary_large_image","schema":{"@context":"https:\/\/schema.org","@graph":[{"@type":"WebPage","@id":"https:\/\/idi.no\/fr\/about\/strategies-impact\/annual-reports\/sai-stories\/","url":"https:\/\/idi.no\/fr\/about\/strategies-impact\/annual-reports\/sai-stories\/","name":"Histoires d'ISC - IDI","isPartOf":{"@id":"https:\/\/idi.no\/fr\/#website"},"datePublished":"2025-06-16T12:37:15+00:00","dateModified":"2025-11-12T22:33:24+00:00","breadcrumb":{"@id":"https:\/\/idi.no\/fr\/about\/strategies-impact\/annual-reports\/sai-stories\/#breadcrumb"},"inLanguage":"fr-FR","potentialAction":[{"@type":"ReadAction","target":["https:\/\/idi.no\/fr\/about\/strategies-impact\/annual-reports\/sai-stories\/"]}]},{"@type":"BreadcrumbList","@id":"https:\/\/idi.no\/fr\/about\/strategies-impact\/annual-reports\/sai-stories\/#breadcrumb","itemListElement":[{"@type":"ListItem","position":1,"name":"Home","item":"https:\/\/idi.no\/fr\/"},{"@type":"ListItem","position":2,"name":"Qui sommes-nous ?","item":"https:\/\/idi.no\/fr\/about\/"},{"@type":"ListItem","position":3,"name":"Strat\u00e9gie et r\u00e9sultats","item":"https:\/\/idi.no\/fr\/about\/strategies-impact\/"},{"@type":"ListItem","position":4,"name":"Rapports annuels et \u00e9tats financiers","item":"https:\/\/idi.no\/fr\/about\/strategies-impact\/annual-reports\/"},{"@type":"ListItem","position":5,"name":"Histoires d&rsquo;ISC"}]},{"@type":"WebSite","@id":"https:\/\/idi.no\/fr\/#website","url":"https:\/\/idi.no\/fr\/","name":"IDI","description":"","potentialAction":[{"@type":"SearchAction","target":{"@type":"EntryPoint","urlTemplate":"https:\/\/idi.no\/fr\/?s={search_term_string}"},"query-input":{"@type":"PropertyValueSpecification","valueRequired":true,"valueName":"search_term_string"}}],"inLanguage":"fr-FR"}]}},"_links":{"self":[{"href":"https:\/\/idi.no\/fr\/wp-json\/wp\/v2\/pages\/13412","targetHints":{"allow":["GET"]}}],"collection":[{"href":"https:\/\/idi.no\/fr\/wp-json\/wp\/v2\/pages"}],"about":[{"href":"https:\/\/idi.no\/fr\/wp-json\/wp\/v2\/types\/page"}],"author":[{"embeddable":true,"href":"https:\/\/idi.no\/fr\/wp-json\/wp\/v2\/users\/1"}],"replies":[{"embeddable":true,"href":"https:\/\/idi.no\/fr\/wp-json\/wp\/v2\/comments?post=13412"}],"version-history":[{"count":4,"href":"https:\/\/idi.no\/fr\/wp-json\/wp\/v2\/pages\/13412\/revisions"}],"predecessor-version":[{"id":27359,"href":"https:\/\/idi.no\/fr\/wp-json\/wp\/v2\/pages\/13412\/revisions\/27359"}],"up":[{"embeddable":true,"href":"https:\/\/idi.no\/fr\/wp-json\/wp\/v2\/pages\/13398"}],"wp:attachment":[{"href":"https:\/\/idi.no\/fr\/wp-json\/wp\/v2\/media?parent=13412"}],"curies":[{"name":"wp","href":"https:\/\/api.w.org\/{rel}","templated":true}]}}