{"id":13428,"date":"2025-06-12T09:26:29","date_gmt":"2025-06-12T09:26:29","guid":{"rendered":"https:\/\/idi.no\/about\/strategies-impact\/operational-plan\/"},"modified":"2025-11-12T22:35:11","modified_gmt":"2025-11-12T22:35:11","slug":"operational-plan","status":"publish","type":"page","link":"https:\/\/idi.no\/fr\/about\/strategies-impact\/operational-plan\/","title":{"rendered":"Plan op\u00e9rationnel"},"content":{"rendered":"\n<div  class=\"image hero-block \" >\n\t<div class=\"image hero-block__container container\">\n\t\t<div class=\"image hero-block__content\">\n\t\t\t\t\t\t\t<div class=\"image hero-block__breadcrumbs breadcrumbs\">\n\t\t\t\t\t<span><span><a href=\"https:\/\/idi.no\/fr\/\">Home<\/a><\/span><\/span>\t\t\t\t<\/div>\n\t\t\t\t\t\t\t\t\t\t<h1 class=\"image hero-block__title\">\n\t\t\t\t\tPlan op\u00e9rationnel\t\t\t\t<\/h1>\n\t\t\t\t\t\t\t\t\t\t\t\t\t<div class=\"image hero-block__description\">\n\t\t\t\t\tGr\u00e2ce au Plan op\u00e9rationnel, nous d\u00e9finissons les priorit\u00e9s annuelles, allouons les ressources et \u00e9tablissons des jalons pour mesurer les progr\u00e8s.\t\t\t\t<\/div>\n\t\t\t\n\t\t<\/div>\n\t\t\t\t\t<div class=\"image hero-block__image\">\n\t\t\t\t<img decoding=\"async\" src=\"https:\/\/idi.no\/wp-content\/uploads\/2025\/10\/man-pointing-his-finger-graph-scaled-e1761624259498.jpg\" alt=\"\">\n\t\t\t<\/div>\n\t\t\t<\/div>\n<\/div>\n\n<div  class=\"text-and-media-block  block-image-align--right block-background-color--white with-circles\" >\n\t<div class=\"text-and-media-block__container container\">\n\t\t<div class=\"text-and-media-block__col\">\n\n\t\t\t\t\t\t\t\t\t\t\t\t\t<h2 class=\"text-and-media-block__title\">\n\t\t\t\t\tPlan op\u00e9rationnel 2025 de l&#039;IDI\t\t\t\t<\/h2>\n\t\t\t\t\t\t\t\t\t\t\t\t\t<div class=\"text-and-media-block__description\">\n\t\t\t\t\t<div id=\"sppb-addon-wrapper-1578391900124\" class=\"sppb-addon-wrapper addon-root-text-block\">\n<div id=\"sppb-addon-1578391900124\" class=\"clearfix \">\n<div class=\"sppb-addon sppb-addon-text-block \">\n<div class=\"sppb-addon-content \">\n<p>Le Plan op\u00e9rationnel 2025 de l&rsquo;IDI pr\u00e9sente les plans d\u00e9taill\u00e9s et les budgets pour le <a href=\"https:\/\/idi.no\/fr\/about\/strategies-impact\/strategic-plan\/\" data-uw-rm-brl=\"PR\" data-uw-original-href=\"https:\/\/idi.no\/who-we-are-about\/idi-strategic-plan-and-implementation\">Plan strat\u00e9gique 2024-29<\/a> de l&rsquo;IDI. Le plan vise \u00e0 fournir aux ISC un soutien plus stable et pr\u00e9visible, contribuant \u00e0 trois priorit\u00e9s strat\u00e9giques : la durabilit\u00e9, la num\u00e9risation et la confiance du public envers les ISC. Il inclut une perspective de genre et d&rsquo;inclusion ainsi qu&rsquo;un cadre de r\u00e9sultats complet, qui fixe des objectifs bas\u00e9s sur les mesures des changements dans la performance des ISC suite au soutien de l&rsquo;IDI.  <\/p>\n<p>Le Plan op\u00e9rationnel lance la mise en \u0153uvre du nouveau <a href=\"https:\/\/idi.no\/resource\/1808-idi-strategic-plan-2024-2029-vf-en\/\">Plan strat\u00e9gique de l&rsquo;IDI<\/a>, d\u00e9velopp\u00e9 au cours des deux derni\u00e8res ann\u00e9es avec une contribution importante de la communaut\u00e9 des ISC et des partenaires. Il d\u00e9finit comment les axes de travail de l&rsquo;IDI \u2013 ISC ind\u00e9pendantes, bien gouvern\u00e9es, professionnelles et pertinentes, soutien bilat\u00e9ral et fondements mondiaux \u2013 \u0153uvrent ensemble pour la durabilit\u00e9, la num\u00e9risation et la confiance du public envers les ISC, et comment cela contribue \u00e0 la vision de l&rsquo;IDI d&rsquo;ISC ind\u00e9pendantes, cr\u00e9dibles et durables. <\/p>\n<p>Consultez et t\u00e9l\u00e9chargez les Points saillants du Plan op\u00e9rationnel pour 2025, ou pour des informations d\u00e9taill\u00e9es sur les plans 2025 de chaque axe de travail, cliquez sur les couvertures ci-dessous.<\/p>\n<\/div>\n<\/div>\n<\/div>\n<\/div>\n<div id=\"sppb-addon-wrapper-1578394766278\" class=\"sppb-addon-wrapper addon-root-text-block\">\n<div id=\"sppb-addon-1578394766278\" class=\"clearfix \">\n<div class=\"sppb-addon sppb-addon-text-block \">\n<div class=\"sppb-addon-content \">\n<p><i>Les Plans strat\u00e9giques, Plans op\u00e9rationnels et Budgets pr\u00e9c\u00e9dents peuvent \u00eatre consult\u00e9s dans nos <a href=\"\/resource-library\/resources-archive\/?_content_type=plans\" data-uw-rm-brl=\"PR\" data-uw-original-href=\"\/our-resources\/filters#sort=position&amp;sortdir=desc&amp;attr.cat.value=95&amp;page=1\">archives<\/a>.<\/i><\/p>\n<\/div>\n<\/div>\n<\/div>\n<\/div>\n\t\t\t\t<\/div>\n\t\t\t\n\t\t\t<div class=\"text-and-media-block__button-list\">\n\t\t\t\t\t\t\t\t\t\t\t<a \thref=\"\/elibrary\/2052-op-2025-v7\/file\"\n\t\t\t\t\tclass=\"text-and-media-block__button\"\n\t\t\t\t\t target=\"_blank\" rel=\"noopener noreferrer\"\t\t\t\t>\n\t\t\t\t\tRead and download IDI&#039;s Operational Plan Highlights 2025\t\t\t\t<\/a>\n\t\t\t\n\t\t\t\t\t\t<\/div>\n\t\t<\/div>\n\t\t\t\t    <div class=\"text-and-media-block__col\">\n\t\t\t\t<div class=\"text-and-media-block__image\">\n\t\t\t\t\t<img decoding=\"async\" src=\"https:\/\/idi.no\/wp-content\/uploads\/2025\/08\/op-2025-cover.jpg\" alt=\"\">\n\t\t\t\t<\/div>\n\t\t\t<\/div>\n\t\t\t\t<\/div>\n<\/div>\n\r\n<div  class=\"text-only-block text-only-block__white-background text-only-block__two-columns\"> <!-- Removed undefined $style (before: echoed $style) -->\r\n    <div class=\"text-only-block__container container\">\r\n        \r\n                    <div class=\"text-only-block__content\">\r\n                <div class=\"text-only-block__column\">\r\n                                            <h2 class=\"text-only-block__title\">Budgets<\/h2>\r\n                                    <\/div>\r\n                <div class=\"text-only-block__column\">\r\n                                                                                    <div class=\"text-only-block__description\"><p>Chaque novembre, le Conseil d&rsquo;administration de l&rsquo;IDI approuve les budgets annuels pour la mise en \u0153uvre du Plan op\u00e9rationnel de l&rsquo;ann\u00e9e suivante. Ceux-ci pr\u00e9sentent les sources de financement pr\u00e9vues et les d\u00e9penses planifi\u00e9es pour les diff\u00e9rentes Priorit\u00e9s strat\u00e9giques de l&rsquo;IDI. Les budgets sont r\u00e9vis\u00e9s et, si n\u00e9cessaire, mis \u00e0 jour au cours de l&rsquo;ann\u00e9e, notamment lorsqu&rsquo;il y a des changements majeurs dans les sources de financement et les d\u00e9penses planifi\u00e9es.  <\/p>\n<\/div>\r\n                                        \r\n                    <!-- New: Wrap all buttons in __button-list for consistency with working block -->\r\n                    <div class=\"text-only-block__button-list\">\r\n                                                                                <a href=\"\/elibrary\/2046-idi-budget-2025\/file\" class=\"text-only-block__button\"  target=\"_blank\" rel=\"noopener noreferrer\">\r\n                                Check out the 2025 Budget                            <\/a>\r\n                        \r\n                                            <\/div>\r\n                <\/div>\r\n            <\/div>\r\n        \r\n        \r\n            <\/div>\r\n<\/div>","protected":false},"excerpt":{"rendered":"","protected":false},"author":1,"featured_media":0,"parent":13387,"menu_order":0,"comment_status":"closed","ping_status":"closed","template":"","meta":{"footnotes":""},"class_list":["post-13428","page","type-page","status-publish","hentry"],"acf":[],"yoast_head":"<!-- This site is optimized with the Yoast SEO plugin v25.3 - https:\/\/yoast.com\/wordpress\/plugins\/seo\/ -->\n<title>Plan op\u00e9rationnel - IDI<\/title>\n<meta name=\"robots\" content=\"index, follow, max-snippet:-1, max-image-preview:large, max-video-preview:-1\" \/>\n<link rel=\"canonical\" href=\"https:\/\/idi.no\/fr\/about\/strategies-impact\/operational-plan\/\" \/>\n<meta property=\"og:locale\" content=\"fr_FR\" \/>\n<meta property=\"og:type\" content=\"article\" \/>\n<meta property=\"og:title\" content=\"Plan op\u00e9rationnel - IDI\" \/>\n<meta property=\"og:url\" content=\"https:\/\/idi.no\/fr\/about\/strategies-impact\/operational-plan\/\" \/>\n<meta property=\"og:site_name\" content=\"IDI\" \/>\n<meta property=\"article:modified_time\" content=\"2025-11-12T22:35:11+00:00\" \/>\n<meta name=\"twitter:card\" content=\"summary_large_image\" \/>\n<script type=\"application\/ld+json\" class=\"yoast-schema-graph\">{\"@context\":\"https:\/\/schema.org\",\"@graph\":[{\"@type\":\"WebPage\",\"@id\":\"https:\/\/idi.no\/fr\/about\/strategies-impact\/operational-plan\/\",\"url\":\"https:\/\/idi.no\/fr\/about\/strategies-impact\/operational-plan\/\",\"name\":\"Plan op\u00e9rationnel - IDI\",\"isPartOf\":{\"@id\":\"https:\/\/idi.no\/fr\/#website\"},\"datePublished\":\"2025-06-12T09:26:29+00:00\",\"dateModified\":\"2025-11-12T22:35:11+00:00\",\"breadcrumb\":{\"@id\":\"https:\/\/idi.no\/fr\/about\/strategies-impact\/operational-plan\/#breadcrumb\"},\"inLanguage\":\"fr-FR\",\"potentialAction\":[{\"@type\":\"ReadAction\",\"target\":[\"https:\/\/idi.no\/fr\/about\/strategies-impact\/operational-plan\/\"]}]},{\"@type\":\"BreadcrumbList\",\"@id\":\"https:\/\/idi.no\/fr\/about\/strategies-impact\/operational-plan\/#breadcrumb\",\"itemListElement\":[{\"@type\":\"ListItem\",\"position\":1,\"name\":\"Home\",\"item\":\"https:\/\/idi.no\/fr\/\"},{\"@type\":\"ListItem\",\"position\":2,\"name\":\"Qui sommes-nous ?\",\"item\":\"https:\/\/idi.no\/fr\/about\/\"},{\"@type\":\"ListItem\",\"position\":3,\"name\":\"Strat\u00e9gie et r\u00e9sultats\",\"item\":\"https:\/\/idi.no\/fr\/about\/strategies-impact\/\"},{\"@type\":\"ListItem\",\"position\":4,\"name\":\"Plan op\u00e9rationnel\"}]},{\"@type\":\"WebSite\",\"@id\":\"https:\/\/idi.no\/fr\/#website\",\"url\":\"https:\/\/idi.no\/fr\/\",\"name\":\"IDI\",\"description\":\"\",\"potentialAction\":[{\"@type\":\"SearchAction\",\"target\":{\"@type\":\"EntryPoint\",\"urlTemplate\":\"https:\/\/idi.no\/fr\/?s={search_term_string}\"},\"query-input\":{\"@type\":\"PropertyValueSpecification\",\"valueRequired\":true,\"valueName\":\"search_term_string\"}}],\"inLanguage\":\"fr-FR\"}]}<\/script>\n<!-- \/ Yoast SEO plugin. -->","yoast_head_json":{"title":"Plan op\u00e9rationnel - IDI","robots":{"index":"index","follow":"follow","max-snippet":"max-snippet:-1","max-image-preview":"max-image-preview:large","max-video-preview":"max-video-preview:-1"},"canonical":"https:\/\/idi.no\/fr\/about\/strategies-impact\/operational-plan\/","og_locale":"fr_FR","og_type":"article","og_title":"Plan op\u00e9rationnel - IDI","og_url":"https:\/\/idi.no\/fr\/about\/strategies-impact\/operational-plan\/","og_site_name":"IDI","article_modified_time":"2025-11-12T22:35:11+00:00","twitter_card":"summary_large_image","schema":{"@context":"https:\/\/schema.org","@graph":[{"@type":"WebPage","@id":"https:\/\/idi.no\/fr\/about\/strategies-impact\/operational-plan\/","url":"https:\/\/idi.no\/fr\/about\/strategies-impact\/operational-plan\/","name":"Plan op\u00e9rationnel - IDI","isPartOf":{"@id":"https:\/\/idi.no\/fr\/#website"},"datePublished":"2025-06-12T09:26:29+00:00","dateModified":"2025-11-12T22:35:11+00:00","breadcrumb":{"@id":"https:\/\/idi.no\/fr\/about\/strategies-impact\/operational-plan\/#breadcrumb"},"inLanguage":"fr-FR","potentialAction":[{"@type":"ReadAction","target":["https:\/\/idi.no\/fr\/about\/strategies-impact\/operational-plan\/"]}]},{"@type":"BreadcrumbList","@id":"https:\/\/idi.no\/fr\/about\/strategies-impact\/operational-plan\/#breadcrumb","itemListElement":[{"@type":"ListItem","position":1,"name":"Home","item":"https:\/\/idi.no\/fr\/"},{"@type":"ListItem","position":2,"name":"Qui sommes-nous ?","item":"https:\/\/idi.no\/fr\/about\/"},{"@type":"ListItem","position":3,"name":"Strat\u00e9gie et r\u00e9sultats","item":"https:\/\/idi.no\/fr\/about\/strategies-impact\/"},{"@type":"ListItem","position":4,"name":"Plan op\u00e9rationnel"}]},{"@type":"WebSite","@id":"https:\/\/idi.no\/fr\/#website","url":"https:\/\/idi.no\/fr\/","name":"IDI","description":"","potentialAction":[{"@type":"SearchAction","target":{"@type":"EntryPoint","urlTemplate":"https:\/\/idi.no\/fr\/?s={search_term_string}"},"query-input":{"@type":"PropertyValueSpecification","valueRequired":true,"valueName":"search_term_string"}}],"inLanguage":"fr-FR"}]}},"_links":{"self":[{"href":"https:\/\/idi.no\/fr\/wp-json\/wp\/v2\/pages\/13428","targetHints":{"allow":["GET"]}}],"collection":[{"href":"https:\/\/idi.no\/fr\/wp-json\/wp\/v2\/pages"}],"about":[{"href":"https:\/\/idi.no\/fr\/wp-json\/wp\/v2\/types\/page"}],"author":[{"embeddable":true,"href":"https:\/\/idi.no\/fr\/wp-json\/wp\/v2\/users\/1"}],"replies":[{"embeddable":true,"href":"https:\/\/idi.no\/fr\/wp-json\/wp\/v2\/comments?post=13428"}],"version-history":[{"count":4,"href":"https:\/\/idi.no\/fr\/wp-json\/wp\/v2\/pages\/13428\/revisions"}],"predecessor-version":[{"id":27486,"href":"https:\/\/idi.no\/fr\/wp-json\/wp\/v2\/pages\/13428\/revisions\/27486"}],"up":[{"embeddable":true,"href":"https:\/\/idi.no\/fr\/wp-json\/wp\/v2\/pages\/13387"}],"wp:attachment":[{"href":"https:\/\/idi.no\/fr\/wp-json\/wp\/v2\/media?parent=13428"}],"curies":[{"name":"wp","href":"https:\/\/api.w.org\/{rel}","templated":true}]}}