{"id":13443,"date":"2025-06-12T09:09:53","date_gmt":"2025-06-12T09:09:53","guid":{"rendered":"https:\/\/idi.no\/about\/strategies-impact\/strategic-plan\/"},"modified":"2025-11-12T22:37:04","modified_gmt":"2025-11-12T22:37:04","slug":"strategic-plan","status":"publish","type":"page","link":"https:\/\/idi.no\/fr\/about\/strategies-impact\/strategic-plan\/","title":{"rendered":"Plan strat\u00e9gique"},"content":{"rendered":"\n<div  class=\"image hero-block \" >\n\t<div class=\"image hero-block__container container\">\n\t\t<div class=\"image hero-block__content\">\n\t\t\t\t\t\t\t<div class=\"image hero-block__breadcrumbs breadcrumbs\">\n\t\t\t\t\t<span><span><a href=\"https:\/\/idi.no\/fr\/\">Home<\/a><\/span><\/span>\t\t\t\t<\/div>\n\t\t\t\t\t\t\t\t\t\t<h1 class=\"image hero-block__title\">\n\t\t\t\t\tPlan strat\u00e9gique\t\t\t\t<\/h1>\n\t\t\t\t\t\t\t\t\t\t\t\t\t<div class=\"image hero-block__description\">\n\t\t\t\t\tL&rsquo;IDI a pour mandat d&rsquo;aider les Institutions sup\u00e9rieures de contr\u00f4le des finances publiques (ISC) des pays en d\u00e9veloppement \u00e0 am\u00e9liorer durablement leurs performances et leurs capacit\u00e9s.\t\t\t\t<\/div>\n\t\t\t\n\t\t<\/div>\n\t\t\t\t\t<div class=\"image hero-block__image\">\n\t\t\t\t<img decoding=\"async\" src=\"https:\/\/idi.no\/wp-content\/uploads\/2025\/10\/AdobeStock_1632689170-scaled-e1761598919272.jpeg\" alt=\"\">\n\t\t\t<\/div>\n\t\t\t<\/div>\n<\/div>\n\r\n<div  class=\"text-only-block text-only-block__white-background text-only-block__text-only\"> <!-- Removed undefined $style (before: echoed $style) -->\r\n    <div class=\"text-only-block__container container\">\r\n                    <div class=\"text-only-block__content\">\r\n                                    <h2 class=\"text-only-block__title\">Notre plan strat\u00e9gique et vision 2024-2029<\/h2>\r\n                                                                    <div class=\"text-only-block__description\"><p><img loading=\"lazy\" decoding=\"async\" class=\"aligncenter size-full wp-image-8093\" src=\"https:\/\/idi.no\/wp-content\/uploads\/2025\/08\/idi-vision-and-mission.jpeg\" alt=\"\" width=\"1839\" height=\"611\" srcset=\"https:\/\/idi.no\/wp-content\/uploads\/2025\/08\/idi-vision-and-mission.jpeg 1839w, https:\/\/idi.no\/wp-content\/uploads\/2025\/08\/idi-vision-and-mission-300x100.jpeg 300w, https:\/\/idi.no\/wp-content\/uploads\/2025\/08\/idi-vision-and-mission-1024x340.jpeg 1024w, https:\/\/idi.no\/wp-content\/uploads\/2025\/08\/idi-vision-and-mission-768x255.jpeg 768w, https:\/\/idi.no\/wp-content\/uploads\/2025\/08\/idi-vision-and-mission-1536x510.jpeg 1536w\" sizes=\"auto, (max-width: 1839px) 100vw, 1839px\" \/><\/p>\n<\/div>\r\n                                \r\n                <!-- New: Wrap all buttons in __button-list for consistency with working block -->\r\n                <div class=\"text-only-block__button-list\">\r\n                    \r\n                                    <\/div>\r\n            <\/div>\r\n        \r\n        \r\n        \r\n            <\/div>\r\n<\/div>\n<div  class=\"video-block \" >\n\t<div class=\"video-block__container container container_video-block__poster-play--bottom_left video-block--add-padding\">\n\t\t\t\t\t\t\t\t\t\t\t\t<div class=\"video-block__poster--add-padding\">\n\t\t\t\t\t<div class=\"video-block__video-background--add-padding\"><\/div>\n\t\t\t\t\t\t<img decoding=\"async\" src=\"https:\/\/idi.no\/wp-content\/uploads\/2025\/08\/Screenshot-from-2025-08-28-11-52-02.png\" alt=\"\">\n\t\t\t\t\t\t<div class=\"video-block__poster-play-wrapper--add-padding\">\n\t\t\t\t\t\t\t<button class=\"video-block__poster-play\" aria-label=\"Play video\">\n\t\t\t\t\t\t\t\t<img decoding=\"async\" src=\"https:\/\/idi.no\/wp-content\/themes\/idi\/assets\/images\/icons\/play-icon.svg\" alt=\"Play video\">\n\t\t\t\t\t\t\t<\/button>\n\t\t\t\t\t\t\t\t\t\t\t\t\t\t\t<h4 class=\"video-block__title video-block__title-desktop\">\n\t\t\t\t\t\t\t\t\tRegardez notre pr\u00e9sentation du Plan Strat\u00e9gique de l&#039;IDI 2024 &#8211; 2029, avec les contributions du personnel de l&#039;IDI et des ISC du monde entier.\t\t\t\t\t\t\t\t<\/h4>\n\t\t\t\t\t\t\t\t\t\t\t\t\t<\/div>\n\t\t\t\t\t<\/div>\n\t\t\t\t\t\t\t\t\t\t\t\t\t\t<div class=\"video-block__iframe-wrapper--add-padding\" style=\"display: none;\">\n\t\t\t\t\t\t\t<iframe loading=\"lazy\" src=\"https:\/\/player.vimeo.com\/video\/885704979?dnt=1&amp;app_id=122963&amp;controls=1&amp;hd=1&amp;autohide=1\" width=\"640\" height=\"360\" frameborder=\"0\"><\/iframe>\t\t\t\t\t\t<\/div>\n\t\t\t\t\n\t\t\t\t\t\t\t\t\t\t\t\t\n\t\t\t\t\t\t\t<h4 class=\"video-block__title video-block__title-mobile\">\n\t\t\t\t\tRegardez notre pr\u00e9sentation du Plan Strat\u00e9gique de l&#039;IDI 2024 &#8211; 2029, avec les contributions du personnel de l&#039;IDI et des ISC du monde entier.\t\t\t\t<\/h4>\n\t\t\t\t<\/div>\n<\/div>\n\n<div  class=\"text-and-media-block  block-image-align--right block-background-color--white with-circles\" >\n\t<div class=\"text-and-media-block__container container\">\n\t\t<div class=\"text-and-media-block__col\">\n\n\t\t\t\t\t\t\t\t\t\t\t\t\t<h2 class=\"text-and-media-block__title\">\n\t\t\t\t\tLe Plan Strat\u00e9gique de l&#039;IDI 2024-2029 d\u00e9finit notre vision, notre mission, nos valeurs, nos priorit\u00e9s et nos ambitions. \t\t\t\t<\/h2>\n\t\t\t\t\t\t\t\t\t\t\t\t\t<div class=\"text-and-media-block__description\">\n\t\t\t\t\t<p>La vision, la mission et les valeurs sont les fondements sur lesquels nous construisons nos priorit\u00e9s et nos ambitions. Le Plan Strat\u00e9gique de l&rsquo;IDI 2024-2029 s&rsquo;appuie sur notre longue exp\u00e9rience dans le soutien aux ISC, les besoins et les d\u00e9fis exprim\u00e9s par les ISC dans nos Rapports Globaux Triennaux sur l&rsquo;\u00c9tat des ISC, l&rsquo;\u00e9valuation \u00e0 mi-parcours de notre pr\u00e9c\u00e9dent Plan Strat\u00e9gique, et les retours des partenaires et parties prenantes concern\u00e9s. <\/p>\n<p><strong>Notre vision :<br \/>\n<\/strong> Des ISC ind\u00e9pendantes, cr\u00e9dibles et durables pour de meilleures soci\u00e9t\u00e9s et une vie meilleure<\/p>\n<p><strong>Notre mission :<\/strong><br \/>\nNous, l&rsquo;Initiative de D\u00e9veloppement de l&rsquo;INTOSAI (IDI), soutenons les Institutions Sup\u00e9rieures de Contr\u00f4le (ISC) des pays en d\u00e9veloppement pour am\u00e9liorer durablement leurs performances et leurs capacit\u00e9s. Nous faisons partie de l&rsquo;Organisation internationale des Institutions sup\u00e9rieures de contr\u00f4le des finances publiques (INTOSAI) et travaillons en collaboration avec les comit\u00e9s d&rsquo;objectifs de l&rsquo;INTOSAI, les organisations r\u00e9gionales, les ISC et d&rsquo;autres partenaires et parties prenantes pour des ISC ind\u00e9pendantes, bien gouvern\u00e9es, professionnelles et pertinentes.<\/p>\n<p><b>Nos valeurs :<\/b> <br role=\"presentation\">Professionnalisme, Innovation, Collaboration, Avec C\u0153ur<\/p>\n\t\t\t\t<\/div>\n\t\t\t\n\t\t\t<div class=\"text-and-media-block__button-list\">\n\t\t\t\n\t\t\t\t\t\t<\/div>\n\t\t<\/div>\n\t\t\t\t    <div class=\"text-and-media-block__col\">\n\t\t\t\t<div class=\"text-and-media-block__image\">\n\t\t\t\t\t<img decoding=\"async\" src=\"https:\/\/idi.no\/wp-content\/uploads\/2025\/10\/Values-box.png\" alt=\"\">\n\t\t\t\t<\/div>\n\t\t\t<\/div>\n\t\t\t\t<\/div>\n<\/div>\n\r\n<div  class=\"text-only-block text-only-block__white-background text-only-block__columns-repeater\"> <!-- Removed undefined $style (before: echoed $style) -->\r\n    <div class=\"text-only-block__container container\">\r\n        \r\n        \r\n                    <div class=\"text-only-block__content\">\r\n                                                                    <div class=\"text-only-block__columns\">\r\n                                                <div class=\"text-only-block__column\">\r\n                                                                                        <h4 class=\"text-only-block__column-title\">Les nouveaut\u00e9s du Plan Strat\u00e9gique<\/h4>\r\n                                                                                                                    <div class=\"text-only-block__column-description\"><ul>\n<li style=\"color: #3376a5\">Nous avons trois priorit\u00e9s strat\u00e9giques : la Durabilit\u00e9, la Num\u00e9risation et la Confiance du Public dans les ISC. Elles guident notre travail et r\u00e9pondent aux tendances mondiales identifi\u00e9es pour les Institutions Sup\u00e9rieures de Contr\u00f4le <\/li>\n<li style=\"color: #3376a5\">Nous mettons encore plus l&rsquo;accent sur la pr\u00e9visibilit\u00e9 et le soutien \u00e0 long terme aux ISC<\/li>\n<\/ul>\n<\/div>\r\n                                                                                <\/div>\r\n                                                <div class=\"text-only-block__column\">\r\n                                                                                        <h4 class=\"text-only-block__column-title\">Ce qui continue avec des ambitions renforc\u00e9es<\/h4>\r\n                                                                                                                    <div class=\"text-only-block__column-description\"><ul>\n<li style=\"color: #3376a5\">Nous nous engageons \u00e0 travers les axes de travail de l&rsquo;IDI pour soutenir les fonctions essentielles par lesquelles les ISC apportent de la valeur<\/li>\n<li style=\"color: #3376a5\">Nous appliquons une perspective de genre et d&rsquo;intersectionnalit\u00e9 dans l&rsquo;ensemble de l&rsquo;IDI et dans notre travail avec les ISC<\/li>\n<li style=\"color: #3376a5\">Nous coordonnons et collaborons avec nos partenaires<\/li>\n<\/ul>\n<\/div>\r\n                                                                                <\/div>\r\n                                            <\/div>\r\n                                \r\n                <!-- New: Added entire button section here (including main button + additional_buttons in __button-list) to support repeater in this layout -->\r\n                <div class=\"text-only-block__button-list\">\r\n                    \r\n                                    <\/div>\r\n            <\/div>\r\n        \r\n            <\/div>\r\n<\/div>\n<div  class=\"accordion-block \" >\n\t<div class=\"accordion-block__container container\">\n\t\t\t\t\t<h2 class=\"accordion-block__title\">\n\t\t\t\tPlan Strat\u00e9gique de l&#039;IDI 2019 &#8211; 2023\t\t\t<\/h2>\n\t\t\t\t\t\t\t\t\t<div class=\"accordion-block__accordion\">\n\t\t\t\t\t\t\t\t\t<div class=\"accordion-block__accordion-item\">\n\t\t\t\t\t\t\t\t\t\t\t\t\t<h3 class=\"accordion-block__accordion-item-title\">\n\t\t\t\t\t\t\t\tContexte du Plan Strat\u00e9gique de l&#039;IDI 2019 &#8211; 2023\t\t\t\t\t\t\t<\/h3>\n\t\t\t\t\t\t\t\t\t\t\t\t<div class=\"accordion-block__accordion-item-wrapper\">\n\t\t\t\t\t\t\t\t\t\t\t\t\t\t\t\t\t\t\t\t\t\t<div class=\"accordion-block__accordion-item-content\">\n\t\t\t\t\t\t\t\t\t<div id=\"sppb-addon-wrapper-wm8RmsryV798GhVvdZ5XB\" class=\"sppb-addon-wrapper addon-root-text-block\">\n<div id=\"sppb-addon-wm8RmsryV798GhVvdZ5XB\" class=\"clearfix \">\n<div class=\"sppb-addon sppb-addon-text-block \">\n<div class=\"sppb-addon-content \">\n<h5 role=\"presentation\" aria-hidden=\"true\" data-uw-rm-heading=\"hide\"><span style=\"color: #00548e\"><strong>Plan Strat\u00e9gique de l&rsquo;IDI 2019-2023<\/strong><\/span><\/h5>\n<p>Le <a href=\"\/elibrary\/878-idi-strategic-plan-2019-2023\/file\" target=\"_blank\" rel=\"noopener\" data-uw-rm-brl=\"PR\" data-uw-original-href=\"\/elibrary\/idi-plans\/strategic-plans\/878-idi-strategic-plan-2019-2023\/file\" aria-label=\"Strategic Plan for 2019-2023 - open in a new tab\" data-uw-rm-ext-link=\"\">Plan Strat\u00e9gique de l&rsquo;IDI pour 2019-2023<\/a> expose notre ambition pour les cinq prochaines ann\u00e9es de rester l&rsquo;organe d&rsquo;ex\u00e9cution principal de l&rsquo;INTOSAI pour soutenir les Institutions Sup\u00e9rieures de Contr\u00f4le dans les pays en d\u00e9veloppement. Il pr\u00e9cise comment nous pr\u00e9voyons de les aider \u00e0 am\u00e9liorer durablement leurs performances et leurs capacit\u00e9s <\/p>\n<p>Nous prenons comme point de d\u00e9part les besoins et les d\u00e9fis des Institutions Sup\u00e9rieures de Contr\u00f4le dans les pays en d\u00e9veloppement (bas\u00e9s sur le Bilan Mondial des ISC 2017) et visons plus de durabilit\u00e9 et d&rsquo;impact. Le Plan Strat\u00e9gique de l&rsquo;IDI 2019-2023 s&rsquo;appuie sur : <\/p>\n<ul>\n<li>Les besoins et les d\u00e9fis auxquels font face les ISC<\/li>\n<li>L&rsquo;exp\u00e9rience propre de l&rsquo;IDI<\/li>\n<li>Les retours et l&rsquo;implication des parties prenantes cl\u00e9s<\/li>\n<li>Une revue de la mise en \u0153uvre du Plan Strat\u00e9gique pr\u00e9c\u00e9dent.<\/li>\n<\/ul>\n<p>Le Plan Strat\u00e9gique introduit deux changements strat\u00e9giques majeurs :<\/p>\n<ul>\n<li>Un passage des programmes \u00e0 court terme \u00e0 quatre axes de travail \u00e0 long terme : Cela fournira un soutien accru, holistique et adapt\u00e9 aux ISC dans les domaines de l&rsquo;ind\u00e9pendance, de la gouvernance, du professionnalisme et de la pertinence.<\/li>\n<li>L&rsquo;int\u00e9gration compl\u00e8te d&rsquo;une perspective de genre dans l&rsquo;ensemble du Plan Strat\u00e9gique.<\/li>\n<\/ul>\n<p><i>Le Plan Strat\u00e9gique de l&rsquo;IDI 2019-2023 est \u00e9galement disponible en <a href=\"\/elibrary\/939-idi-strategic-plan-2019-23-arabic\/file\" data-uw-rm-brl=\"PR\" data-uw-original-href=\"\/elibrary\/idi-plans\/strategic-plans\/939-idi-strategic-plan-2019-23-arabic\/file\">arabe<\/a>, en <a href=\"\/elibrary\/907-idi-plan-strategique-2019-2023\/file\" data-uw-rm-brl=\"PR\" data-uw-original-href=\"\/elibrary\/idi-plans\/strategic-plans\/907-idi-plan-strategique-2019-2023\/file\">fran\u00e7ais<\/a> et en <a href=\"\/elibrary\/893-plan-estrategico-2019-2023\/file\" data-uw-rm-brl=\"PR\" data-uw-original-href=\"\/elibrary\/idi-plans\/strategic-plans\/893-plan-estrategico-2019-2023\/file\">espagnol<\/a><\/i><\/p>\n<\/div>\n<\/div>\n<\/div>\n<\/div>\n<div id=\"sppb-addon-wrapper-1578390865561\" class=\"sppb-addon-wrapper addon-root-image\">\n<div id=\"sppb-addon-1578390865561\" class=\"clearfix \">\n<div class=\"sppb-addon sppb-addon-single-image sppb-addon-image-shape\">\n<div class=\"sppb-addon-content\">\n<div class=\"sppb-addon-single-image-container\"><img loading=\"lazy\" decoding=\"async\" class=\"alignright\" style=\"max-width: 220px\" src=\"https:\/\/idi.no\/images\/about-idi\/mmspcover-sized3.png\" alt=\"Image\" width=\"221\" height=\"300\" data-uw-rm-alt-original=\"Image\" data-uw-rm-alt=\"ALT\"><\/div>\n<\/div>\n<\/div>\n<\/div>\n<\/div>\n\t\t\t\t\t\t\t\t<\/div>\n\t\t\t\t\t\t\t\t\t\t\t\t\t\t\t\t\t\t\t\t<\/div>\n\t\t\t\t\t<\/div>\n\t\t\t\t\t\t\t\t\t<div class=\"accordion-block__accordion-item\">\n\t\t\t\t\t\t\t\t\t\t\t\t\t<h3 class=\"accordion-block__accordion-item-title\">\n\t\t\t\t\t\t\t\tRapport complet du Plan Strat\u00e9gique de l&#039;IDI 2019 &#8211; 2023\t\t\t\t\t\t\t<\/h3>\n\t\t\t\t\t\t\t\t\t\t\t\t<div class=\"accordion-block__accordion-item-wrapper\">\n\t\t\t\t\t\t\t\t\t\t\t\t\t\t\t\t\t\t\t\t\t\t<div class=\"accordion-block__accordion-item-content\">\n\t\t\t\t\t\t\t\t\t<p><a id=\"btn-1578391899597\" class=\"sppb-btn sppb-btn-primary sppb-btn-block sppb-btn-rounded\" href=\"\/elibrary\/878-idi-strategic-plan-2019-2023\/file\" data-uw-rm-brl=\"PR\" data-uw-original-href=\"\/elibrary\/idi-plans\/strategic-plans\/878-idi-strategic-plan-2019-2023\/file\">Lire le plan strat\u00e9gique 2019-2023<\/a><\/p>\n\t\t\t\t\t\t\t\t<\/div>\n\t\t\t\t\t\t\t\t\t\t\t\t\t\t\t\t\t\t\t\t<\/div>\n\t\t\t\t\t<\/div>\n\t\t\t\t\t\t\t\t\t<div class=\"accordion-block__accordion-item\">\n\t\t\t\t\t\t\t\t\t\t\t\t\t<h3 class=\"accordion-block__accordion-item-title\">\n\t\t\t\t\t\t\t\tR\u00e9sum\u00e9 du Plan Strat\u00e9gique de l&#039;IDI 2019 &#8211; 2023\t\t\t\t\t\t\t<\/h3>\n\t\t\t\t\t\t\t\t\t\t\t\t<div class=\"accordion-block__accordion-item-wrapper\">\n\t\t\t\t\t\t\t\t\t\t\t\t\t\t\t\t\t\t\t\t\t\t<div class=\"accordion-block__accordion-item-content\">\n\t\t\t\t\t\t\t\t\t<p><a id=\"btn-1603815880114\" class=\"sppb-btn sppb-btn-primary sppb-btn-block sppb-btn-rounded\" href=\"\/elibrary\/941-strategic-plan-infographic\/file\" data-uw-rm-brl=\"PR\" data-uw-original-href=\"\/elibrary\/idi-plans\/strategic-plans\/941-strategic-plan-infographic\/file\">Lire le r\u00e9sum\u00e9 du Plan Strat\u00e9gique 2019-2023<br \/>\n<\/a><\/p>\n\t\t\t\t\t\t\t\t<\/div>\n\t\t\t\t\t\t\t\t\t\t\t\t\t\t\t\t\t\t\t\t<\/div>\n\t\t\t\t\t<\/div>\n\t\t\t\t\t\t\t\t\t<div class=\"accordion-block__accordion-item\">\n\t\t\t\t\t\t\t\t\t\t\t\t\t<h3 class=\"accordion-block__accordion-item-title\">\n\t\t\t\t\t\t\t\tTraductions du Plan Strat\u00e9gique de l&#039;IDI 2019 &#8211; 2023\t\t\t\t\t\t\t<\/h3>\n\t\t\t\t\t\t\t\t\t\t\t\t<div class=\"accordion-block__accordion-item-wrapper\">\n\t\t\t\t\t\t\t\t\t\t\t\t\t\t\t\t\t\t\t\t\t\t<div class=\"accordion-block__accordion-item-content\">\n\t\t\t\t\t\t\t\t\t<div id=\"sppb-ac-content-NYipHEWwziHBErNN4abnw-key-3\" class=\"sppb-panel-collapse\" aria-labelledby=\"sppb-ac-heading-NYipHEWwziHBErNN4abnw-key-3\">\n<div class=\"sppb-panel-body\">\n<div id=\"section-id-rSW1aTzgroENUVV4u9H95\" class=\"sppb-section\">\n<div class=\"sppb-container-inner\">\n<div class=\"sppb-row sppb-nested-row\">\n<div id=\"column-wrap-id-1700153517086\" class=\"sppb-row-column \">\n<div id=\"column-id-1700153517086\" class=\"sppb-column \">\n<div class=\"sppb-column-addons\">\n<div id=\"sppb-addon-wrapper-1700154023721\" class=\"sppb-addon-wrapper addon-root-text-block\">\n<div id=\"sppb-addon-1700154023721\" class=\"clearfix \">\n<div class=\"sppb-addon sppb-addon-text-block \">\n<div class=\"sppb-addon-content \">\n<p><i>Le Plan Strat\u00e9gique de l&rsquo;IDI 2019-2023 est \u00e9galement disponible en <a href=\"\/elibrary\/939-idi-strategic-plan-2019-23-arabic\/file\" data-uw-rm-brl=\"PR\" data-uw-original-href=\"\/elibrary\/idi-plans\/strategic-plans\/939-idi-strategic-plan-2019-23-arabic\/file\">arabe<\/a>, en <a href=\"\/elibrary\/907-idi-plan-strategique-2019-2023\/file\" data-uw-rm-brl=\"PR\" data-uw-original-href=\"\/elibrary\/idi-plans\/strategic-plans\/907-idi-plan-strategique-2019-2023\/file\">fran\u00e7ais<\/a> et en <a href=\"\/elibrary\/893-plan-estrategico-2019-2023\/file\" data-uw-rm-brl=\"PR\" data-uw-original-href=\"\/elibrary\/idi-plans\/strategic-plans\/893-plan-estrategico-2019-2023\/file\">espagnol<\/a><\/i><\/p>\n<\/div>\n<\/div>\n<\/div>\n<\/div>\n<\/div>\n<\/div>\n<\/div>\n<\/div>\n<\/div>\n<\/div>\n<\/div>\n<\/div>\n\t\t\t\t\t\t\t\t<\/div>\n\t\t\t\t\t\t\t\t\t\t\t\t\t\t\t\t\t\t\t\t<\/div>\n\t\t\t\t\t<\/div>\n\t\t\t\t\t\t\t\t\t<div class=\"accordion-block__accordion-item\">\n\t\t\t\t\t\t\t\t\t\t\t\t\t<h3 class=\"accordion-block__accordion-item-title\">\n\t\t\t\t\t\t\t\tPoints cl\u00e9s et r\u00e9sultats du Plan Strat\u00e9gique de l&#039;IDI 2019 &#8211; 2023\t\t\t\t\t\t\t<\/h3>\n\t\t\t\t\t\t\t\t\t\t\t\t<div class=\"accordion-block__accordion-item-wrapper\">\n\t\t\t\t\t\t\t\t\t\t\t\t\t\t\t\t\t\t\t\t\t\t<div class=\"accordion-block__accordion-item-content\">\n\t\t\t\t\t\t\t\t\t<p><a id=\"btn-cB1svwmDF4yYA9JMK2u2O\" class=\"sppb-btn sppb-btn-primary sppb-btn-block sppb-btn-rounded\" href=\"\/wp-content\/uploads\/2025\/08\/IDI-Key-Highlights-and-Results-2019-2023.pdf\" target=\"_blank\" rel=\"noopener\" aria-label=\"Read the 2019-2023 Key Highlights and Results - open in a new tab\" data-uw-rm-ext-link=\"\" data-uw-pdf-br=\"1\" data-uw-pdf-doc=\"\">Lire les points cl\u00e9s et r\u00e9sultats 2019-2023<br \/>\n<\/a><\/p>\n\t\t\t\t\t\t\t\t<\/div>\n\t\t\t\t\t\t\t\t\t\t\t\t\t\t\t\t\t\t\t\t<\/div>\n\t\t\t\t\t<\/div>\n\t\t\t\t\t\t\t<\/div>\n\t\t\t\t<\/div>\n\t<\/div>\n<\/div>\n","protected":false},"excerpt":{"rendered":"","protected":false},"author":1,"featured_media":0,"parent":13387,"menu_order":0,"comment_status":"closed","ping_status":"closed","template":"","meta":{"footnotes":""},"class_list":["post-13443","page","type-page","status-publish","hentry"],"acf":[],"yoast_head":"<!-- This site is optimized with the Yoast SEO plugin v25.3 - https:\/\/yoast.com\/wordpress\/plugins\/seo\/ -->\n<title>Plan strat\u00e9gique - IDI<\/title>\n<meta name=\"robots\" content=\"index, follow, max-snippet:-1, max-image-preview:large, max-video-preview:-1\" \/>\n<link rel=\"canonical\" href=\"https:\/\/idi.no\/fr\/about\/strategies-impact\/strategic-plan\/\" \/>\n<meta property=\"og:locale\" content=\"fr_FR\" \/>\n<meta property=\"og:type\" content=\"article\" \/>\n<meta property=\"og:title\" content=\"Plan strat\u00e9gique - IDI\" \/>\n<meta property=\"og:url\" content=\"https:\/\/idi.no\/fr\/about\/strategies-impact\/strategic-plan\/\" \/>\n<meta property=\"og:site_name\" content=\"IDI\" \/>\n<meta property=\"article:modified_time\" content=\"2025-11-12T22:37:04+00:00\" \/>\n<meta name=\"twitter:card\" content=\"summary_large_image\" \/>\n<script type=\"application\/ld+json\" class=\"yoast-schema-graph\">{\"@context\":\"https:\/\/schema.org\",\"@graph\":[{\"@type\":\"WebPage\",\"@id\":\"https:\/\/idi.no\/fr\/about\/strategies-impact\/strategic-plan\/\",\"url\":\"https:\/\/idi.no\/fr\/about\/strategies-impact\/strategic-plan\/\",\"name\":\"Plan strat\u00e9gique - IDI\",\"isPartOf\":{\"@id\":\"https:\/\/idi.no\/fr\/#website\"},\"datePublished\":\"2025-06-12T09:09:53+00:00\",\"dateModified\":\"2025-11-12T22:37:04+00:00\",\"breadcrumb\":{\"@id\":\"https:\/\/idi.no\/fr\/about\/strategies-impact\/strategic-plan\/#breadcrumb\"},\"inLanguage\":\"fr-FR\",\"potentialAction\":[{\"@type\":\"ReadAction\",\"target\":[\"https:\/\/idi.no\/fr\/about\/strategies-impact\/strategic-plan\/\"]}]},{\"@type\":\"BreadcrumbList\",\"@id\":\"https:\/\/idi.no\/fr\/about\/strategies-impact\/strategic-plan\/#breadcrumb\",\"itemListElement\":[{\"@type\":\"ListItem\",\"position\":1,\"name\":\"Home\",\"item\":\"https:\/\/idi.no\/fr\/\"},{\"@type\":\"ListItem\",\"position\":2,\"name\":\"Qui sommes-nous ?\",\"item\":\"https:\/\/idi.no\/fr\/about\/\"},{\"@type\":\"ListItem\",\"position\":3,\"name\":\"Strat\u00e9gie et r\u00e9sultats\",\"item\":\"https:\/\/idi.no\/fr\/about\/strategies-impact\/\"},{\"@type\":\"ListItem\",\"position\":4,\"name\":\"Plan strat\u00e9gique\"}]},{\"@type\":\"WebSite\",\"@id\":\"https:\/\/idi.no\/fr\/#website\",\"url\":\"https:\/\/idi.no\/fr\/\",\"name\":\"IDI\",\"description\":\"\",\"potentialAction\":[{\"@type\":\"SearchAction\",\"target\":{\"@type\":\"EntryPoint\",\"urlTemplate\":\"https:\/\/idi.no\/fr\/?s={search_term_string}\"},\"query-input\":{\"@type\":\"PropertyValueSpecification\",\"valueRequired\":true,\"valueName\":\"search_term_string\"}}],\"inLanguage\":\"fr-FR\"}]}<\/script>\n<!-- \/ Yoast SEO plugin. -->","yoast_head_json":{"title":"Plan strat\u00e9gique - IDI","robots":{"index":"index","follow":"follow","max-snippet":"max-snippet:-1","max-image-preview":"max-image-preview:large","max-video-preview":"max-video-preview:-1"},"canonical":"https:\/\/idi.no\/fr\/about\/strategies-impact\/strategic-plan\/","og_locale":"fr_FR","og_type":"article","og_title":"Plan strat\u00e9gique - IDI","og_url":"https:\/\/idi.no\/fr\/about\/strategies-impact\/strategic-plan\/","og_site_name":"IDI","article_modified_time":"2025-11-12T22:37:04+00:00","twitter_card":"summary_large_image","schema":{"@context":"https:\/\/schema.org","@graph":[{"@type":"WebPage","@id":"https:\/\/idi.no\/fr\/about\/strategies-impact\/strategic-plan\/","url":"https:\/\/idi.no\/fr\/about\/strategies-impact\/strategic-plan\/","name":"Plan strat\u00e9gique - IDI","isPartOf":{"@id":"https:\/\/idi.no\/fr\/#website"},"datePublished":"2025-06-12T09:09:53+00:00","dateModified":"2025-11-12T22:37:04+00:00","breadcrumb":{"@id":"https:\/\/idi.no\/fr\/about\/strategies-impact\/strategic-plan\/#breadcrumb"},"inLanguage":"fr-FR","potentialAction":[{"@type":"ReadAction","target":["https:\/\/idi.no\/fr\/about\/strategies-impact\/strategic-plan\/"]}]},{"@type":"BreadcrumbList","@id":"https:\/\/idi.no\/fr\/about\/strategies-impact\/strategic-plan\/#breadcrumb","itemListElement":[{"@type":"ListItem","position":1,"name":"Home","item":"https:\/\/idi.no\/fr\/"},{"@type":"ListItem","position":2,"name":"Qui sommes-nous ?","item":"https:\/\/idi.no\/fr\/about\/"},{"@type":"ListItem","position":3,"name":"Strat\u00e9gie et r\u00e9sultats","item":"https:\/\/idi.no\/fr\/about\/strategies-impact\/"},{"@type":"ListItem","position":4,"name":"Plan strat\u00e9gique"}]},{"@type":"WebSite","@id":"https:\/\/idi.no\/fr\/#website","url":"https:\/\/idi.no\/fr\/","name":"IDI","description":"","potentialAction":[{"@type":"SearchAction","target":{"@type":"EntryPoint","urlTemplate":"https:\/\/idi.no\/fr\/?s={search_term_string}"},"query-input":{"@type":"PropertyValueSpecification","valueRequired":true,"valueName":"search_term_string"}}],"inLanguage":"fr-FR"}]}},"_links":{"self":[{"href":"https:\/\/idi.no\/fr\/wp-json\/wp\/v2\/pages\/13443","targetHints":{"allow":["GET"]}}],"collection":[{"href":"https:\/\/idi.no\/fr\/wp-json\/wp\/v2\/pages"}],"about":[{"href":"https:\/\/idi.no\/fr\/wp-json\/wp\/v2\/types\/page"}],"author":[{"embeddable":true,"href":"https:\/\/idi.no\/fr\/wp-json\/wp\/v2\/users\/1"}],"replies":[{"embeddable":true,"href":"https:\/\/idi.no\/fr\/wp-json\/wp\/v2\/comments?post=13443"}],"version-history":[{"count":8,"href":"https:\/\/idi.no\/fr\/wp-json\/wp\/v2\/pages\/13443\/revisions"}],"predecessor-version":[{"id":27664,"href":"https:\/\/idi.no\/fr\/wp-json\/wp\/v2\/pages\/13443\/revisions\/27664"}],"up":[{"embeddable":true,"href":"https:\/\/idi.no\/fr\/wp-json\/wp\/v2\/pages\/13387"}],"wp:attachment":[{"href":"https:\/\/idi.no\/fr\/wp-json\/wp\/v2\/media?parent=13443"}],"curies":[{"name":"wp","href":"https:\/\/api.w.org\/{rel}","templated":true}]}}