{"id":13496,"date":"2025-06-10T18:42:27","date_gmt":"2025-06-10T18:42:27","guid":{"rendered":"https:\/\/idi.no\/disclaimers\/"},"modified":"2026-03-04T12:48:47","modified_gmt":"2026-03-04T12:48:47","slug":"disclaimers","status":"publish","type":"page","link":"https:\/\/idi.no\/fr\/disclaimers\/","title":{"rendered":"Clause de non-responsabilit\u00e9"},"content":{"rendered":"\n<div  class=\"hero-block \" >\n\t<div class=\"hero-block__container container\">\n\t\t<div class=\"hero-block__content\">\n\t\t\t\t\t\t\t<div class=\"hero-block__breadcrumbs breadcrumbs\">\n\t\t\t\t\t<span><span><a href=\"https:\/\/idi.no\/fr\/\">Home<\/a><\/span><\/span>\t\t\t\t<\/div>\n\t\t\t\t\t\t\t\t\t\t<h1 class=\"hero-block__title\">\n\t\t\t\t\tClause de non-responsabilit\u00e9\t\t\t\t<\/h1>\n\t\t\t\t\t\t\t\t\t\n\t\t<\/div>\n\t\t\t<\/div>\n<\/div>\n\r\n<div  class=\"text-only-block text-only-block__white-background text-only-block__text-only\"> <!-- Removed undefined $style (before: echoed $style) -->\r\n    <div class=\"text-only-block__container container\">\r\n                    <div class=\"text-only-block__content\">\r\n                                                                    <div class=\"text-only-block__description\"><h3><span style=\"color: #00548e\">Langues et traductions inclusives  <\/span><\/h3>\n<p>L&rsquo;IDI vise \u00e0 utiliser un langage inclusif dans toutes ses communications.<\/p>\n<p>Certains contenus de notre site web sont disponibles en plusieurs langues gr\u00e2ce au plugin multilingue de WordPress (WPML). Bien que nous nous efforcions de garantir des traductions de haute qualit\u00e9, certains textes traduits &#8211; en particulier lorsqu&rsquo;ils sont g\u00e9n\u00e9r\u00e9s automatiquement &#8211; peuvent ne pas \u00eatre totalement exacts. <\/p>\n<p>IDI fournit des traductions pour rendre son contenu plus accessible, mais nous ne pouvons pas garantir que toutes les traductions sont compl\u00e8tes, pr\u00e9cises ou totalement inclusives. Toute utilisation d&rsquo;un contenu traduit est \u00e0 la discr\u00e9tion de l&rsquo;utilisateur. <\/p>\n<h3><span style=\"color: #00548e\">Utilisation d&rsquo;images<\/span><\/h3>\n<p>Les images et le mat\u00e9riel d&rsquo;illustration figurant sur ce site web sont utilis\u00e9s sous licence ou avec autorisation et peuvent \u00eatre soumis \u00e0 des droits d&rsquo;auteur. Leur r\u00e9utilisation n\u00e9cessite l&rsquo;autorisation du d\u00e9tenteur des droits. <\/p>\n<h3><strong><span style=\"color: #00548e\">Utilisation de cartes<\/span><\/strong><\/h3>\n<p>Les d\u00e9signations et la pr\u00e9sentation des cartes sur ce site web sont fournies \u00e0 titre d&rsquo;information uniquement et n&rsquo;impliquent aucune opinion sur le statut juridique d&rsquo;un pays ou d&rsquo;un territoire, ni sur la d\u00e9limitation des fronti\u00e8res.<\/p>\n<\/div>\r\n                                \r\n                <!-- New: Wrap all buttons in __button-list for consistency with working block -->\r\n                <div class=\"text-only-block__button-list\">\r\n                    \r\n                                    <\/div>\r\n            <\/div>\r\n        \r\n        \r\n        \r\n            <\/div>\r\n<\/div>\n<div  class=\"cta-block light-blue\" >\n\t<div class=\"cta-block__container container\">\n\t\t<div class=\"cta-block__content\">\n\t\t\t<div class=\"cta-block__content-col\">\n\t\t\t\t\t\t\t\t\t\t\t\t\t\t\t\t\t<div class=\"cta-block__description\">\n\t\t\t\t\t\t<p>Si vous remarquez une langue qui pourrait \u00eatre am\u00e9lior\u00e9e, dans n&rsquo;importe quelle langue, nous aimerions que vous nous en fassiez part.<\/p>\n\t\t\t\t\t<\/div>\n\t\t\t\t\t\t\t<\/div>\n\t\t\t<div class=\"cta-block__content-col\">\n\t\t\t\t\t\t\t\t\t\t\t\t\t\t<a \thref=\"mailto:communications@idi.no\" \n\t\t\t\t\t\tclass=\"cta-block__button\"\n\t\t\t\t\t\t target=\"_blank\" rel=\"noopener noreferrer\"\t\t\t\t\t>\n\t\t\t\t\t\tEMAIL US\t\t\t\t\t<\/a>\n\t\t\t\t\t\t\t<\/div>\n\t\t<\/div>\n\t<\/div>\n<\/div>\n","protected":false},"excerpt":{"rendered":"","protected":false},"author":1,"featured_media":0,"parent":0,"menu_order":0,"comment_status":"closed","ping_status":"closed","template":"","meta":{"footnotes":""},"class_list":["post-13496","page","type-page","status-publish","hentry"],"acf":[],"yoast_head":"<!-- This site is optimized with the Yoast SEO plugin v25.3 - https:\/\/yoast.com\/wordpress\/plugins\/seo\/ -->\n<title>Clause de non-responsabilit\u00e9 - IDI<\/title>\n<meta name=\"robots\" content=\"index, follow, max-snippet:-1, max-image-preview:large, max-video-preview:-1\" \/>\n<link rel=\"canonical\" href=\"https:\/\/idi.no\/fr\/disclaimers\/\" \/>\n<meta property=\"og:locale\" content=\"fr_FR\" \/>\n<meta property=\"og:type\" content=\"article\" \/>\n<meta property=\"og:title\" content=\"Clause de non-responsabilit\u00e9 - IDI\" \/>\n<meta property=\"og:url\" content=\"https:\/\/idi.no\/fr\/disclaimers\/\" \/>\n<meta property=\"og:site_name\" content=\"IDI\" \/>\n<meta property=\"article:modified_time\" content=\"2026-03-04T12:48:47+00:00\" \/>\n<meta name=\"twitter:card\" content=\"summary_large_image\" \/>\n<script type=\"application\/ld+json\" class=\"yoast-schema-graph\">{\"@context\":\"https:\/\/schema.org\",\"@graph\":[{\"@type\":\"WebPage\",\"@id\":\"https:\/\/idi.no\/fr\/disclaimers\/\",\"url\":\"https:\/\/idi.no\/fr\/disclaimers\/\",\"name\":\"Clause de non-responsabilit\u00e9 - IDI\",\"isPartOf\":{\"@id\":\"https:\/\/idi.no\/fr\/#website\"},\"datePublished\":\"2025-06-10T18:42:27+00:00\",\"dateModified\":\"2026-03-04T12:48:47+00:00\",\"breadcrumb\":{\"@id\":\"https:\/\/idi.no\/fr\/disclaimers\/#breadcrumb\"},\"inLanguage\":\"fr-FR\",\"potentialAction\":[{\"@type\":\"ReadAction\",\"target\":[\"https:\/\/idi.no\/fr\/disclaimers\/\"]}]},{\"@type\":\"BreadcrumbList\",\"@id\":\"https:\/\/idi.no\/fr\/disclaimers\/#breadcrumb\",\"itemListElement\":[{\"@type\":\"ListItem\",\"position\":1,\"name\":\"Home\",\"item\":\"https:\/\/idi.no\/fr\/\"},{\"@type\":\"ListItem\",\"position\":2,\"name\":\"Clause de non-responsabilit\u00e9\"}]},{\"@type\":\"WebSite\",\"@id\":\"https:\/\/idi.no\/fr\/#website\",\"url\":\"https:\/\/idi.no\/fr\/\",\"name\":\"IDI\",\"description\":\"\",\"potentialAction\":[{\"@type\":\"SearchAction\",\"target\":{\"@type\":\"EntryPoint\",\"urlTemplate\":\"https:\/\/idi.no\/fr\/?s={search_term_string}\"},\"query-input\":{\"@type\":\"PropertyValueSpecification\",\"valueRequired\":true,\"valueName\":\"search_term_string\"}}],\"inLanguage\":\"fr-FR\"}]}<\/script>\n<!-- \/ Yoast SEO plugin. -->","yoast_head_json":{"title":"Clause de non-responsabilit\u00e9 - IDI","robots":{"index":"index","follow":"follow","max-snippet":"max-snippet:-1","max-image-preview":"max-image-preview:large","max-video-preview":"max-video-preview:-1"},"canonical":"https:\/\/idi.no\/fr\/disclaimers\/","og_locale":"fr_FR","og_type":"article","og_title":"Clause de non-responsabilit\u00e9 - IDI","og_url":"https:\/\/idi.no\/fr\/disclaimers\/","og_site_name":"IDI","article_modified_time":"2026-03-04T12:48:47+00:00","twitter_card":"summary_large_image","schema":{"@context":"https:\/\/schema.org","@graph":[{"@type":"WebPage","@id":"https:\/\/idi.no\/fr\/disclaimers\/","url":"https:\/\/idi.no\/fr\/disclaimers\/","name":"Clause de non-responsabilit\u00e9 - IDI","isPartOf":{"@id":"https:\/\/idi.no\/fr\/#website"},"datePublished":"2025-06-10T18:42:27+00:00","dateModified":"2026-03-04T12:48:47+00:00","breadcrumb":{"@id":"https:\/\/idi.no\/fr\/disclaimers\/#breadcrumb"},"inLanguage":"fr-FR","potentialAction":[{"@type":"ReadAction","target":["https:\/\/idi.no\/fr\/disclaimers\/"]}]},{"@type":"BreadcrumbList","@id":"https:\/\/idi.no\/fr\/disclaimers\/#breadcrumb","itemListElement":[{"@type":"ListItem","position":1,"name":"Home","item":"https:\/\/idi.no\/fr\/"},{"@type":"ListItem","position":2,"name":"Clause de non-responsabilit\u00e9"}]},{"@type":"WebSite","@id":"https:\/\/idi.no\/fr\/#website","url":"https:\/\/idi.no\/fr\/","name":"IDI","description":"","potentialAction":[{"@type":"SearchAction","target":{"@type":"EntryPoint","urlTemplate":"https:\/\/idi.no\/fr\/?s={search_term_string}"},"query-input":{"@type":"PropertyValueSpecification","valueRequired":true,"valueName":"search_term_string"}}],"inLanguage":"fr-FR"}]}},"_links":{"self":[{"href":"https:\/\/idi.no\/fr\/wp-json\/wp\/v2\/pages\/13496","targetHints":{"allow":["GET"]}}],"collection":[{"href":"https:\/\/idi.no\/fr\/wp-json\/wp\/v2\/pages"}],"about":[{"href":"https:\/\/idi.no\/fr\/wp-json\/wp\/v2\/types\/page"}],"author":[{"embeddable":true,"href":"https:\/\/idi.no\/fr\/wp-json\/wp\/v2\/users\/1"}],"replies":[{"embeddable":true,"href":"https:\/\/idi.no\/fr\/wp-json\/wp\/v2\/comments?post=13496"}],"version-history":[{"count":4,"href":"https:\/\/idi.no\/fr\/wp-json\/wp\/v2\/pages\/13496\/revisions"}],"predecessor-version":[{"id":37264,"href":"https:\/\/idi.no\/fr\/wp-json\/wp\/v2\/pages\/13496\/revisions\/37264"}],"wp:attachment":[{"href":"https:\/\/idi.no\/fr\/wp-json\/wp\/v2\/media?parent=13496"}],"curies":[{"name":"wp","href":"https:\/\/api.w.org\/{rel}","templated":true}]}}