{"id":13511,"date":"2025-06-10T20:03:32","date_gmt":"2025-06-10T20:03:32","guid":{"rendered":"https:\/\/idi.no\/get-involved\/careers\/"},"modified":"2025-11-12T22:36:31","modified_gmt":"2025-11-12T22:36:31","slug":"careers","status":"publish","type":"page","link":"https:\/\/idi.no\/fr\/get-involved\/careers\/","title":{"rendered":"Postes \u00e0 pourvoir"},"content":{"rendered":"\n<div  class=\"image hero-block \" >\n\t<div class=\"image hero-block__container container\">\n\t\t<div class=\"image hero-block__content\">\n\t\t\t\t\t\t\t<div class=\"image hero-block__breadcrumbs breadcrumbs\">\n\t\t\t\t\t<span><span><a href=\"https:\/\/idi.no\/fr\/\">Home<\/a><\/span><\/span>\t\t\t\t<\/div>\n\t\t\t\t\t\t\t\t\t\t<h1 class=\"image hero-block__title\">\n\t\t\t\t\tPostes \u00e0 pourvoir\t\t\t\t<\/h1>\n\t\t\t\t\t\t\t\t\t\t\t\t\t<div class=\"image hero-block__description\">\n\t\t\t\t\tVous souhaitez rejoindre notre \u00e9quipe ? Apprenez-en davantage sur les possibilit\u00e9s de carri\u00e8re chez IDI \t\t\t\t<\/div>\n\t\t\t\n\t\t<\/div>\n\t\t\t\t\t<div class=\"image hero-block__image\">\n\t\t\t\t<img decoding=\"async\" src=\"https:\/\/idi.no\/wp-content\/uploads\/2025\/10\/AdobeStock_1242827965-scaled-e1761623754726.jpeg\" alt=\"\">\n\t\t\t<\/div>\n\t\t\t<\/div>\n<\/div>\n\r\n<div  class=\"text-only-block text-only-block__white-background text-only-block__two-columns\"> <!-- Removed undefined $style (before: echoed $style) -->\r\n    <div class=\"text-only-block__container container\">\r\n        \r\n                    <div class=\"text-only-block__content\">\r\n                <div class=\"text-only-block__column\">\r\n                                            <h2 class=\"text-only-block__title\">Travailler chez IDI<\/h2>\r\n                                    <\/div>\r\n                <div class=\"text-only-block__column\">\r\n                                                                <div class=\"text-only-block__subtitle lede\">Notre \u00e9quipe diversifi\u00e9e d\u2019experts est un moteur de changement. Peut-\u00eatre serez-vous le prochain membre de notre \u00e9quipe ? <\/div>\r\n                                                                <div class=\"text-only-block__description\"><p><span data-teams=\"true\">Rejoignez une \u00e9quipe internationale et diversifi\u00e9e \u00e0 Oslo, qui stimule l\u2019innovation dans le domaine de l\u2019audit public. Chez IDI, nous aidons les institutions sup\u00e9rieures de contr\u00f4le des finances publiques du monde entier \u00e0 promouvoir la transparence, la responsabilit\u00e9 et la bonne gouvernance. Guid\u00e9s par nos valeurs <em>professionnalisme, innovation, collaboration et engagement,<\/em> nous travaillons ensemble pour renforcer les ISC ind\u00e9pendantes, cr\u00e9dibles et durables, afin d\u2019am\u00e9liorer les soci\u00e9t\u00e9s et les conditions de vie.  <\/span><\/p>\n<p>&nbsp;<\/p>\n<\/div>\r\n                                        \r\n                    <!-- New: Wrap all buttons in __button-list for consistency with working block -->\r\n                    <div class=\"text-only-block__button-list\">\r\n                        \r\n                                            <\/div>\r\n                <\/div>\r\n            <\/div>\r\n        \r\n        \r\n            <\/div>\r\n<\/div>\n<div  class=\"video-block \" >\n\t<div class=\"video-block__container container container_video-block__poster-play--bottom_left video-block--add-padding\">\n\t\t\t\t\t\t\t\t\t\t\t\t\t\t\t\t\t<div class=\"video-block__iframe-wrapper--add-padding\" style=\"\">\n\t\t\t\t\t\t\t<iframe loading=\"lazy\" src=\"https:\/\/player.vimeo.com\/video\/1120820835?dnt=1&amp;app_id=122963&amp;controls=1&amp;hd=1&amp;autohide=1\" width=\"640\" height=\"360\" frameborder=\"0\"><\/iframe>\t\t\t\t\t\t<\/div>\n\t\t\t\t\n\t\t\t\t\t\t\t\t\t\t\t\t\n\t\t\t\t\t\t\t<h4 class=\"video-block__title video-block__title-mobile\">\n\t\t\t\t\tTravailler chez IDI\t\t\t\t<\/h4>\n\t\t\t\t<\/div>\n<\/div>\n\n<div  class=\"cta-block dark-blue\" >\n\t<div class=\"cta-block__container container\">\n\t\t<div class=\"cta-block__content\">\n\t\t\t<div class=\"cta-block__content-col\">\n\t\t\t\t\t\t\t\t\t<h2 class=\"cta-block__title\">\n\t\t\t\t\t\tPersonnes et culture\t\t\t\t\t<\/h2>\n\t\t\t\t\t\t\t\t\t\t\t\t\t\t\t\t\t<div class=\"cta-block__description\">\n\t\t\t\t\t\t<p>Nous valorisons les diff\u00e9rentes perspectives et exp\u00e9riences de nos coll\u00e8gues, car elles contribuent \u00e0 la cr\u00e9ativit\u00e9, \u00e0 l\u2019innovation et \u00e0 l\u2019impact. Guid\u00e9s par nos valeurs fondamentales : professionnalisme, innovation, collaboration et engagement, nous sommes attach\u00e9s \u00e0 notre mission de soutien aux ISC ind\u00e9pendantes, cr\u00e9dibles et durables. <\/p>\n\t\t\t\t\t<\/div>\n\t\t\t\t\t\t\t<\/div>\n\t\t\t<div class=\"cta-block__content-col\">\n\t\t\t\t\t\t\t\t\t\t\t\t\t\t<a \thref=\"https:\/\/idi.no\/about\/people\/\" \n\t\t\t\t\t\tclass=\"cta-block__button\"\n\t\t\t\t\t\t\t\t\t\t\t>\n\t\t\t\t\t\tLEARN MORE\t\t\t\t\t<\/a>\n\t\t\t\t\t\t\t<\/div>\n\t\t<\/div>\n\t<\/div>\n<\/div>\n\n<div  class=\"accordion-block \" >\n\t<div class=\"accordion-block__container container\">\n\t\t\t\t\t<h2 class=\"accordion-block__title\">\n\t\t\t\tPostes disponibles\t\t\t<\/h2>\n\t\t\t\t\t\t\t<div class=\"accordion-block__subtitle lede\">\n\t\t\t\tAucun poste n\u2019est disponible pour le moment.\t\t\t<\/div>\n\t\t\t\t\t\t<\/div>\n\t<\/div>\n<\/div>\n","protected":false},"excerpt":{"rendered":"","protected":false},"author":1,"featured_media":0,"parent":13502,"menu_order":0,"comment_status":"closed","ping_status":"closed","template":"","meta":{"footnotes":""},"class_list":["post-13511","page","type-page","status-publish","hentry"],"acf":[],"yoast_head":"<!-- This site is optimized with the Yoast SEO plugin v25.3 - https:\/\/yoast.com\/wordpress\/plugins\/seo\/ -->\n<title>Postes \u00e0 pourvoir - IDI<\/title>\n<meta name=\"robots\" content=\"index, follow, max-snippet:-1, max-image-preview:large, max-video-preview:-1\" \/>\n<link rel=\"canonical\" href=\"https:\/\/idi.no\/fr\/get-involved\/careers\/\" \/>\n<meta property=\"og:locale\" content=\"fr_FR\" \/>\n<meta property=\"og:type\" content=\"article\" \/>\n<meta property=\"og:title\" content=\"Postes \u00e0 pourvoir - IDI\" \/>\n<meta property=\"og:url\" content=\"https:\/\/idi.no\/fr\/get-involved\/careers\/\" \/>\n<meta property=\"og:site_name\" content=\"IDI\" \/>\n<meta property=\"article:modified_time\" content=\"2025-11-12T22:36:31+00:00\" \/>\n<meta name=\"twitter:card\" content=\"summary_large_image\" \/>\n<script type=\"application\/ld+json\" class=\"yoast-schema-graph\">{\"@context\":\"https:\/\/schema.org\",\"@graph\":[{\"@type\":\"WebPage\",\"@id\":\"https:\/\/idi.no\/fr\/get-involved\/careers\/\",\"url\":\"https:\/\/idi.no\/fr\/get-involved\/careers\/\",\"name\":\"Postes \u00e0 pourvoir - IDI\",\"isPartOf\":{\"@id\":\"https:\/\/idi.no\/fr\/#website\"},\"datePublished\":\"2025-06-10T20:03:32+00:00\",\"dateModified\":\"2025-11-12T22:36:31+00:00\",\"breadcrumb\":{\"@id\":\"https:\/\/idi.no\/fr\/get-involved\/careers\/#breadcrumb\"},\"inLanguage\":\"fr-FR\",\"potentialAction\":[{\"@type\":\"ReadAction\",\"target\":[\"https:\/\/idi.no\/fr\/get-involved\/careers\/\"]}]},{\"@type\":\"BreadcrumbList\",\"@id\":\"https:\/\/idi.no\/fr\/get-involved\/careers\/#breadcrumb\",\"itemListElement\":[{\"@type\":\"ListItem\",\"position\":1,\"name\":\"Home\",\"item\":\"https:\/\/idi.no\/fr\/\"},{\"@type\":\"ListItem\",\"position\":2,\"name\":\"Opportunit\u00e9s d\u2019engagement\",\"item\":\"https:\/\/idi.no\/fr\/get-involved\/\"},{\"@type\":\"ListItem\",\"position\":3,\"name\":\"Postes \u00e0 pourvoir\"}]},{\"@type\":\"WebSite\",\"@id\":\"https:\/\/idi.no\/fr\/#website\",\"url\":\"https:\/\/idi.no\/fr\/\",\"name\":\"IDI\",\"description\":\"\",\"potentialAction\":[{\"@type\":\"SearchAction\",\"target\":{\"@type\":\"EntryPoint\",\"urlTemplate\":\"https:\/\/idi.no\/fr\/?s={search_term_string}\"},\"query-input\":{\"@type\":\"PropertyValueSpecification\",\"valueRequired\":true,\"valueName\":\"search_term_string\"}}],\"inLanguage\":\"fr-FR\"}]}<\/script>\n<!-- \/ Yoast SEO plugin. -->","yoast_head_json":{"title":"Postes \u00e0 pourvoir - IDI","robots":{"index":"index","follow":"follow","max-snippet":"max-snippet:-1","max-image-preview":"max-image-preview:large","max-video-preview":"max-video-preview:-1"},"canonical":"https:\/\/idi.no\/fr\/get-involved\/careers\/","og_locale":"fr_FR","og_type":"article","og_title":"Postes \u00e0 pourvoir - IDI","og_url":"https:\/\/idi.no\/fr\/get-involved\/careers\/","og_site_name":"IDI","article_modified_time":"2025-11-12T22:36:31+00:00","twitter_card":"summary_large_image","schema":{"@context":"https:\/\/schema.org","@graph":[{"@type":"WebPage","@id":"https:\/\/idi.no\/fr\/get-involved\/careers\/","url":"https:\/\/idi.no\/fr\/get-involved\/careers\/","name":"Postes \u00e0 pourvoir - IDI","isPartOf":{"@id":"https:\/\/idi.no\/fr\/#website"},"datePublished":"2025-06-10T20:03:32+00:00","dateModified":"2025-11-12T22:36:31+00:00","breadcrumb":{"@id":"https:\/\/idi.no\/fr\/get-involved\/careers\/#breadcrumb"},"inLanguage":"fr-FR","potentialAction":[{"@type":"ReadAction","target":["https:\/\/idi.no\/fr\/get-involved\/careers\/"]}]},{"@type":"BreadcrumbList","@id":"https:\/\/idi.no\/fr\/get-involved\/careers\/#breadcrumb","itemListElement":[{"@type":"ListItem","position":1,"name":"Home","item":"https:\/\/idi.no\/fr\/"},{"@type":"ListItem","position":2,"name":"Opportunit\u00e9s d\u2019engagement","item":"https:\/\/idi.no\/fr\/get-involved\/"},{"@type":"ListItem","position":3,"name":"Postes \u00e0 pourvoir"}]},{"@type":"WebSite","@id":"https:\/\/idi.no\/fr\/#website","url":"https:\/\/idi.no\/fr\/","name":"IDI","description":"","potentialAction":[{"@type":"SearchAction","target":{"@type":"EntryPoint","urlTemplate":"https:\/\/idi.no\/fr\/?s={search_term_string}"},"query-input":{"@type":"PropertyValueSpecification","valueRequired":true,"valueName":"search_term_string"}}],"inLanguage":"fr-FR"}]}},"_links":{"self":[{"href":"https:\/\/idi.no\/fr\/wp-json\/wp\/v2\/pages\/13511","targetHints":{"allow":["GET"]}}],"collection":[{"href":"https:\/\/idi.no\/fr\/wp-json\/wp\/v2\/pages"}],"about":[{"href":"https:\/\/idi.no\/fr\/wp-json\/wp\/v2\/types\/page"}],"author":[{"embeddable":true,"href":"https:\/\/idi.no\/fr\/wp-json\/wp\/v2\/users\/1"}],"replies":[{"embeddable":true,"href":"https:\/\/idi.no\/fr\/wp-json\/wp\/v2\/comments?post=13511"}],"version-history":[{"count":15,"href":"https:\/\/idi.no\/fr\/wp-json\/wp\/v2\/pages\/13511\/revisions"}],"predecessor-version":[{"id":27640,"href":"https:\/\/idi.no\/fr\/wp-json\/wp\/v2\/pages\/13511\/revisions\/27640"}],"up":[{"embeddable":true,"href":"https:\/\/idi.no\/fr\/wp-json\/wp\/v2\/pages\/13502"}],"wp:attachment":[{"href":"https:\/\/idi.no\/fr\/wp-json\/wp\/v2\/media?parent=13511"}],"curies":[{"name":"wp","href":"https:\/\/api.w.org\/{rel}","templated":true}]}}