{"id":13522,"date":"2025-06-10T20:03:20","date_gmt":"2025-06-10T20:03:20","guid":{"rendered":"https:\/\/idi.no\/get-involved\/contribute\/"},"modified":"2025-11-12T22:37:18","modified_gmt":"2025-11-12T22:37:18","slug":"contribute","status":"publish","type":"page","link":"https:\/\/idi.no\/fr\/get-involved\/contribute\/","title":{"rendered":"Contribuer &#8211; institution sup\u00e9rieure de contr\u00f4le"},"content":{"rendered":"\n<div  class=\"image hero-block \" >\n\t<div class=\"image hero-block__container container\">\n\t\t<div class=\"image hero-block__content\">\n\t\t\t\t\t\t\t<div class=\"image hero-block__breadcrumbs breadcrumbs\">\n\t\t\t\t\t<span><span><a href=\"https:\/\/idi.no\/fr\/\">Home<\/a><\/span><\/span>\t\t\t\t<\/div>\n\t\t\t\t\t\t\t\t\t\t<h1 class=\"image hero-block__title\">\n\t\t\t\t\tContribuer &#8211; institution sup\u00e9rieure de contr\u00f4le\t\t\t\t<\/h1>\n\t\t\t\t\t\t\t\t\t\t\t\t\t<div class=\"image hero-block__description\">\n\t\t\t\t\tPr\u00eat \u00e0 faire la diff\u00e9rence avec nous ? L&rsquo;IDI offre des opportunit\u00e9s uniques aux partenaires qui souhaitent s&rsquo;impliquer. \t\t\t\t<\/div>\n\t\t\t\n\t\t<\/div>\n\t\t\t\t\t<div class=\"image hero-block__image\">\n\t\t\t\t<img decoding=\"async\" src=\"https:\/\/idi.no\/wp-content\/uploads\/2025\/10\/AdobeStock_1150946822-scaled-e1761622982232.jpeg\" alt=\"\">\n\t\t\t<\/div>\n\t\t\t<\/div>\n<\/div>\n\n<div  class=\"text-and-media-block  block-image-align--left block-background-color--white with-circles\" >\n\t<div class=\"text-and-media-block__container container\">\n\t\t<div class=\"text-and-media-block__col\">\n\n\t\t\t\t\t\t\t\t\t\t\t\t\t<h2 class=\"text-and-media-block__title\">\n\t\t\t\t\tInstitutions sup\u00e9rieures de contr\u00f4le\t\t\t\t<\/h2>\n\t\t\t\t\t\t\t\t\t\t<div class=\"text-and-media-block__subtitle\">\n\t\t\t\t\t\u00cates-vous une ISC souhaitant rejoindre l&#039;IDI pour apporter un soutien \u00e0 d&#039;autres ? Continuez votre lecture pour d\u00e9couvrir comment vous pouvez aider ! \t\t\t\t<\/div>\n\t\t\t\t\t\t\t\t\t\t<div class=\"text-and-media-block__description\">\n\t\t\t\t\t<p>Le soutien en nature constitue une ressource cl\u00e9 pour l&rsquo;IDI. Ces contributions repr\u00e9sentent environ 10 \u00e0 12 % du budget annuel de d\u00e9penses de l&rsquo;IDI. Nous invitons les ISC et d&rsquo;autres organisations \u00e0 fournir des contributions en nature sous forme de :  <\/p>\n<ul>\n<li>Personnes-ressources pour le soutien administratif lors des \u00e9v\u00e9nements de l&rsquo;IDI<\/li>\n<li>D\u00e9tachement de personnel avec salaire complet ou partiel, r\u00e9pondant aux exigences de comp\u00e9tences<br \/>\ndes organisations d&rsquo;accueil<\/li>\n<li>Personnes-ressources pour le soutien entre pairs<\/li>\n<li>Locaux pour les r\u00e9unions et les ateliers<\/li>\n<li>Prise en charge des frais d&rsquo;h\u00e9bergement et de d\u00e9placement<\/li>\n<li>Fourniture de services d&rsquo;interpr\u00e9tation pour les r\u00e9unions<\/li>\n<\/ul>\n<p>Travailler avec nous et fournir un soutien en nature pr\u00e9sente des avantages mutuels. Le personnel des ISC \u00e9largit ses r\u00e9seaux, d\u00e9veloppe son exp\u00e9rience de travail international et contribue \u00e0 obtenir des r\u00e9sultats \u00e0 long terme pour les ISC du monde entier. <\/p>\n\t\t\t\t<\/div>\n\t\t\t\n\t\t\t<div class=\"text-and-media-block__button-list\">\n\t\t\t\t\t\t\t\t\t\t\t<a \thref=\"mailto:idi@idi.no\"\n\t\t\t\t\tclass=\"text-and-media-block__button\"\n\t\t\t\t\t\t\t\t\t>\n\t\t\t\t\tCONTACT US\t\t\t\t<\/a>\n\t\t\t\n\t\t\t\t\t\t<\/div>\n\t\t<\/div>\n\t\t\t\t    <div class=\"text-and-media-block__col\">\n\t\t\t\t<div class=\"text-and-media-block__image\">\n\t\t\t\t\t<img decoding=\"async\" src=\"https:\/\/idi.no\/wp-content\/uploads\/2025\/10\/AdobeStock_1423355032-scaled-e1761622870563.jpeg\" alt=\"\">\n\t\t\t\t<\/div>\n\t\t\t<\/div>\n\t\t\t\t<\/div>\n<\/div>\n\n\n<div  class=\"testimonial-block testimonial-block__white-background \">\n\t<div class=\"testimonial-block__container container\">\n\t\t<div class=\"testimonial-block__content\">\n\t\t\t\t\t\t\t\t\t<h2 class=\"testimonial-block__title\">Testimonials<\/h2>\n\t\t\t\t\t\t\t\t\t\t\t\t\t<div class=\"testimonial-block__cards\">\n\t\t\t\t\t\t\t\t\t\t\t\t<div class=\"testimonial-block__card\">\n                                                            <div class=\"testimonial-block__quote\">\n                                    <svg width=\"42\" height=\"35\" viewBox=\"0 0 42 35\" fill=\"none\" xmlns=\"http:\/\/www.w3.org\/2000\/svg\">\n                                    <path d=\"M0 34.08C0 31.68 0 29.36 0 27.12C0.08 24.8 0.16 22.68 0.24 20.76C0.4 13.88 1.48 8.72 3.48 5.28C5.48 1.76 9.24 0 14.76 0L16.2 6.12C13.08 6.2 11.08 7.24 10.2 9.24C9.32 11.24 8.88 13.8 8.88 16.92H17.16V34.08H0ZM24.48 34.08C24.48 31.68 24.48 29.36 24.48 27.12C24.56 24.8 24.64 22.68 24.72 20.76C24.88 13.88 25.96 8.72 27.96 5.28C29.96 1.76 33.72 0 39.24 0L40.68 6.12C37.56 6.2 35.56 7.24 34.68 9.24C33.8 11.24 33.36 13.8 33.36 16.92H41.64V34.08H24.48Z\" fill=\"#00548E\"\/>\n                                    <\/svg>\n                                <\/div>\n                                <div class=\"testimonial-block__text\"><blockquote><p>Mon d\u00e9tachement \u00e0 l&rsquo;IDI a eu un r\u00e9el impact sur ma vie professionnelle. Je peux dire que soutenir les ISC dans diff\u00e9rentes r\u00e9gions, langues et contextes est tout simplement incroyable. Cela m&rsquo;a permis de faire face \u00e0 diff\u00e9rents contextes, en particulier ceux qui sont difficiles.  <\/p>\n<p>L&rsquo;environnement de travail international et multiculturel de l&rsquo;IDI a \u00e9t\u00e9 une excellente opportunit\u00e9 pour moi d&rsquo;am\u00e9liorer mes comp\u00e9tences dans diff\u00e9rents domaines.<\/p>\n<p>Mon travail \u00e0 l&rsquo;IDI m&rsquo;a donn\u00e9 une exp\u00e9rience substantielle dans la conduite d&rsquo;audits conform\u00e9ment aux ISSAI. Je suis actuellement gestionnaire d&rsquo;audit d&rsquo;ISC &#8211; chef d&rsquo;\u00e9quipe, capable de mener et de superviser des audits efficaces et de garantir qu&rsquo;ils sont men\u00e9s conform\u00e9ment aux ISSAI. <\/p><\/blockquote>\n<\/div>\n                                                        <div class=\"testimonial-block__author\">\n                                                                            <div class=\"testimonial-block__author-image\">\n                                            <img decoding=\"async\" src=\"https:\/\/idi.no\/wp-content\/uploads\/2025\/10\/Hajer-photo.jpg\" alt=\"Mme Hajer Ghirir\">\n                                        <\/div>\n                                                                        <div class=\"testimonial-block__author-info\">\n                                                                            <div class=\"testimonial-block__author-name\">\n                                            Mme Hajer Ghirir                                        <\/div>\n                                                                                                                                                        <div class=\"testimonial-block__author-separator\">|<\/div>\n                                                                                <div class=\"testimonial-block__author-job\">\n                                            ISC Tunisie                                        <\/div>\n                                                                        <\/div>\n                                <\/div>\n\t\t\t\t\t\t    <\/div>\n\t\t\t\t\t\t\t\t\t\t\t\t<div class=\"testimonial-block__card\">\n                                                            <div class=\"testimonial-block__quote\">\n                                    <svg width=\"42\" height=\"35\" viewBox=\"0 0 42 35\" fill=\"none\" xmlns=\"http:\/\/www.w3.org\/2000\/svg\">\n                                    <path d=\"M0 34.08C0 31.68 0 29.36 0 27.12C0.08 24.8 0.16 22.68 0.24 20.76C0.4 13.88 1.48 8.72 3.48 5.28C5.48 1.76 9.24 0 14.76 0L16.2 6.12C13.08 6.2 11.08 7.24 10.2 9.24C9.32 11.24 8.88 13.8 8.88 16.92H17.16V34.08H0ZM24.48 34.08C24.48 31.68 24.48 29.36 24.48 27.12C24.56 24.8 24.64 22.68 24.72 20.76C24.88 13.88 25.96 8.72 27.96 5.28C29.96 1.76 33.72 0 39.24 0L40.68 6.12C37.56 6.2 35.56 7.24 34.68 9.24C33.8 11.24 33.36 13.8 33.36 16.92H41.64V34.08H24.48Z\" fill=\"#00548E\"\/>\n                                    <\/svg>\n                                <\/div>\n                                <div class=\"testimonial-block__text\"><p>Les engagements internationaux du personnel de l&rsquo;ISC du Kenya pour soutenir d&rsquo;autres ISC am\u00e9liorent leur d\u00e9veloppement professionnel et leurs capacit\u00e9s individuelles, y compris les comp\u00e9tences en communication et en collaboration. L&rsquo;exposition interculturelle favorise une appr\u00e9ciation de la diversit\u00e9 et de la r\u00e9silience dans la gestion des d\u00e9fis propres \u00e0 chaque pays, conduisant \u00e0 l&rsquo;adaptabilit\u00e9 du personnel, \u00e0 l&rsquo;ing\u00e9niosit\u00e9 et \u00e0 l&rsquo;am\u00e9lioration des comp\u00e9tences en r\u00e9solution de probl\u00e8mes. Ces comp\u00e9tences m\u00e8nent au d\u00e9veloppement personnel et servent de motivation pour le personnel.  <\/p>\n<p>Le transfert de connaissances par le partage de ces exp\u00e9riences aide \u00e0 cr\u00e9er un environnement d&rsquo;apprentissage continu dans l&rsquo;ISC. Cela inclut l&rsquo;exposition \u00e0 des m\u00e9thodes, outils et techniques d&rsquo;audit innovants ; aux domaines \u00e9mergents ; \u00e0 diff\u00e9rents contextes, cultures et diff\u00e9rentes fa\u00e7ons d&rsquo;atteindre les objectifs. Ce soutien fournit \u00e9galement des aper\u00e7us inestimables sur les domaines d&rsquo;am\u00e9lioration au sein de notre propre ISC. De plus, l&rsquo;ISC se positionne comme une institution progressiste avec une r\u00e9putation internationale renforc\u00e9e, car elle contribue \u00e0 renforcer la responsabilit\u00e9, la gouvernance et la transparence dans d&rsquo;autres pays.   <\/p>\n<\/div>\n                                                        <div class=\"testimonial-block__author\">\n                                                                            <div class=\"testimonial-block__author-image\">\n                                            <img decoding=\"async\" src=\"https:\/\/idi.no\/wp-content\/uploads\/2025\/10\/AG.jpg\" alt=\"Mme Nancy Gathungu\">\n                                        <\/div>\n                                                                        <div class=\"testimonial-block__author-info\">\n                                                                            <div class=\"testimonial-block__author-name\">\n                                            Mme Nancy Gathungu                                        <\/div>\n                                                                                                                                                        <div class=\"testimonial-block__author-separator\">|<\/div>\n                                                                                <div class=\"testimonial-block__author-job\">\n                                            Auditrice g\u00e9n\u00e9rale du Kenya                                        <\/div>\n                                                                        <\/div>\n                                <\/div>\n\t\t\t\t\t\t    <\/div>\n\t\t\t\t\t\t\t\t\t\t\t<\/div>\n\t\t\t\t\n\t\t<\/div>\n\t<\/div>\n<\/div>\n<p><\/p>\n","protected":false},"excerpt":{"rendered":"","protected":false},"author":1,"featured_media":0,"parent":13502,"menu_order":0,"comment_status":"closed","ping_status":"closed","template":"","meta":{"footnotes":""},"class_list":["post-13522","page","type-page","status-publish","hentry"],"acf":[],"yoast_head":"<!-- This site is optimized with the Yoast SEO plugin v25.3 - https:\/\/yoast.com\/wordpress\/plugins\/seo\/ -->\n<title>Contribuer - institution sup\u00e9rieure de contr\u00f4le - IDI<\/title>\n<meta name=\"robots\" content=\"index, follow, max-snippet:-1, max-image-preview:large, max-video-preview:-1\" \/>\n<link rel=\"canonical\" href=\"https:\/\/idi.no\/fr\/get-involved\/contribute\/\" \/>\n<meta property=\"og:locale\" content=\"fr_FR\" \/>\n<meta property=\"og:type\" content=\"article\" \/>\n<meta property=\"og:title\" content=\"Contribuer - institution sup\u00e9rieure de contr\u00f4le - IDI\" \/>\n<meta property=\"og:url\" content=\"https:\/\/idi.no\/fr\/get-involved\/contribute\/\" \/>\n<meta property=\"og:site_name\" content=\"IDI\" \/>\n<meta property=\"article:modified_time\" content=\"2025-11-12T22:37:18+00:00\" \/>\n<meta name=\"twitter:card\" content=\"summary_large_image\" \/>\n<script type=\"application\/ld+json\" class=\"yoast-schema-graph\">{\"@context\":\"https:\/\/schema.org\",\"@graph\":[{\"@type\":\"WebPage\",\"@id\":\"https:\/\/idi.no\/fr\/get-involved\/contribute\/\",\"url\":\"https:\/\/idi.no\/fr\/get-involved\/contribute\/\",\"name\":\"Contribuer - institution sup\u00e9rieure de contr\u00f4le - IDI\",\"isPartOf\":{\"@id\":\"https:\/\/idi.no\/fr\/#website\"},\"datePublished\":\"2025-06-10T20:03:20+00:00\",\"dateModified\":\"2025-11-12T22:37:18+00:00\",\"breadcrumb\":{\"@id\":\"https:\/\/idi.no\/fr\/get-involved\/contribute\/#breadcrumb\"},\"inLanguage\":\"fr-FR\",\"potentialAction\":[{\"@type\":\"ReadAction\",\"target\":[\"https:\/\/idi.no\/fr\/get-involved\/contribute\/\"]}]},{\"@type\":\"BreadcrumbList\",\"@id\":\"https:\/\/idi.no\/fr\/get-involved\/contribute\/#breadcrumb\",\"itemListElement\":[{\"@type\":\"ListItem\",\"position\":1,\"name\":\"Home\",\"item\":\"https:\/\/idi.no\/fr\/\"},{\"@type\":\"ListItem\",\"position\":2,\"name\":\"Opportunit\u00e9s d\u2019engagement\",\"item\":\"https:\/\/idi.no\/fr\/get-involved\/\"},{\"@type\":\"ListItem\",\"position\":3,\"name\":\"Contribuer &#8211; institution sup\u00e9rieure de contr\u00f4le\"}]},{\"@type\":\"WebSite\",\"@id\":\"https:\/\/idi.no\/fr\/#website\",\"url\":\"https:\/\/idi.no\/fr\/\",\"name\":\"IDI\",\"description\":\"\",\"potentialAction\":[{\"@type\":\"SearchAction\",\"target\":{\"@type\":\"EntryPoint\",\"urlTemplate\":\"https:\/\/idi.no\/fr\/?s={search_term_string}\"},\"query-input\":{\"@type\":\"PropertyValueSpecification\",\"valueRequired\":true,\"valueName\":\"search_term_string\"}}],\"inLanguage\":\"fr-FR\"}]}<\/script>\n<!-- \/ Yoast SEO plugin. -->","yoast_head_json":{"title":"Contribuer - institution sup\u00e9rieure de contr\u00f4le - IDI","robots":{"index":"index","follow":"follow","max-snippet":"max-snippet:-1","max-image-preview":"max-image-preview:large","max-video-preview":"max-video-preview:-1"},"canonical":"https:\/\/idi.no\/fr\/get-involved\/contribute\/","og_locale":"fr_FR","og_type":"article","og_title":"Contribuer - institution sup\u00e9rieure de contr\u00f4le - IDI","og_url":"https:\/\/idi.no\/fr\/get-involved\/contribute\/","og_site_name":"IDI","article_modified_time":"2025-11-12T22:37:18+00:00","twitter_card":"summary_large_image","schema":{"@context":"https:\/\/schema.org","@graph":[{"@type":"WebPage","@id":"https:\/\/idi.no\/fr\/get-involved\/contribute\/","url":"https:\/\/idi.no\/fr\/get-involved\/contribute\/","name":"Contribuer - institution sup\u00e9rieure de contr\u00f4le - IDI","isPartOf":{"@id":"https:\/\/idi.no\/fr\/#website"},"datePublished":"2025-06-10T20:03:20+00:00","dateModified":"2025-11-12T22:37:18+00:00","breadcrumb":{"@id":"https:\/\/idi.no\/fr\/get-involved\/contribute\/#breadcrumb"},"inLanguage":"fr-FR","potentialAction":[{"@type":"ReadAction","target":["https:\/\/idi.no\/fr\/get-involved\/contribute\/"]}]},{"@type":"BreadcrumbList","@id":"https:\/\/idi.no\/fr\/get-involved\/contribute\/#breadcrumb","itemListElement":[{"@type":"ListItem","position":1,"name":"Home","item":"https:\/\/idi.no\/fr\/"},{"@type":"ListItem","position":2,"name":"Opportunit\u00e9s d\u2019engagement","item":"https:\/\/idi.no\/fr\/get-involved\/"},{"@type":"ListItem","position":3,"name":"Contribuer &#8211; institution sup\u00e9rieure de contr\u00f4le"}]},{"@type":"WebSite","@id":"https:\/\/idi.no\/fr\/#website","url":"https:\/\/idi.no\/fr\/","name":"IDI","description":"","potentialAction":[{"@type":"SearchAction","target":{"@type":"EntryPoint","urlTemplate":"https:\/\/idi.no\/fr\/?s={search_term_string}"},"query-input":{"@type":"PropertyValueSpecification","valueRequired":true,"valueName":"search_term_string"}}],"inLanguage":"fr-FR"}]}},"_links":{"self":[{"href":"https:\/\/idi.no\/fr\/wp-json\/wp\/v2\/pages\/13522","targetHints":{"allow":["GET"]}}],"collection":[{"href":"https:\/\/idi.no\/fr\/wp-json\/wp\/v2\/pages"}],"about":[{"href":"https:\/\/idi.no\/fr\/wp-json\/wp\/v2\/types\/page"}],"author":[{"embeddable":true,"href":"https:\/\/idi.no\/fr\/wp-json\/wp\/v2\/users\/1"}],"replies":[{"embeddable":true,"href":"https:\/\/idi.no\/fr\/wp-json\/wp\/v2\/comments?post=13522"}],"version-history":[{"count":15,"href":"https:\/\/idi.no\/fr\/wp-json\/wp\/v2\/pages\/13522\/revisions"}],"predecessor-version":[{"id":27669,"href":"https:\/\/idi.no\/fr\/wp-json\/wp\/v2\/pages\/13522\/revisions\/27669"}],"up":[{"embeddable":true,"href":"https:\/\/idi.no\/fr\/wp-json\/wp\/v2\/pages\/13502"}],"wp:attachment":[{"href":"https:\/\/idi.no\/fr\/wp-json\/wp\/v2\/media?parent=13522"}],"curies":[{"name":"wp","href":"https:\/\/api.w.org\/{rel}","templated":true}]}}