{"id":13552,"date":"2025-06-10T18:41:32","date_gmt":"2025-06-10T18:41:32","guid":{"rendered":"https:\/\/idi.no\/news-events\/"},"modified":"2025-11-12T22:41:15","modified_gmt":"2025-11-12T22:41:15","slug":"news-and-events","status":"publish","type":"page","link":"https:\/\/idi.no\/fr\/news-and-events\/","title":{"rendered":"Actualit\u00e9s et \u00e9v\u00e9nements"},"content":{"rendered":"<div  class=\"breadcrumbs-block\">\n  <div class=\"breadcrumbs-block__container container\">\n    <div class=\"breadcrumbs-block__breadcrumbs breadcrumbs\">\n      <span><span><a href=\"https:\/\/idi.no\/fr\/\">Home<\/a><\/span><\/span>    <\/div>\n  <\/div>\n<\/div><div  class=\"featured-events-news-block\">\n  <div class=\"featured-events-news-block__container container\">\n\n    <div class=\"featured-events-news-block__row\">\n      <div class=\"featured-events-news-block__column featured-events-news-block__column--left\">\n            <div class=\"event-card\">\r\n        <a  href=\"https:\/\/idi.no\/fr\/news-and-events\/events\/conferences-lota-sur-lintelligence-artificielle-evenement-webinaire-ouvert\/\"\r\n            class=\"event-card__full-card-link\"\r\n            data-uw-ignore-s3\r\n        ><\/a>\r\n                    <img decoding=\"async\" src=\"https:\/\/idi.no\/wp-content\/uploads\/2025\/11\/LOTA-Talks-Card-2.jpg\" alt=\"Conf\u00e9rences LOTA sur l&rsquo;intelligence artificielle &#8211; \u00e9v\u00e9nement webinaire ouvert\" class=\"event-card__image\">\r\n                <div class=\"event-card__info\">\r\n          <div class=\"event-card__day\">\r\n            01\/01\/1970            <span>Jan<\/span>\r\n          <\/div>\r\n          <div class=\"event-card__content\">\r\n            <div class=\"event-card__date\">\r\n                                    <span> @ 3:00 pm &#8211; 5:00 pm<\/span>\r\n                            <\/div>\r\n            <div class=\"event-card__general-info\">\r\n                                <h6 class=\"event-card__title\">Conf\u00e9rences LOTA sur l&rsquo;intelligence artificielle &#8211; \u00e9v\u00e9nement webinaire ouvert<\/h6>\r\n                            <p class=\"event-card__link\">Read more<\/p>\r\n            <\/div>\r\n          <\/div>\r\n        <\/div>\r\n    <\/div>\r\n          <\/div>\n      <div class=\"featured-events-news-block__column featured-events-news-block__column--center\">\n            <div class=\"news-card\">\r\n        <a  href=\"https:\/\/idi.no\/fr\/news-and-events\/news\/declaration-de-lambassadeur-de-bonne-volonte-de-lintosai-pour-la-cooperation-avec-les-donateurs-sur-lindependance-des-isc-concernant-les-recents-developpements-en-gambie\/\"\r\n            class=\"news-card__full-card-link\"\r\n            data-uw-ignore-s3\r\n        ><\/a>\r\n                    <img decoding=\"async\" src=\"https:\/\/idi.no\/wp-content\/uploads\/2025\/09\/SoMe-Templates-1200-x-720px-2.png\" alt=\"D\u00e9claration de l&rsquo;Ambassadeur de bonne volont\u00e9 de l&rsquo;INTOSAI pour la coop\u00e9ration avec les donateurs sur l&rsquo;ind\u00e9pendance des ISC concernant les r\u00e9cents d\u00e9veloppements en Gambie\" class=\"news-card__image\">\r\n                            <div class=\"news-card__categories\"><a href=\"https:\/\/idi.no\/fr\/news\/\">News<\/a><\/div>\r\n                            <div class=\"news-card__date\">17\/09\/2025<\/div>\r\n                            <h6 class=\"news-card__title\">D\u00e9claration de l&rsquo;Ambassadeur de bonne volont\u00e9 de l&rsquo;INTOSAI pour la coop\u00e9ration avec les donateurs sur l&rsquo;ind\u00e9pendance des ISC concernant les r\u00e9cents d\u00e9veloppements en Gambie<\/h6>\r\n                        <a href=\"https:\/\/idi.no\/fr\/news-and-events\/news\/declaration-de-lambassadeur-de-bonne-volonte-de-lintosai-pour-la-cooperation-avec-les-donateurs-sur-lindependance-des-isc-concernant-les-recents-developpements-en-gambie\/\" class=\"news-card__link\">Read more<\/a>\r\n    <\/div>\r\n          <\/div>\n      <div class=\"featured-events-news-block__column featured-events-news-block__column--right\">\n            <div class=\"news-card\">\r\n        <a  href=\"https:\/\/idi.no\/fr\/news-and-events\/news\/dialogue-de-haut-niveau-entre-la-direction-de-lisc-et-les-principales-parties-prenantes-renforcer-les-competences-des-auditeurs-en-matiere-dutilisation-de-lia-et-de-la-technologie\/\"\r\n            class=\"news-card__full-card-link\"\r\n            data-uw-ignore-s3\r\n        ><\/a>\r\n                    <img decoding=\"async\" src=\"https:\/\/idi.no\/wp-content\/uploads\/2025\/10\/High-Level-Dialogue-1.jpg\" alt=\"Dialogue de haut niveau entre la direction de l&rsquo;ISC et les principales parties prenantes : Renforcer les comp\u00e9tences des auditeurs en mati\u00e8re d&rsquo;utilisation de l&rsquo;IA et de la technologie\" class=\"news-card__image\">\r\n                            <div class=\"news-card__categories\"><a href=\"https:\/\/idi.no\/fr\/news\/\">News<\/a><\/div>\r\n                            <div class=\"news-card__date\">03\/10\/2025<\/div>\r\n                            <h6 class=\"news-card__title\">Dialogue de haut niveau entre la direction de l&rsquo;ISC et les principales parties prenantes : Renforcer les comp\u00e9tences des auditeurs en mati\u00e8re d&rsquo;utilisation de l&rsquo;IA et de la technologie<\/h6>\r\n                        <a href=\"https:\/\/idi.no\/fr\/news-and-events\/news\/dialogue-de-haut-niveau-entre-la-direction-de-lisc-et-les-principales-parties-prenantes-renforcer-les-competences-des-auditeurs-en-matiere-dutilisation-de-lia-et-de-la-technologie\/\" class=\"news-card__link\">Read more<\/a>\r\n    <\/div>\r\n          <\/div>\n    <\/div>\n  <\/div>\n<\/div>\n    <div         class=\"event-news-grid-block block-background-color--light\">\n        <div class=\"event-news-grid-block__container container\">\n            <h2 class=\"event-news-grid-block__label\">Actualit\u00e9s r\u00e9centes<\/h2>\n            <div class=\"event-news-grid-block__grid\">\n                    <div class=\"news-card\">\r\n        <a  href=\"https:\/\/idi.no\/fr\/news-and-events\/news\/lidi-et-le-controleur-et-verificateur-general-de-linde-sengagent-dans-une-vision-commune-pour-lavenir\/\"\r\n            class=\"news-card__full-card-link\"\r\n            data-uw-ignore-s3\r\n        ><\/a>\r\n                    <img decoding=\"async\" src=\"https:\/\/idi.no\/wp-content\/uploads\/2026\/03\/Press-release-1200-x-720px.png\" alt=\"L&rsquo;IDI et le contr\u00f4leur et v\u00e9rificateur g\u00e9n\u00e9ral de l&rsquo;Inde s&rsquo;engagent dans une vision commune pour l&rsquo;avenir\" class=\"news-card__image\">\r\n                            <div class=\"news-card__categories\"><a href=\"https:\/\/idi.no\/fr\/news\/\">News<\/a><\/div>\r\n                            <div class=\"news-card__date\">24\/03\/2026<\/div>\r\n                            <h6 class=\"news-card__title\">L&rsquo;IDI et le contr\u00f4leur et v\u00e9rificateur g\u00e9n\u00e9ral de l&rsquo;Inde s&rsquo;engagent dans une vision commune pour l&rsquo;avenir<\/h6>\r\n                        <a href=\"https:\/\/idi.no\/fr\/news-and-events\/news\/lidi-et-le-controleur-et-verificateur-general-de-linde-sengagent-dans-une-vision-commune-pour-lavenir\/\" class=\"news-card__link\">Read more<\/a>\r\n    <\/div>\r\n        <div class=\"news-card\">\r\n        <a  href=\"https:\/\/idi.no\/fr\/news-and-events\/news\/la-direction-des-institutions-superieures-de-controle-reflechit-aux-progres-accomplis-dans-la-mise-en-place-de-pratiques-daudit-de-performance-durables-en-mettant-laccent-sur-la-qualite-et-limp-2\/\"\r\n            class=\"news-card__full-card-link\"\r\n            data-uw-ignore-s3\r\n        ><\/a>\r\n                    <img decoding=\"async\" src=\"https:\/\/idi.no\/wp-content\/uploads\/2026\/03\/Official.jpg\" alt=\"La direction des institutions sup\u00e9rieures de contr\u00f4le r\u00e9fl\u00e9chit aux progr\u00e8s accomplis dans la mise en place de pratiques d&rsquo;audit de performance durables, en mettant l&rsquo;accent sur la qualit\u00e9 et l&rsquo;impact de l&rsquo;audit\" class=\"news-card__image\">\r\n                            <div class=\"news-card__categories\"><a href=\"https:\/\/idi.no\/fr\/news\/\">News<\/a><\/div>\r\n                            <div class=\"news-card__date\">17\/03\/2026<\/div>\r\n                            <h6 class=\"news-card__title\">La direction des institutions sup\u00e9rieures de contr\u00f4le r\u00e9fl\u00e9chit aux progr\u00e8s accomplis dans la mise en place de pratiques d&rsquo;audit de performance durables, en mettant l&rsquo;accent sur la qualit\u00e9 et l&rsquo;impact de l&rsquo;audit<\/h6>\r\n                        <a href=\"https:\/\/idi.no\/fr\/news-and-events\/news\/la-direction-des-institutions-superieures-de-controle-reflechit-aux-progres-accomplis-dans-la-mise-en-place-de-pratiques-daudit-de-performance-durables-en-mettant-laccent-sur-la-qualite-et-limp-2\/\" class=\"news-card__link\">Read more<\/a>\r\n    <\/div>\r\n        <div class=\"news-card\">\r\n        <a  href=\"https:\/\/idi.no\/fr\/news-and-events\/news\/construire-des-bases-solides-pour-la-croissance-professionnelle-sai-png-developpe-son-systeme-de-mentorat-et-ses-competences-en-matiere-de-leadership-de-projet-2\/\"\r\n            class=\"news-card__full-card-link\"\r\n            data-uw-ignore-s3\r\n        ><\/a>\r\n                    <img decoding=\"async\" src=\"https:\/\/idi.no\/wp-content\/uploads\/2026\/02\/SoMe-PESA-March-2026.png\" alt=\"Les nominations sont ouvertes pour les \u00e9ditions anglaise et arabe du PESA 2026-2027\" class=\"news-card__image\">\r\n                            <div class=\"news-card__categories\"><a href=\"https:\/\/idi.no\/fr\/news\/\">News<\/a><\/div>\r\n                            <div class=\"news-card__date\">18\/02\/2026<\/div>\r\n                            <h6 class=\"news-card__title\">Les nominations sont ouvertes pour les \u00e9ditions anglaise et arabe du PESA 2026-2027<\/h6>\r\n                        <a href=\"https:\/\/idi.no\/fr\/news-and-events\/news\/construire-des-bases-solides-pour-la-croissance-professionnelle-sai-png-developpe-son-systeme-de-mentorat-et-ses-competences-en-matiere-de-leadership-de-projet-2\/\" class=\"news-card__link\">Read more<\/a>\r\n    <\/div>\r\n        <div class=\"news-card\">\r\n        <a  href=\"https:\/\/idi.no\/fr\/news-and-events\/news\/lidi-elargit-ses-partenariats-et-renforce-son-soutien-a-la-responsabilite-publique-en-afrique-et-en-asie-centrale-2\/\"\r\n            class=\"news-card__full-card-link\"\r\n            data-uw-ignore-s3\r\n        ><\/a>\r\n                    <img decoding=\"async\" src=\"https:\/\/idi.no\/wp-content\/uploads\/2026\/02\/SoMe-Cards-1200-x-720px-2.png\" alt=\"L&rsquo;IDI et le contr\u00f4leur et v\u00e9rificateur g\u00e9n\u00e9ral de l&rsquo;Inde s&rsquo;engagent dans une vision commune pour l&rsquo;avenir\" class=\"news-card__image\">\r\n                            <div class=\"news-card__categories\"><a href=\"https:\/\/idi.no\/fr\/news\/\">News<\/a><\/div>\r\n                            <div class=\"news-card__date\">13\/02\/2026<\/div>\r\n                            <h6 class=\"news-card__title\">L&rsquo;IDI et le contr\u00f4leur et v\u00e9rificateur g\u00e9n\u00e9ral de l&rsquo;Inde s&rsquo;engagent dans une vision commune pour l&rsquo;avenir<\/h6>\r\n                        <a href=\"https:\/\/idi.no\/fr\/news-and-events\/news\/lidi-elargit-ses-partenariats-et-renforce-son-soutien-a-la-responsabilite-publique-en-afrique-et-en-asie-centrale-2\/\" class=\"news-card__link\">Read more<\/a>\r\n    <\/div>\r\n                <\/div>\n                            <div class=\"event-news-grid-block__footer block-footer\">\n                                        <a  href=\"\/news-and-events\/news\" \n                        class=\"button button--primary\"\n                                            >\n                        See More                    <\/a>\n                <\/div>\n                    <\/div>\n    <\/div>\n<div  class=\"upcoming-events-block \"\n     id=\"upcoming-events-block__anchor\">\n    <div class=\"upcoming-events-block__container container\">\n        <div class=\"upcoming-events-block__content\">\n            <h2 class=\"upcoming-events-block__label\">Upcoming Events<\/h2>\n            <div class=\"events-filter\">\n                <div class=\"events-filter__pagination\">\n                    <div class=\"facetwp-facet facetwp-facet-pagination facetwp-type-pager\" data-name=\"pagination\" data-type=\"pager\"><\/div>                <\/div>\n                <div class=\"events-filter__today-button-wrapper\"><button id=\"todayBtn\"\n                        type=\"button\" data-value=\"DESC\">Today<\/button><\/div>\n                <div class=\"events-filter__datepicker-wrapper\">\n                    <span>Now&nbsp;&#8211;&nbsp;<\/span>\n                    <input type=\"text\" id=\"datepicker\" class=\"datepicker\" size=\"10\" readonly\n                        style=\"cursor: pointer; caret-color: transparent; width: fit-content;\">\n                    <img decoding=\"async\" src=\"https:\/\/idi.no\/wp-content\/themes\/idi\/assets\/images\/icons\/shevron-right.svg\"\n                        alt=\"arrow-down\" class=\"datepicker-icon\">\n                <\/div>\n                <input type=\"hidden\" id=\"datepicker-hidden\" name=\"date_to\">\n                            <\/div>\n\n                <div class=\"events-list facetwp-template\">\n                                <div class=\"event-month\">\n                <span>mai 2026<\/span>\n                <div class=\"event-month__hr\">\n                    <div class=\"event-month__hr__line\"><hr><\/div>\n                <\/div>\n            <\/div>\n            <div class=\"no-events-message\">\n                <p>No upcoming events found.<\/p>\n            <\/div>\n            <\/div>\n    \n        <\/div>\n    <\/div>\n<\/div>\n\n\n<div  class=\"cta-block light-blue\" >\n\t<div class=\"cta-block__container container\">\n\t\t<div class=\"cta-block__content\">\n\t\t\t<div class=\"cta-block__content-col\">\n\t\t\t\t\t\t\t\t\t<h2 class=\"cta-block__title\">\n\t\t\t\t\t\tPodcast\t\t\t\t\t<\/h2>\n\t\t\t\t\t\t\t\t\t\t\t\t\t<div class=\"cta-block__subtitle lede\">\n\t\t\t\t\t\tEn savoir plus et \u00e9couter le podcast h\u00e9berg\u00e9 par IDI, \u00ab Comment gouverner \u00bb\t\t\t\t\t<\/div>\n\t\t\t\t\t\t\t\t\t\t\t\t\t<div class=\"cta-block__description\">\n\t\t\t\t\t\t<p>Vous \u00eates-vous d\u00e9j\u00e0 demand\u00e9 ce qui attend la gouvernance du secteur public et l&rsquo;impact futur sur les Institutions Sup\u00e9rieures de Contr\u00f4le (ISC) ? La s\u00e9rie de podcasts \u00ab Comment gouverner \u00bb explore les th\u00e8mes, d\u00e9fis et opportunit\u00e9s nouveaux et \u00e9mergents pour les ISC. <\/p>\n<p>\u00c9coutez nos invit\u00e9s passionnants discuter de leur point de vue sur la mani\u00e8re de pr\u00e9parer la gouvernance des ISC pour l&rsquo;avenir afin de cr\u00e9er un meilleur impact.<\/p>\n\t\t\t\t\t<\/div>\n\t\t\t\t\t\t\t<\/div>\n\t\t\t<div class=\"cta-block__content-col\">\n\t\t\t\t\t\t\t\t\t\t\t\t\t\t<a \thref=\"https:\/\/idi.no\/podcast\/\" \n\t\t\t\t\t\tclass=\"cta-block__button\"\n\t\t\t\t\t\t target=\"_blank\" rel=\"noopener noreferrer\"\t\t\t\t\t>\n\t\t\t\t\t\tLEARN MORE\t\t\t\t\t<\/a>\n\t\t\t\t\t\t\t<\/div>\n\t\t<\/div>\n\t<\/div>\n<\/div>\n","protected":false},"excerpt":{"rendered":"<p>Restez inform\u00e9 des derni\u00e8res actualit\u00e9s, \u00e9v\u00e9nements et \u00e9tapes importantes d&rsquo;IDI.<\/p>\n","protected":false},"author":1,"featured_media":13349,"parent":0,"menu_order":0,"comment_status":"closed","ping_status":"closed","template":"","meta":{"footnotes":""},"class_list":["post-13552","page","type-page","status-publish","has-post-thumbnail","hentry"],"acf":[],"yoast_head":"<!-- This site is optimized with the Yoast SEO plugin v25.3 - https:\/\/yoast.com\/wordpress\/plugins\/seo\/ -->\n<title>Actualit\u00e9s et \u00e9v\u00e9nements - IDI<\/title>\n<meta name=\"robots\" content=\"index, follow, max-snippet:-1, max-image-preview:large, max-video-preview:-1\" \/>\n<link rel=\"canonical\" href=\"https:\/\/idi.no\/fr\/news-and-events\/\" \/>\n<meta property=\"og:locale\" content=\"fr_FR\" \/>\n<meta property=\"og:type\" content=\"article\" \/>\n<meta property=\"og:title\" content=\"Actualit\u00e9s et \u00e9v\u00e9nements - IDI\" \/>\n<meta property=\"og:description\" content=\"Restez inform\u00e9 des derni\u00e8res actualit\u00e9s, \u00e9v\u00e9nements et \u00e9tapes importantes d&#039;IDI.\" \/>\n<meta property=\"og:url\" content=\"https:\/\/idi.no\/fr\/news-and-events\/\" \/>\n<meta property=\"og:site_name\" content=\"IDI\" \/>\n<meta property=\"article:modified_time\" content=\"2025-11-12T22:41:15+00:00\" \/>\n<meta property=\"og:image\" content=\"https:\/\/idi.no\/wp-content\/uploads\/2025\/06\/DSCF1696_redigerad-1-660x440-1-1.png\" \/>\n\t<meta property=\"og:image:width\" content=\"453\" \/>\n\t<meta property=\"og:image:height\" content=\"446\" \/>\n\t<meta property=\"og:image:type\" content=\"image\/png\" \/>\n<meta name=\"twitter:card\" content=\"summary_large_image\" \/>\n<meta name=\"twitter:label1\" content=\"Dur\u00e9e de lecture estim\u00e9e\" \/>\n\t<meta name=\"twitter:data1\" content=\"1 minute\" \/>\n<script type=\"application\/ld+json\" class=\"yoast-schema-graph\">{\"@context\":\"https:\/\/schema.org\",\"@graph\":[{\"@type\":\"WebPage\",\"@id\":\"https:\/\/idi.no\/fr\/news-and-events\/\",\"url\":\"https:\/\/idi.no\/fr\/news-and-events\/\",\"name\":\"Actualit\u00e9s et \u00e9v\u00e9nements - IDI\",\"isPartOf\":{\"@id\":\"https:\/\/idi.no\/fr\/#website\"},\"primaryImageOfPage\":{\"@id\":\"https:\/\/idi.no\/fr\/news-and-events\/#primaryimage\"},\"image\":{\"@id\":\"https:\/\/idi.no\/fr\/news-and-events\/#primaryimage\"},\"thumbnailUrl\":\"https:\/\/idi.no\/wp-content\/uploads\/2025\/06\/DSCF1696_redigerad-1-660x440-1-1.png\",\"datePublished\":\"2025-06-10T18:41:32+00:00\",\"dateModified\":\"2025-11-12T22:41:15+00:00\",\"breadcrumb\":{\"@id\":\"https:\/\/idi.no\/fr\/news-and-events\/#breadcrumb\"},\"inLanguage\":\"fr-FR\",\"potentialAction\":[{\"@type\":\"ReadAction\",\"target\":[\"https:\/\/idi.no\/fr\/news-and-events\/\"]}]},{\"@type\":\"ImageObject\",\"inLanguage\":\"fr-FR\",\"@id\":\"https:\/\/idi.no\/fr\/news-and-events\/#primaryimage\",\"url\":\"https:\/\/idi.no\/wp-content\/uploads\/2025\/06\/DSCF1696_redigerad-1-660x440-1-1.png\",\"contentUrl\":\"https:\/\/idi.no\/wp-content\/uploads\/2025\/06\/DSCF1696_redigerad-1-660x440-1-1.png\",\"width\":453,\"height\":446},{\"@type\":\"BreadcrumbList\",\"@id\":\"https:\/\/idi.no\/fr\/news-and-events\/#breadcrumb\",\"itemListElement\":[{\"@type\":\"ListItem\",\"position\":1,\"name\":\"Home\",\"item\":\"https:\/\/idi.no\/fr\/\"},{\"@type\":\"ListItem\",\"position\":2,\"name\":\"Actualit\u00e9s et \u00e9v\u00e9nements\"}]},{\"@type\":\"WebSite\",\"@id\":\"https:\/\/idi.no\/fr\/#website\",\"url\":\"https:\/\/idi.no\/fr\/\",\"name\":\"IDI\",\"description\":\"\",\"potentialAction\":[{\"@type\":\"SearchAction\",\"target\":{\"@type\":\"EntryPoint\",\"urlTemplate\":\"https:\/\/idi.no\/fr\/?s={search_term_string}\"},\"query-input\":{\"@type\":\"PropertyValueSpecification\",\"valueRequired\":true,\"valueName\":\"search_term_string\"}}],\"inLanguage\":\"fr-FR\"}]}<\/script>\n<!-- \/ Yoast SEO plugin. -->","yoast_head_json":{"title":"Actualit\u00e9s et \u00e9v\u00e9nements - IDI","robots":{"index":"index","follow":"follow","max-snippet":"max-snippet:-1","max-image-preview":"max-image-preview:large","max-video-preview":"max-video-preview:-1"},"canonical":"https:\/\/idi.no\/fr\/news-and-events\/","og_locale":"fr_FR","og_type":"article","og_title":"Actualit\u00e9s et \u00e9v\u00e9nements - IDI","og_description":"Restez inform\u00e9 des derni\u00e8res actualit\u00e9s, \u00e9v\u00e9nements et \u00e9tapes importantes d'IDI.","og_url":"https:\/\/idi.no\/fr\/news-and-events\/","og_site_name":"IDI","article_modified_time":"2025-11-12T22:41:15+00:00","og_image":[{"width":453,"height":446,"url":"https:\/\/idi.no\/wp-content\/uploads\/2025\/06\/DSCF1696_redigerad-1-660x440-1-1.png","type":"image\/png"}],"twitter_card":"summary_large_image","twitter_misc":{"Dur\u00e9e de lecture estim\u00e9e":"1 minute"},"schema":{"@context":"https:\/\/schema.org","@graph":[{"@type":"WebPage","@id":"https:\/\/idi.no\/fr\/news-and-events\/","url":"https:\/\/idi.no\/fr\/news-and-events\/","name":"Actualit\u00e9s et \u00e9v\u00e9nements - IDI","isPartOf":{"@id":"https:\/\/idi.no\/fr\/#website"},"primaryImageOfPage":{"@id":"https:\/\/idi.no\/fr\/news-and-events\/#primaryimage"},"image":{"@id":"https:\/\/idi.no\/fr\/news-and-events\/#primaryimage"},"thumbnailUrl":"https:\/\/idi.no\/wp-content\/uploads\/2025\/06\/DSCF1696_redigerad-1-660x440-1-1.png","datePublished":"2025-06-10T18:41:32+00:00","dateModified":"2025-11-12T22:41:15+00:00","breadcrumb":{"@id":"https:\/\/idi.no\/fr\/news-and-events\/#breadcrumb"},"inLanguage":"fr-FR","potentialAction":[{"@type":"ReadAction","target":["https:\/\/idi.no\/fr\/news-and-events\/"]}]},{"@type":"ImageObject","inLanguage":"fr-FR","@id":"https:\/\/idi.no\/fr\/news-and-events\/#primaryimage","url":"https:\/\/idi.no\/wp-content\/uploads\/2025\/06\/DSCF1696_redigerad-1-660x440-1-1.png","contentUrl":"https:\/\/idi.no\/wp-content\/uploads\/2025\/06\/DSCF1696_redigerad-1-660x440-1-1.png","width":453,"height":446},{"@type":"BreadcrumbList","@id":"https:\/\/idi.no\/fr\/news-and-events\/#breadcrumb","itemListElement":[{"@type":"ListItem","position":1,"name":"Home","item":"https:\/\/idi.no\/fr\/"},{"@type":"ListItem","position":2,"name":"Actualit\u00e9s et \u00e9v\u00e9nements"}]},{"@type":"WebSite","@id":"https:\/\/idi.no\/fr\/#website","url":"https:\/\/idi.no\/fr\/","name":"IDI","description":"","potentialAction":[{"@type":"SearchAction","target":{"@type":"EntryPoint","urlTemplate":"https:\/\/idi.no\/fr\/?s={search_term_string}"},"query-input":{"@type":"PropertyValueSpecification","valueRequired":true,"valueName":"search_term_string"}}],"inLanguage":"fr-FR"}]}},"_links":{"self":[{"href":"https:\/\/idi.no\/fr\/wp-json\/wp\/v2\/pages\/13552","targetHints":{"allow":["GET"]}}],"collection":[{"href":"https:\/\/idi.no\/fr\/wp-json\/wp\/v2\/pages"}],"about":[{"href":"https:\/\/idi.no\/fr\/wp-json\/wp\/v2\/types\/page"}],"author":[{"embeddable":true,"href":"https:\/\/idi.no\/fr\/wp-json\/wp\/v2\/users\/1"}],"replies":[{"embeddable":true,"href":"https:\/\/idi.no\/fr\/wp-json\/wp\/v2\/comments?post=13552"}],"version-history":[{"count":14,"href":"https:\/\/idi.no\/fr\/wp-json\/wp\/v2\/pages\/13552\/revisions"}],"predecessor-version":[{"id":27830,"href":"https:\/\/idi.no\/fr\/wp-json\/wp\/v2\/pages\/13552\/revisions\/27830"}],"wp:featuredmedia":[{"embeddable":true,"href":"https:\/\/idi.no\/fr\/wp-json\/wp\/v2\/media\/13349"}],"wp:attachment":[{"href":"https:\/\/idi.no\/fr\/wp-json\/wp\/v2\/media?parent=13552"}],"curies":[{"name":"wp","href":"https:\/\/api.w.org\/{rel}","templated":true}]}}