{"id":13587,"date":"2025-06-10T19:30:48","date_gmt":"2025-06-10T19:30:48","guid":{"rendered":"https:\/\/idi.no\/our-work\/digitalisation\/"},"modified":"2025-11-12T22:41:19","modified_gmt":"2025-11-12T22:41:19","slug":"digitalisation","status":"publish","type":"page","link":"https:\/\/idi.no\/fr\/our-work\/%d9%85%d8%ac%d8%a7%d9%84%d8%a7%d8%aa-%d8%a7%d9%84%d8%aa%d8%b1%d9%83%d9%8a%d8%b2\/digitalisation\/","title":{"rendered":"Num\u00e9risation"},"content":{"rendered":"\n<div  class=\"hero-block \" >\n\t<div class=\"hero-block__container container\">\n\t\t<div class=\"hero-block__content\">\n\t\t\t\t\t\t\t<div class=\"hero-block__breadcrumbs breadcrumbs\">\n\t\t\t\t\t<span><span><a href=\"https:\/\/idi.no\/fr\/\">Home<\/a><\/span><\/span>\t\t\t\t<\/div>\n\t\t\t\t\t\t\t\t\t\t<h1 class=\"hero-block__title\">\n\t\t\t\t\tNum\u00e9risation\t\t\t\t<\/h1>\n\t\t\t\t\t\t\t\t\t\n\t\t<\/div>\n\t\t\t<\/div>\n<\/div>\n\r\n<div  class=\"text-only-block text-only-block__white-background text-only-block__text-only\"> <!-- Removed undefined $style (before: echoed $style) -->\r\n    <div class=\"text-only-block__container container\">\r\n                    <div class=\"text-only-block__content\">\r\n                                                    <div class=\"text-only-block__subtitle lede\">Soutenir les institutions sup\u00e9rieures de contr\u00f4le des finances publiques \u00e0 travers la transformation num\u00e9rique.<\/div>\r\n                                                    <div class=\"text-only-block__description\"><p><span class=\"TrackedChange SCXW155121846 BCX8\"><span class=\"TextRun SCXW155121846 BCX8\" lang=\"EN-GB\" xml:lang=\"EN-GB\" data-contrast=\"auto\"><span class=\"NormalTextRun SCXW155121846 BCX8\">Num\u00e9risation <\/span><\/span><\/span><span class=\"TextRun SCXW155121846 BCX8\" lang=\"EN-GB\" data-contrast=\"auto\" xml:lang=\"EN-GB\"><span class=\"NormalTextRun SCXW155121846 BCX8\">est un ph\u00e9nom\u00e8ne mondial qui cr\u00e9e de nouveaux d\u00e9fis et de nouvelles opportunit\u00e9s pour les gouvernements, les entreprises et les particuliers. L\u2019intelligence artificielle (IA), les applications mobiles et  <\/span>la <span class=\"NormalTextRun AdvancedProofingIssueV2Themed SCXW155121846 BCX8\">technologie de pointe<\/span><span class=\"NormalTextRun SCXW155121846 BCX8\"> simplifient souvent la vie quotidienne, mais peuvent \u00e9galement soulever des probl\u00e8mes de s\u00e9curit\u00e9<\/span><\/span><span class=\"TrackedChange SCXW155121846 BCX8\"><span class=\"TextRun SCXW155121846 BCX8\" lang=\"EN-GB\" xml:lang=\"EN-GB\" data-contrast=\"auto\"><span class=\"NormalTextRun SCXW155121846 BCX8\">,<\/span><\/span><\/span><span class=\"TextRun SCXW155121846 BCX8\" lang=\"EN-GB\" data-contrast=\"auto\" xml:lang=\"EN-GB\"> <span class=\"NormalTextRun AdvancedProofingIssueV2Themed SCXW155121846 BCX8\">de confidentialit\u00e9<\/span><\/span><span class=\"TrackedChange SCXW155121846 BCX8\"><span class=\"TextRun SCXW155121846 BCX8\" lang=\"EN-GB\" xml:lang=\"EN-GB\" data-contrast=\"auto\"><span class=\"NormalTextRun SCXW155121846 BCX8\"> et des questions d\u2019\u00e9thique<\/span><\/span><\/span><span class=\"TextRun SCXW155121846 BCX8\" lang=\"EN-GB\" data-contrast=\"auto\" xml:lang=\"EN-GB\"><span class=\"NormalTextRun SCXW155121846 BCX8\"> .<\/span><\/span><span class=\"TrackedChange SCXW155121846 BCX8\"><span class=\"TextRun SCXW155121846 BCX8\" lang=\"EN-GB\" xml:lang=\"EN-GB\" data-contrast=\"auto\"><span class=\"NormalTextRun SCXW155121846 BCX8\">,  <\/span><\/span><\/span><span class=\"TrackedChange SCXW155121846 BCX8\"><span class=\"TextRun SCXW155121846 BCX8\" lang=\"EN-GB\" xml:lang=\"EN-GB\" data-contrast=\"auto\"><span class=\"NormalTextRun SCXW155121846 BCX8\">outre la fracture num\u00e9rique entre les pays, les <\/span><span class=\"NormalTextRun AdvancedProofingIssueV2Themed SCXW155121846 BCX8\">organi<\/span><\/span><\/span><span class=\"TrackedChange SCXW155121846 BCX8\"><span class=\"TextRun SCXW155121846 BCX8\" lang=\"EN-GB\" xml:lang=\"EN-GB\" data-contrast=\"auto\"><span class=\"NormalTextRun AdvancedProofingIssueV2Themed SCXW155121846 BCX8\">sations<\/span><span class=\"NormalTextRun SCXW155121846 BCX8\"> et les personnes<\/span><\/span><\/span><span class=\"TextRun SCXW155121846 BCX8\" lang=\"EN-GB\" data-contrast=\"auto\" xml:lang=\"EN-GB\"><span class=\"NormalTextRun SCXW155121846 BCX8\">.  <\/span><\/span><\/p>\n<p><span class=\"TrackedChange SCXW155121846 BCX8\"><span class=\"TextRun SCXW155121846 BCX8\" lang=\"EN-GB\" data-contrast=\"auto\"><span class=\"NormalTextRun SCXW155121846 BCX8\">\u00c0 l\u2019IDI, <\/span><\/span><\/span><span class=\"TrackedChange SCXW155121846 BCX8\"><span class=\"TextRun SCXW155121846 BCX8\" lang=\"EN-GB\" data-contrast=\"auto\"><span class=\"NormalTextRun SCXW155121846 BCX8\">n<\/span><\/span><\/span><span class=\"TextRun SCXW155121846 BCX8\" lang=\"EN-GB\" data-contrast=\"auto\"><span class=\"NormalTextRun SCXW155121846 BCX8\">ous collaborons avec les institutions sup\u00e9rieures de contr\u00f4le des finances publiques (ISC) pour nous assurer qu\u2019elles disposent des outils num\u00e9riques dont elles ont besoin pour <\/span><\/span><span class=\"TrackedChange SCXW155121846 BCX8\"><span class=\"TextRun SCXW155121846 BCX8\" lang=\"EN-GB\" data-contrast=\"auto\"><span class=\"NormalTextRun SCXW155121846 BCX8\">r\u00e9aliser <\/span><\/span><\/span><span class=\"TextRun SCXW155121846 BCX8\" lang=\"EN-GB\" data-contrast=\"auto\"><span class=\"NormalTextRun SCXW155121846 BCX8\">des audits significatifs, pour auditer les <\/span><span class=\"NormalTextRun AdvancedProofingIssueV2Themed SCXW155121846 BCX8\">nouvelles technologies<\/span><\/span> <span class=\"TrackedChange SCXW155121846 BCX8\"><span class=\"TextRun SCXW155121846 BCX8\" lang=\"EN-GB\" data-contrast=\"auto\"><span class=\"NormalTextRun SCXW155121846 BCX8\">dans le secteur public<\/span><\/span><\/span><span class=\"TextRun SCXW155121846 BCX8\" lang=\"EN-GB\" data-contrast=\"auto\"><span class=\"NormalTextRun SCXW155121846 BCX8\">, et pour soutenir leurs <\/span><span class=\"NormalTextRun SCXW155121846 BCX8\">pratiques<\/span><\/span> internes en mati\u00e8re d\u2019information, de communication et de technologie (TIC)<span class=\"TextRun SCXW155121846 BCX8\" lang=\"EN-GB\" data-contrast=\"auto\"><span class=\"NormalTextRun SCXW155121846 BCX8\">.<\/span><\/span> <span class=\"TrackedChange SCXW155121846 BCX8\"><span class=\"TextRun SCXW155121846 BCX8\" lang=\"EN-GB\" data-contrast=\"auto\"><span class=\"NormalTextRun SCXW155121846 BCX8\">Gr\u00e2ce \u00e0 ce soutien, les ISC peuvent <\/span><\/span><\/span><span class=\"TrackedChange SCXW155121846 BCX8\"><span class=\"TextRun SCXW155121846 BCX8\" lang=\"EN-GB\" data-contrast=\"auto\"><span class=\"NormalTextRun SCXW155121846 BCX8\">am\u00e9liorer leur pertinence et leur impact sur <\/span><\/span><\/span><span class=\"TrackedChange SCXW155121846 BCX8\"><span class=\"TextRun SCXW155121846 BCX8\" lang=\"EN-GB\" data-contrast=\"auto\"><span class=\"NormalTextRun SCXW155121846 BCX8\">la soci\u00e9t\u00e9.<\/span><\/span><\/span><span class=\"EOP SCXW155121846 BCX8\" data-ccp-props=\"{}\"> <\/span><\/p>\n<\/div>\r\n                                \r\n                <!-- New: Wrap all buttons in __button-list for consistency with working block -->\r\n                <div class=\"text-only-block__button-list\">\r\n                    \r\n                                    <\/div>\r\n            <\/div>\r\n        \r\n        \r\n        \r\n            <\/div>\r\n<\/div>\n<div  class=\"related-our-work-block  block-style_light block_background_bleu \" >\t\n<!-- <div class=\"circle__decoration\">\n    <img decoding=\"async\" src=\"https:\/\/idi.no\/wp-content\/themes\/idi\/assets\/images\/circle_decoration.png\" alt=\"circle decoration\">\n<\/div>       -->\n<div class=\"related-our-work-block__container container\">\n\t\t\t\t\t<h2 class=\"related-our-work-block__title\">\n\t\t\t\tInitiatives\t\t<\/h2>\n\t\t\n\t\t\t\t\t<div class=\"related-our-work-block__our-works\">\n\t\t\t\t\t\t\t\t\t<div class=\"related-our-work-block__our-work-item\">\n\n\t\t\t\t\t\t\t\t\t\t\t<a \thref=\"https:\/\/idi.no\/fr\/our-work\/initiative\/picture-soutenir-les-isc-dans-le-renforcement-de-la-gouvernance-des-tic\/\" \n\t\t\t\t\t\t\tclass=\"related-our-work-block__our-work-full-card-link\"\n\t\t\t\t\t\t\tdata-uw-ignore-s3\n\t\t\t\t\t\t><\/a>\n\t\t\t\t\t\t\t\t\t\t\t\t\t<a href=\"https:\/\/idi.no\/fr\/our-work\/initiative\/picture-soutenir-les-isc-dans-le-renforcement-de-la-gouvernance-des-tic\/\" class=\"related-our-work-block__our-work-image\">\n\t\t\t\t\t\t\t\t<div class=\"related-our-work-block__our-work-image-background\"><\/div>\n\t\t\t\t\t\t\t\t<img loading=\"lazy\" decoding=\"async\" width=\"2560\" height=\"1156\" src=\"https:\/\/idi.no\/wp-content\/uploads\/2025\/08\/Initiative-Hero-2-@2x-1.jpg\" class=\"attachment-full size-full wp-post-image\" alt=\"pICTure HERO\" srcset=\"https:\/\/idi.no\/wp-content\/uploads\/2025\/08\/Initiative-Hero-2-@2x-1.jpg 2560w, https:\/\/idi.no\/wp-content\/uploads\/2025\/08\/Initiative-Hero-2-@2x-1-300x135.jpg 300w, https:\/\/idi.no\/wp-content\/uploads\/2025\/08\/Initiative-Hero-2-@2x-1-1024x462.jpg 1024w, https:\/\/idi.no\/wp-content\/uploads\/2025\/08\/Initiative-Hero-2-@2x-1-768x347.jpg 768w, https:\/\/idi.no\/wp-content\/uploads\/2025\/08\/Initiative-Hero-2-@2x-1-1536x694.jpg 1536w, https:\/\/idi.no\/wp-content\/uploads\/2025\/08\/Initiative-Hero-2-@2x-1-2048x925.jpg 2048w\" sizes=\"auto, (max-width: 2560px) 100vw, 2560px\" \/>\t\t\t\t\t\t\t<\/a>\n\t\t\t\t\t\t\t\t\t\t\t\t<div class=\"related-our-work-block__our-work-content\">\n\t\t\t\t\t\t\t\t\t\t\t\t\t\t\t<a href=\"https:\/\/idi.no\/fr\/our-work\/initiative\/picture-soutenir-les-isc-dans-le-renforcement-de-la-gouvernance-des-tic\/\">\n\t\t\t\t\t\t\t\t\t<h4 class=\"related-our-work-block__our-work-title\">\n\t\t\t\t\t\t\t\t\t\t\tpICTure &#8211; soutenir les ISC dans le renforcement de la gouvernance des TIC\t\t\t\t\t\t\t\t\t<\/h4>\n\t\t\t\t\t\t\t\t<\/a>\n\t\t\t\t\t\t\t\n\t\t\t\t\t\t\t\t\t\t\t\t\t\t<a href=\"https:\/\/idi.no\/fr\/our-work\/initiative\/picture-soutenir-les-isc-dans-le-renforcement-de-la-gouvernance-des-tic\/\" class=\"related-our-work-block__our-work-link\">\n\t\t\t\t\t\t\t\t<span class=\"related-our-work-block__our-work-link-text\">Learn more<\/span>\n\t\t\t\t\t\t\t\t<span class=\"related-our-work-block__our-work-link-arrow\"><\/span>\n\t\t\t\t\t\t\t<\/a>\n\t\t\t\t\t\t<\/div>\n\n\t\t\t\t\t<\/div>\n\t\t\t\t\t\t\t\t\t<div class=\"related-our-work-block__our-work-item\">\n\n\t\t\t\t\t\t\t\t\t\t\t<a \thref=\"https:\/\/idi.no\/fr\/our-work\/initiative\/lota-tirer-parti-des-avancees-technologiques\/\" \n\t\t\t\t\t\t\tclass=\"related-our-work-block__our-work-full-card-link\"\n\t\t\t\t\t\t\tdata-uw-ignore-s3\n\t\t\t\t\t\t><\/a>\n\t\t\t\t\t\t\t\t\t\t\t\t\t<a href=\"https:\/\/idi.no\/fr\/our-work\/initiative\/lota-tirer-parti-des-avancees-technologiques\/\" class=\"related-our-work-block__our-work-image\">\n\t\t\t\t\t\t\t\t<div class=\"related-our-work-block__our-work-image-background\"><\/div>\n\t\t\t\t\t\t\t\t<img loading=\"lazy\" decoding=\"async\" width=\"2560\" height=\"1156\" src=\"https:\/\/idi.no\/wp-content\/uploads\/2025\/08\/LOTA-Hero.jpg\" class=\"attachment-full size-full wp-post-image\" alt=\"\" srcset=\"https:\/\/idi.no\/wp-content\/uploads\/2025\/08\/LOTA-Hero.jpg 2560w, https:\/\/idi.no\/wp-content\/uploads\/2025\/08\/LOTA-Hero-300x135.jpg 300w, https:\/\/idi.no\/wp-content\/uploads\/2025\/08\/LOTA-Hero-1024x462.jpg 1024w, https:\/\/idi.no\/wp-content\/uploads\/2025\/08\/LOTA-Hero-768x347.jpg 768w, https:\/\/idi.no\/wp-content\/uploads\/2025\/08\/LOTA-Hero-1536x694.jpg 1536w, https:\/\/idi.no\/wp-content\/uploads\/2025\/08\/LOTA-Hero-2048x925.jpg 2048w\" sizes=\"auto, (max-width: 2560px) 100vw, 2560px\" \/>\t\t\t\t\t\t\t<\/a>\n\t\t\t\t\t\t\t\t\t\t\t\t<div class=\"related-our-work-block__our-work-content\">\n\t\t\t\t\t\t\t\t\t\t\t\t\t\t\t<a href=\"https:\/\/idi.no\/fr\/our-work\/initiative\/lota-tirer-parti-des-avancees-technologiques\/\">\n\t\t\t\t\t\t\t\t\t<h4 class=\"related-our-work-block__our-work-title\">\n\t\t\t\t\t\t\t\t\t\t\tLOTA &#8211; tirer parti des avanc\u00e9es technologiques\t\t\t\t\t\t\t\t\t<\/h4>\n\t\t\t\t\t\t\t\t<\/a>\n\t\t\t\t\t\t\t\n\t\t\t\t\t\t\t\t\t\t\t\t\t\t<a href=\"https:\/\/idi.no\/fr\/our-work\/initiative\/lota-tirer-parti-des-avancees-technologiques\/\" class=\"related-our-work-block__our-work-link\">\n\t\t\t\t\t\t\t\t<span class=\"related-our-work-block__our-work-link-text\">Learn more<\/span>\n\t\t\t\t\t\t\t\t<span class=\"related-our-work-block__our-work-link-arrow\"><\/span>\n\t\t\t\t\t\t\t<\/a>\n\t\t\t\t\t\t<\/div>\n\n\t\t\t\t\t<\/div>\n\t\t\t\t\t\t\t<\/div>\n\t\t\t<\/div>\n<\/div>\n","protected":false},"excerpt":{"rendered":"","protected":false},"author":1,"featured_media":0,"parent":17999,"menu_order":0,"comment_status":"closed","ping_status":"closed","template":"","meta":{"footnotes":""},"class_list":["post-13587","page","type-page","status-publish","hentry"],"acf":[],"yoast_head":"<!-- This site is optimized with the Yoast SEO plugin v25.3 - https:\/\/yoast.com\/wordpress\/plugins\/seo\/ -->\n<title>Num\u00e9risation - IDI<\/title>\n<meta name=\"robots\" content=\"index, follow, max-snippet:-1, max-image-preview:large, max-video-preview:-1\" \/>\n<link rel=\"canonical\" href=\"https:\/\/idi.no\/fr\/our-work\/%d9%85%d8%ac%d8%a7%d9%84%d8%a7%d8%aa-%d8%a7%d9%84%d8%aa%d8%b1%d9%83%d9%8a%d8%b2\/digitalisation\/\" \/>\n<meta property=\"og:locale\" content=\"fr_FR\" \/>\n<meta property=\"og:type\" content=\"article\" \/>\n<meta property=\"og:title\" content=\"Num\u00e9risation - IDI\" \/>\n<meta property=\"og:url\" content=\"https:\/\/idi.no\/fr\/our-work\/%d9%85%d8%ac%d8%a7%d9%84%d8%a7%d8%aa-%d8%a7%d9%84%d8%aa%d8%b1%d9%83%d9%8a%d8%b2\/digitalisation\/\" \/>\n<meta property=\"og:site_name\" content=\"IDI\" \/>\n<meta property=\"article:modified_time\" content=\"2025-11-12T22:41:19+00:00\" \/>\n<meta name=\"twitter:card\" content=\"summary_large_image\" \/>\n<script type=\"application\/ld+json\" class=\"yoast-schema-graph\">{\"@context\":\"https:\/\/schema.org\",\"@graph\":[{\"@type\":\"WebPage\",\"@id\":\"https:\/\/idi.no\/fr\/our-work\/%d9%85%d8%ac%d8%a7%d9%84%d8%a7%d8%aa-%d8%a7%d9%84%d8%aa%d8%b1%d9%83%d9%8a%d8%b2\/digitalisation\/\",\"url\":\"https:\/\/idi.no\/fr\/our-work\/%d9%85%d8%ac%d8%a7%d9%84%d8%a7%d8%aa-%d8%a7%d9%84%d8%aa%d8%b1%d9%83%d9%8a%d8%b2\/digitalisation\/\",\"name\":\"Num\u00e9risation - IDI\",\"isPartOf\":{\"@id\":\"https:\/\/idi.no\/fr\/#website\"},\"datePublished\":\"2025-06-10T19:30:48+00:00\",\"dateModified\":\"2025-11-12T22:41:19+00:00\",\"breadcrumb\":{\"@id\":\"https:\/\/idi.no\/fr\/our-work\/%d9%85%d8%ac%d8%a7%d9%84%d8%a7%d8%aa-%d8%a7%d9%84%d8%aa%d8%b1%d9%83%d9%8a%d8%b2\/digitalisation\/#breadcrumb\"},\"inLanguage\":\"fr-FR\",\"potentialAction\":[{\"@type\":\"ReadAction\",\"target\":[\"https:\/\/idi.no\/fr\/our-work\/%d9%85%d8%ac%d8%a7%d9%84%d8%a7%d8%aa-%d8%a7%d9%84%d8%aa%d8%b1%d9%83%d9%8a%d8%b2\/digitalisation\/\"]}]},{\"@type\":\"BreadcrumbList\",\"@id\":\"https:\/\/idi.no\/fr\/our-work\/%d9%85%d8%ac%d8%a7%d9%84%d8%a7%d8%aa-%d8%a7%d9%84%d8%aa%d8%b1%d9%83%d9%8a%d8%b2\/digitalisation\/#breadcrumb\",\"itemListElement\":[{\"@type\":\"ListItem\",\"position\":1,\"name\":\"Home\",\"item\":\"https:\/\/idi.no\/fr\/\"},{\"@type\":\"ListItem\",\"position\":2,\"name\":\"Notre travail\",\"item\":\"https:\/\/idi.no\/fr\/our-work\/\"},{\"@type\":\"ListItem\",\"position\":3,\"name\":\"Domaines d&rsquo;intervention\",\"item\":\"https:\/\/idi.no\/fr\/our-work\/%d9%85%d8%ac%d8%a7%d9%84%d8%a7%d8%aa-%d8%a7%d9%84%d8%aa%d8%b1%d9%83%d9%8a%d8%b2\/\"},{\"@type\":\"ListItem\",\"position\":4,\"name\":\"Num\u00e9risation\"}]},{\"@type\":\"WebSite\",\"@id\":\"https:\/\/idi.no\/fr\/#website\",\"url\":\"https:\/\/idi.no\/fr\/\",\"name\":\"IDI\",\"description\":\"\",\"potentialAction\":[{\"@type\":\"SearchAction\",\"target\":{\"@type\":\"EntryPoint\",\"urlTemplate\":\"https:\/\/idi.no\/fr\/?s={search_term_string}\"},\"query-input\":{\"@type\":\"PropertyValueSpecification\",\"valueRequired\":true,\"valueName\":\"search_term_string\"}}],\"inLanguage\":\"fr-FR\"}]}<\/script>\n<!-- \/ Yoast SEO plugin. -->","yoast_head_json":{"title":"Num\u00e9risation - IDI","robots":{"index":"index","follow":"follow","max-snippet":"max-snippet:-1","max-image-preview":"max-image-preview:large","max-video-preview":"max-video-preview:-1"},"canonical":"https:\/\/idi.no\/fr\/our-work\/%d9%85%d8%ac%d8%a7%d9%84%d8%a7%d8%aa-%d8%a7%d9%84%d8%aa%d8%b1%d9%83%d9%8a%d8%b2\/digitalisation\/","og_locale":"fr_FR","og_type":"article","og_title":"Num\u00e9risation - IDI","og_url":"https:\/\/idi.no\/fr\/our-work\/%d9%85%d8%ac%d8%a7%d9%84%d8%a7%d8%aa-%d8%a7%d9%84%d8%aa%d8%b1%d9%83%d9%8a%d8%b2\/digitalisation\/","og_site_name":"IDI","article_modified_time":"2025-11-12T22:41:19+00:00","twitter_card":"summary_large_image","schema":{"@context":"https:\/\/schema.org","@graph":[{"@type":"WebPage","@id":"https:\/\/idi.no\/fr\/our-work\/%d9%85%d8%ac%d8%a7%d9%84%d8%a7%d8%aa-%d8%a7%d9%84%d8%aa%d8%b1%d9%83%d9%8a%d8%b2\/digitalisation\/","url":"https:\/\/idi.no\/fr\/our-work\/%d9%85%d8%ac%d8%a7%d9%84%d8%a7%d8%aa-%d8%a7%d9%84%d8%aa%d8%b1%d9%83%d9%8a%d8%b2\/digitalisation\/","name":"Num\u00e9risation - IDI","isPartOf":{"@id":"https:\/\/idi.no\/fr\/#website"},"datePublished":"2025-06-10T19:30:48+00:00","dateModified":"2025-11-12T22:41:19+00:00","breadcrumb":{"@id":"https:\/\/idi.no\/fr\/our-work\/%d9%85%d8%ac%d8%a7%d9%84%d8%a7%d8%aa-%d8%a7%d9%84%d8%aa%d8%b1%d9%83%d9%8a%d8%b2\/digitalisation\/#breadcrumb"},"inLanguage":"fr-FR","potentialAction":[{"@type":"ReadAction","target":["https:\/\/idi.no\/fr\/our-work\/%d9%85%d8%ac%d8%a7%d9%84%d8%a7%d8%aa-%d8%a7%d9%84%d8%aa%d8%b1%d9%83%d9%8a%d8%b2\/digitalisation\/"]}]},{"@type":"BreadcrumbList","@id":"https:\/\/idi.no\/fr\/our-work\/%d9%85%d8%ac%d8%a7%d9%84%d8%a7%d8%aa-%d8%a7%d9%84%d8%aa%d8%b1%d9%83%d9%8a%d8%b2\/digitalisation\/#breadcrumb","itemListElement":[{"@type":"ListItem","position":1,"name":"Home","item":"https:\/\/idi.no\/fr\/"},{"@type":"ListItem","position":2,"name":"Notre travail","item":"https:\/\/idi.no\/fr\/our-work\/"},{"@type":"ListItem","position":3,"name":"Domaines d&rsquo;intervention","item":"https:\/\/idi.no\/fr\/our-work\/%d9%85%d8%ac%d8%a7%d9%84%d8%a7%d8%aa-%d8%a7%d9%84%d8%aa%d8%b1%d9%83%d9%8a%d8%b2\/"},{"@type":"ListItem","position":4,"name":"Num\u00e9risation"}]},{"@type":"WebSite","@id":"https:\/\/idi.no\/fr\/#website","url":"https:\/\/idi.no\/fr\/","name":"IDI","description":"","potentialAction":[{"@type":"SearchAction","target":{"@type":"EntryPoint","urlTemplate":"https:\/\/idi.no\/fr\/?s={search_term_string}"},"query-input":{"@type":"PropertyValueSpecification","valueRequired":true,"valueName":"search_term_string"}}],"inLanguage":"fr-FR"}]}},"_links":{"self":[{"href":"https:\/\/idi.no\/fr\/wp-json\/wp\/v2\/pages\/13587","targetHints":{"allow":["GET"]}}],"collection":[{"href":"https:\/\/idi.no\/fr\/wp-json\/wp\/v2\/pages"}],"about":[{"href":"https:\/\/idi.no\/fr\/wp-json\/wp\/v2\/types\/page"}],"author":[{"embeddable":true,"href":"https:\/\/idi.no\/fr\/wp-json\/wp\/v2\/users\/1"}],"replies":[{"embeddable":true,"href":"https:\/\/idi.no\/fr\/wp-json\/wp\/v2\/comments?post=13587"}],"version-history":[{"count":8,"href":"https:\/\/idi.no\/fr\/wp-json\/wp\/v2\/pages\/13587\/revisions"}],"predecessor-version":[{"id":27841,"href":"https:\/\/idi.no\/fr\/wp-json\/wp\/v2\/pages\/13587\/revisions\/27841"}],"up":[{"embeddable":true,"href":"https:\/\/idi.no\/fr\/wp-json\/wp\/v2\/pages\/17999"}],"wp:attachment":[{"href":"https:\/\/idi.no\/fr\/wp-json\/wp\/v2\/media?parent=13587"}],"curies":[{"name":"wp","href":"https:\/\/api.w.org\/{rel}","templated":true}]}}