{"id":13592,"date":"2025-06-10T19:30:57","date_gmt":"2025-06-10T19:30:57","guid":{"rendered":"https:\/\/idi.no\/our-work\/governance\/"},"modified":"2025-11-12T22:41:19","modified_gmt":"2025-11-12T22:41:19","slug":"governance","status":"publish","type":"page","link":"https:\/\/idi.no\/fr\/our-work\/%d9%85%d8%ac%d8%a7%d9%84%d8%a7%d8%aa-%d8%a7%d9%84%d8%aa%d8%b1%d9%83%d9%8a%d8%b2\/governance\/","title":{"rendered":"Gouvernance"},"content":{"rendered":"\n<div  class=\"hero-block \" >\n\t<div class=\"hero-block__container container\">\n\t\t<div class=\"hero-block__content\">\n\t\t\t\t\t\t\t<div class=\"hero-block__breadcrumbs breadcrumbs\">\n\t\t\t\t\t<span><span><a href=\"https:\/\/idi.no\/fr\/\">Home<\/a><\/span><\/span>\t\t\t\t<\/div>\n\t\t\t\t\t\t\t\t\t\t<h1 class=\"hero-block__title\">\n\t\t\t\t\tGouvernance\t\t\t\t<\/h1>\n\t\t\t\t\t\t\t\t\t\n\t\t<\/div>\n\t\t\t<\/div>\n<\/div>\n\r\n<div  class=\"text-only-block text-only-block__white-background text-only-block__text-only\"> <!-- Removed undefined $style (before: echoed $style) -->\r\n    <div class=\"text-only-block__container container\">\r\n                    <div class=\"text-only-block__content\">\r\n                                                    <div class=\"text-only-block__subtitle lede\">Soutenir des institutions fortes pour des r\u00e9sultats d&#039;audit percutants<\/div>\r\n                                                    <div class=\"text-only-block__description\"><p class=\"x_MsoNormal\">Une bonne gouvernance est essentielle pour que les Institutions sup\u00e9rieures de contr\u00f4le des finances publiques (ISC) soient cr\u00e9dibles, efficaces et aient un impact r\u00e9el. \u00c0 l&rsquo;IDI, nous aidons les ISC \u00e0 d\u00e9velopper des m\u00e9thodes strat\u00e9giques pour planifier et g\u00e9rer leur performance. Nous soulignons l&rsquo;importance de partenariats solides avec les parties prenantes, d&rsquo;une gestion des risques rigoureuse et d&rsquo;une utilisation judicieuse des outils num\u00e9riques et de la technologie. Une gouvernance forte des ISC d\u00e9pend \u00e9galement d&rsquo;une gestion responsable et inclusive des ressources humaines et financi\u00e8res, soutenue par un leadership engag\u00e9.   <\/p>\n<p class=\"x_MsoNormal\">En aidant les ISC \u00e0 renforcer leur gouvernance, nous visons \u00e0 les pr\u00e9parer pour l&rsquo;avenir afin qu&rsquo;elles puissent agir avec pr\u00e9voyance et produire des r\u00e9sultats auxquels les citoyens et les soci\u00e9t\u00e9s peuvent faire confiance.<\/p>\n<\/div>\r\n                                \r\n                <!-- New: Wrap all buttons in __button-list for consistency with working block -->\r\n                <div class=\"text-only-block__button-list\">\r\n                    \r\n                                    <\/div>\r\n            <\/div>\r\n        \r\n        \r\n        \r\n            <\/div>\r\n<\/div>\n<div  class=\"related-our-work-block  block-style_light block_background_bleu \" >\t\n<!-- <div class=\"circle__decoration\">\n    <img decoding=\"async\" src=\"https:\/\/idi.no\/wp-content\/themes\/idi\/assets\/images\/circle_decoration.png\" alt=\"circle decoration\">\n<\/div>       -->\n<div class=\"related-our-work-block__container container\">\n\t\t\t\t\t<h2 class=\"related-our-work-block__title\">\n\t\t\t\tInitiatives\t\t<\/h2>\n\t\t\n\t\t\t\t\t<div class=\"related-our-work-block__our-works\">\n\t\t\t\t\t\t\t\t\t<div class=\"related-our-work-block__our-work-item\">\n\n\t\t\t\t\t\t\t\t\t\t\t<a \thref=\"https:\/\/idi.no\/fr\/our-work\/initiative\/academie-de-gouvernance-des-isc\/\" \n\t\t\t\t\t\t\tclass=\"related-our-work-block__our-work-full-card-link\"\n\t\t\t\t\t\t\tdata-uw-ignore-s3\n\t\t\t\t\t\t><\/a>\n\t\t\t\t\t\t\t\t\t\t\t\t\t<a href=\"https:\/\/idi.no\/fr\/our-work\/initiative\/academie-de-gouvernance-des-isc\/\" class=\"related-our-work-block__our-work-image\">\n\t\t\t\t\t\t\t\t<div class=\"related-our-work-block__our-work-image-background\"><\/div>\n\t\t\t\t\t\t\t\t<img loading=\"lazy\" decoding=\"async\" width=\"2560\" height=\"950\" src=\"https:\/\/idi.no\/wp-content\/uploads\/2025\/10\/AdobeStock_1026375038-scaled-e1762250729985.jpeg\" class=\"attachment-full size-full wp-post-image\" alt=\"\" srcset=\"https:\/\/idi.no\/wp-content\/uploads\/2025\/10\/AdobeStock_1026375038-scaled-e1762250729985.jpeg 2560w, https:\/\/idi.no\/wp-content\/uploads\/2025\/10\/AdobeStock_1026375038-scaled-e1762250729985-300x111.jpeg 300w, https:\/\/idi.no\/wp-content\/uploads\/2025\/10\/AdobeStock_1026375038-scaled-e1762250729985-1024x380.jpeg 1024w, https:\/\/idi.no\/wp-content\/uploads\/2025\/10\/AdobeStock_1026375038-scaled-e1762250729985-768x285.jpeg 768w, https:\/\/idi.no\/wp-content\/uploads\/2025\/10\/AdobeStock_1026375038-scaled-e1762250729985-1536x570.jpeg 1536w, https:\/\/idi.no\/wp-content\/uploads\/2025\/10\/AdobeStock_1026375038-scaled-e1762250729985-2048x760.jpeg 2048w\" sizes=\"auto, (max-width: 2560px) 100vw, 2560px\" \/>\t\t\t\t\t\t\t<\/a>\n\t\t\t\t\t\t\t\t\t\t\t\t<div class=\"related-our-work-block__our-work-content\">\n\t\t\t\t\t\t\t\t\t\t\t\t\t\t\t<a href=\"https:\/\/idi.no\/fr\/our-work\/initiative\/academie-de-gouvernance-des-isc\/\">\n\t\t\t\t\t\t\t\t\t<h4 class=\"related-our-work-block__our-work-title\">\n\t\t\t\t\t\t\t\t\t\t\tAcad\u00e9mie de gouvernance des ISC\t\t\t\t\t\t\t\t\t<\/h4>\n\t\t\t\t\t\t\t\t<\/a>\n\t\t\t\t\t\t\t\n\t\t\t\t\t\t\t\t\t\t\t\t\t\t<a href=\"https:\/\/idi.no\/fr\/our-work\/initiative\/academie-de-gouvernance-des-isc\/\" class=\"related-our-work-block__our-work-link\">\n\t\t\t\t\t\t\t\t<span class=\"related-our-work-block__our-work-link-text\">Learn more<\/span>\n\t\t\t\t\t\t\t\t<span class=\"related-our-work-block__our-work-link-arrow\"><\/span>\n\t\t\t\t\t\t\t<\/a>\n\t\t\t\t\t\t<\/div>\n\n\t\t\t\t\t<\/div>\n\t\t\t\t\t\t\t\t\t<div class=\"related-our-work-block__our-work-item\">\n\n\t\t\t\t\t\t\t\t\t\t\t<a \thref=\"https:\/\/idi.no\/fr\/our-work\/initiative\/picture-soutenir-les-isc-dans-le-renforcement-de-la-gouvernance-des-tic\/\" \n\t\t\t\t\t\t\tclass=\"related-our-work-block__our-work-full-card-link\"\n\t\t\t\t\t\t\tdata-uw-ignore-s3\n\t\t\t\t\t\t><\/a>\n\t\t\t\t\t\t\t\t\t\t\t\t\t<a href=\"https:\/\/idi.no\/fr\/our-work\/initiative\/picture-soutenir-les-isc-dans-le-renforcement-de-la-gouvernance-des-tic\/\" class=\"related-our-work-block__our-work-image\">\n\t\t\t\t\t\t\t\t<div class=\"related-our-work-block__our-work-image-background\"><\/div>\n\t\t\t\t\t\t\t\t<img loading=\"lazy\" decoding=\"async\" width=\"2560\" height=\"1156\" src=\"https:\/\/idi.no\/wp-content\/uploads\/2025\/08\/Initiative-Hero-2-@2x-1.jpg\" class=\"attachment-full size-full wp-post-image\" alt=\"pICTure HERO\" srcset=\"https:\/\/idi.no\/wp-content\/uploads\/2025\/08\/Initiative-Hero-2-@2x-1.jpg 2560w, https:\/\/idi.no\/wp-content\/uploads\/2025\/08\/Initiative-Hero-2-@2x-1-300x135.jpg 300w, https:\/\/idi.no\/wp-content\/uploads\/2025\/08\/Initiative-Hero-2-@2x-1-1024x462.jpg 1024w, https:\/\/idi.no\/wp-content\/uploads\/2025\/08\/Initiative-Hero-2-@2x-1-768x347.jpg 768w, https:\/\/idi.no\/wp-content\/uploads\/2025\/08\/Initiative-Hero-2-@2x-1-1536x694.jpg 1536w, https:\/\/idi.no\/wp-content\/uploads\/2025\/08\/Initiative-Hero-2-@2x-1-2048x925.jpg 2048w\" sizes=\"auto, (max-width: 2560px) 100vw, 2560px\" \/>\t\t\t\t\t\t\t<\/a>\n\t\t\t\t\t\t\t\t\t\t\t\t<div class=\"related-our-work-block__our-work-content\">\n\t\t\t\t\t\t\t\t\t\t\t\t\t\t\t<a href=\"https:\/\/idi.no\/fr\/our-work\/initiative\/picture-soutenir-les-isc-dans-le-renforcement-de-la-gouvernance-des-tic\/\">\n\t\t\t\t\t\t\t\t\t<h4 class=\"related-our-work-block__our-work-title\">\n\t\t\t\t\t\t\t\t\t\t\tpICTure &#8211; soutenir les ISC dans le renforcement de la gouvernance des TIC\t\t\t\t\t\t\t\t\t<\/h4>\n\t\t\t\t\t\t\t\t<\/a>\n\t\t\t\t\t\t\t\n\t\t\t\t\t\t\t\t\t\t\t\t\t\t<a href=\"https:\/\/idi.no\/fr\/our-work\/initiative\/picture-soutenir-les-isc-dans-le-renforcement-de-la-gouvernance-des-tic\/\" class=\"related-our-work-block__our-work-link\">\n\t\t\t\t\t\t\t\t<span class=\"related-our-work-block__our-work-link-text\">Learn more<\/span>\n\t\t\t\t\t\t\t\t<span class=\"related-our-work-block__our-work-link-arrow\"><\/span>\n\t\t\t\t\t\t\t<\/a>\n\t\t\t\t\t\t<\/div>\n\n\t\t\t\t\t<\/div>\n\t\t\t\t\t\t\t\t\t<div class=\"related-our-work-block__our-work-item\">\n\n\t\t\t\t\t\t\t\t\t\t\t<a \thref=\"https:\/\/idi.no\/fr\/our-work\/initiative\/ensemble-renforcer-les-isc-grace-a-une-gouvernance-des-ressources-humaines-efficace-inclusive-et-ethique\/\" \n\t\t\t\t\t\t\tclass=\"related-our-work-block__our-work-full-card-link\"\n\t\t\t\t\t\t\tdata-uw-ignore-s3\n\t\t\t\t\t\t><\/a>\n\t\t\t\t\t\t\t\t\t\t\t\t\t<a href=\"https:\/\/idi.no\/fr\/our-work\/initiative\/ensemble-renforcer-les-isc-grace-a-une-gouvernance-des-ressources-humaines-efficace-inclusive-et-ethique\/\" class=\"related-our-work-block__our-work-image\">\n\t\t\t\t\t\t\t\t<div class=\"related-our-work-block__our-work-image-background\"><\/div>\n\t\t\t\t\t\t\t\t<img loading=\"lazy\" decoding=\"async\" width=\"2560\" height=\"1156\" src=\"https:\/\/idi.no\/wp-content\/uploads\/2025\/08\/Initiative-Hero-Together-1.jpg\" class=\"attachment-full size-full wp-post-image\" alt=\"\" srcset=\"https:\/\/idi.no\/wp-content\/uploads\/2025\/08\/Initiative-Hero-Together-1.jpg 2560w, https:\/\/idi.no\/wp-content\/uploads\/2025\/08\/Initiative-Hero-Together-1-300x135.jpg 300w, https:\/\/idi.no\/wp-content\/uploads\/2025\/08\/Initiative-Hero-Together-1-1024x462.jpg 1024w, https:\/\/idi.no\/wp-content\/uploads\/2025\/08\/Initiative-Hero-Together-1-768x347.jpg 768w, https:\/\/idi.no\/wp-content\/uploads\/2025\/08\/Initiative-Hero-Together-1-1536x694.jpg 1536w, https:\/\/idi.no\/wp-content\/uploads\/2025\/08\/Initiative-Hero-Together-1-2048x925.jpg 2048w\" sizes=\"auto, (max-width: 2560px) 100vw, 2560px\" \/>\t\t\t\t\t\t\t<\/a>\n\t\t\t\t\t\t\t\t\t\t\t\t<div class=\"related-our-work-block__our-work-content\">\n\t\t\t\t\t\t\t\t\t\t\t\t\t\t\t<a href=\"https:\/\/idi.no\/fr\/our-work\/initiative\/ensemble-renforcer-les-isc-grace-a-une-gouvernance-des-ressources-humaines-efficace-inclusive-et-ethique\/\">\n\t\t\t\t\t\t\t\t\t<h4 class=\"related-our-work-block__our-work-title\">\n\t\t\t\t\t\t\t\t\t\t\tEnsemble : renforcer les ISC gr\u00e2ce \u00e0 une gouvernance des ressources humaines efficace, inclusive et \u00e9thique\t\t\t\t\t\t\t\t\t<\/h4>\n\t\t\t\t\t\t\t\t<\/a>\n\t\t\t\t\t\t\t\n\t\t\t\t\t\t\t\t\t\t\t\t\t\t<a href=\"https:\/\/idi.no\/fr\/our-work\/initiative\/ensemble-renforcer-les-isc-grace-a-une-gouvernance-des-ressources-humaines-efficace-inclusive-et-ethique\/\" class=\"related-our-work-block__our-work-link\">\n\t\t\t\t\t\t\t\t<span class=\"related-our-work-block__our-work-link-text\">Learn more<\/span>\n\t\t\t\t\t\t\t\t<span class=\"related-our-work-block__our-work-link-arrow\"><\/span>\n\t\t\t\t\t\t\t<\/a>\n\t\t\t\t\t\t<\/div>\n\n\t\t\t\t\t<\/div>\n\t\t\t\t\t\t\t\t\t<div class=\"related-our-work-block__our-work-item\">\n\n\t\t\t\t\t\t\t\t\t\t\t<a \thref=\"https:\/\/idi.no\/fr\/our-work\/initiative\/cadre-de-mesure-de-la-performance-des-institutions-superieures-de-controle-des-finances-publiques-sai-pmf\/\" \n\t\t\t\t\t\t\tclass=\"related-our-work-block__our-work-full-card-link\"\n\t\t\t\t\t\t\tdata-uw-ignore-s3\n\t\t\t\t\t\t><\/a>\n\t\t\t\t\t\t\t\t\t\t\t\t\t<a href=\"https:\/\/idi.no\/fr\/our-work\/initiative\/cadre-de-mesure-de-la-performance-des-institutions-superieures-de-controle-des-finances-publiques-sai-pmf\/\" class=\"related-our-work-block__our-work-image\">\n\t\t\t\t\t\t\t\t<div class=\"related-our-work-block__our-work-image-background\"><\/div>\n\t\t\t\t\t\t\t\t<img loading=\"lazy\" decoding=\"async\" width=\"2560\" height=\"1156\" src=\"https:\/\/idi.no\/wp-content\/uploads\/2025\/09\/Initiative-Hero-SAI-PMF.jpg\" class=\"attachment-full size-full wp-post-image\" alt=\"\" srcset=\"https:\/\/idi.no\/wp-content\/uploads\/2025\/09\/Initiative-Hero-SAI-PMF.jpg 2560w, https:\/\/idi.no\/wp-content\/uploads\/2025\/09\/Initiative-Hero-SAI-PMF-300x135.jpg 300w, https:\/\/idi.no\/wp-content\/uploads\/2025\/09\/Initiative-Hero-SAI-PMF-1024x462.jpg 1024w, https:\/\/idi.no\/wp-content\/uploads\/2025\/09\/Initiative-Hero-SAI-PMF-768x347.jpg 768w, https:\/\/idi.no\/wp-content\/uploads\/2025\/09\/Initiative-Hero-SAI-PMF-1536x694.jpg 1536w, https:\/\/idi.no\/wp-content\/uploads\/2025\/09\/Initiative-Hero-SAI-PMF-2048x925.jpg 2048w\" sizes=\"auto, (max-width: 2560px) 100vw, 2560px\" \/>\t\t\t\t\t\t\t<\/a>\n\t\t\t\t\t\t\t\t\t\t\t\t<div class=\"related-our-work-block__our-work-content\">\n\t\t\t\t\t\t\t\t\t\t\t\t\t\t\t<a href=\"https:\/\/idi.no\/fr\/our-work\/initiative\/cadre-de-mesure-de-la-performance-des-institutions-superieures-de-controle-des-finances-publiques-sai-pmf\/\">\n\t\t\t\t\t\t\t\t\t<h4 class=\"related-our-work-block__our-work-title\">\n\t\t\t\t\t\t\t\t\t\t\tCadre de mesure de la performance des institutions sup\u00e9rieures de contr\u00f4le des finances publiques (SAI PMF)\t\t\t\t\t\t\t\t\t<\/h4>\n\t\t\t\t\t\t\t\t<\/a>\n\t\t\t\t\t\t\t\n\t\t\t\t\t\t\t\t\t\t\t\t\t\t<a href=\"https:\/\/idi.no\/fr\/our-work\/initiative\/cadre-de-mesure-de-la-performance-des-institutions-superieures-de-controle-des-finances-publiques-sai-pmf\/\" class=\"related-our-work-block__our-work-link\">\n\t\t\t\t\t\t\t\t<span class=\"related-our-work-block__our-work-link-text\">Learn more<\/span>\n\t\t\t\t\t\t\t\t<span class=\"related-our-work-block__our-work-link-arrow\"><\/span>\n\t\t\t\t\t\t\t<\/a>\n\t\t\t\t\t\t<\/div>\n\n\t\t\t\t\t<\/div>\n\t\t\t\t\t\t\t\t\t<div class=\"related-our-work-block__our-work-item\">\n\n\t\t\t\t\t\t\t\t\t\t\t<a \thref=\"https:\/\/idi.no\/fr\/our-work\/initiative\/crisp-gestion-des-crises-et-des-risques-pour-la-performance-des-isc\/\" \n\t\t\t\t\t\t\tclass=\"related-our-work-block__our-work-full-card-link\"\n\t\t\t\t\t\t\tdata-uw-ignore-s3\n\t\t\t\t\t\t><\/a>\n\t\t\t\t\t\t\t\t\t\t\t\t\t<a href=\"https:\/\/idi.no\/fr\/our-work\/initiative\/crisp-gestion-des-crises-et-des-risques-pour-la-performance-des-isc\/\" class=\"related-our-work-block__our-work-image\">\n\t\t\t\t\t\t\t\t<div class=\"related-our-work-block__our-work-image-background\"><\/div>\n\t\t\t\t\t\t\t\t<img loading=\"lazy\" decoding=\"async\" width=\"2560\" height=\"1707\" src=\"https:\/\/idi.no\/wp-content\/uploads\/2025\/09\/quang-nguyen-vinh-WDXl342Miu8-unsplash-scaled.jpg\" class=\"attachment-full size-full wp-post-image\" alt=\"\" srcset=\"https:\/\/idi.no\/wp-content\/uploads\/2025\/09\/quang-nguyen-vinh-WDXl342Miu8-unsplash-scaled.jpg 2560w, https:\/\/idi.no\/wp-content\/uploads\/2025\/09\/quang-nguyen-vinh-WDXl342Miu8-unsplash-300x200.jpg 300w, https:\/\/idi.no\/wp-content\/uploads\/2025\/09\/quang-nguyen-vinh-WDXl342Miu8-unsplash-1024x683.jpg 1024w, https:\/\/idi.no\/wp-content\/uploads\/2025\/09\/quang-nguyen-vinh-WDXl342Miu8-unsplash-768x512.jpg 768w, https:\/\/idi.no\/wp-content\/uploads\/2025\/09\/quang-nguyen-vinh-WDXl342Miu8-unsplash-1536x1024.jpg 1536w, https:\/\/idi.no\/wp-content\/uploads\/2025\/09\/quang-nguyen-vinh-WDXl342Miu8-unsplash-2048x1365.jpg 2048w, https:\/\/idi.no\/wp-content\/uploads\/2025\/09\/quang-nguyen-vinh-WDXl342Miu8-unsplash-900x600.jpg 900w\" sizes=\"auto, (max-width: 2560px) 100vw, 2560px\" \/>\t\t\t\t\t\t\t<\/a>\n\t\t\t\t\t\t\t\t\t\t\t\t<div class=\"related-our-work-block__our-work-content\">\n\t\t\t\t\t\t\t\t\t\t\t\t\t\t\t<a href=\"https:\/\/idi.no\/fr\/our-work\/initiative\/crisp-gestion-des-crises-et-des-risques-pour-la-performance-des-isc\/\">\n\t\t\t\t\t\t\t\t\t<h4 class=\"related-our-work-block__our-work-title\">\n\t\t\t\t\t\t\t\t\t\t\tCRISP &#8211; gestion des crises et des risques pour la performance des ISC\t\t\t\t\t\t\t\t\t<\/h4>\n\t\t\t\t\t\t\t\t<\/a>\n\t\t\t\t\t\t\t\n\t\t\t\t\t\t\t\t\t\t\t\t\t\t<a href=\"https:\/\/idi.no\/fr\/our-work\/initiative\/crisp-gestion-des-crises-et-des-risques-pour-la-performance-des-isc\/\" class=\"related-our-work-block__our-work-link\">\n\t\t\t\t\t\t\t\t<span class=\"related-our-work-block__our-work-link-text\">Learn more<\/span>\n\t\t\t\t\t\t\t\t<span class=\"related-our-work-block__our-work-link-arrow\"><\/span>\n\t\t\t\t\t\t\t<\/a>\n\t\t\t\t\t\t<\/div>\n\n\t\t\t\t\t<\/div>\n\t\t\t\t\t\t\t\t\t<div class=\"related-our-work-block__our-work-item\">\n\n\t\t\t\t\t\t\t\t\t\t\t<a \thref=\"https:\/\/idi.no\/fr\/our-work\/initiative\/spmr-strategie-mesure-de-la-performance-et-reporting\/\" \n\t\t\t\t\t\t\tclass=\"related-our-work-block__our-work-full-card-link\"\n\t\t\t\t\t\t\tdata-uw-ignore-s3\n\t\t\t\t\t\t><\/a>\n\t\t\t\t\t\t\t\t\t\t\t\t\t<a href=\"https:\/\/idi.no\/fr\/our-work\/initiative\/spmr-strategie-mesure-de-la-performance-et-reporting\/\" class=\"related-our-work-block__our-work-image\">\n\t\t\t\t\t\t\t\t<div class=\"related-our-work-block__our-work-image-background\"><\/div>\n\t\t\t\t\t\t\t\t<img loading=\"lazy\" decoding=\"async\" width=\"2560\" height=\"1156\" src=\"https:\/\/idi.no\/wp-content\/uploads\/2025\/08\/BRIDGE-Photo-SPMR-Hero-x2-1.jpg\" class=\"attachment-full size-full wp-post-image\" alt=\"\" srcset=\"https:\/\/idi.no\/wp-content\/uploads\/2025\/08\/BRIDGE-Photo-SPMR-Hero-x2-1.jpg 2560w, https:\/\/idi.no\/wp-content\/uploads\/2025\/08\/BRIDGE-Photo-SPMR-Hero-x2-1-300x135.jpg 300w, https:\/\/idi.no\/wp-content\/uploads\/2025\/08\/BRIDGE-Photo-SPMR-Hero-x2-1-1024x462.jpg 1024w, https:\/\/idi.no\/wp-content\/uploads\/2025\/08\/BRIDGE-Photo-SPMR-Hero-x2-1-768x347.jpg 768w, https:\/\/idi.no\/wp-content\/uploads\/2025\/08\/BRIDGE-Photo-SPMR-Hero-x2-1-1536x694.jpg 1536w, https:\/\/idi.no\/wp-content\/uploads\/2025\/08\/BRIDGE-Photo-SPMR-Hero-x2-1-2048x925.jpg 2048w\" sizes=\"auto, (max-width: 2560px) 100vw, 2560px\" \/>\t\t\t\t\t\t\t<\/a>\n\t\t\t\t\t\t\t\t\t\t\t\t<div class=\"related-our-work-block__our-work-content\">\n\t\t\t\t\t\t\t\t\t\t\t\t\t\t\t<a href=\"https:\/\/idi.no\/fr\/our-work\/initiative\/spmr-strategie-mesure-de-la-performance-et-reporting\/\">\n\t\t\t\t\t\t\t\t\t<h4 class=\"related-our-work-block__our-work-title\">\n\t\t\t\t\t\t\t\t\t\t\tSPMR &#8211; strat\u00e9gie, mesure de la performance et reporting\t\t\t\t\t\t\t\t\t<\/h4>\n\t\t\t\t\t\t\t\t<\/a>\n\t\t\t\t\t\t\t\n\t\t\t\t\t\t\t\t\t\t\t\t\t\t<a href=\"https:\/\/idi.no\/fr\/our-work\/initiative\/spmr-strategie-mesure-de-la-performance-et-reporting\/\" class=\"related-our-work-block__our-work-link\">\n\t\t\t\t\t\t\t\t<span class=\"related-our-work-block__our-work-link-text\">Learn more<\/span>\n\t\t\t\t\t\t\t\t<span class=\"related-our-work-block__our-work-link-arrow\"><\/span>\n\t\t\t\t\t\t\t<\/a>\n\t\t\t\t\t\t<\/div>\n\n\t\t\t\t\t<\/div>\n\t\t\t\t\t\t\t<\/div>\n\t\t\t<\/div>\n<\/div>\n","protected":false},"excerpt":{"rendered":"","protected":false},"author":1,"featured_media":0,"parent":17999,"menu_order":0,"comment_status":"closed","ping_status":"closed","template":"","meta":{"footnotes":""},"class_list":["post-13592","page","type-page","status-publish","hentry"],"acf":[],"yoast_head":"<!-- This site is optimized with the Yoast SEO plugin v25.3 - https:\/\/yoast.com\/wordpress\/plugins\/seo\/ -->\n<title>Gouvernance - IDI<\/title>\n<meta name=\"robots\" content=\"index, follow, max-snippet:-1, max-image-preview:large, max-video-preview:-1\" \/>\n<link rel=\"canonical\" href=\"https:\/\/idi.no\/fr\/our-work\/%d9%85%d8%ac%d8%a7%d9%84%d8%a7%d8%aa-%d8%a7%d9%84%d8%aa%d8%b1%d9%83%d9%8a%d8%b2\/governance\/\" \/>\n<meta property=\"og:locale\" content=\"fr_FR\" \/>\n<meta property=\"og:type\" content=\"article\" \/>\n<meta property=\"og:title\" content=\"Gouvernance - IDI\" \/>\n<meta property=\"og:url\" content=\"https:\/\/idi.no\/fr\/our-work\/%d9%85%d8%ac%d8%a7%d9%84%d8%a7%d8%aa-%d8%a7%d9%84%d8%aa%d8%b1%d9%83%d9%8a%d8%b2\/governance\/\" \/>\n<meta property=\"og:site_name\" content=\"IDI\" \/>\n<meta property=\"article:modified_time\" content=\"2025-11-12T22:41:19+00:00\" \/>\n<meta name=\"twitter:card\" content=\"summary_large_image\" \/>\n<script type=\"application\/ld+json\" class=\"yoast-schema-graph\">{\"@context\":\"https:\/\/schema.org\",\"@graph\":[{\"@type\":\"WebPage\",\"@id\":\"https:\/\/idi.no\/fr\/our-work\/%d9%85%d8%ac%d8%a7%d9%84%d8%a7%d8%aa-%d8%a7%d9%84%d8%aa%d8%b1%d9%83%d9%8a%d8%b2\/governance\/\",\"url\":\"https:\/\/idi.no\/fr\/our-work\/%d9%85%d8%ac%d8%a7%d9%84%d8%a7%d8%aa-%d8%a7%d9%84%d8%aa%d8%b1%d9%83%d9%8a%d8%b2\/governance\/\",\"name\":\"Gouvernance - IDI\",\"isPartOf\":{\"@id\":\"https:\/\/idi.no\/fr\/#website\"},\"datePublished\":\"2025-06-10T19:30:57+00:00\",\"dateModified\":\"2025-11-12T22:41:19+00:00\",\"breadcrumb\":{\"@id\":\"https:\/\/idi.no\/fr\/our-work\/%d9%85%d8%ac%d8%a7%d9%84%d8%a7%d8%aa-%d8%a7%d9%84%d8%aa%d8%b1%d9%83%d9%8a%d8%b2\/governance\/#breadcrumb\"},\"inLanguage\":\"fr-FR\",\"potentialAction\":[{\"@type\":\"ReadAction\",\"target\":[\"https:\/\/idi.no\/fr\/our-work\/%d9%85%d8%ac%d8%a7%d9%84%d8%a7%d8%aa-%d8%a7%d9%84%d8%aa%d8%b1%d9%83%d9%8a%d8%b2\/governance\/\"]}]},{\"@type\":\"BreadcrumbList\",\"@id\":\"https:\/\/idi.no\/fr\/our-work\/%d9%85%d8%ac%d8%a7%d9%84%d8%a7%d8%aa-%d8%a7%d9%84%d8%aa%d8%b1%d9%83%d9%8a%d8%b2\/governance\/#breadcrumb\",\"itemListElement\":[{\"@type\":\"ListItem\",\"position\":1,\"name\":\"Home\",\"item\":\"https:\/\/idi.no\/fr\/\"},{\"@type\":\"ListItem\",\"position\":2,\"name\":\"Notre travail\",\"item\":\"https:\/\/idi.no\/fr\/our-work\/\"},{\"@type\":\"ListItem\",\"position\":3,\"name\":\"Domaines d&rsquo;intervention\",\"item\":\"https:\/\/idi.no\/fr\/our-work\/%d9%85%d8%ac%d8%a7%d9%84%d8%a7%d8%aa-%d8%a7%d9%84%d8%aa%d8%b1%d9%83%d9%8a%d8%b2\/\"},{\"@type\":\"ListItem\",\"position\":4,\"name\":\"Gouvernance\"}]},{\"@type\":\"WebSite\",\"@id\":\"https:\/\/idi.no\/fr\/#website\",\"url\":\"https:\/\/idi.no\/fr\/\",\"name\":\"IDI\",\"description\":\"\",\"potentialAction\":[{\"@type\":\"SearchAction\",\"target\":{\"@type\":\"EntryPoint\",\"urlTemplate\":\"https:\/\/idi.no\/fr\/?s={search_term_string}\"},\"query-input\":{\"@type\":\"PropertyValueSpecification\",\"valueRequired\":true,\"valueName\":\"search_term_string\"}}],\"inLanguage\":\"fr-FR\"}]}<\/script>\n<!-- \/ Yoast SEO plugin. -->","yoast_head_json":{"title":"Gouvernance - IDI","robots":{"index":"index","follow":"follow","max-snippet":"max-snippet:-1","max-image-preview":"max-image-preview:large","max-video-preview":"max-video-preview:-1"},"canonical":"https:\/\/idi.no\/fr\/our-work\/%d9%85%d8%ac%d8%a7%d9%84%d8%a7%d8%aa-%d8%a7%d9%84%d8%aa%d8%b1%d9%83%d9%8a%d8%b2\/governance\/","og_locale":"fr_FR","og_type":"article","og_title":"Gouvernance - IDI","og_url":"https:\/\/idi.no\/fr\/our-work\/%d9%85%d8%ac%d8%a7%d9%84%d8%a7%d8%aa-%d8%a7%d9%84%d8%aa%d8%b1%d9%83%d9%8a%d8%b2\/governance\/","og_site_name":"IDI","article_modified_time":"2025-11-12T22:41:19+00:00","twitter_card":"summary_large_image","schema":{"@context":"https:\/\/schema.org","@graph":[{"@type":"WebPage","@id":"https:\/\/idi.no\/fr\/our-work\/%d9%85%d8%ac%d8%a7%d9%84%d8%a7%d8%aa-%d8%a7%d9%84%d8%aa%d8%b1%d9%83%d9%8a%d8%b2\/governance\/","url":"https:\/\/idi.no\/fr\/our-work\/%d9%85%d8%ac%d8%a7%d9%84%d8%a7%d8%aa-%d8%a7%d9%84%d8%aa%d8%b1%d9%83%d9%8a%d8%b2\/governance\/","name":"Gouvernance - IDI","isPartOf":{"@id":"https:\/\/idi.no\/fr\/#website"},"datePublished":"2025-06-10T19:30:57+00:00","dateModified":"2025-11-12T22:41:19+00:00","breadcrumb":{"@id":"https:\/\/idi.no\/fr\/our-work\/%d9%85%d8%ac%d8%a7%d9%84%d8%a7%d8%aa-%d8%a7%d9%84%d8%aa%d8%b1%d9%83%d9%8a%d8%b2\/governance\/#breadcrumb"},"inLanguage":"fr-FR","potentialAction":[{"@type":"ReadAction","target":["https:\/\/idi.no\/fr\/our-work\/%d9%85%d8%ac%d8%a7%d9%84%d8%a7%d8%aa-%d8%a7%d9%84%d8%aa%d8%b1%d9%83%d9%8a%d8%b2\/governance\/"]}]},{"@type":"BreadcrumbList","@id":"https:\/\/idi.no\/fr\/our-work\/%d9%85%d8%ac%d8%a7%d9%84%d8%a7%d8%aa-%d8%a7%d9%84%d8%aa%d8%b1%d9%83%d9%8a%d8%b2\/governance\/#breadcrumb","itemListElement":[{"@type":"ListItem","position":1,"name":"Home","item":"https:\/\/idi.no\/fr\/"},{"@type":"ListItem","position":2,"name":"Notre travail","item":"https:\/\/idi.no\/fr\/our-work\/"},{"@type":"ListItem","position":3,"name":"Domaines d&rsquo;intervention","item":"https:\/\/idi.no\/fr\/our-work\/%d9%85%d8%ac%d8%a7%d9%84%d8%a7%d8%aa-%d8%a7%d9%84%d8%aa%d8%b1%d9%83%d9%8a%d8%b2\/"},{"@type":"ListItem","position":4,"name":"Gouvernance"}]},{"@type":"WebSite","@id":"https:\/\/idi.no\/fr\/#website","url":"https:\/\/idi.no\/fr\/","name":"IDI","description":"","potentialAction":[{"@type":"SearchAction","target":{"@type":"EntryPoint","urlTemplate":"https:\/\/idi.no\/fr\/?s={search_term_string}"},"query-input":{"@type":"PropertyValueSpecification","valueRequired":true,"valueName":"search_term_string"}}],"inLanguage":"fr-FR"}]}},"_links":{"self":[{"href":"https:\/\/idi.no\/fr\/wp-json\/wp\/v2\/pages\/13592","targetHints":{"allow":["GET"]}}],"collection":[{"href":"https:\/\/idi.no\/fr\/wp-json\/wp\/v2\/pages"}],"about":[{"href":"https:\/\/idi.no\/fr\/wp-json\/wp\/v2\/types\/page"}],"author":[{"embeddable":true,"href":"https:\/\/idi.no\/fr\/wp-json\/wp\/v2\/users\/1"}],"replies":[{"embeddable":true,"href":"https:\/\/idi.no\/fr\/wp-json\/wp\/v2\/comments?post=13592"}],"version-history":[{"count":7,"href":"https:\/\/idi.no\/fr\/wp-json\/wp\/v2\/pages\/13592\/revisions"}],"predecessor-version":[{"id":27848,"href":"https:\/\/idi.no\/fr\/wp-json\/wp\/v2\/pages\/13592\/revisions\/27848"}],"up":[{"embeddable":true,"href":"https:\/\/idi.no\/fr\/wp-json\/wp\/v2\/pages\/17999"}],"wp:attachment":[{"href":"https:\/\/idi.no\/fr\/wp-json\/wp\/v2\/media?parent=13592"}],"curies":[{"name":"wp","href":"https:\/\/api.w.org\/{rel}","templated":true}]}}