{"id":13598,"date":"2025-06-10T19:31:04","date_gmt":"2025-06-10T19:31:04","guid":{"rendered":"https:\/\/idi.no\/our-work\/independence\/"},"modified":"2025-11-12T22:41:21","modified_gmt":"2025-11-12T22:41:21","slug":"independence","status":"publish","type":"page","link":"https:\/\/idi.no\/fr\/our-work\/%d9%85%d8%ac%d8%a7%d9%84%d8%a7%d8%aa-%d8%a7%d9%84%d8%aa%d8%b1%d9%83%d9%8a%d8%b2\/independence\/","title":{"rendered":"Ind\u00e9pendance"},"content":{"rendered":"\n<div  class=\"hero-block \" >\n\t<div class=\"hero-block__container container\">\n\t\t<div class=\"hero-block__content\">\n\t\t\t\t\t\t\t<div class=\"hero-block__breadcrumbs breadcrumbs\">\n\t\t\t\t\t<span><span><a href=\"https:\/\/idi.no\/fr\/\">Home<\/a><\/span><\/span>\t\t\t\t<\/div>\n\t\t\t\t\t\t\t\t\t\t<h1 class=\"hero-block__title\">\n\t\t\t\t\tInd\u00e9pendance\t\t\t\t<\/h1>\n\t\t\t\t\t\t\t\t\t\n\t\t<\/div>\n\t\t\t<\/div>\n<\/div>\n\r\n<div  class=\"text-only-block text-only-block__white-background text-only-block__text-only\"> <!-- Removed undefined $style (before: echoed $style) -->\r\n    <div class=\"text-only-block__container container\">\r\n                    <div class=\"text-only-block__content\">\r\n                                                    <div class=\"text-only-block__subtitle lede\">L&#039;ind\u00e9pendance est une condition pr\u00e9alable pour qu&#039;une Institution sup\u00e9rieure de contr\u00f4le des finances publiques (ISC) puisse exercer son mandat de mani\u00e8re efficace. <\/div>\r\n                                                    <div class=\"text-only-block__description\"><p><span data-contrast=\"auto\">L&rsquo;ind\u00e9pendance est un \u00e9l\u00e9ment fondamental de toute institution qui cherche \u00e0 promouvoir la responsabilit\u00e9, y compris les Institutions sup\u00e9rieures de contr\u00f4le des finances publiques (ISC). Lorsqu&rsquo;elles sont libres de toute influence politique, les ISC peuvent promouvoir la bonne gouvernance, la transparence et la responsabilit\u00e9 dans la gestion des finances publiques. Ces institutions doivent pouvoir fonctionner de mani\u00e8re ind\u00e9pendante afin de mener un travail de qualit\u00e9 et avoir un impact significatif pour la soci\u00e9t\u00e9.   <\/span><span data-ccp-props=\"{}\"> <\/span><\/p>\n<p><span data-contrast=\"auto\">Nous disposons de donn\u00e9es qui racontent une histoire convaincante concernant les ISC : elles font face \u00e0 des d\u00e9fis en mati\u00e8re d&rsquo;ind\u00e9pendance financi\u00e8re, \u00e0 des restrictions dans la conduite de leurs audits et \u00e0 des menaces politiques envers leur direction. En utilisant ces connaissances \u00e0 l&rsquo;IDI, nous soutenons l&rsquo;ind\u00e9pendance des ISC \u00e0 travers des initiatives cibl\u00e9es qui visent \u00e0 renforcer leurs cadres juridiques, \u00e0 collaborer avec les Organisations de la soci\u00e9t\u00e9 civile (OSC), \u00e0 plaider pour leur ind\u00e9pendance et \u00e0 favoriser des partenariats strat\u00e9giques.  <\/span><span data-ccp-props=\"{}\"> <\/span><\/p>\n<\/div>\r\n                                \r\n                <!-- New: Wrap all buttons in __button-list for consistency with working block -->\r\n                <div class=\"text-only-block__button-list\">\r\n                    \r\n                                    <\/div>\r\n            <\/div>\r\n        \r\n        \r\n        \r\n            <\/div>\r\n<\/div>\n<div  class=\"related-our-work-block  block-style_light block_background_bleu \" >\t\n<!-- <div class=\"circle__decoration\">\n    <img decoding=\"async\" src=\"https:\/\/idi.no\/wp-content\/themes\/idi\/assets\/images\/circle_decoration.png\" alt=\"circle decoration\">\n<\/div>       -->\n<div class=\"related-our-work-block__container container\">\n\t\t\t\t\t<h2 class=\"related-our-work-block__title\">\n\t\t\t\tInitiatives\t\t<\/h2>\n\t\t\n\t\t\t\t\t<div class=\"related-our-work-block__our-works\">\n\t\t\t\t\t\t\t\t\t<div class=\"related-our-work-block__our-work-item\">\n\n\t\t\t\t\t\t\t\t\t\t\t<a \thref=\"https:\/\/idi.no\/fr\/our-work\/initiative\/leg-sai-sauvegarde-des-cadres-juridiques-des-isc\/\" \n\t\t\t\t\t\t\tclass=\"related-our-work-block__our-work-full-card-link\"\n\t\t\t\t\t\t\tdata-uw-ignore-s3\n\t\t\t\t\t\t><\/a>\n\t\t\t\t\t\t\t\t\t\t\t\t\t<a href=\"https:\/\/idi.no\/fr\/our-work\/initiative\/leg-sai-sauvegarde-des-cadres-juridiques-des-isc\/\" class=\"related-our-work-block__our-work-image\">\n\t\t\t\t\t\t\t\t<div class=\"related-our-work-block__our-work-image-background\"><\/div>\n\t\t\t\t\t\t\t\t<img loading=\"lazy\" decoding=\"async\" width=\"2560\" height=\"1156\" src=\"https:\/\/idi.no\/wp-content\/uploads\/2025\/10\/Initiative-Hero-LEG-SAI.jpg\" class=\"attachment-full size-full wp-post-image\" alt=\"\" srcset=\"https:\/\/idi.no\/wp-content\/uploads\/2025\/10\/Initiative-Hero-LEG-SAI.jpg 2560w, https:\/\/idi.no\/wp-content\/uploads\/2025\/10\/Initiative-Hero-LEG-SAI-300x135.jpg 300w, https:\/\/idi.no\/wp-content\/uploads\/2025\/10\/Initiative-Hero-LEG-SAI-1024x462.jpg 1024w, https:\/\/idi.no\/wp-content\/uploads\/2025\/10\/Initiative-Hero-LEG-SAI-768x347.jpg 768w, https:\/\/idi.no\/wp-content\/uploads\/2025\/10\/Initiative-Hero-LEG-SAI-1536x694.jpg 1536w, https:\/\/idi.no\/wp-content\/uploads\/2025\/10\/Initiative-Hero-LEG-SAI-2048x925.jpg 2048w\" sizes=\"auto, (max-width: 2560px) 100vw, 2560px\" \/>\t\t\t\t\t\t\t<\/a>\n\t\t\t\t\t\t\t\t\t\t\t\t<div class=\"related-our-work-block__our-work-content\">\n\t\t\t\t\t\t\t\t\t\t\t\t\t\t\t<a href=\"https:\/\/idi.no\/fr\/our-work\/initiative\/leg-sai-sauvegarde-des-cadres-juridiques-des-isc\/\">\n\t\t\t\t\t\t\t\t\t<h4 class=\"related-our-work-block__our-work-title\">\n\t\t\t\t\t\t\t\t\t\t\tLEG SAI &#8211; sauvegarde des cadres juridiques des ISC\t\t\t\t\t\t\t\t\t<\/h4>\n\t\t\t\t\t\t\t\t<\/a>\n\t\t\t\t\t\t\t\n\t\t\t\t\t\t\t\t\t\t\t\t\t\t<a href=\"https:\/\/idi.no\/fr\/our-work\/initiative\/leg-sai-sauvegarde-des-cadres-juridiques-des-isc\/\" class=\"related-our-work-block__our-work-link\">\n\t\t\t\t\t\t\t\t<span class=\"related-our-work-block__our-work-link-text\">Learn more<\/span>\n\t\t\t\t\t\t\t\t<span class=\"related-our-work-block__our-work-link-arrow\"><\/span>\n\t\t\t\t\t\t\t<\/a>\n\t\t\t\t\t\t<\/div>\n\n\t\t\t\t\t<\/div>\n\t\t\t\t\t\t\t\t\t<div class=\"related-our-work-block__our-work-item\">\n\n\t\t\t\t\t\t\t\t\t\t\t<a \thref=\"https:\/\/idi.no\/fr\/our-work\/initiative\/projet-mondial-sur-lindependance-des-isc\/\" \n\t\t\t\t\t\t\tclass=\"related-our-work-block__our-work-full-card-link\"\n\t\t\t\t\t\t\tdata-uw-ignore-s3\n\t\t\t\t\t\t><\/a>\n\t\t\t\t\t\t\t\t\t\t\t\t\t<a href=\"https:\/\/idi.no\/fr\/our-work\/initiative\/projet-mondial-sur-lindependance-des-isc\/\" class=\"related-our-work-block__our-work-image\">\n\t\t\t\t\t\t\t\t<div class=\"related-our-work-block__our-work-image-background\"><\/div>\n\t\t\t\t\t\t\t\t<img loading=\"lazy\" decoding=\"async\" width=\"2560\" height=\"1019\" src=\"https:\/\/idi.no\/wp-content\/uploads\/2025\/10\/AdobeStock_1129149814-scaled.jpeg\" class=\"attachment-full size-full wp-post-image\" alt=\"\" srcset=\"https:\/\/idi.no\/wp-content\/uploads\/2025\/10\/AdobeStock_1129149814-scaled.jpeg 2560w, https:\/\/idi.no\/wp-content\/uploads\/2025\/10\/AdobeStock_1129149814-300x119.jpeg 300w, https:\/\/idi.no\/wp-content\/uploads\/2025\/10\/AdobeStock_1129149814-1024x408.jpeg 1024w, https:\/\/idi.no\/wp-content\/uploads\/2025\/10\/AdobeStock_1129149814-768x306.jpeg 768w, https:\/\/idi.no\/wp-content\/uploads\/2025\/10\/AdobeStock_1129149814-1536x612.jpeg 1536w, https:\/\/idi.no\/wp-content\/uploads\/2025\/10\/AdobeStock_1129149814-2048x815.jpeg 2048w\" sizes=\"auto, (max-width: 2560px) 100vw, 2560px\" \/>\t\t\t\t\t\t\t<\/a>\n\t\t\t\t\t\t\t\t\t\t\t\t<div class=\"related-our-work-block__our-work-content\">\n\t\t\t\t\t\t\t\t\t\t\t\t\t\t\t<a href=\"https:\/\/idi.no\/fr\/our-work\/initiative\/projet-mondial-sur-lindependance-des-isc\/\">\n\t\t\t\t\t\t\t\t\t<h4 class=\"related-our-work-block__our-work-title\">\n\t\t\t\t\t\t\t\t\t\t\tProjet mondial sur l&rsquo;ind\u00e9pendance des ISC\t\t\t\t\t\t\t\t\t<\/h4>\n\t\t\t\t\t\t\t\t<\/a>\n\t\t\t\t\t\t\t\n\t\t\t\t\t\t\t\t\t\t\t\t\t\t<a href=\"https:\/\/idi.no\/fr\/our-work\/initiative\/projet-mondial-sur-lindependance-des-isc\/\" class=\"related-our-work-block__our-work-link\">\n\t\t\t\t\t\t\t\t<span class=\"related-our-work-block__our-work-link-text\">Learn more<\/span>\n\t\t\t\t\t\t\t\t<span class=\"related-our-work-block__our-work-link-arrow\"><\/span>\n\t\t\t\t\t\t\t<\/a>\n\t\t\t\t\t\t<\/div>\n\n\t\t\t\t\t<\/div>\n\t\t\t\t\t\t\t\t\t<div class=\"related-our-work-block__our-work-item\">\n\n\t\t\t\t\t\t\t\t\t\t\t<a \thref=\"https:\/\/idi.no\/fr\/our-work\/initiative\/cadre-gfp-renforcer-la-collaboration-laction-et-le-dialogue-avec-les-institutions-superieures-de-controle-et-les-organisations-de-la-societe-civile\/\" \n\t\t\t\t\t\t\tclass=\"related-our-work-block__our-work-full-card-link\"\n\t\t\t\t\t\t\tdata-uw-ignore-s3\n\t\t\t\t\t\t><\/a>\n\t\t\t\t\t\t\t\t\t\t\t\t\t<a href=\"https:\/\/idi.no\/fr\/our-work\/initiative\/cadre-gfp-renforcer-la-collaboration-laction-et-le-dialogue-avec-les-institutions-superieures-de-controle-et-les-organisations-de-la-societe-civile\/\" class=\"related-our-work-block__our-work-image\">\n\t\t\t\t\t\t\t\t<div class=\"related-our-work-block__our-work-image-background\"><\/div>\n\t\t\t\t\t\t\t\t<img loading=\"lazy\" decoding=\"async\" width=\"2560\" height=\"1156\" src=\"https:\/\/idi.no\/wp-content\/uploads\/2025\/09\/Initiative-Hero-CADRE.jpg\" class=\"attachment-full size-full wp-post-image\" alt=\"\" srcset=\"https:\/\/idi.no\/wp-content\/uploads\/2025\/09\/Initiative-Hero-CADRE.jpg 2560w, https:\/\/idi.no\/wp-content\/uploads\/2025\/09\/Initiative-Hero-CADRE-300x135.jpg 300w, https:\/\/idi.no\/wp-content\/uploads\/2025\/09\/Initiative-Hero-CADRE-1024x462.jpg 1024w, https:\/\/idi.no\/wp-content\/uploads\/2025\/09\/Initiative-Hero-CADRE-768x347.jpg 768w, https:\/\/idi.no\/wp-content\/uploads\/2025\/09\/Initiative-Hero-CADRE-1536x694.jpg 1536w, https:\/\/idi.no\/wp-content\/uploads\/2025\/09\/Initiative-Hero-CADRE-2048x925.jpg 2048w\" sizes=\"auto, (max-width: 2560px) 100vw, 2560px\" \/>\t\t\t\t\t\t\t<\/a>\n\t\t\t\t\t\t\t\t\t\t\t\t<div class=\"related-our-work-block__our-work-content\">\n\t\t\t\t\t\t\t\t\t\t\t\t\t\t\t<a href=\"https:\/\/idi.no\/fr\/our-work\/initiative\/cadre-gfp-renforcer-la-collaboration-laction-et-le-dialogue-avec-les-institutions-superieures-de-controle-et-les-organisations-de-la-societe-civile\/\">\n\t\t\t\t\t\t\t\t\t<h4 class=\"related-our-work-block__our-work-title\">\n\t\t\t\t\t\t\t\t\t\t\tCADRE GFP &#8211; Renforcer la collaboration, l&rsquo;action et le dialogue avec les Institutions sup\u00e9rieures de contr\u00f4le et les organisations de la soci\u00e9t\u00e9 civile\t\t\t\t\t\t\t\t\t<\/h4>\n\t\t\t\t\t\t\t\t<\/a>\n\t\t\t\t\t\t\t\n\t\t\t\t\t\t\t\t\t\t\t\t\t\t<a href=\"https:\/\/idi.no\/fr\/our-work\/initiative\/cadre-gfp-renforcer-la-collaboration-laction-et-le-dialogue-avec-les-institutions-superieures-de-controle-et-les-organisations-de-la-societe-civile\/\" class=\"related-our-work-block__our-work-link\">\n\t\t\t\t\t\t\t\t<span class=\"related-our-work-block__our-work-link-text\">Learn more<\/span>\n\t\t\t\t\t\t\t\t<span class=\"related-our-work-block__our-work-link-arrow\"><\/span>\n\t\t\t\t\t\t\t<\/a>\n\t\t\t\t\t\t<\/div>\n\n\t\t\t\t\t<\/div>\n\t\t\t\t\t\t\t\t\t<div class=\"related-our-work-block__our-work-item\">\n\n\t\t\t\t\t\t\t\t\t\t\t<a \thref=\"https:\/\/idi.no\/fr\/our-work\/initiative\/siram-mecanisme-de-plaidoyer-rapide-pour-lindependance-des-isc\/\" \n\t\t\t\t\t\t\tclass=\"related-our-work-block__our-work-full-card-link\"\n\t\t\t\t\t\t\tdata-uw-ignore-s3\n\t\t\t\t\t\t><\/a>\n\t\t\t\t\t\t\t\t\t\t\t\t\t<a href=\"https:\/\/idi.no\/fr\/our-work\/initiative\/siram-mecanisme-de-plaidoyer-rapide-pour-lindependance-des-isc\/\" class=\"related-our-work-block__our-work-image\">\n\t\t\t\t\t\t\t\t<div class=\"related-our-work-block__our-work-image-background\"><\/div>\n\t\t\t\t\t\t\t\t<img loading=\"lazy\" decoding=\"async\" width=\"2560\" height=\"1156\" src=\"https:\/\/idi.no\/wp-content\/uploads\/2025\/08\/SIRAM-HERO.jpg\" class=\"attachment-full size-full wp-post-image\" alt=\"\" srcset=\"https:\/\/idi.no\/wp-content\/uploads\/2025\/08\/SIRAM-HERO.jpg 2560w, https:\/\/idi.no\/wp-content\/uploads\/2025\/08\/SIRAM-HERO-300x135.jpg 300w, https:\/\/idi.no\/wp-content\/uploads\/2025\/08\/SIRAM-HERO-1024x462.jpg 1024w, https:\/\/idi.no\/wp-content\/uploads\/2025\/08\/SIRAM-HERO-768x347.jpg 768w, https:\/\/idi.no\/wp-content\/uploads\/2025\/08\/SIRAM-HERO-1536x694.jpg 1536w, https:\/\/idi.no\/wp-content\/uploads\/2025\/08\/SIRAM-HERO-2048x925.jpg 2048w\" sizes=\"auto, (max-width: 2560px) 100vw, 2560px\" \/>\t\t\t\t\t\t\t<\/a>\n\t\t\t\t\t\t\t\t\t\t\t\t<div class=\"related-our-work-block__our-work-content\">\n\t\t\t\t\t\t\t\t\t\t\t\t\t\t\t<a href=\"https:\/\/idi.no\/fr\/our-work\/initiative\/siram-mecanisme-de-plaidoyer-rapide-pour-lindependance-des-isc\/\">\n\t\t\t\t\t\t\t\t\t<h4 class=\"related-our-work-block__our-work-title\">\n\t\t\t\t\t\t\t\t\t\t\tSIRAM &#8211; M\u00e9canisme de plaidoyer rapide pour l&rsquo;ind\u00e9pendance des ISC\t\t\t\t\t\t\t\t\t<\/h4>\n\t\t\t\t\t\t\t\t<\/a>\n\t\t\t\t\t\t\t\n\t\t\t\t\t\t\t\t\t\t\t\t\t\t<a href=\"https:\/\/idi.no\/fr\/our-work\/initiative\/siram-mecanisme-de-plaidoyer-rapide-pour-lindependance-des-isc\/\" class=\"related-our-work-block__our-work-link\">\n\t\t\t\t\t\t\t\t<span class=\"related-our-work-block__our-work-link-text\">Learn more<\/span>\n\t\t\t\t\t\t\t\t<span class=\"related-our-work-block__our-work-link-arrow\"><\/span>\n\t\t\t\t\t\t\t<\/a>\n\t\t\t\t\t\t<\/div>\n\n\t\t\t\t\t<\/div>\n\t\t\t\t\t\t\t<\/div>\n\t\t\t<\/div>\n<\/div>\n\n<div  class=\"videos-block \" >\n\t<div class=\"videos-block__container container\">\n\t\t\t\t\t<h2 class=\"videos-block__title\">\n\t\t\t\tPour en savoir plus sur l&#039;ind\u00e9pendance des ISC, veuillez regarder notre vid\u00e9o :\t\t\t<\/h2>\n\t\t\t\t<div class=\"videos-block__videos\">\n\n\t\t\t\t\t\t\t\t\t\t\t\t<div class=\"videos-block__video-container\">\n\t\t\t\t\t\t<div class=\"videos-block__media\">\n\t\t\t\t\t\t\t\t\t\t\t\t\t\t\t\t\t\t\t\t\t<div class=\"videos-block__poster\">\n\t\t\t\t\t\t\t\t\t<img decoding=\"async\" src=\"https:\/\/idi.no\/wp-content\/uploads\/2025\/08\/maxresdefault.jpg\" alt=\"video preview image\">\n\t\t\t\t\t\t\t\t\t<div class=\"videos-block__video-background\"><\/div>\n\t\t\t\t\t\t\t\t\t<div class=\"videos-block__poster-play-wrapper\">\n\t\t\t\t\t\t\t\t\t\t<button class=\"videos-block__poster-play\" aria-label=\"Play video\">\n\t\t\t\t\t\t\t\t\t\t\t<img decoding=\"async\" src=\"https:\/\/idi.no\/wp-content\/themes\/idi\/assets\/images\/icons\/play-icon.svg\" alt=\"Play video\">\n\t\t\t\t\t\t\t\t\t\t<\/button>\n\t\t\t\t\t\t\t\t\t<\/div>\n\t\t\t\t\t\t\t\t<\/div>\n\t\t\t\t\t\t\t\t\t\t\t\t\t\t\t\t\t\t\t\t\t\t<div class=\"videos-block__iframe-wrapper\" style=\"display: none;\">\n\t\t\t\t\t\t\t\t\t<iframe loading=\"lazy\" width=\"640\" height=\"360\" src=\"https:\/\/www.youtube.com\/embed\/2BsY1sXb3X4?feature=oembed&amp;controls=1&amp;hd=1&amp;autohide=1\" frameborder=\"0\" allowfullscreen><\/iframe>\t\t\t\t\t\t\t\t<\/div>\n\t\t\t\t\t\t\t\t\t\t\t\t\t\t\t\t\t\t\t<\/div>\n\t\t\t\t\t\t\t\t\t\t\t\t\t<h6 class=\"videos-block__title\">\n\t\t\t\t\t\t\t\tAnglais\t\t\t\t\t\t\t<\/h6>\n\t\t\t\t\t\t\t\t\t\t\t<\/div>\n\t\t\t\t\t\t\t\t\t<div class=\"videos-block__video-container\">\n\t\t\t\t\t\t<div class=\"videos-block__media\">\n\t\t\t\t\t\t\t\t\t\t\t\t\t\t\t\t\t\t\t\t\t<div class=\"videos-block__poster\">\n\t\t\t\t\t\t\t\t\t<img decoding=\"async\" src=\"https:\/\/idi.no\/wp-content\/uploads\/2025\/08\/maxresdefault.jpg\" alt=\"video preview image\">\n\t\t\t\t\t\t\t\t\t<div class=\"videos-block__video-background\"><\/div>\n\t\t\t\t\t\t\t\t\t<div class=\"videos-block__poster-play-wrapper\">\n\t\t\t\t\t\t\t\t\t\t<button class=\"videos-block__poster-play\" aria-label=\"Play video\">\n\t\t\t\t\t\t\t\t\t\t\t<img decoding=\"async\" src=\"https:\/\/idi.no\/wp-content\/themes\/idi\/assets\/images\/icons\/play-icon.svg\" alt=\"Play video\">\n\t\t\t\t\t\t\t\t\t\t<\/button>\n\t\t\t\t\t\t\t\t\t<\/div>\n\t\t\t\t\t\t\t\t<\/div>\n\t\t\t\t\t\t\t\t\t\t\t\t\t\t\t\t\t\t\t\t\t\t<div class=\"videos-block__iframe-wrapper\" style=\"display: none;\">\n\t\t\t\t\t\t\t\t\t<iframe loading=\"lazy\" width=\"640\" height=\"360\" src=\"https:\/\/www.youtube.com\/embed\/TV7iPFJaNEo?feature=oembed&amp;controls=1&amp;hd=1&amp;autohide=1\" frameborder=\"0\" allowfullscreen><\/iframe>\t\t\t\t\t\t\t\t<\/div>\n\t\t\t\t\t\t\t\t\t\t\t\t\t\t\t\t\t\t\t<\/div>\n\t\t\t\t\t\t\t\t\t\t\t\t\t<h6 class=\"videos-block__title\">\n\t\t\t\t\t\t\t\tFran\u00e7ais\t\t\t\t\t\t\t<\/h6>\n\t\t\t\t\t\t\t\t\t\t\t<\/div>\n\t\t\t\t\t\t\t\t\t<div class=\"videos-block__video-container\">\n\t\t\t\t\t\t<div class=\"videos-block__media\">\n\t\t\t\t\t\t\t\t\t\t\t\t\t\t\t\t\t\t\t\t\t<div class=\"videos-block__poster\">\n\t\t\t\t\t\t\t\t\t<img decoding=\"async\" src=\"https:\/\/idi.no\/wp-content\/uploads\/2025\/08\/maxresdefault.jpg\" alt=\"video preview image\">\n\t\t\t\t\t\t\t\t\t<div class=\"videos-block__video-background\"><\/div>\n\t\t\t\t\t\t\t\t\t<div class=\"videos-block__poster-play-wrapper\">\n\t\t\t\t\t\t\t\t\t\t<button class=\"videos-block__poster-play\" aria-label=\"Play video\">\n\t\t\t\t\t\t\t\t\t\t\t<img decoding=\"async\" src=\"https:\/\/idi.no\/wp-content\/themes\/idi\/assets\/images\/icons\/play-icon.svg\" alt=\"Play video\">\n\t\t\t\t\t\t\t\t\t\t<\/button>\n\t\t\t\t\t\t\t\t\t<\/div>\n\t\t\t\t\t\t\t\t<\/div>\n\t\t\t\t\t\t\t\t\t\t\t\t\t\t\t\t\t\t\t\t\t\t<div class=\"videos-block__iframe-wrapper\" style=\"display: none;\">\n\t\t\t\t\t\t\t\t\t<iframe loading=\"lazy\" width=\"640\" height=\"360\" src=\"https:\/\/www.youtube.com\/embed\/7bliToRfgPQ?feature=oembed&amp;controls=1&amp;hd=1&amp;autohide=1\" frameborder=\"0\" allowfullscreen><\/iframe>\t\t\t\t\t\t\t\t<\/div>\n\t\t\t\t\t\t\t\t\t\t\t\t\t\t\t\t\t\t\t<\/div>\n\t\t\t\t\t\t\t\t\t\t\t\t\t<h6 class=\"videos-block__title\">\n\t\t\t\t\t\t\t\tEspagnol\t\t\t\t\t\t\t<\/h6>\n\t\t\t\t\t\t\t\t\t\t\t<\/div>\n\t\t\t\t\t\t\t\t\t<div class=\"videos-block__video-container\">\n\t\t\t\t\t\t<div class=\"videos-block__media\">\n\t\t\t\t\t\t\t\t\t\t\t\t\t\t\t\t\t\t\t\t\t<div class=\"videos-block__poster\">\n\t\t\t\t\t\t\t\t\t<img decoding=\"async\" src=\"https:\/\/idi.no\/wp-content\/uploads\/2025\/08\/maxresdefault.jpg\" alt=\"video preview image\">\n\t\t\t\t\t\t\t\t\t<div class=\"videos-block__video-background\"><\/div>\n\t\t\t\t\t\t\t\t\t<div class=\"videos-block__poster-play-wrapper\">\n\t\t\t\t\t\t\t\t\t\t<button class=\"videos-block__poster-play\" aria-label=\"Play video\">\n\t\t\t\t\t\t\t\t\t\t\t<img decoding=\"async\" src=\"https:\/\/idi.no\/wp-content\/themes\/idi\/assets\/images\/icons\/play-icon.svg\" alt=\"Play video\">\n\t\t\t\t\t\t\t\t\t\t<\/button>\n\t\t\t\t\t\t\t\t\t<\/div>\n\t\t\t\t\t\t\t\t<\/div>\n\t\t\t\t\t\t\t\t\t\t\t\t\t\t\t\t\t\t\t\t\t\t<div class=\"videos-block__iframe-wrapper\" style=\"display: none;\">\n\t\t\t\t\t\t\t\t\t<iframe loading=\"lazy\" width=\"640\" height=\"360\" src=\"https:\/\/www.youtube.com\/embed\/cE1FbnYk3G4?feature=oembed&amp;controls=1&amp;hd=1&amp;autohide=1\" frameborder=\"0\" allowfullscreen><\/iframe>\t\t\t\t\t\t\t\t<\/div>\n\t\t\t\t\t\t\t\t\t\t\t\t\t\t\t\t\t\t\t<\/div>\n\t\t\t\t\t\t\t\t\t\t\t\t\t<h6 class=\"videos-block__title\">\n\t\t\t\t\t\t\t\tArabe\t\t\t\t\t\t\t<\/h6>\n\t\t\t\t\t\t\t\t\t\t\t<\/div>\n\t\t\t\t\t\t\t\t\t<\/div>\n\t<\/div>\n<\/div>\n","protected":false},"excerpt":{"rendered":"","protected":false},"author":1,"featured_media":0,"parent":17999,"menu_order":0,"comment_status":"closed","ping_status":"closed","template":"","meta":{"footnotes":""},"class_list":["post-13598","page","type-page","status-publish","hentry"],"acf":[],"yoast_head":"<!-- This site is optimized with the Yoast SEO plugin v25.3 - https:\/\/yoast.com\/wordpress\/plugins\/seo\/ -->\n<title>Ind\u00e9pendance - IDI<\/title>\n<meta name=\"robots\" content=\"index, follow, max-snippet:-1, max-image-preview:large, max-video-preview:-1\" \/>\n<link rel=\"canonical\" href=\"https:\/\/idi.no\/fr\/our-work\/%d9%85%d8%ac%d8%a7%d9%84%d8%a7%d8%aa-%d8%a7%d9%84%d8%aa%d8%b1%d9%83%d9%8a%d8%b2\/independence\/\" \/>\n<meta property=\"og:locale\" content=\"fr_FR\" \/>\n<meta property=\"og:type\" content=\"article\" \/>\n<meta property=\"og:title\" content=\"Ind\u00e9pendance - IDI\" \/>\n<meta property=\"og:url\" content=\"https:\/\/idi.no\/fr\/our-work\/%d9%85%d8%ac%d8%a7%d9%84%d8%a7%d8%aa-%d8%a7%d9%84%d8%aa%d8%b1%d9%83%d9%8a%d8%b2\/independence\/\" \/>\n<meta property=\"og:site_name\" content=\"IDI\" \/>\n<meta property=\"article:modified_time\" content=\"2025-11-12T22:41:21+00:00\" \/>\n<meta name=\"twitter:card\" content=\"summary_large_image\" \/>\n<script type=\"application\/ld+json\" class=\"yoast-schema-graph\">{\"@context\":\"https:\/\/schema.org\",\"@graph\":[{\"@type\":\"WebPage\",\"@id\":\"https:\/\/idi.no\/fr\/our-work\/%d9%85%d8%ac%d8%a7%d9%84%d8%a7%d8%aa-%d8%a7%d9%84%d8%aa%d8%b1%d9%83%d9%8a%d8%b2\/independence\/\",\"url\":\"https:\/\/idi.no\/fr\/our-work\/%d9%85%d8%ac%d8%a7%d9%84%d8%a7%d8%aa-%d8%a7%d9%84%d8%aa%d8%b1%d9%83%d9%8a%d8%b2\/independence\/\",\"name\":\"Ind\u00e9pendance - IDI\",\"isPartOf\":{\"@id\":\"https:\/\/idi.no\/fr\/#website\"},\"datePublished\":\"2025-06-10T19:31:04+00:00\",\"dateModified\":\"2025-11-12T22:41:21+00:00\",\"breadcrumb\":{\"@id\":\"https:\/\/idi.no\/fr\/our-work\/%d9%85%d8%ac%d8%a7%d9%84%d8%a7%d8%aa-%d8%a7%d9%84%d8%aa%d8%b1%d9%83%d9%8a%d8%b2\/independence\/#breadcrumb\"},\"inLanguage\":\"fr-FR\",\"potentialAction\":[{\"@type\":\"ReadAction\",\"target\":[\"https:\/\/idi.no\/fr\/our-work\/%d9%85%d8%ac%d8%a7%d9%84%d8%a7%d8%aa-%d8%a7%d9%84%d8%aa%d8%b1%d9%83%d9%8a%d8%b2\/independence\/\"]}]},{\"@type\":\"BreadcrumbList\",\"@id\":\"https:\/\/idi.no\/fr\/our-work\/%d9%85%d8%ac%d8%a7%d9%84%d8%a7%d8%aa-%d8%a7%d9%84%d8%aa%d8%b1%d9%83%d9%8a%d8%b2\/independence\/#breadcrumb\",\"itemListElement\":[{\"@type\":\"ListItem\",\"position\":1,\"name\":\"Home\",\"item\":\"https:\/\/idi.no\/fr\/\"},{\"@type\":\"ListItem\",\"position\":2,\"name\":\"Notre travail\",\"item\":\"https:\/\/idi.no\/fr\/our-work\/\"},{\"@type\":\"ListItem\",\"position\":3,\"name\":\"Domaines d&rsquo;intervention\",\"item\":\"https:\/\/idi.no\/fr\/our-work\/%d9%85%d8%ac%d8%a7%d9%84%d8%a7%d8%aa-%d8%a7%d9%84%d8%aa%d8%b1%d9%83%d9%8a%d8%b2\/\"},{\"@type\":\"ListItem\",\"position\":4,\"name\":\"Ind\u00e9pendance\"}]},{\"@type\":\"WebSite\",\"@id\":\"https:\/\/idi.no\/fr\/#website\",\"url\":\"https:\/\/idi.no\/fr\/\",\"name\":\"IDI\",\"description\":\"\",\"potentialAction\":[{\"@type\":\"SearchAction\",\"target\":{\"@type\":\"EntryPoint\",\"urlTemplate\":\"https:\/\/idi.no\/fr\/?s={search_term_string}\"},\"query-input\":{\"@type\":\"PropertyValueSpecification\",\"valueRequired\":true,\"valueName\":\"search_term_string\"}}],\"inLanguage\":\"fr-FR\"}]}<\/script>\n<!-- \/ Yoast SEO plugin. -->","yoast_head_json":{"title":"Ind\u00e9pendance - IDI","robots":{"index":"index","follow":"follow","max-snippet":"max-snippet:-1","max-image-preview":"max-image-preview:large","max-video-preview":"max-video-preview:-1"},"canonical":"https:\/\/idi.no\/fr\/our-work\/%d9%85%d8%ac%d8%a7%d9%84%d8%a7%d8%aa-%d8%a7%d9%84%d8%aa%d8%b1%d9%83%d9%8a%d8%b2\/independence\/","og_locale":"fr_FR","og_type":"article","og_title":"Ind\u00e9pendance - IDI","og_url":"https:\/\/idi.no\/fr\/our-work\/%d9%85%d8%ac%d8%a7%d9%84%d8%a7%d8%aa-%d8%a7%d9%84%d8%aa%d8%b1%d9%83%d9%8a%d8%b2\/independence\/","og_site_name":"IDI","article_modified_time":"2025-11-12T22:41:21+00:00","twitter_card":"summary_large_image","schema":{"@context":"https:\/\/schema.org","@graph":[{"@type":"WebPage","@id":"https:\/\/idi.no\/fr\/our-work\/%d9%85%d8%ac%d8%a7%d9%84%d8%a7%d8%aa-%d8%a7%d9%84%d8%aa%d8%b1%d9%83%d9%8a%d8%b2\/independence\/","url":"https:\/\/idi.no\/fr\/our-work\/%d9%85%d8%ac%d8%a7%d9%84%d8%a7%d8%aa-%d8%a7%d9%84%d8%aa%d8%b1%d9%83%d9%8a%d8%b2\/independence\/","name":"Ind\u00e9pendance - IDI","isPartOf":{"@id":"https:\/\/idi.no\/fr\/#website"},"datePublished":"2025-06-10T19:31:04+00:00","dateModified":"2025-11-12T22:41:21+00:00","breadcrumb":{"@id":"https:\/\/idi.no\/fr\/our-work\/%d9%85%d8%ac%d8%a7%d9%84%d8%a7%d8%aa-%d8%a7%d9%84%d8%aa%d8%b1%d9%83%d9%8a%d8%b2\/independence\/#breadcrumb"},"inLanguage":"fr-FR","potentialAction":[{"@type":"ReadAction","target":["https:\/\/idi.no\/fr\/our-work\/%d9%85%d8%ac%d8%a7%d9%84%d8%a7%d8%aa-%d8%a7%d9%84%d8%aa%d8%b1%d9%83%d9%8a%d8%b2\/independence\/"]}]},{"@type":"BreadcrumbList","@id":"https:\/\/idi.no\/fr\/our-work\/%d9%85%d8%ac%d8%a7%d9%84%d8%a7%d8%aa-%d8%a7%d9%84%d8%aa%d8%b1%d9%83%d9%8a%d8%b2\/independence\/#breadcrumb","itemListElement":[{"@type":"ListItem","position":1,"name":"Home","item":"https:\/\/idi.no\/fr\/"},{"@type":"ListItem","position":2,"name":"Notre travail","item":"https:\/\/idi.no\/fr\/our-work\/"},{"@type":"ListItem","position":3,"name":"Domaines d&rsquo;intervention","item":"https:\/\/idi.no\/fr\/our-work\/%d9%85%d8%ac%d8%a7%d9%84%d8%a7%d8%aa-%d8%a7%d9%84%d8%aa%d8%b1%d9%83%d9%8a%d8%b2\/"},{"@type":"ListItem","position":4,"name":"Ind\u00e9pendance"}]},{"@type":"WebSite","@id":"https:\/\/idi.no\/fr\/#website","url":"https:\/\/idi.no\/fr\/","name":"IDI","description":"","potentialAction":[{"@type":"SearchAction","target":{"@type":"EntryPoint","urlTemplate":"https:\/\/idi.no\/fr\/?s={search_term_string}"},"query-input":{"@type":"PropertyValueSpecification","valueRequired":true,"valueName":"search_term_string"}}],"inLanguage":"fr-FR"}]}},"_links":{"self":[{"href":"https:\/\/idi.no\/fr\/wp-json\/wp\/v2\/pages\/13598","targetHints":{"allow":["GET"]}}],"collection":[{"href":"https:\/\/idi.no\/fr\/wp-json\/wp\/v2\/pages"}],"about":[{"href":"https:\/\/idi.no\/fr\/wp-json\/wp\/v2\/types\/page"}],"author":[{"embeddable":true,"href":"https:\/\/idi.no\/fr\/wp-json\/wp\/v2\/users\/1"}],"replies":[{"embeddable":true,"href":"https:\/\/idi.no\/fr\/wp-json\/wp\/v2\/comments?post=13598"}],"version-history":[{"count":9,"href":"https:\/\/idi.no\/fr\/wp-json\/wp\/v2\/pages\/13598\/revisions"}],"predecessor-version":[{"id":27847,"href":"https:\/\/idi.no\/fr\/wp-json\/wp\/v2\/pages\/13598\/revisions\/27847"}],"up":[{"embeddable":true,"href":"https:\/\/idi.no\/fr\/wp-json\/wp\/v2\/pages\/17999"}],"wp:attachment":[{"href":"https:\/\/idi.no\/fr\/wp-json\/wp\/v2\/media?parent=13598"}],"curies":[{"name":"wp","href":"https:\/\/api.w.org\/{rel}","templated":true}]}}