{"id":13622,"date":"2025-06-10T19:31:23","date_gmt":"2025-06-10T19:31:23","guid":{"rendered":"https:\/\/idi.no\/our-work\/sustainability\/"},"modified":"2025-11-12T22:37:46","modified_gmt":"2025-11-12T22:37:46","slug":"sustainability","status":"publish","type":"page","link":"https:\/\/idi.no\/fr\/our-work\/%d9%85%d8%ac%d8%a7%d9%84%d8%a7%d8%aa-%d8%a7%d9%84%d8%aa%d8%b1%d9%83%d9%8a%d8%b2\/sustainability\/","title":{"rendered":"Durabilit\u00e9"},"content":{"rendered":"\n<div  class=\"hero-block \" >\n\t<div class=\"hero-block__container container\">\n\t\t<div class=\"hero-block__content\">\n\t\t\t\t\t\t\t<div class=\"hero-block__breadcrumbs breadcrumbs\">\n\t\t\t\t\t<span><span><a href=\"https:\/\/idi.no\/fr\/\">Home<\/a><\/span><\/span>\t\t\t\t<\/div>\n\t\t\t\t\t\t\t\t\t\t<h1 class=\"hero-block__title\">\n\t\t\t\t\tDurabilit\u00e9\t\t\t\t<\/h1>\n\t\t\t\t\t\t\t\t\t\n\t\t<\/div>\n\t\t\t<\/div>\n<\/div>\n\r\n<div  class=\"text-only-block text-only-block__white-background text-only-block__text-only\"> <!-- Removed undefined $style (before: echoed $style) -->\r\n    <div class=\"text-only-block__container container\">\r\n                    <div class=\"text-only-block__content\">\r\n                                                    <div class=\"text-only-block__subtitle lede\">Soutenir la durabilit\u00e9 dans l&#039;audit du secteur public pour les personnes et la plan\u00e8te.<\/div>\r\n                                                    <div class=\"text-only-block__description\"><p><span data-contrast=\"auto\">\u00c0 l&rsquo;IDI, la durabilit\u00e9 est pr\u00e9sente dans presque tout ce que nous faisons. Nous incarnons des pratiques durables dans notre travail avec les Institutions Sup\u00e9rieures de Contr\u00f4le (ISC) pour les aider \u00e0 d\u00e9velopper des pratiques d&rsquo;avenir pour leurs structures de gouvernance, leurs pratiques d&rsquo;audit, et pour les aider \u00e0 auditer la durabilit\u00e9. Cela signifie que nous travaillons avec diff\u00e9rentes sections des ISC pour les aider \u00e0 ajouter de la valeur publique et \u00e0 am\u00e9liorer l&rsquo;impact de leur travail sur la soci\u00e9t\u00e9.  <\/span><span data-ccp-props=\"{}\"> <\/span><\/p>\n<p><span data-contrast=\"auto\">Nous soutenons le d\u00e9veloppement des capacit\u00e9s pour l&rsquo;audit de la durabilit\u00e9 dans les actions gouvernementales, y compris pour la soci\u00e9t\u00e9, l&rsquo;action climatique, et l&rsquo;exploitation des solutions num\u00e9riques. Nous travaillons \u00e9galement avec les ISC pour cr\u00e9er une expertise interne et des pratiques d&rsquo;audit et de gouvernance durables, notamment pour la planification strat\u00e9gique, les ressources humaines et les technologies de l&rsquo;information. Gr\u00e2ce aux initiatives de l&rsquo;IDI, nous aidons les ISC \u00e0 cr\u00e9er un impact positif sur le long terme.   <\/span><span data-ccp-props=\"{}\"> <\/span><\/p>\n<p><span data-contrast=\"auto\">Par<\/span><span data-contrast=\"auto\"> l&rsquo;audit public<\/span><span data-contrast=\"auto\"> et de solides pratiques de gouvernance<\/span><span data-contrast=\"auto\">,<\/span> <span data-contrast=\"auto\">les ISC apportent une valeur publique en promouvant l&rsquo;efficience, l&rsquo;efficacit\u00e9, la responsabilit\u00e9 et la transparence dans l&rsquo;administration publique.<\/span><span data-ccp-props=\"{}\"> <\/span><\/p>\n<\/div>\r\n                                \r\n                <!-- New: Wrap all buttons in __button-list for consistency with working block -->\r\n                <div class=\"text-only-block__button-list\">\r\n                    \r\n                                    <\/div>\r\n            <\/div>\r\n        \r\n        \r\n        \r\n            <\/div>\r\n<\/div>\n<div  class=\"related-our-work-block  block-style_light block_background_bleu \" >\t\n<!-- <div class=\"circle__decoration\">\n    <img decoding=\"async\" src=\"https:\/\/idi.no\/wp-content\/themes\/idi\/assets\/images\/circle_decoration.png\" alt=\"circle decoration\">\n<\/div>       -->\n<div class=\"related-our-work-block__container container\">\n\t\t\t\t\t<h2 class=\"related-our-work-block__title\">\n\t\t\t\tinitiatives\t\t<\/h2>\n\t\t\n\t\t\t\t\t<div class=\"related-our-work-block__our-works\">\n\t\t\t\t\t\t\t\t\t<div class=\"related-our-work-block__our-work-item\">\n\n\t\t\t\t\t\t\t\t\t\t\t<a \thref=\"https:\/\/idi.no\/fr\/our-work\/initiative\/odd-initiative-auditeur-odd-des-isc\/\" \n\t\t\t\t\t\t\tclass=\"related-our-work-block__our-work-full-card-link\"\n\t\t\t\t\t\t\tdata-uw-ignore-s3\n\t\t\t\t\t\t><\/a>\n\t\t\t\t\t\t\t\t\t\t\t\t\t<a href=\"https:\/\/idi.no\/fr\/our-work\/initiative\/odd-initiative-auditeur-odd-des-isc\/\" class=\"related-our-work-block__our-work-image\">\n\t\t\t\t\t\t\t\t<div class=\"related-our-work-block__our-work-image-background\"><\/div>\n\t\t\t\t\t\t\t\t<img loading=\"lazy\" decoding=\"async\" width=\"2560\" height=\"1156\" src=\"https:\/\/idi.no\/wp-content\/uploads\/2025\/09\/Initiative-Hero-SDGS-2.jpg\" class=\"attachment-full size-full wp-post-image\" alt=\"\" srcset=\"https:\/\/idi.no\/wp-content\/uploads\/2025\/09\/Initiative-Hero-SDGS-2.jpg 2560w, https:\/\/idi.no\/wp-content\/uploads\/2025\/09\/Initiative-Hero-SDGS-2-300x135.jpg 300w, https:\/\/idi.no\/wp-content\/uploads\/2025\/09\/Initiative-Hero-SDGS-2-1024x462.jpg 1024w, https:\/\/idi.no\/wp-content\/uploads\/2025\/09\/Initiative-Hero-SDGS-2-768x347.jpg 768w, https:\/\/idi.no\/wp-content\/uploads\/2025\/09\/Initiative-Hero-SDGS-2-1536x694.jpg 1536w, https:\/\/idi.no\/wp-content\/uploads\/2025\/09\/Initiative-Hero-SDGS-2-2048x925.jpg 2048w\" sizes=\"auto, (max-width: 2560px) 100vw, 2560px\" \/>\t\t\t\t\t\t\t<\/a>\n\t\t\t\t\t\t\t\t\t\t\t\t<div class=\"related-our-work-block__our-work-content\">\n\t\t\t\t\t\t\t\t\t\t\t\t\t\t\t<a href=\"https:\/\/idi.no\/fr\/our-work\/initiative\/odd-initiative-auditeur-odd-des-isc\/\">\n\t\t\t\t\t\t\t\t\t<h4 class=\"related-our-work-block__our-work-title\">\n\t\t\t\t\t\t\t\t\t\t\tODD &#8211; Initiative Auditeur ODD des ISC\t\t\t\t\t\t\t\t\t<\/h4>\n\t\t\t\t\t\t\t\t<\/a>\n\t\t\t\t\t\t\t\n\t\t\t\t\t\t\t\t\t\t\t\t\t\t<a href=\"https:\/\/idi.no\/fr\/our-work\/initiative\/odd-initiative-auditeur-odd-des-isc\/\" class=\"related-our-work-block__our-work-link\">\n\t\t\t\t\t\t\t\t<span class=\"related-our-work-block__our-work-link-text\">Learn more<\/span>\n\t\t\t\t\t\t\t\t<span class=\"related-our-work-block__our-work-link-arrow\"><\/span>\n\t\t\t\t\t\t\t<\/a>\n\t\t\t\t\t\t<\/div>\n\n\t\t\t\t\t<\/div>\n\t\t\t\t\t\t\t\t\t<div class=\"related-our-work-block__our-work-item\">\n\n\t\t\t\t\t\t\t\t\t\t\t<a \thref=\"https:\/\/idi.no\/fr\/our-work\/initiative\/ensemble-renforcer-les-isc-grace-a-une-gouvernance-des-ressources-humaines-efficace-inclusive-et-ethique\/\" \n\t\t\t\t\t\t\tclass=\"related-our-work-block__our-work-full-card-link\"\n\t\t\t\t\t\t\tdata-uw-ignore-s3\n\t\t\t\t\t\t><\/a>\n\t\t\t\t\t\t\t\t\t\t\t\t\t<a href=\"https:\/\/idi.no\/fr\/our-work\/initiative\/ensemble-renforcer-les-isc-grace-a-une-gouvernance-des-ressources-humaines-efficace-inclusive-et-ethique\/\" class=\"related-our-work-block__our-work-image\">\n\t\t\t\t\t\t\t\t<div class=\"related-our-work-block__our-work-image-background\"><\/div>\n\t\t\t\t\t\t\t\t<img loading=\"lazy\" decoding=\"async\" width=\"2560\" height=\"1156\" src=\"https:\/\/idi.no\/wp-content\/uploads\/2025\/08\/Initiative-Hero-Together-1.jpg\" class=\"attachment-full size-full wp-post-image\" alt=\"\" srcset=\"https:\/\/idi.no\/wp-content\/uploads\/2025\/08\/Initiative-Hero-Together-1.jpg 2560w, https:\/\/idi.no\/wp-content\/uploads\/2025\/08\/Initiative-Hero-Together-1-300x135.jpg 300w, https:\/\/idi.no\/wp-content\/uploads\/2025\/08\/Initiative-Hero-Together-1-1024x462.jpg 1024w, https:\/\/idi.no\/wp-content\/uploads\/2025\/08\/Initiative-Hero-Together-1-768x347.jpg 768w, https:\/\/idi.no\/wp-content\/uploads\/2025\/08\/Initiative-Hero-Together-1-1536x694.jpg 1536w, https:\/\/idi.no\/wp-content\/uploads\/2025\/08\/Initiative-Hero-Together-1-2048x925.jpg 2048w\" sizes=\"auto, (max-width: 2560px) 100vw, 2560px\" \/>\t\t\t\t\t\t\t<\/a>\n\t\t\t\t\t\t\t\t\t\t\t\t<div class=\"related-our-work-block__our-work-content\">\n\t\t\t\t\t\t\t\t\t\t\t\t\t\t\t<a href=\"https:\/\/idi.no\/fr\/our-work\/initiative\/ensemble-renforcer-les-isc-grace-a-une-gouvernance-des-ressources-humaines-efficace-inclusive-et-ethique\/\">\n\t\t\t\t\t\t\t\t\t<h4 class=\"related-our-work-block__our-work-title\">\n\t\t\t\t\t\t\t\t\t\t\tEnsemble : renforcer les ISC gr\u00e2ce \u00e0 une gouvernance des ressources humaines efficace, inclusive et \u00e9thique\t\t\t\t\t\t\t\t\t<\/h4>\n\t\t\t\t\t\t\t\t<\/a>\n\t\t\t\t\t\t\t\n\t\t\t\t\t\t\t\t\t\t\t\t\t\t<a href=\"https:\/\/idi.no\/fr\/our-work\/initiative\/ensemble-renforcer-les-isc-grace-a-une-gouvernance-des-ressources-humaines-efficace-inclusive-et-ethique\/\" class=\"related-our-work-block__our-work-link\">\n\t\t\t\t\t\t\t\t<span class=\"related-our-work-block__our-work-link-text\">Learn more<\/span>\n\t\t\t\t\t\t\t\t<span class=\"related-our-work-block__our-work-link-arrow\"><\/span>\n\t\t\t\t\t\t\t<\/a>\n\t\t\t\t\t\t<\/div>\n\n\t\t\t\t\t<\/div>\n\t\t\t\t\t\t\t\t\t<div class=\"related-our-work-block__our-work-item\">\n\n\t\t\t\t\t\t\t\t\t\t\t<a \thref=\"https:\/\/idi.no\/fr\/our-work\/initiative\/ccaa-audit-cooperatif-mondial-des-actions-dadaptation-au-changement-climatique\/\" \n\t\t\t\t\t\t\tclass=\"related-our-work-block__our-work-full-card-link\"\n\t\t\t\t\t\t\tdata-uw-ignore-s3\n\t\t\t\t\t\t><\/a>\n\t\t\t\t\t\t\t\t\t\t\t\t\t<a href=\"https:\/\/idi.no\/fr\/our-work\/initiative\/ccaa-audit-cooperatif-mondial-des-actions-dadaptation-au-changement-climatique\/\" class=\"related-our-work-block__our-work-image\">\n\t\t\t\t\t\t\t\t<div class=\"related-our-work-block__our-work-image-background\"><\/div>\n\t\t\t\t\t\t\t\t<img loading=\"lazy\" decoding=\"async\" width=\"2560\" height=\"1156\" src=\"https:\/\/idi.no\/wp-content\/uploads\/2023\/01\/Initiative-Hero-new-ccaa.jpg\" class=\"attachment-full size-full wp-post-image\" alt=\"\" srcset=\"https:\/\/idi.no\/wp-content\/uploads\/2023\/01\/Initiative-Hero-new-ccaa.jpg 2560w, https:\/\/idi.no\/wp-content\/uploads\/2023\/01\/Initiative-Hero-new-ccaa-300x135.jpg 300w, https:\/\/idi.no\/wp-content\/uploads\/2023\/01\/Initiative-Hero-new-ccaa-1024x462.jpg 1024w, https:\/\/idi.no\/wp-content\/uploads\/2023\/01\/Initiative-Hero-new-ccaa-768x347.jpg 768w, https:\/\/idi.no\/wp-content\/uploads\/2023\/01\/Initiative-Hero-new-ccaa-1536x694.jpg 1536w, https:\/\/idi.no\/wp-content\/uploads\/2023\/01\/Initiative-Hero-new-ccaa-2048x925.jpg 2048w\" sizes=\"auto, (max-width: 2560px) 100vw, 2560px\" \/>\t\t\t\t\t\t\t<\/a>\n\t\t\t\t\t\t\t\t\t\t\t\t<div class=\"related-our-work-block__our-work-content\">\n\t\t\t\t\t\t\t\t\t\t\t\t\t\t\t<a href=\"https:\/\/idi.no\/fr\/our-work\/initiative\/ccaa-audit-cooperatif-mondial-des-actions-dadaptation-au-changement-climatique\/\">\n\t\t\t\t\t\t\t\t\t<h4 class=\"related-our-work-block__our-work-title\">\n\t\t\t\t\t\t\t\t\t\t\tCCAA &#8211; audit coop\u00e9ratif mondial des actions d&rsquo;adaptation au changement climatique\t\t\t\t\t\t\t\t\t<\/h4>\n\t\t\t\t\t\t\t\t<\/a>\n\t\t\t\t\t\t\t\n\t\t\t\t\t\t\t\t\t\t\t\t\t\t<a href=\"https:\/\/idi.no\/fr\/our-work\/initiative\/ccaa-audit-cooperatif-mondial-des-actions-dadaptation-au-changement-climatique\/\" class=\"related-our-work-block__our-work-link\">\n\t\t\t\t\t\t\t\t<span class=\"related-our-work-block__our-work-link-text\">Learn more<\/span>\n\t\t\t\t\t\t\t\t<span class=\"related-our-work-block__our-work-link-arrow\"><\/span>\n\t\t\t\t\t\t\t<\/a>\n\t\t\t\t\t\t<\/div>\n\n\t\t\t\t\t<\/div>\n\t\t\t\t\t\t\t\t\t<div class=\"related-our-work-block__our-work-item\">\n\n\t\t\t\t\t\t\t\t\t\t\t<a \thref=\"https:\/\/idi.no\/fr\/our-work\/initiative\/pratiques-daudit-durables\/\" \n\t\t\t\t\t\t\tclass=\"related-our-work-block__our-work-full-card-link\"\n\t\t\t\t\t\t\tdata-uw-ignore-s3\n\t\t\t\t\t\t><\/a>\n\t\t\t\t\t\t\t\t\t\t\t\t\t<a href=\"https:\/\/idi.no\/fr\/our-work\/initiative\/pratiques-daudit-durables\/\" class=\"related-our-work-block__our-work-image\">\n\t\t\t\t\t\t\t\t<div class=\"related-our-work-block__our-work-image-background\"><\/div>\n\t\t\t\t\t\t\t\t<img loading=\"lazy\" decoding=\"async\" width=\"2560\" height=\"1156\" src=\"https:\/\/idi.no\/wp-content\/uploads\/2025\/09\/Initiative-Hero-2-@2x-SUSTAINABLE-AUDIT.jpg\" class=\"attachment-full size-full wp-post-image\" alt=\"\" srcset=\"https:\/\/idi.no\/wp-content\/uploads\/2025\/09\/Initiative-Hero-2-@2x-SUSTAINABLE-AUDIT.jpg 2560w, https:\/\/idi.no\/wp-content\/uploads\/2025\/09\/Initiative-Hero-2-@2x-SUSTAINABLE-AUDIT-300x135.jpg 300w, https:\/\/idi.no\/wp-content\/uploads\/2025\/09\/Initiative-Hero-2-@2x-SUSTAINABLE-AUDIT-1024x462.jpg 1024w, https:\/\/idi.no\/wp-content\/uploads\/2025\/09\/Initiative-Hero-2-@2x-SUSTAINABLE-AUDIT-768x347.jpg 768w, https:\/\/idi.no\/wp-content\/uploads\/2025\/09\/Initiative-Hero-2-@2x-SUSTAINABLE-AUDIT-1536x694.jpg 1536w, https:\/\/idi.no\/wp-content\/uploads\/2025\/09\/Initiative-Hero-2-@2x-SUSTAINABLE-AUDIT-2048x925.jpg 2048w\" sizes=\"auto, (max-width: 2560px) 100vw, 2560px\" \/>\t\t\t\t\t\t\t<\/a>\n\t\t\t\t\t\t\t\t\t\t\t\t<div class=\"related-our-work-block__our-work-content\">\n\t\t\t\t\t\t\t\t\t\t\t\t\t\t\t<a href=\"https:\/\/idi.no\/fr\/our-work\/initiative\/pratiques-daudit-durables\/\">\n\t\t\t\t\t\t\t\t\t<h4 class=\"related-our-work-block__our-work-title\">\n\t\t\t\t\t\t\t\t\t\t\tPratiques d\u2019audit durables\t\t\t\t\t\t\t\t\t<\/h4>\n\t\t\t\t\t\t\t\t<\/a>\n\t\t\t\t\t\t\t\n\t\t\t\t\t\t\t\t\t\t\t\t\t\t<a href=\"https:\/\/idi.no\/fr\/our-work\/initiative\/pratiques-daudit-durables\/\" class=\"related-our-work-block__our-work-link\">\n\t\t\t\t\t\t\t\t<span class=\"related-our-work-block__our-work-link-text\">Learn more<\/span>\n\t\t\t\t\t\t\t\t<span class=\"related-our-work-block__our-work-link-arrow\"><\/span>\n\t\t\t\t\t\t\t<\/a>\n\t\t\t\t\t\t<\/div>\n\n\t\t\t\t\t<\/div>\n\t\t\t\t\t\t\t\t\t<div class=\"related-our-work-block__our-work-item\">\n\n\t\t\t\t\t\t\t\t\t\t\t<a \thref=\"https:\/\/idi.no\/fr\/our-work\/initiative\/efa-audit-pour-legalite-des-futurs\/\" \n\t\t\t\t\t\t\tclass=\"related-our-work-block__our-work-full-card-link\"\n\t\t\t\t\t\t\tdata-uw-ignore-s3\n\t\t\t\t\t\t><\/a>\n\t\t\t\t\t\t\t\t\t\t\t\t\t<a href=\"https:\/\/idi.no\/fr\/our-work\/initiative\/efa-audit-pour-legalite-des-futurs\/\" class=\"related-our-work-block__our-work-image\">\n\t\t\t\t\t\t\t\t<div class=\"related-our-work-block__our-work-image-background\"><\/div>\n\t\t\t\t\t\t\t\t<img loading=\"lazy\" decoding=\"async\" width=\"2560\" height=\"1156\" src=\"https:\/\/idi.no\/wp-content\/uploads\/2025\/08\/Initiative-Hero-2-@2x.jpg\" class=\"attachment-full size-full wp-post-image\" alt=\"H\u00e9ros EFA\" srcset=\"https:\/\/idi.no\/wp-content\/uploads\/2025\/08\/Initiative-Hero-2-@2x.jpg 2560w, https:\/\/idi.no\/wp-content\/uploads\/2025\/08\/Initiative-Hero-2-@2x-300x135.jpg 300w, https:\/\/idi.no\/wp-content\/uploads\/2025\/08\/Initiative-Hero-2-@2x-1024x462.jpg 1024w, https:\/\/idi.no\/wp-content\/uploads\/2025\/08\/Initiative-Hero-2-@2x-768x347.jpg 768w, https:\/\/idi.no\/wp-content\/uploads\/2025\/08\/Initiative-Hero-2-@2x-1536x694.jpg 1536w, https:\/\/idi.no\/wp-content\/uploads\/2025\/08\/Initiative-Hero-2-@2x-2048x925.jpg 2048w\" sizes=\"auto, (max-width: 2560px) 100vw, 2560px\" \/>\t\t\t\t\t\t\t<\/a>\n\t\t\t\t\t\t\t\t\t\t\t\t<div class=\"related-our-work-block__our-work-content\">\n\t\t\t\t\t\t\t\t\t\t\t\t\t\t\t<a href=\"https:\/\/idi.no\/fr\/our-work\/initiative\/efa-audit-pour-legalite-des-futurs\/\">\n\t\t\t\t\t\t\t\t\t<h4 class=\"related-our-work-block__our-work-title\">\n\t\t\t\t\t\t\t\t\t\t\tEFA &#8211; audit pour l&rsquo;\u00e9galit\u00e9 des futurs\t\t\t\t\t\t\t\t\t<\/h4>\n\t\t\t\t\t\t\t\t<\/a>\n\t\t\t\t\t\t\t\n\t\t\t\t\t\t\t\t\t\t\t\t\t\t<a href=\"https:\/\/idi.no\/fr\/our-work\/initiative\/efa-audit-pour-legalite-des-futurs\/\" class=\"related-our-work-block__our-work-link\">\n\t\t\t\t\t\t\t\t<span class=\"related-our-work-block__our-work-link-text\">Learn more<\/span>\n\t\t\t\t\t\t\t\t<span class=\"related-our-work-block__our-work-link-arrow\"><\/span>\n\t\t\t\t\t\t\t<\/a>\n\t\t\t\t\t\t<\/div>\n\n\t\t\t\t\t<\/div>\n\t\t\t\t\t\t\t<\/div>\n\t\t\t<\/div>\n<\/div>\n","protected":false},"excerpt":{"rendered":"","protected":false},"author":1,"featured_media":0,"parent":17999,"menu_order":0,"comment_status":"closed","ping_status":"closed","template":"","meta":{"footnotes":""},"class_list":["post-13622","page","type-page","status-publish","hentry"],"acf":[],"yoast_head":"<!-- This site is optimized with the Yoast SEO plugin v25.3 - https:\/\/yoast.com\/wordpress\/plugins\/seo\/ -->\n<title>Durabilit\u00e9 - IDI<\/title>\n<meta name=\"robots\" content=\"index, follow, max-snippet:-1, max-image-preview:large, max-video-preview:-1\" \/>\n<link rel=\"canonical\" href=\"https:\/\/idi.no\/fr\/our-work\/%d9%85%d8%ac%d8%a7%d9%84%d8%a7%d8%aa-%d8%a7%d9%84%d8%aa%d8%b1%d9%83%d9%8a%d8%b2\/sustainability\/\" \/>\n<meta property=\"og:locale\" content=\"fr_FR\" \/>\n<meta property=\"og:type\" content=\"article\" \/>\n<meta property=\"og:title\" content=\"Durabilit\u00e9 - IDI\" \/>\n<meta property=\"og:url\" content=\"https:\/\/idi.no\/fr\/our-work\/%d9%85%d8%ac%d8%a7%d9%84%d8%a7%d8%aa-%d8%a7%d9%84%d8%aa%d8%b1%d9%83%d9%8a%d8%b2\/sustainability\/\" \/>\n<meta property=\"og:site_name\" content=\"IDI\" \/>\n<meta property=\"article:modified_time\" content=\"2025-11-12T22:37:46+00:00\" \/>\n<meta name=\"twitter:card\" content=\"summary_large_image\" \/>\n<script type=\"application\/ld+json\" class=\"yoast-schema-graph\">{\"@context\":\"https:\/\/schema.org\",\"@graph\":[{\"@type\":\"WebPage\",\"@id\":\"https:\/\/idi.no\/fr\/our-work\/%d9%85%d8%ac%d8%a7%d9%84%d8%a7%d8%aa-%d8%a7%d9%84%d8%aa%d8%b1%d9%83%d9%8a%d8%b2\/sustainability\/\",\"url\":\"https:\/\/idi.no\/fr\/our-work\/%d9%85%d8%ac%d8%a7%d9%84%d8%a7%d8%aa-%d8%a7%d9%84%d8%aa%d8%b1%d9%83%d9%8a%d8%b2\/sustainability\/\",\"name\":\"Durabilit\u00e9 - IDI\",\"isPartOf\":{\"@id\":\"https:\/\/idi.no\/fr\/#website\"},\"datePublished\":\"2025-06-10T19:31:23+00:00\",\"dateModified\":\"2025-11-12T22:37:46+00:00\",\"breadcrumb\":{\"@id\":\"https:\/\/idi.no\/fr\/our-work\/%d9%85%d8%ac%d8%a7%d9%84%d8%a7%d8%aa-%d8%a7%d9%84%d8%aa%d8%b1%d9%83%d9%8a%d8%b2\/sustainability\/#breadcrumb\"},\"inLanguage\":\"fr-FR\",\"potentialAction\":[{\"@type\":\"ReadAction\",\"target\":[\"https:\/\/idi.no\/fr\/our-work\/%d9%85%d8%ac%d8%a7%d9%84%d8%a7%d8%aa-%d8%a7%d9%84%d8%aa%d8%b1%d9%83%d9%8a%d8%b2\/sustainability\/\"]}]},{\"@type\":\"BreadcrumbList\",\"@id\":\"https:\/\/idi.no\/fr\/our-work\/%d9%85%d8%ac%d8%a7%d9%84%d8%a7%d8%aa-%d8%a7%d9%84%d8%aa%d8%b1%d9%83%d9%8a%d8%b2\/sustainability\/#breadcrumb\",\"itemListElement\":[{\"@type\":\"ListItem\",\"position\":1,\"name\":\"Home\",\"item\":\"https:\/\/idi.no\/fr\/\"},{\"@type\":\"ListItem\",\"position\":2,\"name\":\"Notre travail\",\"item\":\"https:\/\/idi.no\/fr\/our-work\/\"},{\"@type\":\"ListItem\",\"position\":3,\"name\":\"Domaines d&rsquo;intervention\",\"item\":\"https:\/\/idi.no\/fr\/our-work\/%d9%85%d8%ac%d8%a7%d9%84%d8%a7%d8%aa-%d8%a7%d9%84%d8%aa%d8%b1%d9%83%d9%8a%d8%b2\/\"},{\"@type\":\"ListItem\",\"position\":4,\"name\":\"Durabilit\u00e9\"}]},{\"@type\":\"WebSite\",\"@id\":\"https:\/\/idi.no\/fr\/#website\",\"url\":\"https:\/\/idi.no\/fr\/\",\"name\":\"IDI\",\"description\":\"\",\"potentialAction\":[{\"@type\":\"SearchAction\",\"target\":{\"@type\":\"EntryPoint\",\"urlTemplate\":\"https:\/\/idi.no\/fr\/?s={search_term_string}\"},\"query-input\":{\"@type\":\"PropertyValueSpecification\",\"valueRequired\":true,\"valueName\":\"search_term_string\"}}],\"inLanguage\":\"fr-FR\"}]}<\/script>\n<!-- \/ Yoast SEO plugin. -->","yoast_head_json":{"title":"Durabilit\u00e9 - IDI","robots":{"index":"index","follow":"follow","max-snippet":"max-snippet:-1","max-image-preview":"max-image-preview:large","max-video-preview":"max-video-preview:-1"},"canonical":"https:\/\/idi.no\/fr\/our-work\/%d9%85%d8%ac%d8%a7%d9%84%d8%a7%d8%aa-%d8%a7%d9%84%d8%aa%d8%b1%d9%83%d9%8a%d8%b2\/sustainability\/","og_locale":"fr_FR","og_type":"article","og_title":"Durabilit\u00e9 - IDI","og_url":"https:\/\/idi.no\/fr\/our-work\/%d9%85%d8%ac%d8%a7%d9%84%d8%a7%d8%aa-%d8%a7%d9%84%d8%aa%d8%b1%d9%83%d9%8a%d8%b2\/sustainability\/","og_site_name":"IDI","article_modified_time":"2025-11-12T22:37:46+00:00","twitter_card":"summary_large_image","schema":{"@context":"https:\/\/schema.org","@graph":[{"@type":"WebPage","@id":"https:\/\/idi.no\/fr\/our-work\/%d9%85%d8%ac%d8%a7%d9%84%d8%a7%d8%aa-%d8%a7%d9%84%d8%aa%d8%b1%d9%83%d9%8a%d8%b2\/sustainability\/","url":"https:\/\/idi.no\/fr\/our-work\/%d9%85%d8%ac%d8%a7%d9%84%d8%a7%d8%aa-%d8%a7%d9%84%d8%aa%d8%b1%d9%83%d9%8a%d8%b2\/sustainability\/","name":"Durabilit\u00e9 - IDI","isPartOf":{"@id":"https:\/\/idi.no\/fr\/#website"},"datePublished":"2025-06-10T19:31:23+00:00","dateModified":"2025-11-12T22:37:46+00:00","breadcrumb":{"@id":"https:\/\/idi.no\/fr\/our-work\/%d9%85%d8%ac%d8%a7%d9%84%d8%a7%d8%aa-%d8%a7%d9%84%d8%aa%d8%b1%d9%83%d9%8a%d8%b2\/sustainability\/#breadcrumb"},"inLanguage":"fr-FR","potentialAction":[{"@type":"ReadAction","target":["https:\/\/idi.no\/fr\/our-work\/%d9%85%d8%ac%d8%a7%d9%84%d8%a7%d8%aa-%d8%a7%d9%84%d8%aa%d8%b1%d9%83%d9%8a%d8%b2\/sustainability\/"]}]},{"@type":"BreadcrumbList","@id":"https:\/\/idi.no\/fr\/our-work\/%d9%85%d8%ac%d8%a7%d9%84%d8%a7%d8%aa-%d8%a7%d9%84%d8%aa%d8%b1%d9%83%d9%8a%d8%b2\/sustainability\/#breadcrumb","itemListElement":[{"@type":"ListItem","position":1,"name":"Home","item":"https:\/\/idi.no\/fr\/"},{"@type":"ListItem","position":2,"name":"Notre travail","item":"https:\/\/idi.no\/fr\/our-work\/"},{"@type":"ListItem","position":3,"name":"Domaines d&rsquo;intervention","item":"https:\/\/idi.no\/fr\/our-work\/%d9%85%d8%ac%d8%a7%d9%84%d8%a7%d8%aa-%d8%a7%d9%84%d8%aa%d8%b1%d9%83%d9%8a%d8%b2\/"},{"@type":"ListItem","position":4,"name":"Durabilit\u00e9"}]},{"@type":"WebSite","@id":"https:\/\/idi.no\/fr\/#website","url":"https:\/\/idi.no\/fr\/","name":"IDI","description":"","potentialAction":[{"@type":"SearchAction","target":{"@type":"EntryPoint","urlTemplate":"https:\/\/idi.no\/fr\/?s={search_term_string}"},"query-input":{"@type":"PropertyValueSpecification","valueRequired":true,"valueName":"search_term_string"}}],"inLanguage":"fr-FR"}]}},"_links":{"self":[{"href":"https:\/\/idi.no\/fr\/wp-json\/wp\/v2\/pages\/13622","targetHints":{"allow":["GET"]}}],"collection":[{"href":"https:\/\/idi.no\/fr\/wp-json\/wp\/v2\/pages"}],"about":[{"href":"https:\/\/idi.no\/fr\/wp-json\/wp\/v2\/types\/page"}],"author":[{"embeddable":true,"href":"https:\/\/idi.no\/fr\/wp-json\/wp\/v2\/users\/1"}],"replies":[{"embeddable":true,"href":"https:\/\/idi.no\/fr\/wp-json\/wp\/v2\/comments?post=13622"}],"version-history":[{"count":7,"href":"https:\/\/idi.no\/fr\/wp-json\/wp\/v2\/pages\/13622\/revisions"}],"predecessor-version":[{"id":27686,"href":"https:\/\/idi.no\/fr\/wp-json\/wp\/v2\/pages\/13622\/revisions\/27686"}],"up":[{"embeddable":true,"href":"https:\/\/idi.no\/fr\/wp-json\/wp\/v2\/pages\/17999"}],"wp:attachment":[{"href":"https:\/\/idi.no\/fr\/wp-json\/wp\/v2\/media?parent=13622"}],"curies":[{"name":"wp","href":"https:\/\/api.w.org\/{rel}","templated":true}]}}