{"id":13628,"date":"2025-06-10T20:03:25","date_gmt":"2025-06-10T20:03:25","guid":{"rendered":"https:\/\/idi.no\/podcast\/"},"modified":"2025-11-12T22:37:04","modified_gmt":"2025-11-12T22:37:04","slug":"podcast","status":"publish","type":"page","link":"https:\/\/idi.no\/fr\/podcast\/","title":{"rendered":"Podcast"},"content":{"rendered":"\n<div  class=\"image hero-block \" >\n\t<div class=\"image hero-block__container container\">\n\t\t<div class=\"image hero-block__content\">\n\t\t\t\t\t\t\t<div class=\"image hero-block__breadcrumbs breadcrumbs\">\n\t\t\t\t\t<span><span><a href=\"https:\/\/idi.no\/fr\/\">Home<\/a><\/span><\/span>\t\t\t\t<\/div>\n\t\t\t\t\t\t\t\t\t\t<h1 class=\"image hero-block__title\">\n\t\t\t\t\tPodcast\t\t\t\t<\/h1>\n\t\t\t\t\t\t\t\t\t\t\t\t\t<div class=\"image hero-block__description\">\n\t\t\t\t\t\u00c9coutez des conversations captivantes sur l&rsquo;avenir de la gouvernance des ISC, avec des voix d&rsquo;experts et de nouvelles perspectives du monde entier\t\t\t\t<\/div>\n\t\t\t\n\t\t<\/div>\n\t\t\t\t\t<div class=\"image hero-block__image\">\n\t\t\t\t<img decoding=\"async\" src=\"https:\/\/idi.no\/wp-content\/uploads\/2025\/10\/pexels-tima-miroshnichenko-6671687-scaled.jpg\" alt=\"Call for Proposals\">\n\t\t\t<\/div>\n\t\t\t<\/div>\n<\/div>\n\r\n<div  class=\"text-only-block text-only-block__white-background text-only-block__text-only\"> <!-- Removed undefined $style (before: echoed $style) -->\r\n    <div class=\"text-only-block__container container\">\r\n                    <div class=\"text-only-block__content\">\r\n                                    <h2 class=\"text-only-block__title\">D\u00e9couvrir la voie \u00e0 suivre pour la gouvernance des ISC<\/h2>\r\n                                                    <div class=\"text-only-block__subtitle lede\">Cette s\u00e9rie de podcasts de l&#039;Initiative de d\u00e9veloppement de l&#039;INTOSAI (IDI) examine la voie \u00e0 suivre pour la gouvernance du secteur public et ses implications pour les institutions sup\u00e9rieures de contr\u00f4le des finances publiques (ISC).<\/div>\r\n                                                    <div class=\"text-only-block__description\"><p>Le podcast pr\u00e9sentera et discutera des concepts, des d\u00e9fis et des opportunit\u00e9s nouveaux et \u00e9mergents pour am\u00e9liorer la gestion et la performance des ISC. Vous entendrez des invit\u00e9s passionnants de la communaut\u00e9 des ISC et d&rsquo;ailleurs, qui vous donneront leur point de vue sur la mani\u00e8re de pr\u00e9parer l&rsquo;avenir de la gouvernance des ISC pour un meilleur impact sur les soci\u00e9t\u00e9s. <\/p>\n<\/div>\r\n                                \r\n                <!-- New: Wrap all buttons in __button-list for consistency with working block -->\r\n                <div class=\"text-only-block__button-list\">\r\n                    \r\n                                    <\/div>\r\n            <\/div>\r\n        \r\n        \r\n        \r\n            <\/div>\r\n<\/div>\n<iframe allow=\"autoplay *; encrypted-media *; fullscreen *; clipboard-write\" frameborder=\"0\" height=\"500\" style=\"width:90%; max-width:700px; display:block; margin:20px auto; border:none; border-radius:10px;\" sandbox=\"allow-forms allow-popups allow-same-origin allow-scripts allow-storage-access-by-user-activation allow-top-navigation-by-user-activation\" src=\"https:\/\/embed.podcasts.apple.com\/us\/podcast\/idi-how-to-governance\/id1711371612\">\n<\/iframe>\n\n<div  class=\"video-block \" >\n\t<div class=\"video-block__container container container_video-block__poster-play--bottom_left \">\n\t\t\t\t\t\t\t\t\t\t\t\t<div class=\"video-block__poster\">\n\t\t\t\t\t<div class=\"video-block__video-background\"><\/div>\n\t\t\t\t\t\t<img decoding=\"async\" src=\"https:\/\/idi.no\/wp-content\/uploads\/2025\/11\/Last-podcast-thumbnail.jpg\" alt=\"\">\n\t\t\t\t\t\t<div class=\"video-block__poster-play-wrapper\">\n\t\t\t\t\t\t\t<button class=\"video-block__poster-play\" aria-label=\"Play video\">\n\t\t\t\t\t\t\t\t<img decoding=\"async\" src=\"https:\/\/idi.no\/wp-content\/themes\/idi\/assets\/images\/icons\/play-icon.svg\" alt=\"Play video\">\n\t\t\t\t\t\t\t<\/button>\n\t\t\t\t\t\t\t\t\t\t\t\t\t\t\t<h4 class=\"video-block__title video-block__title-desktop\">\n\t\t\t\t\t\t\t\t\tRegardez le dernier \u00e9pisode du podcast de l&#039;IDI avec notre invit\u00e9, M. Arvinn Gadgil, directeur du Centre mondial pour la gouvernance du PNUD\t\t\t\t\t\t\t\t<\/h4>\n\t\t\t\t\t\t\t\t\t\t\t\t\t<\/div>\n\t\t\t\t\t<\/div>\n\t\t\t\t\t\t\t\t\t\t\t\t\t\t<div class=\"video-block__iframe-wrapper\" style=\"display: none;\">\n\t\t\t\t\t\t\t<iframe loading=\"lazy\" src=\"https:\/\/player.vimeo.com\/video\/1045637080?dnt=1&amp;app_id=122963&amp;controls=1&amp;hd=1&amp;autohide=1\" width=\"640\" height=\"360\" frameborder=\"0\"><\/iframe>\t\t\t\t\t\t<\/div>\n\t\t\t\t\n\t\t\t\t\t\t\t\t\t\t\t\t\n\t\t\t\t\t\t\t<h4 class=\"video-block__title video-block__title-mobile\">\n\t\t\t\t\tRegardez le dernier \u00e9pisode du podcast de l&#039;IDI avec notre invit\u00e9, M. Arvinn Gadgil, directeur du Centre mondial pour la gouvernance du PNUD\t\t\t\t<\/h4>\n\t\t\t\t<\/div>\n<\/div>\n\n<div  class=\"gateway-block  without-circles block-style_light  without-circles block-structure_cards\">\n\t\t\t<div class=\"gateway-block__container  without-circles\">\n\t\t\t\t\t<h2 class=\"gateway-block__label  without-circles\">\u00c9coutez et regardez le podcast <\/h2>\n\t\t\n\t\t\t\t<div class=\"gateway-block__list columns-3  without-circles  align-center-3 \">\n\t\t\t\t\t\t\t\t\t\t\t\t\t\t\t\t\t\t\t<div class=\"gateway-block__item  without-circles\">\n\t\t\t\t\t\t\t\t\t\t\t\t\t<h3 class=\"gateway-block__item_label  without-circles\">\n\t\t\t\t\t\t\t\tSpotify\t\t\t\t\t\t\t<\/h3>\n\t\t\t\t\t\t\t\t\t\t\t\t\t\t\t\t\t\t\t<a href=\"https:\/\/open.spotify.com\/show\/1fTC3dIQGXS0h8p35U1SeB\"\n\t\t\t\t\t\t\ttarget=\"_blank\"\n\t\t\t\t\t\t\tclass=\"gateway-block__item_link\">\n\t\t\t\t\t\t\t\tLISTEN\t\t\t\t\t\t\t<\/a>\n\n\t\t\t\t\t\t\t\t\t\t\t\t\t\t<a \thref=\"https:\/\/open.spotify.com\/show\/1fTC3dIQGXS0h8p35U1SeB\" \n\t\t\t\t\t\t\t\tclass=\"gateway-block__item_full-card-link\"\n\t\t\t\t\t\t\t\t\t\t\t\t\t\t\t\tdata-uw-ignore-s3\n\t\t\t\t\t\t\t><\/a>\n\t\t\t\t\t\t\t\t\t\t\t<\/div>\n\t\t\t\t\t\t\t\t\t\t\t\t\t\t\t\t\t\t\t\t\t\t\t<div class=\"gateway-block__item  without-circles\">\n\t\t\t\t\t\t\t\t\t\t\t\t\t<h3 class=\"gateway-block__item_label  without-circles\">\n\t\t\t\t\t\t\t\tApple\t\t\t\t\t\t\t<\/h3>\n\t\t\t\t\t\t\t\t\t\t\t\t\t\t\t\t\t\t\t<a href=\"https:\/\/podcasts.apple.com\/us\/podcast\/idi-how-to-governance\/id1711371612\"\n\t\t\t\t\t\t\ttarget=\"_blank\"\n\t\t\t\t\t\t\tclass=\"gateway-block__item_link\">\n\t\t\t\t\t\t\t\tLISTEN\t\t\t\t\t\t\t<\/a>\n\n\t\t\t\t\t\t\t\t\t\t\t\t\t\t<a \thref=\"https:\/\/podcasts.apple.com\/us\/podcast\/idi-how-to-governance\/id1711371612\" \n\t\t\t\t\t\t\t\tclass=\"gateway-block__item_full-card-link\"\n\t\t\t\t\t\t\t\t\t\t\t\t\t\t\t\tdata-uw-ignore-s3\n\t\t\t\t\t\t\t><\/a>\n\t\t\t\t\t\t\t\t\t\t\t<\/div>\n\t\t\t\t\t\t\t\t\t\t\t\t\t\t\t\t\t\t\t\t\t\t\t<div class=\"gateway-block__item  without-circles\">\n\t\t\t\t\t\t\t\t\t\t\t\t\t<h3 class=\"gateway-block__item_label  without-circles\">\n\t\t\t\t\t\t\t\tYoutube\t\t\t\t\t\t\t<\/h3>\n\t\t\t\t\t\t\t\t\t\t\t\t\t\t\t\t\t\t\t<a href=\"https:\/\/www.youtube.com\/playlist?list=PLWhS_axf9Qaq9o7TZGg-IJyJ9NggQpo1G\"\n\t\t\t\t\t\t\ttarget=\"_blank\"\n\t\t\t\t\t\t\tclass=\"gateway-block__item_link\">\n\t\t\t\t\t\t\t\tWATCH\t\t\t\t\t\t\t<\/a>\n\n\t\t\t\t\t\t\t\t\t\t\t\t\t\t<a \thref=\"https:\/\/www.youtube.com\/playlist?list=PLWhS_axf9Qaq9o7TZGg-IJyJ9NggQpo1G\" \n\t\t\t\t\t\t\t\tclass=\"gateway-block__item_full-card-link\"\n\t\t\t\t\t\t\t\t\t\t\t\t\t\t\t\tdata-uw-ignore-s3\n\t\t\t\t\t\t\t><\/a>\n\t\t\t\t\t\t\t\t\t\t\t<\/div>\n\t\t\t\t\t\t\t\t\t\t\t\t\t\t\t\t\t\t\t\t\t\t\t<div class=\"gateway-block__item  without-circles\">\n\t\t\t\t\t\t\t\t\t\t\t\t\t<h3 class=\"gateway-block__item_label  without-circles\">\n\t\t\t\t\t\t\t\tVimeo\t\t\t\t\t\t\t<\/h3>\n\t\t\t\t\t\t\t\t\t\t\t\t\t\t\t\t\t\t\t<a href=\"https:\/\/vimeo.com\/showcase\/11250039\"\n\t\t\t\t\t\t\ttarget=\"_blank\"\n\t\t\t\t\t\t\tclass=\"gateway-block__item_link\">\n\t\t\t\t\t\t\t\tWATCH\t\t\t\t\t\t\t<\/a>\n\n\t\t\t\t\t\t\t\t\t\t\t\t\t\t<a \thref=\"https:\/\/vimeo.com\/showcase\/11250039\" \n\t\t\t\t\t\t\t\tclass=\"gateway-block__item_full-card-link\"\n\t\t\t\t\t\t\t\t\t\t\t\t\t\t\t\tdata-uw-ignore-s3\n\t\t\t\t\t\t\t><\/a>\n\t\t\t\t\t\t\t\t\t\t\t<\/div>\n\t\t\t\t\t\t\t\t\t\t\t\t\t\t\t\t\t\t\t\t\t\t\t<div class=\"gateway-block__item  without-circles\">\n\t\t\t\t\t\t\t\t\t\t\t\t\t<h3 class=\"gateway-block__item_label  without-circles\">\n\t\t\t\t\t\t\t\tAutres\t\t\t\t\t\t\t<\/h3>\n\t\t\t\t\t\t\t\t\t\t\t\t\t\t\t\t\t\t\t<a href=\"https:\/\/rephonic.com\/podcasts\/idi-how-to-governance\"\n\t\t\t\t\t\t\ttarget=\"_blank\"\n\t\t\t\t\t\t\tclass=\"gateway-block__item_link\">\n\t\t\t\t\t\t\t\tLISTEN &amp; WATCH\t\t\t\t\t\t\t<\/a>\n\n\t\t\t\t\t\t\t\t\t\t\t\t\t\t<a \thref=\"https:\/\/rephonic.com\/podcasts\/idi-how-to-governance\" \n\t\t\t\t\t\t\t\tclass=\"gateway-block__item_full-card-link\"\n\t\t\t\t\t\t\t\t\t\t\t\t\t\t\t\tdata-uw-ignore-s3\n\t\t\t\t\t\t\t><\/a>\n\t\t\t\t\t\t\t\t\t\t\t<\/div>\n\t\t\t\t\t\t\t\t\t\t\t<\/div>\n\t\t\t\t\t<\/div>\n\t<\/div>\n","protected":false},"excerpt":{"rendered":"","protected":false},"author":1,"featured_media":0,"parent":0,"menu_order":0,"comment_status":"closed","ping_status":"closed","template":"","meta":{"footnotes":""},"class_list":["post-13628","page","type-page","status-publish","hentry"],"acf":[],"yoast_head":"<!-- This site is optimized with the Yoast SEO plugin v25.3 - https:\/\/yoast.com\/wordpress\/plugins\/seo\/ -->\n<title>Podcast - IDI<\/title>\n<meta name=\"robots\" content=\"index, follow, max-snippet:-1, max-image-preview:large, max-video-preview:-1\" \/>\n<link rel=\"canonical\" href=\"https:\/\/idi.no\/fr\/podcast\/\" \/>\n<meta property=\"og:locale\" content=\"fr_FR\" \/>\n<meta property=\"og:type\" content=\"article\" \/>\n<meta property=\"og:title\" content=\"Podcast - IDI\" \/>\n<meta property=\"og:url\" content=\"https:\/\/idi.no\/fr\/podcast\/\" \/>\n<meta property=\"og:site_name\" content=\"IDI\" \/>\n<meta property=\"article:modified_time\" content=\"2025-11-12T22:37:04+00:00\" \/>\n<meta name=\"twitter:card\" content=\"summary_large_image\" \/>\n<script type=\"application\/ld+json\" class=\"yoast-schema-graph\">{\"@context\":\"https:\/\/schema.org\",\"@graph\":[{\"@type\":\"WebPage\",\"@id\":\"https:\/\/idi.no\/fr\/podcast\/\",\"url\":\"https:\/\/idi.no\/fr\/podcast\/\",\"name\":\"Podcast - IDI\",\"isPartOf\":{\"@id\":\"https:\/\/idi.no\/fr\/#website\"},\"datePublished\":\"2025-06-10T20:03:25+00:00\",\"dateModified\":\"2025-11-12T22:37:04+00:00\",\"breadcrumb\":{\"@id\":\"https:\/\/idi.no\/fr\/podcast\/#breadcrumb\"},\"inLanguage\":\"fr-FR\",\"potentialAction\":[{\"@type\":\"ReadAction\",\"target\":[\"https:\/\/idi.no\/fr\/podcast\/\"]}]},{\"@type\":\"BreadcrumbList\",\"@id\":\"https:\/\/idi.no\/fr\/podcast\/#breadcrumb\",\"itemListElement\":[{\"@type\":\"ListItem\",\"position\":1,\"name\":\"Home\",\"item\":\"https:\/\/idi.no\/fr\/\"},{\"@type\":\"ListItem\",\"position\":2,\"name\":\"Podcast\"}]},{\"@type\":\"WebSite\",\"@id\":\"https:\/\/idi.no\/fr\/#website\",\"url\":\"https:\/\/idi.no\/fr\/\",\"name\":\"IDI\",\"description\":\"\",\"potentialAction\":[{\"@type\":\"SearchAction\",\"target\":{\"@type\":\"EntryPoint\",\"urlTemplate\":\"https:\/\/idi.no\/fr\/?s={search_term_string}\"},\"query-input\":{\"@type\":\"PropertyValueSpecification\",\"valueRequired\":true,\"valueName\":\"search_term_string\"}}],\"inLanguage\":\"fr-FR\"}]}<\/script>\n<!-- \/ Yoast SEO plugin. -->","yoast_head_json":{"title":"Podcast - IDI","robots":{"index":"index","follow":"follow","max-snippet":"max-snippet:-1","max-image-preview":"max-image-preview:large","max-video-preview":"max-video-preview:-1"},"canonical":"https:\/\/idi.no\/fr\/podcast\/","og_locale":"fr_FR","og_type":"article","og_title":"Podcast - IDI","og_url":"https:\/\/idi.no\/fr\/podcast\/","og_site_name":"IDI","article_modified_time":"2025-11-12T22:37:04+00:00","twitter_card":"summary_large_image","schema":{"@context":"https:\/\/schema.org","@graph":[{"@type":"WebPage","@id":"https:\/\/idi.no\/fr\/podcast\/","url":"https:\/\/idi.no\/fr\/podcast\/","name":"Podcast - IDI","isPartOf":{"@id":"https:\/\/idi.no\/fr\/#website"},"datePublished":"2025-06-10T20:03:25+00:00","dateModified":"2025-11-12T22:37:04+00:00","breadcrumb":{"@id":"https:\/\/idi.no\/fr\/podcast\/#breadcrumb"},"inLanguage":"fr-FR","potentialAction":[{"@type":"ReadAction","target":["https:\/\/idi.no\/fr\/podcast\/"]}]},{"@type":"BreadcrumbList","@id":"https:\/\/idi.no\/fr\/podcast\/#breadcrumb","itemListElement":[{"@type":"ListItem","position":1,"name":"Home","item":"https:\/\/idi.no\/fr\/"},{"@type":"ListItem","position":2,"name":"Podcast"}]},{"@type":"WebSite","@id":"https:\/\/idi.no\/fr\/#website","url":"https:\/\/idi.no\/fr\/","name":"IDI","description":"","potentialAction":[{"@type":"SearchAction","target":{"@type":"EntryPoint","urlTemplate":"https:\/\/idi.no\/fr\/?s={search_term_string}"},"query-input":{"@type":"PropertyValueSpecification","valueRequired":true,"valueName":"search_term_string"}}],"inLanguage":"fr-FR"}]}},"_links":{"self":[{"href":"https:\/\/idi.no\/fr\/wp-json\/wp\/v2\/pages\/13628","targetHints":{"allow":["GET"]}}],"collection":[{"href":"https:\/\/idi.no\/fr\/wp-json\/wp\/v2\/pages"}],"about":[{"href":"https:\/\/idi.no\/fr\/wp-json\/wp\/v2\/types\/page"}],"author":[{"embeddable":true,"href":"https:\/\/idi.no\/fr\/wp-json\/wp\/v2\/users\/1"}],"replies":[{"embeddable":true,"href":"https:\/\/idi.no\/fr\/wp-json\/wp\/v2\/comments?post=13628"}],"version-history":[{"count":10,"href":"https:\/\/idi.no\/fr\/wp-json\/wp\/v2\/pages\/13628\/revisions"}],"predecessor-version":[{"id":27658,"href":"https:\/\/idi.no\/fr\/wp-json\/wp\/v2\/pages\/13628\/revisions\/27658"}],"wp:attachment":[{"href":"https:\/\/idi.no\/fr\/wp-json\/wp\/v2\/media?parent=13628"}],"curies":[{"name":"wp","href":"https:\/\/api.w.org\/{rel}","templated":true}]}}