{"id":13693,"date":"2025-06-10T20:03:16","date_gmt":"2025-06-10T20:03:16","guid":{"rendered":"https:\/\/idi.no\/tenders-calls-for-proposals\/"},"modified":"2025-11-12T22:37:46","modified_gmt":"2025-11-12T22:37:46","slug":"tenders-calls-for-proposals","status":"publish","type":"page","link":"https:\/\/idi.no\/fr\/get-involved\/tenders-calls-for-proposals\/","title":{"rendered":"Appels d\u2019offres et propositions"},"content":{"rendered":"\n<div  class=\"hero-block \" >\n\t<div class=\"hero-block__container container\">\n\t\t<div class=\"hero-block__content\">\n\t\t\t\t\t\t\t<div class=\"hero-block__breadcrumbs breadcrumbs\">\n\t\t\t\t\t<span><span><a href=\"https:\/\/idi.no\/fr\/\">Home<\/a><\/span><\/span>\t\t\t\t<\/div>\n\t\t\t\t\t\t\t\t\t\t<h1 class=\"hero-block__title\">\n\t\t\t\t\tAppels d\u2019offres et propositions\t\t\t\t<\/h1>\n\t\t\t\t\t\t\t\t\t\t\t\t\t<div class=\"hero-block__description\">\n\t\t\t\t\tVotre portail pour contribuer avec expertise et solutions au renforcement des ISC dans le monde entier\t\t\t\t<\/div>\n\t\t\t\n\t\t<\/div>\n\t\t\t<\/div>\n<\/div>\n\n<div  class=\"text-and-media-block  block-image-align--left block-background-color--white with-circles\" >\n\t<div class=\"text-and-media-block__container container\">\n\t\t<div class=\"text-and-media-block__col\">\n\n\t\t\t\t\t\t\t\t\t\t\t\t\t<h2 class=\"text-and-media-block__title\">\n\t\t\t\t\t\u00c9valuation de fin de mandat du soutien \u00e0 la Chambre nationale d&#039;audit du Soudan du Sud\t\t\t\t<\/h2>\n\t\t\t\t\t\t\t\t\t\t<div class=\"text-and-media-block__subtitle\">\n\t\t\t\t\tL&#039;Initiative de d\u00e9veloppement de l&#039;INTOSAI (IDI), Oslo, Norv\u00e8ge, invite \u00e0 soumettre des propositions pour l&#039;\u00e9valuation de fin de mandat du soutien \u00e0 l&#039;ISC du Soudan du Sud. L&#039;appel d&#039;offres est ouvert aux entreprises, aux ISC et aux consultants op\u00e9rant \u00e0 titre individuel. \t\t\t\t<\/div>\n\t\t\t\t\t\t\t\t\t\t<div class=\"text-and-media-block__description\">\n\t\t\t\t\t<p>Les employ\u00e9s permanents actuels des ISC \u00e0 titre individuel, le personnel de l&rsquo;IDI et les organisations figurant sur les listes de sanctions ne seront pas \u00e9ligibles pour soumissionner. Les ISC peuvent soumettre des offres et d\u00e9tacher leurs employ\u00e9s pour des missions. Tous les soumissionnaires devront faire une d\u00e9claration de &lsquo;Absence de conflit d&rsquo;int\u00e9r\u00eats&rsquo; dans leurs offres. Les prestataires de services int\u00e9ress\u00e9s doivent soumettre une br\u00e8ve proposition technique et financi\u00e8re, en anglais, par e-mail \u00e0 <a href=\"mailto:shourjo.chatterjee@idi.no\">shourjo.chatterjee@idi.no<\/a> avec une copie \u00e0 <a href=\"mailto:ola.hoem@idi.no\">ola.hoem@idi.no<\/a> avant le 1er novembre 2024, 17h00 heure d&rsquo;Oslo.   <\/p>\n<p>&nbsp;<\/p>\n<p><strong>Date limite :<\/strong> 1er novembre 2024<\/p>\n\t\t\t\t<\/div>\n\t\t\t\n\t\t\t<div class=\"text-and-media-block__button-list\">\n\t\t\t\t\t\t\t\t\t\t\t<a \thref=\"#\"\n\t\t\t\t\tclass=\"text-and-media-block__button\"\n\t\t\t\t\t\t\t\t\t>\n\t\t\t\t\tDownload\t\t\t\t<\/a>\n\t\t\t\n\t\t\t\t\t\t<\/div>\n\t\t<\/div>\n\t\t\t\t    <div class=\"text-and-media-block__col\">\n\t\t\t\t<div class=\"text-and-media-block__image\">\n\t\t\t\t\t<img decoding=\"async\" src=\"https:\/\/idi.no\/wp-content\/uploads\/2025\/10\/Get-involved-Hero-1.png\" alt=\"\">\n\t\t\t\t<\/div>\n\t\t\t<\/div>\n\t\t\t\t<\/div>\n<\/div>\n\n<div  class=\"text-and-media-block  block-image-align--right block-background-color--blue without-circles\" >\n\t<div class=\"text-and-media-block__container container\">\n\t\t<div class=\"text-and-media-block__col\">\n\n\t\t\t\t\t\t\t\t\t\t\t\t\t<h2 class=\"text-and-media-block__title\">\n\t\t\t\t\tD\u00e9veloppement d&#039;un outil d&#039;\u00e9valuation de la s\u00e9curit\u00e9 de l&#039;information\t\t\t\t<\/h2>\n\t\t\t\t\t\t\t\t\t\t<div class=\"text-and-media-block__subtitle\">\n\t\t\t\t\tL&#039;Initiative de d\u00e9veloppement de l&#039;INTOSAI (IDI), Oslo, Norv\u00e8ge, invite \u00e0 soumettre des propositions pour le d\u00e9veloppement d&#039;un outil num\u00e9rique d&#039;\u00e9valuation de la s\u00e9curit\u00e9 de l&#039;information afin d&#039;aider les Institutions sup\u00e9rieures de contr\u00f4le (ISC) \u00e0 \u00e9valuer leurs pratiques de s\u00e9curit\u00e9 de l&#039;information conform\u00e9ment aux normes ISO 27001. \t\t\t\t<\/div>\n\t\t\t\t\t\t\t\t\t\t<div class=\"text-and-media-block__description\">\n\t\t\t\t\t<p>Cet outil permettra aux ISC d&rsquo;\u00e9valuer leur conformit\u00e9 aux diff\u00e9rents contr\u00f4les ISO 27001 et d&rsquo;\u00e9laborer des plans d&rsquo;am\u00e9lioration pour chaque contr\u00f4le. Actuellement, l&rsquo;IDI aide les ISC \u00e0 \u00e9valuer leur conformit\u00e9 aux contr\u00f4les de s\u00e9curit\u00e9 de l&rsquo;information \u00e0 l&rsquo;aide d&rsquo;un outil bas\u00e9 sur Excel. Pour am\u00e9liorer ce processus, l&rsquo;IDI vise \u00e0 remplacer l&rsquo;outil actuel bas\u00e9 sur Excel par une plateforme num\u00e9rique plus efficace et conviviale qui rationalisera le processus d&rsquo;\u00e9valuation. L&rsquo;objectif de ce projet est de d\u00e9velopper et de maintenir un outil num\u00e9rique qui aidera les ISC \u00e0 effectuer des \u00e9valuations compl\u00e8tes des contr\u00f4les de s\u00e9curit\u00e9 de l&rsquo;information, en assurant l&rsquo;alignement sur les normes ISO 27001.   <\/p>\n<p>Les offres doivent parvenir \u00e0 l&rsquo;IDI par voie \u00e9lectronique avant 17h00 (heure d&rsquo;Oslo) le vendredi 18 octobre 2024. Les offres doivent \u00eatre soumises \u00e0 &nbsp;<a href=\"mailto:picture@idi.no\" data-mce-href=\"mailto:picture@idi.no\">picture@idi.no<\/a><\/p>\n<p><\/p>\n<p><strong>Date limite :<\/strong> 18 octobre 2024<\/p>\n\t\t\t\t<\/div>\n\t\t\t\n\t\t\t<div class=\"text-and-media-block__button-list\">\n\t\t\t\t\t\t\t\t\t\t\t<a \thref=\"#\"\n\t\t\t\t\tclass=\"text-and-media-block__button\"\n\t\t\t\t\t\t\t\t\t>\n\t\t\t\t\tDownload\t\t\t\t<\/a>\n\t\t\t\n\t\t\t\t\t\t<\/div>\n\t\t<\/div>\n\t\t\t\t    <div class=\"text-and-media-block__col\">\n\t\t\t\t<div class=\"text-and-media-block__image\">\n\t\t\t\t\t<img decoding=\"async\" src=\"https:\/\/idi.no\/wp-content\/uploads\/2025\/10\/silhouettes-people-global-network-connection-background-3d-rendering-scaled-e1761601089626.jpg\" alt=\"\">\n\t\t\t\t<\/div>\n\t\t\t<\/div>\n\t\t\t\t<\/div>\n<\/div>\n\n<div  class=\"text-and-media-block  block-image-align--right block-background-color--white with-circles\" >\n\t<div class=\"text-and-media-block__container container\">\n\t\t<div class=\"text-and-media-block__col\">\n\n\t\t\t\t\t\t\t\t\t\t\t\t\t<h2 class=\"text-and-media-block__title\">\n\t\t\t\t\tConsultant en strat\u00e9gie informatique\t\t\t\t<\/h2>\n\t\t\t\t\t\t\t\t\t\t<div class=\"text-and-media-block__subtitle\">\n\t\t\t\t\tL&#039;Initiative de d\u00e9veloppement de l&#039;INTOSAI (IDI), Oslo, Norv\u00e8ge, invite les consultants en informatique \u00e0 soumettre des offres pour \u00e9valuer l&#039;infrastructure informatique actuelle de l&#039;IDI, ses politiques, ses processus et ses capacit\u00e9s.\t\t\t\t<\/div>\n\t\t\t\t\t\t\t\t\t\t<div class=\"text-and-media-block__description\">\n\t\t\t\t\t<p>L&rsquo;objectif est de d\u00e9velopper une strat\u00e9gie informatique qui s&rsquo;aligne sur le Plan strat\u00e9gique de l&rsquo;IDI 2024-2029, les objectifs de l&rsquo;organisation, am\u00e9liore l&rsquo;efficacit\u00e9 op\u00e9rationnelle actuelle et maximise l&rsquo;impact positif de l&rsquo;IDI sur la soci\u00e9t\u00e9. Les offres doivent parvenir \u00e0 l&rsquo;IDI par voie \u00e9lectronique avant 17h00 (heure d&rsquo;Oslo) le vendredi 11 octobre 2024. Les offres doivent \u00eatre soumises \u00e0 <a href=\"mailto:idi@idi.no\">idi@idi.no<\/a>  <\/p>\n<p>&nbsp;<\/p>\n<p><strong>Prolongation du d\u00e9lai jusqu&rsquo;au 11 octobre 2024<\/strong><\/p>\n\t\t\t\t<\/div>\n\t\t\t\n\t\t\t<div class=\"text-and-media-block__button-list\">\n\t\t\t\t\t\t\t\t\t\t\t<a \thref=\"#\"\n\t\t\t\t\tclass=\"text-and-media-block__button\"\n\t\t\t\t\t\t\t\t\t>\n\t\t\t\t\tDownload\t\t\t\t<\/a>\n\t\t\t\n\t\t\t\t\t\t<\/div>\n\t\t<\/div>\n\t\t\t\t    <div class=\"text-and-media-block__col\">\n\t\t\t\t<div class=\"text-and-media-block__image\">\n\t\t\t\t\t<img decoding=\"async\" src=\"https:\/\/idi.no\/wp-content\/uploads\/2025\/10\/woman-waiting-playing-her-phone-scaled.jpg\" alt=\"\">\n\t\t\t\t<\/div>\n\t\t\t<\/div>\n\t\t\t\t<\/div>\n<\/div>\n","protected":false},"excerpt":{"rendered":"","protected":false},"author":1,"featured_media":0,"parent":13502,"menu_order":0,"comment_status":"closed","ping_status":"closed","template":"","meta":{"_acf_changed":false,"footnotes":""},"class_list":["post-13693","page","type-page","status-publish","hentry"],"acf":[],"yoast_head":"<!-- This site is optimized with the Yoast SEO plugin v27.4 - https:\/\/yoast.com\/product\/yoast-seo-wordpress\/ -->\n<title>Appels d\u2019offres et propositions - IDI<\/title>\n<meta name=\"robots\" content=\"index, follow, max-snippet:-1, max-image-preview:large, max-video-preview:-1\" \/>\n<link rel=\"canonical\" href=\"https:\/\/idi.no\/fr\/get-involved\/tenders-calls-for-proposals\/\" \/>\n<meta property=\"og:locale\" content=\"fr_FR\" \/>\n<meta property=\"og:type\" content=\"article\" \/>\n<meta property=\"og:title\" content=\"Appels d\u2019offres et propositions - IDI\" \/>\n<meta property=\"og:url\" content=\"https:\/\/idi.no\/fr\/get-involved\/tenders-calls-for-proposals\/\" \/>\n<meta property=\"og:site_name\" content=\"IDI\" \/>\n<meta property=\"article:modified_time\" content=\"2025-11-12T22:37:46+00:00\" \/>\n<meta name=\"twitter:card\" content=\"summary_large_image\" \/>\n<script type=\"application\/ld+json\" class=\"yoast-schema-graph\">{\"@context\":\"https:\\\/\\\/schema.org\",\"@graph\":[{\"@type\":\"WebPage\",\"@id\":\"https:\\\/\\\/idi.no\\\/fr\\\/get-involved\\\/tenders-calls-for-proposals\\\/\",\"url\":\"https:\\\/\\\/idi.no\\\/fr\\\/get-involved\\\/tenders-calls-for-proposals\\\/\",\"name\":\"Appels d\u2019offres et propositions - IDI\",\"isPartOf\":{\"@id\":\"https:\\\/\\\/idi.no\\\/fr\\\/#website\"},\"datePublished\":\"2025-06-10T20:03:16+00:00\",\"dateModified\":\"2025-11-12T22:37:46+00:00\",\"breadcrumb\":{\"@id\":\"https:\\\/\\\/idi.no\\\/fr\\\/get-involved\\\/tenders-calls-for-proposals\\\/#breadcrumb\"},\"inLanguage\":\"fr-FR\",\"potentialAction\":[{\"@type\":\"ReadAction\",\"target\":[\"https:\\\/\\\/idi.no\\\/fr\\\/get-involved\\\/tenders-calls-for-proposals\\\/\"]}]},{\"@type\":\"BreadcrumbList\",\"@id\":\"https:\\\/\\\/idi.no\\\/fr\\\/get-involved\\\/tenders-calls-for-proposals\\\/#breadcrumb\",\"itemListElement\":[{\"@type\":\"ListItem\",\"position\":1,\"name\":\"Home\",\"item\":\"https:\\\/\\\/idi.no\\\/fr\\\/\"},{\"@type\":\"ListItem\",\"position\":2,\"name\":\"Appels d\u2019offres et propositions\"}]},{\"@type\":\"WebSite\",\"@id\":\"https:\\\/\\\/idi.no\\\/fr\\\/#website\",\"url\":\"https:\\\/\\\/idi.no\\\/fr\\\/\",\"name\":\"IDI\",\"description\":\"\",\"potentialAction\":[{\"@type\":\"SearchAction\",\"target\":{\"@type\":\"EntryPoint\",\"urlTemplate\":\"https:\\\/\\\/idi.no\\\/fr\\\/?s={search_term_string}\"},\"query-input\":{\"@type\":\"PropertyValueSpecification\",\"valueRequired\":true,\"valueName\":\"search_term_string\"}}],\"inLanguage\":\"fr-FR\"}]}<\/script>\n<!-- \/ Yoast SEO plugin. -->","yoast_head_json":{"title":"Appels d\u2019offres et propositions - IDI","robots":{"index":"index","follow":"follow","max-snippet":"max-snippet:-1","max-image-preview":"max-image-preview:large","max-video-preview":"max-video-preview:-1"},"canonical":"https:\/\/idi.no\/fr\/get-involved\/tenders-calls-for-proposals\/","og_locale":"fr_FR","og_type":"article","og_title":"Appels d\u2019offres et propositions - IDI","og_url":"https:\/\/idi.no\/fr\/get-involved\/tenders-calls-for-proposals\/","og_site_name":"IDI","article_modified_time":"2025-11-12T22:37:46+00:00","twitter_card":"summary_large_image","schema":{"@context":"https:\/\/schema.org","@graph":[{"@type":"WebPage","@id":"https:\/\/idi.no\/fr\/get-involved\/tenders-calls-for-proposals\/","url":"https:\/\/idi.no\/fr\/get-involved\/tenders-calls-for-proposals\/","name":"Appels d\u2019offres et propositions - IDI","isPartOf":{"@id":"https:\/\/idi.no\/fr\/#website"},"datePublished":"2025-06-10T20:03:16+00:00","dateModified":"2025-11-12T22:37:46+00:00","breadcrumb":{"@id":"https:\/\/idi.no\/fr\/get-involved\/tenders-calls-for-proposals\/#breadcrumb"},"inLanguage":"fr-FR","potentialAction":[{"@type":"ReadAction","target":["https:\/\/idi.no\/fr\/get-involved\/tenders-calls-for-proposals\/"]}]},{"@type":"BreadcrumbList","@id":"https:\/\/idi.no\/fr\/get-involved\/tenders-calls-for-proposals\/#breadcrumb","itemListElement":[{"@type":"ListItem","position":1,"name":"Home","item":"https:\/\/idi.no\/fr\/"},{"@type":"ListItem","position":2,"name":"Appels d\u2019offres et propositions"}]},{"@type":"WebSite","@id":"https:\/\/idi.no\/fr\/#website","url":"https:\/\/idi.no\/fr\/","name":"IDI","description":"","potentialAction":[{"@type":"SearchAction","target":{"@type":"EntryPoint","urlTemplate":"https:\/\/idi.no\/fr\/?s={search_term_string}"},"query-input":{"@type":"PropertyValueSpecification","valueRequired":true,"valueName":"search_term_string"}}],"inLanguage":"fr-FR"}]}},"_links":{"self":[{"href":"https:\/\/idi.no\/fr\/wp-json\/wp\/v2\/pages\/13693","targetHints":{"allow":["GET"]}}],"collection":[{"href":"https:\/\/idi.no\/fr\/wp-json\/wp\/v2\/pages"}],"about":[{"href":"https:\/\/idi.no\/fr\/wp-json\/wp\/v2\/types\/page"}],"author":[{"embeddable":true,"href":"https:\/\/idi.no\/fr\/wp-json\/wp\/v2\/users\/1"}],"replies":[{"embeddable":true,"href":"https:\/\/idi.no\/fr\/wp-json\/wp\/v2\/comments?post=13693"}],"version-history":[{"count":5,"href":"https:\/\/idi.no\/fr\/wp-json\/wp\/v2\/pages\/13693\/revisions"}],"predecessor-version":[{"id":27692,"href":"https:\/\/idi.no\/fr\/wp-json\/wp\/v2\/pages\/13693\/revisions\/27692"}],"up":[{"embeddable":true,"href":"https:\/\/idi.no\/fr\/wp-json\/wp\/v2\/pages\/13502"}],"wp:attachment":[{"href":"https:\/\/idi.no\/fr\/wp-json\/wp\/v2\/media?parent=13693"}],"curies":[{"name":"wp","href":"https:\/\/api.w.org\/{rel}","templated":true}]}}