{"id":21631,"date":"2025-10-20T12:38:01","date_gmt":"2025-10-20T12:38:01","guid":{"rendered":"https:\/\/idi.no\/?page_id=21631"},"modified":"2025-11-12T22:32:37","modified_gmt":"2025-11-12T22:32:37","slug":"contribuer","status":"publish","type":"page","link":"https:\/\/idi.no\/fr\/get-involved\/contribuer\/","title":{"rendered":"Contribuer &#8211; partenaire de d\u00e9veloppement"},"content":{"rendered":"\n<div  class=\"image hero-block \" >\n\t<div class=\"image hero-block__container container\">\n\t\t<div class=\"image hero-block__content\">\n\t\t\t\t\t\t\t<div class=\"image hero-block__breadcrumbs breadcrumbs\">\n\t\t\t\t\t<span><span><a href=\"https:\/\/idi.no\/fr\/\">Home<\/a><\/span><\/span>\t\t\t\t<\/div>\n\t\t\t\t\t\t\t\t\t\t<h1 class=\"image hero-block__title\">\n\t\t\t\t\tContribuer &#8211; partenaire de d\u00e9veloppement\t\t\t\t<\/h1>\n\t\t\t\t\t\t\t\t\t\t\t\t\t<div class=\"image hero-block__description\">\n\t\t\t\t\tPr\u00eat \u00e0 faire la diff\u00e9rence avec nous ? L&rsquo;IDI offre des opportunit\u00e9s uniques aux partenaires qui souhaitent s&rsquo;impliquer. \t\t\t\t<\/div>\n\t\t\t\n\t\t<\/div>\n\t\t\t\t\t<div class=\"image hero-block__image\">\n\t\t\t\t<img decoding=\"async\" src=\"https:\/\/idi.no\/wp-content\/uploads\/2025\/10\/staff-sitting-office-desk-using-laptop-listening-colleague-scaled-e1761623233905.jpg\" alt=\"\">\n\t\t\t<\/div>\n\t\t\t<\/div>\n<\/div>\n\n<div  class=\"text-and-media-block  block-image-align--right block-background-color--white with-circles\" >\n\t<div class=\"text-and-media-block__container container\">\n\t\t<div class=\"text-and-media-block__col\">\n\n\t\t\t\t\t\t\t\t\t\t\t\t\t<h2 class=\"text-and-media-block__title\">\n\t\t\t\t\tPartenaire de d\u00e9veloppement\t\t\t\t<\/h2>\n\t\t\t\t\t\t\t\t\t\t<div class=\"text-and-media-block__subtitle\">\n\t\t\t\t\tL&#039;IDI s&#039;appuie sur ses partenaires de d\u00e9veloppement pour obtenir des r\u00e9sultats significatifs. D\u00e9couvrez comment vous pouvez nous aider. \t\t\t\t<\/div>\n\t\t\t\t\t\t\t\t\t\t<div class=\"text-and-media-block__description\">\n\t\t\t\t\t<p>Le soutien aux Institutions Sup\u00e9rieures de Contr\u00f4le (ISC) est crucial pour promouvoir la bonne gouvernance, la transparence et le contr\u00f4le de la gestion des finances publiques. Lorsque les audits du secteur public produisent des r\u00e9sultats percutants, libres de toute ing\u00e9rence politique, nous pouvons \u00e9galement constater une augmentation de la confiance du public envers les institutions. Avec des ISC ind\u00e9pendantes, les b\u00e9n\u00e9fices s&rsquo;\u00e9tendent encore plus loin : de nouvelles opportunit\u00e9s peuvent \u00e9merger, de nouveaux partenariats peuvent \u00eatre forg\u00e9s, et le soutien au d\u00e9veloppement est susceptible d&rsquo;\u00eatre maintenu sur le long terme.  <\/p>\n<p>L&rsquo;IDI croit en la capacit\u00e9 des ISC \u00e0 renforcer la confiance du public envers le gouvernement et les institutions. Notre approche est adapt\u00e9e aux besoins de chaque ISC et comprend le soutien par les pairs, les conseils d&rsquo;experts et 40 ans d&rsquo;exp\u00e9rience et de d\u00e9veloppement de r\u00e9seaux. Nos r\u00e9sultats ont prouv\u00e9 leur efficacit\u00e9, et nous invitons les partenaires de d\u00e9veloppement \u00e0 explorer davantage notre travail \u00e0 travers notre <a href=\"https:\/\/idi.no\/resource\/2152-idi-annual-report-2024\/\">Rapport Annuel<\/a>.  <\/p>\n\t\t\t\t<\/div>\n\t\t\t\n\t\t\t<div class=\"text-and-media-block__button-list\">\n\t\t\t\t\t\t\t\t\t\t\t<a \thref=\"mailto:idi@idi.no\"\n\t\t\t\t\tclass=\"text-and-media-block__button\"\n\t\t\t\t\t target=\"_blank\" rel=\"noopener noreferrer\"\t\t\t\t>\n\t\t\t\t\tCONTACT US\t\t\t\t<\/a>\n\t\t\t\n\t\t\t\t\t\t<\/div>\n\t\t<\/div>\n\t\t\t\t    <div class=\"text-and-media-block__col\">\n\t\t\t\t<div class=\"text-and-media-block__image\">\n\t\t\t\t\t<img decoding=\"async\" src=\"https:\/\/idi.no\/wp-content\/uploads\/2025\/10\/SCR-20251028-axl.png\" alt=\"\">\n\t\t\t\t<\/div>\n\t\t\t<\/div>\n\t\t\t\t<\/div>\n<\/div>\n","protected":false},"excerpt":{"rendered":"","protected":false},"author":3,"featured_media":0,"parent":13502,"menu_order":0,"comment_status":"closed","ping_status":"closed","template":"","meta":{"footnotes":""},"class_list":["post-21631","page","type-page","status-publish","hentry"],"acf":[],"yoast_head":"<!-- This site is optimized with the Yoast SEO plugin v25.3 - https:\/\/yoast.com\/wordpress\/plugins\/seo\/ -->\n<title>Contribuer - partenaire de d\u00e9veloppement - IDI<\/title>\n<meta name=\"robots\" content=\"index, follow, max-snippet:-1, max-image-preview:large, max-video-preview:-1\" \/>\n<link rel=\"canonical\" href=\"https:\/\/idi.no\/fr\/get-involved\/contribuer\/\" \/>\n<meta property=\"og:locale\" content=\"fr_FR\" \/>\n<meta property=\"og:type\" content=\"article\" \/>\n<meta property=\"og:title\" content=\"Contribuer - partenaire de d\u00e9veloppement - IDI\" \/>\n<meta property=\"og:url\" content=\"https:\/\/idi.no\/fr\/get-involved\/contribuer\/\" \/>\n<meta property=\"og:site_name\" content=\"IDI\" \/>\n<meta property=\"article:modified_time\" content=\"2025-11-12T22:32:37+00:00\" \/>\n<meta name=\"twitter:card\" content=\"summary_large_image\" \/>\n<script type=\"application\/ld+json\" class=\"yoast-schema-graph\">{\"@context\":\"https:\/\/schema.org\",\"@graph\":[{\"@type\":\"WebPage\",\"@id\":\"https:\/\/idi.no\/fr\/get-involved\/contribuer\/\",\"url\":\"https:\/\/idi.no\/fr\/get-involved\/contribuer\/\",\"name\":\"Contribuer - partenaire de d\u00e9veloppement - IDI\",\"isPartOf\":{\"@id\":\"https:\/\/idi.no\/fr\/#website\"},\"datePublished\":\"2025-10-20T12:38:01+00:00\",\"dateModified\":\"2025-11-12T22:32:37+00:00\",\"breadcrumb\":{\"@id\":\"https:\/\/idi.no\/fr\/get-involved\/contribuer\/#breadcrumb\"},\"inLanguage\":\"fr-FR\",\"potentialAction\":[{\"@type\":\"ReadAction\",\"target\":[\"https:\/\/idi.no\/fr\/get-involved\/contribuer\/\"]}]},{\"@type\":\"BreadcrumbList\",\"@id\":\"https:\/\/idi.no\/fr\/get-involved\/contribuer\/#breadcrumb\",\"itemListElement\":[{\"@type\":\"ListItem\",\"position\":1,\"name\":\"Home\",\"item\":\"https:\/\/idi.no\/fr\/\"},{\"@type\":\"ListItem\",\"position\":2,\"name\":\"Opportunit\u00e9s d\u2019engagement\",\"item\":\"https:\/\/idi.no\/fr\/get-involved\/\"},{\"@type\":\"ListItem\",\"position\":3,\"name\":\"Contribuer &#8211; partenaire de d\u00e9veloppement\"}]},{\"@type\":\"WebSite\",\"@id\":\"https:\/\/idi.no\/fr\/#website\",\"url\":\"https:\/\/idi.no\/fr\/\",\"name\":\"IDI\",\"description\":\"\",\"potentialAction\":[{\"@type\":\"SearchAction\",\"target\":{\"@type\":\"EntryPoint\",\"urlTemplate\":\"https:\/\/idi.no\/fr\/?s={search_term_string}\"},\"query-input\":{\"@type\":\"PropertyValueSpecification\",\"valueRequired\":true,\"valueName\":\"search_term_string\"}}],\"inLanguage\":\"fr-FR\"}]}<\/script>\n<!-- \/ Yoast SEO plugin. -->","yoast_head_json":{"title":"Contribuer - partenaire de d\u00e9veloppement - IDI","robots":{"index":"index","follow":"follow","max-snippet":"max-snippet:-1","max-image-preview":"max-image-preview:large","max-video-preview":"max-video-preview:-1"},"canonical":"https:\/\/idi.no\/fr\/get-involved\/contribuer\/","og_locale":"fr_FR","og_type":"article","og_title":"Contribuer - partenaire de d\u00e9veloppement - IDI","og_url":"https:\/\/idi.no\/fr\/get-involved\/contribuer\/","og_site_name":"IDI","article_modified_time":"2025-11-12T22:32:37+00:00","twitter_card":"summary_large_image","schema":{"@context":"https:\/\/schema.org","@graph":[{"@type":"WebPage","@id":"https:\/\/idi.no\/fr\/get-involved\/contribuer\/","url":"https:\/\/idi.no\/fr\/get-involved\/contribuer\/","name":"Contribuer - partenaire de d\u00e9veloppement - IDI","isPartOf":{"@id":"https:\/\/idi.no\/fr\/#website"},"datePublished":"2025-10-20T12:38:01+00:00","dateModified":"2025-11-12T22:32:37+00:00","breadcrumb":{"@id":"https:\/\/idi.no\/fr\/get-involved\/contribuer\/#breadcrumb"},"inLanguage":"fr-FR","potentialAction":[{"@type":"ReadAction","target":["https:\/\/idi.no\/fr\/get-involved\/contribuer\/"]}]},{"@type":"BreadcrumbList","@id":"https:\/\/idi.no\/fr\/get-involved\/contribuer\/#breadcrumb","itemListElement":[{"@type":"ListItem","position":1,"name":"Home","item":"https:\/\/idi.no\/fr\/"},{"@type":"ListItem","position":2,"name":"Opportunit\u00e9s d\u2019engagement","item":"https:\/\/idi.no\/fr\/get-involved\/"},{"@type":"ListItem","position":3,"name":"Contribuer &#8211; partenaire de d\u00e9veloppement"}]},{"@type":"WebSite","@id":"https:\/\/idi.no\/fr\/#website","url":"https:\/\/idi.no\/fr\/","name":"IDI","description":"","potentialAction":[{"@type":"SearchAction","target":{"@type":"EntryPoint","urlTemplate":"https:\/\/idi.no\/fr\/?s={search_term_string}"},"query-input":{"@type":"PropertyValueSpecification","valueRequired":true,"valueName":"search_term_string"}}],"inLanguage":"fr-FR"}]}},"_links":{"self":[{"href":"https:\/\/idi.no\/fr\/wp-json\/wp\/v2\/pages\/21631","targetHints":{"allow":["GET"]}}],"collection":[{"href":"https:\/\/idi.no\/fr\/wp-json\/wp\/v2\/pages"}],"about":[{"href":"https:\/\/idi.no\/fr\/wp-json\/wp\/v2\/types\/page"}],"author":[{"embeddable":true,"href":"https:\/\/idi.no\/fr\/wp-json\/wp\/v2\/users\/3"}],"replies":[{"embeddable":true,"href":"https:\/\/idi.no\/fr\/wp-json\/wp\/v2\/comments?post=21631"}],"version-history":[{"count":3,"href":"https:\/\/idi.no\/fr\/wp-json\/wp\/v2\/pages\/21631\/revisions"}],"predecessor-version":[{"id":27330,"href":"https:\/\/idi.no\/fr\/wp-json\/wp\/v2\/pages\/21631\/revisions\/27330"}],"up":[{"embeddable":true,"href":"https:\/\/idi.no\/fr\/wp-json\/wp\/v2\/pages\/13502"}],"wp:attachment":[{"href":"https:\/\/idi.no\/fr\/wp-json\/wp\/v2\/media?parent=21631"}],"curies":[{"name":"wp","href":"https:\/\/api.w.org\/{rel}","templated":true}]}}